{"id":1088808,"date":"2026-01-31T05:04:29","date_gmt":"2026-01-31T04:04:29","guid":{"rendered":"https:\/\/hubsch-interior.com\/product\/product\/"},"modified":"2026-04-05T05:13:56","modified_gmt":"2026-04-05T03:13:56","slug":"taten-lampe-portative-laiton-bruni","status":"publish","type":"product","link":"https:\/\/hubsch-interior.com\/fr\/produit\/taten-lampe-portative-laiton-bruni\/","title":{"rendered":"Taten Lampe portative Laiton Bruni"},"content":{"rendered":"<p>Permettez aux soir\u00e9es d&#8217;\u00e9t\u00e9 de se prolonger un peu plus. La Lampe Portative Taten en laiton bruni projette une lumi\u00e8re chaude et dor\u00e9e \u2014 suffisamment douce pour cr\u00e9er une ambiance sans monopoliser l&#8217;attention. Avec sa silhouette \u00e9lanc\u00e9e et son faible encombrement, elle se place discr\u00e8tement sur votre table, laissant de l&#8217;espace pour la conversation et la s\u00e9r\u00e9nit\u00e9. Que ce soit \u00e0 l&#8217;int\u00e9rieur ou \u00e0 l&#8217;ext\u00e9rieur, cette merveille sans fil apporte une \u00e9l\u00e9gance subtile \u00e0 chaque environnement. Laissez-la vous accompagner du cr\u00e9puscule au d\u00eener, transformant les soir\u00e9es ordinaires en souvenirs dor\u00e9s.<\/p>\n","protected":false},"excerpt":{"rendered":"<p>Permettez aux soir\u00e9es d&#8217;\u00e9t\u00e9 de se prolonger un peu plus. La Lampe Portative Taten en laiton bruni projette une lumi\u00e8re chaude et dor\u00e9e \u2014 suffisamment douce pour cr\u00e9er une ambiance sans monopoliser l&#8217;attention. Avec sa silhouette \u00e9lanc\u00e9e et son faible encombrement, elle se place discr\u00e8tement sur votre table, laissant de l&#8217;espace pour la conversation et [&hellip;]<\/p>\n","protected":false},"featured_media":1108499,"template":"","meta":{"_acf_changed":false,"inline_featured_image":false},"product_brand":[],"product_cat":[7154,6962,3810,5046],"product_tag":[],"class_list":{"0":"post-1088808","1":"product","2":"type-product","3":"status-publish","4":"has-post-thumbnail","6":"product_cat-dweller-fr","7":"product_cat-lampes-portatives-fr","8":"product_cat-luminaires","9":"product_cat-nouveautes-fr","10":"product_shipping_class-pk","12":"pa_color-laiton-bruni","13":"pa_material-fer-fr","14":"pa_material-polycarbonate-2","16":"first","17":"instock","18":"taxable","19":"shipping-taxable","20":"purchasable","21":"product-type-simple"},"exclude_global_add_ons":[],"addons":[],"acf":[],"yoast_head":"<!-- This site is optimized with the Yoast SEO plugin v26.4 - https:\/\/yoast.com\/wordpress\/plugins\/seo\/ -->\n<title>Taten Lampe portative Laiton Bruni - H\u00fcbsch<\/title>\n<meta name=\"description\" content=\"Permettez aux soir\u00e9es d&#039;\u00e9t\u00e9 de se prolonger un peu plus. La Lampe Portative Taten en laiton bruni projette une lumi\u00e8re chaude et dor\u00e9e \u2014 suffisamment\" \/>\n<meta name=\"robots\" content=\"index, follow, max-snippet:-1, max-image-preview:large, max-video-preview:-1\" \/>\n<link rel=\"canonical\" href=\"https:\/\/hubsch-interior.com\/fr\/wp-json\/wp\/v2\/product\/1088808\" \/>\n<meta property=\"og:locale\" content=\"fr_FR\" \/>\n<meta property=\"og:type\" content=\"article\" \/>\n<meta property=\"og:title\" content=\"Taten Lampe portative Laiton Bruni - H\u00fcbsch\" \/>\n<meta property=\"og:description\" content=\"Permettez aux soir\u00e9es d&#039;\u00e9t\u00e9 de se prolonger un peu plus. La Lampe Portative Taten en laiton bruni projette une lumi\u00e8re chaude et dor\u00e9e \u2014 suffisamment\" \/>\n<meta property=\"og:url\" content=\"https:\/\/hubsch-interior.com\/fr\/produit\/taten-lampe-portative-laiton-bruni\/\" \/>\n<meta property=\"og:site_name\" content=\"H\u00fcbsch\" \/>\n<meta property=\"article:modified_time\" content=\"2026-04-05T03:13:56+00:00\" \/>\n<meta property=\"og:image\" content=\"https:\/\/hubsch-interior.com\/wp-content\/uploads\/2026\/01\/taten-portable-lamp-burnished-brass-d894eae28957849257dcc7504746984f.jpg\" \/>\n\t<meta property=\"og:image:width\" content=\"1200\" \/>\n\t<meta property=\"og:image:height\" content=\"1200\" \/>\n\t<meta property=\"og:image:type\" content=\"image\/jpeg\" \/>\n<meta name=\"twitter:card\" content=\"summary_large_image\" \/>\n<meta name=\"twitter:label1\" content=\"Dur\u00e9e de lecture estim\u00e9e\" \/>\n\t<meta name=\"twitter:data1\" content=\"1 minute\" \/>\n<script type=\"application\/ld+json\" class=\"yoast-schema-graph\">{\"@context\":\"https:\/\/schema.org\",\"@graph\":[{\"@type\":\"WebPage\",\"@id\":\"https:\/\/hubsch-interior.com\/fr\/produit\/taten-lampe-portative-laiton-bruni\/\",\"url\":\"https:\/\/hubsch-interior.com\/fr\/produit\/taten-lampe-portative-laiton-bruni\/\",\"name\":\"Taten Lampe portative Laiton Bruni - H\u00fcbsch\",\"isPartOf\":{\"@id\":\"https:\/\/hubsch-interior.com\/fr\/#website\"},\"primaryImageOfPage\":{\"@id\":\"https:\/\/hubsch-interior.com\/fr\/produit\/taten-lampe-portative-laiton-bruni\/#primaryimage\"},\"image\":{\"@id\":\"https:\/\/hubsch-interior.com\/fr\/produit\/taten-lampe-portative-laiton-bruni\/#primaryimage\"},\"thumbnailUrl\":\"https:\/\/hubsch-interior.com\/wp-content\/uploads\/2026\/02\/taten-portable-lamp-burnished-brass-44787716cab89980c74c1b6a6a119bb8.jpg\",\"datePublished\":\"2026-01-31T04:04:29+00:00\",\"dateModified\":\"2026-04-05T03:13:56+00:00\",\"description\":\"Permettez aux soir\u00e9es d'\u00e9t\u00e9 de se prolonger un peu plus. La Lampe Portative Taten en laiton bruni projette une lumi\u00e8re chaude et dor\u00e9e \u2014 suffisamment\",\"breadcrumb\":{\"@id\":\"https:\/\/hubsch-interior.com\/fr\/produit\/taten-lampe-portative-laiton-bruni\/#breadcrumb\"},\"inLanguage\":\"fr-FR\",\"potentialAction\":[{\"@type\":\"ReadAction\",\"target\":[\"https:\/\/hubsch-interior.com\/fr\/produit\/taten-lampe-portative-laiton-bruni\/\"]}]},{\"@type\":\"ImageObject\",\"inLanguage\":\"fr-FR\",\"@id\":\"https:\/\/hubsch-interior.com\/fr\/produit\/taten-lampe-portative-laiton-bruni\/#primaryimage\",\"url\":\"https:\/\/hubsch-interior.com\/wp-content\/uploads\/2026\/02\/taten-portable-lamp-burnished-brass-44787716cab89980c74c1b6a6a119bb8.jpg\",\"contentUrl\":\"https:\/\/hubsch-interior.com\/wp-content\/uploads\/2026\/02\/taten-portable-lamp-burnished-brass-44787716cab89980c74c1b6a6a119bb8.jpg\",\"width\":1024,\"height\":1024},{\"@type\":\"BreadcrumbList\",\"@id\":\"https:\/\/hubsch-interior.com\/fr\/produit\/taten-lampe-portative-laiton-bruni\/#breadcrumb\",\"itemListElement\":[{\"@type\":\"ListItem\",\"position\":1,\"name\":\"Page d'accueil\",\"item\":\"https:\/\/hubsch-interior.com\/fr\/\"},{\"@type\":\"ListItem\",\"position\":2,\"name\":\"Produits\",\"item\":\"https:\/\/hubsch-interior.com\/fr\/shop-2\/\"},{\"@type\":\"ListItem\",\"position\":3,\"name\":\"Taten Lampe portative Laiton Bruni\"}]},{\"@type\":\"WebSite\",\"@id\":\"https:\/\/hubsch-interior.com\/fr\/#website\",\"url\":\"https:\/\/hubsch-interior.com\/fr\/\",\"name\":\"H\u00fcbsch\",\"description\":\"Danish Home Interior and Design\",\"publisher\":{\"@id\":\"https:\/\/hubsch-interior.com\/fr\/#organization\"},\"potentialAction\":[{\"@type\":\"SearchAction\",\"target\":{\"@type\":\"EntryPoint\",\"urlTemplate\":\"https:\/\/hubsch-interior.com\/fr\/?s={search_term_string}\"},\"query-input\":{\"@type\":\"PropertyValueSpecification\",\"valueRequired\":true,\"valueName\":\"search_term_string\"}}],\"inLanguage\":\"fr-FR\"},{\"@type\":\"Organization\",\"@id\":\"https:\/\/hubsch-interior.com\/fr\/#organization\",\"name\":\"H\u00fcbsch\",\"url\":\"https:\/\/hubsch-interior.com\/fr\/\",\"logo\":{\"@type\":\"ImageObject\",\"inLanguage\":\"fr-FR\",\"@id\":\"https:\/\/hubsch-interior.com\/fr\/#\/schema\/logo\/image\/\",\"url\":\"https:\/\/hubsch-interior.com\/wp-content\/uploads\/2022\/12\/Hubsch_logo_black_one_line.svg\",\"contentUrl\":\"https:\/\/hubsch-interior.com\/wp-content\/uploads\/2022\/12\/Hubsch_logo_black_one_line.svg\",\"caption\":\"H\u00fcbsch\"},\"image\":{\"@id\":\"https:\/\/hubsch-interior.com\/fr\/#\/schema\/logo\/image\/\"}}]}<\/script>\n<!-- \/ Yoast SEO plugin. -->","yoast_head_json":{"title":"Taten Lampe portative Laiton Bruni - H\u00fcbsch","description":"Permettez aux soir\u00e9es d'\u00e9t\u00e9 de se prolonger un peu plus. La Lampe Portative Taten en laiton bruni projette une lumi\u00e8re chaude et dor\u00e9e \u2014 suffisamment","robots":{"index":"index","follow":"follow","max-snippet":"max-snippet:-1","max-image-preview":"max-image-preview:large","max-video-preview":"max-video-preview:-1"},"canonical":"https:\/\/hubsch-interior.com\/fr\/wp-json\/wp\/v2\/product\/1088808","og_locale":"fr_FR","og_type":"article","og_title":"Taten Lampe portative Laiton Bruni - H\u00fcbsch","og_description":"Permettez aux soir\u00e9es d'\u00e9t\u00e9 de se prolonger un peu plus. La Lampe Portative Taten en laiton bruni projette une lumi\u00e8re chaude et dor\u00e9e \u2014 suffisamment","og_url":"https:\/\/hubsch-interior.com\/fr\/produit\/taten-lampe-portative-laiton-bruni\/","og_site_name":"H\u00fcbsch","article_modified_time":"2026-04-05T03:13:56+00:00","og_image":[{"width":1200,"height":1200,"url":"https:\/\/hubsch-interior.com\/wp-content\/uploads\/2026\/01\/taten-portable-lamp-burnished-brass-d894eae28957849257dcc7504746984f.jpg","type":"image\/jpeg"}],"twitter_card":"summary_large_image","twitter_misc":{"Dur\u00e9e de lecture estim\u00e9e":"1 minute"},"schema":{"@context":"https:\/\/schema.org","@graph":[{"@type":"WebPage","@id":"https:\/\/hubsch-interior.com\/fr\/produit\/taten-lampe-portative-laiton-bruni\/","url":"https:\/\/hubsch-interior.com\/fr\/produit\/taten-lampe-portative-laiton-bruni\/","name":"Taten Lampe portative Laiton Bruni - H\u00fcbsch","isPartOf":{"@id":"https:\/\/hubsch-interior.com\/fr\/#website"},"primaryImageOfPage":{"@id":"https:\/\/hubsch-interior.com\/fr\/produit\/taten-lampe-portative-laiton-bruni\/#primaryimage"},"image":{"@id":"https:\/\/hubsch-interior.com\/fr\/produit\/taten-lampe-portative-laiton-bruni\/#primaryimage"},"thumbnailUrl":"https:\/\/hubsch-interior.com\/wp-content\/uploads\/2026\/02\/taten-portable-lamp-burnished-brass-44787716cab89980c74c1b6a6a119bb8.jpg","datePublished":"2026-01-31T04:04:29+00:00","dateModified":"2026-04-05T03:13:56+00:00","description":"Permettez aux soir\u00e9es d'\u00e9t\u00e9 de se prolonger un peu plus. La Lampe Portative Taten en laiton bruni projette une lumi\u00e8re chaude et dor\u00e9e \u2014 suffisamment","breadcrumb":{"@id":"https:\/\/hubsch-interior.com\/fr\/produit\/taten-lampe-portative-laiton-bruni\/#breadcrumb"},"inLanguage":"fr-FR","potentialAction":[{"@type":"ReadAction","target":["https:\/\/hubsch-interior.com\/fr\/produit\/taten-lampe-portative-laiton-bruni\/"]}]},{"@type":"ImageObject","inLanguage":"fr-FR","@id":"https:\/\/hubsch-interior.com\/fr\/produit\/taten-lampe-portative-laiton-bruni\/#primaryimage","url":"https:\/\/hubsch-interior.com\/wp-content\/uploads\/2026\/02\/taten-portable-lamp-burnished-brass-44787716cab89980c74c1b6a6a119bb8.jpg","contentUrl":"https:\/\/hubsch-interior.com\/wp-content\/uploads\/2026\/02\/taten-portable-lamp-burnished-brass-44787716cab89980c74c1b6a6a119bb8.jpg","width":1024,"height":1024},{"@type":"BreadcrumbList","@id":"https:\/\/hubsch-interior.com\/fr\/produit\/taten-lampe-portative-laiton-bruni\/#breadcrumb","itemListElement":[{"@type":"ListItem","position":1,"name":"Page d'accueil","item":"https:\/\/hubsch-interior.com\/fr\/"},{"@type":"ListItem","position":2,"name":"Produits","item":"https:\/\/hubsch-interior.com\/fr\/shop-2\/"},{"@type":"ListItem","position":3,"name":"Taten Lampe portative Laiton Bruni"}]},{"@type":"WebSite","@id":"https:\/\/hubsch-interior.com\/fr\/#website","url":"https:\/\/hubsch-interior.com\/fr\/","name":"H\u00fcbsch","description":"Danish Home Interior and Design","publisher":{"@id":"https:\/\/hubsch-interior.com\/fr\/#organization"},"potentialAction":[{"@type":"SearchAction","target":{"@type":"EntryPoint","urlTemplate":"https:\/\/hubsch-interior.com\/fr\/?s={search_term_string}"},"query-input":{"@type":"PropertyValueSpecification","valueRequired":true,"valueName":"search_term_string"}}],"inLanguage":"fr-FR"},{"@type":"Organization","@id":"https:\/\/hubsch-interior.com\/fr\/#organization","name":"H\u00fcbsch","url":"https:\/\/hubsch-interior.com\/fr\/","logo":{"@type":"ImageObject","inLanguage":"fr-FR","@id":"https:\/\/hubsch-interior.com\/fr\/#\/schema\/logo\/image\/","url":"https:\/\/hubsch-interior.com\/wp-content\/uploads\/2022\/12\/Hubsch_logo_black_one_line.svg","contentUrl":"https:\/\/hubsch-interior.com\/wp-content\/uploads\/2022\/12\/Hubsch_logo_black_one_line.svg","caption":"H\u00fcbsch"},"image":{"@id":"https:\/\/hubsch-interior.com\/fr\/#\/schema\/logo\/image\/"}}]}},"_links":{"self":[{"href":"https:\/\/hubsch-interior.com\/fr\/wp-json\/wp\/v2\/product\/1088808","targetHints":{"allow":["GET"]}}],"collection":[{"href":"https:\/\/hubsch-interior.com\/fr\/wp-json\/wp\/v2\/product"}],"about":[{"href":"https:\/\/hubsch-interior.com\/fr\/wp-json\/wp\/v2\/types\/product"}],"wp:featuredmedia":[{"embeddable":true,"href":"https:\/\/hubsch-interior.com\/fr\/wp-json\/wp\/v2\/media\/1108499"}],"wp:attachment":[{"href":"https:\/\/hubsch-interior.com\/fr\/wp-json\/wp\/v2\/media?parent=1088808"}],"wp:term":[{"taxonomy":"product_brand","embeddable":true,"href":"https:\/\/hubsch-interior.com\/fr\/wp-json\/wp\/v2\/product_brand?post=1088808"},{"taxonomy":"product_cat","embeddable":true,"href":"https:\/\/hubsch-interior.com\/fr\/wp-json\/wp\/v2\/product_cat?post=1088808"},{"taxonomy":"product_tag","embeddable":true,"href":"https:\/\/hubsch-interior.com\/fr\/wp-json\/wp\/v2\/product_tag?post=1088808"}],"curies":[{"name":"wp","href":"https:\/\/api.w.org\/{rel}","templated":true}]}}