{"id":1088832,"date":"2026-01-31T05:20:59","date_gmt":"2026-01-31T04:20:59","guid":{"rendered":"https:\/\/hubsch-interior.com\/product\/product\/"},"modified":"2026-04-05T05:23:31","modified_gmt":"2026-04-05T03:23:31","slug":"maru-pots-small-bleu-marron-set-de-2","status":"publish","type":"product","link":"https:\/\/hubsch-interior.com\/fr\/produit\/maru-pots-small-bleu-marron-set-de-2\/","title":{"rendered":"Maru Pots Small Bleu\/Marron (set de 2)"},"content":{"rendered":"<p>Arrondis, brillants et pleins de charme. Le Pot Maru en bleu et marron apporte une touche d&#8217;\u00e9l\u00e9gance r\u00e9tro \u00e0 votre int\u00e9rieur avec ses tons riches et sa silhouette doucement arrondie. Le vernis haute brillance met magnifiquement en valeur les courbes, rendant ce pot tout aussi frappant seul qu&#8217;accompagn\u00e9 de votre verdure pr\u00e9f\u00e9r\u00e9e. Disponible en deux coloris d\u00e9licats, Maru ajoute une touche d\u00e9corative audacieuse \u00e0 n&#8217;importe quelle \u00e9tag\u00e8re, buffet, ou rebord de fen\u00eatre ensoleill\u00e9.<\/p>\n","protected":false},"excerpt":{"rendered":"<p>Arrondis, brillants et pleins de charme. Le Pot Maru en bleu et marron apporte une touche d&#8217;\u00e9l\u00e9gance r\u00e9tro \u00e0 votre int\u00e9rieur avec ses tons riches et sa silhouette doucement arrondie. Le vernis haute brillance met magnifiquement en valeur les courbes, rendant ce pot tout aussi frappant seul qu&#8217;accompagn\u00e9 de votre verdure pr\u00e9f\u00e9r\u00e9e. Disponible en deux [&hellip;]<\/p>\n","protected":false},"featured_media":1111324,"template":"","meta":{"_acf_changed":false,"inline_featured_image":false},"product_brand":[],"product_cat":[7154,4914,4924,5026,5046],"product_tag":[],"class_list":{"0":"post-1088832","1":"product","2":"type-product","3":"status-publish","4":"has-post-thumbnail","6":"product_cat-dweller-fr","7":"product_cat-pots-de-fleur-et-arrosior-fr","8":"product_cat-cache-pots-fr","9":"product_cat-bestsellers-fr","10":"product_cat-nouveautes-fr","11":"product_shipping_class-pk","13":"pa_color-marron","14":"pa_color-bleu-2","15":"pa_material-fer-fr","17":"first","18":"instock","19":"featured","20":"taxable","21":"shipping-taxable","22":"purchasable","23":"product-type-simple"},"exclude_global_add_ons":[],"addons":[],"acf":[],"yoast_head":"<!-- This site is optimized with the Yoast SEO plugin v26.4 - https:\/\/yoast.com\/wordpress\/plugins\/seo\/ -->\n<title>Maru Pots Small Bleu\/Marron (set de 2) - H\u00fcbsch<\/title>\n<meta name=\"description\" content=\"Arrondis, brillants et pleins de charme. Le Pot Maru en bleu et marron apporte une touche d&#039;\u00e9l\u00e9gance r\u00e9tro \u00e0 votre int\u00e9rieur avec ses tons riches et sa\" \/>\n<meta name=\"robots\" content=\"index, follow, max-snippet:-1, max-image-preview:large, max-video-preview:-1\" \/>\n<link rel=\"canonical\" href=\"https:\/\/hubsch-interior.com\/fr\/wp-json\/wp\/v2\/product\/1088832\" \/>\n<meta property=\"og:locale\" content=\"fr_FR\" \/>\n<meta property=\"og:type\" content=\"article\" \/>\n<meta property=\"og:title\" content=\"Maru Pots Small Bleu\/Marron (set de 2) - H\u00fcbsch\" \/>\n<meta property=\"og:description\" content=\"Arrondis, brillants et pleins de charme. Le Pot Maru en bleu et marron apporte une touche d&#039;\u00e9l\u00e9gance r\u00e9tro \u00e0 votre int\u00e9rieur avec ses tons riches et sa\" \/>\n<meta property=\"og:url\" content=\"https:\/\/hubsch-interior.com\/fr\/produit\/maru-pots-small-bleu-marron-set-de-2\/\" \/>\n<meta property=\"og:site_name\" content=\"H\u00fcbsch\" \/>\n<meta property=\"article:modified_time\" content=\"2026-04-05T03:23:31+00:00\" \/>\n<meta property=\"og:image\" content=\"https:\/\/hubsch-interior.com\/wp-content\/uploads\/2026\/01\/maru-pots-small-bluebrown-set-of-2-e1ddc3910a733ab0a4df2007ce10e8e8.jpg\" \/>\n\t<meta property=\"og:image:width\" content=\"1200\" \/>\n\t<meta property=\"og:image:height\" content=\"1200\" \/>\n\t<meta property=\"og:image:type\" content=\"image\/jpeg\" \/>\n<meta name=\"twitter:card\" content=\"summary_large_image\" \/>\n<script type=\"application\/ld+json\" class=\"yoast-schema-graph\">{\"@context\":\"https:\/\/schema.org\",\"@graph\":[{\"@type\":\"WebPage\",\"@id\":\"https:\/\/hubsch-interior.com\/fr\/produit\/maru-pots-small-bleu-marron-set-de-2\/\",\"url\":\"https:\/\/hubsch-interior.com\/fr\/produit\/maru-pots-small-bleu-marron-set-de-2\/\",\"name\":\"Maru Pots Small Bleu\/Marron (set de 2) - H\u00fcbsch\",\"isPartOf\":{\"@id\":\"https:\/\/hubsch-interior.com\/fr\/#website\"},\"primaryImageOfPage\":{\"@id\":\"https:\/\/hubsch-interior.com\/fr\/produit\/maru-pots-small-bleu-marron-set-de-2\/#primaryimage\"},\"image\":{\"@id\":\"https:\/\/hubsch-interior.com\/fr\/produit\/maru-pots-small-bleu-marron-set-de-2\/#primaryimage\"},\"thumbnailUrl\":\"https:\/\/hubsch-interior.com\/wp-content\/uploads\/2026\/02\/maru-pots-small-bluebrown-set-of-2-4b48967dcce5f26a53e4e8f649787ad3.jpg\",\"datePublished\":\"2026-01-31T04:20:59+00:00\",\"dateModified\":\"2026-04-05T03:23:31+00:00\",\"description\":\"Arrondis, brillants et pleins de charme. Le Pot Maru en bleu et marron apporte une touche d'\u00e9l\u00e9gance r\u00e9tro \u00e0 votre int\u00e9rieur avec ses tons riches et sa\",\"breadcrumb\":{\"@id\":\"https:\/\/hubsch-interior.com\/fr\/produit\/maru-pots-small-bleu-marron-set-de-2\/#breadcrumb\"},\"inLanguage\":\"fr-FR\",\"potentialAction\":[{\"@type\":\"ReadAction\",\"target\":[\"https:\/\/hubsch-interior.com\/fr\/produit\/maru-pots-small-bleu-marron-set-de-2\/\"]}]},{\"@type\":\"ImageObject\",\"inLanguage\":\"fr-FR\",\"@id\":\"https:\/\/hubsch-interior.com\/fr\/produit\/maru-pots-small-bleu-marron-set-de-2\/#primaryimage\",\"url\":\"https:\/\/hubsch-interior.com\/wp-content\/uploads\/2026\/02\/maru-pots-small-bluebrown-set-of-2-4b48967dcce5f26a53e4e8f649787ad3.jpg\",\"contentUrl\":\"https:\/\/hubsch-interior.com\/wp-content\/uploads\/2026\/02\/maru-pots-small-bluebrown-set-of-2-4b48967dcce5f26a53e4e8f649787ad3.jpg\",\"width\":1024,\"height\":1024},{\"@type\":\"BreadcrumbList\",\"@id\":\"https:\/\/hubsch-interior.com\/fr\/produit\/maru-pots-small-bleu-marron-set-de-2\/#breadcrumb\",\"itemListElement\":[{\"@type\":\"ListItem\",\"position\":1,\"name\":\"Page d'accueil\",\"item\":\"https:\/\/hubsch-interior.com\/fr\/\"},{\"@type\":\"ListItem\",\"position\":2,\"name\":\"Produits\",\"item\":\"https:\/\/hubsch-interior.com\/fr\/shop-2\/\"},{\"@type\":\"ListItem\",\"position\":3,\"name\":\"Maru Pots Small Bleu\/Marron (set de 2)\"}]},{\"@type\":\"WebSite\",\"@id\":\"https:\/\/hubsch-interior.com\/fr\/#website\",\"url\":\"https:\/\/hubsch-interior.com\/fr\/\",\"name\":\"H\u00fcbsch\",\"description\":\"Danish Home Interior and Design\",\"publisher\":{\"@id\":\"https:\/\/hubsch-interior.com\/fr\/#organization\"},\"potentialAction\":[{\"@type\":\"SearchAction\",\"target\":{\"@type\":\"EntryPoint\",\"urlTemplate\":\"https:\/\/hubsch-interior.com\/fr\/?s={search_term_string}\"},\"query-input\":{\"@type\":\"PropertyValueSpecification\",\"valueRequired\":true,\"valueName\":\"search_term_string\"}}],\"inLanguage\":\"fr-FR\"},{\"@type\":\"Organization\",\"@id\":\"https:\/\/hubsch-interior.com\/fr\/#organization\",\"name\":\"H\u00fcbsch\",\"url\":\"https:\/\/hubsch-interior.com\/fr\/\",\"logo\":{\"@type\":\"ImageObject\",\"inLanguage\":\"fr-FR\",\"@id\":\"https:\/\/hubsch-interior.com\/fr\/#\/schema\/logo\/image\/\",\"url\":\"https:\/\/hubsch-interior.com\/wp-content\/uploads\/2022\/12\/Hubsch_logo_black_one_line.svg\",\"contentUrl\":\"https:\/\/hubsch-interior.com\/wp-content\/uploads\/2022\/12\/Hubsch_logo_black_one_line.svg\",\"caption\":\"H\u00fcbsch\"},\"image\":{\"@id\":\"https:\/\/hubsch-interior.com\/fr\/#\/schema\/logo\/image\/\"}}]}<\/script>\n<!-- \/ Yoast SEO plugin. -->","yoast_head_json":{"title":"Maru Pots Small Bleu\/Marron (set de 2) - H\u00fcbsch","description":"Arrondis, brillants et pleins de charme. Le Pot Maru en bleu et marron apporte une touche d'\u00e9l\u00e9gance r\u00e9tro \u00e0 votre int\u00e9rieur avec ses tons riches et sa","robots":{"index":"index","follow":"follow","max-snippet":"max-snippet:-1","max-image-preview":"max-image-preview:large","max-video-preview":"max-video-preview:-1"},"canonical":"https:\/\/hubsch-interior.com\/fr\/wp-json\/wp\/v2\/product\/1088832","og_locale":"fr_FR","og_type":"article","og_title":"Maru Pots Small Bleu\/Marron (set de 2) - H\u00fcbsch","og_description":"Arrondis, brillants et pleins de charme. Le Pot Maru en bleu et marron apporte une touche d'\u00e9l\u00e9gance r\u00e9tro \u00e0 votre int\u00e9rieur avec ses tons riches et sa","og_url":"https:\/\/hubsch-interior.com\/fr\/produit\/maru-pots-small-bleu-marron-set-de-2\/","og_site_name":"H\u00fcbsch","article_modified_time":"2026-04-05T03:23:31+00:00","og_image":[{"width":1200,"height":1200,"url":"https:\/\/hubsch-interior.com\/wp-content\/uploads\/2026\/01\/maru-pots-small-bluebrown-set-of-2-e1ddc3910a733ab0a4df2007ce10e8e8.jpg","type":"image\/jpeg"}],"twitter_card":"summary_large_image","schema":{"@context":"https:\/\/schema.org","@graph":[{"@type":"WebPage","@id":"https:\/\/hubsch-interior.com\/fr\/produit\/maru-pots-small-bleu-marron-set-de-2\/","url":"https:\/\/hubsch-interior.com\/fr\/produit\/maru-pots-small-bleu-marron-set-de-2\/","name":"Maru Pots Small Bleu\/Marron (set de 2) - H\u00fcbsch","isPartOf":{"@id":"https:\/\/hubsch-interior.com\/fr\/#website"},"primaryImageOfPage":{"@id":"https:\/\/hubsch-interior.com\/fr\/produit\/maru-pots-small-bleu-marron-set-de-2\/#primaryimage"},"image":{"@id":"https:\/\/hubsch-interior.com\/fr\/produit\/maru-pots-small-bleu-marron-set-de-2\/#primaryimage"},"thumbnailUrl":"https:\/\/hubsch-interior.com\/wp-content\/uploads\/2026\/02\/maru-pots-small-bluebrown-set-of-2-4b48967dcce5f26a53e4e8f649787ad3.jpg","datePublished":"2026-01-31T04:20:59+00:00","dateModified":"2026-04-05T03:23:31+00:00","description":"Arrondis, brillants et pleins de charme. Le Pot Maru en bleu et marron apporte une touche d'\u00e9l\u00e9gance r\u00e9tro \u00e0 votre int\u00e9rieur avec ses tons riches et sa","breadcrumb":{"@id":"https:\/\/hubsch-interior.com\/fr\/produit\/maru-pots-small-bleu-marron-set-de-2\/#breadcrumb"},"inLanguage":"fr-FR","potentialAction":[{"@type":"ReadAction","target":["https:\/\/hubsch-interior.com\/fr\/produit\/maru-pots-small-bleu-marron-set-de-2\/"]}]},{"@type":"ImageObject","inLanguage":"fr-FR","@id":"https:\/\/hubsch-interior.com\/fr\/produit\/maru-pots-small-bleu-marron-set-de-2\/#primaryimage","url":"https:\/\/hubsch-interior.com\/wp-content\/uploads\/2026\/02\/maru-pots-small-bluebrown-set-of-2-4b48967dcce5f26a53e4e8f649787ad3.jpg","contentUrl":"https:\/\/hubsch-interior.com\/wp-content\/uploads\/2026\/02\/maru-pots-small-bluebrown-set-of-2-4b48967dcce5f26a53e4e8f649787ad3.jpg","width":1024,"height":1024},{"@type":"BreadcrumbList","@id":"https:\/\/hubsch-interior.com\/fr\/produit\/maru-pots-small-bleu-marron-set-de-2\/#breadcrumb","itemListElement":[{"@type":"ListItem","position":1,"name":"Page d'accueil","item":"https:\/\/hubsch-interior.com\/fr\/"},{"@type":"ListItem","position":2,"name":"Produits","item":"https:\/\/hubsch-interior.com\/fr\/shop-2\/"},{"@type":"ListItem","position":3,"name":"Maru Pots Small Bleu\/Marron (set de 2)"}]},{"@type":"WebSite","@id":"https:\/\/hubsch-interior.com\/fr\/#website","url":"https:\/\/hubsch-interior.com\/fr\/","name":"H\u00fcbsch","description":"Danish Home Interior and Design","publisher":{"@id":"https:\/\/hubsch-interior.com\/fr\/#organization"},"potentialAction":[{"@type":"SearchAction","target":{"@type":"EntryPoint","urlTemplate":"https:\/\/hubsch-interior.com\/fr\/?s={search_term_string}"},"query-input":{"@type":"PropertyValueSpecification","valueRequired":true,"valueName":"search_term_string"}}],"inLanguage":"fr-FR"},{"@type":"Organization","@id":"https:\/\/hubsch-interior.com\/fr\/#organization","name":"H\u00fcbsch","url":"https:\/\/hubsch-interior.com\/fr\/","logo":{"@type":"ImageObject","inLanguage":"fr-FR","@id":"https:\/\/hubsch-interior.com\/fr\/#\/schema\/logo\/image\/","url":"https:\/\/hubsch-interior.com\/wp-content\/uploads\/2022\/12\/Hubsch_logo_black_one_line.svg","contentUrl":"https:\/\/hubsch-interior.com\/wp-content\/uploads\/2022\/12\/Hubsch_logo_black_one_line.svg","caption":"H\u00fcbsch"},"image":{"@id":"https:\/\/hubsch-interior.com\/fr\/#\/schema\/logo\/image\/"}}]}},"_links":{"self":[{"href":"https:\/\/hubsch-interior.com\/fr\/wp-json\/wp\/v2\/product\/1088832","targetHints":{"allow":["GET"]}}],"collection":[{"href":"https:\/\/hubsch-interior.com\/fr\/wp-json\/wp\/v2\/product"}],"about":[{"href":"https:\/\/hubsch-interior.com\/fr\/wp-json\/wp\/v2\/types\/product"}],"wp:featuredmedia":[{"embeddable":true,"href":"https:\/\/hubsch-interior.com\/fr\/wp-json\/wp\/v2\/media\/1111324"}],"wp:attachment":[{"href":"https:\/\/hubsch-interior.com\/fr\/wp-json\/wp\/v2\/media?parent=1088832"}],"wp:term":[{"taxonomy":"product_brand","embeddable":true,"href":"https:\/\/hubsch-interior.com\/fr\/wp-json\/wp\/v2\/product_brand?post=1088832"},{"taxonomy":"product_cat","embeddable":true,"href":"https:\/\/hubsch-interior.com\/fr\/wp-json\/wp\/v2\/product_cat?post=1088832"},{"taxonomy":"product_tag","embeddable":true,"href":"https:\/\/hubsch-interior.com\/fr\/wp-json\/wp\/v2\/product_tag?post=1088832"}],"curies":[{"name":"wp","href":"https:\/\/api.w.org\/{rel}","templated":true}]}}