{"id":1088852,"date":"2026-01-31T05:21:11","date_gmt":"2026-01-31T04:21:11","guid":{"rendered":"https:\/\/hubsch-interior.com\/product\/product\/"},"modified":"2026-04-05T05:23:35","modified_gmt":"2026-04-05T03:23:35","slug":"maru-pots-large-vert-clair-set-de-2","status":"publish","type":"product","link":"https:\/\/hubsch-interior.com\/fr\/produit\/maru-pots-large-vert-clair-set-de-2\/","title":{"rendered":"Maru Pots Large Vert Clair (set de 2)"},"content":{"rendered":"<p>Courbes douces, gla\u00e7ure brillante et une touche de s\u00e9r\u00e9nit\u00e9. Le Maru Pot en vert clair ajoute une douce touche de couleur avec un twist r\u00e9tro, magnifiquement fa\u00e7onn\u00e9 en c\u00e9ramique lustr\u00e9e qui refl\u00e8te parfaitement la lumi\u00e8re. Sa forme arrondie attire le regard sous tous les angles, en faisant un charmant compagnon pour les plantes d&#8217;int\u00e9rieur ou un accent sculptural \u00e0 part enti\u00e8re. Disponible en deux coloris d\u00e9licats, Maru apporte une vibrance discr\u00e8te et une forme joyeuse \u00e0 vos coins pr\u00e9f\u00e9r\u00e9s et recoins feuillus.<\/p>\n","protected":false},"excerpt":{"rendered":"<p>Courbes douces, gla\u00e7ure brillante et une touche de s\u00e9r\u00e9nit\u00e9. Le Maru Pot en vert clair ajoute une douce touche de couleur avec un twist r\u00e9tro, magnifiquement fa\u00e7onn\u00e9 en c\u00e9ramique lustr\u00e9e qui refl\u00e8te parfaitement la lumi\u00e8re. Sa forme arrondie attire le regard sous tous les angles, en faisant un charmant compagnon pour les plantes d&#8217;int\u00e9rieur ou [&hellip;]<\/p>\n","protected":false},"featured_media":1111344,"template":"","meta":{"_acf_changed":false,"inline_featured_image":false},"product_brand":[],"product_cat":[7154,4914,4924,5026,5046],"product_tag":[],"class_list":{"0":"post-1088852","1":"product","2":"type-product","3":"status-publish","4":"has-post-thumbnail","6":"product_cat-dweller-fr","7":"product_cat-pots-de-fleur-et-arrosior-fr","8":"product_cat-cache-pots-fr","9":"product_cat-bestsellers-fr","10":"product_cat-nouveautes-fr","11":"product_shipping_class-pk","13":"pa_color-vert-clair-2","14":"pa_material-fer-fr","16":"first","17":"instock","18":"featured","19":"taxable","20":"shipping-taxable","21":"purchasable","22":"product-type-simple"},"exclude_global_add_ons":[],"addons":[],"acf":[],"yoast_head":"<!-- This site is optimized with the Yoast SEO plugin v26.4 - https:\/\/yoast.com\/wordpress\/plugins\/seo\/ -->\n<title>Maru Pots Large Vert Clair (set de 2) - H\u00fcbsch<\/title>\n<meta name=\"description\" content=\"Courbes douces, gla\u00e7ure brillante et une touche de s\u00e9r\u00e9nit\u00e9. Le Maru Pot en vert clair ajoute une douce touche de couleur avec un twist r\u00e9tro,\" \/>\n<meta name=\"robots\" content=\"index, follow, max-snippet:-1, max-image-preview:large, max-video-preview:-1\" \/>\n<link rel=\"canonical\" href=\"https:\/\/hubsch-interior.com\/fr\/wp-json\/wp\/v2\/product\/1088852\" \/>\n<meta property=\"og:locale\" content=\"fr_FR\" \/>\n<meta property=\"og:type\" content=\"article\" \/>\n<meta property=\"og:title\" content=\"Maru Pots Large Vert Clair (set de 2) - H\u00fcbsch\" \/>\n<meta property=\"og:description\" content=\"Courbes douces, gla\u00e7ure brillante et une touche de s\u00e9r\u00e9nit\u00e9. Le Maru Pot en vert clair ajoute une douce touche de couleur avec un twist r\u00e9tro,\" \/>\n<meta property=\"og:url\" content=\"https:\/\/hubsch-interior.com\/fr\/produit\/maru-pots-large-vert-clair-set-de-2\/\" \/>\n<meta property=\"og:site_name\" content=\"H\u00fcbsch\" \/>\n<meta property=\"article:modified_time\" content=\"2026-04-05T03:23:35+00:00\" \/>\n<meta property=\"og:image\" content=\"https:\/\/hubsch-interior.com\/wp-content\/uploads\/2026\/01\/maru-pots-large-light-green-set-of-2-f4667e1afdea9ce93cf098939492cf47.jpg\" \/>\n\t<meta property=\"og:image:width\" content=\"1200\" \/>\n\t<meta property=\"og:image:height\" content=\"1200\" \/>\n\t<meta property=\"og:image:type\" content=\"image\/jpeg\" \/>\n<meta name=\"twitter:card\" content=\"summary_large_image\" \/>\n<script type=\"application\/ld+json\" class=\"yoast-schema-graph\">{\"@context\":\"https:\/\/schema.org\",\"@graph\":[{\"@type\":\"WebPage\",\"@id\":\"https:\/\/hubsch-interior.com\/fr\/produit\/maru-pots-large-vert-clair-set-de-2\/\",\"url\":\"https:\/\/hubsch-interior.com\/fr\/produit\/maru-pots-large-vert-clair-set-de-2\/\",\"name\":\"Maru Pots Large Vert Clair (set de 2) - H\u00fcbsch\",\"isPartOf\":{\"@id\":\"https:\/\/hubsch-interior.com\/fr\/#website\"},\"primaryImageOfPage\":{\"@id\":\"https:\/\/hubsch-interior.com\/fr\/produit\/maru-pots-large-vert-clair-set-de-2\/#primaryimage\"},\"image\":{\"@id\":\"https:\/\/hubsch-interior.com\/fr\/produit\/maru-pots-large-vert-clair-set-de-2\/#primaryimage\"},\"thumbnailUrl\":\"https:\/\/hubsch-interior.com\/wp-content\/uploads\/2026\/02\/maru-pots-large-light-green-set-of-2-0f5c1a45f790634ce70779b09aa7243c.jpg\",\"datePublished\":\"2026-01-31T04:21:11+00:00\",\"dateModified\":\"2026-04-05T03:23:35+00:00\",\"description\":\"Courbes douces, gla\u00e7ure brillante et une touche de s\u00e9r\u00e9nit\u00e9. Le Maru Pot en vert clair ajoute une douce touche de couleur avec un twist r\u00e9tro,\",\"breadcrumb\":{\"@id\":\"https:\/\/hubsch-interior.com\/fr\/produit\/maru-pots-large-vert-clair-set-de-2\/#breadcrumb\"},\"inLanguage\":\"fr-FR\",\"potentialAction\":[{\"@type\":\"ReadAction\",\"target\":[\"https:\/\/hubsch-interior.com\/fr\/produit\/maru-pots-large-vert-clair-set-de-2\/\"]}]},{\"@type\":\"ImageObject\",\"inLanguage\":\"fr-FR\",\"@id\":\"https:\/\/hubsch-interior.com\/fr\/produit\/maru-pots-large-vert-clair-set-de-2\/#primaryimage\",\"url\":\"https:\/\/hubsch-interior.com\/wp-content\/uploads\/2026\/02\/maru-pots-large-light-green-set-of-2-0f5c1a45f790634ce70779b09aa7243c.jpg\",\"contentUrl\":\"https:\/\/hubsch-interior.com\/wp-content\/uploads\/2026\/02\/maru-pots-large-light-green-set-of-2-0f5c1a45f790634ce70779b09aa7243c.jpg\",\"width\":1024,\"height\":1024},{\"@type\":\"BreadcrumbList\",\"@id\":\"https:\/\/hubsch-interior.com\/fr\/produit\/maru-pots-large-vert-clair-set-de-2\/#breadcrumb\",\"itemListElement\":[{\"@type\":\"ListItem\",\"position\":1,\"name\":\"Page d'accueil\",\"item\":\"https:\/\/hubsch-interior.com\/fr\/\"},{\"@type\":\"ListItem\",\"position\":2,\"name\":\"Produits\",\"item\":\"https:\/\/hubsch-interior.com\/fr\/shop-2\/\"},{\"@type\":\"ListItem\",\"position\":3,\"name\":\"Maru Pots Large Vert Clair (set de 2)\"}]},{\"@type\":\"WebSite\",\"@id\":\"https:\/\/hubsch-interior.com\/fr\/#website\",\"url\":\"https:\/\/hubsch-interior.com\/fr\/\",\"name\":\"H\u00fcbsch\",\"description\":\"Danish Home Interior and Design\",\"publisher\":{\"@id\":\"https:\/\/hubsch-interior.com\/fr\/#organization\"},\"potentialAction\":[{\"@type\":\"SearchAction\",\"target\":{\"@type\":\"EntryPoint\",\"urlTemplate\":\"https:\/\/hubsch-interior.com\/fr\/?s={search_term_string}\"},\"query-input\":{\"@type\":\"PropertyValueSpecification\",\"valueRequired\":true,\"valueName\":\"search_term_string\"}}],\"inLanguage\":\"fr-FR\"},{\"@type\":\"Organization\",\"@id\":\"https:\/\/hubsch-interior.com\/fr\/#organization\",\"name\":\"H\u00fcbsch\",\"url\":\"https:\/\/hubsch-interior.com\/fr\/\",\"logo\":{\"@type\":\"ImageObject\",\"inLanguage\":\"fr-FR\",\"@id\":\"https:\/\/hubsch-interior.com\/fr\/#\/schema\/logo\/image\/\",\"url\":\"https:\/\/hubsch-interior.com\/wp-content\/uploads\/2022\/12\/Hubsch_logo_black_one_line.svg\",\"contentUrl\":\"https:\/\/hubsch-interior.com\/wp-content\/uploads\/2022\/12\/Hubsch_logo_black_one_line.svg\",\"caption\":\"H\u00fcbsch\"},\"image\":{\"@id\":\"https:\/\/hubsch-interior.com\/fr\/#\/schema\/logo\/image\/\"}}]}<\/script>\n<!-- \/ Yoast SEO plugin. -->","yoast_head_json":{"title":"Maru Pots Large Vert Clair (set de 2) - H\u00fcbsch","description":"Courbes douces, gla\u00e7ure brillante et une touche de s\u00e9r\u00e9nit\u00e9. Le Maru Pot en vert clair ajoute une douce touche de couleur avec un twist r\u00e9tro,","robots":{"index":"index","follow":"follow","max-snippet":"max-snippet:-1","max-image-preview":"max-image-preview:large","max-video-preview":"max-video-preview:-1"},"canonical":"https:\/\/hubsch-interior.com\/fr\/wp-json\/wp\/v2\/product\/1088852","og_locale":"fr_FR","og_type":"article","og_title":"Maru Pots Large Vert Clair (set de 2) - H\u00fcbsch","og_description":"Courbes douces, gla\u00e7ure brillante et une touche de s\u00e9r\u00e9nit\u00e9. Le Maru Pot en vert clair ajoute une douce touche de couleur avec un twist r\u00e9tro,","og_url":"https:\/\/hubsch-interior.com\/fr\/produit\/maru-pots-large-vert-clair-set-de-2\/","og_site_name":"H\u00fcbsch","article_modified_time":"2026-04-05T03:23:35+00:00","og_image":[{"width":1200,"height":1200,"url":"https:\/\/hubsch-interior.com\/wp-content\/uploads\/2026\/01\/maru-pots-large-light-green-set-of-2-f4667e1afdea9ce93cf098939492cf47.jpg","type":"image\/jpeg"}],"twitter_card":"summary_large_image","schema":{"@context":"https:\/\/schema.org","@graph":[{"@type":"WebPage","@id":"https:\/\/hubsch-interior.com\/fr\/produit\/maru-pots-large-vert-clair-set-de-2\/","url":"https:\/\/hubsch-interior.com\/fr\/produit\/maru-pots-large-vert-clair-set-de-2\/","name":"Maru Pots Large Vert Clair (set de 2) - H\u00fcbsch","isPartOf":{"@id":"https:\/\/hubsch-interior.com\/fr\/#website"},"primaryImageOfPage":{"@id":"https:\/\/hubsch-interior.com\/fr\/produit\/maru-pots-large-vert-clair-set-de-2\/#primaryimage"},"image":{"@id":"https:\/\/hubsch-interior.com\/fr\/produit\/maru-pots-large-vert-clair-set-de-2\/#primaryimage"},"thumbnailUrl":"https:\/\/hubsch-interior.com\/wp-content\/uploads\/2026\/02\/maru-pots-large-light-green-set-of-2-0f5c1a45f790634ce70779b09aa7243c.jpg","datePublished":"2026-01-31T04:21:11+00:00","dateModified":"2026-04-05T03:23:35+00:00","description":"Courbes douces, gla\u00e7ure brillante et une touche de s\u00e9r\u00e9nit\u00e9. Le Maru Pot en vert clair ajoute une douce touche de couleur avec un twist r\u00e9tro,","breadcrumb":{"@id":"https:\/\/hubsch-interior.com\/fr\/produit\/maru-pots-large-vert-clair-set-de-2\/#breadcrumb"},"inLanguage":"fr-FR","potentialAction":[{"@type":"ReadAction","target":["https:\/\/hubsch-interior.com\/fr\/produit\/maru-pots-large-vert-clair-set-de-2\/"]}]},{"@type":"ImageObject","inLanguage":"fr-FR","@id":"https:\/\/hubsch-interior.com\/fr\/produit\/maru-pots-large-vert-clair-set-de-2\/#primaryimage","url":"https:\/\/hubsch-interior.com\/wp-content\/uploads\/2026\/02\/maru-pots-large-light-green-set-of-2-0f5c1a45f790634ce70779b09aa7243c.jpg","contentUrl":"https:\/\/hubsch-interior.com\/wp-content\/uploads\/2026\/02\/maru-pots-large-light-green-set-of-2-0f5c1a45f790634ce70779b09aa7243c.jpg","width":1024,"height":1024},{"@type":"BreadcrumbList","@id":"https:\/\/hubsch-interior.com\/fr\/produit\/maru-pots-large-vert-clair-set-de-2\/#breadcrumb","itemListElement":[{"@type":"ListItem","position":1,"name":"Page d'accueil","item":"https:\/\/hubsch-interior.com\/fr\/"},{"@type":"ListItem","position":2,"name":"Produits","item":"https:\/\/hubsch-interior.com\/fr\/shop-2\/"},{"@type":"ListItem","position":3,"name":"Maru Pots Large Vert Clair (set de 2)"}]},{"@type":"WebSite","@id":"https:\/\/hubsch-interior.com\/fr\/#website","url":"https:\/\/hubsch-interior.com\/fr\/","name":"H\u00fcbsch","description":"Danish Home Interior and Design","publisher":{"@id":"https:\/\/hubsch-interior.com\/fr\/#organization"},"potentialAction":[{"@type":"SearchAction","target":{"@type":"EntryPoint","urlTemplate":"https:\/\/hubsch-interior.com\/fr\/?s={search_term_string}"},"query-input":{"@type":"PropertyValueSpecification","valueRequired":true,"valueName":"search_term_string"}}],"inLanguage":"fr-FR"},{"@type":"Organization","@id":"https:\/\/hubsch-interior.com\/fr\/#organization","name":"H\u00fcbsch","url":"https:\/\/hubsch-interior.com\/fr\/","logo":{"@type":"ImageObject","inLanguage":"fr-FR","@id":"https:\/\/hubsch-interior.com\/fr\/#\/schema\/logo\/image\/","url":"https:\/\/hubsch-interior.com\/wp-content\/uploads\/2022\/12\/Hubsch_logo_black_one_line.svg","contentUrl":"https:\/\/hubsch-interior.com\/wp-content\/uploads\/2022\/12\/Hubsch_logo_black_one_line.svg","caption":"H\u00fcbsch"},"image":{"@id":"https:\/\/hubsch-interior.com\/fr\/#\/schema\/logo\/image\/"}}]}},"_links":{"self":[{"href":"https:\/\/hubsch-interior.com\/fr\/wp-json\/wp\/v2\/product\/1088852","targetHints":{"allow":["GET"]}}],"collection":[{"href":"https:\/\/hubsch-interior.com\/fr\/wp-json\/wp\/v2\/product"}],"about":[{"href":"https:\/\/hubsch-interior.com\/fr\/wp-json\/wp\/v2\/types\/product"}],"wp:featuredmedia":[{"embeddable":true,"href":"https:\/\/hubsch-interior.com\/fr\/wp-json\/wp\/v2\/media\/1111344"}],"wp:attachment":[{"href":"https:\/\/hubsch-interior.com\/fr\/wp-json\/wp\/v2\/media?parent=1088852"}],"wp:term":[{"taxonomy":"product_brand","embeddable":true,"href":"https:\/\/hubsch-interior.com\/fr\/wp-json\/wp\/v2\/product_brand?post=1088852"},{"taxonomy":"product_cat","embeddable":true,"href":"https:\/\/hubsch-interior.com\/fr\/wp-json\/wp\/v2\/product_cat?post=1088852"},{"taxonomy":"product_tag","embeddable":true,"href":"https:\/\/hubsch-interior.com\/fr\/wp-json\/wp\/v2\/product_tag?post=1088852"}],"curies":[{"name":"wp","href":"https:\/\/api.w.org\/{rel}","templated":true}]}}