{"id":1088876,"date":"2026-01-31T05:21:24","date_gmt":"2026-01-31T04:21:24","guid":{"rendered":"https:\/\/hubsch-interior.com\/product\/product\/"},"modified":"2026-04-05T05:23:39","modified_gmt":"2026-04-05T03:23:39","slug":"remi-pendule-bleu-beige","status":"publish","type":"product","link":"https:\/\/hubsch-interior.com\/fr\/produit\/remi-pendule-bleu-beige\/","title":{"rendered":"Remi Pendule Bleu\/Beige"},"content":{"rendered":"<p>Un clin d&#8217;\u0153il brillant \u00e0 l&#8217;\u00e2ge d&#8217;or de la couleur. Le Remi Pendule, en bleu et beige, \u00e9voque le charme ludique de la fin des ann\u00e9es 60 avec sa palette audacieuse et sa silhouette courb\u00e9e. Sa surface brillante donne vie aux teintes, projetant une lumi\u00e8re chaleureuse et accueillante qui cr\u00e9e une ambiance parfaite. Disponible en deux variantes charmantes, le Remi Pendule est un peu r\u00e9tro, un peu moderne \u2014 et toujours pr\u00eat \u00e0 \u00e9voquer un sourire.<\/p>\n","protected":false},"excerpt":{"rendered":"<p>Un clin d&#8217;\u0153il brillant \u00e0 l&#8217;\u00e2ge d&#8217;or de la couleur. Le Remi Pendule, en bleu et beige, \u00e9voque le charme ludique de la fin des ann\u00e9es 60 avec sa palette audacieuse et sa silhouette courb\u00e9e. Sa surface brillante donne vie aux teintes, projetant une lumi\u00e8re chaleureuse et accueillante qui cr\u00e9e une ambiance parfaite. Disponible en [&hellip;]<\/p>\n","protected":false},"featured_media":1114604,"template":"","meta":{"_acf_changed":false,"inline_featured_image":false},"product_brand":[],"product_cat":[7154,3810,4147,5026,5046],"product_tag":[],"class_list":{"0":"post-1088876","1":"product","2":"type-product","3":"status-publish","4":"has-post-thumbnail","6":"product_cat-dweller-fr","7":"product_cat-luminaires","8":"product_cat-suspensions-fr","9":"product_cat-bestsellers-fr","10":"product_cat-nouveautes-fr","11":"product_shipping_class-pk","13":"pa_color-beige-3","14":"pa_color-bleu-2","15":"pa_material-fer-fr","17":"first","18":"instock","19":"featured","20":"taxable","21":"shipping-taxable","22":"purchasable","23":"product-type-simple"},"exclude_global_add_ons":[],"addons":[],"acf":[],"yoast_head":"<!-- This site is optimized with the Yoast SEO plugin v26.4 - https:\/\/yoast.com\/wordpress\/plugins\/seo\/ -->\n<title>Remi Pendule Bleu\/Beige - H\u00fcbsch<\/title>\n<meta name=\"description\" content=\"Un clin d&#039;\u0153il brillant \u00e0 l&#039;\u00e2ge d&#039;or de la couleur. Le Remi Pendule, en bleu et beige, \u00e9voque le charme ludique de la fin des ann\u00e9es 60 avec sa palette\" \/>\n<meta name=\"robots\" content=\"index, follow, max-snippet:-1, max-image-preview:large, max-video-preview:-1\" \/>\n<link rel=\"canonical\" href=\"https:\/\/hubsch-interior.com\/fr\/wp-json\/wp\/v2\/product\/1088876\" \/>\n<meta property=\"og:locale\" content=\"fr_FR\" \/>\n<meta property=\"og:type\" content=\"article\" \/>\n<meta property=\"og:title\" content=\"Remi Pendule Bleu\/Beige - H\u00fcbsch\" \/>\n<meta property=\"og:description\" content=\"Un clin d&#039;\u0153il brillant \u00e0 l&#039;\u00e2ge d&#039;or de la couleur. Le Remi Pendule, en bleu et beige, \u00e9voque le charme ludique de la fin des ann\u00e9es 60 avec sa palette\" \/>\n<meta property=\"og:url\" content=\"https:\/\/hubsch-interior.com\/fr\/produit\/remi-pendule-bleu-beige\/\" \/>\n<meta property=\"og:site_name\" content=\"H\u00fcbsch\" \/>\n<meta property=\"article:modified_time\" content=\"2026-04-05T03:23:39+00:00\" \/>\n<meta property=\"og:image\" content=\"https:\/\/hubsch-interior.com\/wp-content\/uploads\/2026\/01\/remi-pendant-bluebeige-73d623c1612a3eac20f996a75d44349a.jpg\" \/>\n\t<meta property=\"og:image:width\" content=\"1200\" \/>\n\t<meta property=\"og:image:height\" content=\"1200\" \/>\n\t<meta property=\"og:image:type\" content=\"image\/jpeg\" \/>\n<meta name=\"twitter:card\" content=\"summary_large_image\" \/>\n<script type=\"application\/ld+json\" class=\"yoast-schema-graph\">{\"@context\":\"https:\/\/schema.org\",\"@graph\":[{\"@type\":\"WebPage\",\"@id\":\"https:\/\/hubsch-interior.com\/fr\/produit\/remi-pendule-bleu-beige\/\",\"url\":\"https:\/\/hubsch-interior.com\/fr\/produit\/remi-pendule-bleu-beige\/\",\"name\":\"Remi Pendule Bleu\/Beige - H\u00fcbsch\",\"isPartOf\":{\"@id\":\"https:\/\/hubsch-interior.com\/fr\/#website\"},\"primaryImageOfPage\":{\"@id\":\"https:\/\/hubsch-interior.com\/fr\/produit\/remi-pendule-bleu-beige\/#primaryimage\"},\"image\":{\"@id\":\"https:\/\/hubsch-interior.com\/fr\/produit\/remi-pendule-bleu-beige\/#primaryimage\"},\"thumbnailUrl\":\"https:\/\/hubsch-interior.com\/wp-content\/uploads\/2026\/02\/remi-pendant-bluebeige-b8e1fec3b5899d761423b8324f43e12c.jpg\",\"datePublished\":\"2026-01-31T04:21:24+00:00\",\"dateModified\":\"2026-04-05T03:23:39+00:00\",\"description\":\"Un clin d'\u0153il brillant \u00e0 l'\u00e2ge d'or de la couleur. Le Remi Pendule, en bleu et beige, \u00e9voque le charme ludique de la fin des ann\u00e9es 60 avec sa palette\",\"breadcrumb\":{\"@id\":\"https:\/\/hubsch-interior.com\/fr\/produit\/remi-pendule-bleu-beige\/#breadcrumb\"},\"inLanguage\":\"fr-FR\",\"potentialAction\":[{\"@type\":\"ReadAction\",\"target\":[\"https:\/\/hubsch-interior.com\/fr\/produit\/remi-pendule-bleu-beige\/\"]}]},{\"@type\":\"ImageObject\",\"inLanguage\":\"fr-FR\",\"@id\":\"https:\/\/hubsch-interior.com\/fr\/produit\/remi-pendule-bleu-beige\/#primaryimage\",\"url\":\"https:\/\/hubsch-interior.com\/wp-content\/uploads\/2026\/02\/remi-pendant-bluebeige-b8e1fec3b5899d761423b8324f43e12c.jpg\",\"contentUrl\":\"https:\/\/hubsch-interior.com\/wp-content\/uploads\/2026\/02\/remi-pendant-bluebeige-b8e1fec3b5899d761423b8324f43e12c.jpg\",\"width\":1024,\"height\":1024},{\"@type\":\"BreadcrumbList\",\"@id\":\"https:\/\/hubsch-interior.com\/fr\/produit\/remi-pendule-bleu-beige\/#breadcrumb\",\"itemListElement\":[{\"@type\":\"ListItem\",\"position\":1,\"name\":\"Page d'accueil\",\"item\":\"https:\/\/hubsch-interior.com\/fr\/\"},{\"@type\":\"ListItem\",\"position\":2,\"name\":\"Produits\",\"item\":\"https:\/\/hubsch-interior.com\/fr\/shop-2\/\"},{\"@type\":\"ListItem\",\"position\":3,\"name\":\"Remi Pendule Bleu\/Beige\"}]},{\"@type\":\"WebSite\",\"@id\":\"https:\/\/hubsch-interior.com\/fr\/#website\",\"url\":\"https:\/\/hubsch-interior.com\/fr\/\",\"name\":\"H\u00fcbsch\",\"description\":\"Danish Home Interior and Design\",\"publisher\":{\"@id\":\"https:\/\/hubsch-interior.com\/fr\/#organization\"},\"potentialAction\":[{\"@type\":\"SearchAction\",\"target\":{\"@type\":\"EntryPoint\",\"urlTemplate\":\"https:\/\/hubsch-interior.com\/fr\/?s={search_term_string}\"},\"query-input\":{\"@type\":\"PropertyValueSpecification\",\"valueRequired\":true,\"valueName\":\"search_term_string\"}}],\"inLanguage\":\"fr-FR\"},{\"@type\":\"Organization\",\"@id\":\"https:\/\/hubsch-interior.com\/fr\/#organization\",\"name\":\"H\u00fcbsch\",\"url\":\"https:\/\/hubsch-interior.com\/fr\/\",\"logo\":{\"@type\":\"ImageObject\",\"inLanguage\":\"fr-FR\",\"@id\":\"https:\/\/hubsch-interior.com\/fr\/#\/schema\/logo\/image\/\",\"url\":\"https:\/\/hubsch-interior.com\/wp-content\/uploads\/2022\/12\/Hubsch_logo_black_one_line.svg\",\"contentUrl\":\"https:\/\/hubsch-interior.com\/wp-content\/uploads\/2022\/12\/Hubsch_logo_black_one_line.svg\",\"caption\":\"H\u00fcbsch\"},\"image\":{\"@id\":\"https:\/\/hubsch-interior.com\/fr\/#\/schema\/logo\/image\/\"}}]}<\/script>\n<!-- \/ Yoast SEO plugin. -->","yoast_head_json":{"title":"Remi Pendule Bleu\/Beige - H\u00fcbsch","description":"Un clin d'\u0153il brillant \u00e0 l'\u00e2ge d'or de la couleur. Le Remi Pendule, en bleu et beige, \u00e9voque le charme ludique de la fin des ann\u00e9es 60 avec sa palette","robots":{"index":"index","follow":"follow","max-snippet":"max-snippet:-1","max-image-preview":"max-image-preview:large","max-video-preview":"max-video-preview:-1"},"canonical":"https:\/\/hubsch-interior.com\/fr\/wp-json\/wp\/v2\/product\/1088876","og_locale":"fr_FR","og_type":"article","og_title":"Remi Pendule Bleu\/Beige - H\u00fcbsch","og_description":"Un clin d'\u0153il brillant \u00e0 l'\u00e2ge d'or de la couleur. Le Remi Pendule, en bleu et beige, \u00e9voque le charme ludique de la fin des ann\u00e9es 60 avec sa palette","og_url":"https:\/\/hubsch-interior.com\/fr\/produit\/remi-pendule-bleu-beige\/","og_site_name":"H\u00fcbsch","article_modified_time":"2026-04-05T03:23:39+00:00","og_image":[{"width":1200,"height":1200,"url":"https:\/\/hubsch-interior.com\/wp-content\/uploads\/2026\/01\/remi-pendant-bluebeige-73d623c1612a3eac20f996a75d44349a.jpg","type":"image\/jpeg"}],"twitter_card":"summary_large_image","schema":{"@context":"https:\/\/schema.org","@graph":[{"@type":"WebPage","@id":"https:\/\/hubsch-interior.com\/fr\/produit\/remi-pendule-bleu-beige\/","url":"https:\/\/hubsch-interior.com\/fr\/produit\/remi-pendule-bleu-beige\/","name":"Remi Pendule Bleu\/Beige - H\u00fcbsch","isPartOf":{"@id":"https:\/\/hubsch-interior.com\/fr\/#website"},"primaryImageOfPage":{"@id":"https:\/\/hubsch-interior.com\/fr\/produit\/remi-pendule-bleu-beige\/#primaryimage"},"image":{"@id":"https:\/\/hubsch-interior.com\/fr\/produit\/remi-pendule-bleu-beige\/#primaryimage"},"thumbnailUrl":"https:\/\/hubsch-interior.com\/wp-content\/uploads\/2026\/02\/remi-pendant-bluebeige-b8e1fec3b5899d761423b8324f43e12c.jpg","datePublished":"2026-01-31T04:21:24+00:00","dateModified":"2026-04-05T03:23:39+00:00","description":"Un clin d'\u0153il brillant \u00e0 l'\u00e2ge d'or de la couleur. Le Remi Pendule, en bleu et beige, \u00e9voque le charme ludique de la fin des ann\u00e9es 60 avec sa palette","breadcrumb":{"@id":"https:\/\/hubsch-interior.com\/fr\/produit\/remi-pendule-bleu-beige\/#breadcrumb"},"inLanguage":"fr-FR","potentialAction":[{"@type":"ReadAction","target":["https:\/\/hubsch-interior.com\/fr\/produit\/remi-pendule-bleu-beige\/"]}]},{"@type":"ImageObject","inLanguage":"fr-FR","@id":"https:\/\/hubsch-interior.com\/fr\/produit\/remi-pendule-bleu-beige\/#primaryimage","url":"https:\/\/hubsch-interior.com\/wp-content\/uploads\/2026\/02\/remi-pendant-bluebeige-b8e1fec3b5899d761423b8324f43e12c.jpg","contentUrl":"https:\/\/hubsch-interior.com\/wp-content\/uploads\/2026\/02\/remi-pendant-bluebeige-b8e1fec3b5899d761423b8324f43e12c.jpg","width":1024,"height":1024},{"@type":"BreadcrumbList","@id":"https:\/\/hubsch-interior.com\/fr\/produit\/remi-pendule-bleu-beige\/#breadcrumb","itemListElement":[{"@type":"ListItem","position":1,"name":"Page d'accueil","item":"https:\/\/hubsch-interior.com\/fr\/"},{"@type":"ListItem","position":2,"name":"Produits","item":"https:\/\/hubsch-interior.com\/fr\/shop-2\/"},{"@type":"ListItem","position":3,"name":"Remi Pendule Bleu\/Beige"}]},{"@type":"WebSite","@id":"https:\/\/hubsch-interior.com\/fr\/#website","url":"https:\/\/hubsch-interior.com\/fr\/","name":"H\u00fcbsch","description":"Danish Home Interior and Design","publisher":{"@id":"https:\/\/hubsch-interior.com\/fr\/#organization"},"potentialAction":[{"@type":"SearchAction","target":{"@type":"EntryPoint","urlTemplate":"https:\/\/hubsch-interior.com\/fr\/?s={search_term_string}"},"query-input":{"@type":"PropertyValueSpecification","valueRequired":true,"valueName":"search_term_string"}}],"inLanguage":"fr-FR"},{"@type":"Organization","@id":"https:\/\/hubsch-interior.com\/fr\/#organization","name":"H\u00fcbsch","url":"https:\/\/hubsch-interior.com\/fr\/","logo":{"@type":"ImageObject","inLanguage":"fr-FR","@id":"https:\/\/hubsch-interior.com\/fr\/#\/schema\/logo\/image\/","url":"https:\/\/hubsch-interior.com\/wp-content\/uploads\/2022\/12\/Hubsch_logo_black_one_line.svg","contentUrl":"https:\/\/hubsch-interior.com\/wp-content\/uploads\/2022\/12\/Hubsch_logo_black_one_line.svg","caption":"H\u00fcbsch"},"image":{"@id":"https:\/\/hubsch-interior.com\/fr\/#\/schema\/logo\/image\/"}}]}},"_links":{"self":[{"href":"https:\/\/hubsch-interior.com\/fr\/wp-json\/wp\/v2\/product\/1088876","targetHints":{"allow":["GET"]}}],"collection":[{"href":"https:\/\/hubsch-interior.com\/fr\/wp-json\/wp\/v2\/product"}],"about":[{"href":"https:\/\/hubsch-interior.com\/fr\/wp-json\/wp\/v2\/types\/product"}],"wp:featuredmedia":[{"embeddable":true,"href":"https:\/\/hubsch-interior.com\/fr\/wp-json\/wp\/v2\/media\/1114604"}],"wp:attachment":[{"href":"https:\/\/hubsch-interior.com\/fr\/wp-json\/wp\/v2\/media?parent=1088876"}],"wp:term":[{"taxonomy":"product_brand","embeddable":true,"href":"https:\/\/hubsch-interior.com\/fr\/wp-json\/wp\/v2\/product_brand?post=1088876"},{"taxonomy":"product_cat","embeddable":true,"href":"https:\/\/hubsch-interior.com\/fr\/wp-json\/wp\/v2\/product_cat?post=1088876"},{"taxonomy":"product_tag","embeddable":true,"href":"https:\/\/hubsch-interior.com\/fr\/wp-json\/wp\/v2\/product_tag?post=1088876"}],"curies":[{"name":"wp","href":"https:\/\/api.w.org\/{rel}","templated":true}]}}