{"id":1088908,"date":"2026-01-31T05:21:50","date_gmt":"2026-01-31T04:21:50","guid":{"rendered":"https:\/\/hubsch-interior.com\/product\/product\/"},"modified":"2026-04-05T05:23:47","modified_gmt":"2026-04-05T03:23:47","slug":"bend-portant-a-vetements-marron-fonce","status":"publish","type":"product","link":"https:\/\/hubsch-interior.com\/fr\/produit\/bend-portant-a-vetements-marron-fonce\/","title":{"rendered":"Bend Portant \u00e0 v\u00eatements \u00a0Marron Fonc\u00e9"},"content":{"rendered":"<p>Forme minimaliste, impact maximal. Le Bend Portant \u00e0 v\u00eatements en brun fonc\u00e9 profond apporte une simplicit\u00e9 sculpturale \u00e0 votre entr\u00e9e avec sa surface brillante et sa silhouette \u00e9l\u00e9gamment \u00e9pur\u00e9e. Con\u00e7u pour la vie moderne, il offre un espace de suspension g\u00e9n\u00e9reux tout en occupant tr\u00e8s peu de place au sol \u2014 parfait pour les coins compacts ou les halls ouverts. Choisissez parmi deux variantes chic, ou vous pouvez les combiner pour un look superpos\u00e9 ou les garder ton sur ton pour un charme discret.<\/p>\n","protected":false},"excerpt":{"rendered":"<p>Forme minimaliste, impact maximal. Le Bend Portant \u00e0 v\u00eatements en brun fonc\u00e9 profond apporte une simplicit\u00e9 sculpturale \u00e0 votre entr\u00e9e avec sa surface brillante et sa silhouette \u00e9l\u00e9gamment \u00e9pur\u00e9e. Con\u00e7u pour la vie moderne, il offre un espace de suspension g\u00e9n\u00e9reux tout en occupant tr\u00e8s peu de place au sol \u2014 parfait pour les coins [&hellip;]<\/p>\n","protected":false},"featured_media":1111396,"template":"","meta":{"_acf_changed":false,"inline_featured_image":false},"product_brand":[],"product_cat":[5461,7154,4033,5046,4041,4042],"product_tag":[],"class_list":{"0":"post-1088908","1":"product","2":"type-product","3":"status-publish","4":"has-post-thumbnail","6":"product_cat-etageres-fr","7":"product_cat-dweller-fr","8":"product_cat-garde-robe-portants-fr","9":"product_cat-nouveautes-fr","10":"product_cat-pateres-porte-manteaux-fr","11":"product_cat-porte-manteaux-fr","12":"product_shipping_class-pk","14":"pa_color-marron-fonc","15":"pa_material-fer-fr","17":"first","18":"instock","19":"taxable","20":"shipping-taxable","21":"purchasable","22":"product-type-simple"},"exclude_global_add_ons":[],"addons":[],"acf":[],"yoast_head":"<!-- This site is optimized with the Yoast SEO plugin v26.4 - https:\/\/yoast.com\/wordpress\/plugins\/seo\/ -->\n<title>Bend Portant \u00e0 v\u00eatements \u00a0Marron Fonc\u00e9 - H\u00fcbsch<\/title>\n<meta name=\"description\" content=\"Forme minimaliste, impact maximal. Le Bend Portant \u00e0 v\u00eatements en brun fonc\u00e9 profond apporte une simplicit\u00e9 sculpturale \u00e0 votre entr\u00e9e avec sa surface\" \/>\n<meta name=\"robots\" content=\"index, follow, max-snippet:-1, max-image-preview:large, max-video-preview:-1\" \/>\n<link rel=\"canonical\" href=\"https:\/\/hubsch-interior.com\/fr\/wp-json\/wp\/v2\/product\/1088908\" \/>\n<meta property=\"og:locale\" content=\"fr_FR\" \/>\n<meta property=\"og:type\" content=\"article\" \/>\n<meta property=\"og:title\" content=\"Bend Portant \u00e0 v\u00eatements \u00a0Marron Fonc\u00e9 - H\u00fcbsch\" \/>\n<meta property=\"og:description\" content=\"Forme minimaliste, impact maximal. Le Bend Portant \u00e0 v\u00eatements en brun fonc\u00e9 profond apporte une simplicit\u00e9 sculpturale \u00e0 votre entr\u00e9e avec sa surface\" \/>\n<meta property=\"og:url\" content=\"https:\/\/hubsch-interior.com\/fr\/produit\/bend-portant-a-vetements-marron-fonce\/\" \/>\n<meta property=\"og:site_name\" content=\"H\u00fcbsch\" \/>\n<meta property=\"article:modified_time\" content=\"2026-04-05T03:23:47+00:00\" \/>\n<meta property=\"og:image\" content=\"https:\/\/hubsch-interior.com\/wp-content\/uploads\/2026\/01\/bend-clothing-rack-dark-brown-3e7948176af9e37b25ae882634407bd0.jpg\" \/>\n\t<meta property=\"og:image:width\" content=\"1200\" \/>\n\t<meta property=\"og:image:height\" content=\"1200\" \/>\n\t<meta property=\"og:image:type\" content=\"image\/jpeg\" \/>\n<meta name=\"twitter:card\" content=\"summary_large_image\" \/>\n<script type=\"application\/ld+json\" class=\"yoast-schema-graph\">{\"@context\":\"https:\/\/schema.org\",\"@graph\":[{\"@type\":\"WebPage\",\"@id\":\"https:\/\/hubsch-interior.com\/fr\/produit\/bend-portant-a-vetements-marron-fonce\/\",\"url\":\"https:\/\/hubsch-interior.com\/fr\/produit\/bend-portant-a-vetements-marron-fonce\/\",\"name\":\"Bend Portant \u00e0 v\u00eatements \u00a0Marron Fonc\u00e9 - H\u00fcbsch\",\"isPartOf\":{\"@id\":\"https:\/\/hubsch-interior.com\/fr\/#website\"},\"primaryImageOfPage\":{\"@id\":\"https:\/\/hubsch-interior.com\/fr\/produit\/bend-portant-a-vetements-marron-fonce\/#primaryimage\"},\"image\":{\"@id\":\"https:\/\/hubsch-interior.com\/fr\/produit\/bend-portant-a-vetements-marron-fonce\/#primaryimage\"},\"thumbnailUrl\":\"https:\/\/hubsch-interior.com\/wp-content\/uploads\/2026\/02\/bend-clothing-rack-dark-brown-24789b5ea55148c992fe80b3cb3ad1f0.jpg\",\"datePublished\":\"2026-01-31T04:21:50+00:00\",\"dateModified\":\"2026-04-05T03:23:47+00:00\",\"description\":\"Forme minimaliste, impact maximal. Le Bend Portant \u00e0 v\u00eatements en brun fonc\u00e9 profond apporte une simplicit\u00e9 sculpturale \u00e0 votre entr\u00e9e avec sa surface\",\"breadcrumb\":{\"@id\":\"https:\/\/hubsch-interior.com\/fr\/produit\/bend-portant-a-vetements-marron-fonce\/#breadcrumb\"},\"inLanguage\":\"fr-FR\",\"potentialAction\":[{\"@type\":\"ReadAction\",\"target\":[\"https:\/\/hubsch-interior.com\/fr\/produit\/bend-portant-a-vetements-marron-fonce\/\"]}]},{\"@type\":\"ImageObject\",\"inLanguage\":\"fr-FR\",\"@id\":\"https:\/\/hubsch-interior.com\/fr\/produit\/bend-portant-a-vetements-marron-fonce\/#primaryimage\",\"url\":\"https:\/\/hubsch-interior.com\/wp-content\/uploads\/2026\/02\/bend-clothing-rack-dark-brown-24789b5ea55148c992fe80b3cb3ad1f0.jpg\",\"contentUrl\":\"https:\/\/hubsch-interior.com\/wp-content\/uploads\/2026\/02\/bend-clothing-rack-dark-brown-24789b5ea55148c992fe80b3cb3ad1f0.jpg\",\"width\":1024,\"height\":1024},{\"@type\":\"BreadcrumbList\",\"@id\":\"https:\/\/hubsch-interior.com\/fr\/produit\/bend-portant-a-vetements-marron-fonce\/#breadcrumb\",\"itemListElement\":[{\"@type\":\"ListItem\",\"position\":1,\"name\":\"Page d'accueil\",\"item\":\"https:\/\/hubsch-interior.com\/fr\/\"},{\"@type\":\"ListItem\",\"position\":2,\"name\":\"Produits\",\"item\":\"https:\/\/hubsch-interior.com\/fr\/shop-2\/\"},{\"@type\":\"ListItem\",\"position\":3,\"name\":\"Bend Portant \u00e0 v\u00eatements \u00a0Marron Fonc\u00e9\"}]},{\"@type\":\"WebSite\",\"@id\":\"https:\/\/hubsch-interior.com\/fr\/#website\",\"url\":\"https:\/\/hubsch-interior.com\/fr\/\",\"name\":\"H\u00fcbsch\",\"description\":\"Danish Home Interior and Design\",\"publisher\":{\"@id\":\"https:\/\/hubsch-interior.com\/fr\/#organization\"},\"potentialAction\":[{\"@type\":\"SearchAction\",\"target\":{\"@type\":\"EntryPoint\",\"urlTemplate\":\"https:\/\/hubsch-interior.com\/fr\/?s={search_term_string}\"},\"query-input\":{\"@type\":\"PropertyValueSpecification\",\"valueRequired\":true,\"valueName\":\"search_term_string\"}}],\"inLanguage\":\"fr-FR\"},{\"@type\":\"Organization\",\"@id\":\"https:\/\/hubsch-interior.com\/fr\/#organization\",\"name\":\"H\u00fcbsch\",\"url\":\"https:\/\/hubsch-interior.com\/fr\/\",\"logo\":{\"@type\":\"ImageObject\",\"inLanguage\":\"fr-FR\",\"@id\":\"https:\/\/hubsch-interior.com\/fr\/#\/schema\/logo\/image\/\",\"url\":\"https:\/\/hubsch-interior.com\/wp-content\/uploads\/2022\/12\/Hubsch_logo_black_one_line.svg\",\"contentUrl\":\"https:\/\/hubsch-interior.com\/wp-content\/uploads\/2022\/12\/Hubsch_logo_black_one_line.svg\",\"caption\":\"H\u00fcbsch\"},\"image\":{\"@id\":\"https:\/\/hubsch-interior.com\/fr\/#\/schema\/logo\/image\/\"}}]}<\/script>\n<!-- \/ Yoast SEO plugin. -->","yoast_head_json":{"title":"Bend Portant \u00e0 v\u00eatements \u00a0Marron Fonc\u00e9 - H\u00fcbsch","description":"Forme minimaliste, impact maximal. Le Bend Portant \u00e0 v\u00eatements en brun fonc\u00e9 profond apporte une simplicit\u00e9 sculpturale \u00e0 votre entr\u00e9e avec sa surface","robots":{"index":"index","follow":"follow","max-snippet":"max-snippet:-1","max-image-preview":"max-image-preview:large","max-video-preview":"max-video-preview:-1"},"canonical":"https:\/\/hubsch-interior.com\/fr\/wp-json\/wp\/v2\/product\/1088908","og_locale":"fr_FR","og_type":"article","og_title":"Bend Portant \u00e0 v\u00eatements \u00a0Marron Fonc\u00e9 - H\u00fcbsch","og_description":"Forme minimaliste, impact maximal. Le Bend Portant \u00e0 v\u00eatements en brun fonc\u00e9 profond apporte une simplicit\u00e9 sculpturale \u00e0 votre entr\u00e9e avec sa surface","og_url":"https:\/\/hubsch-interior.com\/fr\/produit\/bend-portant-a-vetements-marron-fonce\/","og_site_name":"H\u00fcbsch","article_modified_time":"2026-04-05T03:23:47+00:00","og_image":[{"width":1200,"height":1200,"url":"https:\/\/hubsch-interior.com\/wp-content\/uploads\/2026\/01\/bend-clothing-rack-dark-brown-3e7948176af9e37b25ae882634407bd0.jpg","type":"image\/jpeg"}],"twitter_card":"summary_large_image","schema":{"@context":"https:\/\/schema.org","@graph":[{"@type":"WebPage","@id":"https:\/\/hubsch-interior.com\/fr\/produit\/bend-portant-a-vetements-marron-fonce\/","url":"https:\/\/hubsch-interior.com\/fr\/produit\/bend-portant-a-vetements-marron-fonce\/","name":"Bend Portant \u00e0 v\u00eatements \u00a0Marron Fonc\u00e9 - H\u00fcbsch","isPartOf":{"@id":"https:\/\/hubsch-interior.com\/fr\/#website"},"primaryImageOfPage":{"@id":"https:\/\/hubsch-interior.com\/fr\/produit\/bend-portant-a-vetements-marron-fonce\/#primaryimage"},"image":{"@id":"https:\/\/hubsch-interior.com\/fr\/produit\/bend-portant-a-vetements-marron-fonce\/#primaryimage"},"thumbnailUrl":"https:\/\/hubsch-interior.com\/wp-content\/uploads\/2026\/02\/bend-clothing-rack-dark-brown-24789b5ea55148c992fe80b3cb3ad1f0.jpg","datePublished":"2026-01-31T04:21:50+00:00","dateModified":"2026-04-05T03:23:47+00:00","description":"Forme minimaliste, impact maximal. Le Bend Portant \u00e0 v\u00eatements en brun fonc\u00e9 profond apporte une simplicit\u00e9 sculpturale \u00e0 votre entr\u00e9e avec sa surface","breadcrumb":{"@id":"https:\/\/hubsch-interior.com\/fr\/produit\/bend-portant-a-vetements-marron-fonce\/#breadcrumb"},"inLanguage":"fr-FR","potentialAction":[{"@type":"ReadAction","target":["https:\/\/hubsch-interior.com\/fr\/produit\/bend-portant-a-vetements-marron-fonce\/"]}]},{"@type":"ImageObject","inLanguage":"fr-FR","@id":"https:\/\/hubsch-interior.com\/fr\/produit\/bend-portant-a-vetements-marron-fonce\/#primaryimage","url":"https:\/\/hubsch-interior.com\/wp-content\/uploads\/2026\/02\/bend-clothing-rack-dark-brown-24789b5ea55148c992fe80b3cb3ad1f0.jpg","contentUrl":"https:\/\/hubsch-interior.com\/wp-content\/uploads\/2026\/02\/bend-clothing-rack-dark-brown-24789b5ea55148c992fe80b3cb3ad1f0.jpg","width":1024,"height":1024},{"@type":"BreadcrumbList","@id":"https:\/\/hubsch-interior.com\/fr\/produit\/bend-portant-a-vetements-marron-fonce\/#breadcrumb","itemListElement":[{"@type":"ListItem","position":1,"name":"Page d'accueil","item":"https:\/\/hubsch-interior.com\/fr\/"},{"@type":"ListItem","position":2,"name":"Produits","item":"https:\/\/hubsch-interior.com\/fr\/shop-2\/"},{"@type":"ListItem","position":3,"name":"Bend Portant \u00e0 v\u00eatements \u00a0Marron Fonc\u00e9"}]},{"@type":"WebSite","@id":"https:\/\/hubsch-interior.com\/fr\/#website","url":"https:\/\/hubsch-interior.com\/fr\/","name":"H\u00fcbsch","description":"Danish Home Interior and Design","publisher":{"@id":"https:\/\/hubsch-interior.com\/fr\/#organization"},"potentialAction":[{"@type":"SearchAction","target":{"@type":"EntryPoint","urlTemplate":"https:\/\/hubsch-interior.com\/fr\/?s={search_term_string}"},"query-input":{"@type":"PropertyValueSpecification","valueRequired":true,"valueName":"search_term_string"}}],"inLanguage":"fr-FR"},{"@type":"Organization","@id":"https:\/\/hubsch-interior.com\/fr\/#organization","name":"H\u00fcbsch","url":"https:\/\/hubsch-interior.com\/fr\/","logo":{"@type":"ImageObject","inLanguage":"fr-FR","@id":"https:\/\/hubsch-interior.com\/fr\/#\/schema\/logo\/image\/","url":"https:\/\/hubsch-interior.com\/wp-content\/uploads\/2022\/12\/Hubsch_logo_black_one_line.svg","contentUrl":"https:\/\/hubsch-interior.com\/wp-content\/uploads\/2022\/12\/Hubsch_logo_black_one_line.svg","caption":"H\u00fcbsch"},"image":{"@id":"https:\/\/hubsch-interior.com\/fr\/#\/schema\/logo\/image\/"}}]}},"_links":{"self":[{"href":"https:\/\/hubsch-interior.com\/fr\/wp-json\/wp\/v2\/product\/1088908","targetHints":{"allow":["GET"]}}],"collection":[{"href":"https:\/\/hubsch-interior.com\/fr\/wp-json\/wp\/v2\/product"}],"about":[{"href":"https:\/\/hubsch-interior.com\/fr\/wp-json\/wp\/v2\/types\/product"}],"wp:featuredmedia":[{"embeddable":true,"href":"https:\/\/hubsch-interior.com\/fr\/wp-json\/wp\/v2\/media\/1111396"}],"wp:attachment":[{"href":"https:\/\/hubsch-interior.com\/fr\/wp-json\/wp\/v2\/media?parent=1088908"}],"wp:term":[{"taxonomy":"product_brand","embeddable":true,"href":"https:\/\/hubsch-interior.com\/fr\/wp-json\/wp\/v2\/product_brand?post=1088908"},{"taxonomy":"product_cat","embeddable":true,"href":"https:\/\/hubsch-interior.com\/fr\/wp-json\/wp\/v2\/product_cat?post=1088908"},{"taxonomy":"product_tag","embeddable":true,"href":"https:\/\/hubsch-interior.com\/fr\/wp-json\/wp\/v2\/product_tag?post=1088908"}],"curies":[{"name":"wp","href":"https:\/\/api.w.org\/{rel}","templated":true}]}}