{"id":1088920,"date":"2026-01-31T05:22:03","date_gmt":"2026-01-31T04:22:03","guid":{"rendered":"https:\/\/hubsch-interior.com\/product\/product\/"},"modified":"2026-04-06T05:17:26","modified_gmt":"2026-04-06T03:17:26","slug":"bend-portant-a-vetements-bleu","status":"publish","type":"product","link":"https:\/\/hubsch-interior.com\/fr\/produit\/bend-portant-a-vetements-bleu\/","title":{"rendered":"Bend Portant \u00e0 v\u00eatements Bleu"},"content":{"rendered":"<p>Fin et \u00e9l\u00e9gant, plein de caract\u00e8re, le Bend Portant \u00e0 v\u00eatements en bleu captivant apporte une touche de couleur fra\u00eeche \u00e0 votre entr\u00e9e sans jamais surcharger l&#8217;espace. Sa silhouette minimaliste et sa finition brillante offrent l&#8217;\u00e9quilibre parfait entre fonctionnalit\u00e9 et style \u2014 id\u00e9al pour garder vos essentiels du quotidien \u00e0 port\u00e9e de main. Choisissez entre deux variantes chic ou associez-les pour un effet ludique et superpos\u00e9. Con\u00e7u pour organiser avec \u00e9l\u00e9gance, Bend transforme m\u00eame la plus petite des entr\u00e9es en un espace styl\u00e9 et affirm\u00e9.<\/p>\n","protected":false},"excerpt":{"rendered":"<p>Fin et \u00e9l\u00e9gant, plein de caract\u00e8re, le Bend Portant \u00e0 v\u00eatements en bleu captivant apporte une touche de couleur fra\u00eeche \u00e0 votre entr\u00e9e sans jamais surcharger l&#8217;espace. Sa silhouette minimaliste et sa finition brillante offrent l&#8217;\u00e9quilibre parfait entre fonctionnalit\u00e9 et style \u2014 id\u00e9al pour garder vos essentiels du quotidien \u00e0 port\u00e9e de main. Choisissez entre [&hellip;]<\/p>\n","protected":false},"featured_media":1111404,"template":"","meta":{"_acf_changed":false,"inline_featured_image":false},"product_brand":[],"product_cat":[7154,4033,5461,4041,4042,5046],"product_tag":[],"class_list":{"0":"post-1088920","1":"product","2":"type-product","3":"status-publish","4":"has-post-thumbnail","6":"product_cat-dweller-fr","7":"product_cat-garde-robe-portants-fr","8":"product_cat-etageres-fr","9":"product_cat-pateres-porte-manteaux-fr","10":"product_cat-porte-manteaux-fr","11":"product_cat-nouveautes-fr","12":"product_shipping_class-pk","14":"pa_color-bleu-2","15":"pa_material-fer-fr","17":"first","18":"instock","19":"taxable","20":"shipping-taxable","21":"purchasable","22":"product-type-simple"},"exclude_global_add_ons":[],"addons":[],"acf":[],"yoast_head":"<!-- This site is optimized with the Yoast SEO plugin v26.4 - https:\/\/yoast.com\/wordpress\/plugins\/seo\/ -->\n<title>Bend Portant \u00e0 v\u00eatements Bleu - H\u00fcbsch<\/title>\n<meta name=\"description\" content=\"Fin et \u00e9l\u00e9gant, plein de caract\u00e8re, le Bend Portant \u00e0 v\u00eatements en bleu captivant apporte une touche de couleur fra\u00eeche \u00e0 votre entr\u00e9e sans jamais\" \/>\n<meta name=\"robots\" content=\"index, follow, max-snippet:-1, max-image-preview:large, max-video-preview:-1\" \/>\n<link rel=\"canonical\" href=\"https:\/\/hubsch-interior.com\/fr\/wp-json\/wp\/v2\/product\/1088920\" \/>\n<meta property=\"og:locale\" content=\"fr_FR\" \/>\n<meta property=\"og:type\" content=\"article\" \/>\n<meta property=\"og:title\" content=\"Bend Portant \u00e0 v\u00eatements Bleu - H\u00fcbsch\" \/>\n<meta property=\"og:description\" content=\"Fin et \u00e9l\u00e9gant, plein de caract\u00e8re, le Bend Portant \u00e0 v\u00eatements en bleu captivant apporte une touche de couleur fra\u00eeche \u00e0 votre entr\u00e9e sans jamais\" \/>\n<meta property=\"og:url\" content=\"https:\/\/hubsch-interior.com\/fr\/produit\/bend-portant-a-vetements-bleu\/\" \/>\n<meta property=\"og:site_name\" content=\"H\u00fcbsch\" \/>\n<meta property=\"article:modified_time\" content=\"2026-04-06T03:17:26+00:00\" \/>\n<meta property=\"og:image\" content=\"https:\/\/hubsch-interior.com\/wp-content\/uploads\/2026\/01\/bend-clothing-rack-blue-ed7b60b46869dfbaec9f8d0b5b6720f5.jpg\" \/>\n\t<meta property=\"og:image:width\" content=\"1200\" \/>\n\t<meta property=\"og:image:height\" content=\"1200\" \/>\n\t<meta property=\"og:image:type\" content=\"image\/jpeg\" \/>\n<meta name=\"twitter:card\" content=\"summary_large_image\" \/>\n<script type=\"application\/ld+json\" class=\"yoast-schema-graph\">{\"@context\":\"https:\/\/schema.org\",\"@graph\":[{\"@type\":\"WebPage\",\"@id\":\"https:\/\/hubsch-interior.com\/fr\/produit\/bend-portant-a-vetements-bleu\/\",\"url\":\"https:\/\/hubsch-interior.com\/fr\/produit\/bend-portant-a-vetements-bleu\/\",\"name\":\"Bend Portant \u00e0 v\u00eatements Bleu - H\u00fcbsch\",\"isPartOf\":{\"@id\":\"https:\/\/hubsch-interior.com\/fr\/#website\"},\"primaryImageOfPage\":{\"@id\":\"https:\/\/hubsch-interior.com\/fr\/produit\/bend-portant-a-vetements-bleu\/#primaryimage\"},\"image\":{\"@id\":\"https:\/\/hubsch-interior.com\/fr\/produit\/bend-portant-a-vetements-bleu\/#primaryimage\"},\"thumbnailUrl\":\"https:\/\/hubsch-interior.com\/wp-content\/uploads\/2026\/02\/bend-clothing-rack-blue-48e126f9aa4260c9facbe6eeb2f1d442.jpg\",\"datePublished\":\"2026-01-31T04:22:03+00:00\",\"dateModified\":\"2026-04-06T03:17:26+00:00\",\"description\":\"Fin et \u00e9l\u00e9gant, plein de caract\u00e8re, le Bend Portant \u00e0 v\u00eatements en bleu captivant apporte une touche de couleur fra\u00eeche \u00e0 votre entr\u00e9e sans jamais\",\"breadcrumb\":{\"@id\":\"https:\/\/hubsch-interior.com\/fr\/produit\/bend-portant-a-vetements-bleu\/#breadcrumb\"},\"inLanguage\":\"fr-FR\",\"potentialAction\":[{\"@type\":\"ReadAction\",\"target\":[\"https:\/\/hubsch-interior.com\/fr\/produit\/bend-portant-a-vetements-bleu\/\"]}]},{\"@type\":\"ImageObject\",\"inLanguage\":\"fr-FR\",\"@id\":\"https:\/\/hubsch-interior.com\/fr\/produit\/bend-portant-a-vetements-bleu\/#primaryimage\",\"url\":\"https:\/\/hubsch-interior.com\/wp-content\/uploads\/2026\/02\/bend-clothing-rack-blue-48e126f9aa4260c9facbe6eeb2f1d442.jpg\",\"contentUrl\":\"https:\/\/hubsch-interior.com\/wp-content\/uploads\/2026\/02\/bend-clothing-rack-blue-48e126f9aa4260c9facbe6eeb2f1d442.jpg\",\"width\":1024,\"height\":1024},{\"@type\":\"BreadcrumbList\",\"@id\":\"https:\/\/hubsch-interior.com\/fr\/produit\/bend-portant-a-vetements-bleu\/#breadcrumb\",\"itemListElement\":[{\"@type\":\"ListItem\",\"position\":1,\"name\":\"Page d'accueil\",\"item\":\"https:\/\/hubsch-interior.com\/fr\/\"},{\"@type\":\"ListItem\",\"position\":2,\"name\":\"Produits\",\"item\":\"https:\/\/hubsch-interior.com\/fr\/shop-2\/\"},{\"@type\":\"ListItem\",\"position\":3,\"name\":\"Bend Portant \u00e0 v\u00eatements Bleu\"}]},{\"@type\":\"WebSite\",\"@id\":\"https:\/\/hubsch-interior.com\/fr\/#website\",\"url\":\"https:\/\/hubsch-interior.com\/fr\/\",\"name\":\"H\u00fcbsch\",\"description\":\"Danish Home Interior and Design\",\"publisher\":{\"@id\":\"https:\/\/hubsch-interior.com\/fr\/#organization\"},\"potentialAction\":[{\"@type\":\"SearchAction\",\"target\":{\"@type\":\"EntryPoint\",\"urlTemplate\":\"https:\/\/hubsch-interior.com\/fr\/?s={search_term_string}\"},\"query-input\":{\"@type\":\"PropertyValueSpecification\",\"valueRequired\":true,\"valueName\":\"search_term_string\"}}],\"inLanguage\":\"fr-FR\"},{\"@type\":\"Organization\",\"@id\":\"https:\/\/hubsch-interior.com\/fr\/#organization\",\"name\":\"H\u00fcbsch\",\"url\":\"https:\/\/hubsch-interior.com\/fr\/\",\"logo\":{\"@type\":\"ImageObject\",\"inLanguage\":\"fr-FR\",\"@id\":\"https:\/\/hubsch-interior.com\/fr\/#\/schema\/logo\/image\/\",\"url\":\"https:\/\/hubsch-interior.com\/wp-content\/uploads\/2022\/12\/Hubsch_logo_black_one_line.svg\",\"contentUrl\":\"https:\/\/hubsch-interior.com\/wp-content\/uploads\/2022\/12\/Hubsch_logo_black_one_line.svg\",\"caption\":\"H\u00fcbsch\"},\"image\":{\"@id\":\"https:\/\/hubsch-interior.com\/fr\/#\/schema\/logo\/image\/\"}}]}<\/script>\n<!-- \/ Yoast SEO plugin. -->","yoast_head_json":{"title":"Bend Portant \u00e0 v\u00eatements Bleu - H\u00fcbsch","description":"Fin et \u00e9l\u00e9gant, plein de caract\u00e8re, le Bend Portant \u00e0 v\u00eatements en bleu captivant apporte une touche de couleur fra\u00eeche \u00e0 votre entr\u00e9e sans jamais","robots":{"index":"index","follow":"follow","max-snippet":"max-snippet:-1","max-image-preview":"max-image-preview:large","max-video-preview":"max-video-preview:-1"},"canonical":"https:\/\/hubsch-interior.com\/fr\/wp-json\/wp\/v2\/product\/1088920","og_locale":"fr_FR","og_type":"article","og_title":"Bend Portant \u00e0 v\u00eatements Bleu - H\u00fcbsch","og_description":"Fin et \u00e9l\u00e9gant, plein de caract\u00e8re, le Bend Portant \u00e0 v\u00eatements en bleu captivant apporte une touche de couleur fra\u00eeche \u00e0 votre entr\u00e9e sans jamais","og_url":"https:\/\/hubsch-interior.com\/fr\/produit\/bend-portant-a-vetements-bleu\/","og_site_name":"H\u00fcbsch","article_modified_time":"2026-04-06T03:17:26+00:00","og_image":[{"width":1200,"height":1200,"url":"https:\/\/hubsch-interior.com\/wp-content\/uploads\/2026\/01\/bend-clothing-rack-blue-ed7b60b46869dfbaec9f8d0b5b6720f5.jpg","type":"image\/jpeg"}],"twitter_card":"summary_large_image","schema":{"@context":"https:\/\/schema.org","@graph":[{"@type":"WebPage","@id":"https:\/\/hubsch-interior.com\/fr\/produit\/bend-portant-a-vetements-bleu\/","url":"https:\/\/hubsch-interior.com\/fr\/produit\/bend-portant-a-vetements-bleu\/","name":"Bend Portant \u00e0 v\u00eatements Bleu - H\u00fcbsch","isPartOf":{"@id":"https:\/\/hubsch-interior.com\/fr\/#website"},"primaryImageOfPage":{"@id":"https:\/\/hubsch-interior.com\/fr\/produit\/bend-portant-a-vetements-bleu\/#primaryimage"},"image":{"@id":"https:\/\/hubsch-interior.com\/fr\/produit\/bend-portant-a-vetements-bleu\/#primaryimage"},"thumbnailUrl":"https:\/\/hubsch-interior.com\/wp-content\/uploads\/2026\/02\/bend-clothing-rack-blue-48e126f9aa4260c9facbe6eeb2f1d442.jpg","datePublished":"2026-01-31T04:22:03+00:00","dateModified":"2026-04-06T03:17:26+00:00","description":"Fin et \u00e9l\u00e9gant, plein de caract\u00e8re, le Bend Portant \u00e0 v\u00eatements en bleu captivant apporte une touche de couleur fra\u00eeche \u00e0 votre entr\u00e9e sans jamais","breadcrumb":{"@id":"https:\/\/hubsch-interior.com\/fr\/produit\/bend-portant-a-vetements-bleu\/#breadcrumb"},"inLanguage":"fr-FR","potentialAction":[{"@type":"ReadAction","target":["https:\/\/hubsch-interior.com\/fr\/produit\/bend-portant-a-vetements-bleu\/"]}]},{"@type":"ImageObject","inLanguage":"fr-FR","@id":"https:\/\/hubsch-interior.com\/fr\/produit\/bend-portant-a-vetements-bleu\/#primaryimage","url":"https:\/\/hubsch-interior.com\/wp-content\/uploads\/2026\/02\/bend-clothing-rack-blue-48e126f9aa4260c9facbe6eeb2f1d442.jpg","contentUrl":"https:\/\/hubsch-interior.com\/wp-content\/uploads\/2026\/02\/bend-clothing-rack-blue-48e126f9aa4260c9facbe6eeb2f1d442.jpg","width":1024,"height":1024},{"@type":"BreadcrumbList","@id":"https:\/\/hubsch-interior.com\/fr\/produit\/bend-portant-a-vetements-bleu\/#breadcrumb","itemListElement":[{"@type":"ListItem","position":1,"name":"Page d'accueil","item":"https:\/\/hubsch-interior.com\/fr\/"},{"@type":"ListItem","position":2,"name":"Produits","item":"https:\/\/hubsch-interior.com\/fr\/shop-2\/"},{"@type":"ListItem","position":3,"name":"Bend Portant \u00e0 v\u00eatements Bleu"}]},{"@type":"WebSite","@id":"https:\/\/hubsch-interior.com\/fr\/#website","url":"https:\/\/hubsch-interior.com\/fr\/","name":"H\u00fcbsch","description":"Danish Home Interior and Design","publisher":{"@id":"https:\/\/hubsch-interior.com\/fr\/#organization"},"potentialAction":[{"@type":"SearchAction","target":{"@type":"EntryPoint","urlTemplate":"https:\/\/hubsch-interior.com\/fr\/?s={search_term_string}"},"query-input":{"@type":"PropertyValueSpecification","valueRequired":true,"valueName":"search_term_string"}}],"inLanguage":"fr-FR"},{"@type":"Organization","@id":"https:\/\/hubsch-interior.com\/fr\/#organization","name":"H\u00fcbsch","url":"https:\/\/hubsch-interior.com\/fr\/","logo":{"@type":"ImageObject","inLanguage":"fr-FR","@id":"https:\/\/hubsch-interior.com\/fr\/#\/schema\/logo\/image\/","url":"https:\/\/hubsch-interior.com\/wp-content\/uploads\/2022\/12\/Hubsch_logo_black_one_line.svg","contentUrl":"https:\/\/hubsch-interior.com\/wp-content\/uploads\/2022\/12\/Hubsch_logo_black_one_line.svg","caption":"H\u00fcbsch"},"image":{"@id":"https:\/\/hubsch-interior.com\/fr\/#\/schema\/logo\/image\/"}}]}},"_links":{"self":[{"href":"https:\/\/hubsch-interior.com\/fr\/wp-json\/wp\/v2\/product\/1088920","targetHints":{"allow":["GET"]}}],"collection":[{"href":"https:\/\/hubsch-interior.com\/fr\/wp-json\/wp\/v2\/product"}],"about":[{"href":"https:\/\/hubsch-interior.com\/fr\/wp-json\/wp\/v2\/types\/product"}],"wp:featuredmedia":[{"embeddable":true,"href":"https:\/\/hubsch-interior.com\/fr\/wp-json\/wp\/v2\/media\/1111404"}],"wp:attachment":[{"href":"https:\/\/hubsch-interior.com\/fr\/wp-json\/wp\/v2\/media?parent=1088920"}],"wp:term":[{"taxonomy":"product_brand","embeddable":true,"href":"https:\/\/hubsch-interior.com\/fr\/wp-json\/wp\/v2\/product_brand?post=1088920"},{"taxonomy":"product_cat","embeddable":true,"href":"https:\/\/hubsch-interior.com\/fr\/wp-json\/wp\/v2\/product_cat?post=1088920"},{"taxonomy":"product_tag","embeddable":true,"href":"https:\/\/hubsch-interior.com\/fr\/wp-json\/wp\/v2\/product_tag?post=1088920"}],"curies":[{"name":"wp","href":"https:\/\/api.w.org\/{rel}","templated":true}]}}