{"id":1088968,"date":"2026-01-31T05:22:29","date_gmt":"2026-01-31T04:22:29","guid":{"rendered":"https:\/\/hubsch-interior.com\/product\/product\/"},"modified":"2026-04-05T05:24:00","modified_gmt":"2026-04-05T03:24:00","slug":"step-tabouret-bleu-marron","status":"publish","type":"product","link":"https:\/\/hubsch-interior.com\/fr\/produit\/step-tabouret-bleu-marron\/","title":{"rendered":"Step Tabouret Bleu\/Marron"},"content":{"rendered":"<p>Un petit coup de pouce plein de charme. Le Step Tabouret, par\u00e9 d&#8217;un doux duo de bleu et de brun, fait plus que vous aider \u00e0 atteindre l&#8217;\u00e9tag\u00e8re du haut \u2014 il apporte une touche joyeuse o\u00f9 qu&#8217;il soit plac\u00e9. Fabriqu\u00e9 \u00e0 partir de bois certifi\u00e9 FSC, il est assez robuste pour \u00eatre utilis\u00e9 comme marchepied, assez \u00e9l\u00e9gant pour servir de support \u00e0 plantes, et suffisamment polyvalent pour faire office de si\u00e8ge d&#8217;appoint spontan\u00e9. Une pi\u00e8ce petite mais puissante qui s&#8217;int\u00e8gre sans effort dans votre quotidien.<\/p>\n","protected":false},"excerpt":{"rendered":"<p>Un petit coup de pouce plein de charme. Le Step Tabouret, par\u00e9 d&#8217;un doux duo de bleu et de brun, fait plus que vous aider \u00e0 atteindre l&#8217;\u00e9tag\u00e8re du haut \u2014 il apporte une touche joyeuse o\u00f9 qu&#8217;il soit plac\u00e9. Fabriqu\u00e9 \u00e0 partir de bois certifi\u00e9 FSC, il est assez robuste pour \u00eatre utilis\u00e9 comme [&hellip;]<\/p>\n","protected":false},"featured_media":1113813,"template":"","meta":{"_acf_changed":false,"inline_featured_image":false},"product_brand":[],"product_cat":[7154,6322,2843,3041,5026,5046],"product_tag":[],"class_list":{"0":"post-1088968","1":"product","2":"type-product","3":"status-publish","4":"has-post-thumbnail","6":"product_cat-dweller-fr","7":"product_cat-fsc-fr","8":"product_cat-assises-fr","9":"product_cat-tabouret-fr","10":"product_cat-bestsellers-fr","11":"product_cat-nouveautes-fr","12":"product_shipping_class-pk","14":"pa_color-marron","15":"pa_color-bleu-2","16":"pa_material-fer-fr","17":"pa_material-bois-de-chne-2","19":"first","20":"instock","21":"featured","22":"taxable","23":"shipping-taxable","24":"purchasable","25":"product-type-simple"},"exclude_global_add_ons":[],"addons":[],"acf":[],"yoast_head":"<!-- This site is optimized with the Yoast SEO plugin v26.4 - https:\/\/yoast.com\/wordpress\/plugins\/seo\/ -->\n<title>Step Tabouret Bleu\/Marron - H\u00fcbsch<\/title>\n<meta name=\"description\" content=\"Un petit coup de pouce plein de charme. Le Step Tabouret, par\u00e9 d&#039;un doux duo de bleu et de brun, fait plus que vous aider \u00e0 atteindre l&#039;\u00e9tag\u00e8re du haut \u2014\" \/>\n<meta name=\"robots\" content=\"index, follow, max-snippet:-1, max-image-preview:large, max-video-preview:-1\" \/>\n<link rel=\"canonical\" href=\"https:\/\/hubsch-interior.com\/fr\/wp-json\/wp\/v2\/product\/1088968\" \/>\n<meta property=\"og:locale\" content=\"fr_FR\" \/>\n<meta property=\"og:type\" content=\"article\" \/>\n<meta property=\"og:title\" content=\"Step Tabouret Bleu\/Marron - H\u00fcbsch\" \/>\n<meta property=\"og:description\" content=\"Un petit coup de pouce plein de charme. Le Step Tabouret, par\u00e9 d&#039;un doux duo de bleu et de brun, fait plus que vous aider \u00e0 atteindre l&#039;\u00e9tag\u00e8re du haut \u2014\" \/>\n<meta property=\"og:url\" content=\"https:\/\/hubsch-interior.com\/fr\/produit\/step-tabouret-bleu-marron\/\" \/>\n<meta property=\"og:site_name\" content=\"H\u00fcbsch\" \/>\n<meta property=\"article:modified_time\" content=\"2026-04-05T03:24:00+00:00\" \/>\n<meta property=\"og:image\" content=\"https:\/\/hubsch-interior.com\/wp-content\/uploads\/2026\/01\/step-stool-bluebrown-19220dd3f2f4736798cb454f24f857c1.jpg\" \/>\n\t<meta property=\"og:image:width\" content=\"1200\" \/>\n\t<meta property=\"og:image:height\" content=\"1200\" \/>\n\t<meta property=\"og:image:type\" content=\"image\/jpeg\" \/>\n<meta name=\"twitter:card\" content=\"summary_large_image\" \/>\n<script type=\"application\/ld+json\" class=\"yoast-schema-graph\">{\"@context\":\"https:\/\/schema.org\",\"@graph\":[{\"@type\":\"WebPage\",\"@id\":\"https:\/\/hubsch-interior.com\/fr\/produit\/step-tabouret-bleu-marron\/\",\"url\":\"https:\/\/hubsch-interior.com\/fr\/produit\/step-tabouret-bleu-marron\/\",\"name\":\"Step Tabouret Bleu\/Marron - H\u00fcbsch\",\"isPartOf\":{\"@id\":\"https:\/\/hubsch-interior.com\/fr\/#website\"},\"primaryImageOfPage\":{\"@id\":\"https:\/\/hubsch-interior.com\/fr\/produit\/step-tabouret-bleu-marron\/#primaryimage\"},\"image\":{\"@id\":\"https:\/\/hubsch-interior.com\/fr\/produit\/step-tabouret-bleu-marron\/#primaryimage\"},\"thumbnailUrl\":\"https:\/\/hubsch-interior.com\/wp-content\/uploads\/2026\/02\/step-stool-bluebrown-2f8de0e9d395de813e5a8480f3ff13d9.jpg\",\"datePublished\":\"2026-01-31T04:22:29+00:00\",\"dateModified\":\"2026-04-05T03:24:00+00:00\",\"description\":\"Un petit coup de pouce plein de charme. Le Step Tabouret, par\u00e9 d'un doux duo de bleu et de brun, fait plus que vous aider \u00e0 atteindre l'\u00e9tag\u00e8re du haut \u2014\",\"breadcrumb\":{\"@id\":\"https:\/\/hubsch-interior.com\/fr\/produit\/step-tabouret-bleu-marron\/#breadcrumb\"},\"inLanguage\":\"fr-FR\",\"potentialAction\":[{\"@type\":\"ReadAction\",\"target\":[\"https:\/\/hubsch-interior.com\/fr\/produit\/step-tabouret-bleu-marron\/\"]}]},{\"@type\":\"ImageObject\",\"inLanguage\":\"fr-FR\",\"@id\":\"https:\/\/hubsch-interior.com\/fr\/produit\/step-tabouret-bleu-marron\/#primaryimage\",\"url\":\"https:\/\/hubsch-interior.com\/wp-content\/uploads\/2026\/02\/step-stool-bluebrown-2f8de0e9d395de813e5a8480f3ff13d9.jpg\",\"contentUrl\":\"https:\/\/hubsch-interior.com\/wp-content\/uploads\/2026\/02\/step-stool-bluebrown-2f8de0e9d395de813e5a8480f3ff13d9.jpg\",\"width\":1024,\"height\":1024},{\"@type\":\"BreadcrumbList\",\"@id\":\"https:\/\/hubsch-interior.com\/fr\/produit\/step-tabouret-bleu-marron\/#breadcrumb\",\"itemListElement\":[{\"@type\":\"ListItem\",\"position\":1,\"name\":\"Page d'accueil\",\"item\":\"https:\/\/hubsch-interior.com\/fr\/\"},{\"@type\":\"ListItem\",\"position\":2,\"name\":\"Produits\",\"item\":\"https:\/\/hubsch-interior.com\/fr\/shop-2\/\"},{\"@type\":\"ListItem\",\"position\":3,\"name\":\"Step Tabouret Bleu\/Marron\"}]},{\"@type\":\"WebSite\",\"@id\":\"https:\/\/hubsch-interior.com\/fr\/#website\",\"url\":\"https:\/\/hubsch-interior.com\/fr\/\",\"name\":\"H\u00fcbsch\",\"description\":\"Danish Home Interior and Design\",\"publisher\":{\"@id\":\"https:\/\/hubsch-interior.com\/fr\/#organization\"},\"potentialAction\":[{\"@type\":\"SearchAction\",\"target\":{\"@type\":\"EntryPoint\",\"urlTemplate\":\"https:\/\/hubsch-interior.com\/fr\/?s={search_term_string}\"},\"query-input\":{\"@type\":\"PropertyValueSpecification\",\"valueRequired\":true,\"valueName\":\"search_term_string\"}}],\"inLanguage\":\"fr-FR\"},{\"@type\":\"Organization\",\"@id\":\"https:\/\/hubsch-interior.com\/fr\/#organization\",\"name\":\"H\u00fcbsch\",\"url\":\"https:\/\/hubsch-interior.com\/fr\/\",\"logo\":{\"@type\":\"ImageObject\",\"inLanguage\":\"fr-FR\",\"@id\":\"https:\/\/hubsch-interior.com\/fr\/#\/schema\/logo\/image\/\",\"url\":\"https:\/\/hubsch-interior.com\/wp-content\/uploads\/2022\/12\/Hubsch_logo_black_one_line.svg\",\"contentUrl\":\"https:\/\/hubsch-interior.com\/wp-content\/uploads\/2022\/12\/Hubsch_logo_black_one_line.svg\",\"caption\":\"H\u00fcbsch\"},\"image\":{\"@id\":\"https:\/\/hubsch-interior.com\/fr\/#\/schema\/logo\/image\/\"}}]}<\/script>\n<!-- \/ Yoast SEO plugin. -->","yoast_head_json":{"title":"Step Tabouret Bleu\/Marron - H\u00fcbsch","description":"Un petit coup de pouce plein de charme. Le Step Tabouret, par\u00e9 d'un doux duo de bleu et de brun, fait plus que vous aider \u00e0 atteindre l'\u00e9tag\u00e8re du haut \u2014","robots":{"index":"index","follow":"follow","max-snippet":"max-snippet:-1","max-image-preview":"max-image-preview:large","max-video-preview":"max-video-preview:-1"},"canonical":"https:\/\/hubsch-interior.com\/fr\/wp-json\/wp\/v2\/product\/1088968","og_locale":"fr_FR","og_type":"article","og_title":"Step Tabouret Bleu\/Marron - H\u00fcbsch","og_description":"Un petit coup de pouce plein de charme. Le Step Tabouret, par\u00e9 d'un doux duo de bleu et de brun, fait plus que vous aider \u00e0 atteindre l'\u00e9tag\u00e8re du haut \u2014","og_url":"https:\/\/hubsch-interior.com\/fr\/produit\/step-tabouret-bleu-marron\/","og_site_name":"H\u00fcbsch","article_modified_time":"2026-04-05T03:24:00+00:00","og_image":[{"width":1200,"height":1200,"url":"https:\/\/hubsch-interior.com\/wp-content\/uploads\/2026\/01\/step-stool-bluebrown-19220dd3f2f4736798cb454f24f857c1.jpg","type":"image\/jpeg"}],"twitter_card":"summary_large_image","schema":{"@context":"https:\/\/schema.org","@graph":[{"@type":"WebPage","@id":"https:\/\/hubsch-interior.com\/fr\/produit\/step-tabouret-bleu-marron\/","url":"https:\/\/hubsch-interior.com\/fr\/produit\/step-tabouret-bleu-marron\/","name":"Step Tabouret Bleu\/Marron - H\u00fcbsch","isPartOf":{"@id":"https:\/\/hubsch-interior.com\/fr\/#website"},"primaryImageOfPage":{"@id":"https:\/\/hubsch-interior.com\/fr\/produit\/step-tabouret-bleu-marron\/#primaryimage"},"image":{"@id":"https:\/\/hubsch-interior.com\/fr\/produit\/step-tabouret-bleu-marron\/#primaryimage"},"thumbnailUrl":"https:\/\/hubsch-interior.com\/wp-content\/uploads\/2026\/02\/step-stool-bluebrown-2f8de0e9d395de813e5a8480f3ff13d9.jpg","datePublished":"2026-01-31T04:22:29+00:00","dateModified":"2026-04-05T03:24:00+00:00","description":"Un petit coup de pouce plein de charme. Le Step Tabouret, par\u00e9 d'un doux duo de bleu et de brun, fait plus que vous aider \u00e0 atteindre l'\u00e9tag\u00e8re du haut \u2014","breadcrumb":{"@id":"https:\/\/hubsch-interior.com\/fr\/produit\/step-tabouret-bleu-marron\/#breadcrumb"},"inLanguage":"fr-FR","potentialAction":[{"@type":"ReadAction","target":["https:\/\/hubsch-interior.com\/fr\/produit\/step-tabouret-bleu-marron\/"]}]},{"@type":"ImageObject","inLanguage":"fr-FR","@id":"https:\/\/hubsch-interior.com\/fr\/produit\/step-tabouret-bleu-marron\/#primaryimage","url":"https:\/\/hubsch-interior.com\/wp-content\/uploads\/2026\/02\/step-stool-bluebrown-2f8de0e9d395de813e5a8480f3ff13d9.jpg","contentUrl":"https:\/\/hubsch-interior.com\/wp-content\/uploads\/2026\/02\/step-stool-bluebrown-2f8de0e9d395de813e5a8480f3ff13d9.jpg","width":1024,"height":1024},{"@type":"BreadcrumbList","@id":"https:\/\/hubsch-interior.com\/fr\/produit\/step-tabouret-bleu-marron\/#breadcrumb","itemListElement":[{"@type":"ListItem","position":1,"name":"Page d'accueil","item":"https:\/\/hubsch-interior.com\/fr\/"},{"@type":"ListItem","position":2,"name":"Produits","item":"https:\/\/hubsch-interior.com\/fr\/shop-2\/"},{"@type":"ListItem","position":3,"name":"Step Tabouret Bleu\/Marron"}]},{"@type":"WebSite","@id":"https:\/\/hubsch-interior.com\/fr\/#website","url":"https:\/\/hubsch-interior.com\/fr\/","name":"H\u00fcbsch","description":"Danish Home Interior and Design","publisher":{"@id":"https:\/\/hubsch-interior.com\/fr\/#organization"},"potentialAction":[{"@type":"SearchAction","target":{"@type":"EntryPoint","urlTemplate":"https:\/\/hubsch-interior.com\/fr\/?s={search_term_string}"},"query-input":{"@type":"PropertyValueSpecification","valueRequired":true,"valueName":"search_term_string"}}],"inLanguage":"fr-FR"},{"@type":"Organization","@id":"https:\/\/hubsch-interior.com\/fr\/#organization","name":"H\u00fcbsch","url":"https:\/\/hubsch-interior.com\/fr\/","logo":{"@type":"ImageObject","inLanguage":"fr-FR","@id":"https:\/\/hubsch-interior.com\/fr\/#\/schema\/logo\/image\/","url":"https:\/\/hubsch-interior.com\/wp-content\/uploads\/2022\/12\/Hubsch_logo_black_one_line.svg","contentUrl":"https:\/\/hubsch-interior.com\/wp-content\/uploads\/2022\/12\/Hubsch_logo_black_one_line.svg","caption":"H\u00fcbsch"},"image":{"@id":"https:\/\/hubsch-interior.com\/fr\/#\/schema\/logo\/image\/"}}]}},"_links":{"self":[{"href":"https:\/\/hubsch-interior.com\/fr\/wp-json\/wp\/v2\/product\/1088968","targetHints":{"allow":["GET"]}}],"collection":[{"href":"https:\/\/hubsch-interior.com\/fr\/wp-json\/wp\/v2\/product"}],"about":[{"href":"https:\/\/hubsch-interior.com\/fr\/wp-json\/wp\/v2\/types\/product"}],"wp:featuredmedia":[{"embeddable":true,"href":"https:\/\/hubsch-interior.com\/fr\/wp-json\/wp\/v2\/media\/1113813"}],"wp:attachment":[{"href":"https:\/\/hubsch-interior.com\/fr\/wp-json\/wp\/v2\/media?parent=1088968"}],"wp:term":[{"taxonomy":"product_brand","embeddable":true,"href":"https:\/\/hubsch-interior.com\/fr\/wp-json\/wp\/v2\/product_brand?post=1088968"},{"taxonomy":"product_cat","embeddable":true,"href":"https:\/\/hubsch-interior.com\/fr\/wp-json\/wp\/v2\/product_cat?post=1088968"},{"taxonomy":"product_tag","embeddable":true,"href":"https:\/\/hubsch-interior.com\/fr\/wp-json\/wp\/v2\/product_tag?post=1088968"}],"curies":[{"name":"wp","href":"https:\/\/api.w.org\/{rel}","templated":true}]}}