{"id":1088984,"date":"2026-01-31T05:22:41","date_gmt":"2026-01-31T04:22:41","guid":{"rendered":"https:\/\/hubsch-interior.com\/product\/product\/"},"modified":"2026-04-06T05:17:40","modified_gmt":"2026-04-06T03:17:40","slug":"sheets-tablette-gris-clair","status":"publish","type":"product","link":"https:\/\/hubsch-interior.com\/fr\/produit\/sheets-tablette-gris-clair\/","title":{"rendered":"Sheets Tablette Gris clair"},"content":{"rendered":"<p>L\u00e9ger comme du papier, mais avec un caract\u00e8re affirm\u00e9. La Tablette Sheets, pli\u00e9e comme une page repli\u00e9e, allie sculpture et fonctionnalit\u00e9 en parfait \u00e9quilibre. Con\u00e7ue en m\u00e9tal thermolaqu\u00e9 d&#8217;un doux gris clair, elle \u00e9voque une \u00e9l\u00e9gance contemporaine tout en offrant un support solide pour des livres, des plantes ou des objets pr\u00e9cieux. Disponible en deux variantes raffin\u00e9es, elle vous permet de personnaliser votre espace avec un minimalisme chic. Un accent artistique et \u00e9pur\u00e9 qui transforme m\u00eame le mur le plus simple en quelque chose de subtilement exceptionnel.<\/p>\n","protected":false},"excerpt":{"rendered":"<p>L\u00e9ger comme du papier, mais avec un caract\u00e8re affirm\u00e9. La Tablette Sheets, pli\u00e9e comme une page repli\u00e9e, allie sculpture et fonctionnalit\u00e9 en parfait \u00e9quilibre. Con\u00e7ue en m\u00e9tal thermolaqu\u00e9 d&#8217;un doux gris clair, elle \u00e9voque une \u00e9l\u00e9gance contemporaine tout en offrant un support solide pour des livres, des plantes ou des objets pr\u00e9cieux. Disponible en deux [&hellip;]<\/p>\n","protected":false},"featured_media":1113837,"template":"","meta":{"_acf_changed":false,"inline_featured_image":false},"product_brand":[],"product_cat":[7154,7071,7072,4001,4023,5046],"product_tag":[],"class_list":{"0":"post-1088984","1":"product","2":"type-product","3":"status-publish","4":"has-post-thumbnail","6":"product_cat-dweller-fr","7":"product_cat-crochets-et-etageres-fr","8":"product_cat-cuisine-crochets-fr","9":"product_cat-etageres-et-meubles-de-rangement-fr","10":"product_cat-etageres-murales-fr","11":"product_cat-nouveautes-fr","12":"product_shipping_class-pk","14":"pa_color-gris-clair-2","15":"pa_material-aluminium-fr","17":"first","18":"instock","19":"taxable","20":"shipping-taxable","21":"purchasable","22":"product-type-simple"},"exclude_global_add_ons":[],"addons":[],"acf":[],"yoast_head":"<!-- This site is optimized with the Yoast SEO plugin v26.4 - https:\/\/yoast.com\/wordpress\/plugins\/seo\/ -->\n<title>Sheets Tablette Gris clair - H\u00fcbsch<\/title>\n<meta name=\"description\" content=\"L\u00e9ger comme du papier, mais avec un caract\u00e8re affirm\u00e9. La Tablette Sheets, pli\u00e9e comme une page repli\u00e9e, allie sculpture et fonctionnalit\u00e9 en parfait\" \/>\n<meta name=\"robots\" content=\"index, follow, max-snippet:-1, max-image-preview:large, max-video-preview:-1\" \/>\n<link rel=\"canonical\" href=\"https:\/\/hubsch-interior.com\/fr\/wp-json\/wp\/v2\/product\/1088984\" \/>\n<meta property=\"og:locale\" content=\"fr_FR\" \/>\n<meta property=\"og:type\" content=\"article\" \/>\n<meta property=\"og:title\" content=\"Sheets Tablette Gris clair - H\u00fcbsch\" \/>\n<meta property=\"og:description\" content=\"L\u00e9ger comme du papier, mais avec un caract\u00e8re affirm\u00e9. La Tablette Sheets, pli\u00e9e comme une page repli\u00e9e, allie sculpture et fonctionnalit\u00e9 en parfait\" \/>\n<meta property=\"og:url\" content=\"https:\/\/hubsch-interior.com\/fr\/produit\/sheets-tablette-gris-clair\/\" \/>\n<meta property=\"og:site_name\" content=\"H\u00fcbsch\" \/>\n<meta property=\"article:modified_time\" content=\"2026-04-06T03:17:40+00:00\" \/>\n<meta property=\"og:image\" content=\"https:\/\/hubsch-interior.com\/wp-content\/uploads\/2026\/01\/sheets-shelf-light-grey-53f63260cba6b0371a4d426cc318c5f5.jpg\" \/>\n\t<meta property=\"og:image:width\" content=\"1200\" \/>\n\t<meta property=\"og:image:height\" content=\"1200\" \/>\n\t<meta property=\"og:image:type\" content=\"image\/jpeg\" \/>\n<meta name=\"twitter:card\" content=\"summary_large_image\" \/>\n<script type=\"application\/ld+json\" class=\"yoast-schema-graph\">{\"@context\":\"https:\/\/schema.org\",\"@graph\":[{\"@type\":\"WebPage\",\"@id\":\"https:\/\/hubsch-interior.com\/fr\/produit\/sheets-tablette-gris-clair\/\",\"url\":\"https:\/\/hubsch-interior.com\/fr\/produit\/sheets-tablette-gris-clair\/\",\"name\":\"Sheets Tablette Gris clair - H\u00fcbsch\",\"isPartOf\":{\"@id\":\"https:\/\/hubsch-interior.com\/fr\/#website\"},\"primaryImageOfPage\":{\"@id\":\"https:\/\/hubsch-interior.com\/fr\/produit\/sheets-tablette-gris-clair\/#primaryimage\"},\"image\":{\"@id\":\"https:\/\/hubsch-interior.com\/fr\/produit\/sheets-tablette-gris-clair\/#primaryimage\"},\"thumbnailUrl\":\"https:\/\/hubsch-interior.com\/wp-content\/uploads\/2026\/02\/sheets-shelf-light-grey-ec215e6b69cb1b460d1139a3ed02d888.jpg\",\"datePublished\":\"2026-01-31T04:22:41+00:00\",\"dateModified\":\"2026-04-06T03:17:40+00:00\",\"description\":\"L\u00e9ger comme du papier, mais avec un caract\u00e8re affirm\u00e9. La Tablette Sheets, pli\u00e9e comme une page repli\u00e9e, allie sculpture et fonctionnalit\u00e9 en parfait\",\"breadcrumb\":{\"@id\":\"https:\/\/hubsch-interior.com\/fr\/produit\/sheets-tablette-gris-clair\/#breadcrumb\"},\"inLanguage\":\"fr-FR\",\"potentialAction\":[{\"@type\":\"ReadAction\",\"target\":[\"https:\/\/hubsch-interior.com\/fr\/produit\/sheets-tablette-gris-clair\/\"]}]},{\"@type\":\"ImageObject\",\"inLanguage\":\"fr-FR\",\"@id\":\"https:\/\/hubsch-interior.com\/fr\/produit\/sheets-tablette-gris-clair\/#primaryimage\",\"url\":\"https:\/\/hubsch-interior.com\/wp-content\/uploads\/2026\/02\/sheets-shelf-light-grey-ec215e6b69cb1b460d1139a3ed02d888.jpg\",\"contentUrl\":\"https:\/\/hubsch-interior.com\/wp-content\/uploads\/2026\/02\/sheets-shelf-light-grey-ec215e6b69cb1b460d1139a3ed02d888.jpg\",\"width\":1024,\"height\":1024},{\"@type\":\"BreadcrumbList\",\"@id\":\"https:\/\/hubsch-interior.com\/fr\/produit\/sheets-tablette-gris-clair\/#breadcrumb\",\"itemListElement\":[{\"@type\":\"ListItem\",\"position\":1,\"name\":\"Page d'accueil\",\"item\":\"https:\/\/hubsch-interior.com\/fr\/\"},{\"@type\":\"ListItem\",\"position\":2,\"name\":\"Produits\",\"item\":\"https:\/\/hubsch-interior.com\/fr\/shop-2\/\"},{\"@type\":\"ListItem\",\"position\":3,\"name\":\"Sheets Tablette Gris clair\"}]},{\"@type\":\"WebSite\",\"@id\":\"https:\/\/hubsch-interior.com\/fr\/#website\",\"url\":\"https:\/\/hubsch-interior.com\/fr\/\",\"name\":\"H\u00fcbsch\",\"description\":\"Danish Home Interior and Design\",\"publisher\":{\"@id\":\"https:\/\/hubsch-interior.com\/fr\/#organization\"},\"potentialAction\":[{\"@type\":\"SearchAction\",\"target\":{\"@type\":\"EntryPoint\",\"urlTemplate\":\"https:\/\/hubsch-interior.com\/fr\/?s={search_term_string}\"},\"query-input\":{\"@type\":\"PropertyValueSpecification\",\"valueRequired\":true,\"valueName\":\"search_term_string\"}}],\"inLanguage\":\"fr-FR\"},{\"@type\":\"Organization\",\"@id\":\"https:\/\/hubsch-interior.com\/fr\/#organization\",\"name\":\"H\u00fcbsch\",\"url\":\"https:\/\/hubsch-interior.com\/fr\/\",\"logo\":{\"@type\":\"ImageObject\",\"inLanguage\":\"fr-FR\",\"@id\":\"https:\/\/hubsch-interior.com\/fr\/#\/schema\/logo\/image\/\",\"url\":\"https:\/\/hubsch-interior.com\/wp-content\/uploads\/2022\/12\/Hubsch_logo_black_one_line.svg\",\"contentUrl\":\"https:\/\/hubsch-interior.com\/wp-content\/uploads\/2022\/12\/Hubsch_logo_black_one_line.svg\",\"caption\":\"H\u00fcbsch\"},\"image\":{\"@id\":\"https:\/\/hubsch-interior.com\/fr\/#\/schema\/logo\/image\/\"}}]}<\/script>\n<!-- \/ Yoast SEO plugin. -->","yoast_head_json":{"title":"Sheets Tablette Gris clair - H\u00fcbsch","description":"L\u00e9ger comme du papier, mais avec un caract\u00e8re affirm\u00e9. La Tablette Sheets, pli\u00e9e comme une page repli\u00e9e, allie sculpture et fonctionnalit\u00e9 en parfait","robots":{"index":"index","follow":"follow","max-snippet":"max-snippet:-1","max-image-preview":"max-image-preview:large","max-video-preview":"max-video-preview:-1"},"canonical":"https:\/\/hubsch-interior.com\/fr\/wp-json\/wp\/v2\/product\/1088984","og_locale":"fr_FR","og_type":"article","og_title":"Sheets Tablette Gris clair - H\u00fcbsch","og_description":"L\u00e9ger comme du papier, mais avec un caract\u00e8re affirm\u00e9. La Tablette Sheets, pli\u00e9e comme une page repli\u00e9e, allie sculpture et fonctionnalit\u00e9 en parfait","og_url":"https:\/\/hubsch-interior.com\/fr\/produit\/sheets-tablette-gris-clair\/","og_site_name":"H\u00fcbsch","article_modified_time":"2026-04-06T03:17:40+00:00","og_image":[{"width":1200,"height":1200,"url":"https:\/\/hubsch-interior.com\/wp-content\/uploads\/2026\/01\/sheets-shelf-light-grey-53f63260cba6b0371a4d426cc318c5f5.jpg","type":"image\/jpeg"}],"twitter_card":"summary_large_image","schema":{"@context":"https:\/\/schema.org","@graph":[{"@type":"WebPage","@id":"https:\/\/hubsch-interior.com\/fr\/produit\/sheets-tablette-gris-clair\/","url":"https:\/\/hubsch-interior.com\/fr\/produit\/sheets-tablette-gris-clair\/","name":"Sheets Tablette Gris clair - H\u00fcbsch","isPartOf":{"@id":"https:\/\/hubsch-interior.com\/fr\/#website"},"primaryImageOfPage":{"@id":"https:\/\/hubsch-interior.com\/fr\/produit\/sheets-tablette-gris-clair\/#primaryimage"},"image":{"@id":"https:\/\/hubsch-interior.com\/fr\/produit\/sheets-tablette-gris-clair\/#primaryimage"},"thumbnailUrl":"https:\/\/hubsch-interior.com\/wp-content\/uploads\/2026\/02\/sheets-shelf-light-grey-ec215e6b69cb1b460d1139a3ed02d888.jpg","datePublished":"2026-01-31T04:22:41+00:00","dateModified":"2026-04-06T03:17:40+00:00","description":"L\u00e9ger comme du papier, mais avec un caract\u00e8re affirm\u00e9. La Tablette Sheets, pli\u00e9e comme une page repli\u00e9e, allie sculpture et fonctionnalit\u00e9 en parfait","breadcrumb":{"@id":"https:\/\/hubsch-interior.com\/fr\/produit\/sheets-tablette-gris-clair\/#breadcrumb"},"inLanguage":"fr-FR","potentialAction":[{"@type":"ReadAction","target":["https:\/\/hubsch-interior.com\/fr\/produit\/sheets-tablette-gris-clair\/"]}]},{"@type":"ImageObject","inLanguage":"fr-FR","@id":"https:\/\/hubsch-interior.com\/fr\/produit\/sheets-tablette-gris-clair\/#primaryimage","url":"https:\/\/hubsch-interior.com\/wp-content\/uploads\/2026\/02\/sheets-shelf-light-grey-ec215e6b69cb1b460d1139a3ed02d888.jpg","contentUrl":"https:\/\/hubsch-interior.com\/wp-content\/uploads\/2026\/02\/sheets-shelf-light-grey-ec215e6b69cb1b460d1139a3ed02d888.jpg","width":1024,"height":1024},{"@type":"BreadcrumbList","@id":"https:\/\/hubsch-interior.com\/fr\/produit\/sheets-tablette-gris-clair\/#breadcrumb","itemListElement":[{"@type":"ListItem","position":1,"name":"Page d'accueil","item":"https:\/\/hubsch-interior.com\/fr\/"},{"@type":"ListItem","position":2,"name":"Produits","item":"https:\/\/hubsch-interior.com\/fr\/shop-2\/"},{"@type":"ListItem","position":3,"name":"Sheets Tablette Gris clair"}]},{"@type":"WebSite","@id":"https:\/\/hubsch-interior.com\/fr\/#website","url":"https:\/\/hubsch-interior.com\/fr\/","name":"H\u00fcbsch","description":"Danish Home Interior and Design","publisher":{"@id":"https:\/\/hubsch-interior.com\/fr\/#organization"},"potentialAction":[{"@type":"SearchAction","target":{"@type":"EntryPoint","urlTemplate":"https:\/\/hubsch-interior.com\/fr\/?s={search_term_string}"},"query-input":{"@type":"PropertyValueSpecification","valueRequired":true,"valueName":"search_term_string"}}],"inLanguage":"fr-FR"},{"@type":"Organization","@id":"https:\/\/hubsch-interior.com\/fr\/#organization","name":"H\u00fcbsch","url":"https:\/\/hubsch-interior.com\/fr\/","logo":{"@type":"ImageObject","inLanguage":"fr-FR","@id":"https:\/\/hubsch-interior.com\/fr\/#\/schema\/logo\/image\/","url":"https:\/\/hubsch-interior.com\/wp-content\/uploads\/2022\/12\/Hubsch_logo_black_one_line.svg","contentUrl":"https:\/\/hubsch-interior.com\/wp-content\/uploads\/2022\/12\/Hubsch_logo_black_one_line.svg","caption":"H\u00fcbsch"},"image":{"@id":"https:\/\/hubsch-interior.com\/fr\/#\/schema\/logo\/image\/"}}]}},"_links":{"self":[{"href":"https:\/\/hubsch-interior.com\/fr\/wp-json\/wp\/v2\/product\/1088984","targetHints":{"allow":["GET"]}}],"collection":[{"href":"https:\/\/hubsch-interior.com\/fr\/wp-json\/wp\/v2\/product"}],"about":[{"href":"https:\/\/hubsch-interior.com\/fr\/wp-json\/wp\/v2\/types\/product"}],"wp:featuredmedia":[{"embeddable":true,"href":"https:\/\/hubsch-interior.com\/fr\/wp-json\/wp\/v2\/media\/1113837"}],"wp:attachment":[{"href":"https:\/\/hubsch-interior.com\/fr\/wp-json\/wp\/v2\/media?parent=1088984"}],"wp:term":[{"taxonomy":"product_brand","embeddable":true,"href":"https:\/\/hubsch-interior.com\/fr\/wp-json\/wp\/v2\/product_brand?post=1088984"},{"taxonomy":"product_cat","embeddable":true,"href":"https:\/\/hubsch-interior.com\/fr\/wp-json\/wp\/v2\/product_cat?post=1088984"},{"taxonomy":"product_tag","embeddable":true,"href":"https:\/\/hubsch-interior.com\/fr\/wp-json\/wp\/v2\/product_tag?post=1088984"}],"curies":[{"name":"wp","href":"https:\/\/api.w.org\/{rel}","templated":true}]}}