{"id":1089004,"date":"2026-01-31T05:22:55","date_gmt":"2026-01-31T04:22:55","guid":{"rendered":"https:\/\/hubsch-interior.com\/product\/product\/"},"modified":"2026-04-06T05:17:45","modified_gmt":"2026-04-06T03:17:45","slug":"sheets-tablette-vert-fonce","status":"publish","type":"product","link":"https:\/\/hubsch-interior.com\/fr\/produit\/sheets-tablette-vert-fonce\/","title":{"rendered":"Sheets Tablette Vert fonc\u00e9"},"content":{"rendered":"<p>Courbes \u00e9l\u00e9gantes, attitude audacieuse. La Tablette Sheets, dans une nuance sophistiqu\u00e9e de vert fonc\u00e9, se courbe comme une page pli\u00e9e, transformant un simple rangement en quelque chose de sculptural. Fabriqu\u00e9e en m\u00e9tal robuste \u00e0 rev\u00eatement en poudre, elle ajoute une touche de drame discret \u00e0 votre int\u00e9rieur \u2014 que ce soit en solo au-dessus d&#8217;un bureau, en paire comme \u00e9l\u00e9ment mural superpos\u00e9, ou pour mettre en valeur une plante tombante et vos derni\u00e8res lectures. Une pi\u00e8ce subtilement remarquable qui n&#8217;a pas besoin de se faire entendre, cette tablette apporte \u00e0 la fois fonctionnalit\u00e9 et finesse \u00e0 votre espace. Un accent contemporain astucieux qui transforme les objets du quotidien en beaut\u00e9 soigneusement organis\u00e9e.<\/p>\n","protected":false},"excerpt":{"rendered":"<p>Courbes \u00e9l\u00e9gantes, attitude audacieuse. La Tablette Sheets, dans une nuance sophistiqu\u00e9e de vert fonc\u00e9, se courbe comme une page pli\u00e9e, transformant un simple rangement en quelque chose de sculptural. Fabriqu\u00e9e en m\u00e9tal robuste \u00e0 rev\u00eatement en poudre, elle ajoute une touche de drame discret \u00e0 votre int\u00e9rieur \u2014 que ce soit en solo au-dessus d&#8217;un [&hellip;]<\/p>\n","protected":false},"featured_media":1113845,"template":"","meta":{"_acf_changed":false,"inline_featured_image":false},"product_brand":[],"product_cat":[7154,7071,7072,4001,4023,5046],"product_tag":[],"class_list":{"0":"post-1089004","1":"product","2":"type-product","3":"status-publish","4":"has-post-thumbnail","6":"product_cat-dweller-fr","7":"product_cat-crochets-et-etageres-fr","8":"product_cat-cuisine-crochets-fr","9":"product_cat-etageres-et-meubles-de-rangement-fr","10":"product_cat-etageres-murales-fr","11":"product_cat-nouveautes-fr","12":"product_shipping_class-pk","14":"pa_color-vert-fonc-2","15":"pa_material-aluminium-fr","17":"first","18":"instock","19":"taxable","20":"shipping-taxable","21":"purchasable","22":"product-type-simple"},"exclude_global_add_ons":[],"addons":[],"acf":[],"yoast_head":"<!-- This site is optimized with the Yoast SEO plugin v26.4 - https:\/\/yoast.com\/wordpress\/plugins\/seo\/ -->\n<title>Sheets Tablette Vert fonc\u00e9 - H\u00fcbsch<\/title>\n<meta name=\"description\" content=\"Courbes \u00e9l\u00e9gantes, attitude audacieuse. La Tablette Sheets, dans une nuance sophistiqu\u00e9e de vert fonc\u00e9, se courbe comme une page pli\u00e9e, transformant un\" \/>\n<meta name=\"robots\" content=\"index, follow, max-snippet:-1, max-image-preview:large, max-video-preview:-1\" \/>\n<link rel=\"canonical\" href=\"https:\/\/hubsch-interior.com\/fr\/wp-json\/wp\/v2\/product\/1089004\" \/>\n<meta property=\"og:locale\" content=\"fr_FR\" \/>\n<meta property=\"og:type\" content=\"article\" \/>\n<meta property=\"og:title\" content=\"Sheets Tablette Vert fonc\u00e9 - H\u00fcbsch\" \/>\n<meta property=\"og:description\" content=\"Courbes \u00e9l\u00e9gantes, attitude audacieuse. La Tablette Sheets, dans une nuance sophistiqu\u00e9e de vert fonc\u00e9, se courbe comme une page pli\u00e9e, transformant un\" \/>\n<meta property=\"og:url\" content=\"https:\/\/hubsch-interior.com\/fr\/produit\/sheets-tablette-vert-fonce\/\" \/>\n<meta property=\"og:site_name\" content=\"H\u00fcbsch\" \/>\n<meta property=\"article:modified_time\" content=\"2026-04-06T03:17:45+00:00\" \/>\n<meta property=\"og:image\" content=\"https:\/\/hubsch-interior.com\/wp-content\/uploads\/2026\/01\/sheets-shelf-dark-green-39b84b76cae27267c5ccd274dac1e9f0.jpg\" \/>\n\t<meta property=\"og:image:width\" content=\"1200\" \/>\n\t<meta property=\"og:image:height\" content=\"1200\" \/>\n\t<meta property=\"og:image:type\" content=\"image\/jpeg\" \/>\n<meta name=\"twitter:card\" content=\"summary_large_image\" \/>\n<meta name=\"twitter:label1\" content=\"Dur\u00e9e de lecture estim\u00e9e\" \/>\n\t<meta name=\"twitter:data1\" content=\"1 minute\" \/>\n<script type=\"application\/ld+json\" class=\"yoast-schema-graph\">{\"@context\":\"https:\/\/schema.org\",\"@graph\":[{\"@type\":\"WebPage\",\"@id\":\"https:\/\/hubsch-interior.com\/fr\/produit\/sheets-tablette-vert-fonce\/\",\"url\":\"https:\/\/hubsch-interior.com\/fr\/produit\/sheets-tablette-vert-fonce\/\",\"name\":\"Sheets Tablette Vert fonc\u00e9 - H\u00fcbsch\",\"isPartOf\":{\"@id\":\"https:\/\/hubsch-interior.com\/fr\/#website\"},\"primaryImageOfPage\":{\"@id\":\"https:\/\/hubsch-interior.com\/fr\/produit\/sheets-tablette-vert-fonce\/#primaryimage\"},\"image\":{\"@id\":\"https:\/\/hubsch-interior.com\/fr\/produit\/sheets-tablette-vert-fonce\/#primaryimage\"},\"thumbnailUrl\":\"https:\/\/hubsch-interior.com\/wp-content\/uploads\/2026\/02\/sheets-shelf-dark-green-5d4d59c9f97bfec00397ba61ab64436c.jpg\",\"datePublished\":\"2026-01-31T04:22:55+00:00\",\"dateModified\":\"2026-04-06T03:17:45+00:00\",\"description\":\"Courbes \u00e9l\u00e9gantes, attitude audacieuse. La Tablette Sheets, dans une nuance sophistiqu\u00e9e de vert fonc\u00e9, se courbe comme une page pli\u00e9e, transformant un\",\"breadcrumb\":{\"@id\":\"https:\/\/hubsch-interior.com\/fr\/produit\/sheets-tablette-vert-fonce\/#breadcrumb\"},\"inLanguage\":\"fr-FR\",\"potentialAction\":[{\"@type\":\"ReadAction\",\"target\":[\"https:\/\/hubsch-interior.com\/fr\/produit\/sheets-tablette-vert-fonce\/\"]}]},{\"@type\":\"ImageObject\",\"inLanguage\":\"fr-FR\",\"@id\":\"https:\/\/hubsch-interior.com\/fr\/produit\/sheets-tablette-vert-fonce\/#primaryimage\",\"url\":\"https:\/\/hubsch-interior.com\/wp-content\/uploads\/2026\/02\/sheets-shelf-dark-green-5d4d59c9f97bfec00397ba61ab64436c.jpg\",\"contentUrl\":\"https:\/\/hubsch-interior.com\/wp-content\/uploads\/2026\/02\/sheets-shelf-dark-green-5d4d59c9f97bfec00397ba61ab64436c.jpg\",\"width\":1024,\"height\":1024},{\"@type\":\"BreadcrumbList\",\"@id\":\"https:\/\/hubsch-interior.com\/fr\/produit\/sheets-tablette-vert-fonce\/#breadcrumb\",\"itemListElement\":[{\"@type\":\"ListItem\",\"position\":1,\"name\":\"Page d'accueil\",\"item\":\"https:\/\/hubsch-interior.com\/fr\/\"},{\"@type\":\"ListItem\",\"position\":2,\"name\":\"Produits\",\"item\":\"https:\/\/hubsch-interior.com\/fr\/shop-2\/\"},{\"@type\":\"ListItem\",\"position\":3,\"name\":\"Sheets Tablette Vert fonc\u00e9\"}]},{\"@type\":\"WebSite\",\"@id\":\"https:\/\/hubsch-interior.com\/fr\/#website\",\"url\":\"https:\/\/hubsch-interior.com\/fr\/\",\"name\":\"H\u00fcbsch\",\"description\":\"Danish Home Interior and Design\",\"publisher\":{\"@id\":\"https:\/\/hubsch-interior.com\/fr\/#organization\"},\"potentialAction\":[{\"@type\":\"SearchAction\",\"target\":{\"@type\":\"EntryPoint\",\"urlTemplate\":\"https:\/\/hubsch-interior.com\/fr\/?s={search_term_string}\"},\"query-input\":{\"@type\":\"PropertyValueSpecification\",\"valueRequired\":true,\"valueName\":\"search_term_string\"}}],\"inLanguage\":\"fr-FR\"},{\"@type\":\"Organization\",\"@id\":\"https:\/\/hubsch-interior.com\/fr\/#organization\",\"name\":\"H\u00fcbsch\",\"url\":\"https:\/\/hubsch-interior.com\/fr\/\",\"logo\":{\"@type\":\"ImageObject\",\"inLanguage\":\"fr-FR\",\"@id\":\"https:\/\/hubsch-interior.com\/fr\/#\/schema\/logo\/image\/\",\"url\":\"https:\/\/hubsch-interior.com\/wp-content\/uploads\/2022\/12\/Hubsch_logo_black_one_line.svg\",\"contentUrl\":\"https:\/\/hubsch-interior.com\/wp-content\/uploads\/2022\/12\/Hubsch_logo_black_one_line.svg\",\"caption\":\"H\u00fcbsch\"},\"image\":{\"@id\":\"https:\/\/hubsch-interior.com\/fr\/#\/schema\/logo\/image\/\"}}]}<\/script>\n<!-- \/ Yoast SEO plugin. -->","yoast_head_json":{"title":"Sheets Tablette Vert fonc\u00e9 - H\u00fcbsch","description":"Courbes \u00e9l\u00e9gantes, attitude audacieuse. La Tablette Sheets, dans une nuance sophistiqu\u00e9e de vert fonc\u00e9, se courbe comme une page pli\u00e9e, transformant un","robots":{"index":"index","follow":"follow","max-snippet":"max-snippet:-1","max-image-preview":"max-image-preview:large","max-video-preview":"max-video-preview:-1"},"canonical":"https:\/\/hubsch-interior.com\/fr\/wp-json\/wp\/v2\/product\/1089004","og_locale":"fr_FR","og_type":"article","og_title":"Sheets Tablette Vert fonc\u00e9 - H\u00fcbsch","og_description":"Courbes \u00e9l\u00e9gantes, attitude audacieuse. La Tablette Sheets, dans une nuance sophistiqu\u00e9e de vert fonc\u00e9, se courbe comme une page pli\u00e9e, transformant un","og_url":"https:\/\/hubsch-interior.com\/fr\/produit\/sheets-tablette-vert-fonce\/","og_site_name":"H\u00fcbsch","article_modified_time":"2026-04-06T03:17:45+00:00","og_image":[{"width":1200,"height":1200,"url":"https:\/\/hubsch-interior.com\/wp-content\/uploads\/2026\/01\/sheets-shelf-dark-green-39b84b76cae27267c5ccd274dac1e9f0.jpg","type":"image\/jpeg"}],"twitter_card":"summary_large_image","twitter_misc":{"Dur\u00e9e de lecture estim\u00e9e":"1 minute"},"schema":{"@context":"https:\/\/schema.org","@graph":[{"@type":"WebPage","@id":"https:\/\/hubsch-interior.com\/fr\/produit\/sheets-tablette-vert-fonce\/","url":"https:\/\/hubsch-interior.com\/fr\/produit\/sheets-tablette-vert-fonce\/","name":"Sheets Tablette Vert fonc\u00e9 - H\u00fcbsch","isPartOf":{"@id":"https:\/\/hubsch-interior.com\/fr\/#website"},"primaryImageOfPage":{"@id":"https:\/\/hubsch-interior.com\/fr\/produit\/sheets-tablette-vert-fonce\/#primaryimage"},"image":{"@id":"https:\/\/hubsch-interior.com\/fr\/produit\/sheets-tablette-vert-fonce\/#primaryimage"},"thumbnailUrl":"https:\/\/hubsch-interior.com\/wp-content\/uploads\/2026\/02\/sheets-shelf-dark-green-5d4d59c9f97bfec00397ba61ab64436c.jpg","datePublished":"2026-01-31T04:22:55+00:00","dateModified":"2026-04-06T03:17:45+00:00","description":"Courbes \u00e9l\u00e9gantes, attitude audacieuse. La Tablette Sheets, dans une nuance sophistiqu\u00e9e de vert fonc\u00e9, se courbe comme une page pli\u00e9e, transformant un","breadcrumb":{"@id":"https:\/\/hubsch-interior.com\/fr\/produit\/sheets-tablette-vert-fonce\/#breadcrumb"},"inLanguage":"fr-FR","potentialAction":[{"@type":"ReadAction","target":["https:\/\/hubsch-interior.com\/fr\/produit\/sheets-tablette-vert-fonce\/"]}]},{"@type":"ImageObject","inLanguage":"fr-FR","@id":"https:\/\/hubsch-interior.com\/fr\/produit\/sheets-tablette-vert-fonce\/#primaryimage","url":"https:\/\/hubsch-interior.com\/wp-content\/uploads\/2026\/02\/sheets-shelf-dark-green-5d4d59c9f97bfec00397ba61ab64436c.jpg","contentUrl":"https:\/\/hubsch-interior.com\/wp-content\/uploads\/2026\/02\/sheets-shelf-dark-green-5d4d59c9f97bfec00397ba61ab64436c.jpg","width":1024,"height":1024},{"@type":"BreadcrumbList","@id":"https:\/\/hubsch-interior.com\/fr\/produit\/sheets-tablette-vert-fonce\/#breadcrumb","itemListElement":[{"@type":"ListItem","position":1,"name":"Page d'accueil","item":"https:\/\/hubsch-interior.com\/fr\/"},{"@type":"ListItem","position":2,"name":"Produits","item":"https:\/\/hubsch-interior.com\/fr\/shop-2\/"},{"@type":"ListItem","position":3,"name":"Sheets Tablette Vert fonc\u00e9"}]},{"@type":"WebSite","@id":"https:\/\/hubsch-interior.com\/fr\/#website","url":"https:\/\/hubsch-interior.com\/fr\/","name":"H\u00fcbsch","description":"Danish Home Interior and Design","publisher":{"@id":"https:\/\/hubsch-interior.com\/fr\/#organization"},"potentialAction":[{"@type":"SearchAction","target":{"@type":"EntryPoint","urlTemplate":"https:\/\/hubsch-interior.com\/fr\/?s={search_term_string}"},"query-input":{"@type":"PropertyValueSpecification","valueRequired":true,"valueName":"search_term_string"}}],"inLanguage":"fr-FR"},{"@type":"Organization","@id":"https:\/\/hubsch-interior.com\/fr\/#organization","name":"H\u00fcbsch","url":"https:\/\/hubsch-interior.com\/fr\/","logo":{"@type":"ImageObject","inLanguage":"fr-FR","@id":"https:\/\/hubsch-interior.com\/fr\/#\/schema\/logo\/image\/","url":"https:\/\/hubsch-interior.com\/wp-content\/uploads\/2022\/12\/Hubsch_logo_black_one_line.svg","contentUrl":"https:\/\/hubsch-interior.com\/wp-content\/uploads\/2022\/12\/Hubsch_logo_black_one_line.svg","caption":"H\u00fcbsch"},"image":{"@id":"https:\/\/hubsch-interior.com\/fr\/#\/schema\/logo\/image\/"}}]}},"_links":{"self":[{"href":"https:\/\/hubsch-interior.com\/fr\/wp-json\/wp\/v2\/product\/1089004","targetHints":{"allow":["GET"]}}],"collection":[{"href":"https:\/\/hubsch-interior.com\/fr\/wp-json\/wp\/v2\/product"}],"about":[{"href":"https:\/\/hubsch-interior.com\/fr\/wp-json\/wp\/v2\/types\/product"}],"wp:featuredmedia":[{"embeddable":true,"href":"https:\/\/hubsch-interior.com\/fr\/wp-json\/wp\/v2\/media\/1113845"}],"wp:attachment":[{"href":"https:\/\/hubsch-interior.com\/fr\/wp-json\/wp\/v2\/media?parent=1089004"}],"wp:term":[{"taxonomy":"product_brand","embeddable":true,"href":"https:\/\/hubsch-interior.com\/fr\/wp-json\/wp\/v2\/product_brand?post=1089004"},{"taxonomy":"product_cat","embeddable":true,"href":"https:\/\/hubsch-interior.com\/fr\/wp-json\/wp\/v2\/product_cat?post=1089004"},{"taxonomy":"product_tag","embeddable":true,"href":"https:\/\/hubsch-interior.com\/fr\/wp-json\/wp\/v2\/product_tag?post=1089004"}],"curies":[{"name":"wp","href":"https:\/\/api.w.org\/{rel}","templated":true}]}}