{"id":1089020,"date":"2026-01-31T05:23:00","date_gmt":"2026-01-31T04:23:00","guid":{"rendered":"https:\/\/hubsch-interior.com\/product\/product\/"},"modified":"2026-04-08T05:20:37","modified_gmt":"2026-04-08T03:20:37","slug":"nami-crochet-jaune","status":"publish","type":"product","link":"https:\/\/hubsch-interior.com\/fr\/produit\/nami-crochet-jaune\/","title":{"rendered":"Nami Crochet Jaune"},"content":{"rendered":"<p>Besoin d&#8217;un peu de soleil dans votre couloir ? Le Crochet Nami apporte un charme audacieux et une fonctionnalit\u00e9 sans effort, inspir\u00e9 par la mont\u00e9e et la descente douces des vagues japonaises. Avec cette variante en jaune vif, il illumine vos murs tout en offrant une double utilisation astucieuse \u2014 draper votre \u00e9charpe sur le dessus et accrocher votre veste sur la boucle int\u00e9rieure. Un d\u00e9tail sculptural intelligent pour tout espace n\u00e9cessitant \u00e0 la fois ordre et joie. Disponible en trois couleurs distinctes, mixez et assortissez pour un moment mural ludique ou gardez-le simple avec une seule teinte \u2014 le Crochet Nami transforme l&#8217;organisation quotidienne en v\u00e9ritable art.<\/p>\n","protected":false},"excerpt":{"rendered":"<p>Besoin d&#8217;un peu de soleil dans votre couloir ? Le Crochet Nami apporte un charme audacieux et une fonctionnalit\u00e9 sans effort, inspir\u00e9 par la mont\u00e9e et la descente douces des vagues japonaises. Avec cette variante en jaune vif, il illumine vos murs tout en offrant une double utilisation astucieuse \u2014 draper votre \u00e9charpe sur le [&hellip;]<\/p>\n","protected":false},"featured_media":1111476,"template":"","meta":{"_acf_changed":false,"inline_featured_image":false},"product_brand":[],"product_cat":[7154,7071,7066,4041,4107,5026,5046],"product_tag":[],"class_list":{"0":"post-1089020","1":"product","2":"type-product","3":"status-publish","4":"has-post-thumbnail","6":"product_cat-dweller-fr","7":"product_cat-crochets-et-etageres-fr","8":"product_cat-cuisine-etageres-fr","9":"product_cat-pateres-porte-manteaux-fr","10":"product_cat-pateres-fr","11":"product_cat-bestsellers-fr","12":"product_cat-nouveautes-fr","13":"product_shipping_class-pk","14":"pa_color-jaune","15":"pa_material-fer-fr","17":"first","18":"instock","19":"featured","20":"taxable","21":"shipping-taxable","22":"purchasable","23":"product-type-simple"},"exclude_global_add_ons":[],"addons":[],"acf":[],"yoast_head":"<!-- This site is optimized with the Yoast SEO plugin v26.4 - https:\/\/yoast.com\/wordpress\/plugins\/seo\/ -->\n<title>Nami Crochet Jaune - H\u00fcbsch<\/title>\n<meta name=\"description\" content=\"Besoin d&#039;un peu de soleil dans votre couloir ? Le Crochet Nami apporte un charme audacieux et une fonctionnalit\u00e9 sans effort, inspir\u00e9 par la mont\u00e9e et la\" \/>\n<meta name=\"robots\" content=\"index, follow, max-snippet:-1, max-image-preview:large, max-video-preview:-1\" \/>\n<link rel=\"canonical\" href=\"https:\/\/hubsch-interior.com\/fr\/wp-json\/wp\/v2\/product\/1089020\" \/>\n<meta property=\"og:locale\" content=\"fr_FR\" \/>\n<meta property=\"og:type\" content=\"article\" \/>\n<meta property=\"og:title\" content=\"Nami Crochet Jaune - H\u00fcbsch\" \/>\n<meta property=\"og:description\" content=\"Besoin d&#039;un peu de soleil dans votre couloir ? Le Crochet Nami apporte un charme audacieux et une fonctionnalit\u00e9 sans effort, inspir\u00e9 par la mont\u00e9e et la\" \/>\n<meta property=\"og:url\" content=\"https:\/\/hubsch-interior.com\/fr\/produit\/nami-crochet-jaune\/\" \/>\n<meta property=\"og:site_name\" content=\"H\u00fcbsch\" \/>\n<meta property=\"article:modified_time\" content=\"2026-04-08T03:20:37+00:00\" \/>\n<meta property=\"og:image\" content=\"https:\/\/hubsch-interior.com\/wp-content\/uploads\/2026\/01\/nami-hook-yellow-1655352626762a2146c27fb83048e24e.jpg\" \/>\n\t<meta property=\"og:image:width\" content=\"1200\" \/>\n\t<meta property=\"og:image:height\" content=\"1200\" \/>\n\t<meta property=\"og:image:type\" content=\"image\/jpeg\" \/>\n<meta name=\"twitter:card\" content=\"summary_large_image\" \/>\n<meta name=\"twitter:label1\" content=\"Dur\u00e9e de lecture estim\u00e9e\" \/>\n\t<meta name=\"twitter:data1\" content=\"1 minute\" \/>\n<script type=\"application\/ld+json\" class=\"yoast-schema-graph\">{\"@context\":\"https:\/\/schema.org\",\"@graph\":[{\"@type\":\"WebPage\",\"@id\":\"https:\/\/hubsch-interior.com\/fr\/produit\/nami-crochet-jaune\/\",\"url\":\"https:\/\/hubsch-interior.com\/fr\/produit\/nami-crochet-jaune\/\",\"name\":\"Nami Crochet Jaune - H\u00fcbsch\",\"isPartOf\":{\"@id\":\"https:\/\/hubsch-interior.com\/fr\/#website\"},\"primaryImageOfPage\":{\"@id\":\"https:\/\/hubsch-interior.com\/fr\/produit\/nami-crochet-jaune\/#primaryimage\"},\"image\":{\"@id\":\"https:\/\/hubsch-interior.com\/fr\/produit\/nami-crochet-jaune\/#primaryimage\"},\"thumbnailUrl\":\"https:\/\/hubsch-interior.com\/wp-content\/uploads\/2026\/02\/nami-hook-yellow-223d8853e9b7b9d9c6c9ce05d9c0907d.jpg\",\"datePublished\":\"2026-01-31T04:23:00+00:00\",\"dateModified\":\"2026-04-08T03:20:37+00:00\",\"description\":\"Besoin d'un peu de soleil dans votre couloir ? Le Crochet Nami apporte un charme audacieux et une fonctionnalit\u00e9 sans effort, inspir\u00e9 par la mont\u00e9e et la\",\"breadcrumb\":{\"@id\":\"https:\/\/hubsch-interior.com\/fr\/produit\/nami-crochet-jaune\/#breadcrumb\"},\"inLanguage\":\"fr-FR\",\"potentialAction\":[{\"@type\":\"ReadAction\",\"target\":[\"https:\/\/hubsch-interior.com\/fr\/produit\/nami-crochet-jaune\/\"]}]},{\"@type\":\"ImageObject\",\"inLanguage\":\"fr-FR\",\"@id\":\"https:\/\/hubsch-interior.com\/fr\/produit\/nami-crochet-jaune\/#primaryimage\",\"url\":\"https:\/\/hubsch-interior.com\/wp-content\/uploads\/2026\/02\/nami-hook-yellow-223d8853e9b7b9d9c6c9ce05d9c0907d.jpg\",\"contentUrl\":\"https:\/\/hubsch-interior.com\/wp-content\/uploads\/2026\/02\/nami-hook-yellow-223d8853e9b7b9d9c6c9ce05d9c0907d.jpg\",\"width\":1024,\"height\":1024},{\"@type\":\"BreadcrumbList\",\"@id\":\"https:\/\/hubsch-interior.com\/fr\/produit\/nami-crochet-jaune\/#breadcrumb\",\"itemListElement\":[{\"@type\":\"ListItem\",\"position\":1,\"name\":\"Page d'accueil\",\"item\":\"https:\/\/hubsch-interior.com\/fr\/\"},{\"@type\":\"ListItem\",\"position\":2,\"name\":\"Produits\",\"item\":\"https:\/\/hubsch-interior.com\/fr\/shop-2\/\"},{\"@type\":\"ListItem\",\"position\":3,\"name\":\"Nami Crochet Jaune\"}]},{\"@type\":\"WebSite\",\"@id\":\"https:\/\/hubsch-interior.com\/fr\/#website\",\"url\":\"https:\/\/hubsch-interior.com\/fr\/\",\"name\":\"H\u00fcbsch\",\"description\":\"Danish Home Interior and Design\",\"publisher\":{\"@id\":\"https:\/\/hubsch-interior.com\/fr\/#organization\"},\"potentialAction\":[{\"@type\":\"SearchAction\",\"target\":{\"@type\":\"EntryPoint\",\"urlTemplate\":\"https:\/\/hubsch-interior.com\/fr\/?s={search_term_string}\"},\"query-input\":{\"@type\":\"PropertyValueSpecification\",\"valueRequired\":true,\"valueName\":\"search_term_string\"}}],\"inLanguage\":\"fr-FR\"},{\"@type\":\"Organization\",\"@id\":\"https:\/\/hubsch-interior.com\/fr\/#organization\",\"name\":\"H\u00fcbsch\",\"url\":\"https:\/\/hubsch-interior.com\/fr\/\",\"logo\":{\"@type\":\"ImageObject\",\"inLanguage\":\"fr-FR\",\"@id\":\"https:\/\/hubsch-interior.com\/fr\/#\/schema\/logo\/image\/\",\"url\":\"https:\/\/hubsch-interior.com\/wp-content\/uploads\/2022\/12\/Hubsch_logo_black_one_line.svg\",\"contentUrl\":\"https:\/\/hubsch-interior.com\/wp-content\/uploads\/2022\/12\/Hubsch_logo_black_one_line.svg\",\"caption\":\"H\u00fcbsch\"},\"image\":{\"@id\":\"https:\/\/hubsch-interior.com\/fr\/#\/schema\/logo\/image\/\"}}]}<\/script>\n<!-- \/ Yoast SEO plugin. -->","yoast_head_json":{"title":"Nami Crochet Jaune - H\u00fcbsch","description":"Besoin d'un peu de soleil dans votre couloir ? Le Crochet Nami apporte un charme audacieux et une fonctionnalit\u00e9 sans effort, inspir\u00e9 par la mont\u00e9e et la","robots":{"index":"index","follow":"follow","max-snippet":"max-snippet:-1","max-image-preview":"max-image-preview:large","max-video-preview":"max-video-preview:-1"},"canonical":"https:\/\/hubsch-interior.com\/fr\/wp-json\/wp\/v2\/product\/1089020","og_locale":"fr_FR","og_type":"article","og_title":"Nami Crochet Jaune - H\u00fcbsch","og_description":"Besoin d'un peu de soleil dans votre couloir ? Le Crochet Nami apporte un charme audacieux et une fonctionnalit\u00e9 sans effort, inspir\u00e9 par la mont\u00e9e et la","og_url":"https:\/\/hubsch-interior.com\/fr\/produit\/nami-crochet-jaune\/","og_site_name":"H\u00fcbsch","article_modified_time":"2026-04-08T03:20:37+00:00","og_image":[{"width":1200,"height":1200,"url":"https:\/\/hubsch-interior.com\/wp-content\/uploads\/2026\/01\/nami-hook-yellow-1655352626762a2146c27fb83048e24e.jpg","type":"image\/jpeg"}],"twitter_card":"summary_large_image","twitter_misc":{"Dur\u00e9e de lecture estim\u00e9e":"1 minute"},"schema":{"@context":"https:\/\/schema.org","@graph":[{"@type":"WebPage","@id":"https:\/\/hubsch-interior.com\/fr\/produit\/nami-crochet-jaune\/","url":"https:\/\/hubsch-interior.com\/fr\/produit\/nami-crochet-jaune\/","name":"Nami Crochet Jaune - H\u00fcbsch","isPartOf":{"@id":"https:\/\/hubsch-interior.com\/fr\/#website"},"primaryImageOfPage":{"@id":"https:\/\/hubsch-interior.com\/fr\/produit\/nami-crochet-jaune\/#primaryimage"},"image":{"@id":"https:\/\/hubsch-interior.com\/fr\/produit\/nami-crochet-jaune\/#primaryimage"},"thumbnailUrl":"https:\/\/hubsch-interior.com\/wp-content\/uploads\/2026\/02\/nami-hook-yellow-223d8853e9b7b9d9c6c9ce05d9c0907d.jpg","datePublished":"2026-01-31T04:23:00+00:00","dateModified":"2026-04-08T03:20:37+00:00","description":"Besoin d'un peu de soleil dans votre couloir ? Le Crochet Nami apporte un charme audacieux et une fonctionnalit\u00e9 sans effort, inspir\u00e9 par la mont\u00e9e et la","breadcrumb":{"@id":"https:\/\/hubsch-interior.com\/fr\/produit\/nami-crochet-jaune\/#breadcrumb"},"inLanguage":"fr-FR","potentialAction":[{"@type":"ReadAction","target":["https:\/\/hubsch-interior.com\/fr\/produit\/nami-crochet-jaune\/"]}]},{"@type":"ImageObject","inLanguage":"fr-FR","@id":"https:\/\/hubsch-interior.com\/fr\/produit\/nami-crochet-jaune\/#primaryimage","url":"https:\/\/hubsch-interior.com\/wp-content\/uploads\/2026\/02\/nami-hook-yellow-223d8853e9b7b9d9c6c9ce05d9c0907d.jpg","contentUrl":"https:\/\/hubsch-interior.com\/wp-content\/uploads\/2026\/02\/nami-hook-yellow-223d8853e9b7b9d9c6c9ce05d9c0907d.jpg","width":1024,"height":1024},{"@type":"BreadcrumbList","@id":"https:\/\/hubsch-interior.com\/fr\/produit\/nami-crochet-jaune\/#breadcrumb","itemListElement":[{"@type":"ListItem","position":1,"name":"Page d'accueil","item":"https:\/\/hubsch-interior.com\/fr\/"},{"@type":"ListItem","position":2,"name":"Produits","item":"https:\/\/hubsch-interior.com\/fr\/shop-2\/"},{"@type":"ListItem","position":3,"name":"Nami Crochet Jaune"}]},{"@type":"WebSite","@id":"https:\/\/hubsch-interior.com\/fr\/#website","url":"https:\/\/hubsch-interior.com\/fr\/","name":"H\u00fcbsch","description":"Danish Home Interior and Design","publisher":{"@id":"https:\/\/hubsch-interior.com\/fr\/#organization"},"potentialAction":[{"@type":"SearchAction","target":{"@type":"EntryPoint","urlTemplate":"https:\/\/hubsch-interior.com\/fr\/?s={search_term_string}"},"query-input":{"@type":"PropertyValueSpecification","valueRequired":true,"valueName":"search_term_string"}}],"inLanguage":"fr-FR"},{"@type":"Organization","@id":"https:\/\/hubsch-interior.com\/fr\/#organization","name":"H\u00fcbsch","url":"https:\/\/hubsch-interior.com\/fr\/","logo":{"@type":"ImageObject","inLanguage":"fr-FR","@id":"https:\/\/hubsch-interior.com\/fr\/#\/schema\/logo\/image\/","url":"https:\/\/hubsch-interior.com\/wp-content\/uploads\/2022\/12\/Hubsch_logo_black_one_line.svg","contentUrl":"https:\/\/hubsch-interior.com\/wp-content\/uploads\/2022\/12\/Hubsch_logo_black_one_line.svg","caption":"H\u00fcbsch"},"image":{"@id":"https:\/\/hubsch-interior.com\/fr\/#\/schema\/logo\/image\/"}}]}},"_links":{"self":[{"href":"https:\/\/hubsch-interior.com\/fr\/wp-json\/wp\/v2\/product\/1089020","targetHints":{"allow":["GET"]}}],"collection":[{"href":"https:\/\/hubsch-interior.com\/fr\/wp-json\/wp\/v2\/product"}],"about":[{"href":"https:\/\/hubsch-interior.com\/fr\/wp-json\/wp\/v2\/types\/product"}],"wp:featuredmedia":[{"embeddable":true,"href":"https:\/\/hubsch-interior.com\/fr\/wp-json\/wp\/v2\/media\/1111476"}],"wp:attachment":[{"href":"https:\/\/hubsch-interior.com\/fr\/wp-json\/wp\/v2\/media?parent=1089020"}],"wp:term":[{"taxonomy":"product_brand","embeddable":true,"href":"https:\/\/hubsch-interior.com\/fr\/wp-json\/wp\/v2\/product_brand?post=1089020"},{"taxonomy":"product_cat","embeddable":true,"href":"https:\/\/hubsch-interior.com\/fr\/wp-json\/wp\/v2\/product_cat?post=1089020"},{"taxonomy":"product_tag","embeddable":true,"href":"https:\/\/hubsch-interior.com\/fr\/wp-json\/wp\/v2\/product_tag?post=1089020"}],"curies":[{"name":"wp","href":"https:\/\/api.w.org\/{rel}","templated":true}]}}