{"id":1089032,"date":"2026-01-31T05:23:13","date_gmt":"2026-01-31T04:23:13","guid":{"rendered":"https:\/\/hubsch-interior.com\/product\/product\/"},"modified":"2026-04-08T05:20:41","modified_gmt":"2026-04-08T03:20:41","slug":"nami-crochet-marron-fonce","status":"publish","type":"product","link":"https:\/\/hubsch-interior.com\/fr\/produit\/nami-crochet-marron-fonce\/","title":{"rendered":"Nami Crochet \u00a0Marron Fonc\u00e9"},"content":{"rendered":"<p>Un petit assistant sculptural pour votre entr\u00e9e. Le Nami Crochet allie forme et fonction avec une \u00e9l\u00e9gance discr\u00e8te, inspir\u00e9 par le doux rythme des vagues de l&#8217;oc\u00e9an \u2014 un clin d&#8217;\u0153il \u00e0 son nom japonais, \u00ab Nami \u00bb. Cette variante en brun fonc\u00e9 apporte une tonalit\u00e9 apaisante et ancr\u00e9e \u00e0 votre espace tout en gardant les choses ordonn\u00e9es de mani\u00e8re astucieuse : suspendez votre \u00e9charpe sur le dessus et glissez un cintre dans la boucle pour votre manteau. M\u00e9langez les couleurs pour un moment mural ludique ou gardez-le minimaliste avec une seule teinte \u2014 le Nami Crochet transforme les routines quotidiennes en une exposition de design r\u00e9fl\u00e9chi.<\/p>\n","protected":false},"excerpt":{"rendered":"<p>Un petit assistant sculptural pour votre entr\u00e9e. Le Nami Crochet allie forme et fonction avec une \u00e9l\u00e9gance discr\u00e8te, inspir\u00e9 par le doux rythme des vagues de l&#8217;oc\u00e9an \u2014 un clin d&#8217;\u0153il \u00e0 son nom japonais, \u00ab Nami \u00bb. Cette variante en brun fonc\u00e9 apporte une tonalit\u00e9 apaisante et ancr\u00e9e \u00e0 votre espace tout en gardant [&hellip;]<\/p>\n","protected":false},"featured_media":1111488,"template":"","meta":{"_acf_changed":false,"inline_featured_image":false},"product_brand":[],"product_cat":[7154,7071,7066,4041,4107,5046],"product_tag":[],"class_list":{"0":"post-1089032","1":"product","2":"type-product","3":"status-publish","4":"has-post-thumbnail","6":"product_cat-dweller-fr","7":"product_cat-crochets-et-etageres-fr","8":"product_cat-cuisine-etageres-fr","9":"product_cat-pateres-porte-manteaux-fr","10":"product_cat-pateres-fr","11":"product_cat-nouveautes-fr","12":"product_shipping_class-pk","13":"pa_color-marron-fonc","14":"pa_material-fer-fr","16":"first","17":"instock","18":"taxable","19":"shipping-taxable","20":"purchasable","21":"product-type-simple"},"exclude_global_add_ons":[],"addons":[],"acf":[],"yoast_head":"<!-- This site is optimized with the Yoast SEO plugin v26.4 - https:\/\/yoast.com\/wordpress\/plugins\/seo\/ -->\n<title>Nami Crochet \u00a0Marron Fonc\u00e9 - H\u00fcbsch<\/title>\n<meta name=\"description\" content=\"Un petit assistant sculptural pour votre entr\u00e9e. Le Nami Crochet allie forme et fonction avec une \u00e9l\u00e9gance discr\u00e8te, inspir\u00e9 par le doux rythme des vagues\" \/>\n<meta name=\"robots\" content=\"index, follow, max-snippet:-1, max-image-preview:large, max-video-preview:-1\" \/>\n<link rel=\"canonical\" href=\"https:\/\/hubsch-interior.com\/fr\/wp-json\/wp\/v2\/product\/1089032\" \/>\n<meta property=\"og:locale\" content=\"fr_FR\" \/>\n<meta property=\"og:type\" content=\"article\" \/>\n<meta property=\"og:title\" content=\"Nami Crochet \u00a0Marron Fonc\u00e9 - H\u00fcbsch\" \/>\n<meta property=\"og:description\" content=\"Un petit assistant sculptural pour votre entr\u00e9e. Le Nami Crochet allie forme et fonction avec une \u00e9l\u00e9gance discr\u00e8te, inspir\u00e9 par le doux rythme des vagues\" \/>\n<meta property=\"og:url\" content=\"https:\/\/hubsch-interior.com\/fr\/produit\/nami-crochet-marron-fonce\/\" \/>\n<meta property=\"og:site_name\" content=\"H\u00fcbsch\" \/>\n<meta property=\"article:modified_time\" content=\"2026-04-08T03:20:41+00:00\" \/>\n<meta property=\"og:image\" content=\"https:\/\/hubsch-interior.com\/wp-content\/uploads\/2026\/01\/nami-hook-dark-brown-544f9aa585c05a3ad2fd23b5627db202.jpg\" \/>\n\t<meta property=\"og:image:width\" content=\"1200\" \/>\n\t<meta property=\"og:image:height\" content=\"1200\" \/>\n\t<meta property=\"og:image:type\" content=\"image\/jpeg\" \/>\n<meta name=\"twitter:card\" content=\"summary_large_image\" \/>\n<meta name=\"twitter:label1\" content=\"Dur\u00e9e de lecture estim\u00e9e\" \/>\n\t<meta name=\"twitter:data1\" content=\"1 minute\" \/>\n<script type=\"application\/ld+json\" class=\"yoast-schema-graph\">{\"@context\":\"https:\/\/schema.org\",\"@graph\":[{\"@type\":\"WebPage\",\"@id\":\"https:\/\/hubsch-interior.com\/fr\/produit\/nami-crochet-marron-fonce\/\",\"url\":\"https:\/\/hubsch-interior.com\/fr\/produit\/nami-crochet-marron-fonce\/\",\"name\":\"Nami Crochet \u00a0Marron Fonc\u00e9 - H\u00fcbsch\",\"isPartOf\":{\"@id\":\"https:\/\/hubsch-interior.com\/fr\/#website\"},\"primaryImageOfPage\":{\"@id\":\"https:\/\/hubsch-interior.com\/fr\/produit\/nami-crochet-marron-fonce\/#primaryimage\"},\"image\":{\"@id\":\"https:\/\/hubsch-interior.com\/fr\/produit\/nami-crochet-marron-fonce\/#primaryimage\"},\"thumbnailUrl\":\"https:\/\/hubsch-interior.com\/wp-content\/uploads\/2026\/02\/nami-hook-dark-brown-d3ec5ec5fc308ef24005a2dffd83058e.jpg\",\"datePublished\":\"2026-01-31T04:23:13+00:00\",\"dateModified\":\"2026-04-08T03:20:41+00:00\",\"description\":\"Un petit assistant sculptural pour votre entr\u00e9e. Le Nami Crochet allie forme et fonction avec une \u00e9l\u00e9gance discr\u00e8te, inspir\u00e9 par le doux rythme des vagues\",\"breadcrumb\":{\"@id\":\"https:\/\/hubsch-interior.com\/fr\/produit\/nami-crochet-marron-fonce\/#breadcrumb\"},\"inLanguage\":\"fr-FR\",\"potentialAction\":[{\"@type\":\"ReadAction\",\"target\":[\"https:\/\/hubsch-interior.com\/fr\/produit\/nami-crochet-marron-fonce\/\"]}]},{\"@type\":\"ImageObject\",\"inLanguage\":\"fr-FR\",\"@id\":\"https:\/\/hubsch-interior.com\/fr\/produit\/nami-crochet-marron-fonce\/#primaryimage\",\"url\":\"https:\/\/hubsch-interior.com\/wp-content\/uploads\/2026\/02\/nami-hook-dark-brown-d3ec5ec5fc308ef24005a2dffd83058e.jpg\",\"contentUrl\":\"https:\/\/hubsch-interior.com\/wp-content\/uploads\/2026\/02\/nami-hook-dark-brown-d3ec5ec5fc308ef24005a2dffd83058e.jpg\",\"width\":1024,\"height\":1024},{\"@type\":\"BreadcrumbList\",\"@id\":\"https:\/\/hubsch-interior.com\/fr\/produit\/nami-crochet-marron-fonce\/#breadcrumb\",\"itemListElement\":[{\"@type\":\"ListItem\",\"position\":1,\"name\":\"Page d'accueil\",\"item\":\"https:\/\/hubsch-interior.com\/fr\/\"},{\"@type\":\"ListItem\",\"position\":2,\"name\":\"Produits\",\"item\":\"https:\/\/hubsch-interior.com\/fr\/shop-2\/\"},{\"@type\":\"ListItem\",\"position\":3,\"name\":\"Nami Crochet \u00a0Marron Fonc\u00e9\"}]},{\"@type\":\"WebSite\",\"@id\":\"https:\/\/hubsch-interior.com\/fr\/#website\",\"url\":\"https:\/\/hubsch-interior.com\/fr\/\",\"name\":\"H\u00fcbsch\",\"description\":\"Danish Home Interior and Design\",\"publisher\":{\"@id\":\"https:\/\/hubsch-interior.com\/fr\/#organization\"},\"potentialAction\":[{\"@type\":\"SearchAction\",\"target\":{\"@type\":\"EntryPoint\",\"urlTemplate\":\"https:\/\/hubsch-interior.com\/fr\/?s={search_term_string}\"},\"query-input\":{\"@type\":\"PropertyValueSpecification\",\"valueRequired\":true,\"valueName\":\"search_term_string\"}}],\"inLanguage\":\"fr-FR\"},{\"@type\":\"Organization\",\"@id\":\"https:\/\/hubsch-interior.com\/fr\/#organization\",\"name\":\"H\u00fcbsch\",\"url\":\"https:\/\/hubsch-interior.com\/fr\/\",\"logo\":{\"@type\":\"ImageObject\",\"inLanguage\":\"fr-FR\",\"@id\":\"https:\/\/hubsch-interior.com\/fr\/#\/schema\/logo\/image\/\",\"url\":\"https:\/\/hubsch-interior.com\/wp-content\/uploads\/2022\/12\/Hubsch_logo_black_one_line.svg\",\"contentUrl\":\"https:\/\/hubsch-interior.com\/wp-content\/uploads\/2022\/12\/Hubsch_logo_black_one_line.svg\",\"caption\":\"H\u00fcbsch\"},\"image\":{\"@id\":\"https:\/\/hubsch-interior.com\/fr\/#\/schema\/logo\/image\/\"}}]}<\/script>\n<!-- \/ Yoast SEO plugin. -->","yoast_head_json":{"title":"Nami Crochet \u00a0Marron Fonc\u00e9 - H\u00fcbsch","description":"Un petit assistant sculptural pour votre entr\u00e9e. Le Nami Crochet allie forme et fonction avec une \u00e9l\u00e9gance discr\u00e8te, inspir\u00e9 par le doux rythme des vagues","robots":{"index":"index","follow":"follow","max-snippet":"max-snippet:-1","max-image-preview":"max-image-preview:large","max-video-preview":"max-video-preview:-1"},"canonical":"https:\/\/hubsch-interior.com\/fr\/wp-json\/wp\/v2\/product\/1089032","og_locale":"fr_FR","og_type":"article","og_title":"Nami Crochet \u00a0Marron Fonc\u00e9 - H\u00fcbsch","og_description":"Un petit assistant sculptural pour votre entr\u00e9e. Le Nami Crochet allie forme et fonction avec une \u00e9l\u00e9gance discr\u00e8te, inspir\u00e9 par le doux rythme des vagues","og_url":"https:\/\/hubsch-interior.com\/fr\/produit\/nami-crochet-marron-fonce\/","og_site_name":"H\u00fcbsch","article_modified_time":"2026-04-08T03:20:41+00:00","og_image":[{"width":1200,"height":1200,"url":"https:\/\/hubsch-interior.com\/wp-content\/uploads\/2026\/01\/nami-hook-dark-brown-544f9aa585c05a3ad2fd23b5627db202.jpg","type":"image\/jpeg"}],"twitter_card":"summary_large_image","twitter_misc":{"Dur\u00e9e de lecture estim\u00e9e":"1 minute"},"schema":{"@context":"https:\/\/schema.org","@graph":[{"@type":"WebPage","@id":"https:\/\/hubsch-interior.com\/fr\/produit\/nami-crochet-marron-fonce\/","url":"https:\/\/hubsch-interior.com\/fr\/produit\/nami-crochet-marron-fonce\/","name":"Nami Crochet \u00a0Marron Fonc\u00e9 - H\u00fcbsch","isPartOf":{"@id":"https:\/\/hubsch-interior.com\/fr\/#website"},"primaryImageOfPage":{"@id":"https:\/\/hubsch-interior.com\/fr\/produit\/nami-crochet-marron-fonce\/#primaryimage"},"image":{"@id":"https:\/\/hubsch-interior.com\/fr\/produit\/nami-crochet-marron-fonce\/#primaryimage"},"thumbnailUrl":"https:\/\/hubsch-interior.com\/wp-content\/uploads\/2026\/02\/nami-hook-dark-brown-d3ec5ec5fc308ef24005a2dffd83058e.jpg","datePublished":"2026-01-31T04:23:13+00:00","dateModified":"2026-04-08T03:20:41+00:00","description":"Un petit assistant sculptural pour votre entr\u00e9e. Le Nami Crochet allie forme et fonction avec une \u00e9l\u00e9gance discr\u00e8te, inspir\u00e9 par le doux rythme des vagues","breadcrumb":{"@id":"https:\/\/hubsch-interior.com\/fr\/produit\/nami-crochet-marron-fonce\/#breadcrumb"},"inLanguage":"fr-FR","potentialAction":[{"@type":"ReadAction","target":["https:\/\/hubsch-interior.com\/fr\/produit\/nami-crochet-marron-fonce\/"]}]},{"@type":"ImageObject","inLanguage":"fr-FR","@id":"https:\/\/hubsch-interior.com\/fr\/produit\/nami-crochet-marron-fonce\/#primaryimage","url":"https:\/\/hubsch-interior.com\/wp-content\/uploads\/2026\/02\/nami-hook-dark-brown-d3ec5ec5fc308ef24005a2dffd83058e.jpg","contentUrl":"https:\/\/hubsch-interior.com\/wp-content\/uploads\/2026\/02\/nami-hook-dark-brown-d3ec5ec5fc308ef24005a2dffd83058e.jpg","width":1024,"height":1024},{"@type":"BreadcrumbList","@id":"https:\/\/hubsch-interior.com\/fr\/produit\/nami-crochet-marron-fonce\/#breadcrumb","itemListElement":[{"@type":"ListItem","position":1,"name":"Page d'accueil","item":"https:\/\/hubsch-interior.com\/fr\/"},{"@type":"ListItem","position":2,"name":"Produits","item":"https:\/\/hubsch-interior.com\/fr\/shop-2\/"},{"@type":"ListItem","position":3,"name":"Nami Crochet \u00a0Marron Fonc\u00e9"}]},{"@type":"WebSite","@id":"https:\/\/hubsch-interior.com\/fr\/#website","url":"https:\/\/hubsch-interior.com\/fr\/","name":"H\u00fcbsch","description":"Danish Home Interior and Design","publisher":{"@id":"https:\/\/hubsch-interior.com\/fr\/#organization"},"potentialAction":[{"@type":"SearchAction","target":{"@type":"EntryPoint","urlTemplate":"https:\/\/hubsch-interior.com\/fr\/?s={search_term_string}"},"query-input":{"@type":"PropertyValueSpecification","valueRequired":true,"valueName":"search_term_string"}}],"inLanguage":"fr-FR"},{"@type":"Organization","@id":"https:\/\/hubsch-interior.com\/fr\/#organization","name":"H\u00fcbsch","url":"https:\/\/hubsch-interior.com\/fr\/","logo":{"@type":"ImageObject","inLanguage":"fr-FR","@id":"https:\/\/hubsch-interior.com\/fr\/#\/schema\/logo\/image\/","url":"https:\/\/hubsch-interior.com\/wp-content\/uploads\/2022\/12\/Hubsch_logo_black_one_line.svg","contentUrl":"https:\/\/hubsch-interior.com\/wp-content\/uploads\/2022\/12\/Hubsch_logo_black_one_line.svg","caption":"H\u00fcbsch"},"image":{"@id":"https:\/\/hubsch-interior.com\/fr\/#\/schema\/logo\/image\/"}}]}},"_links":{"self":[{"href":"https:\/\/hubsch-interior.com\/fr\/wp-json\/wp\/v2\/product\/1089032","targetHints":{"allow":["GET"]}}],"collection":[{"href":"https:\/\/hubsch-interior.com\/fr\/wp-json\/wp\/v2\/product"}],"about":[{"href":"https:\/\/hubsch-interior.com\/fr\/wp-json\/wp\/v2\/types\/product"}],"wp:featuredmedia":[{"embeddable":true,"href":"https:\/\/hubsch-interior.com\/fr\/wp-json\/wp\/v2\/media\/1111488"}],"wp:attachment":[{"href":"https:\/\/hubsch-interior.com\/fr\/wp-json\/wp\/v2\/media?parent=1089032"}],"wp:term":[{"taxonomy":"product_brand","embeddable":true,"href":"https:\/\/hubsch-interior.com\/fr\/wp-json\/wp\/v2\/product_brand?post=1089032"},{"taxonomy":"product_cat","embeddable":true,"href":"https:\/\/hubsch-interior.com\/fr\/wp-json\/wp\/v2\/product_cat?post=1089032"},{"taxonomy":"product_tag","embeddable":true,"href":"https:\/\/hubsch-interior.com\/fr\/wp-json\/wp\/v2\/product_tag?post=1089032"}],"curies":[{"name":"wp","href":"https:\/\/api.w.org\/{rel}","templated":true}]}}