{"id":1089072,"date":"2026-01-31T05:23:47","date_gmt":"2026-01-31T04:23:47","guid":{"rendered":"https:\/\/hubsch-interior.com\/product\/product\/"},"modified":"2026-04-05T05:24:27","modified_gmt":"2026-04-05T03:24:27","slug":"nobly-portant-a-vetements-gris-clair","status":"publish","type":"product","link":"https:\/\/hubsch-interior.com\/fr\/produit\/nobly-portant-a-vetements-gris-clair\/","title":{"rendered":"Nobly Portant \u00e0 v\u00eatements Gris clair"},"content":{"rendered":"<p>Besoin d&#8217;un lieu pour vos essentiels du quotidien ? Le Portant \u00e0 v\u00eatements Nobly en gris clair doux offre une pr\u00e9sence apaisante tout en gardant votre entr\u00e9e magnifiquement organis\u00e9e. Sa structure l\u00e9g\u00e8re et a\u00e9r\u00e9e se fond harmonieusement dans votre espace, offrant amplement de place pour les manteaux et les chaussures, sans pour autant para\u00eetre encombrant. Gr\u00e2ce \u00e0 son \u00e9quilibre astucieux entre praticit\u00e9 et \u00e9l\u00e9gance, il vous aide \u00e0 aborder chaque journ\u00e9e avec aisance. Un assistant discret qui transforme le d\u00e9sordre quotidien en un ordre paisible.<\/p>\n","protected":false},"excerpt":{"rendered":"<p>Besoin d&#8217;un lieu pour vos essentiels du quotidien ? Le Portant \u00e0 v\u00eatements Nobly en gris clair doux offre une pr\u00e9sence apaisante tout en gardant votre entr\u00e9e magnifiquement organis\u00e9e. Sa structure l\u00e9g\u00e8re et a\u00e9r\u00e9e se fond harmonieusement dans votre espace, offrant amplement de place pour les manteaux et les chaussures, sans pour autant para\u00eetre encombrant. [&hellip;]<\/p>\n","protected":false},"featured_media":1111504,"template":"","meta":{"_acf_changed":false,"inline_featured_image":false},"product_brand":[],"product_cat":[7154,4033,5461,4041,4042,5046],"product_tag":[],"class_list":{"0":"post-1089072","1":"product","2":"type-product","3":"status-publish","4":"has-post-thumbnail","6":"product_cat-dweller-fr","7":"product_cat-garde-robe-portants-fr","8":"product_cat-etageres-fr","9":"product_cat-pateres-porte-manteaux-fr","10":"product_cat-porte-manteaux-fr","11":"product_cat-nouveautes-fr","12":"product_shipping_class-pk","14":"pa_color-gris-clair-2","15":"pa_material-fer-fr","17":"first","18":"instock","19":"taxable","20":"shipping-taxable","21":"purchasable","22":"product-type-simple"},"exclude_global_add_ons":[],"addons":[],"acf":[],"yoast_head":"<!-- This site is optimized with the Yoast SEO plugin v26.4 - https:\/\/yoast.com\/wordpress\/plugins\/seo\/ -->\n<title>Nobly Portant \u00e0 v\u00eatements Gris clair - H\u00fcbsch<\/title>\n<meta name=\"description\" content=\"Besoin d&#039;un lieu pour vos essentiels du quotidien ? Le Portant \u00e0 v\u00eatements Nobly en gris clair doux offre une pr\u00e9sence apaisante tout en gardant votre\" \/>\n<meta name=\"robots\" content=\"index, follow, max-snippet:-1, max-image-preview:large, max-video-preview:-1\" \/>\n<link rel=\"canonical\" href=\"https:\/\/hubsch-interior.com\/fr\/wp-json\/wp\/v2\/product\/1089072\" \/>\n<meta property=\"og:locale\" content=\"fr_FR\" \/>\n<meta property=\"og:type\" content=\"article\" \/>\n<meta property=\"og:title\" content=\"Nobly Portant \u00e0 v\u00eatements Gris clair - H\u00fcbsch\" \/>\n<meta property=\"og:description\" content=\"Besoin d&#039;un lieu pour vos essentiels du quotidien ? Le Portant \u00e0 v\u00eatements Nobly en gris clair doux offre une pr\u00e9sence apaisante tout en gardant votre\" \/>\n<meta property=\"og:url\" content=\"https:\/\/hubsch-interior.com\/fr\/produit\/nobly-portant-a-vetements-gris-clair\/\" \/>\n<meta property=\"og:site_name\" content=\"H\u00fcbsch\" \/>\n<meta property=\"article:modified_time\" content=\"2026-04-05T03:24:27+00:00\" \/>\n<meta property=\"og:image\" content=\"https:\/\/hubsch-interior.com\/wp-content\/uploads\/2026\/01\/nobly-clothing-rack-light-grey-58ae673b97474db82fc5caef3542af5d.jpg\" \/>\n\t<meta property=\"og:image:width\" content=\"1200\" \/>\n\t<meta property=\"og:image:height\" content=\"1200\" \/>\n\t<meta property=\"og:image:type\" content=\"image\/jpeg\" \/>\n<meta name=\"twitter:card\" content=\"summary_large_image\" \/>\n<script type=\"application\/ld+json\" class=\"yoast-schema-graph\">{\"@context\":\"https:\/\/schema.org\",\"@graph\":[{\"@type\":\"WebPage\",\"@id\":\"https:\/\/hubsch-interior.com\/fr\/produit\/nobly-portant-a-vetements-gris-clair\/\",\"url\":\"https:\/\/hubsch-interior.com\/fr\/produit\/nobly-portant-a-vetements-gris-clair\/\",\"name\":\"Nobly Portant \u00e0 v\u00eatements Gris clair - H\u00fcbsch\",\"isPartOf\":{\"@id\":\"https:\/\/hubsch-interior.com\/fr\/#website\"},\"primaryImageOfPage\":{\"@id\":\"https:\/\/hubsch-interior.com\/fr\/produit\/nobly-portant-a-vetements-gris-clair\/#primaryimage\"},\"image\":{\"@id\":\"https:\/\/hubsch-interior.com\/fr\/produit\/nobly-portant-a-vetements-gris-clair\/#primaryimage\"},\"thumbnailUrl\":\"https:\/\/hubsch-interior.com\/wp-content\/uploads\/2026\/02\/nobly-clothing-rack-light-grey-6e914761d9f7a53cda1b76105e9f85c6.jpg\",\"datePublished\":\"2026-01-31T04:23:47+00:00\",\"dateModified\":\"2026-04-05T03:24:27+00:00\",\"description\":\"Besoin d'un lieu pour vos essentiels du quotidien ? Le Portant \u00e0 v\u00eatements Nobly en gris clair doux offre une pr\u00e9sence apaisante tout en gardant votre\",\"breadcrumb\":{\"@id\":\"https:\/\/hubsch-interior.com\/fr\/produit\/nobly-portant-a-vetements-gris-clair\/#breadcrumb\"},\"inLanguage\":\"fr-FR\",\"potentialAction\":[{\"@type\":\"ReadAction\",\"target\":[\"https:\/\/hubsch-interior.com\/fr\/produit\/nobly-portant-a-vetements-gris-clair\/\"]}]},{\"@type\":\"ImageObject\",\"inLanguage\":\"fr-FR\",\"@id\":\"https:\/\/hubsch-interior.com\/fr\/produit\/nobly-portant-a-vetements-gris-clair\/#primaryimage\",\"url\":\"https:\/\/hubsch-interior.com\/wp-content\/uploads\/2026\/02\/nobly-clothing-rack-light-grey-6e914761d9f7a53cda1b76105e9f85c6.jpg\",\"contentUrl\":\"https:\/\/hubsch-interior.com\/wp-content\/uploads\/2026\/02\/nobly-clothing-rack-light-grey-6e914761d9f7a53cda1b76105e9f85c6.jpg\",\"width\":1024,\"height\":1024},{\"@type\":\"BreadcrumbList\",\"@id\":\"https:\/\/hubsch-interior.com\/fr\/produit\/nobly-portant-a-vetements-gris-clair\/#breadcrumb\",\"itemListElement\":[{\"@type\":\"ListItem\",\"position\":1,\"name\":\"Page d'accueil\",\"item\":\"https:\/\/hubsch-interior.com\/fr\/\"},{\"@type\":\"ListItem\",\"position\":2,\"name\":\"Produits\",\"item\":\"https:\/\/hubsch-interior.com\/fr\/shop-2\/\"},{\"@type\":\"ListItem\",\"position\":3,\"name\":\"Nobly Portant \u00e0 v\u00eatements Gris clair\"}]},{\"@type\":\"WebSite\",\"@id\":\"https:\/\/hubsch-interior.com\/fr\/#website\",\"url\":\"https:\/\/hubsch-interior.com\/fr\/\",\"name\":\"H\u00fcbsch\",\"description\":\"Danish Home Interior and Design\",\"publisher\":{\"@id\":\"https:\/\/hubsch-interior.com\/fr\/#organization\"},\"potentialAction\":[{\"@type\":\"SearchAction\",\"target\":{\"@type\":\"EntryPoint\",\"urlTemplate\":\"https:\/\/hubsch-interior.com\/fr\/?s={search_term_string}\"},\"query-input\":{\"@type\":\"PropertyValueSpecification\",\"valueRequired\":true,\"valueName\":\"search_term_string\"}}],\"inLanguage\":\"fr-FR\"},{\"@type\":\"Organization\",\"@id\":\"https:\/\/hubsch-interior.com\/fr\/#organization\",\"name\":\"H\u00fcbsch\",\"url\":\"https:\/\/hubsch-interior.com\/fr\/\",\"logo\":{\"@type\":\"ImageObject\",\"inLanguage\":\"fr-FR\",\"@id\":\"https:\/\/hubsch-interior.com\/fr\/#\/schema\/logo\/image\/\",\"url\":\"https:\/\/hubsch-interior.com\/wp-content\/uploads\/2022\/12\/Hubsch_logo_black_one_line.svg\",\"contentUrl\":\"https:\/\/hubsch-interior.com\/wp-content\/uploads\/2022\/12\/Hubsch_logo_black_one_line.svg\",\"caption\":\"H\u00fcbsch\"},\"image\":{\"@id\":\"https:\/\/hubsch-interior.com\/fr\/#\/schema\/logo\/image\/\"}}]}<\/script>\n<!-- \/ Yoast SEO plugin. -->","yoast_head_json":{"title":"Nobly Portant \u00e0 v\u00eatements Gris clair - H\u00fcbsch","description":"Besoin d'un lieu pour vos essentiels du quotidien ? Le Portant \u00e0 v\u00eatements Nobly en gris clair doux offre une pr\u00e9sence apaisante tout en gardant votre","robots":{"index":"index","follow":"follow","max-snippet":"max-snippet:-1","max-image-preview":"max-image-preview:large","max-video-preview":"max-video-preview:-1"},"canonical":"https:\/\/hubsch-interior.com\/fr\/wp-json\/wp\/v2\/product\/1089072","og_locale":"fr_FR","og_type":"article","og_title":"Nobly Portant \u00e0 v\u00eatements Gris clair - H\u00fcbsch","og_description":"Besoin d'un lieu pour vos essentiels du quotidien ? Le Portant \u00e0 v\u00eatements Nobly en gris clair doux offre une pr\u00e9sence apaisante tout en gardant votre","og_url":"https:\/\/hubsch-interior.com\/fr\/produit\/nobly-portant-a-vetements-gris-clair\/","og_site_name":"H\u00fcbsch","article_modified_time":"2026-04-05T03:24:27+00:00","og_image":[{"width":1200,"height":1200,"url":"https:\/\/hubsch-interior.com\/wp-content\/uploads\/2026\/01\/nobly-clothing-rack-light-grey-58ae673b97474db82fc5caef3542af5d.jpg","type":"image\/jpeg"}],"twitter_card":"summary_large_image","schema":{"@context":"https:\/\/schema.org","@graph":[{"@type":"WebPage","@id":"https:\/\/hubsch-interior.com\/fr\/produit\/nobly-portant-a-vetements-gris-clair\/","url":"https:\/\/hubsch-interior.com\/fr\/produit\/nobly-portant-a-vetements-gris-clair\/","name":"Nobly Portant \u00e0 v\u00eatements Gris clair - H\u00fcbsch","isPartOf":{"@id":"https:\/\/hubsch-interior.com\/fr\/#website"},"primaryImageOfPage":{"@id":"https:\/\/hubsch-interior.com\/fr\/produit\/nobly-portant-a-vetements-gris-clair\/#primaryimage"},"image":{"@id":"https:\/\/hubsch-interior.com\/fr\/produit\/nobly-portant-a-vetements-gris-clair\/#primaryimage"},"thumbnailUrl":"https:\/\/hubsch-interior.com\/wp-content\/uploads\/2026\/02\/nobly-clothing-rack-light-grey-6e914761d9f7a53cda1b76105e9f85c6.jpg","datePublished":"2026-01-31T04:23:47+00:00","dateModified":"2026-04-05T03:24:27+00:00","description":"Besoin d'un lieu pour vos essentiels du quotidien ? Le Portant \u00e0 v\u00eatements Nobly en gris clair doux offre une pr\u00e9sence apaisante tout en gardant votre","breadcrumb":{"@id":"https:\/\/hubsch-interior.com\/fr\/produit\/nobly-portant-a-vetements-gris-clair\/#breadcrumb"},"inLanguage":"fr-FR","potentialAction":[{"@type":"ReadAction","target":["https:\/\/hubsch-interior.com\/fr\/produit\/nobly-portant-a-vetements-gris-clair\/"]}]},{"@type":"ImageObject","inLanguage":"fr-FR","@id":"https:\/\/hubsch-interior.com\/fr\/produit\/nobly-portant-a-vetements-gris-clair\/#primaryimage","url":"https:\/\/hubsch-interior.com\/wp-content\/uploads\/2026\/02\/nobly-clothing-rack-light-grey-6e914761d9f7a53cda1b76105e9f85c6.jpg","contentUrl":"https:\/\/hubsch-interior.com\/wp-content\/uploads\/2026\/02\/nobly-clothing-rack-light-grey-6e914761d9f7a53cda1b76105e9f85c6.jpg","width":1024,"height":1024},{"@type":"BreadcrumbList","@id":"https:\/\/hubsch-interior.com\/fr\/produit\/nobly-portant-a-vetements-gris-clair\/#breadcrumb","itemListElement":[{"@type":"ListItem","position":1,"name":"Page d'accueil","item":"https:\/\/hubsch-interior.com\/fr\/"},{"@type":"ListItem","position":2,"name":"Produits","item":"https:\/\/hubsch-interior.com\/fr\/shop-2\/"},{"@type":"ListItem","position":3,"name":"Nobly Portant \u00e0 v\u00eatements Gris clair"}]},{"@type":"WebSite","@id":"https:\/\/hubsch-interior.com\/fr\/#website","url":"https:\/\/hubsch-interior.com\/fr\/","name":"H\u00fcbsch","description":"Danish Home Interior and Design","publisher":{"@id":"https:\/\/hubsch-interior.com\/fr\/#organization"},"potentialAction":[{"@type":"SearchAction","target":{"@type":"EntryPoint","urlTemplate":"https:\/\/hubsch-interior.com\/fr\/?s={search_term_string}"},"query-input":{"@type":"PropertyValueSpecification","valueRequired":true,"valueName":"search_term_string"}}],"inLanguage":"fr-FR"},{"@type":"Organization","@id":"https:\/\/hubsch-interior.com\/fr\/#organization","name":"H\u00fcbsch","url":"https:\/\/hubsch-interior.com\/fr\/","logo":{"@type":"ImageObject","inLanguage":"fr-FR","@id":"https:\/\/hubsch-interior.com\/fr\/#\/schema\/logo\/image\/","url":"https:\/\/hubsch-interior.com\/wp-content\/uploads\/2022\/12\/Hubsch_logo_black_one_line.svg","contentUrl":"https:\/\/hubsch-interior.com\/wp-content\/uploads\/2022\/12\/Hubsch_logo_black_one_line.svg","caption":"H\u00fcbsch"},"image":{"@id":"https:\/\/hubsch-interior.com\/fr\/#\/schema\/logo\/image\/"}}]}},"_links":{"self":[{"href":"https:\/\/hubsch-interior.com\/fr\/wp-json\/wp\/v2\/product\/1089072","targetHints":{"allow":["GET"]}}],"collection":[{"href":"https:\/\/hubsch-interior.com\/fr\/wp-json\/wp\/v2\/product"}],"about":[{"href":"https:\/\/hubsch-interior.com\/fr\/wp-json\/wp\/v2\/types\/product"}],"wp:featuredmedia":[{"embeddable":true,"href":"https:\/\/hubsch-interior.com\/fr\/wp-json\/wp\/v2\/media\/1111504"}],"wp:attachment":[{"href":"https:\/\/hubsch-interior.com\/fr\/wp-json\/wp\/v2\/media?parent=1089072"}],"wp:term":[{"taxonomy":"product_brand","embeddable":true,"href":"https:\/\/hubsch-interior.com\/fr\/wp-json\/wp\/v2\/product_brand?post=1089072"},{"taxonomy":"product_cat","embeddable":true,"href":"https:\/\/hubsch-interior.com\/fr\/wp-json\/wp\/v2\/product_cat?post=1089072"},{"taxonomy":"product_tag","embeddable":true,"href":"https:\/\/hubsch-interior.com\/fr\/wp-json\/wp\/v2\/product_tag?post=1089072"}],"curies":[{"name":"wp","href":"https:\/\/api.w.org\/{rel}","templated":true}]}}