{"id":1089092,"date":"2026-01-31T05:24:00","date_gmt":"2026-01-31T04:24:00","guid":{"rendered":"https:\/\/hubsch-interior.com\/product\/product\/"},"modified":"2026-04-05T05:24:31","modified_gmt":"2026-04-05T03:24:31","slug":"ays-chariot-bleu-fonce","status":"publish","type":"product","link":"https:\/\/hubsch-interior.com\/fr\/produit\/ays-chariot-bleu-fonce\/","title":{"rendered":"Ays Chariot Bleu fonc\u00e9"},"content":{"rendered":"<p>Besoin d&#8217;un assistant qui se d\u00e9place avec vous ? Le Ays Chariot en bleu fonc\u00e9 profond allie fonctionnalit\u00e9 et style \u00e0 votre espace, avec une silhouette \u00e9pur\u00e9e et des roues qui roulent en douceur, facilitant ainsi votre quotidien. Utilisez-le comme une table de bar \u00e9l\u00e9gante pour recevoir vos invit\u00e9s ou pour garder vos essentiels du quotidien \u00e0 port\u00e9e de main et bien organis\u00e9s. Sa teinte sombre et \u00e9l\u00e9gante ajoute un contraste raffin\u00e9 aux int\u00e9rieurs clairs, ou se fond harmonieusement dans les pi\u00e8ces minimalistes et sombres. Un favori flexible qui s&#8217;adapte \u00e0 votre rythme.<\/p>\n","protected":false},"excerpt":{"rendered":"<p>Besoin d&#8217;un assistant qui se d\u00e9place avec vous ? Le Ays Chariot en bleu fonc\u00e9 profond allie fonctionnalit\u00e9 et style \u00e0 votre espace, avec une silhouette \u00e9pur\u00e9e et des roues qui roulent en douceur, facilitant ainsi votre quotidien. Utilisez-le comme une table de bar \u00e9l\u00e9gante pour recevoir vos invit\u00e9s ou pour garder vos essentiels du [&hellip;]<\/p>\n","protected":false},"featured_media":1113857,"template":"","meta":{"_acf_changed":false,"inline_featured_image":false},"product_brand":[],"product_cat":[7154,2859,6359,5046],"product_tag":[],"class_list":{"0":"post-1089092","1":"product","2":"type-product","3":"status-publish","4":"has-post-thumbnail","6":"product_cat-dweller-fr","7":"product_cat-tables-fr","8":"product_cat-dessertes-fr","9":"product_cat-nouveautes-fr","10":"product_shipping_class-pk","12":"pa_color-bleu-fonc-2","13":"pa_material-fer-fr","15":"first","16":"instock","17":"taxable","18":"shipping-taxable","19":"purchasable","20":"product-type-simple"},"exclude_global_add_ons":[],"addons":[],"acf":[],"yoast_head":"<!-- This site is optimized with the Yoast SEO plugin v26.4 - https:\/\/yoast.com\/wordpress\/plugins\/seo\/ -->\n<title>Ays Chariot Bleu fonc\u00e9 - H\u00fcbsch<\/title>\n<meta name=\"description\" content=\"Besoin d&#039;un assistant qui se d\u00e9place avec vous ? Le Ays Chariot en bleu fonc\u00e9 profond allie fonctionnalit\u00e9 et style \u00e0 votre espace, avec une silhouette\" \/>\n<meta name=\"robots\" content=\"index, follow, max-snippet:-1, max-image-preview:large, max-video-preview:-1\" \/>\n<link rel=\"canonical\" href=\"https:\/\/hubsch-interior.com\/fr\/wp-json\/wp\/v2\/product\/1089092\" \/>\n<meta property=\"og:locale\" content=\"fr_FR\" \/>\n<meta property=\"og:type\" content=\"article\" \/>\n<meta property=\"og:title\" content=\"Ays Chariot Bleu fonc\u00e9 - H\u00fcbsch\" \/>\n<meta property=\"og:description\" content=\"Besoin d&#039;un assistant qui se d\u00e9place avec vous ? Le Ays Chariot en bleu fonc\u00e9 profond allie fonctionnalit\u00e9 et style \u00e0 votre espace, avec une silhouette\" \/>\n<meta property=\"og:url\" content=\"https:\/\/hubsch-interior.com\/fr\/produit\/ays-chariot-bleu-fonce\/\" \/>\n<meta property=\"og:site_name\" content=\"H\u00fcbsch\" \/>\n<meta property=\"article:modified_time\" content=\"2026-04-05T03:24:31+00:00\" \/>\n<meta property=\"og:image\" content=\"https:\/\/hubsch-interior.com\/wp-content\/uploads\/2026\/01\/ays-trolley-dark-blue-ec8c5e019926967d7db3214b64bf914f.jpg\" \/>\n\t<meta property=\"og:image:width\" content=\"1200\" \/>\n\t<meta property=\"og:image:height\" content=\"1200\" \/>\n\t<meta property=\"og:image:type\" content=\"image\/jpeg\" \/>\n<meta name=\"twitter:card\" content=\"summary_large_image\" \/>\n<script type=\"application\/ld+json\" class=\"yoast-schema-graph\">{\"@context\":\"https:\/\/schema.org\",\"@graph\":[{\"@type\":\"WebPage\",\"@id\":\"https:\/\/hubsch-interior.com\/fr\/produit\/ays-chariot-bleu-fonce\/\",\"url\":\"https:\/\/hubsch-interior.com\/fr\/produit\/ays-chariot-bleu-fonce\/\",\"name\":\"Ays Chariot Bleu fonc\u00e9 - H\u00fcbsch\",\"isPartOf\":{\"@id\":\"https:\/\/hubsch-interior.com\/fr\/#website\"},\"primaryImageOfPage\":{\"@id\":\"https:\/\/hubsch-interior.com\/fr\/produit\/ays-chariot-bleu-fonce\/#primaryimage\"},\"image\":{\"@id\":\"https:\/\/hubsch-interior.com\/fr\/produit\/ays-chariot-bleu-fonce\/#primaryimage\"},\"thumbnailUrl\":\"https:\/\/hubsch-interior.com\/wp-content\/uploads\/2026\/02\/ays-trolley-dark-blue-5d809d4a15972293d2fc165ace4f26b5.jpg\",\"datePublished\":\"2026-01-31T04:24:00+00:00\",\"dateModified\":\"2026-04-05T03:24:31+00:00\",\"description\":\"Besoin d'un assistant qui se d\u00e9place avec vous ? Le Ays Chariot en bleu fonc\u00e9 profond allie fonctionnalit\u00e9 et style \u00e0 votre espace, avec une silhouette\",\"breadcrumb\":{\"@id\":\"https:\/\/hubsch-interior.com\/fr\/produit\/ays-chariot-bleu-fonce\/#breadcrumb\"},\"inLanguage\":\"fr-FR\",\"potentialAction\":[{\"@type\":\"ReadAction\",\"target\":[\"https:\/\/hubsch-interior.com\/fr\/produit\/ays-chariot-bleu-fonce\/\"]}]},{\"@type\":\"ImageObject\",\"inLanguage\":\"fr-FR\",\"@id\":\"https:\/\/hubsch-interior.com\/fr\/produit\/ays-chariot-bleu-fonce\/#primaryimage\",\"url\":\"https:\/\/hubsch-interior.com\/wp-content\/uploads\/2026\/02\/ays-trolley-dark-blue-5d809d4a15972293d2fc165ace4f26b5.jpg\",\"contentUrl\":\"https:\/\/hubsch-interior.com\/wp-content\/uploads\/2026\/02\/ays-trolley-dark-blue-5d809d4a15972293d2fc165ace4f26b5.jpg\",\"width\":1024,\"height\":1024},{\"@type\":\"BreadcrumbList\",\"@id\":\"https:\/\/hubsch-interior.com\/fr\/produit\/ays-chariot-bleu-fonce\/#breadcrumb\",\"itemListElement\":[{\"@type\":\"ListItem\",\"position\":1,\"name\":\"Page d'accueil\",\"item\":\"https:\/\/hubsch-interior.com\/fr\/\"},{\"@type\":\"ListItem\",\"position\":2,\"name\":\"Produits\",\"item\":\"https:\/\/hubsch-interior.com\/fr\/shop-2\/\"},{\"@type\":\"ListItem\",\"position\":3,\"name\":\"Ays Chariot Bleu fonc\u00e9\"}]},{\"@type\":\"WebSite\",\"@id\":\"https:\/\/hubsch-interior.com\/fr\/#website\",\"url\":\"https:\/\/hubsch-interior.com\/fr\/\",\"name\":\"H\u00fcbsch\",\"description\":\"Danish Home Interior and Design\",\"publisher\":{\"@id\":\"https:\/\/hubsch-interior.com\/fr\/#organization\"},\"potentialAction\":[{\"@type\":\"SearchAction\",\"target\":{\"@type\":\"EntryPoint\",\"urlTemplate\":\"https:\/\/hubsch-interior.com\/fr\/?s={search_term_string}\"},\"query-input\":{\"@type\":\"PropertyValueSpecification\",\"valueRequired\":true,\"valueName\":\"search_term_string\"}}],\"inLanguage\":\"fr-FR\"},{\"@type\":\"Organization\",\"@id\":\"https:\/\/hubsch-interior.com\/fr\/#organization\",\"name\":\"H\u00fcbsch\",\"url\":\"https:\/\/hubsch-interior.com\/fr\/\",\"logo\":{\"@type\":\"ImageObject\",\"inLanguage\":\"fr-FR\",\"@id\":\"https:\/\/hubsch-interior.com\/fr\/#\/schema\/logo\/image\/\",\"url\":\"https:\/\/hubsch-interior.com\/wp-content\/uploads\/2022\/12\/Hubsch_logo_black_one_line.svg\",\"contentUrl\":\"https:\/\/hubsch-interior.com\/wp-content\/uploads\/2022\/12\/Hubsch_logo_black_one_line.svg\",\"caption\":\"H\u00fcbsch\"},\"image\":{\"@id\":\"https:\/\/hubsch-interior.com\/fr\/#\/schema\/logo\/image\/\"}}]}<\/script>\n<!-- \/ Yoast SEO plugin. -->","yoast_head_json":{"title":"Ays Chariot Bleu fonc\u00e9 - H\u00fcbsch","description":"Besoin d'un assistant qui se d\u00e9place avec vous ? Le Ays Chariot en bleu fonc\u00e9 profond allie fonctionnalit\u00e9 et style \u00e0 votre espace, avec une silhouette","robots":{"index":"index","follow":"follow","max-snippet":"max-snippet:-1","max-image-preview":"max-image-preview:large","max-video-preview":"max-video-preview:-1"},"canonical":"https:\/\/hubsch-interior.com\/fr\/wp-json\/wp\/v2\/product\/1089092","og_locale":"fr_FR","og_type":"article","og_title":"Ays Chariot Bleu fonc\u00e9 - H\u00fcbsch","og_description":"Besoin d'un assistant qui se d\u00e9place avec vous ? Le Ays Chariot en bleu fonc\u00e9 profond allie fonctionnalit\u00e9 et style \u00e0 votre espace, avec une silhouette","og_url":"https:\/\/hubsch-interior.com\/fr\/produit\/ays-chariot-bleu-fonce\/","og_site_name":"H\u00fcbsch","article_modified_time":"2026-04-05T03:24:31+00:00","og_image":[{"width":1200,"height":1200,"url":"https:\/\/hubsch-interior.com\/wp-content\/uploads\/2026\/01\/ays-trolley-dark-blue-ec8c5e019926967d7db3214b64bf914f.jpg","type":"image\/jpeg"}],"twitter_card":"summary_large_image","schema":{"@context":"https:\/\/schema.org","@graph":[{"@type":"WebPage","@id":"https:\/\/hubsch-interior.com\/fr\/produit\/ays-chariot-bleu-fonce\/","url":"https:\/\/hubsch-interior.com\/fr\/produit\/ays-chariot-bleu-fonce\/","name":"Ays Chariot Bleu fonc\u00e9 - H\u00fcbsch","isPartOf":{"@id":"https:\/\/hubsch-interior.com\/fr\/#website"},"primaryImageOfPage":{"@id":"https:\/\/hubsch-interior.com\/fr\/produit\/ays-chariot-bleu-fonce\/#primaryimage"},"image":{"@id":"https:\/\/hubsch-interior.com\/fr\/produit\/ays-chariot-bleu-fonce\/#primaryimage"},"thumbnailUrl":"https:\/\/hubsch-interior.com\/wp-content\/uploads\/2026\/02\/ays-trolley-dark-blue-5d809d4a15972293d2fc165ace4f26b5.jpg","datePublished":"2026-01-31T04:24:00+00:00","dateModified":"2026-04-05T03:24:31+00:00","description":"Besoin d'un assistant qui se d\u00e9place avec vous ? Le Ays Chariot en bleu fonc\u00e9 profond allie fonctionnalit\u00e9 et style \u00e0 votre espace, avec une silhouette","breadcrumb":{"@id":"https:\/\/hubsch-interior.com\/fr\/produit\/ays-chariot-bleu-fonce\/#breadcrumb"},"inLanguage":"fr-FR","potentialAction":[{"@type":"ReadAction","target":["https:\/\/hubsch-interior.com\/fr\/produit\/ays-chariot-bleu-fonce\/"]}]},{"@type":"ImageObject","inLanguage":"fr-FR","@id":"https:\/\/hubsch-interior.com\/fr\/produit\/ays-chariot-bleu-fonce\/#primaryimage","url":"https:\/\/hubsch-interior.com\/wp-content\/uploads\/2026\/02\/ays-trolley-dark-blue-5d809d4a15972293d2fc165ace4f26b5.jpg","contentUrl":"https:\/\/hubsch-interior.com\/wp-content\/uploads\/2026\/02\/ays-trolley-dark-blue-5d809d4a15972293d2fc165ace4f26b5.jpg","width":1024,"height":1024},{"@type":"BreadcrumbList","@id":"https:\/\/hubsch-interior.com\/fr\/produit\/ays-chariot-bleu-fonce\/#breadcrumb","itemListElement":[{"@type":"ListItem","position":1,"name":"Page d'accueil","item":"https:\/\/hubsch-interior.com\/fr\/"},{"@type":"ListItem","position":2,"name":"Produits","item":"https:\/\/hubsch-interior.com\/fr\/shop-2\/"},{"@type":"ListItem","position":3,"name":"Ays Chariot Bleu fonc\u00e9"}]},{"@type":"WebSite","@id":"https:\/\/hubsch-interior.com\/fr\/#website","url":"https:\/\/hubsch-interior.com\/fr\/","name":"H\u00fcbsch","description":"Danish Home Interior and Design","publisher":{"@id":"https:\/\/hubsch-interior.com\/fr\/#organization"},"potentialAction":[{"@type":"SearchAction","target":{"@type":"EntryPoint","urlTemplate":"https:\/\/hubsch-interior.com\/fr\/?s={search_term_string}"},"query-input":{"@type":"PropertyValueSpecification","valueRequired":true,"valueName":"search_term_string"}}],"inLanguage":"fr-FR"},{"@type":"Organization","@id":"https:\/\/hubsch-interior.com\/fr\/#organization","name":"H\u00fcbsch","url":"https:\/\/hubsch-interior.com\/fr\/","logo":{"@type":"ImageObject","inLanguage":"fr-FR","@id":"https:\/\/hubsch-interior.com\/fr\/#\/schema\/logo\/image\/","url":"https:\/\/hubsch-interior.com\/wp-content\/uploads\/2022\/12\/Hubsch_logo_black_one_line.svg","contentUrl":"https:\/\/hubsch-interior.com\/wp-content\/uploads\/2022\/12\/Hubsch_logo_black_one_line.svg","caption":"H\u00fcbsch"},"image":{"@id":"https:\/\/hubsch-interior.com\/fr\/#\/schema\/logo\/image\/"}}]}},"_links":{"self":[{"href":"https:\/\/hubsch-interior.com\/fr\/wp-json\/wp\/v2\/product\/1089092","targetHints":{"allow":["GET"]}}],"collection":[{"href":"https:\/\/hubsch-interior.com\/fr\/wp-json\/wp\/v2\/product"}],"about":[{"href":"https:\/\/hubsch-interior.com\/fr\/wp-json\/wp\/v2\/types\/product"}],"wp:featuredmedia":[{"embeddable":true,"href":"https:\/\/hubsch-interior.com\/fr\/wp-json\/wp\/v2\/media\/1113857"}],"wp:attachment":[{"href":"https:\/\/hubsch-interior.com\/fr\/wp-json\/wp\/v2\/media?parent=1089092"}],"wp:term":[{"taxonomy":"product_brand","embeddable":true,"href":"https:\/\/hubsch-interior.com\/fr\/wp-json\/wp\/v2\/product_brand?post=1089092"},{"taxonomy":"product_cat","embeddable":true,"href":"https:\/\/hubsch-interior.com\/fr\/wp-json\/wp\/v2\/product_cat?post=1089092"},{"taxonomy":"product_tag","embeddable":true,"href":"https:\/\/hubsch-interior.com\/fr\/wp-json\/wp\/v2\/product_tag?post=1089092"}],"curies":[{"name":"wp","href":"https:\/\/api.w.org\/{rel}","templated":true}]}}