{"id":1089136,"date":"2026-01-31T05:24:27","date_gmt":"2026-01-31T04:24:27","guid":{"rendered":"https:\/\/hubsch-interior.com\/product\/product\/"},"modified":"2026-04-05T05:24:39","modified_gmt":"2026-04-05T03:24:39","slug":"two-bougeoir-jaune","status":"publish","type":"product","link":"https:\/\/hubsch-interior.com\/fr\/produit\/two-bougeoir-jaune\/","title":{"rendered":"Two Bougeoir Jaune"},"content":{"rendered":"<p>Laissez briller votre lumi\u00e8re avec une touche ensoleill\u00e9e. Le bougeoir multifonctionnel Two Bougeoir, dans un jaune joyeux, apporte luminosit\u00e9 et gaiet\u00e9 \u00e0 tout environnement \u2014 que vous illuminiez un d\u00eener anim\u00e9 ou que vous vous d\u00e9tendiez en bonne compagnie. Retournez-le pour adapter une bougie fine ou une bougie chauffe-plat, et laissez l&#8217;\u00e9clat s&#8217;accorder \u00e0 votre humeur. Associez-le avec d&#8217;autres couleurs pour une pr\u00e9sentation dynamique et superpos\u00e9e. Avec sa forme sculpturale et sa teinte rayonnante, ce bougeoir ajoute une touche ludique et une lueur dor\u00e9e \u00e0 vos rituels quotidiens.<\/p>\n","protected":false},"excerpt":{"rendered":"<p>Laissez briller votre lumi\u00e8re avec une touche ensoleill\u00e9e. Le bougeoir multifonctionnel Two Bougeoir, dans un jaune joyeux, apporte luminosit\u00e9 et gaiet\u00e9 \u00e0 tout environnement \u2014 que vous illuminiez un d\u00eener anim\u00e9 ou que vous vous d\u00e9tendiez en bonne compagnie. Retournez-le pour adapter une bougie fine ou une bougie chauffe-plat, et laissez l&#8217;\u00e9clat s&#8217;accorder \u00e0 votre [&hellip;]<\/p>\n","protected":false},"featured_media":1111560,"template":"","meta":{"_acf_changed":false,"inline_featured_image":false},"product_brand":[],"product_cat":[4065,4066,7154,5046,6535,6971],"product_tag":[],"class_list":{"0":"post-1089136","1":"product","2":"type-product","3":"status-publish","4":"has-post-thumbnail","6":"product_cat-bougeoirs-lanternes-fr","7":"product_cat-bougeoirs-et-photophores-fr","8":"product_cat-dweller-fr","9":"product_cat-nouveautes-fr","10":"product_cat-outlet-fr","11":"product_cat-paques","12":"product_shipping_class-pk","14":"pa_color-jaune","15":"pa_material-rsine","17":"first","18":"instock","19":"sale","20":"taxable","21":"shipping-taxable","22":"purchasable","23":"product-type-simple"},"exclude_global_add_ons":[],"addons":[],"acf":[],"yoast_head":"<!-- This site is optimized with the Yoast SEO plugin v26.4 - https:\/\/yoast.com\/wordpress\/plugins\/seo\/ -->\n<title>Two Bougeoir Jaune - H\u00fcbsch<\/title>\n<meta name=\"description\" content=\"Laissez briller votre lumi\u00e8re avec une touche ensoleill\u00e9e. Le bougeoir multifonctionnel Two Bougeoir, dans un jaune joyeux, apporte luminosit\u00e9 et gaiet\u00e9 \u00e0\" \/>\n<meta name=\"robots\" content=\"index, follow, max-snippet:-1, max-image-preview:large, max-video-preview:-1\" \/>\n<link rel=\"canonical\" href=\"https:\/\/hubsch-interior.com\/fr\/wp-json\/wp\/v2\/product\/1089136\" \/>\n<meta property=\"og:locale\" content=\"fr_FR\" \/>\n<meta property=\"og:type\" content=\"article\" \/>\n<meta property=\"og:title\" content=\"Two Bougeoir Jaune - H\u00fcbsch\" \/>\n<meta property=\"og:description\" content=\"Laissez briller votre lumi\u00e8re avec une touche ensoleill\u00e9e. Le bougeoir multifonctionnel Two Bougeoir, dans un jaune joyeux, apporte luminosit\u00e9 et gaiet\u00e9 \u00e0\" \/>\n<meta property=\"og:url\" content=\"https:\/\/hubsch-interior.com\/fr\/produit\/two-bougeoir-jaune\/\" \/>\n<meta property=\"og:site_name\" content=\"H\u00fcbsch\" \/>\n<meta property=\"article:modified_time\" content=\"2026-04-05T03:24:39+00:00\" \/>\n<meta property=\"og:image\" content=\"https:\/\/hubsch-interior.com\/wp-content\/uploads\/2026\/01\/two-candleholder-yellow-f316ed6e6a3c48cfb996932ab41e4f98.jpg\" \/>\n\t<meta property=\"og:image:width\" content=\"1200\" \/>\n\t<meta property=\"og:image:height\" content=\"1200\" \/>\n\t<meta property=\"og:image:type\" content=\"image\/jpeg\" \/>\n<meta name=\"twitter:card\" content=\"summary_large_image\" \/>\n<script type=\"application\/ld+json\" class=\"yoast-schema-graph\">{\"@context\":\"https:\/\/schema.org\",\"@graph\":[{\"@type\":\"WebPage\",\"@id\":\"https:\/\/hubsch-interior.com\/fr\/produit\/two-bougeoir-jaune\/\",\"url\":\"https:\/\/hubsch-interior.com\/fr\/produit\/two-bougeoir-jaune\/\",\"name\":\"Two Bougeoir Jaune - H\u00fcbsch\",\"isPartOf\":{\"@id\":\"https:\/\/hubsch-interior.com\/fr\/#website\"},\"primaryImageOfPage\":{\"@id\":\"https:\/\/hubsch-interior.com\/fr\/produit\/two-bougeoir-jaune\/#primaryimage\"},\"image\":{\"@id\":\"https:\/\/hubsch-interior.com\/fr\/produit\/two-bougeoir-jaune\/#primaryimage\"},\"thumbnailUrl\":\"https:\/\/hubsch-interior.com\/wp-content\/uploads\/2026\/02\/two-candleholder-yellow-ccdc1defc3a4253161b8a638726b30d3.jpg\",\"datePublished\":\"2026-01-31T04:24:27+00:00\",\"dateModified\":\"2026-04-05T03:24:39+00:00\",\"description\":\"Laissez briller votre lumi\u00e8re avec une touche ensoleill\u00e9e. Le bougeoir multifonctionnel Two Bougeoir, dans un jaune joyeux, apporte luminosit\u00e9 et gaiet\u00e9 \u00e0\",\"breadcrumb\":{\"@id\":\"https:\/\/hubsch-interior.com\/fr\/produit\/two-bougeoir-jaune\/#breadcrumb\"},\"inLanguage\":\"fr-FR\",\"potentialAction\":[{\"@type\":\"ReadAction\",\"target\":[\"https:\/\/hubsch-interior.com\/fr\/produit\/two-bougeoir-jaune\/\"]}]},{\"@type\":\"ImageObject\",\"inLanguage\":\"fr-FR\",\"@id\":\"https:\/\/hubsch-interior.com\/fr\/produit\/two-bougeoir-jaune\/#primaryimage\",\"url\":\"https:\/\/hubsch-interior.com\/wp-content\/uploads\/2026\/02\/two-candleholder-yellow-ccdc1defc3a4253161b8a638726b30d3.jpg\",\"contentUrl\":\"https:\/\/hubsch-interior.com\/wp-content\/uploads\/2026\/02\/two-candleholder-yellow-ccdc1defc3a4253161b8a638726b30d3.jpg\",\"width\":1024,\"height\":1024},{\"@type\":\"BreadcrumbList\",\"@id\":\"https:\/\/hubsch-interior.com\/fr\/produit\/two-bougeoir-jaune\/#breadcrumb\",\"itemListElement\":[{\"@type\":\"ListItem\",\"position\":1,\"name\":\"Page d'accueil\",\"item\":\"https:\/\/hubsch-interior.com\/fr\/\"},{\"@type\":\"ListItem\",\"position\":2,\"name\":\"Produits\",\"item\":\"https:\/\/hubsch-interior.com\/fr\/shop-2\/\"},{\"@type\":\"ListItem\",\"position\":3,\"name\":\"Accessoires maison\",\"item\":\"https:\/\/hubsch-interior.com\/fr\/categorie-produit\/accessoires-maison\/\"},{\"@type\":\"ListItem\",\"position\":4,\"name\":\"Bougeoirs &amp; lanternes\",\"item\":\"https:\/\/hubsch-interior.com\/fr\/categorie-produit\/accessoires-maison\/bougeoirs-lanternes-fr\/\"},{\"@type\":\"ListItem\",\"position\":5,\"name\":\"Bougeoirs et photophores\",\"item\":\"https:\/\/hubsch-interior.com\/fr\/categorie-produit\/accessoires-maison\/bougeoirs-lanternes-fr\/bougeoirs-et-photophores-fr\/\"},{\"@type\":\"ListItem\",\"position\":6,\"name\":\"Two Bougeoir Jaune\"}]},{\"@type\":\"WebSite\",\"@id\":\"https:\/\/hubsch-interior.com\/fr\/#website\",\"url\":\"https:\/\/hubsch-interior.com\/fr\/\",\"name\":\"H\u00fcbsch\",\"description\":\"Danish Home Interior and Design\",\"publisher\":{\"@id\":\"https:\/\/hubsch-interior.com\/fr\/#organization\"},\"potentialAction\":[{\"@type\":\"SearchAction\",\"target\":{\"@type\":\"EntryPoint\",\"urlTemplate\":\"https:\/\/hubsch-interior.com\/fr\/?s={search_term_string}\"},\"query-input\":{\"@type\":\"PropertyValueSpecification\",\"valueRequired\":true,\"valueName\":\"search_term_string\"}}],\"inLanguage\":\"fr-FR\"},{\"@type\":\"Organization\",\"@id\":\"https:\/\/hubsch-interior.com\/fr\/#organization\",\"name\":\"H\u00fcbsch\",\"url\":\"https:\/\/hubsch-interior.com\/fr\/\",\"logo\":{\"@type\":\"ImageObject\",\"inLanguage\":\"fr-FR\",\"@id\":\"https:\/\/hubsch-interior.com\/fr\/#\/schema\/logo\/image\/\",\"url\":\"https:\/\/hubsch-interior.com\/wp-content\/uploads\/2022\/12\/Hubsch_logo_black_one_line.svg\",\"contentUrl\":\"https:\/\/hubsch-interior.com\/wp-content\/uploads\/2022\/12\/Hubsch_logo_black_one_line.svg\",\"caption\":\"H\u00fcbsch\"},\"image\":{\"@id\":\"https:\/\/hubsch-interior.com\/fr\/#\/schema\/logo\/image\/\"}}]}<\/script>\n<!-- \/ Yoast SEO plugin. -->","yoast_head_json":{"title":"Two Bougeoir Jaune - H\u00fcbsch","description":"Laissez briller votre lumi\u00e8re avec une touche ensoleill\u00e9e. Le bougeoir multifonctionnel Two Bougeoir, dans un jaune joyeux, apporte luminosit\u00e9 et gaiet\u00e9 \u00e0","robots":{"index":"index","follow":"follow","max-snippet":"max-snippet:-1","max-image-preview":"max-image-preview:large","max-video-preview":"max-video-preview:-1"},"canonical":"https:\/\/hubsch-interior.com\/fr\/wp-json\/wp\/v2\/product\/1089136","og_locale":"fr_FR","og_type":"article","og_title":"Two Bougeoir Jaune - H\u00fcbsch","og_description":"Laissez briller votre lumi\u00e8re avec une touche ensoleill\u00e9e. Le bougeoir multifonctionnel Two Bougeoir, dans un jaune joyeux, apporte luminosit\u00e9 et gaiet\u00e9 \u00e0","og_url":"https:\/\/hubsch-interior.com\/fr\/produit\/two-bougeoir-jaune\/","og_site_name":"H\u00fcbsch","article_modified_time":"2026-04-05T03:24:39+00:00","og_image":[{"width":1200,"height":1200,"url":"https:\/\/hubsch-interior.com\/wp-content\/uploads\/2026\/01\/two-candleholder-yellow-f316ed6e6a3c48cfb996932ab41e4f98.jpg","type":"image\/jpeg"}],"twitter_card":"summary_large_image","schema":{"@context":"https:\/\/schema.org","@graph":[{"@type":"WebPage","@id":"https:\/\/hubsch-interior.com\/fr\/produit\/two-bougeoir-jaune\/","url":"https:\/\/hubsch-interior.com\/fr\/produit\/two-bougeoir-jaune\/","name":"Two Bougeoir Jaune - H\u00fcbsch","isPartOf":{"@id":"https:\/\/hubsch-interior.com\/fr\/#website"},"primaryImageOfPage":{"@id":"https:\/\/hubsch-interior.com\/fr\/produit\/two-bougeoir-jaune\/#primaryimage"},"image":{"@id":"https:\/\/hubsch-interior.com\/fr\/produit\/two-bougeoir-jaune\/#primaryimage"},"thumbnailUrl":"https:\/\/hubsch-interior.com\/wp-content\/uploads\/2026\/02\/two-candleholder-yellow-ccdc1defc3a4253161b8a638726b30d3.jpg","datePublished":"2026-01-31T04:24:27+00:00","dateModified":"2026-04-05T03:24:39+00:00","description":"Laissez briller votre lumi\u00e8re avec une touche ensoleill\u00e9e. Le bougeoir multifonctionnel Two Bougeoir, dans un jaune joyeux, apporte luminosit\u00e9 et gaiet\u00e9 \u00e0","breadcrumb":{"@id":"https:\/\/hubsch-interior.com\/fr\/produit\/two-bougeoir-jaune\/#breadcrumb"},"inLanguage":"fr-FR","potentialAction":[{"@type":"ReadAction","target":["https:\/\/hubsch-interior.com\/fr\/produit\/two-bougeoir-jaune\/"]}]},{"@type":"ImageObject","inLanguage":"fr-FR","@id":"https:\/\/hubsch-interior.com\/fr\/produit\/two-bougeoir-jaune\/#primaryimage","url":"https:\/\/hubsch-interior.com\/wp-content\/uploads\/2026\/02\/two-candleholder-yellow-ccdc1defc3a4253161b8a638726b30d3.jpg","contentUrl":"https:\/\/hubsch-interior.com\/wp-content\/uploads\/2026\/02\/two-candleholder-yellow-ccdc1defc3a4253161b8a638726b30d3.jpg","width":1024,"height":1024},{"@type":"BreadcrumbList","@id":"https:\/\/hubsch-interior.com\/fr\/produit\/two-bougeoir-jaune\/#breadcrumb","itemListElement":[{"@type":"ListItem","position":1,"name":"Page d'accueil","item":"https:\/\/hubsch-interior.com\/fr\/"},{"@type":"ListItem","position":2,"name":"Produits","item":"https:\/\/hubsch-interior.com\/fr\/shop-2\/"},{"@type":"ListItem","position":3,"name":"Accessoires maison","item":"https:\/\/hubsch-interior.com\/fr\/categorie-produit\/accessoires-maison\/"},{"@type":"ListItem","position":4,"name":"Bougeoirs &amp; lanternes","item":"https:\/\/hubsch-interior.com\/fr\/categorie-produit\/accessoires-maison\/bougeoirs-lanternes-fr\/"},{"@type":"ListItem","position":5,"name":"Bougeoirs et photophores","item":"https:\/\/hubsch-interior.com\/fr\/categorie-produit\/accessoires-maison\/bougeoirs-lanternes-fr\/bougeoirs-et-photophores-fr\/"},{"@type":"ListItem","position":6,"name":"Two Bougeoir Jaune"}]},{"@type":"WebSite","@id":"https:\/\/hubsch-interior.com\/fr\/#website","url":"https:\/\/hubsch-interior.com\/fr\/","name":"H\u00fcbsch","description":"Danish Home Interior and Design","publisher":{"@id":"https:\/\/hubsch-interior.com\/fr\/#organization"},"potentialAction":[{"@type":"SearchAction","target":{"@type":"EntryPoint","urlTemplate":"https:\/\/hubsch-interior.com\/fr\/?s={search_term_string}"},"query-input":{"@type":"PropertyValueSpecification","valueRequired":true,"valueName":"search_term_string"}}],"inLanguage":"fr-FR"},{"@type":"Organization","@id":"https:\/\/hubsch-interior.com\/fr\/#organization","name":"H\u00fcbsch","url":"https:\/\/hubsch-interior.com\/fr\/","logo":{"@type":"ImageObject","inLanguage":"fr-FR","@id":"https:\/\/hubsch-interior.com\/fr\/#\/schema\/logo\/image\/","url":"https:\/\/hubsch-interior.com\/wp-content\/uploads\/2022\/12\/Hubsch_logo_black_one_line.svg","contentUrl":"https:\/\/hubsch-interior.com\/wp-content\/uploads\/2022\/12\/Hubsch_logo_black_one_line.svg","caption":"H\u00fcbsch"},"image":{"@id":"https:\/\/hubsch-interior.com\/fr\/#\/schema\/logo\/image\/"}}]}},"_links":{"self":[{"href":"https:\/\/hubsch-interior.com\/fr\/wp-json\/wp\/v2\/product\/1089136","targetHints":{"allow":["GET"]}}],"collection":[{"href":"https:\/\/hubsch-interior.com\/fr\/wp-json\/wp\/v2\/product"}],"about":[{"href":"https:\/\/hubsch-interior.com\/fr\/wp-json\/wp\/v2\/types\/product"}],"wp:featuredmedia":[{"embeddable":true,"href":"https:\/\/hubsch-interior.com\/fr\/wp-json\/wp\/v2\/media\/1111560"}],"wp:attachment":[{"href":"https:\/\/hubsch-interior.com\/fr\/wp-json\/wp\/v2\/media?parent=1089136"}],"wp:term":[{"taxonomy":"product_brand","embeddable":true,"href":"https:\/\/hubsch-interior.com\/fr\/wp-json\/wp\/v2\/product_brand?post=1089136"},{"taxonomy":"product_cat","embeddable":true,"href":"https:\/\/hubsch-interior.com\/fr\/wp-json\/wp\/v2\/product_cat?post=1089136"},{"taxonomy":"product_tag","embeddable":true,"href":"https:\/\/hubsch-interior.com\/fr\/wp-json\/wp\/v2\/product_tag?post=1089136"}],"curies":[{"name":"wp","href":"https:\/\/api.w.org\/{rel}","templated":true}]}}