{"id":1089156,"date":"2026-01-31T05:24:39","date_gmt":"2026-01-31T04:24:39","guid":{"rendered":"https:\/\/hubsch-interior.com\/product\/product\/"},"modified":"2026-04-05T05:24:43","modified_gmt":"2026-04-05T03:24:43","slug":"kanso-boite-de-rangement-multicolore-set-de-3","status":"publish","type":"product","link":"https:\/\/hubsch-interior.com\/fr\/produit\/kanso-boite-de-rangement-multicolore-set-de-3\/","title":{"rendered":"Kanso Bo\u00eete de rangement \u00a0Multicolor\u00e9 (set de 3)"},"content":{"rendered":"<p>Un trio color\u00e9 con\u00e7u pour ranger avec \u00e9l\u00e9gance. Le set de Kanso Bo\u00eete de rangement comprend trois bo\u00eetes multicolores destin\u00e9es \u00e0 garder vos essentiels du quotidien bien rang\u00e9s et avec style. Des petits souvenirs aux divers petits objets, chaque bo\u00eete offre un m\u00e9lange parfait de fonctionnalit\u00e9 et d&#8217;esth\u00e9tique. Fabriqu\u00e9es avec soin et con\u00e7ues pour s&#8217;empiler, elles illuminent n&#8217;importe quelle \u00e9tag\u00e8re ou surface tout en transformant l&#8217;organisation en un acte cr\u00e9atif. Parce que m\u00eame les plus petites choses m\u00e9ritent un bel endroit o\u00f9 elles appartiennent.<\/p>\n","protected":false},"excerpt":{"rendered":"<p>Un trio color\u00e9 con\u00e7u pour ranger avec \u00e9l\u00e9gance. Le set de Kanso Bo\u00eete de rangement comprend trois bo\u00eetes multicolores destin\u00e9es \u00e0 garder vos essentiels du quotidien bien rang\u00e9s et avec style. Des petits souvenirs aux divers petits objets, chaque bo\u00eete offre un m\u00e9lange parfait de fonctionnalit\u00e9 et d&#8217;esth\u00e9tique. Fabriqu\u00e9es avec soin et con\u00e7ues pour s&#8217;empiler, [&hellip;]<\/p>\n","protected":false},"featured_media":1111576,"template":"","meta":{"_acf_changed":false,"inline_featured_image":false},"product_brand":[],"product_cat":[7154,4153,4960,5046],"product_tag":[],"class_list":{"0":"post-1089156","1":"product","2":"type-product","3":"status-publish","4":"has-post-thumbnail","6":"product_cat-dweller-fr","7":"product_cat-espace-de-travail-fr","8":"product_cat-rangement-fr","9":"product_cat-nouveautes-fr","10":"product_shipping_class-pk","12":"pa_color-multicolor-2","13":"pa_material-rsine","15":"first","16":"instock","17":"taxable","18":"shipping-taxable","19":"purchasable","20":"product-type-simple"},"exclude_global_add_ons":[],"addons":[],"acf":[],"yoast_head":"<!-- This site is optimized with the Yoast SEO plugin v26.4 - https:\/\/yoast.com\/wordpress\/plugins\/seo\/ -->\n<title>Kanso Bo\u00eete de rangement \u00a0Multicolor\u00e9 (set de 3) - H\u00fcbsch<\/title>\n<meta name=\"description\" content=\"Un trio color\u00e9 con\u00e7u pour ranger avec \u00e9l\u00e9gance. Le set de Kanso Bo\u00eete de rangement comprend trois bo\u00eetes multicolores destin\u00e9es \u00e0 garder vos essentiels du\" \/>\n<meta name=\"robots\" content=\"index, follow, max-snippet:-1, max-image-preview:large, max-video-preview:-1\" \/>\n<link rel=\"canonical\" href=\"https:\/\/hubsch-interior.com\/fr\/wp-json\/wp\/v2\/product\/1089156\" \/>\n<meta property=\"og:locale\" content=\"fr_FR\" \/>\n<meta property=\"og:type\" content=\"article\" \/>\n<meta property=\"og:title\" content=\"Kanso Bo\u00eete de rangement \u00a0Multicolor\u00e9 (set de 3) - H\u00fcbsch\" \/>\n<meta property=\"og:description\" content=\"Un trio color\u00e9 con\u00e7u pour ranger avec \u00e9l\u00e9gance. Le set de Kanso Bo\u00eete de rangement comprend trois bo\u00eetes multicolores destin\u00e9es \u00e0 garder vos essentiels du\" \/>\n<meta property=\"og:url\" content=\"https:\/\/hubsch-interior.com\/fr\/produit\/kanso-boite-de-rangement-multicolore-set-de-3\/\" \/>\n<meta property=\"og:site_name\" content=\"H\u00fcbsch\" \/>\n<meta property=\"article:modified_time\" content=\"2026-04-05T03:24:43+00:00\" \/>\n<meta property=\"og:image\" content=\"https:\/\/hubsch-interior.com\/wp-content\/uploads\/2026\/01\/kanso-storage-box-multicolour-set-of-3-5799179bc4cb989b1b8fc4d17e603941.jpg\" \/>\n\t<meta property=\"og:image:width\" content=\"1200\" \/>\n\t<meta property=\"og:image:height\" content=\"1200\" \/>\n\t<meta property=\"og:image:type\" content=\"image\/jpeg\" \/>\n<meta name=\"twitter:card\" content=\"summary_large_image\" \/>\n<script type=\"application\/ld+json\" class=\"yoast-schema-graph\">{\"@context\":\"https:\/\/schema.org\",\"@graph\":[{\"@type\":\"WebPage\",\"@id\":\"https:\/\/hubsch-interior.com\/fr\/produit\/kanso-boite-de-rangement-multicolore-set-de-3\/\",\"url\":\"https:\/\/hubsch-interior.com\/fr\/produit\/kanso-boite-de-rangement-multicolore-set-de-3\/\",\"name\":\"Kanso Bo\u00eete de rangement \u00a0Multicolor\u00e9 (set de 3) - H\u00fcbsch\",\"isPartOf\":{\"@id\":\"https:\/\/hubsch-interior.com\/fr\/#website\"},\"primaryImageOfPage\":{\"@id\":\"https:\/\/hubsch-interior.com\/fr\/produit\/kanso-boite-de-rangement-multicolore-set-de-3\/#primaryimage\"},\"image\":{\"@id\":\"https:\/\/hubsch-interior.com\/fr\/produit\/kanso-boite-de-rangement-multicolore-set-de-3\/#primaryimage\"},\"thumbnailUrl\":\"https:\/\/hubsch-interior.com\/wp-content\/uploads\/2026\/02\/kanso-storage-box-multicolour-set-of-3-2c8d73137f1405b66a0c6b6cb77b0ee9.jpg\",\"datePublished\":\"2026-01-31T04:24:39+00:00\",\"dateModified\":\"2026-04-05T03:24:43+00:00\",\"description\":\"Un trio color\u00e9 con\u00e7u pour ranger avec \u00e9l\u00e9gance. Le set de Kanso Bo\u00eete de rangement comprend trois bo\u00eetes multicolores destin\u00e9es \u00e0 garder vos essentiels du\",\"breadcrumb\":{\"@id\":\"https:\/\/hubsch-interior.com\/fr\/produit\/kanso-boite-de-rangement-multicolore-set-de-3\/#breadcrumb\"},\"inLanguage\":\"fr-FR\",\"potentialAction\":[{\"@type\":\"ReadAction\",\"target\":[\"https:\/\/hubsch-interior.com\/fr\/produit\/kanso-boite-de-rangement-multicolore-set-de-3\/\"]}]},{\"@type\":\"ImageObject\",\"inLanguage\":\"fr-FR\",\"@id\":\"https:\/\/hubsch-interior.com\/fr\/produit\/kanso-boite-de-rangement-multicolore-set-de-3\/#primaryimage\",\"url\":\"https:\/\/hubsch-interior.com\/wp-content\/uploads\/2026\/02\/kanso-storage-box-multicolour-set-of-3-2c8d73137f1405b66a0c6b6cb77b0ee9.jpg\",\"contentUrl\":\"https:\/\/hubsch-interior.com\/wp-content\/uploads\/2026\/02\/kanso-storage-box-multicolour-set-of-3-2c8d73137f1405b66a0c6b6cb77b0ee9.jpg\",\"width\":1024,\"height\":1024},{\"@type\":\"BreadcrumbList\",\"@id\":\"https:\/\/hubsch-interior.com\/fr\/produit\/kanso-boite-de-rangement-multicolore-set-de-3\/#breadcrumb\",\"itemListElement\":[{\"@type\":\"ListItem\",\"position\":1,\"name\":\"Page d'accueil\",\"item\":\"https:\/\/hubsch-interior.com\/fr\/\"},{\"@type\":\"ListItem\",\"position\":2,\"name\":\"Produits\",\"item\":\"https:\/\/hubsch-interior.com\/fr\/shop-2\/\"},{\"@type\":\"ListItem\",\"position\":3,\"name\":\"Kanso Bo\u00eete de rangement \u00a0Multicolor\u00e9 (set de 3)\"}]},{\"@type\":\"WebSite\",\"@id\":\"https:\/\/hubsch-interior.com\/fr\/#website\",\"url\":\"https:\/\/hubsch-interior.com\/fr\/\",\"name\":\"H\u00fcbsch\",\"description\":\"Danish Home Interior and Design\",\"publisher\":{\"@id\":\"https:\/\/hubsch-interior.com\/fr\/#organization\"},\"potentialAction\":[{\"@type\":\"SearchAction\",\"target\":{\"@type\":\"EntryPoint\",\"urlTemplate\":\"https:\/\/hubsch-interior.com\/fr\/?s={search_term_string}\"},\"query-input\":{\"@type\":\"PropertyValueSpecification\",\"valueRequired\":true,\"valueName\":\"search_term_string\"}}],\"inLanguage\":\"fr-FR\"},{\"@type\":\"Organization\",\"@id\":\"https:\/\/hubsch-interior.com\/fr\/#organization\",\"name\":\"H\u00fcbsch\",\"url\":\"https:\/\/hubsch-interior.com\/fr\/\",\"logo\":{\"@type\":\"ImageObject\",\"inLanguage\":\"fr-FR\",\"@id\":\"https:\/\/hubsch-interior.com\/fr\/#\/schema\/logo\/image\/\",\"url\":\"https:\/\/hubsch-interior.com\/wp-content\/uploads\/2022\/12\/Hubsch_logo_black_one_line.svg\",\"contentUrl\":\"https:\/\/hubsch-interior.com\/wp-content\/uploads\/2022\/12\/Hubsch_logo_black_one_line.svg\",\"caption\":\"H\u00fcbsch\"},\"image\":{\"@id\":\"https:\/\/hubsch-interior.com\/fr\/#\/schema\/logo\/image\/\"}}]}<\/script>\n<!-- \/ Yoast SEO plugin. -->","yoast_head_json":{"title":"Kanso Bo\u00eete de rangement \u00a0Multicolor\u00e9 (set de 3) - H\u00fcbsch","description":"Un trio color\u00e9 con\u00e7u pour ranger avec \u00e9l\u00e9gance. Le set de Kanso Bo\u00eete de rangement comprend trois bo\u00eetes multicolores destin\u00e9es \u00e0 garder vos essentiels du","robots":{"index":"index","follow":"follow","max-snippet":"max-snippet:-1","max-image-preview":"max-image-preview:large","max-video-preview":"max-video-preview:-1"},"canonical":"https:\/\/hubsch-interior.com\/fr\/wp-json\/wp\/v2\/product\/1089156","og_locale":"fr_FR","og_type":"article","og_title":"Kanso Bo\u00eete de rangement \u00a0Multicolor\u00e9 (set de 3) - H\u00fcbsch","og_description":"Un trio color\u00e9 con\u00e7u pour ranger avec \u00e9l\u00e9gance. Le set de Kanso Bo\u00eete de rangement comprend trois bo\u00eetes multicolores destin\u00e9es \u00e0 garder vos essentiels du","og_url":"https:\/\/hubsch-interior.com\/fr\/produit\/kanso-boite-de-rangement-multicolore-set-de-3\/","og_site_name":"H\u00fcbsch","article_modified_time":"2026-04-05T03:24:43+00:00","og_image":[{"width":1200,"height":1200,"url":"https:\/\/hubsch-interior.com\/wp-content\/uploads\/2026\/01\/kanso-storage-box-multicolour-set-of-3-5799179bc4cb989b1b8fc4d17e603941.jpg","type":"image\/jpeg"}],"twitter_card":"summary_large_image","schema":{"@context":"https:\/\/schema.org","@graph":[{"@type":"WebPage","@id":"https:\/\/hubsch-interior.com\/fr\/produit\/kanso-boite-de-rangement-multicolore-set-de-3\/","url":"https:\/\/hubsch-interior.com\/fr\/produit\/kanso-boite-de-rangement-multicolore-set-de-3\/","name":"Kanso Bo\u00eete de rangement \u00a0Multicolor\u00e9 (set de 3) - H\u00fcbsch","isPartOf":{"@id":"https:\/\/hubsch-interior.com\/fr\/#website"},"primaryImageOfPage":{"@id":"https:\/\/hubsch-interior.com\/fr\/produit\/kanso-boite-de-rangement-multicolore-set-de-3\/#primaryimage"},"image":{"@id":"https:\/\/hubsch-interior.com\/fr\/produit\/kanso-boite-de-rangement-multicolore-set-de-3\/#primaryimage"},"thumbnailUrl":"https:\/\/hubsch-interior.com\/wp-content\/uploads\/2026\/02\/kanso-storage-box-multicolour-set-of-3-2c8d73137f1405b66a0c6b6cb77b0ee9.jpg","datePublished":"2026-01-31T04:24:39+00:00","dateModified":"2026-04-05T03:24:43+00:00","description":"Un trio color\u00e9 con\u00e7u pour ranger avec \u00e9l\u00e9gance. Le set de Kanso Bo\u00eete de rangement comprend trois bo\u00eetes multicolores destin\u00e9es \u00e0 garder vos essentiels du","breadcrumb":{"@id":"https:\/\/hubsch-interior.com\/fr\/produit\/kanso-boite-de-rangement-multicolore-set-de-3\/#breadcrumb"},"inLanguage":"fr-FR","potentialAction":[{"@type":"ReadAction","target":["https:\/\/hubsch-interior.com\/fr\/produit\/kanso-boite-de-rangement-multicolore-set-de-3\/"]}]},{"@type":"ImageObject","inLanguage":"fr-FR","@id":"https:\/\/hubsch-interior.com\/fr\/produit\/kanso-boite-de-rangement-multicolore-set-de-3\/#primaryimage","url":"https:\/\/hubsch-interior.com\/wp-content\/uploads\/2026\/02\/kanso-storage-box-multicolour-set-of-3-2c8d73137f1405b66a0c6b6cb77b0ee9.jpg","contentUrl":"https:\/\/hubsch-interior.com\/wp-content\/uploads\/2026\/02\/kanso-storage-box-multicolour-set-of-3-2c8d73137f1405b66a0c6b6cb77b0ee9.jpg","width":1024,"height":1024},{"@type":"BreadcrumbList","@id":"https:\/\/hubsch-interior.com\/fr\/produit\/kanso-boite-de-rangement-multicolore-set-de-3\/#breadcrumb","itemListElement":[{"@type":"ListItem","position":1,"name":"Page d'accueil","item":"https:\/\/hubsch-interior.com\/fr\/"},{"@type":"ListItem","position":2,"name":"Produits","item":"https:\/\/hubsch-interior.com\/fr\/shop-2\/"},{"@type":"ListItem","position":3,"name":"Kanso Bo\u00eete de rangement \u00a0Multicolor\u00e9 (set de 3)"}]},{"@type":"WebSite","@id":"https:\/\/hubsch-interior.com\/fr\/#website","url":"https:\/\/hubsch-interior.com\/fr\/","name":"H\u00fcbsch","description":"Danish Home Interior and Design","publisher":{"@id":"https:\/\/hubsch-interior.com\/fr\/#organization"},"potentialAction":[{"@type":"SearchAction","target":{"@type":"EntryPoint","urlTemplate":"https:\/\/hubsch-interior.com\/fr\/?s={search_term_string}"},"query-input":{"@type":"PropertyValueSpecification","valueRequired":true,"valueName":"search_term_string"}}],"inLanguage":"fr-FR"},{"@type":"Organization","@id":"https:\/\/hubsch-interior.com\/fr\/#organization","name":"H\u00fcbsch","url":"https:\/\/hubsch-interior.com\/fr\/","logo":{"@type":"ImageObject","inLanguage":"fr-FR","@id":"https:\/\/hubsch-interior.com\/fr\/#\/schema\/logo\/image\/","url":"https:\/\/hubsch-interior.com\/wp-content\/uploads\/2022\/12\/Hubsch_logo_black_one_line.svg","contentUrl":"https:\/\/hubsch-interior.com\/wp-content\/uploads\/2022\/12\/Hubsch_logo_black_one_line.svg","caption":"H\u00fcbsch"},"image":{"@id":"https:\/\/hubsch-interior.com\/fr\/#\/schema\/logo\/image\/"}}]}},"_links":{"self":[{"href":"https:\/\/hubsch-interior.com\/fr\/wp-json\/wp\/v2\/product\/1089156","targetHints":{"allow":["GET"]}}],"collection":[{"href":"https:\/\/hubsch-interior.com\/fr\/wp-json\/wp\/v2\/product"}],"about":[{"href":"https:\/\/hubsch-interior.com\/fr\/wp-json\/wp\/v2\/types\/product"}],"wp:featuredmedia":[{"embeddable":true,"href":"https:\/\/hubsch-interior.com\/fr\/wp-json\/wp\/v2\/media\/1111576"}],"wp:attachment":[{"href":"https:\/\/hubsch-interior.com\/fr\/wp-json\/wp\/v2\/media?parent=1089156"}],"wp:term":[{"taxonomy":"product_brand","embeddable":true,"href":"https:\/\/hubsch-interior.com\/fr\/wp-json\/wp\/v2\/product_brand?post=1089156"},{"taxonomy":"product_cat","embeddable":true,"href":"https:\/\/hubsch-interior.com\/fr\/wp-json\/wp\/v2\/product_cat?post=1089156"},{"taxonomy":"product_tag","embeddable":true,"href":"https:\/\/hubsch-interior.com\/fr\/wp-json\/wp\/v2\/product_tag?post=1089156"}],"curies":[{"name":"wp","href":"https:\/\/api.w.org\/{rel}","templated":true}]}}