{"id":1089172,"date":"2026-01-31T05:24:50","date_gmt":"2026-01-31T04:24:50","guid":{"rendered":"https:\/\/hubsch-interior.com\/product\/product\/"},"modified":"2026-04-05T05:24:46","modified_gmt":"2026-04-05T03:24:46","slug":"kanso-organiseur-de-bureau-jaune","status":"publish","type":"product","link":"https:\/\/hubsch-interior.com\/fr\/produit\/kanso-organiseur-de-bureau-jaune\/","title":{"rendered":"Kanso Organiseur de bureau Jaune"},"content":{"rendered":"<p>Ajoutez une touche de gaiet\u00e9 \u00e0 votre espace de travail. Le Kanso Organiseur de bureau en jaune vif apporte \u00e0 la fois ordre et \u00e9nergie \u00e0 votre configuration quotidienne. Disponible en deux styles distincts, il est con\u00e7u pour garder vos stylos, crayons et outils pr\u00e9f\u00e9r\u00e9s \u00e0 port\u00e9e de main. Fabriqu\u00e9 avec soin et un sens de la fonctionnalit\u00e9, il vous aide \u00e0 rester concentr\u00e9 tout en ajoutant une touche de personnalit\u00e9 lumineuse \u00e0 votre bureau. Parce que la cr\u00e9ativit\u00e9 s&#8217;\u00e9coule mieux lorsque tout est \u00e0 sa place.<\/p>\n","protected":false},"excerpt":{"rendered":"<p>Ajoutez une touche de gaiet\u00e9 \u00e0 votre espace de travail. Le Kanso Organiseur de bureau en jaune vif apporte \u00e0 la fois ordre et \u00e9nergie \u00e0 votre configuration quotidienne. Disponible en deux styles distincts, il est con\u00e7u pour garder vos stylos, crayons et outils pr\u00e9f\u00e9r\u00e9s \u00e0 port\u00e9e de main. Fabriqu\u00e9 avec soin et un sens [&hellip;]<\/p>\n","protected":false},"featured_media":1113889,"template":"","meta":{"_acf_changed":false,"inline_featured_image":false},"product_brand":[],"product_cat":[7154,4153,4960,5046],"product_tag":[],"class_list":{"0":"post-1089172","1":"product","2":"type-product","3":"status-publish","4":"has-post-thumbnail","6":"product_cat-dweller-fr","7":"product_cat-espace-de-travail-fr","8":"product_cat-rangement-fr","9":"product_cat-nouveautes-fr","10":"product_shipping_class-pk","12":"pa_color-jaune","13":"pa_material-rsine","15":"first","16":"instock","17":"taxable","18":"shipping-taxable","19":"purchasable","20":"product-type-simple"},"exclude_global_add_ons":[],"addons":[],"acf":[],"yoast_head":"<!-- This site is optimized with the Yoast SEO plugin v26.4 - https:\/\/yoast.com\/wordpress\/plugins\/seo\/ -->\n<title>Kanso Organiseur de bureau Jaune - H\u00fcbsch<\/title>\n<meta name=\"description\" content=\"Ajoutez une touche de gaiet\u00e9 \u00e0 votre espace de travail. Le Kanso Organiseur de bureau en jaune vif apporte \u00e0 la fois ordre et \u00e9nergie \u00e0 votre\" \/>\n<meta name=\"robots\" content=\"index, follow, max-snippet:-1, max-image-preview:large, max-video-preview:-1\" \/>\n<link rel=\"canonical\" href=\"https:\/\/hubsch-interior.com\/fr\/wp-json\/wp\/v2\/product\/1089172\" \/>\n<meta property=\"og:locale\" content=\"fr_FR\" \/>\n<meta property=\"og:type\" content=\"article\" \/>\n<meta property=\"og:title\" content=\"Kanso Organiseur de bureau Jaune - H\u00fcbsch\" \/>\n<meta property=\"og:description\" content=\"Ajoutez une touche de gaiet\u00e9 \u00e0 votre espace de travail. Le Kanso Organiseur de bureau en jaune vif apporte \u00e0 la fois ordre et \u00e9nergie \u00e0 votre\" \/>\n<meta property=\"og:url\" content=\"https:\/\/hubsch-interior.com\/fr\/produit\/kanso-organiseur-de-bureau-jaune\/\" \/>\n<meta property=\"og:site_name\" content=\"H\u00fcbsch\" \/>\n<meta property=\"article:modified_time\" content=\"2026-04-05T03:24:46+00:00\" \/>\n<meta property=\"og:image\" content=\"https:\/\/hubsch-interior.com\/wp-content\/uploads\/2026\/01\/kanso-desk-organiser-yellow-e57246d06b54aae0d60f147155106561.jpg\" \/>\n\t<meta property=\"og:image:width\" content=\"1200\" \/>\n\t<meta property=\"og:image:height\" content=\"1200\" \/>\n\t<meta property=\"og:image:type\" content=\"image\/jpeg\" \/>\n<meta name=\"twitter:card\" content=\"summary_large_image\" \/>\n<script type=\"application\/ld+json\" class=\"yoast-schema-graph\">{\"@context\":\"https:\/\/schema.org\",\"@graph\":[{\"@type\":\"WebPage\",\"@id\":\"https:\/\/hubsch-interior.com\/fr\/produit\/kanso-organiseur-de-bureau-jaune\/\",\"url\":\"https:\/\/hubsch-interior.com\/fr\/produit\/kanso-organiseur-de-bureau-jaune\/\",\"name\":\"Kanso Organiseur de bureau Jaune - H\u00fcbsch\",\"isPartOf\":{\"@id\":\"https:\/\/hubsch-interior.com\/fr\/#website\"},\"primaryImageOfPage\":{\"@id\":\"https:\/\/hubsch-interior.com\/fr\/produit\/kanso-organiseur-de-bureau-jaune\/#primaryimage\"},\"image\":{\"@id\":\"https:\/\/hubsch-interior.com\/fr\/produit\/kanso-organiseur-de-bureau-jaune\/#primaryimage\"},\"thumbnailUrl\":\"https:\/\/hubsch-interior.com\/wp-content\/uploads\/2026\/02\/kanso-desk-organiser-yellow-583de6d8f67d8607b6c2b60bf57754eb.jpg\",\"datePublished\":\"2026-01-31T04:24:50+00:00\",\"dateModified\":\"2026-04-05T03:24:46+00:00\",\"description\":\"Ajoutez une touche de gaiet\u00e9 \u00e0 votre espace de travail. Le Kanso Organiseur de bureau en jaune vif apporte \u00e0 la fois ordre et \u00e9nergie \u00e0 votre\",\"breadcrumb\":{\"@id\":\"https:\/\/hubsch-interior.com\/fr\/produit\/kanso-organiseur-de-bureau-jaune\/#breadcrumb\"},\"inLanguage\":\"fr-FR\",\"potentialAction\":[{\"@type\":\"ReadAction\",\"target\":[\"https:\/\/hubsch-interior.com\/fr\/produit\/kanso-organiseur-de-bureau-jaune\/\"]}]},{\"@type\":\"ImageObject\",\"inLanguage\":\"fr-FR\",\"@id\":\"https:\/\/hubsch-interior.com\/fr\/produit\/kanso-organiseur-de-bureau-jaune\/#primaryimage\",\"url\":\"https:\/\/hubsch-interior.com\/wp-content\/uploads\/2026\/02\/kanso-desk-organiser-yellow-583de6d8f67d8607b6c2b60bf57754eb.jpg\",\"contentUrl\":\"https:\/\/hubsch-interior.com\/wp-content\/uploads\/2026\/02\/kanso-desk-organiser-yellow-583de6d8f67d8607b6c2b60bf57754eb.jpg\",\"width\":1024,\"height\":1024},{\"@type\":\"BreadcrumbList\",\"@id\":\"https:\/\/hubsch-interior.com\/fr\/produit\/kanso-organiseur-de-bureau-jaune\/#breadcrumb\",\"itemListElement\":[{\"@type\":\"ListItem\",\"position\":1,\"name\":\"Page d'accueil\",\"item\":\"https:\/\/hubsch-interior.com\/fr\/\"},{\"@type\":\"ListItem\",\"position\":2,\"name\":\"Produits\",\"item\":\"https:\/\/hubsch-interior.com\/fr\/shop-2\/\"},{\"@type\":\"ListItem\",\"position\":3,\"name\":\"Kanso Organiseur de bureau Jaune\"}]},{\"@type\":\"WebSite\",\"@id\":\"https:\/\/hubsch-interior.com\/fr\/#website\",\"url\":\"https:\/\/hubsch-interior.com\/fr\/\",\"name\":\"H\u00fcbsch\",\"description\":\"Danish Home Interior and Design\",\"publisher\":{\"@id\":\"https:\/\/hubsch-interior.com\/fr\/#organization\"},\"potentialAction\":[{\"@type\":\"SearchAction\",\"target\":{\"@type\":\"EntryPoint\",\"urlTemplate\":\"https:\/\/hubsch-interior.com\/fr\/?s={search_term_string}\"},\"query-input\":{\"@type\":\"PropertyValueSpecification\",\"valueRequired\":true,\"valueName\":\"search_term_string\"}}],\"inLanguage\":\"fr-FR\"},{\"@type\":\"Organization\",\"@id\":\"https:\/\/hubsch-interior.com\/fr\/#organization\",\"name\":\"H\u00fcbsch\",\"url\":\"https:\/\/hubsch-interior.com\/fr\/\",\"logo\":{\"@type\":\"ImageObject\",\"inLanguage\":\"fr-FR\",\"@id\":\"https:\/\/hubsch-interior.com\/fr\/#\/schema\/logo\/image\/\",\"url\":\"https:\/\/hubsch-interior.com\/wp-content\/uploads\/2022\/12\/Hubsch_logo_black_one_line.svg\",\"contentUrl\":\"https:\/\/hubsch-interior.com\/wp-content\/uploads\/2022\/12\/Hubsch_logo_black_one_line.svg\",\"caption\":\"H\u00fcbsch\"},\"image\":{\"@id\":\"https:\/\/hubsch-interior.com\/fr\/#\/schema\/logo\/image\/\"}}]}<\/script>\n<!-- \/ Yoast SEO plugin. -->","yoast_head_json":{"title":"Kanso Organiseur de bureau Jaune - H\u00fcbsch","description":"Ajoutez une touche de gaiet\u00e9 \u00e0 votre espace de travail. Le Kanso Organiseur de bureau en jaune vif apporte \u00e0 la fois ordre et \u00e9nergie \u00e0 votre","robots":{"index":"index","follow":"follow","max-snippet":"max-snippet:-1","max-image-preview":"max-image-preview:large","max-video-preview":"max-video-preview:-1"},"canonical":"https:\/\/hubsch-interior.com\/fr\/wp-json\/wp\/v2\/product\/1089172","og_locale":"fr_FR","og_type":"article","og_title":"Kanso Organiseur de bureau Jaune - H\u00fcbsch","og_description":"Ajoutez une touche de gaiet\u00e9 \u00e0 votre espace de travail. Le Kanso Organiseur de bureau en jaune vif apporte \u00e0 la fois ordre et \u00e9nergie \u00e0 votre","og_url":"https:\/\/hubsch-interior.com\/fr\/produit\/kanso-organiseur-de-bureau-jaune\/","og_site_name":"H\u00fcbsch","article_modified_time":"2026-04-05T03:24:46+00:00","og_image":[{"width":1200,"height":1200,"url":"https:\/\/hubsch-interior.com\/wp-content\/uploads\/2026\/01\/kanso-desk-organiser-yellow-e57246d06b54aae0d60f147155106561.jpg","type":"image\/jpeg"}],"twitter_card":"summary_large_image","schema":{"@context":"https:\/\/schema.org","@graph":[{"@type":"WebPage","@id":"https:\/\/hubsch-interior.com\/fr\/produit\/kanso-organiseur-de-bureau-jaune\/","url":"https:\/\/hubsch-interior.com\/fr\/produit\/kanso-organiseur-de-bureau-jaune\/","name":"Kanso Organiseur de bureau Jaune - H\u00fcbsch","isPartOf":{"@id":"https:\/\/hubsch-interior.com\/fr\/#website"},"primaryImageOfPage":{"@id":"https:\/\/hubsch-interior.com\/fr\/produit\/kanso-organiseur-de-bureau-jaune\/#primaryimage"},"image":{"@id":"https:\/\/hubsch-interior.com\/fr\/produit\/kanso-organiseur-de-bureau-jaune\/#primaryimage"},"thumbnailUrl":"https:\/\/hubsch-interior.com\/wp-content\/uploads\/2026\/02\/kanso-desk-organiser-yellow-583de6d8f67d8607b6c2b60bf57754eb.jpg","datePublished":"2026-01-31T04:24:50+00:00","dateModified":"2026-04-05T03:24:46+00:00","description":"Ajoutez une touche de gaiet\u00e9 \u00e0 votre espace de travail. Le Kanso Organiseur de bureau en jaune vif apporte \u00e0 la fois ordre et \u00e9nergie \u00e0 votre","breadcrumb":{"@id":"https:\/\/hubsch-interior.com\/fr\/produit\/kanso-organiseur-de-bureau-jaune\/#breadcrumb"},"inLanguage":"fr-FR","potentialAction":[{"@type":"ReadAction","target":["https:\/\/hubsch-interior.com\/fr\/produit\/kanso-organiseur-de-bureau-jaune\/"]}]},{"@type":"ImageObject","inLanguage":"fr-FR","@id":"https:\/\/hubsch-interior.com\/fr\/produit\/kanso-organiseur-de-bureau-jaune\/#primaryimage","url":"https:\/\/hubsch-interior.com\/wp-content\/uploads\/2026\/02\/kanso-desk-organiser-yellow-583de6d8f67d8607b6c2b60bf57754eb.jpg","contentUrl":"https:\/\/hubsch-interior.com\/wp-content\/uploads\/2026\/02\/kanso-desk-organiser-yellow-583de6d8f67d8607b6c2b60bf57754eb.jpg","width":1024,"height":1024},{"@type":"BreadcrumbList","@id":"https:\/\/hubsch-interior.com\/fr\/produit\/kanso-organiseur-de-bureau-jaune\/#breadcrumb","itemListElement":[{"@type":"ListItem","position":1,"name":"Page d'accueil","item":"https:\/\/hubsch-interior.com\/fr\/"},{"@type":"ListItem","position":2,"name":"Produits","item":"https:\/\/hubsch-interior.com\/fr\/shop-2\/"},{"@type":"ListItem","position":3,"name":"Kanso Organiseur de bureau Jaune"}]},{"@type":"WebSite","@id":"https:\/\/hubsch-interior.com\/fr\/#website","url":"https:\/\/hubsch-interior.com\/fr\/","name":"H\u00fcbsch","description":"Danish Home Interior and Design","publisher":{"@id":"https:\/\/hubsch-interior.com\/fr\/#organization"},"potentialAction":[{"@type":"SearchAction","target":{"@type":"EntryPoint","urlTemplate":"https:\/\/hubsch-interior.com\/fr\/?s={search_term_string}"},"query-input":{"@type":"PropertyValueSpecification","valueRequired":true,"valueName":"search_term_string"}}],"inLanguage":"fr-FR"},{"@type":"Organization","@id":"https:\/\/hubsch-interior.com\/fr\/#organization","name":"H\u00fcbsch","url":"https:\/\/hubsch-interior.com\/fr\/","logo":{"@type":"ImageObject","inLanguage":"fr-FR","@id":"https:\/\/hubsch-interior.com\/fr\/#\/schema\/logo\/image\/","url":"https:\/\/hubsch-interior.com\/wp-content\/uploads\/2022\/12\/Hubsch_logo_black_one_line.svg","contentUrl":"https:\/\/hubsch-interior.com\/wp-content\/uploads\/2022\/12\/Hubsch_logo_black_one_line.svg","caption":"H\u00fcbsch"},"image":{"@id":"https:\/\/hubsch-interior.com\/fr\/#\/schema\/logo\/image\/"}}]}},"_links":{"self":[{"href":"https:\/\/hubsch-interior.com\/fr\/wp-json\/wp\/v2\/product\/1089172","targetHints":{"allow":["GET"]}}],"collection":[{"href":"https:\/\/hubsch-interior.com\/fr\/wp-json\/wp\/v2\/product"}],"about":[{"href":"https:\/\/hubsch-interior.com\/fr\/wp-json\/wp\/v2\/types\/product"}],"wp:featuredmedia":[{"embeddable":true,"href":"https:\/\/hubsch-interior.com\/fr\/wp-json\/wp\/v2\/media\/1113889"}],"wp:attachment":[{"href":"https:\/\/hubsch-interior.com\/fr\/wp-json\/wp\/v2\/media?parent=1089172"}],"wp:term":[{"taxonomy":"product_brand","embeddable":true,"href":"https:\/\/hubsch-interior.com\/fr\/wp-json\/wp\/v2\/product_brand?post=1089172"},{"taxonomy":"product_cat","embeddable":true,"href":"https:\/\/hubsch-interior.com\/fr\/wp-json\/wp\/v2\/product_cat?post=1089172"},{"taxonomy":"product_tag","embeddable":true,"href":"https:\/\/hubsch-interior.com\/fr\/wp-json\/wp\/v2\/product_tag?post=1089172"}],"curies":[{"name":"wp","href":"https:\/\/api.w.org\/{rel}","templated":true}]}}