{"id":1089212,"date":"2026-01-31T05:25:16","date_gmt":"2026-01-31T04:25:16","guid":{"rendered":"https:\/\/hubsch-interior.com\/product\/product\/"},"modified":"2026-04-05T05:24:54","modified_gmt":"2026-04-05T03:24:54","slug":"flip-porte-manteaux-rouge","status":"publish","type":"product","link":"https:\/\/hubsch-interior.com\/fr\/produit\/flip-porte-manteaux-rouge\/","title":{"rendered":"Flip Porte-manteaux Rouge"},"content":{"rendered":"<p>Faites de la place \u2014 avec une touche d&#8217;originalit\u00e9. Le Flip Porte-manteaux en rouge vibrant est \u00e0 la fois un \u00e9l\u00e9ment de d\u00e9claration audacieux et une solution de rangement astucieuse. Disponible en trois variantes \u00e9l\u00e9gantes, il s&#8217;adapte sans effort \u00e0 votre d\u00e9coration. Accrochez manteaux, sacs ou \u00e9charpes selon le besoin \u2014 puis rabattez-le pour r\u00e9v\u00e9ler sa beaut\u00e9 sculpturale. Que vous choisissiez de le monter horizontalement, verticalement ou sous un angle ludique, cette \u0153uvre fonctionnelle vous invite \u00e0 personnaliser vos murs \u00e0 votre mani\u00e8re. Un design toujours pratique, m\u00eame lorsqu&#8217;il ne sert \u00e0 rien.<\/p>\n","protected":false},"excerpt":{"rendered":"<p>Faites de la place \u2014 avec une touche d&#8217;originalit\u00e9. Le Flip Porte-manteaux en rouge vibrant est \u00e0 la fois un \u00e9l\u00e9ment de d\u00e9claration audacieux et une solution de rangement astucieuse. Disponible en trois variantes \u00e9l\u00e9gantes, il s&#8217;adapte sans effort \u00e0 votre d\u00e9coration. Accrochez manteaux, sacs ou \u00e9charpes selon le besoin \u2014 puis rabattez-le pour r\u00e9v\u00e9ler [&hellip;]<\/p>\n","protected":false},"featured_media":1111624,"template":"","meta":{"_acf_changed":false,"inline_featured_image":false},"product_brand":[],"product_cat":[7154,4041,4042,5046],"product_tag":[],"class_list":{"0":"post-1089212","1":"product","2":"type-product","3":"status-publish","4":"has-post-thumbnail","6":"product_cat-dweller-fr","7":"product_cat-pateres-porte-manteaux-fr","8":"product_cat-porte-manteaux-fr","9":"product_cat-nouveautes-fr","10":"product_shipping_class-pk","12":"pa_color-rouge-2","13":"pa_material-fer-fr","15":"first","16":"instock","17":"taxable","18":"shipping-taxable","19":"purchasable","20":"product-type-simple"},"exclude_global_add_ons":[],"addons":[],"acf":[],"yoast_head":"<!-- This site is optimized with the Yoast SEO plugin v26.4 - https:\/\/yoast.com\/wordpress\/plugins\/seo\/ -->\n<title>Flip Porte-manteaux Rouge - H\u00fcbsch<\/title>\n<meta name=\"description\" content=\"Faites de la place \u2014 avec une touche d&#039;originalit\u00e9. Le Flip Porte-manteaux en rouge vibrant est \u00e0 la fois un \u00e9l\u00e9ment de d\u00e9claration audacieux et une\" \/>\n<meta name=\"robots\" content=\"index, follow, max-snippet:-1, max-image-preview:large, max-video-preview:-1\" \/>\n<link rel=\"canonical\" href=\"https:\/\/hubsch-interior.com\/fr\/wp-json\/wp\/v2\/product\/1089212\" \/>\n<meta property=\"og:locale\" content=\"fr_FR\" \/>\n<meta property=\"og:type\" content=\"article\" \/>\n<meta property=\"og:title\" content=\"Flip Porte-manteaux Rouge - H\u00fcbsch\" \/>\n<meta property=\"og:description\" content=\"Faites de la place \u2014 avec une touche d&#039;originalit\u00e9. Le Flip Porte-manteaux en rouge vibrant est \u00e0 la fois un \u00e9l\u00e9ment de d\u00e9claration audacieux et une\" \/>\n<meta property=\"og:url\" content=\"https:\/\/hubsch-interior.com\/fr\/produit\/flip-porte-manteaux-rouge\/\" \/>\n<meta property=\"og:site_name\" content=\"H\u00fcbsch\" \/>\n<meta property=\"article:modified_time\" content=\"2026-04-05T03:24:54+00:00\" \/>\n<meta property=\"og:image\" content=\"https:\/\/hubsch-interior.com\/wp-content\/uploads\/2026\/01\/flip-coatrack-red-92fdb4e351a2184984951792cbe28139.jpg\" \/>\n\t<meta property=\"og:image:width\" content=\"1200\" \/>\n\t<meta property=\"og:image:height\" content=\"1200\" \/>\n\t<meta property=\"og:image:type\" content=\"image\/jpeg\" \/>\n<meta name=\"twitter:card\" content=\"summary_large_image\" \/>\n<script type=\"application\/ld+json\" class=\"yoast-schema-graph\">{\"@context\":\"https:\/\/schema.org\",\"@graph\":[{\"@type\":\"WebPage\",\"@id\":\"https:\/\/hubsch-interior.com\/fr\/produit\/flip-porte-manteaux-rouge\/\",\"url\":\"https:\/\/hubsch-interior.com\/fr\/produit\/flip-porte-manteaux-rouge\/\",\"name\":\"Flip Porte-manteaux Rouge - H\u00fcbsch\",\"isPartOf\":{\"@id\":\"https:\/\/hubsch-interior.com\/fr\/#website\"},\"primaryImageOfPage\":{\"@id\":\"https:\/\/hubsch-interior.com\/fr\/produit\/flip-porte-manteaux-rouge\/#primaryimage\"},\"image\":{\"@id\":\"https:\/\/hubsch-interior.com\/fr\/produit\/flip-porte-manteaux-rouge\/#primaryimage\"},\"thumbnailUrl\":\"https:\/\/hubsch-interior.com\/wp-content\/uploads\/2026\/02\/flip-coatrack-red-4f9c7584d1dba7944d089e6af68716c4.jpg\",\"datePublished\":\"2026-01-31T04:25:16+00:00\",\"dateModified\":\"2026-04-05T03:24:54+00:00\",\"description\":\"Faites de la place \u2014 avec une touche d'originalit\u00e9. Le Flip Porte-manteaux en rouge vibrant est \u00e0 la fois un \u00e9l\u00e9ment de d\u00e9claration audacieux et une\",\"breadcrumb\":{\"@id\":\"https:\/\/hubsch-interior.com\/fr\/produit\/flip-porte-manteaux-rouge\/#breadcrumb\"},\"inLanguage\":\"fr-FR\",\"potentialAction\":[{\"@type\":\"ReadAction\",\"target\":[\"https:\/\/hubsch-interior.com\/fr\/produit\/flip-porte-manteaux-rouge\/\"]}]},{\"@type\":\"ImageObject\",\"inLanguage\":\"fr-FR\",\"@id\":\"https:\/\/hubsch-interior.com\/fr\/produit\/flip-porte-manteaux-rouge\/#primaryimage\",\"url\":\"https:\/\/hubsch-interior.com\/wp-content\/uploads\/2026\/02\/flip-coatrack-red-4f9c7584d1dba7944d089e6af68716c4.jpg\",\"contentUrl\":\"https:\/\/hubsch-interior.com\/wp-content\/uploads\/2026\/02\/flip-coatrack-red-4f9c7584d1dba7944d089e6af68716c4.jpg\",\"width\":1024,\"height\":1024},{\"@type\":\"BreadcrumbList\",\"@id\":\"https:\/\/hubsch-interior.com\/fr\/produit\/flip-porte-manteaux-rouge\/#breadcrumb\",\"itemListElement\":[{\"@type\":\"ListItem\",\"position\":1,\"name\":\"Page d'accueil\",\"item\":\"https:\/\/hubsch-interior.com\/fr\/\"},{\"@type\":\"ListItem\",\"position\":2,\"name\":\"Produits\",\"item\":\"https:\/\/hubsch-interior.com\/fr\/shop-2\/\"},{\"@type\":\"ListItem\",\"position\":3,\"name\":\"Flip Porte-manteaux Rouge\"}]},{\"@type\":\"WebSite\",\"@id\":\"https:\/\/hubsch-interior.com\/fr\/#website\",\"url\":\"https:\/\/hubsch-interior.com\/fr\/\",\"name\":\"H\u00fcbsch\",\"description\":\"Danish Home Interior and Design\",\"publisher\":{\"@id\":\"https:\/\/hubsch-interior.com\/fr\/#organization\"},\"potentialAction\":[{\"@type\":\"SearchAction\",\"target\":{\"@type\":\"EntryPoint\",\"urlTemplate\":\"https:\/\/hubsch-interior.com\/fr\/?s={search_term_string}\"},\"query-input\":{\"@type\":\"PropertyValueSpecification\",\"valueRequired\":true,\"valueName\":\"search_term_string\"}}],\"inLanguage\":\"fr-FR\"},{\"@type\":\"Organization\",\"@id\":\"https:\/\/hubsch-interior.com\/fr\/#organization\",\"name\":\"H\u00fcbsch\",\"url\":\"https:\/\/hubsch-interior.com\/fr\/\",\"logo\":{\"@type\":\"ImageObject\",\"inLanguage\":\"fr-FR\",\"@id\":\"https:\/\/hubsch-interior.com\/fr\/#\/schema\/logo\/image\/\",\"url\":\"https:\/\/hubsch-interior.com\/wp-content\/uploads\/2022\/12\/Hubsch_logo_black_one_line.svg\",\"contentUrl\":\"https:\/\/hubsch-interior.com\/wp-content\/uploads\/2022\/12\/Hubsch_logo_black_one_line.svg\",\"caption\":\"H\u00fcbsch\"},\"image\":{\"@id\":\"https:\/\/hubsch-interior.com\/fr\/#\/schema\/logo\/image\/\"}}]}<\/script>\n<!-- \/ Yoast SEO plugin. -->","yoast_head_json":{"title":"Flip Porte-manteaux Rouge - H\u00fcbsch","description":"Faites de la place \u2014 avec une touche d'originalit\u00e9. Le Flip Porte-manteaux en rouge vibrant est \u00e0 la fois un \u00e9l\u00e9ment de d\u00e9claration audacieux et une","robots":{"index":"index","follow":"follow","max-snippet":"max-snippet:-1","max-image-preview":"max-image-preview:large","max-video-preview":"max-video-preview:-1"},"canonical":"https:\/\/hubsch-interior.com\/fr\/wp-json\/wp\/v2\/product\/1089212","og_locale":"fr_FR","og_type":"article","og_title":"Flip Porte-manteaux Rouge - H\u00fcbsch","og_description":"Faites de la place \u2014 avec une touche d'originalit\u00e9. Le Flip Porte-manteaux en rouge vibrant est \u00e0 la fois un \u00e9l\u00e9ment de d\u00e9claration audacieux et une","og_url":"https:\/\/hubsch-interior.com\/fr\/produit\/flip-porte-manteaux-rouge\/","og_site_name":"H\u00fcbsch","article_modified_time":"2026-04-05T03:24:54+00:00","og_image":[{"width":1200,"height":1200,"url":"https:\/\/hubsch-interior.com\/wp-content\/uploads\/2026\/01\/flip-coatrack-red-92fdb4e351a2184984951792cbe28139.jpg","type":"image\/jpeg"}],"twitter_card":"summary_large_image","schema":{"@context":"https:\/\/schema.org","@graph":[{"@type":"WebPage","@id":"https:\/\/hubsch-interior.com\/fr\/produit\/flip-porte-manteaux-rouge\/","url":"https:\/\/hubsch-interior.com\/fr\/produit\/flip-porte-manteaux-rouge\/","name":"Flip Porte-manteaux Rouge - H\u00fcbsch","isPartOf":{"@id":"https:\/\/hubsch-interior.com\/fr\/#website"},"primaryImageOfPage":{"@id":"https:\/\/hubsch-interior.com\/fr\/produit\/flip-porte-manteaux-rouge\/#primaryimage"},"image":{"@id":"https:\/\/hubsch-interior.com\/fr\/produit\/flip-porte-manteaux-rouge\/#primaryimage"},"thumbnailUrl":"https:\/\/hubsch-interior.com\/wp-content\/uploads\/2026\/02\/flip-coatrack-red-4f9c7584d1dba7944d089e6af68716c4.jpg","datePublished":"2026-01-31T04:25:16+00:00","dateModified":"2026-04-05T03:24:54+00:00","description":"Faites de la place \u2014 avec une touche d'originalit\u00e9. Le Flip Porte-manteaux en rouge vibrant est \u00e0 la fois un \u00e9l\u00e9ment de d\u00e9claration audacieux et une","breadcrumb":{"@id":"https:\/\/hubsch-interior.com\/fr\/produit\/flip-porte-manteaux-rouge\/#breadcrumb"},"inLanguage":"fr-FR","potentialAction":[{"@type":"ReadAction","target":["https:\/\/hubsch-interior.com\/fr\/produit\/flip-porte-manteaux-rouge\/"]}]},{"@type":"ImageObject","inLanguage":"fr-FR","@id":"https:\/\/hubsch-interior.com\/fr\/produit\/flip-porte-manteaux-rouge\/#primaryimage","url":"https:\/\/hubsch-interior.com\/wp-content\/uploads\/2026\/02\/flip-coatrack-red-4f9c7584d1dba7944d089e6af68716c4.jpg","contentUrl":"https:\/\/hubsch-interior.com\/wp-content\/uploads\/2026\/02\/flip-coatrack-red-4f9c7584d1dba7944d089e6af68716c4.jpg","width":1024,"height":1024},{"@type":"BreadcrumbList","@id":"https:\/\/hubsch-interior.com\/fr\/produit\/flip-porte-manteaux-rouge\/#breadcrumb","itemListElement":[{"@type":"ListItem","position":1,"name":"Page d'accueil","item":"https:\/\/hubsch-interior.com\/fr\/"},{"@type":"ListItem","position":2,"name":"Produits","item":"https:\/\/hubsch-interior.com\/fr\/shop-2\/"},{"@type":"ListItem","position":3,"name":"Flip Porte-manteaux Rouge"}]},{"@type":"WebSite","@id":"https:\/\/hubsch-interior.com\/fr\/#website","url":"https:\/\/hubsch-interior.com\/fr\/","name":"H\u00fcbsch","description":"Danish Home Interior and Design","publisher":{"@id":"https:\/\/hubsch-interior.com\/fr\/#organization"},"potentialAction":[{"@type":"SearchAction","target":{"@type":"EntryPoint","urlTemplate":"https:\/\/hubsch-interior.com\/fr\/?s={search_term_string}"},"query-input":{"@type":"PropertyValueSpecification","valueRequired":true,"valueName":"search_term_string"}}],"inLanguage":"fr-FR"},{"@type":"Organization","@id":"https:\/\/hubsch-interior.com\/fr\/#organization","name":"H\u00fcbsch","url":"https:\/\/hubsch-interior.com\/fr\/","logo":{"@type":"ImageObject","inLanguage":"fr-FR","@id":"https:\/\/hubsch-interior.com\/fr\/#\/schema\/logo\/image\/","url":"https:\/\/hubsch-interior.com\/wp-content\/uploads\/2022\/12\/Hubsch_logo_black_one_line.svg","contentUrl":"https:\/\/hubsch-interior.com\/wp-content\/uploads\/2022\/12\/Hubsch_logo_black_one_line.svg","caption":"H\u00fcbsch"},"image":{"@id":"https:\/\/hubsch-interior.com\/fr\/#\/schema\/logo\/image\/"}}]}},"_links":{"self":[{"href":"https:\/\/hubsch-interior.com\/fr\/wp-json\/wp\/v2\/product\/1089212","targetHints":{"allow":["GET"]}}],"collection":[{"href":"https:\/\/hubsch-interior.com\/fr\/wp-json\/wp\/v2\/product"}],"about":[{"href":"https:\/\/hubsch-interior.com\/fr\/wp-json\/wp\/v2\/types\/product"}],"wp:featuredmedia":[{"embeddable":true,"href":"https:\/\/hubsch-interior.com\/fr\/wp-json\/wp\/v2\/media\/1111624"}],"wp:attachment":[{"href":"https:\/\/hubsch-interior.com\/fr\/wp-json\/wp\/v2\/media?parent=1089212"}],"wp:term":[{"taxonomy":"product_brand","embeddable":true,"href":"https:\/\/hubsch-interior.com\/fr\/wp-json\/wp\/v2\/product_brand?post=1089212"},{"taxonomy":"product_cat","embeddable":true,"href":"https:\/\/hubsch-interior.com\/fr\/wp-json\/wp\/v2\/product_cat?post=1089212"},{"taxonomy":"product_tag","embeddable":true,"href":"https:\/\/hubsch-interior.com\/fr\/wp-json\/wp\/v2\/product_tag?post=1089212"}],"curies":[{"name":"wp","href":"https:\/\/api.w.org\/{rel}","templated":true}]}}