{"id":1089224,"date":"2026-01-31T05:25:29","date_gmt":"2026-01-31T04:25:29","guid":{"rendered":"https:\/\/hubsch-interior.com\/product\/product\/"},"modified":"2026-04-05T05:24:57","modified_gmt":"2026-04-05T03:24:57","slug":"flip-porte-manteaux-gris-clair","status":"publish","type":"product","link":"https:\/\/hubsch-interior.com\/fr\/produit\/flip-porte-manteaux-gris-clair\/","title":{"rendered":"Flip Porte-manteaux Gris clair"},"content":{"rendered":"<p>L\u00e0 o\u00f9 la fonction devient forme. Le Flip Porte-manteaux, dans une douce teinte gris clair, apporte une \u00e9l\u00e9gance discr\u00e8te \u00e0 vos murs \u2014 pratique lorsqu\u2019il est utilis\u00e9, sculptural lorsqu\u2019il ne l\u2019est pas. Accrochez manteaux, sacs ou \u00e9charpes avec facilit\u00e9, puis repliez-le pour d\u00e9voiler une \u0153uvre d&#8217;art murale qui se veut r\u00e9fl\u00e9chie et raffin\u00e9e. Mont\u00e9 verticalement ou horizontalement, il s&#8217;adapte \u00e0 votre style et \u00e0 votre espace. Disponible en trois variantes distinctes, ce design astucieux apporte un ordre po\u00e9tique \u2014 le genre qui range et attire les regards en m\u00eame temps.<\/p>\n","protected":false},"excerpt":{"rendered":"<p>L\u00e0 o\u00f9 la fonction devient forme. Le Flip Porte-manteaux, dans une douce teinte gris clair, apporte une \u00e9l\u00e9gance discr\u00e8te \u00e0 vos murs \u2014 pratique lorsqu\u2019il est utilis\u00e9, sculptural lorsqu\u2019il ne l\u2019est pas. Accrochez manteaux, sacs ou \u00e9charpes avec facilit\u00e9, puis repliez-le pour d\u00e9voiler une \u0153uvre d&#8217;art murale qui se veut r\u00e9fl\u00e9chie et raffin\u00e9e. Mont\u00e9 verticalement [&hellip;]<\/p>\n","protected":false},"featured_media":1111636,"template":"","meta":{"_acf_changed":false,"inline_featured_image":false},"product_brand":[],"product_cat":[7154,4041,4042,5026,5046],"product_tag":[],"class_list":{"0":"post-1089224","1":"product","2":"type-product","3":"status-publish","4":"has-post-thumbnail","6":"product_cat-dweller-fr","7":"product_cat-pateres-porte-manteaux-fr","8":"product_cat-porte-manteaux-fr","9":"product_cat-bestsellers-fr","10":"product_cat-nouveautes-fr","11":"product_shipping_class-pk","13":"pa_color-gris-clair-2","14":"pa_material-fer-fr","16":"first","17":"instock","18":"featured","19":"taxable","20":"shipping-taxable","21":"purchasable","22":"product-type-simple"},"exclude_global_add_ons":[],"addons":[],"acf":[],"yoast_head":"<!-- This site is optimized with the Yoast SEO plugin v26.4 - https:\/\/yoast.com\/wordpress\/plugins\/seo\/ -->\n<title>Flip Porte-manteaux Gris clair - H\u00fcbsch<\/title>\n<meta name=\"description\" content=\"L\u00e0 o\u00f9 la fonction devient forme. Le Flip Porte-manteaux, dans une douce teinte gris clair, apporte une \u00e9l\u00e9gance discr\u00e8te \u00e0 vos murs \u2014 pratique lorsqu\u2019il\" \/>\n<meta name=\"robots\" content=\"index, follow, max-snippet:-1, max-image-preview:large, max-video-preview:-1\" \/>\n<link rel=\"canonical\" href=\"https:\/\/hubsch-interior.com\/fr\/wp-json\/wp\/v2\/product\/1089224\" \/>\n<meta property=\"og:locale\" content=\"fr_FR\" \/>\n<meta property=\"og:type\" content=\"article\" \/>\n<meta property=\"og:title\" content=\"Flip Porte-manteaux Gris clair - H\u00fcbsch\" \/>\n<meta property=\"og:description\" content=\"L\u00e0 o\u00f9 la fonction devient forme. Le Flip Porte-manteaux, dans une douce teinte gris clair, apporte une \u00e9l\u00e9gance discr\u00e8te \u00e0 vos murs \u2014 pratique lorsqu\u2019il\" \/>\n<meta property=\"og:url\" content=\"https:\/\/hubsch-interior.com\/fr\/produit\/flip-porte-manteaux-gris-clair\/\" \/>\n<meta property=\"og:site_name\" content=\"H\u00fcbsch\" \/>\n<meta property=\"article:modified_time\" content=\"2026-04-05T03:24:57+00:00\" \/>\n<meta property=\"og:image\" content=\"https:\/\/hubsch-interior.com\/wp-content\/uploads\/2026\/01\/flip-coatrack-light-grey-b546a4b887a2ad608c08e8acbbe66e0c.jpg\" \/>\n\t<meta property=\"og:image:width\" content=\"1200\" \/>\n\t<meta property=\"og:image:height\" content=\"1200\" \/>\n\t<meta property=\"og:image:type\" content=\"image\/jpeg\" \/>\n<meta name=\"twitter:card\" content=\"summary_large_image\" \/>\n<script type=\"application\/ld+json\" class=\"yoast-schema-graph\">{\"@context\":\"https:\/\/schema.org\",\"@graph\":[{\"@type\":\"WebPage\",\"@id\":\"https:\/\/hubsch-interior.com\/fr\/produit\/flip-porte-manteaux-gris-clair\/\",\"url\":\"https:\/\/hubsch-interior.com\/fr\/produit\/flip-porte-manteaux-gris-clair\/\",\"name\":\"Flip Porte-manteaux Gris clair - H\u00fcbsch\",\"isPartOf\":{\"@id\":\"https:\/\/hubsch-interior.com\/fr\/#website\"},\"primaryImageOfPage\":{\"@id\":\"https:\/\/hubsch-interior.com\/fr\/produit\/flip-porte-manteaux-gris-clair\/#primaryimage\"},\"image\":{\"@id\":\"https:\/\/hubsch-interior.com\/fr\/produit\/flip-porte-manteaux-gris-clair\/#primaryimage\"},\"thumbnailUrl\":\"https:\/\/hubsch-interior.com\/wp-content\/uploads\/2026\/02\/flip-coatrack-light-grey-0d486d6a02e67b77e5f4f6c8030c73e2.jpg\",\"datePublished\":\"2026-01-31T04:25:29+00:00\",\"dateModified\":\"2026-04-05T03:24:57+00:00\",\"description\":\"L\u00e0 o\u00f9 la fonction devient forme. Le Flip Porte-manteaux, dans une douce teinte gris clair, apporte une \u00e9l\u00e9gance discr\u00e8te \u00e0 vos murs \u2014 pratique lorsqu\u2019il\",\"breadcrumb\":{\"@id\":\"https:\/\/hubsch-interior.com\/fr\/produit\/flip-porte-manteaux-gris-clair\/#breadcrumb\"},\"inLanguage\":\"fr-FR\",\"potentialAction\":[{\"@type\":\"ReadAction\",\"target\":[\"https:\/\/hubsch-interior.com\/fr\/produit\/flip-porte-manteaux-gris-clair\/\"]}]},{\"@type\":\"ImageObject\",\"inLanguage\":\"fr-FR\",\"@id\":\"https:\/\/hubsch-interior.com\/fr\/produit\/flip-porte-manteaux-gris-clair\/#primaryimage\",\"url\":\"https:\/\/hubsch-interior.com\/wp-content\/uploads\/2026\/02\/flip-coatrack-light-grey-0d486d6a02e67b77e5f4f6c8030c73e2.jpg\",\"contentUrl\":\"https:\/\/hubsch-interior.com\/wp-content\/uploads\/2026\/02\/flip-coatrack-light-grey-0d486d6a02e67b77e5f4f6c8030c73e2.jpg\",\"width\":1024,\"height\":1024},{\"@type\":\"BreadcrumbList\",\"@id\":\"https:\/\/hubsch-interior.com\/fr\/produit\/flip-porte-manteaux-gris-clair\/#breadcrumb\",\"itemListElement\":[{\"@type\":\"ListItem\",\"position\":1,\"name\":\"Page d'accueil\",\"item\":\"https:\/\/hubsch-interior.com\/fr\/\"},{\"@type\":\"ListItem\",\"position\":2,\"name\":\"Produits\",\"item\":\"https:\/\/hubsch-interior.com\/fr\/shop-2\/\"},{\"@type\":\"ListItem\",\"position\":3,\"name\":\"Flip Porte-manteaux Gris clair\"}]},{\"@type\":\"WebSite\",\"@id\":\"https:\/\/hubsch-interior.com\/fr\/#website\",\"url\":\"https:\/\/hubsch-interior.com\/fr\/\",\"name\":\"H\u00fcbsch\",\"description\":\"Danish Home Interior and Design\",\"publisher\":{\"@id\":\"https:\/\/hubsch-interior.com\/fr\/#organization\"},\"potentialAction\":[{\"@type\":\"SearchAction\",\"target\":{\"@type\":\"EntryPoint\",\"urlTemplate\":\"https:\/\/hubsch-interior.com\/fr\/?s={search_term_string}\"},\"query-input\":{\"@type\":\"PropertyValueSpecification\",\"valueRequired\":true,\"valueName\":\"search_term_string\"}}],\"inLanguage\":\"fr-FR\"},{\"@type\":\"Organization\",\"@id\":\"https:\/\/hubsch-interior.com\/fr\/#organization\",\"name\":\"H\u00fcbsch\",\"url\":\"https:\/\/hubsch-interior.com\/fr\/\",\"logo\":{\"@type\":\"ImageObject\",\"inLanguage\":\"fr-FR\",\"@id\":\"https:\/\/hubsch-interior.com\/fr\/#\/schema\/logo\/image\/\",\"url\":\"https:\/\/hubsch-interior.com\/wp-content\/uploads\/2022\/12\/Hubsch_logo_black_one_line.svg\",\"contentUrl\":\"https:\/\/hubsch-interior.com\/wp-content\/uploads\/2022\/12\/Hubsch_logo_black_one_line.svg\",\"caption\":\"H\u00fcbsch\"},\"image\":{\"@id\":\"https:\/\/hubsch-interior.com\/fr\/#\/schema\/logo\/image\/\"}}]}<\/script>\n<!-- \/ Yoast SEO plugin. -->","yoast_head_json":{"title":"Flip Porte-manteaux Gris clair - H\u00fcbsch","description":"L\u00e0 o\u00f9 la fonction devient forme. Le Flip Porte-manteaux, dans une douce teinte gris clair, apporte une \u00e9l\u00e9gance discr\u00e8te \u00e0 vos murs \u2014 pratique lorsqu\u2019il","robots":{"index":"index","follow":"follow","max-snippet":"max-snippet:-1","max-image-preview":"max-image-preview:large","max-video-preview":"max-video-preview:-1"},"canonical":"https:\/\/hubsch-interior.com\/fr\/wp-json\/wp\/v2\/product\/1089224","og_locale":"fr_FR","og_type":"article","og_title":"Flip Porte-manteaux Gris clair - H\u00fcbsch","og_description":"L\u00e0 o\u00f9 la fonction devient forme. Le Flip Porte-manteaux, dans une douce teinte gris clair, apporte une \u00e9l\u00e9gance discr\u00e8te \u00e0 vos murs \u2014 pratique lorsqu\u2019il","og_url":"https:\/\/hubsch-interior.com\/fr\/produit\/flip-porte-manteaux-gris-clair\/","og_site_name":"H\u00fcbsch","article_modified_time":"2026-04-05T03:24:57+00:00","og_image":[{"width":1200,"height":1200,"url":"https:\/\/hubsch-interior.com\/wp-content\/uploads\/2026\/01\/flip-coatrack-light-grey-b546a4b887a2ad608c08e8acbbe66e0c.jpg","type":"image\/jpeg"}],"twitter_card":"summary_large_image","schema":{"@context":"https:\/\/schema.org","@graph":[{"@type":"WebPage","@id":"https:\/\/hubsch-interior.com\/fr\/produit\/flip-porte-manteaux-gris-clair\/","url":"https:\/\/hubsch-interior.com\/fr\/produit\/flip-porte-manteaux-gris-clair\/","name":"Flip Porte-manteaux Gris clair - H\u00fcbsch","isPartOf":{"@id":"https:\/\/hubsch-interior.com\/fr\/#website"},"primaryImageOfPage":{"@id":"https:\/\/hubsch-interior.com\/fr\/produit\/flip-porte-manteaux-gris-clair\/#primaryimage"},"image":{"@id":"https:\/\/hubsch-interior.com\/fr\/produit\/flip-porte-manteaux-gris-clair\/#primaryimage"},"thumbnailUrl":"https:\/\/hubsch-interior.com\/wp-content\/uploads\/2026\/02\/flip-coatrack-light-grey-0d486d6a02e67b77e5f4f6c8030c73e2.jpg","datePublished":"2026-01-31T04:25:29+00:00","dateModified":"2026-04-05T03:24:57+00:00","description":"L\u00e0 o\u00f9 la fonction devient forme. Le Flip Porte-manteaux, dans une douce teinte gris clair, apporte une \u00e9l\u00e9gance discr\u00e8te \u00e0 vos murs \u2014 pratique lorsqu\u2019il","breadcrumb":{"@id":"https:\/\/hubsch-interior.com\/fr\/produit\/flip-porte-manteaux-gris-clair\/#breadcrumb"},"inLanguage":"fr-FR","potentialAction":[{"@type":"ReadAction","target":["https:\/\/hubsch-interior.com\/fr\/produit\/flip-porte-manteaux-gris-clair\/"]}]},{"@type":"ImageObject","inLanguage":"fr-FR","@id":"https:\/\/hubsch-interior.com\/fr\/produit\/flip-porte-manteaux-gris-clair\/#primaryimage","url":"https:\/\/hubsch-interior.com\/wp-content\/uploads\/2026\/02\/flip-coatrack-light-grey-0d486d6a02e67b77e5f4f6c8030c73e2.jpg","contentUrl":"https:\/\/hubsch-interior.com\/wp-content\/uploads\/2026\/02\/flip-coatrack-light-grey-0d486d6a02e67b77e5f4f6c8030c73e2.jpg","width":1024,"height":1024},{"@type":"BreadcrumbList","@id":"https:\/\/hubsch-interior.com\/fr\/produit\/flip-porte-manteaux-gris-clair\/#breadcrumb","itemListElement":[{"@type":"ListItem","position":1,"name":"Page d'accueil","item":"https:\/\/hubsch-interior.com\/fr\/"},{"@type":"ListItem","position":2,"name":"Produits","item":"https:\/\/hubsch-interior.com\/fr\/shop-2\/"},{"@type":"ListItem","position":3,"name":"Flip Porte-manteaux Gris clair"}]},{"@type":"WebSite","@id":"https:\/\/hubsch-interior.com\/fr\/#website","url":"https:\/\/hubsch-interior.com\/fr\/","name":"H\u00fcbsch","description":"Danish Home Interior and Design","publisher":{"@id":"https:\/\/hubsch-interior.com\/fr\/#organization"},"potentialAction":[{"@type":"SearchAction","target":{"@type":"EntryPoint","urlTemplate":"https:\/\/hubsch-interior.com\/fr\/?s={search_term_string}"},"query-input":{"@type":"PropertyValueSpecification","valueRequired":true,"valueName":"search_term_string"}}],"inLanguage":"fr-FR"},{"@type":"Organization","@id":"https:\/\/hubsch-interior.com\/fr\/#organization","name":"H\u00fcbsch","url":"https:\/\/hubsch-interior.com\/fr\/","logo":{"@type":"ImageObject","inLanguage":"fr-FR","@id":"https:\/\/hubsch-interior.com\/fr\/#\/schema\/logo\/image\/","url":"https:\/\/hubsch-interior.com\/wp-content\/uploads\/2022\/12\/Hubsch_logo_black_one_line.svg","contentUrl":"https:\/\/hubsch-interior.com\/wp-content\/uploads\/2022\/12\/Hubsch_logo_black_one_line.svg","caption":"H\u00fcbsch"},"image":{"@id":"https:\/\/hubsch-interior.com\/fr\/#\/schema\/logo\/image\/"}}]}},"_links":{"self":[{"href":"https:\/\/hubsch-interior.com\/fr\/wp-json\/wp\/v2\/product\/1089224","targetHints":{"allow":["GET"]}}],"collection":[{"href":"https:\/\/hubsch-interior.com\/fr\/wp-json\/wp\/v2\/product"}],"about":[{"href":"https:\/\/hubsch-interior.com\/fr\/wp-json\/wp\/v2\/types\/product"}],"wp:featuredmedia":[{"embeddable":true,"href":"https:\/\/hubsch-interior.com\/fr\/wp-json\/wp\/v2\/media\/1111636"}],"wp:attachment":[{"href":"https:\/\/hubsch-interior.com\/fr\/wp-json\/wp\/v2\/media?parent=1089224"}],"wp:term":[{"taxonomy":"product_brand","embeddable":true,"href":"https:\/\/hubsch-interior.com\/fr\/wp-json\/wp\/v2\/product_brand?post=1089224"},{"taxonomy":"product_cat","embeddable":true,"href":"https:\/\/hubsch-interior.com\/fr\/wp-json\/wp\/v2\/product_cat?post=1089224"},{"taxonomy":"product_tag","embeddable":true,"href":"https:\/\/hubsch-interior.com\/fr\/wp-json\/wp\/v2\/product_tag?post=1089224"}],"curies":[{"name":"wp","href":"https:\/\/api.w.org\/{rel}","templated":true}]}}