{"id":1089236,"date":"2026-01-31T05:25:39","date_gmt":"2026-01-31T04:25:39","guid":{"rendered":"https:\/\/hubsch-interior.com\/product\/product\/"},"modified":"2026-04-05T05:25:01","modified_gmt":"2026-04-05T03:25:01","slug":"flip-porte-manteaux-vert-clair","status":"publish","type":"product","link":"https:\/\/hubsch-interior.com\/fr\/produit\/flip-porte-manteaux-vert-clair\/","title":{"rendered":"Flip Porte-manteaux Vert Clair"},"content":{"rendered":"<p>L\u00e0 o\u00f9 la fonction devient forme. Le Flip Porte-manteaux, dans une nuance rafra\u00eechissante de vert clair, apporte une touche de s\u00e9r\u00e9nit\u00e9 ludique \u00e0 votre espace \u2014 pratique lorsqu&#8217;il est utilis\u00e9, sculptural lorsqu&#8217;il ne l&#8217;est pas. Accrochez manteaux, sacs ou \u00e9charpes avec aisance, puis repliez-le pour r\u00e9v\u00e9ler une \u0153uvre d&#8217;art murale subtile, au flair doux et moderne. Qu&#8217;il soit mont\u00e9 verticalement ou horizontalement, il s&#8217;adapte \u00e0 votre style et \u00e0 votre rythme. Disponible en trois variantes distinctes, ce design ing\u00e9nieux instaure un ordre po\u00e9tique \u2014 celui qui range et attire les regards en m\u00eame temps.<\/p>\n","protected":false},"excerpt":{"rendered":"<p>L\u00e0 o\u00f9 la fonction devient forme. Le Flip Porte-manteaux, dans une nuance rafra\u00eechissante de vert clair, apporte une touche de s\u00e9r\u00e9nit\u00e9 ludique \u00e0 votre espace \u2014 pratique lorsqu&#8217;il est utilis\u00e9, sculptural lorsqu&#8217;il ne l&#8217;est pas. Accrochez manteaux, sacs ou \u00e9charpes avec aisance, puis repliez-le pour r\u00e9v\u00e9ler une \u0153uvre d&#8217;art murale subtile, au flair doux et [&hellip;]<\/p>\n","protected":false},"featured_media":1111644,"template":"","meta":{"_acf_changed":false,"inline_featured_image":false},"product_brand":[],"product_cat":[7154,4041,4042,5046],"product_tag":[],"class_list":{"0":"post-1089236","1":"product","2":"type-product","3":"status-publish","4":"has-post-thumbnail","6":"product_cat-dweller-fr","7":"product_cat-pateres-porte-manteaux-fr","8":"product_cat-porte-manteaux-fr","9":"product_cat-nouveautes-fr","10":"product_shipping_class-pk","12":"pa_color-vert-clair-2","13":"pa_material-fer-fr","15":"first","16":"instock","17":"taxable","18":"shipping-taxable","19":"purchasable","20":"product-type-simple"},"exclude_global_add_ons":[],"addons":[],"acf":[],"yoast_head":"<!-- This site is optimized with the Yoast SEO plugin v26.4 - https:\/\/yoast.com\/wordpress\/plugins\/seo\/ -->\n<title>Flip Porte-manteaux Vert Clair - H\u00fcbsch<\/title>\n<meta name=\"description\" content=\"L\u00e0 o\u00f9 la fonction devient forme. Le Flip Porte-manteaux, dans une nuance rafra\u00eechissante de vert clair, apporte une touche de s\u00e9r\u00e9nit\u00e9 ludique \u00e0 votre\" \/>\n<meta name=\"robots\" content=\"index, follow, max-snippet:-1, max-image-preview:large, max-video-preview:-1\" \/>\n<link rel=\"canonical\" href=\"https:\/\/hubsch-interior.com\/fr\/wp-json\/wp\/v2\/product\/1089236\" \/>\n<meta property=\"og:locale\" content=\"fr_FR\" \/>\n<meta property=\"og:type\" content=\"article\" \/>\n<meta property=\"og:title\" content=\"Flip Porte-manteaux Vert Clair - H\u00fcbsch\" \/>\n<meta property=\"og:description\" content=\"L\u00e0 o\u00f9 la fonction devient forme. Le Flip Porte-manteaux, dans une nuance rafra\u00eechissante de vert clair, apporte une touche de s\u00e9r\u00e9nit\u00e9 ludique \u00e0 votre\" \/>\n<meta property=\"og:url\" content=\"https:\/\/hubsch-interior.com\/fr\/produit\/flip-porte-manteaux-vert-clair\/\" \/>\n<meta property=\"og:site_name\" content=\"H\u00fcbsch\" \/>\n<meta property=\"article:modified_time\" content=\"2026-04-05T03:25:01+00:00\" \/>\n<meta property=\"og:image\" content=\"https:\/\/hubsch-interior.com\/wp-content\/uploads\/2026\/01\/flip-coatrack-light-green-25e84be33c9e7f6e79b9ddd2c4d98c15.jpg\" \/>\n\t<meta property=\"og:image:width\" content=\"1200\" \/>\n\t<meta property=\"og:image:height\" content=\"1200\" \/>\n\t<meta property=\"og:image:type\" content=\"image\/jpeg\" \/>\n<meta name=\"twitter:card\" content=\"summary_large_image\" \/>\n<script type=\"application\/ld+json\" class=\"yoast-schema-graph\">{\"@context\":\"https:\/\/schema.org\",\"@graph\":[{\"@type\":\"WebPage\",\"@id\":\"https:\/\/hubsch-interior.com\/fr\/produit\/flip-porte-manteaux-vert-clair\/\",\"url\":\"https:\/\/hubsch-interior.com\/fr\/produit\/flip-porte-manteaux-vert-clair\/\",\"name\":\"Flip Porte-manteaux Vert Clair - H\u00fcbsch\",\"isPartOf\":{\"@id\":\"https:\/\/hubsch-interior.com\/fr\/#website\"},\"primaryImageOfPage\":{\"@id\":\"https:\/\/hubsch-interior.com\/fr\/produit\/flip-porte-manteaux-vert-clair\/#primaryimage\"},\"image\":{\"@id\":\"https:\/\/hubsch-interior.com\/fr\/produit\/flip-porte-manteaux-vert-clair\/#primaryimage\"},\"thumbnailUrl\":\"https:\/\/hubsch-interior.com\/wp-content\/uploads\/2026\/02\/flip-coatrack-light-green-284dff5e4b8eeb4574d65956b1daf841.jpg\",\"datePublished\":\"2026-01-31T04:25:39+00:00\",\"dateModified\":\"2026-04-05T03:25:01+00:00\",\"description\":\"L\u00e0 o\u00f9 la fonction devient forme. Le Flip Porte-manteaux, dans une nuance rafra\u00eechissante de vert clair, apporte une touche de s\u00e9r\u00e9nit\u00e9 ludique \u00e0 votre\",\"breadcrumb\":{\"@id\":\"https:\/\/hubsch-interior.com\/fr\/produit\/flip-porte-manteaux-vert-clair\/#breadcrumb\"},\"inLanguage\":\"fr-FR\",\"potentialAction\":[{\"@type\":\"ReadAction\",\"target\":[\"https:\/\/hubsch-interior.com\/fr\/produit\/flip-porte-manteaux-vert-clair\/\"]}]},{\"@type\":\"ImageObject\",\"inLanguage\":\"fr-FR\",\"@id\":\"https:\/\/hubsch-interior.com\/fr\/produit\/flip-porte-manteaux-vert-clair\/#primaryimage\",\"url\":\"https:\/\/hubsch-interior.com\/wp-content\/uploads\/2026\/02\/flip-coatrack-light-green-284dff5e4b8eeb4574d65956b1daf841.jpg\",\"contentUrl\":\"https:\/\/hubsch-interior.com\/wp-content\/uploads\/2026\/02\/flip-coatrack-light-green-284dff5e4b8eeb4574d65956b1daf841.jpg\",\"width\":1024,\"height\":1024},{\"@type\":\"BreadcrumbList\",\"@id\":\"https:\/\/hubsch-interior.com\/fr\/produit\/flip-porte-manteaux-vert-clair\/#breadcrumb\",\"itemListElement\":[{\"@type\":\"ListItem\",\"position\":1,\"name\":\"Page d'accueil\",\"item\":\"https:\/\/hubsch-interior.com\/fr\/\"},{\"@type\":\"ListItem\",\"position\":2,\"name\":\"Produits\",\"item\":\"https:\/\/hubsch-interior.com\/fr\/shop-2\/\"},{\"@type\":\"ListItem\",\"position\":3,\"name\":\"Flip Porte-manteaux Vert Clair\"}]},{\"@type\":\"WebSite\",\"@id\":\"https:\/\/hubsch-interior.com\/fr\/#website\",\"url\":\"https:\/\/hubsch-interior.com\/fr\/\",\"name\":\"H\u00fcbsch\",\"description\":\"Danish Home Interior and Design\",\"publisher\":{\"@id\":\"https:\/\/hubsch-interior.com\/fr\/#organization\"},\"potentialAction\":[{\"@type\":\"SearchAction\",\"target\":{\"@type\":\"EntryPoint\",\"urlTemplate\":\"https:\/\/hubsch-interior.com\/fr\/?s={search_term_string}\"},\"query-input\":{\"@type\":\"PropertyValueSpecification\",\"valueRequired\":true,\"valueName\":\"search_term_string\"}}],\"inLanguage\":\"fr-FR\"},{\"@type\":\"Organization\",\"@id\":\"https:\/\/hubsch-interior.com\/fr\/#organization\",\"name\":\"H\u00fcbsch\",\"url\":\"https:\/\/hubsch-interior.com\/fr\/\",\"logo\":{\"@type\":\"ImageObject\",\"inLanguage\":\"fr-FR\",\"@id\":\"https:\/\/hubsch-interior.com\/fr\/#\/schema\/logo\/image\/\",\"url\":\"https:\/\/hubsch-interior.com\/wp-content\/uploads\/2022\/12\/Hubsch_logo_black_one_line.svg\",\"contentUrl\":\"https:\/\/hubsch-interior.com\/wp-content\/uploads\/2022\/12\/Hubsch_logo_black_one_line.svg\",\"caption\":\"H\u00fcbsch\"},\"image\":{\"@id\":\"https:\/\/hubsch-interior.com\/fr\/#\/schema\/logo\/image\/\"}}]}<\/script>\n<!-- \/ Yoast SEO plugin. -->","yoast_head_json":{"title":"Flip Porte-manteaux Vert Clair - H\u00fcbsch","description":"L\u00e0 o\u00f9 la fonction devient forme. Le Flip Porte-manteaux, dans une nuance rafra\u00eechissante de vert clair, apporte une touche de s\u00e9r\u00e9nit\u00e9 ludique \u00e0 votre","robots":{"index":"index","follow":"follow","max-snippet":"max-snippet:-1","max-image-preview":"max-image-preview:large","max-video-preview":"max-video-preview:-1"},"canonical":"https:\/\/hubsch-interior.com\/fr\/wp-json\/wp\/v2\/product\/1089236","og_locale":"fr_FR","og_type":"article","og_title":"Flip Porte-manteaux Vert Clair - H\u00fcbsch","og_description":"L\u00e0 o\u00f9 la fonction devient forme. Le Flip Porte-manteaux, dans une nuance rafra\u00eechissante de vert clair, apporte une touche de s\u00e9r\u00e9nit\u00e9 ludique \u00e0 votre","og_url":"https:\/\/hubsch-interior.com\/fr\/produit\/flip-porte-manteaux-vert-clair\/","og_site_name":"H\u00fcbsch","article_modified_time":"2026-04-05T03:25:01+00:00","og_image":[{"width":1200,"height":1200,"url":"https:\/\/hubsch-interior.com\/wp-content\/uploads\/2026\/01\/flip-coatrack-light-green-25e84be33c9e7f6e79b9ddd2c4d98c15.jpg","type":"image\/jpeg"}],"twitter_card":"summary_large_image","schema":{"@context":"https:\/\/schema.org","@graph":[{"@type":"WebPage","@id":"https:\/\/hubsch-interior.com\/fr\/produit\/flip-porte-manteaux-vert-clair\/","url":"https:\/\/hubsch-interior.com\/fr\/produit\/flip-porte-manteaux-vert-clair\/","name":"Flip Porte-manteaux Vert Clair - H\u00fcbsch","isPartOf":{"@id":"https:\/\/hubsch-interior.com\/fr\/#website"},"primaryImageOfPage":{"@id":"https:\/\/hubsch-interior.com\/fr\/produit\/flip-porte-manteaux-vert-clair\/#primaryimage"},"image":{"@id":"https:\/\/hubsch-interior.com\/fr\/produit\/flip-porte-manteaux-vert-clair\/#primaryimage"},"thumbnailUrl":"https:\/\/hubsch-interior.com\/wp-content\/uploads\/2026\/02\/flip-coatrack-light-green-284dff5e4b8eeb4574d65956b1daf841.jpg","datePublished":"2026-01-31T04:25:39+00:00","dateModified":"2026-04-05T03:25:01+00:00","description":"L\u00e0 o\u00f9 la fonction devient forme. Le Flip Porte-manteaux, dans une nuance rafra\u00eechissante de vert clair, apporte une touche de s\u00e9r\u00e9nit\u00e9 ludique \u00e0 votre","breadcrumb":{"@id":"https:\/\/hubsch-interior.com\/fr\/produit\/flip-porte-manteaux-vert-clair\/#breadcrumb"},"inLanguage":"fr-FR","potentialAction":[{"@type":"ReadAction","target":["https:\/\/hubsch-interior.com\/fr\/produit\/flip-porte-manteaux-vert-clair\/"]}]},{"@type":"ImageObject","inLanguage":"fr-FR","@id":"https:\/\/hubsch-interior.com\/fr\/produit\/flip-porte-manteaux-vert-clair\/#primaryimage","url":"https:\/\/hubsch-interior.com\/wp-content\/uploads\/2026\/02\/flip-coatrack-light-green-284dff5e4b8eeb4574d65956b1daf841.jpg","contentUrl":"https:\/\/hubsch-interior.com\/wp-content\/uploads\/2026\/02\/flip-coatrack-light-green-284dff5e4b8eeb4574d65956b1daf841.jpg","width":1024,"height":1024},{"@type":"BreadcrumbList","@id":"https:\/\/hubsch-interior.com\/fr\/produit\/flip-porte-manteaux-vert-clair\/#breadcrumb","itemListElement":[{"@type":"ListItem","position":1,"name":"Page d'accueil","item":"https:\/\/hubsch-interior.com\/fr\/"},{"@type":"ListItem","position":2,"name":"Produits","item":"https:\/\/hubsch-interior.com\/fr\/shop-2\/"},{"@type":"ListItem","position":3,"name":"Flip Porte-manteaux Vert Clair"}]},{"@type":"WebSite","@id":"https:\/\/hubsch-interior.com\/fr\/#website","url":"https:\/\/hubsch-interior.com\/fr\/","name":"H\u00fcbsch","description":"Danish Home Interior and Design","publisher":{"@id":"https:\/\/hubsch-interior.com\/fr\/#organization"},"potentialAction":[{"@type":"SearchAction","target":{"@type":"EntryPoint","urlTemplate":"https:\/\/hubsch-interior.com\/fr\/?s={search_term_string}"},"query-input":{"@type":"PropertyValueSpecification","valueRequired":true,"valueName":"search_term_string"}}],"inLanguage":"fr-FR"},{"@type":"Organization","@id":"https:\/\/hubsch-interior.com\/fr\/#organization","name":"H\u00fcbsch","url":"https:\/\/hubsch-interior.com\/fr\/","logo":{"@type":"ImageObject","inLanguage":"fr-FR","@id":"https:\/\/hubsch-interior.com\/fr\/#\/schema\/logo\/image\/","url":"https:\/\/hubsch-interior.com\/wp-content\/uploads\/2022\/12\/Hubsch_logo_black_one_line.svg","contentUrl":"https:\/\/hubsch-interior.com\/wp-content\/uploads\/2022\/12\/Hubsch_logo_black_one_line.svg","caption":"H\u00fcbsch"},"image":{"@id":"https:\/\/hubsch-interior.com\/fr\/#\/schema\/logo\/image\/"}}]}},"_links":{"self":[{"href":"https:\/\/hubsch-interior.com\/fr\/wp-json\/wp\/v2\/product\/1089236","targetHints":{"allow":["GET"]}}],"collection":[{"href":"https:\/\/hubsch-interior.com\/fr\/wp-json\/wp\/v2\/product"}],"about":[{"href":"https:\/\/hubsch-interior.com\/fr\/wp-json\/wp\/v2\/types\/product"}],"wp:featuredmedia":[{"embeddable":true,"href":"https:\/\/hubsch-interior.com\/fr\/wp-json\/wp\/v2\/media\/1111644"}],"wp:attachment":[{"href":"https:\/\/hubsch-interior.com\/fr\/wp-json\/wp\/v2\/media?parent=1089236"}],"wp:term":[{"taxonomy":"product_brand","embeddable":true,"href":"https:\/\/hubsch-interior.com\/fr\/wp-json\/wp\/v2\/product_brand?post=1089236"},{"taxonomy":"product_cat","embeddable":true,"href":"https:\/\/hubsch-interior.com\/fr\/wp-json\/wp\/v2\/product_cat?post=1089236"},{"taxonomy":"product_tag","embeddable":true,"href":"https:\/\/hubsch-interior.com\/fr\/wp-json\/wp\/v2\/product_tag?post=1089236"}],"curies":[{"name":"wp","href":"https:\/\/api.w.org\/{rel}","templated":true}]}}