{"id":1089260,"date":"2026-01-31T05:25:53","date_gmt":"2026-01-31T04:25:53","guid":{"rendered":"https:\/\/hubsch-interior.com\/product\/product\/"},"modified":"2026-04-05T05:25:04","modified_gmt":"2026-04-05T03:25:04","slug":"fuyu-vases-orange-set-de-3","status":"publish","type":"product","link":"https:\/\/hubsch-interior.com\/fr\/produit\/fuyu-vases-orange-set-de-3\/","title":{"rendered":"Fuyu Vases Orange (set de 3)"},"content":{"rendered":"<p>Doux dans les tons, audacieux dans la forme. Les Vases Fuyu en verre orange chaleureux apportent une \u00e9l\u00e9gance sculpturale et une touche ludique \u00e0 toute pi\u00e8ce. Leurs surfaces textur\u00e9es captent la lumi\u00e8re en douces ondulations, cr\u00e9ant des reflets tranquilles qui \u00e9voluent au fil de la journ\u00e9e. Qu&#8217;ils soient regroup\u00e9s ou pr\u00e9sent\u00e9s seuls, ces vases de forme organique ont une pr\u00e9sence marqu\u00e9e \u2014 avec ou sans fleurs. Con\u00e7us avec soin et pleins de caract\u00e8re, ils c\u00e9l\u00e8brent la forme, le sentiment et la simplicit\u00e9 baign\u00e9e de lumi\u00e8re.<\/p>\n","protected":false},"excerpt":{"rendered":"<p>Doux dans les tons, audacieux dans la forme. Les Vases Fuyu en verre orange chaleureux apportent une \u00e9l\u00e9gance sculpturale et une touche ludique \u00e0 toute pi\u00e8ce. Leurs surfaces textur\u00e9es captent la lumi\u00e8re en douces ondulations, cr\u00e9ant des reflets tranquilles qui \u00e9voluent au fil de la journ\u00e9e. Qu&#8217;ils soient regroup\u00e9s ou pr\u00e9sent\u00e9s seuls, ces vases de [&hellip;]<\/p>\n","protected":false},"featured_media":1111652,"template":"","meta":{"_acf_changed":false,"inline_featured_image":false},"product_brand":[],"product_cat":[7154,6971,3154,5046,6535],"product_tag":[],"class_list":{"0":"post-1089260","1":"product","2":"type-product","3":"status-publish","4":"has-post-thumbnail","6":"product_cat-dweller-fr","7":"product_cat-paques","8":"product_cat-vases-fr","9":"product_cat-nouveautes-fr","10":"product_cat-outlet-fr","11":"product_shipping_class-pk","13":"pa_color-orange-fr","14":"pa_material-verre-fr","16":"first","17":"instock","18":"sale","19":"taxable","20":"shipping-taxable","21":"purchasable","22":"product-type-simple"},"exclude_global_add_ons":[],"addons":[],"acf":[],"yoast_head":"<!-- This site is optimized with the Yoast SEO plugin v26.4 - https:\/\/yoast.com\/wordpress\/plugins\/seo\/ -->\n<title>Fuyu Vases Orange (set de 3) - H\u00fcbsch<\/title>\n<meta name=\"description\" content=\"Doux dans les tons, audacieux dans la forme. Les Vases Fuyu en verre orange chaleureux apportent une \u00e9l\u00e9gance sculpturale et une touche ludique \u00e0 toute\" \/>\n<meta name=\"robots\" content=\"index, follow, max-snippet:-1, max-image-preview:large, max-video-preview:-1\" \/>\n<link rel=\"canonical\" href=\"https:\/\/hubsch-interior.com\/fr\/wp-json\/wp\/v2\/product\/1089260\" \/>\n<meta property=\"og:locale\" content=\"fr_FR\" \/>\n<meta property=\"og:type\" content=\"article\" \/>\n<meta property=\"og:title\" content=\"Fuyu Vases Orange (set de 3) - H\u00fcbsch\" \/>\n<meta property=\"og:description\" content=\"Doux dans les tons, audacieux dans la forme. Les Vases Fuyu en verre orange chaleureux apportent une \u00e9l\u00e9gance sculpturale et une touche ludique \u00e0 toute\" \/>\n<meta property=\"og:url\" content=\"https:\/\/hubsch-interior.com\/fr\/produit\/fuyu-vases-orange-set-de-3\/\" \/>\n<meta property=\"og:site_name\" content=\"H\u00fcbsch\" \/>\n<meta property=\"article:modified_time\" content=\"2026-04-05T03:25:04+00:00\" \/>\n<meta property=\"og:image\" content=\"https:\/\/hubsch-interior.com\/wp-content\/uploads\/2026\/01\/fuyu-vases-orange-set-of-3-c3485b9689a4af099bf2f2abd1d00598.jpg\" \/>\n\t<meta property=\"og:image:width\" content=\"1200\" \/>\n\t<meta property=\"og:image:height\" content=\"1200\" \/>\n\t<meta property=\"og:image:type\" content=\"image\/jpeg\" \/>\n<meta name=\"twitter:card\" content=\"summary_large_image\" \/>\n<meta name=\"twitter:label1\" content=\"Dur\u00e9e de lecture estim\u00e9e\" \/>\n\t<meta name=\"twitter:data1\" content=\"1 minute\" \/>\n<script type=\"application\/ld+json\" class=\"yoast-schema-graph\">{\"@context\":\"https:\/\/schema.org\",\"@graph\":[{\"@type\":\"WebPage\",\"@id\":\"https:\/\/hubsch-interior.com\/fr\/produit\/fuyu-vases-orange-set-de-3\/\",\"url\":\"https:\/\/hubsch-interior.com\/fr\/produit\/fuyu-vases-orange-set-de-3\/\",\"name\":\"Fuyu Vases Orange (set de 3) - H\u00fcbsch\",\"isPartOf\":{\"@id\":\"https:\/\/hubsch-interior.com\/fr\/#website\"},\"primaryImageOfPage\":{\"@id\":\"https:\/\/hubsch-interior.com\/fr\/produit\/fuyu-vases-orange-set-de-3\/#primaryimage\"},\"image\":{\"@id\":\"https:\/\/hubsch-interior.com\/fr\/produit\/fuyu-vases-orange-set-de-3\/#primaryimage\"},\"thumbnailUrl\":\"https:\/\/hubsch-interior.com\/wp-content\/uploads\/2026\/02\/fuyu-vases-orange-set-of-3-1458687dfd8f439e2022ae17a4827de0.jpg\",\"datePublished\":\"2026-01-31T04:25:53+00:00\",\"dateModified\":\"2026-04-05T03:25:04+00:00\",\"description\":\"Doux dans les tons, audacieux dans la forme. Les Vases Fuyu en verre orange chaleureux apportent une \u00e9l\u00e9gance sculpturale et une touche ludique \u00e0 toute\",\"breadcrumb\":{\"@id\":\"https:\/\/hubsch-interior.com\/fr\/produit\/fuyu-vases-orange-set-de-3\/#breadcrumb\"},\"inLanguage\":\"fr-FR\",\"potentialAction\":[{\"@type\":\"ReadAction\",\"target\":[\"https:\/\/hubsch-interior.com\/fr\/produit\/fuyu-vases-orange-set-de-3\/\"]}]},{\"@type\":\"ImageObject\",\"inLanguage\":\"fr-FR\",\"@id\":\"https:\/\/hubsch-interior.com\/fr\/produit\/fuyu-vases-orange-set-de-3\/#primaryimage\",\"url\":\"https:\/\/hubsch-interior.com\/wp-content\/uploads\/2026\/02\/fuyu-vases-orange-set-of-3-1458687dfd8f439e2022ae17a4827de0.jpg\",\"contentUrl\":\"https:\/\/hubsch-interior.com\/wp-content\/uploads\/2026\/02\/fuyu-vases-orange-set-of-3-1458687dfd8f439e2022ae17a4827de0.jpg\",\"width\":1024,\"height\":1024},{\"@type\":\"BreadcrumbList\",\"@id\":\"https:\/\/hubsch-interior.com\/fr\/produit\/fuyu-vases-orange-set-de-3\/#breadcrumb\",\"itemListElement\":[{\"@type\":\"ListItem\",\"position\":1,\"name\":\"Page d'accueil\",\"item\":\"https:\/\/hubsch-interior.com\/fr\/\"},{\"@type\":\"ListItem\",\"position\":2,\"name\":\"Produits\",\"item\":\"https:\/\/hubsch-interior.com\/fr\/shop-2\/\"},{\"@type\":\"ListItem\",\"position\":3,\"name\":\"Accessoires maison\",\"item\":\"https:\/\/hubsch-interior.com\/fr\/categorie-produit\/accessoires-maison\/\"},{\"@type\":\"ListItem\",\"position\":4,\"name\":\"Vases\",\"item\":\"https:\/\/hubsch-interior.com\/fr\/categorie-produit\/accessoires-maison\/vases-fr\/\"},{\"@type\":\"ListItem\",\"position\":5,\"name\":\"Fuyu Vases Orange (set de 3)\"}]},{\"@type\":\"WebSite\",\"@id\":\"https:\/\/hubsch-interior.com\/fr\/#website\",\"url\":\"https:\/\/hubsch-interior.com\/fr\/\",\"name\":\"H\u00fcbsch\",\"description\":\"Danish Home Interior and Design\",\"publisher\":{\"@id\":\"https:\/\/hubsch-interior.com\/fr\/#organization\"},\"potentialAction\":[{\"@type\":\"SearchAction\",\"target\":{\"@type\":\"EntryPoint\",\"urlTemplate\":\"https:\/\/hubsch-interior.com\/fr\/?s={search_term_string}\"},\"query-input\":{\"@type\":\"PropertyValueSpecification\",\"valueRequired\":true,\"valueName\":\"search_term_string\"}}],\"inLanguage\":\"fr-FR\"},{\"@type\":\"Organization\",\"@id\":\"https:\/\/hubsch-interior.com\/fr\/#organization\",\"name\":\"H\u00fcbsch\",\"url\":\"https:\/\/hubsch-interior.com\/fr\/\",\"logo\":{\"@type\":\"ImageObject\",\"inLanguage\":\"fr-FR\",\"@id\":\"https:\/\/hubsch-interior.com\/fr\/#\/schema\/logo\/image\/\",\"url\":\"https:\/\/hubsch-interior.com\/wp-content\/uploads\/2022\/12\/Hubsch_logo_black_one_line.svg\",\"contentUrl\":\"https:\/\/hubsch-interior.com\/wp-content\/uploads\/2022\/12\/Hubsch_logo_black_one_line.svg\",\"caption\":\"H\u00fcbsch\"},\"image\":{\"@id\":\"https:\/\/hubsch-interior.com\/fr\/#\/schema\/logo\/image\/\"}}]}<\/script>\n<!-- \/ Yoast SEO plugin. -->","yoast_head_json":{"title":"Fuyu Vases Orange (set de 3) - H\u00fcbsch","description":"Doux dans les tons, audacieux dans la forme. Les Vases Fuyu en verre orange chaleureux apportent une \u00e9l\u00e9gance sculpturale et une touche ludique \u00e0 toute","robots":{"index":"index","follow":"follow","max-snippet":"max-snippet:-1","max-image-preview":"max-image-preview:large","max-video-preview":"max-video-preview:-1"},"canonical":"https:\/\/hubsch-interior.com\/fr\/wp-json\/wp\/v2\/product\/1089260","og_locale":"fr_FR","og_type":"article","og_title":"Fuyu Vases Orange (set de 3) - H\u00fcbsch","og_description":"Doux dans les tons, audacieux dans la forme. Les Vases Fuyu en verre orange chaleureux apportent une \u00e9l\u00e9gance sculpturale et une touche ludique \u00e0 toute","og_url":"https:\/\/hubsch-interior.com\/fr\/produit\/fuyu-vases-orange-set-de-3\/","og_site_name":"H\u00fcbsch","article_modified_time":"2026-04-05T03:25:04+00:00","og_image":[{"width":1200,"height":1200,"url":"https:\/\/hubsch-interior.com\/wp-content\/uploads\/2026\/01\/fuyu-vases-orange-set-of-3-c3485b9689a4af099bf2f2abd1d00598.jpg","type":"image\/jpeg"}],"twitter_card":"summary_large_image","twitter_misc":{"Dur\u00e9e de lecture estim\u00e9e":"1 minute"},"schema":{"@context":"https:\/\/schema.org","@graph":[{"@type":"WebPage","@id":"https:\/\/hubsch-interior.com\/fr\/produit\/fuyu-vases-orange-set-de-3\/","url":"https:\/\/hubsch-interior.com\/fr\/produit\/fuyu-vases-orange-set-de-3\/","name":"Fuyu Vases Orange (set de 3) - H\u00fcbsch","isPartOf":{"@id":"https:\/\/hubsch-interior.com\/fr\/#website"},"primaryImageOfPage":{"@id":"https:\/\/hubsch-interior.com\/fr\/produit\/fuyu-vases-orange-set-de-3\/#primaryimage"},"image":{"@id":"https:\/\/hubsch-interior.com\/fr\/produit\/fuyu-vases-orange-set-de-3\/#primaryimage"},"thumbnailUrl":"https:\/\/hubsch-interior.com\/wp-content\/uploads\/2026\/02\/fuyu-vases-orange-set-of-3-1458687dfd8f439e2022ae17a4827de0.jpg","datePublished":"2026-01-31T04:25:53+00:00","dateModified":"2026-04-05T03:25:04+00:00","description":"Doux dans les tons, audacieux dans la forme. Les Vases Fuyu en verre orange chaleureux apportent une \u00e9l\u00e9gance sculpturale et une touche ludique \u00e0 toute","breadcrumb":{"@id":"https:\/\/hubsch-interior.com\/fr\/produit\/fuyu-vases-orange-set-de-3\/#breadcrumb"},"inLanguage":"fr-FR","potentialAction":[{"@type":"ReadAction","target":["https:\/\/hubsch-interior.com\/fr\/produit\/fuyu-vases-orange-set-de-3\/"]}]},{"@type":"ImageObject","inLanguage":"fr-FR","@id":"https:\/\/hubsch-interior.com\/fr\/produit\/fuyu-vases-orange-set-de-3\/#primaryimage","url":"https:\/\/hubsch-interior.com\/wp-content\/uploads\/2026\/02\/fuyu-vases-orange-set-of-3-1458687dfd8f439e2022ae17a4827de0.jpg","contentUrl":"https:\/\/hubsch-interior.com\/wp-content\/uploads\/2026\/02\/fuyu-vases-orange-set-of-3-1458687dfd8f439e2022ae17a4827de0.jpg","width":1024,"height":1024},{"@type":"BreadcrumbList","@id":"https:\/\/hubsch-interior.com\/fr\/produit\/fuyu-vases-orange-set-de-3\/#breadcrumb","itemListElement":[{"@type":"ListItem","position":1,"name":"Page d'accueil","item":"https:\/\/hubsch-interior.com\/fr\/"},{"@type":"ListItem","position":2,"name":"Produits","item":"https:\/\/hubsch-interior.com\/fr\/shop-2\/"},{"@type":"ListItem","position":3,"name":"Accessoires maison","item":"https:\/\/hubsch-interior.com\/fr\/categorie-produit\/accessoires-maison\/"},{"@type":"ListItem","position":4,"name":"Vases","item":"https:\/\/hubsch-interior.com\/fr\/categorie-produit\/accessoires-maison\/vases-fr\/"},{"@type":"ListItem","position":5,"name":"Fuyu Vases Orange (set de 3)"}]},{"@type":"WebSite","@id":"https:\/\/hubsch-interior.com\/fr\/#website","url":"https:\/\/hubsch-interior.com\/fr\/","name":"H\u00fcbsch","description":"Danish Home Interior and Design","publisher":{"@id":"https:\/\/hubsch-interior.com\/fr\/#organization"},"potentialAction":[{"@type":"SearchAction","target":{"@type":"EntryPoint","urlTemplate":"https:\/\/hubsch-interior.com\/fr\/?s={search_term_string}"},"query-input":{"@type":"PropertyValueSpecification","valueRequired":true,"valueName":"search_term_string"}}],"inLanguage":"fr-FR"},{"@type":"Organization","@id":"https:\/\/hubsch-interior.com\/fr\/#organization","name":"H\u00fcbsch","url":"https:\/\/hubsch-interior.com\/fr\/","logo":{"@type":"ImageObject","inLanguage":"fr-FR","@id":"https:\/\/hubsch-interior.com\/fr\/#\/schema\/logo\/image\/","url":"https:\/\/hubsch-interior.com\/wp-content\/uploads\/2022\/12\/Hubsch_logo_black_one_line.svg","contentUrl":"https:\/\/hubsch-interior.com\/wp-content\/uploads\/2022\/12\/Hubsch_logo_black_one_line.svg","caption":"H\u00fcbsch"},"image":{"@id":"https:\/\/hubsch-interior.com\/fr\/#\/schema\/logo\/image\/"}}]}},"_links":{"self":[{"href":"https:\/\/hubsch-interior.com\/fr\/wp-json\/wp\/v2\/product\/1089260","targetHints":{"allow":["GET"]}}],"collection":[{"href":"https:\/\/hubsch-interior.com\/fr\/wp-json\/wp\/v2\/product"}],"about":[{"href":"https:\/\/hubsch-interior.com\/fr\/wp-json\/wp\/v2\/types\/product"}],"wp:featuredmedia":[{"embeddable":true,"href":"https:\/\/hubsch-interior.com\/fr\/wp-json\/wp\/v2\/media\/1111652"}],"wp:attachment":[{"href":"https:\/\/hubsch-interior.com\/fr\/wp-json\/wp\/v2\/media?parent=1089260"}],"wp:term":[{"taxonomy":"product_brand","embeddable":true,"href":"https:\/\/hubsch-interior.com\/fr\/wp-json\/wp\/v2\/product_brand?post=1089260"},{"taxonomy":"product_cat","embeddable":true,"href":"https:\/\/hubsch-interior.com\/fr\/wp-json\/wp\/v2\/product_cat?post=1089260"},{"taxonomy":"product_tag","embeddable":true,"href":"https:\/\/hubsch-interior.com\/fr\/wp-json\/wp\/v2\/product_tag?post=1089260"}],"curies":[{"name":"wp","href":"https:\/\/api.w.org\/{rel}","templated":true}]}}