{"id":1089276,"date":"2026-01-31T05:26:02","date_gmt":"2026-01-31T04:26:02","guid":{"rendered":"https:\/\/hubsch-interior.com\/product\/product\/"},"modified":"2026-04-05T05:25:08","modified_gmt":"2026-04-05T03:25:08","slug":"lote-vase-sable","status":"publish","type":"product","link":"https:\/\/hubsch-interior.com\/fr\/produit\/lote-vase-sable\/","title":{"rendered":"Lote Vase Sable"},"content":{"rendered":"<p>Une sculpture paisible fa\u00e7onn\u00e9e par la nature. Le Vase Lote en verre de couleur sable doux apporte une tranquillit\u00e9 apaisante \u00e0 votre espace, avec sa silhouette organique et sa palette apaisante. Sa forme fluide fait \u00e9cho aux paysages naturels, en faisant le r\u00e9cipient id\u00e9al pour des tiges fra\u00eeches \u2014 ou simplement pour se tenir seul comme une pi\u00e8ce ma\u00eetresse. Plac\u00e9 dans une fen\u00eatre baign\u00e9e de soleil ou dans un coin tranquille, il ajoute un sentiment de calme et de beaut\u00e9 intemporelle au quotidien.<\/p>\n","protected":false},"excerpt":{"rendered":"<p>Une sculpture paisible fa\u00e7onn\u00e9e par la nature. Le Vase Lote en verre de couleur sable doux apporte une tranquillit\u00e9 apaisante \u00e0 votre espace, avec sa silhouette organique et sa palette apaisante. Sa forme fluide fait \u00e9cho aux paysages naturels, en faisant le r\u00e9cipient id\u00e9al pour des tiges fra\u00eeches \u2014 ou simplement pour se tenir seul [&hellip;]<\/p>\n","protected":false},"featured_media":1112712,"template":"","meta":{"_acf_changed":false,"inline_featured_image":false},"product_brand":[],"product_cat":[7154,6971,3154,5080,5026,5046,6535],"product_tag":[],"class_list":{"0":"post-1089276","1":"product","2":"type-product","3":"status-publish","4":"has-post-thumbnail","6":"product_cat-dweller-fr","7":"product_cat-paques","8":"product_cat-vases-fr","9":"product_cat-maintenant-en-stock-fr","10":"product_cat-bestsellers-fr","11":"product_cat-nouveautes-fr","12":"product_cat-outlet-fr","13":"product_shipping_class-pk","15":"pa_color-sable","16":"pa_material-verre-fr","18":"first","19":"instock","20":"sale","21":"featured","22":"taxable","23":"shipping-taxable","24":"purchasable","25":"product-type-simple"},"exclude_global_add_ons":[],"addons":[],"acf":[],"yoast_head":"<!-- This site is optimized with the Yoast SEO plugin v26.4 - https:\/\/yoast.com\/wordpress\/plugins\/seo\/ -->\n<title>Lote Vase Sable - H\u00fcbsch<\/title>\n<meta name=\"description\" content=\"Une sculpture paisible fa\u00e7onn\u00e9e par la nature. Le Vase Lote en verre de couleur sable doux apporte une tranquillit\u00e9 apaisante \u00e0 votre espace, avec sa\" \/>\n<meta name=\"robots\" content=\"index, follow, max-snippet:-1, max-image-preview:large, max-video-preview:-1\" \/>\n<link rel=\"canonical\" href=\"https:\/\/hubsch-interior.com\/fr\/wp-json\/wp\/v2\/product\/1089276\" \/>\n<meta property=\"og:locale\" content=\"fr_FR\" \/>\n<meta property=\"og:type\" content=\"article\" \/>\n<meta property=\"og:title\" content=\"Lote Vase Sable - H\u00fcbsch\" \/>\n<meta property=\"og:description\" content=\"Une sculpture paisible fa\u00e7onn\u00e9e par la nature. Le Vase Lote en verre de couleur sable doux apporte une tranquillit\u00e9 apaisante \u00e0 votre espace, avec sa\" \/>\n<meta property=\"og:url\" content=\"https:\/\/hubsch-interior.com\/fr\/produit\/lote-vase-sable\/\" \/>\n<meta property=\"og:site_name\" content=\"H\u00fcbsch\" \/>\n<meta property=\"article:modified_time\" content=\"2026-04-05T03:25:08+00:00\" \/>\n<meta property=\"og:image\" content=\"https:\/\/hubsch-interior.com\/wp-content\/uploads\/2026\/01\/lote-vase-sand-a98e58ceec8bc6421bf766d66f17d49e.jpg\" \/>\n\t<meta property=\"og:image:width\" content=\"1200\" \/>\n\t<meta property=\"og:image:height\" content=\"1200\" \/>\n\t<meta property=\"og:image:type\" content=\"image\/jpeg\" \/>\n<meta name=\"twitter:card\" content=\"summary_large_image\" \/>\n<script type=\"application\/ld+json\" class=\"yoast-schema-graph\">{\"@context\":\"https:\/\/schema.org\",\"@graph\":[{\"@type\":\"WebPage\",\"@id\":\"https:\/\/hubsch-interior.com\/fr\/produit\/lote-vase-sable\/\",\"url\":\"https:\/\/hubsch-interior.com\/fr\/produit\/lote-vase-sable\/\",\"name\":\"Lote Vase Sable - H\u00fcbsch\",\"isPartOf\":{\"@id\":\"https:\/\/hubsch-interior.com\/fr\/#website\"},\"primaryImageOfPage\":{\"@id\":\"https:\/\/hubsch-interior.com\/fr\/produit\/lote-vase-sable\/#primaryimage\"},\"image\":{\"@id\":\"https:\/\/hubsch-interior.com\/fr\/produit\/lote-vase-sable\/#primaryimage\"},\"thumbnailUrl\":\"https:\/\/hubsch-interior.com\/wp-content\/uploads\/2026\/02\/lote-vase-sand-64dfefbc9178cfb3eb06bcdd458f8c7e.jpg\",\"datePublished\":\"2026-01-31T04:26:02+00:00\",\"dateModified\":\"2026-04-05T03:25:08+00:00\",\"description\":\"Une sculpture paisible fa\u00e7onn\u00e9e par la nature. Le Vase Lote en verre de couleur sable doux apporte une tranquillit\u00e9 apaisante \u00e0 votre espace, avec sa\",\"breadcrumb\":{\"@id\":\"https:\/\/hubsch-interior.com\/fr\/produit\/lote-vase-sable\/#breadcrumb\"},\"inLanguage\":\"fr-FR\",\"potentialAction\":[{\"@type\":\"ReadAction\",\"target\":[\"https:\/\/hubsch-interior.com\/fr\/produit\/lote-vase-sable\/\"]}]},{\"@type\":\"ImageObject\",\"inLanguage\":\"fr-FR\",\"@id\":\"https:\/\/hubsch-interior.com\/fr\/produit\/lote-vase-sable\/#primaryimage\",\"url\":\"https:\/\/hubsch-interior.com\/wp-content\/uploads\/2026\/02\/lote-vase-sand-64dfefbc9178cfb3eb06bcdd458f8c7e.jpg\",\"contentUrl\":\"https:\/\/hubsch-interior.com\/wp-content\/uploads\/2026\/02\/lote-vase-sand-64dfefbc9178cfb3eb06bcdd458f8c7e.jpg\",\"width\":1024,\"height\":1024},{\"@type\":\"BreadcrumbList\",\"@id\":\"https:\/\/hubsch-interior.com\/fr\/produit\/lote-vase-sable\/#breadcrumb\",\"itemListElement\":[{\"@type\":\"ListItem\",\"position\":1,\"name\":\"Page d'accueil\",\"item\":\"https:\/\/hubsch-interior.com\/fr\/\"},{\"@type\":\"ListItem\",\"position\":2,\"name\":\"Produits\",\"item\":\"https:\/\/hubsch-interior.com\/fr\/shop-2\/\"},{\"@type\":\"ListItem\",\"position\":3,\"name\":\"Accessoires maison\",\"item\":\"https:\/\/hubsch-interior.com\/fr\/categorie-produit\/accessoires-maison\/\"},{\"@type\":\"ListItem\",\"position\":4,\"name\":\"Vases\",\"item\":\"https:\/\/hubsch-interior.com\/fr\/categorie-produit\/accessoires-maison\/vases-fr\/\"},{\"@type\":\"ListItem\",\"position\":5,\"name\":\"Lote Vase Sable\"}]},{\"@type\":\"WebSite\",\"@id\":\"https:\/\/hubsch-interior.com\/fr\/#website\",\"url\":\"https:\/\/hubsch-interior.com\/fr\/\",\"name\":\"H\u00fcbsch\",\"description\":\"Danish Home Interior and Design\",\"publisher\":{\"@id\":\"https:\/\/hubsch-interior.com\/fr\/#organization\"},\"potentialAction\":[{\"@type\":\"SearchAction\",\"target\":{\"@type\":\"EntryPoint\",\"urlTemplate\":\"https:\/\/hubsch-interior.com\/fr\/?s={search_term_string}\"},\"query-input\":{\"@type\":\"PropertyValueSpecification\",\"valueRequired\":true,\"valueName\":\"search_term_string\"}}],\"inLanguage\":\"fr-FR\"},{\"@type\":\"Organization\",\"@id\":\"https:\/\/hubsch-interior.com\/fr\/#organization\",\"name\":\"H\u00fcbsch\",\"url\":\"https:\/\/hubsch-interior.com\/fr\/\",\"logo\":{\"@type\":\"ImageObject\",\"inLanguage\":\"fr-FR\",\"@id\":\"https:\/\/hubsch-interior.com\/fr\/#\/schema\/logo\/image\/\",\"url\":\"https:\/\/hubsch-interior.com\/wp-content\/uploads\/2022\/12\/Hubsch_logo_black_one_line.svg\",\"contentUrl\":\"https:\/\/hubsch-interior.com\/wp-content\/uploads\/2022\/12\/Hubsch_logo_black_one_line.svg\",\"caption\":\"H\u00fcbsch\"},\"image\":{\"@id\":\"https:\/\/hubsch-interior.com\/fr\/#\/schema\/logo\/image\/\"}}]}<\/script>\n<!-- \/ Yoast SEO plugin. -->","yoast_head_json":{"title":"Lote Vase Sable - H\u00fcbsch","description":"Une sculpture paisible fa\u00e7onn\u00e9e par la nature. Le Vase Lote en verre de couleur sable doux apporte une tranquillit\u00e9 apaisante \u00e0 votre espace, avec sa","robots":{"index":"index","follow":"follow","max-snippet":"max-snippet:-1","max-image-preview":"max-image-preview:large","max-video-preview":"max-video-preview:-1"},"canonical":"https:\/\/hubsch-interior.com\/fr\/wp-json\/wp\/v2\/product\/1089276","og_locale":"fr_FR","og_type":"article","og_title":"Lote Vase Sable - H\u00fcbsch","og_description":"Une sculpture paisible fa\u00e7onn\u00e9e par la nature. Le Vase Lote en verre de couleur sable doux apporte une tranquillit\u00e9 apaisante \u00e0 votre espace, avec sa","og_url":"https:\/\/hubsch-interior.com\/fr\/produit\/lote-vase-sable\/","og_site_name":"H\u00fcbsch","article_modified_time":"2026-04-05T03:25:08+00:00","og_image":[{"width":1200,"height":1200,"url":"https:\/\/hubsch-interior.com\/wp-content\/uploads\/2026\/01\/lote-vase-sand-a98e58ceec8bc6421bf766d66f17d49e.jpg","type":"image\/jpeg"}],"twitter_card":"summary_large_image","schema":{"@context":"https:\/\/schema.org","@graph":[{"@type":"WebPage","@id":"https:\/\/hubsch-interior.com\/fr\/produit\/lote-vase-sable\/","url":"https:\/\/hubsch-interior.com\/fr\/produit\/lote-vase-sable\/","name":"Lote Vase Sable - H\u00fcbsch","isPartOf":{"@id":"https:\/\/hubsch-interior.com\/fr\/#website"},"primaryImageOfPage":{"@id":"https:\/\/hubsch-interior.com\/fr\/produit\/lote-vase-sable\/#primaryimage"},"image":{"@id":"https:\/\/hubsch-interior.com\/fr\/produit\/lote-vase-sable\/#primaryimage"},"thumbnailUrl":"https:\/\/hubsch-interior.com\/wp-content\/uploads\/2026\/02\/lote-vase-sand-64dfefbc9178cfb3eb06bcdd458f8c7e.jpg","datePublished":"2026-01-31T04:26:02+00:00","dateModified":"2026-04-05T03:25:08+00:00","description":"Une sculpture paisible fa\u00e7onn\u00e9e par la nature. Le Vase Lote en verre de couleur sable doux apporte une tranquillit\u00e9 apaisante \u00e0 votre espace, avec sa","breadcrumb":{"@id":"https:\/\/hubsch-interior.com\/fr\/produit\/lote-vase-sable\/#breadcrumb"},"inLanguage":"fr-FR","potentialAction":[{"@type":"ReadAction","target":["https:\/\/hubsch-interior.com\/fr\/produit\/lote-vase-sable\/"]}]},{"@type":"ImageObject","inLanguage":"fr-FR","@id":"https:\/\/hubsch-interior.com\/fr\/produit\/lote-vase-sable\/#primaryimage","url":"https:\/\/hubsch-interior.com\/wp-content\/uploads\/2026\/02\/lote-vase-sand-64dfefbc9178cfb3eb06bcdd458f8c7e.jpg","contentUrl":"https:\/\/hubsch-interior.com\/wp-content\/uploads\/2026\/02\/lote-vase-sand-64dfefbc9178cfb3eb06bcdd458f8c7e.jpg","width":1024,"height":1024},{"@type":"BreadcrumbList","@id":"https:\/\/hubsch-interior.com\/fr\/produit\/lote-vase-sable\/#breadcrumb","itemListElement":[{"@type":"ListItem","position":1,"name":"Page d'accueil","item":"https:\/\/hubsch-interior.com\/fr\/"},{"@type":"ListItem","position":2,"name":"Produits","item":"https:\/\/hubsch-interior.com\/fr\/shop-2\/"},{"@type":"ListItem","position":3,"name":"Accessoires maison","item":"https:\/\/hubsch-interior.com\/fr\/categorie-produit\/accessoires-maison\/"},{"@type":"ListItem","position":4,"name":"Vases","item":"https:\/\/hubsch-interior.com\/fr\/categorie-produit\/accessoires-maison\/vases-fr\/"},{"@type":"ListItem","position":5,"name":"Lote Vase Sable"}]},{"@type":"WebSite","@id":"https:\/\/hubsch-interior.com\/fr\/#website","url":"https:\/\/hubsch-interior.com\/fr\/","name":"H\u00fcbsch","description":"Danish Home Interior and Design","publisher":{"@id":"https:\/\/hubsch-interior.com\/fr\/#organization"},"potentialAction":[{"@type":"SearchAction","target":{"@type":"EntryPoint","urlTemplate":"https:\/\/hubsch-interior.com\/fr\/?s={search_term_string}"},"query-input":{"@type":"PropertyValueSpecification","valueRequired":true,"valueName":"search_term_string"}}],"inLanguage":"fr-FR"},{"@type":"Organization","@id":"https:\/\/hubsch-interior.com\/fr\/#organization","name":"H\u00fcbsch","url":"https:\/\/hubsch-interior.com\/fr\/","logo":{"@type":"ImageObject","inLanguage":"fr-FR","@id":"https:\/\/hubsch-interior.com\/fr\/#\/schema\/logo\/image\/","url":"https:\/\/hubsch-interior.com\/wp-content\/uploads\/2022\/12\/Hubsch_logo_black_one_line.svg","contentUrl":"https:\/\/hubsch-interior.com\/wp-content\/uploads\/2022\/12\/Hubsch_logo_black_one_line.svg","caption":"H\u00fcbsch"},"image":{"@id":"https:\/\/hubsch-interior.com\/fr\/#\/schema\/logo\/image\/"}}]}},"_links":{"self":[{"href":"https:\/\/hubsch-interior.com\/fr\/wp-json\/wp\/v2\/product\/1089276","targetHints":{"allow":["GET"]}}],"collection":[{"href":"https:\/\/hubsch-interior.com\/fr\/wp-json\/wp\/v2\/product"}],"about":[{"href":"https:\/\/hubsch-interior.com\/fr\/wp-json\/wp\/v2\/types\/product"}],"wp:featuredmedia":[{"embeddable":true,"href":"https:\/\/hubsch-interior.com\/fr\/wp-json\/wp\/v2\/media\/1112712"}],"wp:attachment":[{"href":"https:\/\/hubsch-interior.com\/fr\/wp-json\/wp\/v2\/media?parent=1089276"}],"wp:term":[{"taxonomy":"product_brand","embeddable":true,"href":"https:\/\/hubsch-interior.com\/fr\/wp-json\/wp\/v2\/product_brand?post=1089276"},{"taxonomy":"product_cat","embeddable":true,"href":"https:\/\/hubsch-interior.com\/fr\/wp-json\/wp\/v2\/product_cat?post=1089276"},{"taxonomy":"product_tag","embeddable":true,"href":"https:\/\/hubsch-interior.com\/fr\/wp-json\/wp\/v2\/product_tag?post=1089276"}],"curies":[{"name":"wp","href":"https:\/\/api.w.org\/{rel}","templated":true}]}}