{"id":1089292,"date":"2026-01-31T05:26:13","date_gmt":"2026-01-31T04:26:13","guid":{"rendered":"https:\/\/hubsch-interior.com\/product\/product\/"},"modified":"2026-04-05T05:25:11","modified_gmt":"2026-04-05T03:25:11","slug":"lote-vase-rouge-pale","status":"publish","type":"product","link":"https:\/\/hubsch-interior.com\/fr\/produit\/lote-vase-rouge-pale\/","title":{"rendered":"Lote Vase Rouge P\u00e2le"},"content":{"rendered":"<p>Courbes douces, pr\u00e9sence marqu\u00e9e. Le Vase Lote en verre teint\u00e9 de rose apporte une aura apaisante et une \u00e9l\u00e9gance sculpturale \u00e0 votre espace. Sa forme organique flue doucement, cr\u00e9ant une harmonie qu&#8217;il soit garni de fleurs fra\u00eeches ou qu&#8217;il se dresse seul. Fabriqu\u00e9 en verre fin dans une nuance d\u00e9licate de rose, il ajoute une sensation de chaleur et de beaut\u00e9 tranquille \u00e0 vos \u00e9tag\u00e8res, tables ou recoins. Une pi\u00e8ce gracieuse qui ne se contente pas de d\u00e9corer \u2014 elle apaise, adoucit et \u00e9l\u00e8ve l&#8217;esprit.<\/p>\n","protected":false},"excerpt":{"rendered":"<p>Courbes douces, pr\u00e9sence marqu\u00e9e. Le Vase Lote en verre teint\u00e9 de rose apporte une aura apaisante et une \u00e9l\u00e9gance sculpturale \u00e0 votre espace. Sa forme organique flue doucement, cr\u00e9ant une harmonie qu&#8217;il soit garni de fleurs fra\u00eeches ou qu&#8217;il se dresse seul. Fabriqu\u00e9 en verre fin dans une nuance d\u00e9licate de rose, il ajoute une [&hellip;]<\/p>\n","protected":false},"featured_media":1111684,"template":"","meta":{"_acf_changed":false,"inline_featured_image":false},"product_brand":[],"product_cat":[7154,6971,3154,5080,5026,5046,6535],"product_tag":[],"class_list":{"0":"post-1089292","1":"product","2":"type-product","3":"status-publish","4":"has-post-thumbnail","6":"product_cat-dweller-fr","7":"product_cat-paques","8":"product_cat-vases-fr","9":"product_cat-maintenant-en-stock-fr","10":"product_cat-bestsellers-fr","11":"product_cat-nouveautes-fr","12":"product_cat-outlet-fr","13":"product_shipping_class-pk","15":"pa_color-rouge-ple-2","16":"pa_material-verre-fr","18":"first","19":"instock","20":"sale","21":"featured","22":"taxable","23":"shipping-taxable","24":"purchasable","25":"product-type-simple"},"exclude_global_add_ons":[],"addons":[],"acf":[],"yoast_head":"<!-- This site is optimized with the Yoast SEO plugin v26.4 - https:\/\/yoast.com\/wordpress\/plugins\/seo\/ -->\n<title>Lote Vase Rouge P\u00e2le - H\u00fcbsch<\/title>\n<meta name=\"description\" content=\"Courbes douces, pr\u00e9sence marqu\u00e9e. Le Vase Lote en verre teint\u00e9 de rose apporte une aura apaisante et une \u00e9l\u00e9gance sculpturale \u00e0 votre espace. Sa forme\" \/>\n<meta name=\"robots\" content=\"index, follow, max-snippet:-1, max-image-preview:large, max-video-preview:-1\" \/>\n<link rel=\"canonical\" href=\"https:\/\/hubsch-interior.com\/fr\/wp-json\/wp\/v2\/product\/1089292\" \/>\n<meta property=\"og:locale\" content=\"fr_FR\" \/>\n<meta property=\"og:type\" content=\"article\" \/>\n<meta property=\"og:title\" content=\"Lote Vase Rouge P\u00e2le - H\u00fcbsch\" \/>\n<meta property=\"og:description\" content=\"Courbes douces, pr\u00e9sence marqu\u00e9e. Le Vase Lote en verre teint\u00e9 de rose apporte une aura apaisante et une \u00e9l\u00e9gance sculpturale \u00e0 votre espace. Sa forme\" \/>\n<meta property=\"og:url\" content=\"https:\/\/hubsch-interior.com\/fr\/produit\/lote-vase-rouge-pale\/\" \/>\n<meta property=\"og:site_name\" content=\"H\u00fcbsch\" \/>\n<meta property=\"article:modified_time\" content=\"2026-04-05T03:25:11+00:00\" \/>\n<meta property=\"og:image\" content=\"https:\/\/hubsch-interior.com\/wp-content\/uploads\/2026\/01\/lote-vase-pink-d10b97a8878c3f29ef758e081c9ecc62.jpg\" \/>\n\t<meta property=\"og:image:width\" content=\"1200\" \/>\n\t<meta property=\"og:image:height\" content=\"1200\" \/>\n\t<meta property=\"og:image:type\" content=\"image\/jpeg\" \/>\n<meta name=\"twitter:card\" content=\"summary_large_image\" \/>\n<script type=\"application\/ld+json\" class=\"yoast-schema-graph\">{\"@context\":\"https:\/\/schema.org\",\"@graph\":[{\"@type\":\"WebPage\",\"@id\":\"https:\/\/hubsch-interior.com\/fr\/produit\/lote-vase-rouge-pale\/\",\"url\":\"https:\/\/hubsch-interior.com\/fr\/produit\/lote-vase-rouge-pale\/\",\"name\":\"Lote Vase Rouge P\u00e2le - H\u00fcbsch\",\"isPartOf\":{\"@id\":\"https:\/\/hubsch-interior.com\/fr\/#website\"},\"primaryImageOfPage\":{\"@id\":\"https:\/\/hubsch-interior.com\/fr\/produit\/lote-vase-rouge-pale\/#primaryimage\"},\"image\":{\"@id\":\"https:\/\/hubsch-interior.com\/fr\/produit\/lote-vase-rouge-pale\/#primaryimage\"},\"thumbnailUrl\":\"https:\/\/hubsch-interior.com\/wp-content\/uploads\/2026\/02\/lote-vase-pink-21dacd7e6c78cbb79c9c2802bb332eec.jpg\",\"datePublished\":\"2026-01-31T04:26:13+00:00\",\"dateModified\":\"2026-04-05T03:25:11+00:00\",\"description\":\"Courbes douces, pr\u00e9sence marqu\u00e9e. Le Vase Lote en verre teint\u00e9 de rose apporte une aura apaisante et une \u00e9l\u00e9gance sculpturale \u00e0 votre espace. Sa forme\",\"breadcrumb\":{\"@id\":\"https:\/\/hubsch-interior.com\/fr\/produit\/lote-vase-rouge-pale\/#breadcrumb\"},\"inLanguage\":\"fr-FR\",\"potentialAction\":[{\"@type\":\"ReadAction\",\"target\":[\"https:\/\/hubsch-interior.com\/fr\/produit\/lote-vase-rouge-pale\/\"]}]},{\"@type\":\"ImageObject\",\"inLanguage\":\"fr-FR\",\"@id\":\"https:\/\/hubsch-interior.com\/fr\/produit\/lote-vase-rouge-pale\/#primaryimage\",\"url\":\"https:\/\/hubsch-interior.com\/wp-content\/uploads\/2026\/02\/lote-vase-pink-21dacd7e6c78cbb79c9c2802bb332eec.jpg\",\"contentUrl\":\"https:\/\/hubsch-interior.com\/wp-content\/uploads\/2026\/02\/lote-vase-pink-21dacd7e6c78cbb79c9c2802bb332eec.jpg\",\"width\":1024,\"height\":1024},{\"@type\":\"BreadcrumbList\",\"@id\":\"https:\/\/hubsch-interior.com\/fr\/produit\/lote-vase-rouge-pale\/#breadcrumb\",\"itemListElement\":[{\"@type\":\"ListItem\",\"position\":1,\"name\":\"Page d'accueil\",\"item\":\"https:\/\/hubsch-interior.com\/fr\/\"},{\"@type\":\"ListItem\",\"position\":2,\"name\":\"Produits\",\"item\":\"https:\/\/hubsch-interior.com\/fr\/shop-2\/\"},{\"@type\":\"ListItem\",\"position\":3,\"name\":\"Accessoires maison\",\"item\":\"https:\/\/hubsch-interior.com\/fr\/categorie-produit\/accessoires-maison\/\"},{\"@type\":\"ListItem\",\"position\":4,\"name\":\"Vases\",\"item\":\"https:\/\/hubsch-interior.com\/fr\/categorie-produit\/accessoires-maison\/vases-fr\/\"},{\"@type\":\"ListItem\",\"position\":5,\"name\":\"Lote Vase Rouge P\u00e2le\"}]},{\"@type\":\"WebSite\",\"@id\":\"https:\/\/hubsch-interior.com\/fr\/#website\",\"url\":\"https:\/\/hubsch-interior.com\/fr\/\",\"name\":\"H\u00fcbsch\",\"description\":\"Danish Home Interior and Design\",\"publisher\":{\"@id\":\"https:\/\/hubsch-interior.com\/fr\/#organization\"},\"potentialAction\":[{\"@type\":\"SearchAction\",\"target\":{\"@type\":\"EntryPoint\",\"urlTemplate\":\"https:\/\/hubsch-interior.com\/fr\/?s={search_term_string}\"},\"query-input\":{\"@type\":\"PropertyValueSpecification\",\"valueRequired\":true,\"valueName\":\"search_term_string\"}}],\"inLanguage\":\"fr-FR\"},{\"@type\":\"Organization\",\"@id\":\"https:\/\/hubsch-interior.com\/fr\/#organization\",\"name\":\"H\u00fcbsch\",\"url\":\"https:\/\/hubsch-interior.com\/fr\/\",\"logo\":{\"@type\":\"ImageObject\",\"inLanguage\":\"fr-FR\",\"@id\":\"https:\/\/hubsch-interior.com\/fr\/#\/schema\/logo\/image\/\",\"url\":\"https:\/\/hubsch-interior.com\/wp-content\/uploads\/2022\/12\/Hubsch_logo_black_one_line.svg\",\"contentUrl\":\"https:\/\/hubsch-interior.com\/wp-content\/uploads\/2022\/12\/Hubsch_logo_black_one_line.svg\",\"caption\":\"H\u00fcbsch\"},\"image\":{\"@id\":\"https:\/\/hubsch-interior.com\/fr\/#\/schema\/logo\/image\/\"}}]}<\/script>\n<!-- \/ Yoast SEO plugin. -->","yoast_head_json":{"title":"Lote Vase Rouge P\u00e2le - H\u00fcbsch","description":"Courbes douces, pr\u00e9sence marqu\u00e9e. Le Vase Lote en verre teint\u00e9 de rose apporte une aura apaisante et une \u00e9l\u00e9gance sculpturale \u00e0 votre espace. Sa forme","robots":{"index":"index","follow":"follow","max-snippet":"max-snippet:-1","max-image-preview":"max-image-preview:large","max-video-preview":"max-video-preview:-1"},"canonical":"https:\/\/hubsch-interior.com\/fr\/wp-json\/wp\/v2\/product\/1089292","og_locale":"fr_FR","og_type":"article","og_title":"Lote Vase Rouge P\u00e2le - H\u00fcbsch","og_description":"Courbes douces, pr\u00e9sence marqu\u00e9e. Le Vase Lote en verre teint\u00e9 de rose apporte une aura apaisante et une \u00e9l\u00e9gance sculpturale \u00e0 votre espace. Sa forme","og_url":"https:\/\/hubsch-interior.com\/fr\/produit\/lote-vase-rouge-pale\/","og_site_name":"H\u00fcbsch","article_modified_time":"2026-04-05T03:25:11+00:00","og_image":[{"width":1200,"height":1200,"url":"https:\/\/hubsch-interior.com\/wp-content\/uploads\/2026\/01\/lote-vase-pink-d10b97a8878c3f29ef758e081c9ecc62.jpg","type":"image\/jpeg"}],"twitter_card":"summary_large_image","schema":{"@context":"https:\/\/schema.org","@graph":[{"@type":"WebPage","@id":"https:\/\/hubsch-interior.com\/fr\/produit\/lote-vase-rouge-pale\/","url":"https:\/\/hubsch-interior.com\/fr\/produit\/lote-vase-rouge-pale\/","name":"Lote Vase Rouge P\u00e2le - H\u00fcbsch","isPartOf":{"@id":"https:\/\/hubsch-interior.com\/fr\/#website"},"primaryImageOfPage":{"@id":"https:\/\/hubsch-interior.com\/fr\/produit\/lote-vase-rouge-pale\/#primaryimage"},"image":{"@id":"https:\/\/hubsch-interior.com\/fr\/produit\/lote-vase-rouge-pale\/#primaryimage"},"thumbnailUrl":"https:\/\/hubsch-interior.com\/wp-content\/uploads\/2026\/02\/lote-vase-pink-21dacd7e6c78cbb79c9c2802bb332eec.jpg","datePublished":"2026-01-31T04:26:13+00:00","dateModified":"2026-04-05T03:25:11+00:00","description":"Courbes douces, pr\u00e9sence marqu\u00e9e. Le Vase Lote en verre teint\u00e9 de rose apporte une aura apaisante et une \u00e9l\u00e9gance sculpturale \u00e0 votre espace. Sa forme","breadcrumb":{"@id":"https:\/\/hubsch-interior.com\/fr\/produit\/lote-vase-rouge-pale\/#breadcrumb"},"inLanguage":"fr-FR","potentialAction":[{"@type":"ReadAction","target":["https:\/\/hubsch-interior.com\/fr\/produit\/lote-vase-rouge-pale\/"]}]},{"@type":"ImageObject","inLanguage":"fr-FR","@id":"https:\/\/hubsch-interior.com\/fr\/produit\/lote-vase-rouge-pale\/#primaryimage","url":"https:\/\/hubsch-interior.com\/wp-content\/uploads\/2026\/02\/lote-vase-pink-21dacd7e6c78cbb79c9c2802bb332eec.jpg","contentUrl":"https:\/\/hubsch-interior.com\/wp-content\/uploads\/2026\/02\/lote-vase-pink-21dacd7e6c78cbb79c9c2802bb332eec.jpg","width":1024,"height":1024},{"@type":"BreadcrumbList","@id":"https:\/\/hubsch-interior.com\/fr\/produit\/lote-vase-rouge-pale\/#breadcrumb","itemListElement":[{"@type":"ListItem","position":1,"name":"Page d'accueil","item":"https:\/\/hubsch-interior.com\/fr\/"},{"@type":"ListItem","position":2,"name":"Produits","item":"https:\/\/hubsch-interior.com\/fr\/shop-2\/"},{"@type":"ListItem","position":3,"name":"Accessoires maison","item":"https:\/\/hubsch-interior.com\/fr\/categorie-produit\/accessoires-maison\/"},{"@type":"ListItem","position":4,"name":"Vases","item":"https:\/\/hubsch-interior.com\/fr\/categorie-produit\/accessoires-maison\/vases-fr\/"},{"@type":"ListItem","position":5,"name":"Lote Vase Rouge P\u00e2le"}]},{"@type":"WebSite","@id":"https:\/\/hubsch-interior.com\/fr\/#website","url":"https:\/\/hubsch-interior.com\/fr\/","name":"H\u00fcbsch","description":"Danish Home Interior and Design","publisher":{"@id":"https:\/\/hubsch-interior.com\/fr\/#organization"},"potentialAction":[{"@type":"SearchAction","target":{"@type":"EntryPoint","urlTemplate":"https:\/\/hubsch-interior.com\/fr\/?s={search_term_string}"},"query-input":{"@type":"PropertyValueSpecification","valueRequired":true,"valueName":"search_term_string"}}],"inLanguage":"fr-FR"},{"@type":"Organization","@id":"https:\/\/hubsch-interior.com\/fr\/#organization","name":"H\u00fcbsch","url":"https:\/\/hubsch-interior.com\/fr\/","logo":{"@type":"ImageObject","inLanguage":"fr-FR","@id":"https:\/\/hubsch-interior.com\/fr\/#\/schema\/logo\/image\/","url":"https:\/\/hubsch-interior.com\/wp-content\/uploads\/2022\/12\/Hubsch_logo_black_one_line.svg","contentUrl":"https:\/\/hubsch-interior.com\/wp-content\/uploads\/2022\/12\/Hubsch_logo_black_one_line.svg","caption":"H\u00fcbsch"},"image":{"@id":"https:\/\/hubsch-interior.com\/fr\/#\/schema\/logo\/image\/"}}]}},"_links":{"self":[{"href":"https:\/\/hubsch-interior.com\/fr\/wp-json\/wp\/v2\/product\/1089292","targetHints":{"allow":["GET"]}}],"collection":[{"href":"https:\/\/hubsch-interior.com\/fr\/wp-json\/wp\/v2\/product"}],"about":[{"href":"https:\/\/hubsch-interior.com\/fr\/wp-json\/wp\/v2\/types\/product"}],"wp:featuredmedia":[{"embeddable":true,"href":"https:\/\/hubsch-interior.com\/fr\/wp-json\/wp\/v2\/media\/1111684"}],"wp:attachment":[{"href":"https:\/\/hubsch-interior.com\/fr\/wp-json\/wp\/v2\/media?parent=1089292"}],"wp:term":[{"taxonomy":"product_brand","embeddable":true,"href":"https:\/\/hubsch-interior.com\/fr\/wp-json\/wp\/v2\/product_brand?post=1089292"},{"taxonomy":"product_cat","embeddable":true,"href":"https:\/\/hubsch-interior.com\/fr\/wp-json\/wp\/v2\/product_cat?post=1089292"},{"taxonomy":"product_tag","embeddable":true,"href":"https:\/\/hubsch-interior.com\/fr\/wp-json\/wp\/v2\/product_tag?post=1089292"}],"curies":[{"name":"wp","href":"https:\/\/api.w.org\/{rel}","templated":true}]}}