{"id":1089316,"date":"2026-01-31T05:27:01","date_gmt":"2026-01-31T04:27:01","guid":{"rendered":"https:\/\/hubsch-interior.com\/product\/product\/"},"modified":"2026-04-06T05:19:23","modified_gmt":"2026-04-06T03:19:23","slug":"layer-banc-naturel","status":"publish","type":"product","link":"https:\/\/hubsch-interior.com\/fr\/produit\/layer-banc-naturel\/","title":{"rendered":"Layer Banc Naturel"},"content":{"rendered":"<p>D\u00e9couvrez le Layer Banc \u2014 le compagnon id\u00e9al pour votre entr\u00e9e. Fabriqu\u00e9 en bois certifi\u00e9 FSC, ce banc apporte une pr\u00e9sence solide et un soup\u00e7on de charme naturel \u00e0 votre int\u00e9rieur. Surmont\u00e9 d&#8217;un coussin moelleux, il garantit une assise confortable pendant que vous lacez vos chaussures ou vous pr\u00e9parez \u00e0 sortir. Alliant design pratique et \u00e9l\u00e9gance discr\u00e8te, le Layer Banc transforme votre espace d&#8217;entr\u00e9e en un coin accueillant, \u00e9l\u00e9gant et fonctionnel qui soutient vos routines quotidiennes avec facilit\u00e9.<\/p>\n","protected":false},"excerpt":{"rendered":"<p>D\u00e9couvrez le Layer Banc \u2014 le compagnon id\u00e9al pour votre entr\u00e9e. Fabriqu\u00e9 en bois certifi\u00e9 FSC, ce banc apporte une pr\u00e9sence solide et un soup\u00e7on de charme naturel \u00e0 votre int\u00e9rieur. Surmont\u00e9 d&#8217;un coussin moelleux, il garantit une assise confortable pendant que vous lacez vos chaussures ou vous pr\u00e9parez \u00e0 sortir. Alliant design pratique et [&hellip;]<\/p>\n","protected":false},"featured_media":1111732,"template":"","meta":{"_acf_changed":false,"inline_featured_image":false},"product_brand":[],"product_cat":[7154,6322,2843,2877,5026,5046],"product_tag":[],"class_list":{"0":"post-1089316","1":"product","2":"type-product","3":"status-publish","4":"has-post-thumbnail","6":"product_cat-dweller-fr","7":"product_cat-fsc-fr","8":"product_cat-assises-fr","9":"product_cat-bancs-fr","10":"product_cat-bestsellers-fr","11":"product_cat-nouveautes-fr","12":"product_shipping_class-pk","14":"pa_color-naturel-2","15":"pa_material-acrylic-5-fr","16":"pa_material-mdf-fr","17":"pa_material-polyester-95-fr","18":"pa_material-bois-de-chne-2","19":"pa_material-placage-de-chne-2","21":"first","22":"instock","23":"featured","24":"taxable","25":"shipping-taxable","26":"purchasable","27":"product-type-simple"},"exclude_global_add_ons":[],"addons":[],"acf":[],"yoast_head":"<!-- This site is optimized with the Yoast SEO plugin v26.4 - https:\/\/yoast.com\/wordpress\/plugins\/seo\/ -->\n<title>Layer Banc Naturel - H\u00fcbsch<\/title>\n<meta name=\"description\" content=\"D\u00e9couvrez le Layer Banc \u2014 le compagnon id\u00e9al pour votre entr\u00e9e. Fabriqu\u00e9 en bois certifi\u00e9 FSC, ce banc apporte une pr\u00e9sence solide et un soup\u00e7on de charme\" \/>\n<meta name=\"robots\" content=\"index, follow, max-snippet:-1, max-image-preview:large, max-video-preview:-1\" \/>\n<link rel=\"canonical\" href=\"https:\/\/hubsch-interior.com\/fr\/wp-json\/wp\/v2\/product\/1089316\" \/>\n<meta property=\"og:locale\" content=\"fr_FR\" \/>\n<meta property=\"og:type\" content=\"article\" \/>\n<meta property=\"og:title\" content=\"Layer Banc Naturel - H\u00fcbsch\" \/>\n<meta property=\"og:description\" content=\"D\u00e9couvrez le Layer Banc \u2014 le compagnon id\u00e9al pour votre entr\u00e9e. Fabriqu\u00e9 en bois certifi\u00e9 FSC, ce banc apporte une pr\u00e9sence solide et un soup\u00e7on de charme\" \/>\n<meta property=\"og:url\" content=\"https:\/\/hubsch-interior.com\/fr\/produit\/layer-banc-naturel\/\" \/>\n<meta property=\"og:site_name\" content=\"H\u00fcbsch\" \/>\n<meta property=\"article:modified_time\" content=\"2026-04-06T03:19:23+00:00\" \/>\n<meta property=\"og:image\" content=\"https:\/\/hubsch-interior.com\/wp-content\/uploads\/2026\/01\/layer-bench-natural-72348984c8a2deb2b929f47262a0cc15.jpg\" \/>\n\t<meta property=\"og:image:width\" content=\"1200\" \/>\n\t<meta property=\"og:image:height\" content=\"1200\" \/>\n\t<meta property=\"og:image:type\" content=\"image\/jpeg\" \/>\n<meta name=\"twitter:card\" content=\"summary_large_image\" \/>\n<script type=\"application\/ld+json\" class=\"yoast-schema-graph\">{\"@context\":\"https:\/\/schema.org\",\"@graph\":[{\"@type\":\"WebPage\",\"@id\":\"https:\/\/hubsch-interior.com\/fr\/produit\/layer-banc-naturel\/\",\"url\":\"https:\/\/hubsch-interior.com\/fr\/produit\/layer-banc-naturel\/\",\"name\":\"Layer Banc Naturel - H\u00fcbsch\",\"isPartOf\":{\"@id\":\"https:\/\/hubsch-interior.com\/fr\/#website\"},\"primaryImageOfPage\":{\"@id\":\"https:\/\/hubsch-interior.com\/fr\/produit\/layer-banc-naturel\/#primaryimage\"},\"image\":{\"@id\":\"https:\/\/hubsch-interior.com\/fr\/produit\/layer-banc-naturel\/#primaryimage\"},\"thumbnailUrl\":\"https:\/\/hubsch-interior.com\/wp-content\/uploads\/2026\/02\/layer-bench-natural-fb1f37661cac871a72da138dc3c8bfd8.jpg\",\"datePublished\":\"2026-01-31T04:27:01+00:00\",\"dateModified\":\"2026-04-06T03:19:23+00:00\",\"description\":\"D\u00e9couvrez le Layer Banc \u2014 le compagnon id\u00e9al pour votre entr\u00e9e. Fabriqu\u00e9 en bois certifi\u00e9 FSC, ce banc apporte une pr\u00e9sence solide et un soup\u00e7on de charme\",\"breadcrumb\":{\"@id\":\"https:\/\/hubsch-interior.com\/fr\/produit\/layer-banc-naturel\/#breadcrumb\"},\"inLanguage\":\"fr-FR\",\"potentialAction\":[{\"@type\":\"ReadAction\",\"target\":[\"https:\/\/hubsch-interior.com\/fr\/produit\/layer-banc-naturel\/\"]}]},{\"@type\":\"ImageObject\",\"inLanguage\":\"fr-FR\",\"@id\":\"https:\/\/hubsch-interior.com\/fr\/produit\/layer-banc-naturel\/#primaryimage\",\"url\":\"https:\/\/hubsch-interior.com\/wp-content\/uploads\/2026\/02\/layer-bench-natural-fb1f37661cac871a72da138dc3c8bfd8.jpg\",\"contentUrl\":\"https:\/\/hubsch-interior.com\/wp-content\/uploads\/2026\/02\/layer-bench-natural-fb1f37661cac871a72da138dc3c8bfd8.jpg\",\"width\":1024,\"height\":1024},{\"@type\":\"BreadcrumbList\",\"@id\":\"https:\/\/hubsch-interior.com\/fr\/produit\/layer-banc-naturel\/#breadcrumb\",\"itemListElement\":[{\"@type\":\"ListItem\",\"position\":1,\"name\":\"Page d'accueil\",\"item\":\"https:\/\/hubsch-interior.com\/fr\/\"},{\"@type\":\"ListItem\",\"position\":2,\"name\":\"Produits\",\"item\":\"https:\/\/hubsch-interior.com\/fr\/shop-2\/\"},{\"@type\":\"ListItem\",\"position\":3,\"name\":\"Layer Banc Naturel\"}]},{\"@type\":\"WebSite\",\"@id\":\"https:\/\/hubsch-interior.com\/fr\/#website\",\"url\":\"https:\/\/hubsch-interior.com\/fr\/\",\"name\":\"H\u00fcbsch\",\"description\":\"Danish Home Interior and Design\",\"publisher\":{\"@id\":\"https:\/\/hubsch-interior.com\/fr\/#organization\"},\"potentialAction\":[{\"@type\":\"SearchAction\",\"target\":{\"@type\":\"EntryPoint\",\"urlTemplate\":\"https:\/\/hubsch-interior.com\/fr\/?s={search_term_string}\"},\"query-input\":{\"@type\":\"PropertyValueSpecification\",\"valueRequired\":true,\"valueName\":\"search_term_string\"}}],\"inLanguage\":\"fr-FR\"},{\"@type\":\"Organization\",\"@id\":\"https:\/\/hubsch-interior.com\/fr\/#organization\",\"name\":\"H\u00fcbsch\",\"url\":\"https:\/\/hubsch-interior.com\/fr\/\",\"logo\":{\"@type\":\"ImageObject\",\"inLanguage\":\"fr-FR\",\"@id\":\"https:\/\/hubsch-interior.com\/fr\/#\/schema\/logo\/image\/\",\"url\":\"https:\/\/hubsch-interior.com\/wp-content\/uploads\/2022\/12\/Hubsch_logo_black_one_line.svg\",\"contentUrl\":\"https:\/\/hubsch-interior.com\/wp-content\/uploads\/2022\/12\/Hubsch_logo_black_one_line.svg\",\"caption\":\"H\u00fcbsch\"},\"image\":{\"@id\":\"https:\/\/hubsch-interior.com\/fr\/#\/schema\/logo\/image\/\"}}]}<\/script>\n<!-- \/ Yoast SEO plugin. -->","yoast_head_json":{"title":"Layer Banc Naturel - H\u00fcbsch","description":"D\u00e9couvrez le Layer Banc \u2014 le compagnon id\u00e9al pour votre entr\u00e9e. Fabriqu\u00e9 en bois certifi\u00e9 FSC, ce banc apporte une pr\u00e9sence solide et un soup\u00e7on de charme","robots":{"index":"index","follow":"follow","max-snippet":"max-snippet:-1","max-image-preview":"max-image-preview:large","max-video-preview":"max-video-preview:-1"},"canonical":"https:\/\/hubsch-interior.com\/fr\/wp-json\/wp\/v2\/product\/1089316","og_locale":"fr_FR","og_type":"article","og_title":"Layer Banc Naturel - H\u00fcbsch","og_description":"D\u00e9couvrez le Layer Banc \u2014 le compagnon id\u00e9al pour votre entr\u00e9e. Fabriqu\u00e9 en bois certifi\u00e9 FSC, ce banc apporte une pr\u00e9sence solide et un soup\u00e7on de charme","og_url":"https:\/\/hubsch-interior.com\/fr\/produit\/layer-banc-naturel\/","og_site_name":"H\u00fcbsch","article_modified_time":"2026-04-06T03:19:23+00:00","og_image":[{"width":1200,"height":1200,"url":"https:\/\/hubsch-interior.com\/wp-content\/uploads\/2026\/01\/layer-bench-natural-72348984c8a2deb2b929f47262a0cc15.jpg","type":"image\/jpeg"}],"twitter_card":"summary_large_image","schema":{"@context":"https:\/\/schema.org","@graph":[{"@type":"WebPage","@id":"https:\/\/hubsch-interior.com\/fr\/produit\/layer-banc-naturel\/","url":"https:\/\/hubsch-interior.com\/fr\/produit\/layer-banc-naturel\/","name":"Layer Banc Naturel - H\u00fcbsch","isPartOf":{"@id":"https:\/\/hubsch-interior.com\/fr\/#website"},"primaryImageOfPage":{"@id":"https:\/\/hubsch-interior.com\/fr\/produit\/layer-banc-naturel\/#primaryimage"},"image":{"@id":"https:\/\/hubsch-interior.com\/fr\/produit\/layer-banc-naturel\/#primaryimage"},"thumbnailUrl":"https:\/\/hubsch-interior.com\/wp-content\/uploads\/2026\/02\/layer-bench-natural-fb1f37661cac871a72da138dc3c8bfd8.jpg","datePublished":"2026-01-31T04:27:01+00:00","dateModified":"2026-04-06T03:19:23+00:00","description":"D\u00e9couvrez le Layer Banc \u2014 le compagnon id\u00e9al pour votre entr\u00e9e. Fabriqu\u00e9 en bois certifi\u00e9 FSC, ce banc apporte une pr\u00e9sence solide et un soup\u00e7on de charme","breadcrumb":{"@id":"https:\/\/hubsch-interior.com\/fr\/produit\/layer-banc-naturel\/#breadcrumb"},"inLanguage":"fr-FR","potentialAction":[{"@type":"ReadAction","target":["https:\/\/hubsch-interior.com\/fr\/produit\/layer-banc-naturel\/"]}]},{"@type":"ImageObject","inLanguage":"fr-FR","@id":"https:\/\/hubsch-interior.com\/fr\/produit\/layer-banc-naturel\/#primaryimage","url":"https:\/\/hubsch-interior.com\/wp-content\/uploads\/2026\/02\/layer-bench-natural-fb1f37661cac871a72da138dc3c8bfd8.jpg","contentUrl":"https:\/\/hubsch-interior.com\/wp-content\/uploads\/2026\/02\/layer-bench-natural-fb1f37661cac871a72da138dc3c8bfd8.jpg","width":1024,"height":1024},{"@type":"BreadcrumbList","@id":"https:\/\/hubsch-interior.com\/fr\/produit\/layer-banc-naturel\/#breadcrumb","itemListElement":[{"@type":"ListItem","position":1,"name":"Page d'accueil","item":"https:\/\/hubsch-interior.com\/fr\/"},{"@type":"ListItem","position":2,"name":"Produits","item":"https:\/\/hubsch-interior.com\/fr\/shop-2\/"},{"@type":"ListItem","position":3,"name":"Layer Banc Naturel"}]},{"@type":"WebSite","@id":"https:\/\/hubsch-interior.com\/fr\/#website","url":"https:\/\/hubsch-interior.com\/fr\/","name":"H\u00fcbsch","description":"Danish Home Interior and Design","publisher":{"@id":"https:\/\/hubsch-interior.com\/fr\/#organization"},"potentialAction":[{"@type":"SearchAction","target":{"@type":"EntryPoint","urlTemplate":"https:\/\/hubsch-interior.com\/fr\/?s={search_term_string}"},"query-input":{"@type":"PropertyValueSpecification","valueRequired":true,"valueName":"search_term_string"}}],"inLanguage":"fr-FR"},{"@type":"Organization","@id":"https:\/\/hubsch-interior.com\/fr\/#organization","name":"H\u00fcbsch","url":"https:\/\/hubsch-interior.com\/fr\/","logo":{"@type":"ImageObject","inLanguage":"fr-FR","@id":"https:\/\/hubsch-interior.com\/fr\/#\/schema\/logo\/image\/","url":"https:\/\/hubsch-interior.com\/wp-content\/uploads\/2022\/12\/Hubsch_logo_black_one_line.svg","contentUrl":"https:\/\/hubsch-interior.com\/wp-content\/uploads\/2022\/12\/Hubsch_logo_black_one_line.svg","caption":"H\u00fcbsch"},"image":{"@id":"https:\/\/hubsch-interior.com\/fr\/#\/schema\/logo\/image\/"}}]}},"_links":{"self":[{"href":"https:\/\/hubsch-interior.com\/fr\/wp-json\/wp\/v2\/product\/1089316","targetHints":{"allow":["GET"]}}],"collection":[{"href":"https:\/\/hubsch-interior.com\/fr\/wp-json\/wp\/v2\/product"}],"about":[{"href":"https:\/\/hubsch-interior.com\/fr\/wp-json\/wp\/v2\/types\/product"}],"wp:featuredmedia":[{"embeddable":true,"href":"https:\/\/hubsch-interior.com\/fr\/wp-json\/wp\/v2\/media\/1111732"}],"wp:attachment":[{"href":"https:\/\/hubsch-interior.com\/fr\/wp-json\/wp\/v2\/media?parent=1089316"}],"wp:term":[{"taxonomy":"product_brand","embeddable":true,"href":"https:\/\/hubsch-interior.com\/fr\/wp-json\/wp\/v2\/product_brand?post=1089316"},{"taxonomy":"product_cat","embeddable":true,"href":"https:\/\/hubsch-interior.com\/fr\/wp-json\/wp\/v2\/product_cat?post=1089316"},{"taxonomy":"product_tag","embeddable":true,"href":"https:\/\/hubsch-interior.com\/fr\/wp-json\/wp\/v2\/product_tag?post=1089316"}],"curies":[{"name":"wp","href":"https:\/\/api.w.org\/{rel}","templated":true}]}}