{"id":1089340,"date":"2026-01-31T05:27:14","date_gmt":"2026-01-31T04:27:14","guid":{"rendered":"https:\/\/hubsch-interior.com\/product\/product\/"},"modified":"2026-04-05T05:25:43","modified_gmt":"2026-04-05T03:25:43","slug":"confetti-table-d-multicolore","status":"publish","type":"product","link":"https:\/\/hubsch-interior.com\/fr\/produit\/confetti-table-d-multicolore\/","title":{"rendered":"Confetti Table d \u00a0Multicolor\u00e9"},"content":{"rendered":"<p>Table d&#8217;Appoint Confetti \u2014 une c\u00e9l\u00e9bration joyeuse de la couleur et du design ludique. Fabriqu\u00e9e \u00e0 partir de bois certifi\u00e9 FSC avec un placage technique, cette pi\u00e8ce vivante apporte l&#8217;esprit des confettis multicolores directement dans votre espace de vie. Son motif \u00e9blouissant devient instantan\u00e9ment le centre d&#8217;attention, tandis que sa taille pratique permet de la placer facilement l\u00e0 o\u00f9 vous avez besoin d&#8217;une touche de gaiet\u00e9. Transformez votre maison avec une table d&#8217;appoint qui allie charme fonctionnel et art vibratoire, faisant de chaque jour une f\u00eate.<\/p>\n","protected":false},"excerpt":{"rendered":"<p>Table d&#8217;Appoint Confetti \u2014 une c\u00e9l\u00e9bration joyeuse de la couleur et du design ludique. Fabriqu\u00e9e \u00e0 partir de bois certifi\u00e9 FSC avec un placage technique, cette pi\u00e8ce vivante apporte l&#8217;esprit des confettis multicolores directement dans votre espace de vie. Son motif \u00e9blouissant devient instantan\u00e9ment le centre d&#8217;attention, tandis que sa taille pratique permet de la [&hellip;]<\/p>\n","protected":false},"featured_media":1111752,"template":"","meta":{"_acf_changed":false,"inline_featured_image":false},"product_brand":[],"product_cat":[7154,2859,4027,5046],"product_tag":[],"class_list":{"0":"post-1089340","1":"product","2":"type-product","3":"status-publish","4":"has-post-thumbnail","6":"product_cat-dweller-fr","7":"product_cat-tables-fr","8":"product_cat-tables-dappoint-fr","9":"product_cat-nouveautes-fr","10":"product_shipping_class-pk","12":"pa_color-multicolor-2","13":"pa_material-mdf-fr","14":"pa_material-bois-de-chne-2","15":"pa_material-placage-de-chne-2","17":"first","18":"instock","19":"taxable","20":"shipping-taxable","21":"purchasable","22":"product-type-simple"},"exclude_global_add_ons":[],"addons":[],"acf":[],"yoast_head":"<!-- This site is optimized with the Yoast SEO plugin v26.4 - https:\/\/yoast.com\/wordpress\/plugins\/seo\/ -->\n<title>Confetti Table d \u00a0Multicolor\u00e9 - H\u00fcbsch<\/title>\n<meta name=\"description\" content=\"Table d&#039;Appoint Confetti \u2014 une c\u00e9l\u00e9bration joyeuse de la couleur et du design ludique. Fabriqu\u00e9e \u00e0 partir de bois certifi\u00e9 FSC avec un placage technique,\" \/>\n<meta name=\"robots\" content=\"index, follow, max-snippet:-1, max-image-preview:large, max-video-preview:-1\" \/>\n<link rel=\"canonical\" href=\"https:\/\/hubsch-interior.com\/fr\/wp-json\/wp\/v2\/product\/1089340\" \/>\n<meta property=\"og:locale\" content=\"fr_FR\" \/>\n<meta property=\"og:type\" content=\"article\" \/>\n<meta property=\"og:title\" content=\"Confetti Table d \u00a0Multicolor\u00e9 - H\u00fcbsch\" \/>\n<meta property=\"og:description\" content=\"Table d&#039;Appoint Confetti \u2014 une c\u00e9l\u00e9bration joyeuse de la couleur et du design ludique. Fabriqu\u00e9e \u00e0 partir de bois certifi\u00e9 FSC avec un placage technique,\" \/>\n<meta property=\"og:url\" content=\"https:\/\/hubsch-interior.com\/fr\/produit\/confetti-table-d-multicolore\/\" \/>\n<meta property=\"og:site_name\" content=\"H\u00fcbsch\" \/>\n<meta property=\"article:modified_time\" content=\"2026-04-05T03:25:43+00:00\" \/>\n<meta property=\"og:image\" content=\"https:\/\/hubsch-interior.com\/wp-content\/uploads\/2026\/01\/confetti-side-table-multicolour-2d10015ab73ef82fe418b2f5e1c391d2.jpg\" \/>\n\t<meta property=\"og:image:width\" content=\"1200\" \/>\n\t<meta property=\"og:image:height\" content=\"1200\" \/>\n\t<meta property=\"og:image:type\" content=\"image\/jpeg\" \/>\n<meta name=\"twitter:card\" content=\"summary_large_image\" \/>\n<script type=\"application\/ld+json\" class=\"yoast-schema-graph\">{\"@context\":\"https:\/\/schema.org\",\"@graph\":[{\"@type\":\"WebPage\",\"@id\":\"https:\/\/hubsch-interior.com\/fr\/produit\/confetti-table-d-multicolore\/\",\"url\":\"https:\/\/hubsch-interior.com\/fr\/produit\/confetti-table-d-multicolore\/\",\"name\":\"Confetti Table d \u00a0Multicolor\u00e9 - H\u00fcbsch\",\"isPartOf\":{\"@id\":\"https:\/\/hubsch-interior.com\/fr\/#website\"},\"primaryImageOfPage\":{\"@id\":\"https:\/\/hubsch-interior.com\/fr\/produit\/confetti-table-d-multicolore\/#primaryimage\"},\"image\":{\"@id\":\"https:\/\/hubsch-interior.com\/fr\/produit\/confetti-table-d-multicolore\/#primaryimage\"},\"thumbnailUrl\":\"https:\/\/hubsch-interior.com\/wp-content\/uploads\/2026\/02\/confetti-side-table-multicolour-98f186327f72f9b6d8f27e2400e7b82e.jpg\",\"datePublished\":\"2026-01-31T04:27:14+00:00\",\"dateModified\":\"2026-04-05T03:25:43+00:00\",\"description\":\"Table d'Appoint Confetti \u2014 une c\u00e9l\u00e9bration joyeuse de la couleur et du design ludique. Fabriqu\u00e9e \u00e0 partir de bois certifi\u00e9 FSC avec un placage technique,\",\"breadcrumb\":{\"@id\":\"https:\/\/hubsch-interior.com\/fr\/produit\/confetti-table-d-multicolore\/#breadcrumb\"},\"inLanguage\":\"fr-FR\",\"potentialAction\":[{\"@type\":\"ReadAction\",\"target\":[\"https:\/\/hubsch-interior.com\/fr\/produit\/confetti-table-d-multicolore\/\"]}]},{\"@type\":\"ImageObject\",\"inLanguage\":\"fr-FR\",\"@id\":\"https:\/\/hubsch-interior.com\/fr\/produit\/confetti-table-d-multicolore\/#primaryimage\",\"url\":\"https:\/\/hubsch-interior.com\/wp-content\/uploads\/2026\/02\/confetti-side-table-multicolour-98f186327f72f9b6d8f27e2400e7b82e.jpg\",\"contentUrl\":\"https:\/\/hubsch-interior.com\/wp-content\/uploads\/2026\/02\/confetti-side-table-multicolour-98f186327f72f9b6d8f27e2400e7b82e.jpg\",\"width\":1024,\"height\":1024},{\"@type\":\"BreadcrumbList\",\"@id\":\"https:\/\/hubsch-interior.com\/fr\/produit\/confetti-table-d-multicolore\/#breadcrumb\",\"itemListElement\":[{\"@type\":\"ListItem\",\"position\":1,\"name\":\"Page d'accueil\",\"item\":\"https:\/\/hubsch-interior.com\/fr\/\"},{\"@type\":\"ListItem\",\"position\":2,\"name\":\"Produits\",\"item\":\"https:\/\/hubsch-interior.com\/fr\/shop-2\/\"},{\"@type\":\"ListItem\",\"position\":3,\"name\":\"Confetti Table d \u00a0Multicolor\u00e9\"}]},{\"@type\":\"WebSite\",\"@id\":\"https:\/\/hubsch-interior.com\/fr\/#website\",\"url\":\"https:\/\/hubsch-interior.com\/fr\/\",\"name\":\"H\u00fcbsch\",\"description\":\"Danish Home Interior and Design\",\"publisher\":{\"@id\":\"https:\/\/hubsch-interior.com\/fr\/#organization\"},\"potentialAction\":[{\"@type\":\"SearchAction\",\"target\":{\"@type\":\"EntryPoint\",\"urlTemplate\":\"https:\/\/hubsch-interior.com\/fr\/?s={search_term_string}\"},\"query-input\":{\"@type\":\"PropertyValueSpecification\",\"valueRequired\":true,\"valueName\":\"search_term_string\"}}],\"inLanguage\":\"fr-FR\"},{\"@type\":\"Organization\",\"@id\":\"https:\/\/hubsch-interior.com\/fr\/#organization\",\"name\":\"H\u00fcbsch\",\"url\":\"https:\/\/hubsch-interior.com\/fr\/\",\"logo\":{\"@type\":\"ImageObject\",\"inLanguage\":\"fr-FR\",\"@id\":\"https:\/\/hubsch-interior.com\/fr\/#\/schema\/logo\/image\/\",\"url\":\"https:\/\/hubsch-interior.com\/wp-content\/uploads\/2022\/12\/Hubsch_logo_black_one_line.svg\",\"contentUrl\":\"https:\/\/hubsch-interior.com\/wp-content\/uploads\/2022\/12\/Hubsch_logo_black_one_line.svg\",\"caption\":\"H\u00fcbsch\"},\"image\":{\"@id\":\"https:\/\/hubsch-interior.com\/fr\/#\/schema\/logo\/image\/\"}}]}<\/script>\n<!-- \/ Yoast SEO plugin. -->","yoast_head_json":{"title":"Confetti Table d \u00a0Multicolor\u00e9 - H\u00fcbsch","description":"Table d'Appoint Confetti \u2014 une c\u00e9l\u00e9bration joyeuse de la couleur et du design ludique. Fabriqu\u00e9e \u00e0 partir de bois certifi\u00e9 FSC avec un placage technique,","robots":{"index":"index","follow":"follow","max-snippet":"max-snippet:-1","max-image-preview":"max-image-preview:large","max-video-preview":"max-video-preview:-1"},"canonical":"https:\/\/hubsch-interior.com\/fr\/wp-json\/wp\/v2\/product\/1089340","og_locale":"fr_FR","og_type":"article","og_title":"Confetti Table d \u00a0Multicolor\u00e9 - H\u00fcbsch","og_description":"Table d'Appoint Confetti \u2014 une c\u00e9l\u00e9bration joyeuse de la couleur et du design ludique. Fabriqu\u00e9e \u00e0 partir de bois certifi\u00e9 FSC avec un placage technique,","og_url":"https:\/\/hubsch-interior.com\/fr\/produit\/confetti-table-d-multicolore\/","og_site_name":"H\u00fcbsch","article_modified_time":"2026-04-05T03:25:43+00:00","og_image":[{"width":1200,"height":1200,"url":"https:\/\/hubsch-interior.com\/wp-content\/uploads\/2026\/01\/confetti-side-table-multicolour-2d10015ab73ef82fe418b2f5e1c391d2.jpg","type":"image\/jpeg"}],"twitter_card":"summary_large_image","schema":{"@context":"https:\/\/schema.org","@graph":[{"@type":"WebPage","@id":"https:\/\/hubsch-interior.com\/fr\/produit\/confetti-table-d-multicolore\/","url":"https:\/\/hubsch-interior.com\/fr\/produit\/confetti-table-d-multicolore\/","name":"Confetti Table d \u00a0Multicolor\u00e9 - H\u00fcbsch","isPartOf":{"@id":"https:\/\/hubsch-interior.com\/fr\/#website"},"primaryImageOfPage":{"@id":"https:\/\/hubsch-interior.com\/fr\/produit\/confetti-table-d-multicolore\/#primaryimage"},"image":{"@id":"https:\/\/hubsch-interior.com\/fr\/produit\/confetti-table-d-multicolore\/#primaryimage"},"thumbnailUrl":"https:\/\/hubsch-interior.com\/wp-content\/uploads\/2026\/02\/confetti-side-table-multicolour-98f186327f72f9b6d8f27e2400e7b82e.jpg","datePublished":"2026-01-31T04:27:14+00:00","dateModified":"2026-04-05T03:25:43+00:00","description":"Table d'Appoint Confetti \u2014 une c\u00e9l\u00e9bration joyeuse de la couleur et du design ludique. Fabriqu\u00e9e \u00e0 partir de bois certifi\u00e9 FSC avec un placage technique,","breadcrumb":{"@id":"https:\/\/hubsch-interior.com\/fr\/produit\/confetti-table-d-multicolore\/#breadcrumb"},"inLanguage":"fr-FR","potentialAction":[{"@type":"ReadAction","target":["https:\/\/hubsch-interior.com\/fr\/produit\/confetti-table-d-multicolore\/"]}]},{"@type":"ImageObject","inLanguage":"fr-FR","@id":"https:\/\/hubsch-interior.com\/fr\/produit\/confetti-table-d-multicolore\/#primaryimage","url":"https:\/\/hubsch-interior.com\/wp-content\/uploads\/2026\/02\/confetti-side-table-multicolour-98f186327f72f9b6d8f27e2400e7b82e.jpg","contentUrl":"https:\/\/hubsch-interior.com\/wp-content\/uploads\/2026\/02\/confetti-side-table-multicolour-98f186327f72f9b6d8f27e2400e7b82e.jpg","width":1024,"height":1024},{"@type":"BreadcrumbList","@id":"https:\/\/hubsch-interior.com\/fr\/produit\/confetti-table-d-multicolore\/#breadcrumb","itemListElement":[{"@type":"ListItem","position":1,"name":"Page d'accueil","item":"https:\/\/hubsch-interior.com\/fr\/"},{"@type":"ListItem","position":2,"name":"Produits","item":"https:\/\/hubsch-interior.com\/fr\/shop-2\/"},{"@type":"ListItem","position":3,"name":"Confetti Table d \u00a0Multicolor\u00e9"}]},{"@type":"WebSite","@id":"https:\/\/hubsch-interior.com\/fr\/#website","url":"https:\/\/hubsch-interior.com\/fr\/","name":"H\u00fcbsch","description":"Danish Home Interior and Design","publisher":{"@id":"https:\/\/hubsch-interior.com\/fr\/#organization"},"potentialAction":[{"@type":"SearchAction","target":{"@type":"EntryPoint","urlTemplate":"https:\/\/hubsch-interior.com\/fr\/?s={search_term_string}"},"query-input":{"@type":"PropertyValueSpecification","valueRequired":true,"valueName":"search_term_string"}}],"inLanguage":"fr-FR"},{"@type":"Organization","@id":"https:\/\/hubsch-interior.com\/fr\/#organization","name":"H\u00fcbsch","url":"https:\/\/hubsch-interior.com\/fr\/","logo":{"@type":"ImageObject","inLanguage":"fr-FR","@id":"https:\/\/hubsch-interior.com\/fr\/#\/schema\/logo\/image\/","url":"https:\/\/hubsch-interior.com\/wp-content\/uploads\/2022\/12\/Hubsch_logo_black_one_line.svg","contentUrl":"https:\/\/hubsch-interior.com\/wp-content\/uploads\/2022\/12\/Hubsch_logo_black_one_line.svg","caption":"H\u00fcbsch"},"image":{"@id":"https:\/\/hubsch-interior.com\/fr\/#\/schema\/logo\/image\/"}}]}},"_links":{"self":[{"href":"https:\/\/hubsch-interior.com\/fr\/wp-json\/wp\/v2\/product\/1089340","targetHints":{"allow":["GET"]}}],"collection":[{"href":"https:\/\/hubsch-interior.com\/fr\/wp-json\/wp\/v2\/product"}],"about":[{"href":"https:\/\/hubsch-interior.com\/fr\/wp-json\/wp\/v2\/types\/product"}],"wp:featuredmedia":[{"embeddable":true,"href":"https:\/\/hubsch-interior.com\/fr\/wp-json\/wp\/v2\/media\/1111752"}],"wp:attachment":[{"href":"https:\/\/hubsch-interior.com\/fr\/wp-json\/wp\/v2\/media?parent=1089340"}],"wp:term":[{"taxonomy":"product_brand","embeddable":true,"href":"https:\/\/hubsch-interior.com\/fr\/wp-json\/wp\/v2\/product_brand?post=1089340"},{"taxonomy":"product_cat","embeddable":true,"href":"https:\/\/hubsch-interior.com\/fr\/wp-json\/wp\/v2\/product_cat?post=1089340"},{"taxonomy":"product_tag","embeddable":true,"href":"https:\/\/hubsch-interior.com\/fr\/wp-json\/wp\/v2\/product_tag?post=1089340"}],"curies":[{"name":"wp","href":"https:\/\/api.w.org\/{rel}","templated":true}]}}