{"id":1089368,"date":"2026-01-31T05:27:28","date_gmt":"2026-01-31T04:27:28","guid":{"rendered":"https:\/\/hubsch-interior.com\/product\/product\/"},"modified":"2026-04-05T05:25:46","modified_gmt":"2026-04-05T03:25:46","slug":"area-fauteuil-lounge-bleu-petrole","status":"publish","type":"product","link":"https:\/\/hubsch-interior.com\/fr\/produit\/area-fauteuil-lounge-bleu-petrole\/","title":{"rendered":"Area Fauteuil lounge Bleu p\u00e9trole"},"content":{"rendered":"<p>Le Fauteuil lounge Area offre un confort exquis, \u00e9l\u00e9gamment rev\u00eatu de beaux textiles couleur p\u00e9trole. Dot\u00e9 d&#8217;un dossier haut et de bords doucement arrondis, ce mod\u00e8le phare apporte une touche d&#8217;\u00e9l\u00e9gance styl\u00e9e ainsi qu&#8217;une sensation de s\u00e9curit\u00e9 semblable \u00e0 celle d&#8217;un cocon. Parfait pour ces moments pr\u00e9cieux de d\u00e9tente, il vous invite \u00e0 vous envelopper de confort et \u00e0 profiter d&#8217;un m\u00e9rit\u00e9 moment pour vous. Sa silhouette arrondie ajoute une touche de sophistication moderne \u00e0 tout espace, facilitant ainsi le rel\u00e2chement avec style.<\/p>\n","protected":false},"excerpt":{"rendered":"<p>Le Fauteuil lounge Area offre un confort exquis, \u00e9l\u00e9gamment rev\u00eatu de beaux textiles couleur p\u00e9trole. Dot\u00e9 d&#8217;un dossier haut et de bords doucement arrondis, ce mod\u00e8le phare apporte une touche d&#8217;\u00e9l\u00e9gance styl\u00e9e ainsi qu&#8217;une sensation de s\u00e9curit\u00e9 semblable \u00e0 celle d&#8217;un cocon. Parfait pour ces moments pr\u00e9cieux de d\u00e9tente, il vous invite \u00e0 vous envelopper [&hellip;]<\/p>\n","protected":false},"featured_media":1111772,"template":"","meta":{"_acf_changed":false,"inline_featured_image":false},"product_brand":[],"product_cat":[7154,2843,3023,5046],"product_tag":[],"class_list":{"0":"post-1089368","1":"product","2":"type-product","3":"status-publish","4":"has-post-thumbnail","6":"product_cat-dweller-fr","7":"product_cat-assises-fr","8":"product_cat-fauteuils-lounge-fr","9":"product_cat-nouveautes-fr","10":"product_shipping_class-p10","12":"pa_color-bleu-ptrole","13":"pa_material-polyester-80-fr","15":"first","16":"instock","17":"taxable","18":"shipping-taxable","19":"purchasable","20":"product-type-simple"},"exclude_global_add_ons":[],"addons":[],"acf":[],"yoast_head":"<!-- This site is optimized with the Yoast SEO plugin v26.4 - https:\/\/yoast.com\/wordpress\/plugins\/seo\/ -->\n<title>Area Fauteuil lounge Bleu p\u00e9trole - H\u00fcbsch<\/title>\n<meta name=\"description\" content=\"Le Fauteuil lounge Area offre un confort exquis, \u00e9l\u00e9gamment rev\u00eatu de beaux textiles couleur p\u00e9trole. Dot\u00e9 d&#039;un dossier haut et de bords doucement\" \/>\n<meta name=\"robots\" content=\"index, follow, max-snippet:-1, max-image-preview:large, max-video-preview:-1\" \/>\n<link rel=\"canonical\" href=\"https:\/\/hubsch-interior.com\/fr\/wp-json\/wp\/v2\/product\/1089368\" \/>\n<meta property=\"og:locale\" content=\"fr_FR\" \/>\n<meta property=\"og:type\" content=\"article\" \/>\n<meta property=\"og:title\" content=\"Area Fauteuil lounge Bleu p\u00e9trole - H\u00fcbsch\" \/>\n<meta property=\"og:description\" content=\"Le Fauteuil lounge Area offre un confort exquis, \u00e9l\u00e9gamment rev\u00eatu de beaux textiles couleur p\u00e9trole. Dot\u00e9 d&#039;un dossier haut et de bords doucement\" \/>\n<meta property=\"og:url\" content=\"https:\/\/hubsch-interior.com\/fr\/produit\/area-fauteuil-lounge-bleu-petrole\/\" \/>\n<meta property=\"og:site_name\" content=\"H\u00fcbsch\" \/>\n<meta property=\"article:modified_time\" content=\"2026-04-05T03:25:46+00:00\" \/>\n<meta property=\"og:image\" content=\"https:\/\/hubsch-interior.com\/wp-content\/uploads\/2026\/01\/area-lounge-chair-petrol-19d8044ef7f5776d281767b9890027c0.jpg\" \/>\n\t<meta property=\"og:image:width\" content=\"1200\" \/>\n\t<meta property=\"og:image:height\" content=\"1200\" \/>\n\t<meta property=\"og:image:type\" content=\"image\/jpeg\" \/>\n<meta name=\"twitter:card\" content=\"summary_large_image\" \/>\n<script type=\"application\/ld+json\" class=\"yoast-schema-graph\">{\"@context\":\"https:\/\/schema.org\",\"@graph\":[{\"@type\":\"WebPage\",\"@id\":\"https:\/\/hubsch-interior.com\/fr\/produit\/area-fauteuil-lounge-bleu-petrole\/\",\"url\":\"https:\/\/hubsch-interior.com\/fr\/produit\/area-fauteuil-lounge-bleu-petrole\/\",\"name\":\"Area Fauteuil lounge Bleu p\u00e9trole - H\u00fcbsch\",\"isPartOf\":{\"@id\":\"https:\/\/hubsch-interior.com\/fr\/#website\"},\"primaryImageOfPage\":{\"@id\":\"https:\/\/hubsch-interior.com\/fr\/produit\/area-fauteuil-lounge-bleu-petrole\/#primaryimage\"},\"image\":{\"@id\":\"https:\/\/hubsch-interior.com\/fr\/produit\/area-fauteuil-lounge-bleu-petrole\/#primaryimage\"},\"thumbnailUrl\":\"https:\/\/hubsch-interior.com\/wp-content\/uploads\/2026\/02\/area-lounge-chair-petrol-184f2aefd6335c5620dddcef405df8af.jpg\",\"datePublished\":\"2026-01-31T04:27:28+00:00\",\"dateModified\":\"2026-04-05T03:25:46+00:00\",\"description\":\"Le Fauteuil lounge Area offre un confort exquis, \u00e9l\u00e9gamment rev\u00eatu de beaux textiles couleur p\u00e9trole. Dot\u00e9 d'un dossier haut et de bords doucement\",\"breadcrumb\":{\"@id\":\"https:\/\/hubsch-interior.com\/fr\/produit\/area-fauteuil-lounge-bleu-petrole\/#breadcrumb\"},\"inLanguage\":\"fr-FR\",\"potentialAction\":[{\"@type\":\"ReadAction\",\"target\":[\"https:\/\/hubsch-interior.com\/fr\/produit\/area-fauteuil-lounge-bleu-petrole\/\"]}]},{\"@type\":\"ImageObject\",\"inLanguage\":\"fr-FR\",\"@id\":\"https:\/\/hubsch-interior.com\/fr\/produit\/area-fauteuil-lounge-bleu-petrole\/#primaryimage\",\"url\":\"https:\/\/hubsch-interior.com\/wp-content\/uploads\/2026\/02\/area-lounge-chair-petrol-184f2aefd6335c5620dddcef405df8af.jpg\",\"contentUrl\":\"https:\/\/hubsch-interior.com\/wp-content\/uploads\/2026\/02\/area-lounge-chair-petrol-184f2aefd6335c5620dddcef405df8af.jpg\",\"width\":1024,\"height\":1024},{\"@type\":\"BreadcrumbList\",\"@id\":\"https:\/\/hubsch-interior.com\/fr\/produit\/area-fauteuil-lounge-bleu-petrole\/#breadcrumb\",\"itemListElement\":[{\"@type\":\"ListItem\",\"position\":1,\"name\":\"Page d'accueil\",\"item\":\"https:\/\/hubsch-interior.com\/fr\/\"},{\"@type\":\"ListItem\",\"position\":2,\"name\":\"Produits\",\"item\":\"https:\/\/hubsch-interior.com\/fr\/shop-2\/\"},{\"@type\":\"ListItem\",\"position\":3,\"name\":\"Area Fauteuil lounge Bleu p\u00e9trole\"}]},{\"@type\":\"WebSite\",\"@id\":\"https:\/\/hubsch-interior.com\/fr\/#website\",\"url\":\"https:\/\/hubsch-interior.com\/fr\/\",\"name\":\"H\u00fcbsch\",\"description\":\"Danish Home Interior and Design\",\"publisher\":{\"@id\":\"https:\/\/hubsch-interior.com\/fr\/#organization\"},\"potentialAction\":[{\"@type\":\"SearchAction\",\"target\":{\"@type\":\"EntryPoint\",\"urlTemplate\":\"https:\/\/hubsch-interior.com\/fr\/?s={search_term_string}\"},\"query-input\":{\"@type\":\"PropertyValueSpecification\",\"valueRequired\":true,\"valueName\":\"search_term_string\"}}],\"inLanguage\":\"fr-FR\"},{\"@type\":\"Organization\",\"@id\":\"https:\/\/hubsch-interior.com\/fr\/#organization\",\"name\":\"H\u00fcbsch\",\"url\":\"https:\/\/hubsch-interior.com\/fr\/\",\"logo\":{\"@type\":\"ImageObject\",\"inLanguage\":\"fr-FR\",\"@id\":\"https:\/\/hubsch-interior.com\/fr\/#\/schema\/logo\/image\/\",\"url\":\"https:\/\/hubsch-interior.com\/wp-content\/uploads\/2022\/12\/Hubsch_logo_black_one_line.svg\",\"contentUrl\":\"https:\/\/hubsch-interior.com\/wp-content\/uploads\/2022\/12\/Hubsch_logo_black_one_line.svg\",\"caption\":\"H\u00fcbsch\"},\"image\":{\"@id\":\"https:\/\/hubsch-interior.com\/fr\/#\/schema\/logo\/image\/\"}}]}<\/script>\n<!-- \/ Yoast SEO plugin. -->","yoast_head_json":{"title":"Area Fauteuil lounge Bleu p\u00e9trole - H\u00fcbsch","description":"Le Fauteuil lounge Area offre un confort exquis, \u00e9l\u00e9gamment rev\u00eatu de beaux textiles couleur p\u00e9trole. Dot\u00e9 d'un dossier haut et de bords doucement","robots":{"index":"index","follow":"follow","max-snippet":"max-snippet:-1","max-image-preview":"max-image-preview:large","max-video-preview":"max-video-preview:-1"},"canonical":"https:\/\/hubsch-interior.com\/fr\/wp-json\/wp\/v2\/product\/1089368","og_locale":"fr_FR","og_type":"article","og_title":"Area Fauteuil lounge Bleu p\u00e9trole - H\u00fcbsch","og_description":"Le Fauteuil lounge Area offre un confort exquis, \u00e9l\u00e9gamment rev\u00eatu de beaux textiles couleur p\u00e9trole. Dot\u00e9 d'un dossier haut et de bords doucement","og_url":"https:\/\/hubsch-interior.com\/fr\/produit\/area-fauteuil-lounge-bleu-petrole\/","og_site_name":"H\u00fcbsch","article_modified_time":"2026-04-05T03:25:46+00:00","og_image":[{"width":1200,"height":1200,"url":"https:\/\/hubsch-interior.com\/wp-content\/uploads\/2026\/01\/area-lounge-chair-petrol-19d8044ef7f5776d281767b9890027c0.jpg","type":"image\/jpeg"}],"twitter_card":"summary_large_image","schema":{"@context":"https:\/\/schema.org","@graph":[{"@type":"WebPage","@id":"https:\/\/hubsch-interior.com\/fr\/produit\/area-fauteuil-lounge-bleu-petrole\/","url":"https:\/\/hubsch-interior.com\/fr\/produit\/area-fauteuil-lounge-bleu-petrole\/","name":"Area Fauteuil lounge Bleu p\u00e9trole - H\u00fcbsch","isPartOf":{"@id":"https:\/\/hubsch-interior.com\/fr\/#website"},"primaryImageOfPage":{"@id":"https:\/\/hubsch-interior.com\/fr\/produit\/area-fauteuil-lounge-bleu-petrole\/#primaryimage"},"image":{"@id":"https:\/\/hubsch-interior.com\/fr\/produit\/area-fauteuil-lounge-bleu-petrole\/#primaryimage"},"thumbnailUrl":"https:\/\/hubsch-interior.com\/wp-content\/uploads\/2026\/02\/area-lounge-chair-petrol-184f2aefd6335c5620dddcef405df8af.jpg","datePublished":"2026-01-31T04:27:28+00:00","dateModified":"2026-04-05T03:25:46+00:00","description":"Le Fauteuil lounge Area offre un confort exquis, \u00e9l\u00e9gamment rev\u00eatu de beaux textiles couleur p\u00e9trole. Dot\u00e9 d'un dossier haut et de bords doucement","breadcrumb":{"@id":"https:\/\/hubsch-interior.com\/fr\/produit\/area-fauteuil-lounge-bleu-petrole\/#breadcrumb"},"inLanguage":"fr-FR","potentialAction":[{"@type":"ReadAction","target":["https:\/\/hubsch-interior.com\/fr\/produit\/area-fauteuil-lounge-bleu-petrole\/"]}]},{"@type":"ImageObject","inLanguage":"fr-FR","@id":"https:\/\/hubsch-interior.com\/fr\/produit\/area-fauteuil-lounge-bleu-petrole\/#primaryimage","url":"https:\/\/hubsch-interior.com\/wp-content\/uploads\/2026\/02\/area-lounge-chair-petrol-184f2aefd6335c5620dddcef405df8af.jpg","contentUrl":"https:\/\/hubsch-interior.com\/wp-content\/uploads\/2026\/02\/area-lounge-chair-petrol-184f2aefd6335c5620dddcef405df8af.jpg","width":1024,"height":1024},{"@type":"BreadcrumbList","@id":"https:\/\/hubsch-interior.com\/fr\/produit\/area-fauteuil-lounge-bleu-petrole\/#breadcrumb","itemListElement":[{"@type":"ListItem","position":1,"name":"Page d'accueil","item":"https:\/\/hubsch-interior.com\/fr\/"},{"@type":"ListItem","position":2,"name":"Produits","item":"https:\/\/hubsch-interior.com\/fr\/shop-2\/"},{"@type":"ListItem","position":3,"name":"Area Fauteuil lounge Bleu p\u00e9trole"}]},{"@type":"WebSite","@id":"https:\/\/hubsch-interior.com\/fr\/#website","url":"https:\/\/hubsch-interior.com\/fr\/","name":"H\u00fcbsch","description":"Danish Home Interior and Design","publisher":{"@id":"https:\/\/hubsch-interior.com\/fr\/#organization"},"potentialAction":[{"@type":"SearchAction","target":{"@type":"EntryPoint","urlTemplate":"https:\/\/hubsch-interior.com\/fr\/?s={search_term_string}"},"query-input":{"@type":"PropertyValueSpecification","valueRequired":true,"valueName":"search_term_string"}}],"inLanguage":"fr-FR"},{"@type":"Organization","@id":"https:\/\/hubsch-interior.com\/fr\/#organization","name":"H\u00fcbsch","url":"https:\/\/hubsch-interior.com\/fr\/","logo":{"@type":"ImageObject","inLanguage":"fr-FR","@id":"https:\/\/hubsch-interior.com\/fr\/#\/schema\/logo\/image\/","url":"https:\/\/hubsch-interior.com\/wp-content\/uploads\/2022\/12\/Hubsch_logo_black_one_line.svg","contentUrl":"https:\/\/hubsch-interior.com\/wp-content\/uploads\/2022\/12\/Hubsch_logo_black_one_line.svg","caption":"H\u00fcbsch"},"image":{"@id":"https:\/\/hubsch-interior.com\/fr\/#\/schema\/logo\/image\/"}}]}},"_links":{"self":[{"href":"https:\/\/hubsch-interior.com\/fr\/wp-json\/wp\/v2\/product\/1089368","targetHints":{"allow":["GET"]}}],"collection":[{"href":"https:\/\/hubsch-interior.com\/fr\/wp-json\/wp\/v2\/product"}],"about":[{"href":"https:\/\/hubsch-interior.com\/fr\/wp-json\/wp\/v2\/types\/product"}],"wp:featuredmedia":[{"embeddable":true,"href":"https:\/\/hubsch-interior.com\/fr\/wp-json\/wp\/v2\/media\/1111772"}],"wp:attachment":[{"href":"https:\/\/hubsch-interior.com\/fr\/wp-json\/wp\/v2\/media?parent=1089368"}],"wp:term":[{"taxonomy":"product_brand","embeddable":true,"href":"https:\/\/hubsch-interior.com\/fr\/wp-json\/wp\/v2\/product_brand?post=1089368"},{"taxonomy":"product_cat","embeddable":true,"href":"https:\/\/hubsch-interior.com\/fr\/wp-json\/wp\/v2\/product_cat?post=1089368"},{"taxonomy":"product_tag","embeddable":true,"href":"https:\/\/hubsch-interior.com\/fr\/wp-json\/wp\/v2\/product_tag?post=1089368"}],"curies":[{"name":"wp","href":"https:\/\/api.w.org\/{rel}","templated":true}]}}