{"id":1089396,"date":"2026-01-31T05:27:41","date_gmt":"2026-01-31T04:27:41","guid":{"rendered":"https:\/\/hubsch-interior.com\/product\/product\/"},"modified":"2026-04-05T05:25:49","modified_gmt":"2026-04-05T03:25:49","slug":"area-fauteuil-lounge-gris-clair","status":"publish","type":"product","link":"https:\/\/hubsch-interior.com\/fr\/produit\/area-fauteuil-lounge-gris-clair\/","title":{"rendered":"Area Fauteuil lounge Gris clair"},"content":{"rendered":"<p>Le Fauteuil Lounge Area offre une parfaite harmonie de confort et de style, rev\u00eatu de textiles classiques en gris clair. Certifi\u00e9 par OEKO-TEX\u00ae STANDARD 100, il propose un refuge s\u00fbr dans le luxe quotidien. Son dossier haut assure un soutien remarquable et une sensation de s\u00e9curit\u00e9 et de cosiness, id\u00e9al pour se blottir dans votre coin pr\u00e9f\u00e9r\u00e9 pour un moment de qualit\u00e9 en solo. Avec ses bords doux et arrondis et une silhouette accueillante, cette pi\u00e8ce \u00e9l\u00e9gante vous permet d&#8217;embrasser la tranquillit\u00e9 \u00e0 chaque instant.<\/p>\n","protected":false},"excerpt":{"rendered":"<p>Le Fauteuil Lounge Area offre une parfaite harmonie de confort et de style, rev\u00eatu de textiles classiques en gris clair. Certifi\u00e9 par OEKO-TEX\u00ae STANDARD 100, il propose un refuge s\u00fbr dans le luxe quotidien. Son dossier haut assure un soutien remarquable et une sensation de s\u00e9curit\u00e9 et de cosiness, id\u00e9al pour se blottir dans votre [&hellip;]<\/p>\n","protected":false},"featured_media":1111796,"template":"","meta":{"_acf_changed":false,"inline_featured_image":false},"product_brand":[],"product_cat":[7154,2843,3023,5046],"product_tag":[],"class_list":{"0":"post-1089396","1":"product","2":"type-product","3":"status-publish","4":"has-post-thumbnail","6":"product_cat-dweller-fr","7":"product_cat-assises-fr","8":"product_cat-fauteuils-lounge-fr","9":"product_cat-nouveautes-fr","10":"product_shipping_class-p10","12":"pa_color-gris-clair-2","13":"pa_material-polyester-100-fr","15":"first","16":"instock","17":"taxable","18":"shipping-taxable","19":"purchasable","20":"product-type-simple"},"exclude_global_add_ons":[],"addons":[],"acf":[],"yoast_head":"<!-- This site is optimized with the Yoast SEO plugin v26.4 - https:\/\/yoast.com\/wordpress\/plugins\/seo\/ -->\n<title>Area Fauteuil lounge Gris clair - H\u00fcbsch<\/title>\n<meta name=\"description\" content=\"Le Fauteuil Lounge Area offre une parfaite harmonie de confort et de style, rev\u00eatu de textiles classiques en gris clair. Certifi\u00e9 par OEKO-TEX\u00ae STANDARD\" \/>\n<meta name=\"robots\" content=\"index, follow, max-snippet:-1, max-image-preview:large, max-video-preview:-1\" \/>\n<link rel=\"canonical\" href=\"https:\/\/hubsch-interior.com\/fr\/wp-json\/wp\/v2\/product\/1089396\" \/>\n<meta property=\"og:locale\" content=\"fr_FR\" \/>\n<meta property=\"og:type\" content=\"article\" \/>\n<meta property=\"og:title\" content=\"Area Fauteuil lounge Gris clair - H\u00fcbsch\" \/>\n<meta property=\"og:description\" content=\"Le Fauteuil Lounge Area offre une parfaite harmonie de confort et de style, rev\u00eatu de textiles classiques en gris clair. Certifi\u00e9 par OEKO-TEX\u00ae STANDARD\" \/>\n<meta property=\"og:url\" content=\"https:\/\/hubsch-interior.com\/fr\/produit\/area-fauteuil-lounge-gris-clair\/\" \/>\n<meta property=\"og:site_name\" content=\"H\u00fcbsch\" \/>\n<meta property=\"article:modified_time\" content=\"2026-04-05T03:25:49+00:00\" \/>\n<meta property=\"og:image\" content=\"https:\/\/hubsch-interior.com\/wp-content\/uploads\/2026\/01\/area-lounge-chair-light-grey-682d36c87a62e2e67d1e176f1298adf9.jpg\" \/>\n\t<meta property=\"og:image:width\" content=\"1200\" \/>\n\t<meta property=\"og:image:height\" content=\"1200\" \/>\n\t<meta property=\"og:image:type\" content=\"image\/jpeg\" \/>\n<meta name=\"twitter:card\" content=\"summary_large_image\" \/>\n<script type=\"application\/ld+json\" class=\"yoast-schema-graph\">{\"@context\":\"https:\/\/schema.org\",\"@graph\":[{\"@type\":\"WebPage\",\"@id\":\"https:\/\/hubsch-interior.com\/fr\/produit\/area-fauteuil-lounge-gris-clair\/\",\"url\":\"https:\/\/hubsch-interior.com\/fr\/produit\/area-fauteuil-lounge-gris-clair\/\",\"name\":\"Area Fauteuil lounge Gris clair - H\u00fcbsch\",\"isPartOf\":{\"@id\":\"https:\/\/hubsch-interior.com\/fr\/#website\"},\"primaryImageOfPage\":{\"@id\":\"https:\/\/hubsch-interior.com\/fr\/produit\/area-fauteuil-lounge-gris-clair\/#primaryimage\"},\"image\":{\"@id\":\"https:\/\/hubsch-interior.com\/fr\/produit\/area-fauteuil-lounge-gris-clair\/#primaryimage\"},\"thumbnailUrl\":\"https:\/\/hubsch-interior.com\/wp-content\/uploads\/2026\/02\/area-lounge-chair-light-grey-77fe5931e803a3f32f38d0161dd2fe38.jpg\",\"datePublished\":\"2026-01-31T04:27:41+00:00\",\"dateModified\":\"2026-04-05T03:25:49+00:00\",\"description\":\"Le Fauteuil Lounge Area offre une parfaite harmonie de confort et de style, rev\u00eatu de textiles classiques en gris clair. Certifi\u00e9 par OEKO-TEX\u00ae STANDARD\",\"breadcrumb\":{\"@id\":\"https:\/\/hubsch-interior.com\/fr\/produit\/area-fauteuil-lounge-gris-clair\/#breadcrumb\"},\"inLanguage\":\"fr-FR\",\"potentialAction\":[{\"@type\":\"ReadAction\",\"target\":[\"https:\/\/hubsch-interior.com\/fr\/produit\/area-fauteuil-lounge-gris-clair\/\"]}]},{\"@type\":\"ImageObject\",\"inLanguage\":\"fr-FR\",\"@id\":\"https:\/\/hubsch-interior.com\/fr\/produit\/area-fauteuil-lounge-gris-clair\/#primaryimage\",\"url\":\"https:\/\/hubsch-interior.com\/wp-content\/uploads\/2026\/02\/area-lounge-chair-light-grey-77fe5931e803a3f32f38d0161dd2fe38.jpg\",\"contentUrl\":\"https:\/\/hubsch-interior.com\/wp-content\/uploads\/2026\/02\/area-lounge-chair-light-grey-77fe5931e803a3f32f38d0161dd2fe38.jpg\",\"width\":1024,\"height\":1024},{\"@type\":\"BreadcrumbList\",\"@id\":\"https:\/\/hubsch-interior.com\/fr\/produit\/area-fauteuil-lounge-gris-clair\/#breadcrumb\",\"itemListElement\":[{\"@type\":\"ListItem\",\"position\":1,\"name\":\"Page d'accueil\",\"item\":\"https:\/\/hubsch-interior.com\/fr\/\"},{\"@type\":\"ListItem\",\"position\":2,\"name\":\"Produits\",\"item\":\"https:\/\/hubsch-interior.com\/fr\/shop-2\/\"},{\"@type\":\"ListItem\",\"position\":3,\"name\":\"Area Fauteuil lounge Gris clair\"}]},{\"@type\":\"WebSite\",\"@id\":\"https:\/\/hubsch-interior.com\/fr\/#website\",\"url\":\"https:\/\/hubsch-interior.com\/fr\/\",\"name\":\"H\u00fcbsch\",\"description\":\"Danish Home Interior and Design\",\"publisher\":{\"@id\":\"https:\/\/hubsch-interior.com\/fr\/#organization\"},\"potentialAction\":[{\"@type\":\"SearchAction\",\"target\":{\"@type\":\"EntryPoint\",\"urlTemplate\":\"https:\/\/hubsch-interior.com\/fr\/?s={search_term_string}\"},\"query-input\":{\"@type\":\"PropertyValueSpecification\",\"valueRequired\":true,\"valueName\":\"search_term_string\"}}],\"inLanguage\":\"fr-FR\"},{\"@type\":\"Organization\",\"@id\":\"https:\/\/hubsch-interior.com\/fr\/#organization\",\"name\":\"H\u00fcbsch\",\"url\":\"https:\/\/hubsch-interior.com\/fr\/\",\"logo\":{\"@type\":\"ImageObject\",\"inLanguage\":\"fr-FR\",\"@id\":\"https:\/\/hubsch-interior.com\/fr\/#\/schema\/logo\/image\/\",\"url\":\"https:\/\/hubsch-interior.com\/wp-content\/uploads\/2022\/12\/Hubsch_logo_black_one_line.svg\",\"contentUrl\":\"https:\/\/hubsch-interior.com\/wp-content\/uploads\/2022\/12\/Hubsch_logo_black_one_line.svg\",\"caption\":\"H\u00fcbsch\"},\"image\":{\"@id\":\"https:\/\/hubsch-interior.com\/fr\/#\/schema\/logo\/image\/\"}}]}<\/script>\n<!-- \/ Yoast SEO plugin. -->","yoast_head_json":{"title":"Area Fauteuil lounge Gris clair - H\u00fcbsch","description":"Le Fauteuil Lounge Area offre une parfaite harmonie de confort et de style, rev\u00eatu de textiles classiques en gris clair. Certifi\u00e9 par OEKO-TEX\u00ae STANDARD","robots":{"index":"index","follow":"follow","max-snippet":"max-snippet:-1","max-image-preview":"max-image-preview:large","max-video-preview":"max-video-preview:-1"},"canonical":"https:\/\/hubsch-interior.com\/fr\/wp-json\/wp\/v2\/product\/1089396","og_locale":"fr_FR","og_type":"article","og_title":"Area Fauteuil lounge Gris clair - H\u00fcbsch","og_description":"Le Fauteuil Lounge Area offre une parfaite harmonie de confort et de style, rev\u00eatu de textiles classiques en gris clair. Certifi\u00e9 par OEKO-TEX\u00ae STANDARD","og_url":"https:\/\/hubsch-interior.com\/fr\/produit\/area-fauteuil-lounge-gris-clair\/","og_site_name":"H\u00fcbsch","article_modified_time":"2026-04-05T03:25:49+00:00","og_image":[{"width":1200,"height":1200,"url":"https:\/\/hubsch-interior.com\/wp-content\/uploads\/2026\/01\/area-lounge-chair-light-grey-682d36c87a62e2e67d1e176f1298adf9.jpg","type":"image\/jpeg"}],"twitter_card":"summary_large_image","schema":{"@context":"https:\/\/schema.org","@graph":[{"@type":"WebPage","@id":"https:\/\/hubsch-interior.com\/fr\/produit\/area-fauteuil-lounge-gris-clair\/","url":"https:\/\/hubsch-interior.com\/fr\/produit\/area-fauteuil-lounge-gris-clair\/","name":"Area Fauteuil lounge Gris clair - H\u00fcbsch","isPartOf":{"@id":"https:\/\/hubsch-interior.com\/fr\/#website"},"primaryImageOfPage":{"@id":"https:\/\/hubsch-interior.com\/fr\/produit\/area-fauteuil-lounge-gris-clair\/#primaryimage"},"image":{"@id":"https:\/\/hubsch-interior.com\/fr\/produit\/area-fauteuil-lounge-gris-clair\/#primaryimage"},"thumbnailUrl":"https:\/\/hubsch-interior.com\/wp-content\/uploads\/2026\/02\/area-lounge-chair-light-grey-77fe5931e803a3f32f38d0161dd2fe38.jpg","datePublished":"2026-01-31T04:27:41+00:00","dateModified":"2026-04-05T03:25:49+00:00","description":"Le Fauteuil Lounge Area offre une parfaite harmonie de confort et de style, rev\u00eatu de textiles classiques en gris clair. Certifi\u00e9 par OEKO-TEX\u00ae STANDARD","breadcrumb":{"@id":"https:\/\/hubsch-interior.com\/fr\/produit\/area-fauteuil-lounge-gris-clair\/#breadcrumb"},"inLanguage":"fr-FR","potentialAction":[{"@type":"ReadAction","target":["https:\/\/hubsch-interior.com\/fr\/produit\/area-fauteuil-lounge-gris-clair\/"]}]},{"@type":"ImageObject","inLanguage":"fr-FR","@id":"https:\/\/hubsch-interior.com\/fr\/produit\/area-fauteuil-lounge-gris-clair\/#primaryimage","url":"https:\/\/hubsch-interior.com\/wp-content\/uploads\/2026\/02\/area-lounge-chair-light-grey-77fe5931e803a3f32f38d0161dd2fe38.jpg","contentUrl":"https:\/\/hubsch-interior.com\/wp-content\/uploads\/2026\/02\/area-lounge-chair-light-grey-77fe5931e803a3f32f38d0161dd2fe38.jpg","width":1024,"height":1024},{"@type":"BreadcrumbList","@id":"https:\/\/hubsch-interior.com\/fr\/produit\/area-fauteuil-lounge-gris-clair\/#breadcrumb","itemListElement":[{"@type":"ListItem","position":1,"name":"Page d'accueil","item":"https:\/\/hubsch-interior.com\/fr\/"},{"@type":"ListItem","position":2,"name":"Produits","item":"https:\/\/hubsch-interior.com\/fr\/shop-2\/"},{"@type":"ListItem","position":3,"name":"Area Fauteuil lounge Gris clair"}]},{"@type":"WebSite","@id":"https:\/\/hubsch-interior.com\/fr\/#website","url":"https:\/\/hubsch-interior.com\/fr\/","name":"H\u00fcbsch","description":"Danish Home Interior and Design","publisher":{"@id":"https:\/\/hubsch-interior.com\/fr\/#organization"},"potentialAction":[{"@type":"SearchAction","target":{"@type":"EntryPoint","urlTemplate":"https:\/\/hubsch-interior.com\/fr\/?s={search_term_string}"},"query-input":{"@type":"PropertyValueSpecification","valueRequired":true,"valueName":"search_term_string"}}],"inLanguage":"fr-FR"},{"@type":"Organization","@id":"https:\/\/hubsch-interior.com\/fr\/#organization","name":"H\u00fcbsch","url":"https:\/\/hubsch-interior.com\/fr\/","logo":{"@type":"ImageObject","inLanguage":"fr-FR","@id":"https:\/\/hubsch-interior.com\/fr\/#\/schema\/logo\/image\/","url":"https:\/\/hubsch-interior.com\/wp-content\/uploads\/2022\/12\/Hubsch_logo_black_one_line.svg","contentUrl":"https:\/\/hubsch-interior.com\/wp-content\/uploads\/2022\/12\/Hubsch_logo_black_one_line.svg","caption":"H\u00fcbsch"},"image":{"@id":"https:\/\/hubsch-interior.com\/fr\/#\/schema\/logo\/image\/"}}]}},"_links":{"self":[{"href":"https:\/\/hubsch-interior.com\/fr\/wp-json\/wp\/v2\/product\/1089396","targetHints":{"allow":["GET"]}}],"collection":[{"href":"https:\/\/hubsch-interior.com\/fr\/wp-json\/wp\/v2\/product"}],"about":[{"href":"https:\/\/hubsch-interior.com\/fr\/wp-json\/wp\/v2\/types\/product"}],"wp:featuredmedia":[{"embeddable":true,"href":"https:\/\/hubsch-interior.com\/fr\/wp-json\/wp\/v2\/media\/1111796"}],"wp:attachment":[{"href":"https:\/\/hubsch-interior.com\/fr\/wp-json\/wp\/v2\/media?parent=1089396"}],"wp:term":[{"taxonomy":"product_brand","embeddable":true,"href":"https:\/\/hubsch-interior.com\/fr\/wp-json\/wp\/v2\/product_brand?post=1089396"},{"taxonomy":"product_cat","embeddable":true,"href":"https:\/\/hubsch-interior.com\/fr\/wp-json\/wp\/v2\/product_cat?post=1089396"},{"taxonomy":"product_tag","embeddable":true,"href":"https:\/\/hubsch-interior.com\/fr\/wp-json\/wp\/v2\/product_tag?post=1089396"}],"curies":[{"name":"wp","href":"https:\/\/api.w.org\/{rel}","templated":true}]}}