{"id":1089484,"date":"2026-01-31T05:28:26","date_gmt":"2026-01-31T04:28:26","guid":{"rendered":"https:\/\/hubsch-interior.com\/product\/product\/"},"modified":"2026-04-06T05:19:43","modified_gmt":"2026-04-06T03:19:43","slug":"elegance-canape-vert-clair-2","status":"publish","type":"product","link":"https:\/\/hubsch-interior.com\/fr\/produit\/elegance-canape-vert-clair-2\/","title":{"rendered":"Elegance Canap\u00e9 Vert Clair"},"content":{"rendered":"<p>Le Canap\u00e9 \u00c9l\u00e9gance est un v\u00e9ritable chef-d&#8217;\u0153uvre de design, alliant des formes douces et organiques \u00e0 des d\u00e9tails ludiques. Rev\u00eatu de textiles verts poussi\u00e9reux l\u00e9gers avec de d\u00e9licates touches, ce sanctuaire certifi\u00e9 OEKO-TEX\u00ae STANDARD 100 offre non seulement du style, mais aussi une tranquillit\u00e9 d&#8217;esprit. Spacieux mais \u00e9l\u00e9gamment contourn\u00e9, il ne para\u00eet jamais encombrant, ce qui en fait un choix parfait pour les espaces de vie modernes. Plongez dans son \u00e9treinte douce et confortable et enrichissez votre maison d&#8217;une touche de charme et de tranquillit\u00e9.<\/p>\n","protected":false},"excerpt":{"rendered":"<p>Le Canap\u00e9 \u00c9l\u00e9gance est un v\u00e9ritable chef-d&#8217;\u0153uvre de design, alliant des formes douces et organiques \u00e0 des d\u00e9tails ludiques. Rev\u00eatu de textiles verts poussi\u00e9reux l\u00e9gers avec de d\u00e9licates touches, ce sanctuaire certifi\u00e9 OEKO-TEX\u00ae STANDARD 100 offre non seulement du style, mais aussi une tranquillit\u00e9 d&#8217;esprit. Spacieux mais \u00e9l\u00e9gamment contourn\u00e9, il ne para\u00eet jamais encombrant, ce [&hellip;]<\/p>\n","protected":false},"featured_media":1116123,"template":"","meta":{"_acf_changed":false,"inline_featured_image":false},"product_brand":[],"product_cat":[2843,4199,7154,5026,5046],"product_tag":[],"class_list":{"0":"post-1089484","1":"product","2":"type-product","3":"status-publish","4":"has-post-thumbnail","6":"product_cat-assises-fr","7":"product_cat-canapes-lits-de-jour-fr","8":"product_cat-dweller-fr","9":"product_cat-bestsellers-fr","10":"product_cat-nouveautes-fr","11":"product_shipping_class-p10","13":"pa_color-vert-clair-2","14":"pa_material-polyester-100-fr","16":"first","17":"instock","18":"featured","19":"taxable","20":"shipping-taxable","21":"purchasable","22":"product-type-simple"},"exclude_global_add_ons":[],"addons":[],"acf":[],"yoast_head":"<!-- This site is optimized with the Yoast SEO plugin v26.4 - https:\/\/yoast.com\/wordpress\/plugins\/seo\/ -->\n<title>Elegance Canap\u00e9 Vert Clair - H\u00fcbsch<\/title>\n<meta name=\"description\" content=\"Le Canap\u00e9 \u00c9l\u00e9gance est un v\u00e9ritable chef-d&#039;\u0153uvre de design, alliant des formes douces et organiques \u00e0 des d\u00e9tails ludiques. Rev\u00eatu de textiles verts\" \/>\n<meta name=\"robots\" content=\"index, follow, max-snippet:-1, max-image-preview:large, max-video-preview:-1\" \/>\n<link rel=\"canonical\" href=\"https:\/\/hubsch-interior.com\/fr\/wp-json\/wp\/v2\/product\/1089484\" \/>\n<meta property=\"og:locale\" content=\"fr_FR\" \/>\n<meta property=\"og:type\" content=\"article\" \/>\n<meta property=\"og:title\" content=\"Elegance Canap\u00e9 Vert Clair - H\u00fcbsch\" \/>\n<meta property=\"og:description\" content=\"Le Canap\u00e9 \u00c9l\u00e9gance est un v\u00e9ritable chef-d&#039;\u0153uvre de design, alliant des formes douces et organiques \u00e0 des d\u00e9tails ludiques. Rev\u00eatu de textiles verts\" \/>\n<meta property=\"og:url\" content=\"https:\/\/hubsch-interior.com\/fr\/produit\/elegance-canape-vert-clair-2\/\" \/>\n<meta property=\"og:site_name\" content=\"H\u00fcbsch\" \/>\n<meta property=\"article:modified_time\" content=\"2026-04-06T03:19:43+00:00\" \/>\n<meta property=\"og:image\" content=\"https:\/\/hubsch-interior.com\/wp-content\/uploads\/2026\/04\/elegance-sofa-light-green-f5f825f6c0d15c951402e3cf607ad655.jpg\" \/>\n\t<meta property=\"og:image:width\" content=\"1024\" \/>\n\t<meta property=\"og:image:height\" content=\"1024\" \/>\n\t<meta property=\"og:image:type\" content=\"image\/jpeg\" \/>\n<meta name=\"twitter:card\" content=\"summary_large_image\" \/>\n<script type=\"application\/ld+json\" class=\"yoast-schema-graph\">{\"@context\":\"https:\/\/schema.org\",\"@graph\":[{\"@type\":\"WebPage\",\"@id\":\"https:\/\/hubsch-interior.com\/fr\/produit\/elegance-canape-vert-clair-2\/\",\"url\":\"https:\/\/hubsch-interior.com\/fr\/produit\/elegance-canape-vert-clair-2\/\",\"name\":\"Elegance Canap\u00e9 Vert Clair - H\u00fcbsch\",\"isPartOf\":{\"@id\":\"https:\/\/hubsch-interior.com\/fr\/#website\"},\"primaryImageOfPage\":{\"@id\":\"https:\/\/hubsch-interior.com\/fr\/produit\/elegance-canape-vert-clair-2\/#primaryimage\"},\"image\":{\"@id\":\"https:\/\/hubsch-interior.com\/fr\/produit\/elegance-canape-vert-clair-2\/#primaryimage\"},\"thumbnailUrl\":\"https:\/\/hubsch-interior.com\/wp-content\/uploads\/2026\/04\/elegance-sofa-light-green-f5f825f6c0d15c951402e3cf607ad655.jpg\",\"datePublished\":\"2026-01-31T04:28:26+00:00\",\"dateModified\":\"2026-04-06T03:19:43+00:00\",\"description\":\"Le Canap\u00e9 \u00c9l\u00e9gance est un v\u00e9ritable chef-d'\u0153uvre de design, alliant des formes douces et organiques \u00e0 des d\u00e9tails ludiques. Rev\u00eatu de textiles verts\",\"breadcrumb\":{\"@id\":\"https:\/\/hubsch-interior.com\/fr\/produit\/elegance-canape-vert-clair-2\/#breadcrumb\"},\"inLanguage\":\"fr-FR\",\"potentialAction\":[{\"@type\":\"ReadAction\",\"target\":[\"https:\/\/hubsch-interior.com\/fr\/produit\/elegance-canape-vert-clair-2\/\"]}]},{\"@type\":\"ImageObject\",\"inLanguage\":\"fr-FR\",\"@id\":\"https:\/\/hubsch-interior.com\/fr\/produit\/elegance-canape-vert-clair-2\/#primaryimage\",\"url\":\"https:\/\/hubsch-interior.com\/wp-content\/uploads\/2026\/04\/elegance-sofa-light-green-f5f825f6c0d15c951402e3cf607ad655.jpg\",\"contentUrl\":\"https:\/\/hubsch-interior.com\/wp-content\/uploads\/2026\/04\/elegance-sofa-light-green-f5f825f6c0d15c951402e3cf607ad655.jpg\",\"width\":1024,\"height\":1024},{\"@type\":\"BreadcrumbList\",\"@id\":\"https:\/\/hubsch-interior.com\/fr\/produit\/elegance-canape-vert-clair-2\/#breadcrumb\",\"itemListElement\":[{\"@type\":\"ListItem\",\"position\":1,\"name\":\"Page d'accueil\",\"item\":\"https:\/\/hubsch-interior.com\/fr\/\"},{\"@type\":\"ListItem\",\"position\":2,\"name\":\"Produits\",\"item\":\"https:\/\/hubsch-interior.com\/fr\/shop-2\/\"},{\"@type\":\"ListItem\",\"position\":3,\"name\":\"Meubles\",\"item\":\"https:\/\/hubsch-interior.com\/fr\/categorie-produit\/meubles\/\"},{\"@type\":\"ListItem\",\"position\":4,\"name\":\"Assises\",\"item\":\"https:\/\/hubsch-interior.com\/fr\/categorie-produit\/meubles\/assises-fr\/\"},{\"@type\":\"ListItem\",\"position\":5,\"name\":\"Canap&eacute;s &amp; lits de jour\",\"item\":\"https:\/\/hubsch-interior.com\/fr\/categorie-produit\/meubles\/assises-fr\/canapes-lits-de-jour-fr\/\"},{\"@type\":\"ListItem\",\"position\":6,\"name\":\"Elegance Canap\u00e9 Vert Clair\"}]},{\"@type\":\"WebSite\",\"@id\":\"https:\/\/hubsch-interior.com\/fr\/#website\",\"url\":\"https:\/\/hubsch-interior.com\/fr\/\",\"name\":\"H\u00fcbsch\",\"description\":\"Danish Home Interior and Design\",\"publisher\":{\"@id\":\"https:\/\/hubsch-interior.com\/fr\/#organization\"},\"potentialAction\":[{\"@type\":\"SearchAction\",\"target\":{\"@type\":\"EntryPoint\",\"urlTemplate\":\"https:\/\/hubsch-interior.com\/fr\/?s={search_term_string}\"},\"query-input\":{\"@type\":\"PropertyValueSpecification\",\"valueRequired\":true,\"valueName\":\"search_term_string\"}}],\"inLanguage\":\"fr-FR\"},{\"@type\":\"Organization\",\"@id\":\"https:\/\/hubsch-interior.com\/fr\/#organization\",\"name\":\"H\u00fcbsch\",\"url\":\"https:\/\/hubsch-interior.com\/fr\/\",\"logo\":{\"@type\":\"ImageObject\",\"inLanguage\":\"fr-FR\",\"@id\":\"https:\/\/hubsch-interior.com\/fr\/#\/schema\/logo\/image\/\",\"url\":\"https:\/\/hubsch-interior.com\/wp-content\/uploads\/2022\/12\/Hubsch_logo_black_one_line.svg\",\"contentUrl\":\"https:\/\/hubsch-interior.com\/wp-content\/uploads\/2022\/12\/Hubsch_logo_black_one_line.svg\",\"caption\":\"H\u00fcbsch\"},\"image\":{\"@id\":\"https:\/\/hubsch-interior.com\/fr\/#\/schema\/logo\/image\/\"}}]}<\/script>\n<!-- \/ Yoast SEO plugin. -->","yoast_head_json":{"title":"Elegance Canap\u00e9 Vert Clair - H\u00fcbsch","description":"Le Canap\u00e9 \u00c9l\u00e9gance est un v\u00e9ritable chef-d'\u0153uvre de design, alliant des formes douces et organiques \u00e0 des d\u00e9tails ludiques. Rev\u00eatu de textiles verts","robots":{"index":"index","follow":"follow","max-snippet":"max-snippet:-1","max-image-preview":"max-image-preview:large","max-video-preview":"max-video-preview:-1"},"canonical":"https:\/\/hubsch-interior.com\/fr\/wp-json\/wp\/v2\/product\/1089484","og_locale":"fr_FR","og_type":"article","og_title":"Elegance Canap\u00e9 Vert Clair - H\u00fcbsch","og_description":"Le Canap\u00e9 \u00c9l\u00e9gance est un v\u00e9ritable chef-d'\u0153uvre de design, alliant des formes douces et organiques \u00e0 des d\u00e9tails ludiques. Rev\u00eatu de textiles verts","og_url":"https:\/\/hubsch-interior.com\/fr\/produit\/elegance-canape-vert-clair-2\/","og_site_name":"H\u00fcbsch","article_modified_time":"2026-04-06T03:19:43+00:00","og_image":[{"width":1024,"height":1024,"url":"https:\/\/hubsch-interior.com\/wp-content\/uploads\/2026\/04\/elegance-sofa-light-green-f5f825f6c0d15c951402e3cf607ad655.jpg","type":"image\/jpeg"}],"twitter_card":"summary_large_image","schema":{"@context":"https:\/\/schema.org","@graph":[{"@type":"WebPage","@id":"https:\/\/hubsch-interior.com\/fr\/produit\/elegance-canape-vert-clair-2\/","url":"https:\/\/hubsch-interior.com\/fr\/produit\/elegance-canape-vert-clair-2\/","name":"Elegance Canap\u00e9 Vert Clair - H\u00fcbsch","isPartOf":{"@id":"https:\/\/hubsch-interior.com\/fr\/#website"},"primaryImageOfPage":{"@id":"https:\/\/hubsch-interior.com\/fr\/produit\/elegance-canape-vert-clair-2\/#primaryimage"},"image":{"@id":"https:\/\/hubsch-interior.com\/fr\/produit\/elegance-canape-vert-clair-2\/#primaryimage"},"thumbnailUrl":"https:\/\/hubsch-interior.com\/wp-content\/uploads\/2026\/04\/elegance-sofa-light-green-f5f825f6c0d15c951402e3cf607ad655.jpg","datePublished":"2026-01-31T04:28:26+00:00","dateModified":"2026-04-06T03:19:43+00:00","description":"Le Canap\u00e9 \u00c9l\u00e9gance est un v\u00e9ritable chef-d'\u0153uvre de design, alliant des formes douces et organiques \u00e0 des d\u00e9tails ludiques. Rev\u00eatu de textiles verts","breadcrumb":{"@id":"https:\/\/hubsch-interior.com\/fr\/produit\/elegance-canape-vert-clair-2\/#breadcrumb"},"inLanguage":"fr-FR","potentialAction":[{"@type":"ReadAction","target":["https:\/\/hubsch-interior.com\/fr\/produit\/elegance-canape-vert-clair-2\/"]}]},{"@type":"ImageObject","inLanguage":"fr-FR","@id":"https:\/\/hubsch-interior.com\/fr\/produit\/elegance-canape-vert-clair-2\/#primaryimage","url":"https:\/\/hubsch-interior.com\/wp-content\/uploads\/2026\/04\/elegance-sofa-light-green-f5f825f6c0d15c951402e3cf607ad655.jpg","contentUrl":"https:\/\/hubsch-interior.com\/wp-content\/uploads\/2026\/04\/elegance-sofa-light-green-f5f825f6c0d15c951402e3cf607ad655.jpg","width":1024,"height":1024},{"@type":"BreadcrumbList","@id":"https:\/\/hubsch-interior.com\/fr\/produit\/elegance-canape-vert-clair-2\/#breadcrumb","itemListElement":[{"@type":"ListItem","position":1,"name":"Page d'accueil","item":"https:\/\/hubsch-interior.com\/fr\/"},{"@type":"ListItem","position":2,"name":"Produits","item":"https:\/\/hubsch-interior.com\/fr\/shop-2\/"},{"@type":"ListItem","position":3,"name":"Meubles","item":"https:\/\/hubsch-interior.com\/fr\/categorie-produit\/meubles\/"},{"@type":"ListItem","position":4,"name":"Assises","item":"https:\/\/hubsch-interior.com\/fr\/categorie-produit\/meubles\/assises-fr\/"},{"@type":"ListItem","position":5,"name":"Canap&eacute;s &amp; lits de jour","item":"https:\/\/hubsch-interior.com\/fr\/categorie-produit\/meubles\/assises-fr\/canapes-lits-de-jour-fr\/"},{"@type":"ListItem","position":6,"name":"Elegance Canap\u00e9 Vert Clair"}]},{"@type":"WebSite","@id":"https:\/\/hubsch-interior.com\/fr\/#website","url":"https:\/\/hubsch-interior.com\/fr\/","name":"H\u00fcbsch","description":"Danish Home Interior and Design","publisher":{"@id":"https:\/\/hubsch-interior.com\/fr\/#organization"},"potentialAction":[{"@type":"SearchAction","target":{"@type":"EntryPoint","urlTemplate":"https:\/\/hubsch-interior.com\/fr\/?s={search_term_string}"},"query-input":{"@type":"PropertyValueSpecification","valueRequired":true,"valueName":"search_term_string"}}],"inLanguage":"fr-FR"},{"@type":"Organization","@id":"https:\/\/hubsch-interior.com\/fr\/#organization","name":"H\u00fcbsch","url":"https:\/\/hubsch-interior.com\/fr\/","logo":{"@type":"ImageObject","inLanguage":"fr-FR","@id":"https:\/\/hubsch-interior.com\/fr\/#\/schema\/logo\/image\/","url":"https:\/\/hubsch-interior.com\/wp-content\/uploads\/2022\/12\/Hubsch_logo_black_one_line.svg","contentUrl":"https:\/\/hubsch-interior.com\/wp-content\/uploads\/2022\/12\/Hubsch_logo_black_one_line.svg","caption":"H\u00fcbsch"},"image":{"@id":"https:\/\/hubsch-interior.com\/fr\/#\/schema\/logo\/image\/"}}]}},"_links":{"self":[{"href":"https:\/\/hubsch-interior.com\/fr\/wp-json\/wp\/v2\/product\/1089484","targetHints":{"allow":["GET"]}}],"collection":[{"href":"https:\/\/hubsch-interior.com\/fr\/wp-json\/wp\/v2\/product"}],"about":[{"href":"https:\/\/hubsch-interior.com\/fr\/wp-json\/wp\/v2\/types\/product"}],"wp:featuredmedia":[{"embeddable":true,"href":"https:\/\/hubsch-interior.com\/fr\/wp-json\/wp\/v2\/media\/1116123"}],"wp:attachment":[{"href":"https:\/\/hubsch-interior.com\/fr\/wp-json\/wp\/v2\/media?parent=1089484"}],"wp:term":[{"taxonomy":"product_brand","embeddable":true,"href":"https:\/\/hubsch-interior.com\/fr\/wp-json\/wp\/v2\/product_brand?post=1089484"},{"taxonomy":"product_cat","embeddable":true,"href":"https:\/\/hubsch-interior.com\/fr\/wp-json\/wp\/v2\/product_cat?post=1089484"},{"taxonomy":"product_tag","embeddable":true,"href":"https:\/\/hubsch-interior.com\/fr\/wp-json\/wp\/v2\/product_tag?post=1089484"}],"curies":[{"name":"wp","href":"https:\/\/api.w.org\/{rel}","templated":true}]}}