{"id":1089500,"date":"2026-01-31T05:29:42","date_gmt":"2026-01-31T04:29:42","guid":{"rendered":"https:\/\/hubsch-interior.com\/product\/product\/"},"modified":"2026-04-05T05:26:37","modified_gmt":"2026-04-05T03:26:37","slug":"cover-lampe-murale-sable","status":"publish","type":"product","link":"https:\/\/hubsch-interior.com\/fr\/produit\/cover-lampe-murale-sable\/","title":{"rendered":"Cover Lampe murale Sable"},"content":{"rendered":"<p>D\u00e9couvrez la Cover Lampe murale, magnifiquement con\u00e7ue dans une \u00e9l\u00e9gante couleur sable clair, parfaite pour ajouter une touche d&#8217;\u00e9l\u00e9gance discr\u00e8te \u00e0 votre int\u00e9rieur. Avec son design classique et sobre, cette lampe constitue un merveilleux ajout \u00e0 votre coin lecture ou comme compl\u00e9ment charmant \u00e0 votre table de chevet. Dot\u00e9e d&#8217;une articulation pivotante, elle vous offre la flexibilit\u00e9 d&#8217;ajuster la lumi\u00e8re exactement o\u00f9 vous en avez besoin, garantissant ainsi une illumination parfaite de chaque page que vous lisez ou de chaque coin que vous \u00e9clairez.<\/p>\n","protected":false},"excerpt":{"rendered":"<p>D\u00e9couvrez la Cover Lampe murale, magnifiquement con\u00e7ue dans une \u00e9l\u00e9gante couleur sable clair, parfaite pour ajouter une touche d&#8217;\u00e9l\u00e9gance discr\u00e8te \u00e0 votre int\u00e9rieur. Avec son design classique et sobre, cette lampe constitue un merveilleux ajout \u00e0 votre coin lecture ou comme compl\u00e9ment charmant \u00e0 votre table de chevet. Dot\u00e9e d&#8217;une articulation pivotante, elle vous offre [&hellip;]<\/p>\n","protected":false},"featured_media":1111904,"template":"","meta":{"_acf_changed":false,"inline_featured_image":false},"product_brand":[],"product_cat":[3407,7154,3810,5026,5046],"product_tag":[],"class_list":{"0":"post-1089500","1":"product","2":"type-product","3":"status-publish","4":"has-post-thumbnail","6":"product_cat-appliques-murales-fr","7":"product_cat-dweller-fr","8":"product_cat-luminaires","9":"product_cat-bestsellers-fr","10":"product_cat-nouveautes-fr","11":"product_shipping_class-pk","13":"pa_color-sable","14":"pa_material-fer-fr","15":"pa_material-polycarbonate-2","17":"first","18":"instock","19":"featured","20":"taxable","21":"shipping-taxable","22":"purchasable","23":"product-type-simple"},"exclude_global_add_ons":[],"addons":[],"acf":[],"yoast_head":"<!-- This site is optimized with the Yoast SEO plugin v26.4 - https:\/\/yoast.com\/wordpress\/plugins\/seo\/ -->\n<title>Cover Lampe murale Sable - H\u00fcbsch<\/title>\n<meta name=\"description\" content=\"D\u00e9couvrez la Cover Lampe murale, magnifiquement con\u00e7ue dans une \u00e9l\u00e9gante couleur sable clair, parfaite pour ajouter une touche d&#039;\u00e9l\u00e9gance discr\u00e8te \u00e0 votre\" \/>\n<meta name=\"robots\" content=\"index, follow, max-snippet:-1, max-image-preview:large, max-video-preview:-1\" \/>\n<link rel=\"canonical\" href=\"https:\/\/hubsch-interior.com\/fr\/wp-json\/wp\/v2\/product\/1089500\" \/>\n<meta property=\"og:locale\" content=\"fr_FR\" \/>\n<meta property=\"og:type\" content=\"article\" \/>\n<meta property=\"og:title\" content=\"Cover Lampe murale Sable - H\u00fcbsch\" \/>\n<meta property=\"og:description\" content=\"D\u00e9couvrez la Cover Lampe murale, magnifiquement con\u00e7ue dans une \u00e9l\u00e9gante couleur sable clair, parfaite pour ajouter une touche d&#039;\u00e9l\u00e9gance discr\u00e8te \u00e0 votre\" \/>\n<meta property=\"og:url\" content=\"https:\/\/hubsch-interior.com\/fr\/produit\/cover-lampe-murale-sable\/\" \/>\n<meta property=\"og:site_name\" content=\"H\u00fcbsch\" \/>\n<meta property=\"article:modified_time\" content=\"2026-04-05T03:26:37+00:00\" \/>\n<meta property=\"og:image\" content=\"https:\/\/hubsch-interior.com\/wp-content\/uploads\/2026\/01\/cover-wall-lamp-sand-06772dd383f51069bb4060966f56dadf.jpg\" \/>\n\t<meta property=\"og:image:width\" content=\"1200\" \/>\n\t<meta property=\"og:image:height\" content=\"1200\" \/>\n\t<meta property=\"og:image:type\" content=\"image\/jpeg\" \/>\n<meta name=\"twitter:card\" content=\"summary_large_image\" \/>\n<script type=\"application\/ld+json\" class=\"yoast-schema-graph\">{\"@context\":\"https:\/\/schema.org\",\"@graph\":[{\"@type\":\"WebPage\",\"@id\":\"https:\/\/hubsch-interior.com\/fr\/produit\/cover-lampe-murale-sable\/\",\"url\":\"https:\/\/hubsch-interior.com\/fr\/produit\/cover-lampe-murale-sable\/\",\"name\":\"Cover Lampe murale Sable - H\u00fcbsch\",\"isPartOf\":{\"@id\":\"https:\/\/hubsch-interior.com\/fr\/#website\"},\"primaryImageOfPage\":{\"@id\":\"https:\/\/hubsch-interior.com\/fr\/produit\/cover-lampe-murale-sable\/#primaryimage\"},\"image\":{\"@id\":\"https:\/\/hubsch-interior.com\/fr\/produit\/cover-lampe-murale-sable\/#primaryimage\"},\"thumbnailUrl\":\"https:\/\/hubsch-interior.com\/wp-content\/uploads\/2026\/02\/cover-wall-lamp-sand-b5a8efc534f2e48dc52df12b35793659.jpg\",\"datePublished\":\"2026-01-31T04:29:42+00:00\",\"dateModified\":\"2026-04-05T03:26:37+00:00\",\"description\":\"D\u00e9couvrez la Cover Lampe murale, magnifiquement con\u00e7ue dans une \u00e9l\u00e9gante couleur sable clair, parfaite pour ajouter une touche d'\u00e9l\u00e9gance discr\u00e8te \u00e0 votre\",\"breadcrumb\":{\"@id\":\"https:\/\/hubsch-interior.com\/fr\/produit\/cover-lampe-murale-sable\/#breadcrumb\"},\"inLanguage\":\"fr-FR\",\"potentialAction\":[{\"@type\":\"ReadAction\",\"target\":[\"https:\/\/hubsch-interior.com\/fr\/produit\/cover-lampe-murale-sable\/\"]}]},{\"@type\":\"ImageObject\",\"inLanguage\":\"fr-FR\",\"@id\":\"https:\/\/hubsch-interior.com\/fr\/produit\/cover-lampe-murale-sable\/#primaryimage\",\"url\":\"https:\/\/hubsch-interior.com\/wp-content\/uploads\/2026\/02\/cover-wall-lamp-sand-b5a8efc534f2e48dc52df12b35793659.jpg\",\"contentUrl\":\"https:\/\/hubsch-interior.com\/wp-content\/uploads\/2026\/02\/cover-wall-lamp-sand-b5a8efc534f2e48dc52df12b35793659.jpg\",\"width\":1024,\"height\":1024},{\"@type\":\"BreadcrumbList\",\"@id\":\"https:\/\/hubsch-interior.com\/fr\/produit\/cover-lampe-murale-sable\/#breadcrumb\",\"itemListElement\":[{\"@type\":\"ListItem\",\"position\":1,\"name\":\"Page d'accueil\",\"item\":\"https:\/\/hubsch-interior.com\/fr\/\"},{\"@type\":\"ListItem\",\"position\":2,\"name\":\"Produits\",\"item\":\"https:\/\/hubsch-interior.com\/fr\/shop-2\/\"},{\"@type\":\"ListItem\",\"position\":3,\"name\":\"Cover Lampe murale Sable\"}]},{\"@type\":\"WebSite\",\"@id\":\"https:\/\/hubsch-interior.com\/fr\/#website\",\"url\":\"https:\/\/hubsch-interior.com\/fr\/\",\"name\":\"H\u00fcbsch\",\"description\":\"Danish Home Interior and Design\",\"publisher\":{\"@id\":\"https:\/\/hubsch-interior.com\/fr\/#organization\"},\"potentialAction\":[{\"@type\":\"SearchAction\",\"target\":{\"@type\":\"EntryPoint\",\"urlTemplate\":\"https:\/\/hubsch-interior.com\/fr\/?s={search_term_string}\"},\"query-input\":{\"@type\":\"PropertyValueSpecification\",\"valueRequired\":true,\"valueName\":\"search_term_string\"}}],\"inLanguage\":\"fr-FR\"},{\"@type\":\"Organization\",\"@id\":\"https:\/\/hubsch-interior.com\/fr\/#organization\",\"name\":\"H\u00fcbsch\",\"url\":\"https:\/\/hubsch-interior.com\/fr\/\",\"logo\":{\"@type\":\"ImageObject\",\"inLanguage\":\"fr-FR\",\"@id\":\"https:\/\/hubsch-interior.com\/fr\/#\/schema\/logo\/image\/\",\"url\":\"https:\/\/hubsch-interior.com\/wp-content\/uploads\/2022\/12\/Hubsch_logo_black_one_line.svg\",\"contentUrl\":\"https:\/\/hubsch-interior.com\/wp-content\/uploads\/2022\/12\/Hubsch_logo_black_one_line.svg\",\"caption\":\"H\u00fcbsch\"},\"image\":{\"@id\":\"https:\/\/hubsch-interior.com\/fr\/#\/schema\/logo\/image\/\"}}]}<\/script>\n<!-- \/ Yoast SEO plugin. -->","yoast_head_json":{"title":"Cover Lampe murale Sable - H\u00fcbsch","description":"D\u00e9couvrez la Cover Lampe murale, magnifiquement con\u00e7ue dans une \u00e9l\u00e9gante couleur sable clair, parfaite pour ajouter une touche d'\u00e9l\u00e9gance discr\u00e8te \u00e0 votre","robots":{"index":"index","follow":"follow","max-snippet":"max-snippet:-1","max-image-preview":"max-image-preview:large","max-video-preview":"max-video-preview:-1"},"canonical":"https:\/\/hubsch-interior.com\/fr\/wp-json\/wp\/v2\/product\/1089500","og_locale":"fr_FR","og_type":"article","og_title":"Cover Lampe murale Sable - H\u00fcbsch","og_description":"D\u00e9couvrez la Cover Lampe murale, magnifiquement con\u00e7ue dans une \u00e9l\u00e9gante couleur sable clair, parfaite pour ajouter une touche d'\u00e9l\u00e9gance discr\u00e8te \u00e0 votre","og_url":"https:\/\/hubsch-interior.com\/fr\/produit\/cover-lampe-murale-sable\/","og_site_name":"H\u00fcbsch","article_modified_time":"2026-04-05T03:26:37+00:00","og_image":[{"width":1200,"height":1200,"url":"https:\/\/hubsch-interior.com\/wp-content\/uploads\/2026\/01\/cover-wall-lamp-sand-06772dd383f51069bb4060966f56dadf.jpg","type":"image\/jpeg"}],"twitter_card":"summary_large_image","schema":{"@context":"https:\/\/schema.org","@graph":[{"@type":"WebPage","@id":"https:\/\/hubsch-interior.com\/fr\/produit\/cover-lampe-murale-sable\/","url":"https:\/\/hubsch-interior.com\/fr\/produit\/cover-lampe-murale-sable\/","name":"Cover Lampe murale Sable - H\u00fcbsch","isPartOf":{"@id":"https:\/\/hubsch-interior.com\/fr\/#website"},"primaryImageOfPage":{"@id":"https:\/\/hubsch-interior.com\/fr\/produit\/cover-lampe-murale-sable\/#primaryimage"},"image":{"@id":"https:\/\/hubsch-interior.com\/fr\/produit\/cover-lampe-murale-sable\/#primaryimage"},"thumbnailUrl":"https:\/\/hubsch-interior.com\/wp-content\/uploads\/2026\/02\/cover-wall-lamp-sand-b5a8efc534f2e48dc52df12b35793659.jpg","datePublished":"2026-01-31T04:29:42+00:00","dateModified":"2026-04-05T03:26:37+00:00","description":"D\u00e9couvrez la Cover Lampe murale, magnifiquement con\u00e7ue dans une \u00e9l\u00e9gante couleur sable clair, parfaite pour ajouter une touche d'\u00e9l\u00e9gance discr\u00e8te \u00e0 votre","breadcrumb":{"@id":"https:\/\/hubsch-interior.com\/fr\/produit\/cover-lampe-murale-sable\/#breadcrumb"},"inLanguage":"fr-FR","potentialAction":[{"@type":"ReadAction","target":["https:\/\/hubsch-interior.com\/fr\/produit\/cover-lampe-murale-sable\/"]}]},{"@type":"ImageObject","inLanguage":"fr-FR","@id":"https:\/\/hubsch-interior.com\/fr\/produit\/cover-lampe-murale-sable\/#primaryimage","url":"https:\/\/hubsch-interior.com\/wp-content\/uploads\/2026\/02\/cover-wall-lamp-sand-b5a8efc534f2e48dc52df12b35793659.jpg","contentUrl":"https:\/\/hubsch-interior.com\/wp-content\/uploads\/2026\/02\/cover-wall-lamp-sand-b5a8efc534f2e48dc52df12b35793659.jpg","width":1024,"height":1024},{"@type":"BreadcrumbList","@id":"https:\/\/hubsch-interior.com\/fr\/produit\/cover-lampe-murale-sable\/#breadcrumb","itemListElement":[{"@type":"ListItem","position":1,"name":"Page d'accueil","item":"https:\/\/hubsch-interior.com\/fr\/"},{"@type":"ListItem","position":2,"name":"Produits","item":"https:\/\/hubsch-interior.com\/fr\/shop-2\/"},{"@type":"ListItem","position":3,"name":"Cover Lampe murale Sable"}]},{"@type":"WebSite","@id":"https:\/\/hubsch-interior.com\/fr\/#website","url":"https:\/\/hubsch-interior.com\/fr\/","name":"H\u00fcbsch","description":"Danish Home Interior and Design","publisher":{"@id":"https:\/\/hubsch-interior.com\/fr\/#organization"},"potentialAction":[{"@type":"SearchAction","target":{"@type":"EntryPoint","urlTemplate":"https:\/\/hubsch-interior.com\/fr\/?s={search_term_string}"},"query-input":{"@type":"PropertyValueSpecification","valueRequired":true,"valueName":"search_term_string"}}],"inLanguage":"fr-FR"},{"@type":"Organization","@id":"https:\/\/hubsch-interior.com\/fr\/#organization","name":"H\u00fcbsch","url":"https:\/\/hubsch-interior.com\/fr\/","logo":{"@type":"ImageObject","inLanguage":"fr-FR","@id":"https:\/\/hubsch-interior.com\/fr\/#\/schema\/logo\/image\/","url":"https:\/\/hubsch-interior.com\/wp-content\/uploads\/2022\/12\/Hubsch_logo_black_one_line.svg","contentUrl":"https:\/\/hubsch-interior.com\/wp-content\/uploads\/2022\/12\/Hubsch_logo_black_one_line.svg","caption":"H\u00fcbsch"},"image":{"@id":"https:\/\/hubsch-interior.com\/fr\/#\/schema\/logo\/image\/"}}]}},"_links":{"self":[{"href":"https:\/\/hubsch-interior.com\/fr\/wp-json\/wp\/v2\/product\/1089500","targetHints":{"allow":["GET"]}}],"collection":[{"href":"https:\/\/hubsch-interior.com\/fr\/wp-json\/wp\/v2\/product"}],"about":[{"href":"https:\/\/hubsch-interior.com\/fr\/wp-json\/wp\/v2\/types\/product"}],"wp:featuredmedia":[{"embeddable":true,"href":"https:\/\/hubsch-interior.com\/fr\/wp-json\/wp\/v2\/media\/1111904"}],"wp:attachment":[{"href":"https:\/\/hubsch-interior.com\/fr\/wp-json\/wp\/v2\/media?parent=1089500"}],"wp:term":[{"taxonomy":"product_brand","embeddable":true,"href":"https:\/\/hubsch-interior.com\/fr\/wp-json\/wp\/v2\/product_brand?post=1089500"},{"taxonomy":"product_cat","embeddable":true,"href":"https:\/\/hubsch-interior.com\/fr\/wp-json\/wp\/v2\/product_cat?post=1089500"},{"taxonomy":"product_tag","embeddable":true,"href":"https:\/\/hubsch-interior.com\/fr\/wp-json\/wp\/v2\/product_tag?post=1089500"}],"curies":[{"name":"wp","href":"https:\/\/api.w.org\/{rel}","templated":true}]}}