{"id":1089516,"date":"2026-01-31T05:29:48","date_gmt":"2026-01-31T04:29:48","guid":{"rendered":"https:\/\/hubsch-interior.com\/product\/product\/"},"modified":"2026-04-08T05:23:14","modified_gmt":"2026-04-08T03:23:14","slug":"cover-lampe-murale-noir","status":"publish","type":"product","link":"https:\/\/hubsch-interior.com\/fr\/produit\/cover-lampe-murale-noir\/","title":{"rendered":"Cover Lampe murale Noir"},"content":{"rendered":"<p>D\u00e9couvrez la Cover Lampe murale, un ajout intemporel \u00e0 votre int\u00e9rieur avec sa couleur noire classique et discr\u00e8te. Con\u00e7ue avec une articulation pivotante, cette lampe offre une polyvalence in\u00e9gal\u00e9e, vous permettant d&#8217;ajuster la lumi\u00e8re exactement o\u00f9 vous en avez besoin. Que ce soit pour illuminer votre coin lecture pr\u00e9f\u00e9r\u00e9 ou pour ajouter une ambiance \u00e0 c\u00f4t\u00e9 de votre lit, la Cover Lampe murale est parfaite pour rehausser vos espaces intimes avec style et fonctionnalit\u00e9.<\/p>\n","protected":false},"excerpt":{"rendered":"<p>D\u00e9couvrez la Cover Lampe murale, un ajout intemporel \u00e0 votre int\u00e9rieur avec sa couleur noire classique et discr\u00e8te. Con\u00e7ue avec une articulation pivotante, cette lampe offre une polyvalence in\u00e9gal\u00e9e, vous permettant d&#8217;ajuster la lumi\u00e8re exactement o\u00f9 vous en avez besoin. Que ce soit pour illuminer votre coin lecture pr\u00e9f\u00e9r\u00e9 ou pour ajouter une ambiance \u00e0 [&hellip;]<\/p>\n","protected":false},"featured_media":1111912,"template":"","meta":{"_acf_changed":false,"inline_featured_image":false},"product_brand":[],"product_cat":[7154,3810,3407,5026,5046],"product_tag":[],"class_list":{"0":"post-1089516","1":"product","2":"type-product","3":"status-publish","4":"has-post-thumbnail","6":"product_cat-dweller-fr","7":"product_cat-luminaires","8":"product_cat-appliques-murales-fr","9":"product_cat-bestsellers-fr","10":"product_cat-nouveautes-fr","11":"product_shipping_class-pk","12":"pa_color-noir","13":"pa_material-fer-fr","14":"pa_material-polycarbonate-2","16":"first","17":"instock","18":"featured","19":"taxable","20":"shipping-taxable","21":"purchasable","22":"product-type-simple"},"exclude_global_add_ons":[],"addons":[],"acf":[],"yoast_head":"<!-- This site is optimized with the Yoast SEO plugin v26.4 - https:\/\/yoast.com\/wordpress\/plugins\/seo\/ -->\n<title>Cover Lampe murale Noir - H\u00fcbsch<\/title>\n<meta name=\"description\" content=\"D\u00e9couvrez la Cover Lampe murale, un ajout intemporel \u00e0 votre int\u00e9rieur avec sa couleur noire classique et discr\u00e8te. Con\u00e7ue avec une articulation\" \/>\n<meta name=\"robots\" content=\"index, follow, max-snippet:-1, max-image-preview:large, max-video-preview:-1\" \/>\n<link rel=\"canonical\" href=\"https:\/\/hubsch-interior.com\/fr\/wp-json\/wp\/v2\/product\/1089516\" \/>\n<meta property=\"og:locale\" content=\"fr_FR\" \/>\n<meta property=\"og:type\" content=\"article\" \/>\n<meta property=\"og:title\" content=\"Cover Lampe murale Noir - H\u00fcbsch\" \/>\n<meta property=\"og:description\" content=\"D\u00e9couvrez la Cover Lampe murale, un ajout intemporel \u00e0 votre int\u00e9rieur avec sa couleur noire classique et discr\u00e8te. Con\u00e7ue avec une articulation\" \/>\n<meta property=\"og:url\" content=\"https:\/\/hubsch-interior.com\/fr\/produit\/cover-lampe-murale-noir\/\" \/>\n<meta property=\"og:site_name\" content=\"H\u00fcbsch\" \/>\n<meta property=\"article:modified_time\" content=\"2026-04-08T03:23:14+00:00\" \/>\n<meta property=\"og:image\" content=\"https:\/\/hubsch-interior.com\/wp-content\/uploads\/2026\/01\/cover-wall-lamp-black-e9a62af6ffe224664cdbc7d9854af053.jpg\" \/>\n\t<meta property=\"og:image:width\" content=\"1200\" \/>\n\t<meta property=\"og:image:height\" content=\"1200\" \/>\n\t<meta property=\"og:image:type\" content=\"image\/jpeg\" \/>\n<meta name=\"twitter:card\" content=\"summary_large_image\" \/>\n<script type=\"application\/ld+json\" class=\"yoast-schema-graph\">{\"@context\":\"https:\/\/schema.org\",\"@graph\":[{\"@type\":\"WebPage\",\"@id\":\"https:\/\/hubsch-interior.com\/fr\/produit\/cover-lampe-murale-noir\/\",\"url\":\"https:\/\/hubsch-interior.com\/fr\/produit\/cover-lampe-murale-noir\/\",\"name\":\"Cover Lampe murale Noir - H\u00fcbsch\",\"isPartOf\":{\"@id\":\"https:\/\/hubsch-interior.com\/fr\/#website\"},\"primaryImageOfPage\":{\"@id\":\"https:\/\/hubsch-interior.com\/fr\/produit\/cover-lampe-murale-noir\/#primaryimage\"},\"image\":{\"@id\":\"https:\/\/hubsch-interior.com\/fr\/produit\/cover-lampe-murale-noir\/#primaryimage\"},\"thumbnailUrl\":\"https:\/\/hubsch-interior.com\/wp-content\/uploads\/2026\/02\/cover-wall-lamp-black-ce905c95872a0de559b20b31ad810aed.jpg\",\"datePublished\":\"2026-01-31T04:29:48+00:00\",\"dateModified\":\"2026-04-08T03:23:14+00:00\",\"description\":\"D\u00e9couvrez la Cover Lampe murale, un ajout intemporel \u00e0 votre int\u00e9rieur avec sa couleur noire classique et discr\u00e8te. Con\u00e7ue avec une articulation\",\"breadcrumb\":{\"@id\":\"https:\/\/hubsch-interior.com\/fr\/produit\/cover-lampe-murale-noir\/#breadcrumb\"},\"inLanguage\":\"fr-FR\",\"potentialAction\":[{\"@type\":\"ReadAction\",\"target\":[\"https:\/\/hubsch-interior.com\/fr\/produit\/cover-lampe-murale-noir\/\"]}]},{\"@type\":\"ImageObject\",\"inLanguage\":\"fr-FR\",\"@id\":\"https:\/\/hubsch-interior.com\/fr\/produit\/cover-lampe-murale-noir\/#primaryimage\",\"url\":\"https:\/\/hubsch-interior.com\/wp-content\/uploads\/2026\/02\/cover-wall-lamp-black-ce905c95872a0de559b20b31ad810aed.jpg\",\"contentUrl\":\"https:\/\/hubsch-interior.com\/wp-content\/uploads\/2026\/02\/cover-wall-lamp-black-ce905c95872a0de559b20b31ad810aed.jpg\",\"width\":1024,\"height\":1024},{\"@type\":\"BreadcrumbList\",\"@id\":\"https:\/\/hubsch-interior.com\/fr\/produit\/cover-lampe-murale-noir\/#breadcrumb\",\"itemListElement\":[{\"@type\":\"ListItem\",\"position\":1,\"name\":\"Page d'accueil\",\"item\":\"https:\/\/hubsch-interior.com\/fr\/\"},{\"@type\":\"ListItem\",\"position\":2,\"name\":\"Produits\",\"item\":\"https:\/\/hubsch-interior.com\/fr\/shop-2\/\"},{\"@type\":\"ListItem\",\"position\":3,\"name\":\"Cover Lampe murale Noir\"}]},{\"@type\":\"WebSite\",\"@id\":\"https:\/\/hubsch-interior.com\/fr\/#website\",\"url\":\"https:\/\/hubsch-interior.com\/fr\/\",\"name\":\"H\u00fcbsch\",\"description\":\"Danish Home Interior and Design\",\"publisher\":{\"@id\":\"https:\/\/hubsch-interior.com\/fr\/#organization\"},\"potentialAction\":[{\"@type\":\"SearchAction\",\"target\":{\"@type\":\"EntryPoint\",\"urlTemplate\":\"https:\/\/hubsch-interior.com\/fr\/?s={search_term_string}\"},\"query-input\":{\"@type\":\"PropertyValueSpecification\",\"valueRequired\":true,\"valueName\":\"search_term_string\"}}],\"inLanguage\":\"fr-FR\"},{\"@type\":\"Organization\",\"@id\":\"https:\/\/hubsch-interior.com\/fr\/#organization\",\"name\":\"H\u00fcbsch\",\"url\":\"https:\/\/hubsch-interior.com\/fr\/\",\"logo\":{\"@type\":\"ImageObject\",\"inLanguage\":\"fr-FR\",\"@id\":\"https:\/\/hubsch-interior.com\/fr\/#\/schema\/logo\/image\/\",\"url\":\"https:\/\/hubsch-interior.com\/wp-content\/uploads\/2022\/12\/Hubsch_logo_black_one_line.svg\",\"contentUrl\":\"https:\/\/hubsch-interior.com\/wp-content\/uploads\/2022\/12\/Hubsch_logo_black_one_line.svg\",\"caption\":\"H\u00fcbsch\"},\"image\":{\"@id\":\"https:\/\/hubsch-interior.com\/fr\/#\/schema\/logo\/image\/\"}}]}<\/script>\n<!-- \/ Yoast SEO plugin. -->","yoast_head_json":{"title":"Cover Lampe murale Noir - H\u00fcbsch","description":"D\u00e9couvrez la Cover Lampe murale, un ajout intemporel \u00e0 votre int\u00e9rieur avec sa couleur noire classique et discr\u00e8te. Con\u00e7ue avec une articulation","robots":{"index":"index","follow":"follow","max-snippet":"max-snippet:-1","max-image-preview":"max-image-preview:large","max-video-preview":"max-video-preview:-1"},"canonical":"https:\/\/hubsch-interior.com\/fr\/wp-json\/wp\/v2\/product\/1089516","og_locale":"fr_FR","og_type":"article","og_title":"Cover Lampe murale Noir - H\u00fcbsch","og_description":"D\u00e9couvrez la Cover Lampe murale, un ajout intemporel \u00e0 votre int\u00e9rieur avec sa couleur noire classique et discr\u00e8te. Con\u00e7ue avec une articulation","og_url":"https:\/\/hubsch-interior.com\/fr\/produit\/cover-lampe-murale-noir\/","og_site_name":"H\u00fcbsch","article_modified_time":"2026-04-08T03:23:14+00:00","og_image":[{"width":1200,"height":1200,"url":"https:\/\/hubsch-interior.com\/wp-content\/uploads\/2026\/01\/cover-wall-lamp-black-e9a62af6ffe224664cdbc7d9854af053.jpg","type":"image\/jpeg"}],"twitter_card":"summary_large_image","schema":{"@context":"https:\/\/schema.org","@graph":[{"@type":"WebPage","@id":"https:\/\/hubsch-interior.com\/fr\/produit\/cover-lampe-murale-noir\/","url":"https:\/\/hubsch-interior.com\/fr\/produit\/cover-lampe-murale-noir\/","name":"Cover Lampe murale Noir - H\u00fcbsch","isPartOf":{"@id":"https:\/\/hubsch-interior.com\/fr\/#website"},"primaryImageOfPage":{"@id":"https:\/\/hubsch-interior.com\/fr\/produit\/cover-lampe-murale-noir\/#primaryimage"},"image":{"@id":"https:\/\/hubsch-interior.com\/fr\/produit\/cover-lampe-murale-noir\/#primaryimage"},"thumbnailUrl":"https:\/\/hubsch-interior.com\/wp-content\/uploads\/2026\/02\/cover-wall-lamp-black-ce905c95872a0de559b20b31ad810aed.jpg","datePublished":"2026-01-31T04:29:48+00:00","dateModified":"2026-04-08T03:23:14+00:00","description":"D\u00e9couvrez la Cover Lampe murale, un ajout intemporel \u00e0 votre int\u00e9rieur avec sa couleur noire classique et discr\u00e8te. Con\u00e7ue avec une articulation","breadcrumb":{"@id":"https:\/\/hubsch-interior.com\/fr\/produit\/cover-lampe-murale-noir\/#breadcrumb"},"inLanguage":"fr-FR","potentialAction":[{"@type":"ReadAction","target":["https:\/\/hubsch-interior.com\/fr\/produit\/cover-lampe-murale-noir\/"]}]},{"@type":"ImageObject","inLanguage":"fr-FR","@id":"https:\/\/hubsch-interior.com\/fr\/produit\/cover-lampe-murale-noir\/#primaryimage","url":"https:\/\/hubsch-interior.com\/wp-content\/uploads\/2026\/02\/cover-wall-lamp-black-ce905c95872a0de559b20b31ad810aed.jpg","contentUrl":"https:\/\/hubsch-interior.com\/wp-content\/uploads\/2026\/02\/cover-wall-lamp-black-ce905c95872a0de559b20b31ad810aed.jpg","width":1024,"height":1024},{"@type":"BreadcrumbList","@id":"https:\/\/hubsch-interior.com\/fr\/produit\/cover-lampe-murale-noir\/#breadcrumb","itemListElement":[{"@type":"ListItem","position":1,"name":"Page d'accueil","item":"https:\/\/hubsch-interior.com\/fr\/"},{"@type":"ListItem","position":2,"name":"Produits","item":"https:\/\/hubsch-interior.com\/fr\/shop-2\/"},{"@type":"ListItem","position":3,"name":"Cover Lampe murale Noir"}]},{"@type":"WebSite","@id":"https:\/\/hubsch-interior.com\/fr\/#website","url":"https:\/\/hubsch-interior.com\/fr\/","name":"H\u00fcbsch","description":"Danish Home Interior and Design","publisher":{"@id":"https:\/\/hubsch-interior.com\/fr\/#organization"},"potentialAction":[{"@type":"SearchAction","target":{"@type":"EntryPoint","urlTemplate":"https:\/\/hubsch-interior.com\/fr\/?s={search_term_string}"},"query-input":{"@type":"PropertyValueSpecification","valueRequired":true,"valueName":"search_term_string"}}],"inLanguage":"fr-FR"},{"@type":"Organization","@id":"https:\/\/hubsch-interior.com\/fr\/#organization","name":"H\u00fcbsch","url":"https:\/\/hubsch-interior.com\/fr\/","logo":{"@type":"ImageObject","inLanguage":"fr-FR","@id":"https:\/\/hubsch-interior.com\/fr\/#\/schema\/logo\/image\/","url":"https:\/\/hubsch-interior.com\/wp-content\/uploads\/2022\/12\/Hubsch_logo_black_one_line.svg","contentUrl":"https:\/\/hubsch-interior.com\/wp-content\/uploads\/2022\/12\/Hubsch_logo_black_one_line.svg","caption":"H\u00fcbsch"},"image":{"@id":"https:\/\/hubsch-interior.com\/fr\/#\/schema\/logo\/image\/"}}]}},"_links":{"self":[{"href":"https:\/\/hubsch-interior.com\/fr\/wp-json\/wp\/v2\/product\/1089516","targetHints":{"allow":["GET"]}}],"collection":[{"href":"https:\/\/hubsch-interior.com\/fr\/wp-json\/wp\/v2\/product"}],"about":[{"href":"https:\/\/hubsch-interior.com\/fr\/wp-json\/wp\/v2\/types\/product"}],"wp:featuredmedia":[{"embeddable":true,"href":"https:\/\/hubsch-interior.com\/fr\/wp-json\/wp\/v2\/media\/1111912"}],"wp:attachment":[{"href":"https:\/\/hubsch-interior.com\/fr\/wp-json\/wp\/v2\/media?parent=1089516"}],"wp:term":[{"taxonomy":"product_brand","embeddable":true,"href":"https:\/\/hubsch-interior.com\/fr\/wp-json\/wp\/v2\/product_brand?post=1089516"},{"taxonomy":"product_cat","embeddable":true,"href":"https:\/\/hubsch-interior.com\/fr\/wp-json\/wp\/v2\/product_cat?post=1089516"},{"taxonomy":"product_tag","embeddable":true,"href":"https:\/\/hubsch-interior.com\/fr\/wp-json\/wp\/v2\/product_tag?post=1089516"}],"curies":[{"name":"wp","href":"https:\/\/api.w.org\/{rel}","templated":true}]}}