{"id":1089532,"date":"2026-01-31T05:30:06","date_gmt":"2026-01-31T04:30:06","guid":{"rendered":"https:\/\/hubsch-interior.com\/product\/product\/"},"modified":"2026-04-05T05:26:44","modified_gmt":"2026-04-05T03:26:44","slug":"cover-lampe-murale-laiton","status":"publish","type":"product","link":"https:\/\/hubsch-interior.com\/fr\/produit\/cover-lampe-murale-laiton\/","title":{"rendered":"Cover Lampe murale Laiton"},"content":{"rendered":"<p>D\u00e9couvrez la Cover Lampe murale, un ajout essentiel \u00e0 votre int\u00e9rieur gr\u00e2ce \u00e0 son design classique et discret. Con\u00e7ue avec une surface en laiton bross\u00e9, cette \u00e9l\u00e9gante applique est \u00e9quip\u00e9e d&#8217;une articulation pivotante, vous permettant d&#8217;ajuster l&#8217;\u00e9clairage selon vos besoins du moment. Que ce soit pour \u00e9clairer les pages de votre livre pr\u00e9f\u00e9r\u00e9 dans un coin lecture cosy ou pour diffuser une lumi\u00e8re chaleureuse sur votre table de chevet, la Cover Lampe murale est parfaitement polyvalente, s&#8217;int\u00e9grant harmonieusement dans votre sanctuaire personnel.<\/p>\n","protected":false},"excerpt":{"rendered":"<p>D\u00e9couvrez la Cover Lampe murale, un ajout essentiel \u00e0 votre int\u00e9rieur gr\u00e2ce \u00e0 son design classique et discret. Con\u00e7ue avec une surface en laiton bross\u00e9, cette \u00e9l\u00e9gante applique est \u00e9quip\u00e9e d&#8217;une articulation pivotante, vous permettant d&#8217;ajuster l&#8217;\u00e9clairage selon vos besoins du moment. Que ce soit pour \u00e9clairer les pages de votre livre pr\u00e9f\u00e9r\u00e9 dans un [&hellip;]<\/p>\n","protected":false},"featured_media":1111920,"template":"","meta":{"_acf_changed":false,"inline_featured_image":false},"product_brand":[],"product_cat":[7154,3810,3407,5046],"product_tag":[],"class_list":{"0":"post-1089532","1":"product","2":"type-product","3":"status-publish","4":"has-post-thumbnail","6":"product_cat-dweller-fr","7":"product_cat-luminaires","8":"product_cat-appliques-murales-fr","9":"product_cat-nouveautes-fr","10":"product_shipping_class-pk","12":"pa_color-laiton","13":"pa_material-fer-fr","14":"pa_material-polycarbonate-2","16":"first","17":"instock","18":"taxable","19":"shipping-taxable","20":"purchasable","21":"product-type-simple"},"exclude_global_add_ons":[],"addons":[],"acf":[],"yoast_head":"<!-- This site is optimized with the Yoast SEO plugin v26.4 - https:\/\/yoast.com\/wordpress\/plugins\/seo\/ -->\n<title>Cover Lampe murale Laiton - H\u00fcbsch<\/title>\n<meta name=\"description\" content=\"D\u00e9couvrez la Cover Lampe murale, un ajout essentiel \u00e0 votre int\u00e9rieur gr\u00e2ce \u00e0 son design classique et discret. Con\u00e7ue avec une surface en laiton bross\u00e9,\" \/>\n<meta name=\"robots\" content=\"index, follow, max-snippet:-1, max-image-preview:large, max-video-preview:-1\" \/>\n<link rel=\"canonical\" href=\"https:\/\/hubsch-interior.com\/fr\/wp-json\/wp\/v2\/product\/1089532\" \/>\n<meta property=\"og:locale\" content=\"fr_FR\" \/>\n<meta property=\"og:type\" content=\"article\" \/>\n<meta property=\"og:title\" content=\"Cover Lampe murale Laiton - H\u00fcbsch\" \/>\n<meta property=\"og:description\" content=\"D\u00e9couvrez la Cover Lampe murale, un ajout essentiel \u00e0 votre int\u00e9rieur gr\u00e2ce \u00e0 son design classique et discret. Con\u00e7ue avec une surface en laiton bross\u00e9,\" \/>\n<meta property=\"og:url\" content=\"https:\/\/hubsch-interior.com\/fr\/produit\/cover-lampe-murale-laiton\/\" \/>\n<meta property=\"og:site_name\" content=\"H\u00fcbsch\" \/>\n<meta property=\"article:modified_time\" content=\"2026-04-05T03:26:44+00:00\" \/>\n<meta property=\"og:image\" content=\"https:\/\/hubsch-interior.com\/wp-content\/uploads\/2026\/01\/cover-wall-lamp-brass-6651ae95b57efa293268b1af56a71178.jpg\" \/>\n\t<meta property=\"og:image:width\" content=\"1200\" \/>\n\t<meta property=\"og:image:height\" content=\"1200\" \/>\n\t<meta property=\"og:image:type\" content=\"image\/jpeg\" \/>\n<meta name=\"twitter:card\" content=\"summary_large_image\" \/>\n<script type=\"application\/ld+json\" class=\"yoast-schema-graph\">{\"@context\":\"https:\/\/schema.org\",\"@graph\":[{\"@type\":\"WebPage\",\"@id\":\"https:\/\/hubsch-interior.com\/fr\/produit\/cover-lampe-murale-laiton\/\",\"url\":\"https:\/\/hubsch-interior.com\/fr\/produit\/cover-lampe-murale-laiton\/\",\"name\":\"Cover Lampe murale Laiton - H\u00fcbsch\",\"isPartOf\":{\"@id\":\"https:\/\/hubsch-interior.com\/fr\/#website\"},\"primaryImageOfPage\":{\"@id\":\"https:\/\/hubsch-interior.com\/fr\/produit\/cover-lampe-murale-laiton\/#primaryimage\"},\"image\":{\"@id\":\"https:\/\/hubsch-interior.com\/fr\/produit\/cover-lampe-murale-laiton\/#primaryimage\"},\"thumbnailUrl\":\"https:\/\/hubsch-interior.com\/wp-content\/uploads\/2026\/02\/cover-wall-lamp-brass-aaf17b32b2150174cfbd25111b8570ff.jpg\",\"datePublished\":\"2026-01-31T04:30:06+00:00\",\"dateModified\":\"2026-04-05T03:26:44+00:00\",\"description\":\"D\u00e9couvrez la Cover Lampe murale, un ajout essentiel \u00e0 votre int\u00e9rieur gr\u00e2ce \u00e0 son design classique et discret. Con\u00e7ue avec une surface en laiton bross\u00e9,\",\"breadcrumb\":{\"@id\":\"https:\/\/hubsch-interior.com\/fr\/produit\/cover-lampe-murale-laiton\/#breadcrumb\"},\"inLanguage\":\"fr-FR\",\"potentialAction\":[{\"@type\":\"ReadAction\",\"target\":[\"https:\/\/hubsch-interior.com\/fr\/produit\/cover-lampe-murale-laiton\/\"]}]},{\"@type\":\"ImageObject\",\"inLanguage\":\"fr-FR\",\"@id\":\"https:\/\/hubsch-interior.com\/fr\/produit\/cover-lampe-murale-laiton\/#primaryimage\",\"url\":\"https:\/\/hubsch-interior.com\/wp-content\/uploads\/2026\/02\/cover-wall-lamp-brass-aaf17b32b2150174cfbd25111b8570ff.jpg\",\"contentUrl\":\"https:\/\/hubsch-interior.com\/wp-content\/uploads\/2026\/02\/cover-wall-lamp-brass-aaf17b32b2150174cfbd25111b8570ff.jpg\",\"width\":1024,\"height\":1024},{\"@type\":\"BreadcrumbList\",\"@id\":\"https:\/\/hubsch-interior.com\/fr\/produit\/cover-lampe-murale-laiton\/#breadcrumb\",\"itemListElement\":[{\"@type\":\"ListItem\",\"position\":1,\"name\":\"Page d'accueil\",\"item\":\"https:\/\/hubsch-interior.com\/fr\/\"},{\"@type\":\"ListItem\",\"position\":2,\"name\":\"Produits\",\"item\":\"https:\/\/hubsch-interior.com\/fr\/shop-2\/\"},{\"@type\":\"ListItem\",\"position\":3,\"name\":\"Cover Lampe murale Laiton\"}]},{\"@type\":\"WebSite\",\"@id\":\"https:\/\/hubsch-interior.com\/fr\/#website\",\"url\":\"https:\/\/hubsch-interior.com\/fr\/\",\"name\":\"H\u00fcbsch\",\"description\":\"Danish Home Interior and Design\",\"publisher\":{\"@id\":\"https:\/\/hubsch-interior.com\/fr\/#organization\"},\"potentialAction\":[{\"@type\":\"SearchAction\",\"target\":{\"@type\":\"EntryPoint\",\"urlTemplate\":\"https:\/\/hubsch-interior.com\/fr\/?s={search_term_string}\"},\"query-input\":{\"@type\":\"PropertyValueSpecification\",\"valueRequired\":true,\"valueName\":\"search_term_string\"}}],\"inLanguage\":\"fr-FR\"},{\"@type\":\"Organization\",\"@id\":\"https:\/\/hubsch-interior.com\/fr\/#organization\",\"name\":\"H\u00fcbsch\",\"url\":\"https:\/\/hubsch-interior.com\/fr\/\",\"logo\":{\"@type\":\"ImageObject\",\"inLanguage\":\"fr-FR\",\"@id\":\"https:\/\/hubsch-interior.com\/fr\/#\/schema\/logo\/image\/\",\"url\":\"https:\/\/hubsch-interior.com\/wp-content\/uploads\/2022\/12\/Hubsch_logo_black_one_line.svg\",\"contentUrl\":\"https:\/\/hubsch-interior.com\/wp-content\/uploads\/2022\/12\/Hubsch_logo_black_one_line.svg\",\"caption\":\"H\u00fcbsch\"},\"image\":{\"@id\":\"https:\/\/hubsch-interior.com\/fr\/#\/schema\/logo\/image\/\"}}]}<\/script>\n<!-- \/ Yoast SEO plugin. -->","yoast_head_json":{"title":"Cover Lampe murale Laiton - H\u00fcbsch","description":"D\u00e9couvrez la Cover Lampe murale, un ajout essentiel \u00e0 votre int\u00e9rieur gr\u00e2ce \u00e0 son design classique et discret. Con\u00e7ue avec une surface en laiton bross\u00e9,","robots":{"index":"index","follow":"follow","max-snippet":"max-snippet:-1","max-image-preview":"max-image-preview:large","max-video-preview":"max-video-preview:-1"},"canonical":"https:\/\/hubsch-interior.com\/fr\/wp-json\/wp\/v2\/product\/1089532","og_locale":"fr_FR","og_type":"article","og_title":"Cover Lampe murale Laiton - H\u00fcbsch","og_description":"D\u00e9couvrez la Cover Lampe murale, un ajout essentiel \u00e0 votre int\u00e9rieur gr\u00e2ce \u00e0 son design classique et discret. Con\u00e7ue avec une surface en laiton bross\u00e9,","og_url":"https:\/\/hubsch-interior.com\/fr\/produit\/cover-lampe-murale-laiton\/","og_site_name":"H\u00fcbsch","article_modified_time":"2026-04-05T03:26:44+00:00","og_image":[{"width":1200,"height":1200,"url":"https:\/\/hubsch-interior.com\/wp-content\/uploads\/2026\/01\/cover-wall-lamp-brass-6651ae95b57efa293268b1af56a71178.jpg","type":"image\/jpeg"}],"twitter_card":"summary_large_image","schema":{"@context":"https:\/\/schema.org","@graph":[{"@type":"WebPage","@id":"https:\/\/hubsch-interior.com\/fr\/produit\/cover-lampe-murale-laiton\/","url":"https:\/\/hubsch-interior.com\/fr\/produit\/cover-lampe-murale-laiton\/","name":"Cover Lampe murale Laiton - H\u00fcbsch","isPartOf":{"@id":"https:\/\/hubsch-interior.com\/fr\/#website"},"primaryImageOfPage":{"@id":"https:\/\/hubsch-interior.com\/fr\/produit\/cover-lampe-murale-laiton\/#primaryimage"},"image":{"@id":"https:\/\/hubsch-interior.com\/fr\/produit\/cover-lampe-murale-laiton\/#primaryimage"},"thumbnailUrl":"https:\/\/hubsch-interior.com\/wp-content\/uploads\/2026\/02\/cover-wall-lamp-brass-aaf17b32b2150174cfbd25111b8570ff.jpg","datePublished":"2026-01-31T04:30:06+00:00","dateModified":"2026-04-05T03:26:44+00:00","description":"D\u00e9couvrez la Cover Lampe murale, un ajout essentiel \u00e0 votre int\u00e9rieur gr\u00e2ce \u00e0 son design classique et discret. Con\u00e7ue avec une surface en laiton bross\u00e9,","breadcrumb":{"@id":"https:\/\/hubsch-interior.com\/fr\/produit\/cover-lampe-murale-laiton\/#breadcrumb"},"inLanguage":"fr-FR","potentialAction":[{"@type":"ReadAction","target":["https:\/\/hubsch-interior.com\/fr\/produit\/cover-lampe-murale-laiton\/"]}]},{"@type":"ImageObject","inLanguage":"fr-FR","@id":"https:\/\/hubsch-interior.com\/fr\/produit\/cover-lampe-murale-laiton\/#primaryimage","url":"https:\/\/hubsch-interior.com\/wp-content\/uploads\/2026\/02\/cover-wall-lamp-brass-aaf17b32b2150174cfbd25111b8570ff.jpg","contentUrl":"https:\/\/hubsch-interior.com\/wp-content\/uploads\/2026\/02\/cover-wall-lamp-brass-aaf17b32b2150174cfbd25111b8570ff.jpg","width":1024,"height":1024},{"@type":"BreadcrumbList","@id":"https:\/\/hubsch-interior.com\/fr\/produit\/cover-lampe-murale-laiton\/#breadcrumb","itemListElement":[{"@type":"ListItem","position":1,"name":"Page d'accueil","item":"https:\/\/hubsch-interior.com\/fr\/"},{"@type":"ListItem","position":2,"name":"Produits","item":"https:\/\/hubsch-interior.com\/fr\/shop-2\/"},{"@type":"ListItem","position":3,"name":"Cover Lampe murale Laiton"}]},{"@type":"WebSite","@id":"https:\/\/hubsch-interior.com\/fr\/#website","url":"https:\/\/hubsch-interior.com\/fr\/","name":"H\u00fcbsch","description":"Danish Home Interior and Design","publisher":{"@id":"https:\/\/hubsch-interior.com\/fr\/#organization"},"potentialAction":[{"@type":"SearchAction","target":{"@type":"EntryPoint","urlTemplate":"https:\/\/hubsch-interior.com\/fr\/?s={search_term_string}"},"query-input":{"@type":"PropertyValueSpecification","valueRequired":true,"valueName":"search_term_string"}}],"inLanguage":"fr-FR"},{"@type":"Organization","@id":"https:\/\/hubsch-interior.com\/fr\/#organization","name":"H\u00fcbsch","url":"https:\/\/hubsch-interior.com\/fr\/","logo":{"@type":"ImageObject","inLanguage":"fr-FR","@id":"https:\/\/hubsch-interior.com\/fr\/#\/schema\/logo\/image\/","url":"https:\/\/hubsch-interior.com\/wp-content\/uploads\/2022\/12\/Hubsch_logo_black_one_line.svg","contentUrl":"https:\/\/hubsch-interior.com\/wp-content\/uploads\/2022\/12\/Hubsch_logo_black_one_line.svg","caption":"H\u00fcbsch"},"image":{"@id":"https:\/\/hubsch-interior.com\/fr\/#\/schema\/logo\/image\/"}}]}},"_links":{"self":[{"href":"https:\/\/hubsch-interior.com\/fr\/wp-json\/wp\/v2\/product\/1089532","targetHints":{"allow":["GET"]}}],"collection":[{"href":"https:\/\/hubsch-interior.com\/fr\/wp-json\/wp\/v2\/product"}],"about":[{"href":"https:\/\/hubsch-interior.com\/fr\/wp-json\/wp\/v2\/types\/product"}],"wp:featuredmedia":[{"embeddable":true,"href":"https:\/\/hubsch-interior.com\/fr\/wp-json\/wp\/v2\/media\/1111920"}],"wp:attachment":[{"href":"https:\/\/hubsch-interior.com\/fr\/wp-json\/wp\/v2\/media?parent=1089532"}],"wp:term":[{"taxonomy":"product_brand","embeddable":true,"href":"https:\/\/hubsch-interior.com\/fr\/wp-json\/wp\/v2\/product_brand?post=1089532"},{"taxonomy":"product_cat","embeddable":true,"href":"https:\/\/hubsch-interior.com\/fr\/wp-json\/wp\/v2\/product_cat?post=1089532"},{"taxonomy":"product_tag","embeddable":true,"href":"https:\/\/hubsch-interior.com\/fr\/wp-json\/wp\/v2\/product_tag?post=1089532"}],"curies":[{"name":"wp","href":"https:\/\/api.w.org\/{rel}","templated":true}]}}