{"id":1089584,"date":"2026-01-31T05:30:46","date_gmt":"2026-01-31T04:30:46","guid":{"rendered":"https:\/\/hubsch-interior.com\/product\/product\/"},"modified":"2026-04-05T05:26:58","modified_gmt":"2026-04-05T03:26:58","slug":"low-lampe-portative-bleu","status":"publish","type":"product","link":"https:\/\/hubsch-interior.com\/fr\/produit\/low-lampe-portative-bleu\/","title":{"rendered":"Low Lampe portative Bleu"},"content":{"rendered":"<p>Voici votre nouveau charmant compagnon, la Lampe Portative Low, v\u00eatue d&#8217;un bleu poussi\u00e9reux avec une surface scintillante. Cette petite lampe portative est pr\u00eate \u00e0 vous accompagner partout, diffusant une lumi\u00e8re chaleureuse \u00e0 travers son abat-jour en verre opale. Que ce soit pour illuminer un coin lecture cosy ou servir de lampe de chevet \u00e9l\u00e9gante, son design \u00e0 la fois ludique et \u00e9l\u00e9gant enrichit tout espace d&#8217;une touche de sophistication. Parfaite pour les moments personnels, o\u00f9 que vous d\u00e9cidiez de vous d\u00e9tendre.<br \/>\nPour cette lampe, utilisez une ampoule LED dimmable.<\/p>\n","protected":false},"excerpt":{"rendered":"<p>Voici votre nouveau charmant compagnon, la Lampe Portative Low, v\u00eatue d&#8217;un bleu poussi\u00e9reux avec une surface scintillante. Cette petite lampe portative est pr\u00eate \u00e0 vous accompagner partout, diffusant une lumi\u00e8re chaleureuse \u00e0 travers son abat-jour en verre opale. Que ce soit pour illuminer un coin lecture cosy ou servir de lampe de chevet \u00e9l\u00e9gante, son [&hellip;]<\/p>\n","protected":false},"featured_media":1111952,"template":"","meta":{"_acf_changed":false,"inline_featured_image":false},"product_brand":[],"product_cat":[7154,6962,3810,3500,5046],"product_tag":[],"class_list":{"0":"post-1089584","1":"product","2":"type-product","3":"status-publish","4":"has-post-thumbnail","6":"product_cat-dweller-fr","7":"product_cat-lampes-portatives-fr","8":"product_cat-luminaires","9":"product_cat-lampes-a-poser-fr","10":"product_cat-nouveautes-fr","11":"product_shipping_class-pk","13":"pa_color-bleu-2","14":"pa_material-fer-fr","15":"pa_material-verre-fr","17":"first","18":"instock","19":"taxable","20":"shipping-taxable","21":"purchasable","22":"product-type-simple"},"exclude_global_add_ons":[],"addons":[],"acf":[],"yoast_head":"<!-- This site is optimized with the Yoast SEO plugin v26.4 - https:\/\/yoast.com\/wordpress\/plugins\/seo\/ -->\n<title>Low Lampe portative Bleu - H\u00fcbsch<\/title>\n<meta name=\"description\" content=\"Voici votre nouveau charmant compagnon, la Lampe Portative Low, v\u00eatue d&#039;un bleu poussi\u00e9reux avec une surface scintillante. Cette petite lampe portative\" \/>\n<meta name=\"robots\" content=\"index, follow, max-snippet:-1, max-image-preview:large, max-video-preview:-1\" \/>\n<link rel=\"canonical\" href=\"https:\/\/hubsch-interior.com\/fr\/wp-json\/wp\/v2\/product\/1089584\" \/>\n<meta property=\"og:locale\" content=\"fr_FR\" \/>\n<meta property=\"og:type\" content=\"article\" \/>\n<meta property=\"og:title\" content=\"Low Lampe portative Bleu - H\u00fcbsch\" \/>\n<meta property=\"og:description\" content=\"Voici votre nouveau charmant compagnon, la Lampe Portative Low, v\u00eatue d&#039;un bleu poussi\u00e9reux avec une surface scintillante. Cette petite lampe portative\" \/>\n<meta property=\"og:url\" content=\"https:\/\/hubsch-interior.com\/fr\/produit\/low-lampe-portative-bleu\/\" \/>\n<meta property=\"og:site_name\" content=\"H\u00fcbsch\" \/>\n<meta property=\"article:modified_time\" content=\"2026-04-05T03:26:58+00:00\" \/>\n<meta property=\"og:image\" content=\"https:\/\/hubsch-interior.com\/wp-content\/uploads\/2026\/01\/low-portable-lamp-blue-470f68d6f59997bb9bbf8c04d1695582.jpg\" \/>\n\t<meta property=\"og:image:width\" content=\"1200\" \/>\n\t<meta property=\"og:image:height\" content=\"1200\" \/>\n\t<meta property=\"og:image:type\" content=\"image\/jpeg\" \/>\n<meta name=\"twitter:card\" content=\"summary_large_image\" \/>\n<script type=\"application\/ld+json\" class=\"yoast-schema-graph\">{\"@context\":\"https:\/\/schema.org\",\"@graph\":[{\"@type\":\"WebPage\",\"@id\":\"https:\/\/hubsch-interior.com\/fr\/produit\/low-lampe-portative-bleu\/\",\"url\":\"https:\/\/hubsch-interior.com\/fr\/produit\/low-lampe-portative-bleu\/\",\"name\":\"Low Lampe portative Bleu - H\u00fcbsch\",\"isPartOf\":{\"@id\":\"https:\/\/hubsch-interior.com\/fr\/#website\"},\"primaryImageOfPage\":{\"@id\":\"https:\/\/hubsch-interior.com\/fr\/produit\/low-lampe-portative-bleu\/#primaryimage\"},\"image\":{\"@id\":\"https:\/\/hubsch-interior.com\/fr\/produit\/low-lampe-portative-bleu\/#primaryimage\"},\"thumbnailUrl\":\"https:\/\/hubsch-interior.com\/wp-content\/uploads\/2026\/02\/low-portable-lamp-blue-7bcf2b1f81600d95c0856aece161fefd.jpg\",\"datePublished\":\"2026-01-31T04:30:46+00:00\",\"dateModified\":\"2026-04-05T03:26:58+00:00\",\"description\":\"Voici votre nouveau charmant compagnon, la Lampe Portative Low, v\u00eatue d'un bleu poussi\u00e9reux avec une surface scintillante. Cette petite lampe portative\",\"breadcrumb\":{\"@id\":\"https:\/\/hubsch-interior.com\/fr\/produit\/low-lampe-portative-bleu\/#breadcrumb\"},\"inLanguage\":\"fr-FR\",\"potentialAction\":[{\"@type\":\"ReadAction\",\"target\":[\"https:\/\/hubsch-interior.com\/fr\/produit\/low-lampe-portative-bleu\/\"]}]},{\"@type\":\"ImageObject\",\"inLanguage\":\"fr-FR\",\"@id\":\"https:\/\/hubsch-interior.com\/fr\/produit\/low-lampe-portative-bleu\/#primaryimage\",\"url\":\"https:\/\/hubsch-interior.com\/wp-content\/uploads\/2026\/02\/low-portable-lamp-blue-7bcf2b1f81600d95c0856aece161fefd.jpg\",\"contentUrl\":\"https:\/\/hubsch-interior.com\/wp-content\/uploads\/2026\/02\/low-portable-lamp-blue-7bcf2b1f81600d95c0856aece161fefd.jpg\",\"width\":1024,\"height\":1024},{\"@type\":\"BreadcrumbList\",\"@id\":\"https:\/\/hubsch-interior.com\/fr\/produit\/low-lampe-portative-bleu\/#breadcrumb\",\"itemListElement\":[{\"@type\":\"ListItem\",\"position\":1,\"name\":\"Page d'accueil\",\"item\":\"https:\/\/hubsch-interior.com\/fr\/\"},{\"@type\":\"ListItem\",\"position\":2,\"name\":\"Produits\",\"item\":\"https:\/\/hubsch-interior.com\/fr\/shop-2\/\"},{\"@type\":\"ListItem\",\"position\":3,\"name\":\"Low Lampe portative Bleu\"}]},{\"@type\":\"WebSite\",\"@id\":\"https:\/\/hubsch-interior.com\/fr\/#website\",\"url\":\"https:\/\/hubsch-interior.com\/fr\/\",\"name\":\"H\u00fcbsch\",\"description\":\"Danish Home Interior and Design\",\"publisher\":{\"@id\":\"https:\/\/hubsch-interior.com\/fr\/#organization\"},\"potentialAction\":[{\"@type\":\"SearchAction\",\"target\":{\"@type\":\"EntryPoint\",\"urlTemplate\":\"https:\/\/hubsch-interior.com\/fr\/?s={search_term_string}\"},\"query-input\":{\"@type\":\"PropertyValueSpecification\",\"valueRequired\":true,\"valueName\":\"search_term_string\"}}],\"inLanguage\":\"fr-FR\"},{\"@type\":\"Organization\",\"@id\":\"https:\/\/hubsch-interior.com\/fr\/#organization\",\"name\":\"H\u00fcbsch\",\"url\":\"https:\/\/hubsch-interior.com\/fr\/\",\"logo\":{\"@type\":\"ImageObject\",\"inLanguage\":\"fr-FR\",\"@id\":\"https:\/\/hubsch-interior.com\/fr\/#\/schema\/logo\/image\/\",\"url\":\"https:\/\/hubsch-interior.com\/wp-content\/uploads\/2022\/12\/Hubsch_logo_black_one_line.svg\",\"contentUrl\":\"https:\/\/hubsch-interior.com\/wp-content\/uploads\/2022\/12\/Hubsch_logo_black_one_line.svg\",\"caption\":\"H\u00fcbsch\"},\"image\":{\"@id\":\"https:\/\/hubsch-interior.com\/fr\/#\/schema\/logo\/image\/\"}}]}<\/script>\n<!-- \/ Yoast SEO plugin. -->","yoast_head_json":{"title":"Low Lampe portative Bleu - H\u00fcbsch","description":"Voici votre nouveau charmant compagnon, la Lampe Portative Low, v\u00eatue d'un bleu poussi\u00e9reux avec une surface scintillante. Cette petite lampe portative","robots":{"index":"index","follow":"follow","max-snippet":"max-snippet:-1","max-image-preview":"max-image-preview:large","max-video-preview":"max-video-preview:-1"},"canonical":"https:\/\/hubsch-interior.com\/fr\/wp-json\/wp\/v2\/product\/1089584","og_locale":"fr_FR","og_type":"article","og_title":"Low Lampe portative Bleu - H\u00fcbsch","og_description":"Voici votre nouveau charmant compagnon, la Lampe Portative Low, v\u00eatue d'un bleu poussi\u00e9reux avec une surface scintillante. Cette petite lampe portative","og_url":"https:\/\/hubsch-interior.com\/fr\/produit\/low-lampe-portative-bleu\/","og_site_name":"H\u00fcbsch","article_modified_time":"2026-04-05T03:26:58+00:00","og_image":[{"width":1200,"height":1200,"url":"https:\/\/hubsch-interior.com\/wp-content\/uploads\/2026\/01\/low-portable-lamp-blue-470f68d6f59997bb9bbf8c04d1695582.jpg","type":"image\/jpeg"}],"twitter_card":"summary_large_image","schema":{"@context":"https:\/\/schema.org","@graph":[{"@type":"WebPage","@id":"https:\/\/hubsch-interior.com\/fr\/produit\/low-lampe-portative-bleu\/","url":"https:\/\/hubsch-interior.com\/fr\/produit\/low-lampe-portative-bleu\/","name":"Low Lampe portative Bleu - H\u00fcbsch","isPartOf":{"@id":"https:\/\/hubsch-interior.com\/fr\/#website"},"primaryImageOfPage":{"@id":"https:\/\/hubsch-interior.com\/fr\/produit\/low-lampe-portative-bleu\/#primaryimage"},"image":{"@id":"https:\/\/hubsch-interior.com\/fr\/produit\/low-lampe-portative-bleu\/#primaryimage"},"thumbnailUrl":"https:\/\/hubsch-interior.com\/wp-content\/uploads\/2026\/02\/low-portable-lamp-blue-7bcf2b1f81600d95c0856aece161fefd.jpg","datePublished":"2026-01-31T04:30:46+00:00","dateModified":"2026-04-05T03:26:58+00:00","description":"Voici votre nouveau charmant compagnon, la Lampe Portative Low, v\u00eatue d'un bleu poussi\u00e9reux avec une surface scintillante. Cette petite lampe portative","breadcrumb":{"@id":"https:\/\/hubsch-interior.com\/fr\/produit\/low-lampe-portative-bleu\/#breadcrumb"},"inLanguage":"fr-FR","potentialAction":[{"@type":"ReadAction","target":["https:\/\/hubsch-interior.com\/fr\/produit\/low-lampe-portative-bleu\/"]}]},{"@type":"ImageObject","inLanguage":"fr-FR","@id":"https:\/\/hubsch-interior.com\/fr\/produit\/low-lampe-portative-bleu\/#primaryimage","url":"https:\/\/hubsch-interior.com\/wp-content\/uploads\/2026\/02\/low-portable-lamp-blue-7bcf2b1f81600d95c0856aece161fefd.jpg","contentUrl":"https:\/\/hubsch-interior.com\/wp-content\/uploads\/2026\/02\/low-portable-lamp-blue-7bcf2b1f81600d95c0856aece161fefd.jpg","width":1024,"height":1024},{"@type":"BreadcrumbList","@id":"https:\/\/hubsch-interior.com\/fr\/produit\/low-lampe-portative-bleu\/#breadcrumb","itemListElement":[{"@type":"ListItem","position":1,"name":"Page d'accueil","item":"https:\/\/hubsch-interior.com\/fr\/"},{"@type":"ListItem","position":2,"name":"Produits","item":"https:\/\/hubsch-interior.com\/fr\/shop-2\/"},{"@type":"ListItem","position":3,"name":"Low Lampe portative Bleu"}]},{"@type":"WebSite","@id":"https:\/\/hubsch-interior.com\/fr\/#website","url":"https:\/\/hubsch-interior.com\/fr\/","name":"H\u00fcbsch","description":"Danish Home Interior and Design","publisher":{"@id":"https:\/\/hubsch-interior.com\/fr\/#organization"},"potentialAction":[{"@type":"SearchAction","target":{"@type":"EntryPoint","urlTemplate":"https:\/\/hubsch-interior.com\/fr\/?s={search_term_string}"},"query-input":{"@type":"PropertyValueSpecification","valueRequired":true,"valueName":"search_term_string"}}],"inLanguage":"fr-FR"},{"@type":"Organization","@id":"https:\/\/hubsch-interior.com\/fr\/#organization","name":"H\u00fcbsch","url":"https:\/\/hubsch-interior.com\/fr\/","logo":{"@type":"ImageObject","inLanguage":"fr-FR","@id":"https:\/\/hubsch-interior.com\/fr\/#\/schema\/logo\/image\/","url":"https:\/\/hubsch-interior.com\/wp-content\/uploads\/2022\/12\/Hubsch_logo_black_one_line.svg","contentUrl":"https:\/\/hubsch-interior.com\/wp-content\/uploads\/2022\/12\/Hubsch_logo_black_one_line.svg","caption":"H\u00fcbsch"},"image":{"@id":"https:\/\/hubsch-interior.com\/fr\/#\/schema\/logo\/image\/"}}]}},"_links":{"self":[{"href":"https:\/\/hubsch-interior.com\/fr\/wp-json\/wp\/v2\/product\/1089584","targetHints":{"allow":["GET"]}}],"collection":[{"href":"https:\/\/hubsch-interior.com\/fr\/wp-json\/wp\/v2\/product"}],"about":[{"href":"https:\/\/hubsch-interior.com\/fr\/wp-json\/wp\/v2\/types\/product"}],"wp:featuredmedia":[{"embeddable":true,"href":"https:\/\/hubsch-interior.com\/fr\/wp-json\/wp\/v2\/media\/1111952"}],"wp:attachment":[{"href":"https:\/\/hubsch-interior.com\/fr\/wp-json\/wp\/v2\/media?parent=1089584"}],"wp:term":[{"taxonomy":"product_brand","embeddable":true,"href":"https:\/\/hubsch-interior.com\/fr\/wp-json\/wp\/v2\/product_brand?post=1089584"},{"taxonomy":"product_cat","embeddable":true,"href":"https:\/\/hubsch-interior.com\/fr\/wp-json\/wp\/v2\/product_cat?post=1089584"},{"taxonomy":"product_tag","embeddable":true,"href":"https:\/\/hubsch-interior.com\/fr\/wp-json\/wp\/v2\/product_tag?post=1089584"}],"curies":[{"name":"wp","href":"https:\/\/api.w.org\/{rel}","templated":true}]}}