{"id":1089600,"date":"2026-01-31T05:30:59","date_gmt":"2026-01-31T04:30:59","guid":{"rendered":"https:\/\/hubsch-interior.com\/product\/product\/"},"modified":"2026-04-05T05:27:02","modified_gmt":"2026-04-05T03:27:02","slug":"low-lampe-portative-nickel","status":"publish","type":"product","link":"https:\/\/hubsch-interior.com\/fr\/produit\/low-lampe-portative-nickel\/","title":{"rendered":"Low Lampe portative Nickel"},"content":{"rendered":"<p>D\u00e9couvrez le charme de la Low Lampe Portative, votre nouvelle compagne pour tous les environnements int\u00e9rieurs. Con\u00e7ue avec un design \u00e9l\u00e9gant et ludique, cette pi\u00e8ce est dot\u00e9e d&#8217;un joli abat-jour en verre opale et d&#8217;une surface raffin\u00e9e en nickel bross\u00e9. Que ce soit pour illuminer un petit coin lecture cosy ou pour servir de lampe de chevet \u00e9l\u00e9gante, cette petite lampe portative est pr\u00eate \u00e0 vous suivre partout, ajoutant une touche de sophistication et de chaleur \u00e0 votre espace personnel.<br \/>\nPour cette lampe, utilisez une ampoule LED dimmable.<\/p>\n","protected":false},"excerpt":{"rendered":"<p>D\u00e9couvrez le charme de la Low Lampe Portative, votre nouvelle compagne pour tous les environnements int\u00e9rieurs. Con\u00e7ue avec un design \u00e9l\u00e9gant et ludique, cette pi\u00e8ce est dot\u00e9e d&#8217;un joli abat-jour en verre opale et d&#8217;une surface raffin\u00e9e en nickel bross\u00e9. Que ce soit pour illuminer un petit coin lecture cosy ou pour servir de lampe [&hellip;]<\/p>\n","protected":false},"featured_media":1111964,"template":"","meta":{"_acf_changed":false,"inline_featured_image":false},"product_brand":[],"product_cat":[7154,6962,3810,3500,5046],"product_tag":[],"class_list":{"0":"post-1089600","1":"product","2":"type-product","3":"status-publish","4":"has-post-thumbnail","6":"product_cat-dweller-fr","7":"product_cat-lampes-portatives-fr","8":"product_cat-luminaires","9":"product_cat-lampes-a-poser-fr","10":"product_cat-nouveautes-fr","11":"product_shipping_class-pk","13":"pa_color-nickel-fr","14":"pa_material-fer-fr","15":"pa_material-verre-fr","17":"first","18":"instock","19":"taxable","20":"shipping-taxable","21":"purchasable","22":"product-type-simple"},"exclude_global_add_ons":[],"addons":[],"acf":[],"yoast_head":"<!-- This site is optimized with the Yoast SEO plugin v26.4 - https:\/\/yoast.com\/wordpress\/plugins\/seo\/ -->\n<title>Low Lampe portative Nickel - H\u00fcbsch<\/title>\n<meta name=\"description\" content=\"D\u00e9couvrez le charme de la Low Lampe Portative, votre nouvelle compagne pour tous les environnements int\u00e9rieurs. Con\u00e7ue avec un design \u00e9l\u00e9gant et ludique,\" \/>\n<meta name=\"robots\" content=\"index, follow, max-snippet:-1, max-image-preview:large, max-video-preview:-1\" \/>\n<link rel=\"canonical\" href=\"https:\/\/hubsch-interior.com\/fr\/wp-json\/wp\/v2\/product\/1089600\" \/>\n<meta property=\"og:locale\" content=\"fr_FR\" \/>\n<meta property=\"og:type\" content=\"article\" \/>\n<meta property=\"og:title\" content=\"Low Lampe portative Nickel - H\u00fcbsch\" \/>\n<meta property=\"og:description\" content=\"D\u00e9couvrez le charme de la Low Lampe Portative, votre nouvelle compagne pour tous les environnements int\u00e9rieurs. Con\u00e7ue avec un design \u00e9l\u00e9gant et ludique,\" \/>\n<meta property=\"og:url\" content=\"https:\/\/hubsch-interior.com\/fr\/produit\/low-lampe-portative-nickel\/\" \/>\n<meta property=\"og:site_name\" content=\"H\u00fcbsch\" \/>\n<meta property=\"article:modified_time\" content=\"2026-04-05T03:27:02+00:00\" \/>\n<meta property=\"og:image\" content=\"https:\/\/hubsch-interior.com\/wp-content\/uploads\/2026\/01\/low-portable-lamp-nickel-77b3369f298c5464f568d511df4755b9.jpg\" \/>\n\t<meta property=\"og:image:width\" content=\"1200\" \/>\n\t<meta property=\"og:image:height\" content=\"1200\" \/>\n\t<meta property=\"og:image:type\" content=\"image\/jpeg\" \/>\n<meta name=\"twitter:card\" content=\"summary_large_image\" \/>\n<script type=\"application\/ld+json\" class=\"yoast-schema-graph\">{\"@context\":\"https:\/\/schema.org\",\"@graph\":[{\"@type\":\"WebPage\",\"@id\":\"https:\/\/hubsch-interior.com\/fr\/produit\/low-lampe-portative-nickel\/\",\"url\":\"https:\/\/hubsch-interior.com\/fr\/produit\/low-lampe-portative-nickel\/\",\"name\":\"Low Lampe portative Nickel - H\u00fcbsch\",\"isPartOf\":{\"@id\":\"https:\/\/hubsch-interior.com\/fr\/#website\"},\"primaryImageOfPage\":{\"@id\":\"https:\/\/hubsch-interior.com\/fr\/produit\/low-lampe-portative-nickel\/#primaryimage\"},\"image\":{\"@id\":\"https:\/\/hubsch-interior.com\/fr\/produit\/low-lampe-portative-nickel\/#primaryimage\"},\"thumbnailUrl\":\"https:\/\/hubsch-interior.com\/wp-content\/uploads\/2026\/02\/low-portable-lamp-nickel-dc5dafbe0911bd3bfd88ed89da7a4422.jpg\",\"datePublished\":\"2026-01-31T04:30:59+00:00\",\"dateModified\":\"2026-04-05T03:27:02+00:00\",\"description\":\"D\u00e9couvrez le charme de la Low Lampe Portative, votre nouvelle compagne pour tous les environnements int\u00e9rieurs. Con\u00e7ue avec un design \u00e9l\u00e9gant et ludique,\",\"breadcrumb\":{\"@id\":\"https:\/\/hubsch-interior.com\/fr\/produit\/low-lampe-portative-nickel\/#breadcrumb\"},\"inLanguage\":\"fr-FR\",\"potentialAction\":[{\"@type\":\"ReadAction\",\"target\":[\"https:\/\/hubsch-interior.com\/fr\/produit\/low-lampe-portative-nickel\/\"]}]},{\"@type\":\"ImageObject\",\"inLanguage\":\"fr-FR\",\"@id\":\"https:\/\/hubsch-interior.com\/fr\/produit\/low-lampe-portative-nickel\/#primaryimage\",\"url\":\"https:\/\/hubsch-interior.com\/wp-content\/uploads\/2026\/02\/low-portable-lamp-nickel-dc5dafbe0911bd3bfd88ed89da7a4422.jpg\",\"contentUrl\":\"https:\/\/hubsch-interior.com\/wp-content\/uploads\/2026\/02\/low-portable-lamp-nickel-dc5dafbe0911bd3bfd88ed89da7a4422.jpg\",\"width\":1024,\"height\":1024},{\"@type\":\"BreadcrumbList\",\"@id\":\"https:\/\/hubsch-interior.com\/fr\/produit\/low-lampe-portative-nickel\/#breadcrumb\",\"itemListElement\":[{\"@type\":\"ListItem\",\"position\":1,\"name\":\"Page d'accueil\",\"item\":\"https:\/\/hubsch-interior.com\/fr\/\"},{\"@type\":\"ListItem\",\"position\":2,\"name\":\"Produits\",\"item\":\"https:\/\/hubsch-interior.com\/fr\/shop-2\/\"},{\"@type\":\"ListItem\",\"position\":3,\"name\":\"Low Lampe portative Nickel\"}]},{\"@type\":\"WebSite\",\"@id\":\"https:\/\/hubsch-interior.com\/fr\/#website\",\"url\":\"https:\/\/hubsch-interior.com\/fr\/\",\"name\":\"H\u00fcbsch\",\"description\":\"Danish Home Interior and Design\",\"publisher\":{\"@id\":\"https:\/\/hubsch-interior.com\/fr\/#organization\"},\"potentialAction\":[{\"@type\":\"SearchAction\",\"target\":{\"@type\":\"EntryPoint\",\"urlTemplate\":\"https:\/\/hubsch-interior.com\/fr\/?s={search_term_string}\"},\"query-input\":{\"@type\":\"PropertyValueSpecification\",\"valueRequired\":true,\"valueName\":\"search_term_string\"}}],\"inLanguage\":\"fr-FR\"},{\"@type\":\"Organization\",\"@id\":\"https:\/\/hubsch-interior.com\/fr\/#organization\",\"name\":\"H\u00fcbsch\",\"url\":\"https:\/\/hubsch-interior.com\/fr\/\",\"logo\":{\"@type\":\"ImageObject\",\"inLanguage\":\"fr-FR\",\"@id\":\"https:\/\/hubsch-interior.com\/fr\/#\/schema\/logo\/image\/\",\"url\":\"https:\/\/hubsch-interior.com\/wp-content\/uploads\/2022\/12\/Hubsch_logo_black_one_line.svg\",\"contentUrl\":\"https:\/\/hubsch-interior.com\/wp-content\/uploads\/2022\/12\/Hubsch_logo_black_one_line.svg\",\"caption\":\"H\u00fcbsch\"},\"image\":{\"@id\":\"https:\/\/hubsch-interior.com\/fr\/#\/schema\/logo\/image\/\"}}]}<\/script>\n<!-- \/ Yoast SEO plugin. -->","yoast_head_json":{"title":"Low Lampe portative Nickel - H\u00fcbsch","description":"D\u00e9couvrez le charme de la Low Lampe Portative, votre nouvelle compagne pour tous les environnements int\u00e9rieurs. Con\u00e7ue avec un design \u00e9l\u00e9gant et ludique,","robots":{"index":"index","follow":"follow","max-snippet":"max-snippet:-1","max-image-preview":"max-image-preview:large","max-video-preview":"max-video-preview:-1"},"canonical":"https:\/\/hubsch-interior.com\/fr\/wp-json\/wp\/v2\/product\/1089600","og_locale":"fr_FR","og_type":"article","og_title":"Low Lampe portative Nickel - H\u00fcbsch","og_description":"D\u00e9couvrez le charme de la Low Lampe Portative, votre nouvelle compagne pour tous les environnements int\u00e9rieurs. Con\u00e7ue avec un design \u00e9l\u00e9gant et ludique,","og_url":"https:\/\/hubsch-interior.com\/fr\/produit\/low-lampe-portative-nickel\/","og_site_name":"H\u00fcbsch","article_modified_time":"2026-04-05T03:27:02+00:00","og_image":[{"width":1200,"height":1200,"url":"https:\/\/hubsch-interior.com\/wp-content\/uploads\/2026\/01\/low-portable-lamp-nickel-77b3369f298c5464f568d511df4755b9.jpg","type":"image\/jpeg"}],"twitter_card":"summary_large_image","schema":{"@context":"https:\/\/schema.org","@graph":[{"@type":"WebPage","@id":"https:\/\/hubsch-interior.com\/fr\/produit\/low-lampe-portative-nickel\/","url":"https:\/\/hubsch-interior.com\/fr\/produit\/low-lampe-portative-nickel\/","name":"Low Lampe portative Nickel - H\u00fcbsch","isPartOf":{"@id":"https:\/\/hubsch-interior.com\/fr\/#website"},"primaryImageOfPage":{"@id":"https:\/\/hubsch-interior.com\/fr\/produit\/low-lampe-portative-nickel\/#primaryimage"},"image":{"@id":"https:\/\/hubsch-interior.com\/fr\/produit\/low-lampe-portative-nickel\/#primaryimage"},"thumbnailUrl":"https:\/\/hubsch-interior.com\/wp-content\/uploads\/2026\/02\/low-portable-lamp-nickel-dc5dafbe0911bd3bfd88ed89da7a4422.jpg","datePublished":"2026-01-31T04:30:59+00:00","dateModified":"2026-04-05T03:27:02+00:00","description":"D\u00e9couvrez le charme de la Low Lampe Portative, votre nouvelle compagne pour tous les environnements int\u00e9rieurs. Con\u00e7ue avec un design \u00e9l\u00e9gant et ludique,","breadcrumb":{"@id":"https:\/\/hubsch-interior.com\/fr\/produit\/low-lampe-portative-nickel\/#breadcrumb"},"inLanguage":"fr-FR","potentialAction":[{"@type":"ReadAction","target":["https:\/\/hubsch-interior.com\/fr\/produit\/low-lampe-portative-nickel\/"]}]},{"@type":"ImageObject","inLanguage":"fr-FR","@id":"https:\/\/hubsch-interior.com\/fr\/produit\/low-lampe-portative-nickel\/#primaryimage","url":"https:\/\/hubsch-interior.com\/wp-content\/uploads\/2026\/02\/low-portable-lamp-nickel-dc5dafbe0911bd3bfd88ed89da7a4422.jpg","contentUrl":"https:\/\/hubsch-interior.com\/wp-content\/uploads\/2026\/02\/low-portable-lamp-nickel-dc5dafbe0911bd3bfd88ed89da7a4422.jpg","width":1024,"height":1024},{"@type":"BreadcrumbList","@id":"https:\/\/hubsch-interior.com\/fr\/produit\/low-lampe-portative-nickel\/#breadcrumb","itemListElement":[{"@type":"ListItem","position":1,"name":"Page d'accueil","item":"https:\/\/hubsch-interior.com\/fr\/"},{"@type":"ListItem","position":2,"name":"Produits","item":"https:\/\/hubsch-interior.com\/fr\/shop-2\/"},{"@type":"ListItem","position":3,"name":"Low Lampe portative Nickel"}]},{"@type":"WebSite","@id":"https:\/\/hubsch-interior.com\/fr\/#website","url":"https:\/\/hubsch-interior.com\/fr\/","name":"H\u00fcbsch","description":"Danish Home Interior and Design","publisher":{"@id":"https:\/\/hubsch-interior.com\/fr\/#organization"},"potentialAction":[{"@type":"SearchAction","target":{"@type":"EntryPoint","urlTemplate":"https:\/\/hubsch-interior.com\/fr\/?s={search_term_string}"},"query-input":{"@type":"PropertyValueSpecification","valueRequired":true,"valueName":"search_term_string"}}],"inLanguage":"fr-FR"},{"@type":"Organization","@id":"https:\/\/hubsch-interior.com\/fr\/#organization","name":"H\u00fcbsch","url":"https:\/\/hubsch-interior.com\/fr\/","logo":{"@type":"ImageObject","inLanguage":"fr-FR","@id":"https:\/\/hubsch-interior.com\/fr\/#\/schema\/logo\/image\/","url":"https:\/\/hubsch-interior.com\/wp-content\/uploads\/2022\/12\/Hubsch_logo_black_one_line.svg","contentUrl":"https:\/\/hubsch-interior.com\/wp-content\/uploads\/2022\/12\/Hubsch_logo_black_one_line.svg","caption":"H\u00fcbsch"},"image":{"@id":"https:\/\/hubsch-interior.com\/fr\/#\/schema\/logo\/image\/"}}]}},"_links":{"self":[{"href":"https:\/\/hubsch-interior.com\/fr\/wp-json\/wp\/v2\/product\/1089600","targetHints":{"allow":["GET"]}}],"collection":[{"href":"https:\/\/hubsch-interior.com\/fr\/wp-json\/wp\/v2\/product"}],"about":[{"href":"https:\/\/hubsch-interior.com\/fr\/wp-json\/wp\/v2\/types\/product"}],"wp:featuredmedia":[{"embeddable":true,"href":"https:\/\/hubsch-interior.com\/fr\/wp-json\/wp\/v2\/media\/1111964"}],"wp:attachment":[{"href":"https:\/\/hubsch-interior.com\/fr\/wp-json\/wp\/v2\/media?parent=1089600"}],"wp:term":[{"taxonomy":"product_brand","embeddable":true,"href":"https:\/\/hubsch-interior.com\/fr\/wp-json\/wp\/v2\/product_brand?post=1089600"},{"taxonomy":"product_cat","embeddable":true,"href":"https:\/\/hubsch-interior.com\/fr\/wp-json\/wp\/v2\/product_cat?post=1089600"},{"taxonomy":"product_tag","embeddable":true,"href":"https:\/\/hubsch-interior.com\/fr\/wp-json\/wp\/v2\/product_tag?post=1089600"}],"curies":[{"name":"wp","href":"https:\/\/api.w.org\/{rel}","templated":true}]}}