{"id":1089632,"date":"2026-01-31T05:31:21","date_gmt":"2026-01-31T04:31:21","guid":{"rendered":"https:\/\/hubsch-interior.com\/product\/product\/"},"modified":"2026-04-06T05:21:03","modified_gmt":"2026-04-06T03:21:03","slug":"disco-etagere-small-naturel","status":"publish","type":"product","link":"https:\/\/hubsch-interior.com\/fr\/produit\/disco-etagere-small-naturel\/","title":{"rendered":"Disco \u00c9tag\u00e8re Small Naturel"},"content":{"rendered":"<p>Entrez dans le charme de notre Disco \u00c9tag\u00e8re \u2014 son nom dit tout, c\u00e9l\u00e9brant la joie d&#8217;apprendre et de stocker le savoir. Fabriqu\u00e9e en placage de ch\u00eane exquis, cette version naturelle apporte chaleur et caract\u00e8re \u00e0 toute pi\u00e8ce. Avec six compartiments spacieux, elle est id\u00e9ale pour organiser vos livres pr\u00e9f\u00e9r\u00e9s et exposer vos objets ch\u00e9ris. Confectionn\u00e9e \u00e0 partir de bois certifi\u00e9 FSC, c&#8217;est un choix conscient qui soutient \u00e0 la fois votre curiosit\u00e9 et l&#8217;environnement. Laissez la Disco \u00c9tag\u00e8re transformer votre espace en un havre \u00e9l\u00e9gant d\u00e9di\u00e9 \u00e0 la d\u00e9couverte.<\/p>\n","protected":false},"excerpt":{"rendered":"<p>Entrez dans le charme de notre Disco \u00c9tag\u00e8re \u2014 son nom dit tout, c\u00e9l\u00e9brant la joie d&#8217;apprendre et de stocker le savoir. Fabriqu\u00e9e en placage de ch\u00eane exquis, cette version naturelle apporte chaleur et caract\u00e8re \u00e0 toute pi\u00e8ce. Avec six compartiments spacieux, elle est id\u00e9ale pour organiser vos livres pr\u00e9f\u00e9r\u00e9s et exposer vos objets ch\u00e9ris. [&hellip;]<\/p>\n","protected":false},"featured_media":1112000,"template":"","meta":{"_acf_changed":false,"inline_featured_image":false},"product_brand":[],"product_cat":[4011,7154,4001,6322,5026,5046],"product_tag":[],"class_list":{"0":"post-1089632","1":"product","2":"type-product","3":"status-publish","4":"has-post-thumbnail","6":"product_cat-bibliotheques-fr","7":"product_cat-dweller-fr","8":"product_cat-etageres-et-meubles-de-rangement-fr","9":"product_cat-fsc-fr","10":"product_cat-bestsellers-fr","11":"product_cat-nouveautes-fr","12":"product_shipping_class-p05","14":"pa_color-naturel-2","15":"pa_material-mdf-fr","16":"pa_material-placage-de-chne-2","18":"first","19":"instock","20":"featured","21":"taxable","22":"shipping-taxable","23":"purchasable","24":"product-type-simple"},"exclude_global_add_ons":[],"addons":[],"acf":[],"yoast_head":"<!-- This site is optimized with the Yoast SEO plugin v26.4 - https:\/\/yoast.com\/wordpress\/plugins\/seo\/ -->\n<title>Disco \u00c9tag\u00e8re Small Naturel - H\u00fcbsch<\/title>\n<meta name=\"description\" content=\"Entrez dans le charme de notre Disco \u00c9tag\u00e8re \u2014 son nom dit tout, c\u00e9l\u00e9brant la joie d&#039;apprendre et de stocker le savoir. Fabriqu\u00e9e en placage de ch\u00eane\" \/>\n<meta name=\"robots\" content=\"index, follow, max-snippet:-1, max-image-preview:large, max-video-preview:-1\" \/>\n<link rel=\"canonical\" href=\"https:\/\/hubsch-interior.com\/fr\/wp-json\/wp\/v2\/product\/1089632\" \/>\n<meta property=\"og:locale\" content=\"fr_FR\" \/>\n<meta property=\"og:type\" content=\"article\" \/>\n<meta property=\"og:title\" content=\"Disco \u00c9tag\u00e8re Small Naturel - H\u00fcbsch\" \/>\n<meta property=\"og:description\" content=\"Entrez dans le charme de notre Disco \u00c9tag\u00e8re \u2014 son nom dit tout, c\u00e9l\u00e9brant la joie d&#039;apprendre et de stocker le savoir. Fabriqu\u00e9e en placage de ch\u00eane\" \/>\n<meta property=\"og:url\" content=\"https:\/\/hubsch-interior.com\/fr\/produit\/disco-etagere-small-naturel\/\" \/>\n<meta property=\"og:site_name\" content=\"H\u00fcbsch\" \/>\n<meta property=\"article:modified_time\" content=\"2026-04-06T03:21:03+00:00\" \/>\n<meta property=\"og:image\" content=\"https:\/\/hubsch-interior.com\/wp-content\/uploads\/2026\/01\/disco-shelf-unit-small-natural-4a16ce512820aa61b98c43abda72231b.jpg\" \/>\n\t<meta property=\"og:image:width\" content=\"1200\" \/>\n\t<meta property=\"og:image:height\" content=\"1200\" \/>\n\t<meta property=\"og:image:type\" content=\"image\/jpeg\" \/>\n<meta name=\"twitter:card\" content=\"summary_large_image\" \/>\n<meta name=\"twitter:label1\" content=\"Dur\u00e9e de lecture estim\u00e9e\" \/>\n\t<meta name=\"twitter:data1\" content=\"1 minute\" \/>\n<script type=\"application\/ld+json\" class=\"yoast-schema-graph\">{\"@context\":\"https:\/\/schema.org\",\"@graph\":[{\"@type\":\"WebPage\",\"@id\":\"https:\/\/hubsch-interior.com\/fr\/produit\/disco-etagere-small-naturel\/\",\"url\":\"https:\/\/hubsch-interior.com\/fr\/produit\/disco-etagere-small-naturel\/\",\"name\":\"Disco \u00c9tag\u00e8re Small Naturel - H\u00fcbsch\",\"isPartOf\":{\"@id\":\"https:\/\/hubsch-interior.com\/fr\/#website\"},\"primaryImageOfPage\":{\"@id\":\"https:\/\/hubsch-interior.com\/fr\/produit\/disco-etagere-small-naturel\/#primaryimage\"},\"image\":{\"@id\":\"https:\/\/hubsch-interior.com\/fr\/produit\/disco-etagere-small-naturel\/#primaryimage\"},\"thumbnailUrl\":\"https:\/\/hubsch-interior.com\/wp-content\/uploads\/2026\/02\/disco-shelf-unit-small-natural-b0f72f474e8d35d0eaa1e0b72355bffc.jpg\",\"datePublished\":\"2026-01-31T04:31:21+00:00\",\"dateModified\":\"2026-04-06T03:21:03+00:00\",\"description\":\"Entrez dans le charme de notre Disco \u00c9tag\u00e8re \u2014 son nom dit tout, c\u00e9l\u00e9brant la joie d'apprendre et de stocker le savoir. Fabriqu\u00e9e en placage de ch\u00eane\",\"breadcrumb\":{\"@id\":\"https:\/\/hubsch-interior.com\/fr\/produit\/disco-etagere-small-naturel\/#breadcrumb\"},\"inLanguage\":\"fr-FR\",\"potentialAction\":[{\"@type\":\"ReadAction\",\"target\":[\"https:\/\/hubsch-interior.com\/fr\/produit\/disco-etagere-small-naturel\/\"]}]},{\"@type\":\"ImageObject\",\"inLanguage\":\"fr-FR\",\"@id\":\"https:\/\/hubsch-interior.com\/fr\/produit\/disco-etagere-small-naturel\/#primaryimage\",\"url\":\"https:\/\/hubsch-interior.com\/wp-content\/uploads\/2026\/02\/disco-shelf-unit-small-natural-b0f72f474e8d35d0eaa1e0b72355bffc.jpg\",\"contentUrl\":\"https:\/\/hubsch-interior.com\/wp-content\/uploads\/2026\/02\/disco-shelf-unit-small-natural-b0f72f474e8d35d0eaa1e0b72355bffc.jpg\",\"width\":1024,\"height\":1024},{\"@type\":\"BreadcrumbList\",\"@id\":\"https:\/\/hubsch-interior.com\/fr\/produit\/disco-etagere-small-naturel\/#breadcrumb\",\"itemListElement\":[{\"@type\":\"ListItem\",\"position\":1,\"name\":\"Page d'accueil\",\"item\":\"https:\/\/hubsch-interior.com\/fr\/\"},{\"@type\":\"ListItem\",\"position\":2,\"name\":\"Produits\",\"item\":\"https:\/\/hubsch-interior.com\/fr\/shop-2\/\"},{\"@type\":\"ListItem\",\"position\":3,\"name\":\"Disco \u00c9tag\u00e8re Small Naturel\"}]},{\"@type\":\"WebSite\",\"@id\":\"https:\/\/hubsch-interior.com\/fr\/#website\",\"url\":\"https:\/\/hubsch-interior.com\/fr\/\",\"name\":\"H\u00fcbsch\",\"description\":\"Danish Home Interior and Design\",\"publisher\":{\"@id\":\"https:\/\/hubsch-interior.com\/fr\/#organization\"},\"potentialAction\":[{\"@type\":\"SearchAction\",\"target\":{\"@type\":\"EntryPoint\",\"urlTemplate\":\"https:\/\/hubsch-interior.com\/fr\/?s={search_term_string}\"},\"query-input\":{\"@type\":\"PropertyValueSpecification\",\"valueRequired\":true,\"valueName\":\"search_term_string\"}}],\"inLanguage\":\"fr-FR\"},{\"@type\":\"Organization\",\"@id\":\"https:\/\/hubsch-interior.com\/fr\/#organization\",\"name\":\"H\u00fcbsch\",\"url\":\"https:\/\/hubsch-interior.com\/fr\/\",\"logo\":{\"@type\":\"ImageObject\",\"inLanguage\":\"fr-FR\",\"@id\":\"https:\/\/hubsch-interior.com\/fr\/#\/schema\/logo\/image\/\",\"url\":\"https:\/\/hubsch-interior.com\/wp-content\/uploads\/2022\/12\/Hubsch_logo_black_one_line.svg\",\"contentUrl\":\"https:\/\/hubsch-interior.com\/wp-content\/uploads\/2022\/12\/Hubsch_logo_black_one_line.svg\",\"caption\":\"H\u00fcbsch\"},\"image\":{\"@id\":\"https:\/\/hubsch-interior.com\/fr\/#\/schema\/logo\/image\/\"}}]}<\/script>\n<!-- \/ Yoast SEO plugin. -->","yoast_head_json":{"title":"Disco \u00c9tag\u00e8re Small Naturel - H\u00fcbsch","description":"Entrez dans le charme de notre Disco \u00c9tag\u00e8re \u2014 son nom dit tout, c\u00e9l\u00e9brant la joie d'apprendre et de stocker le savoir. Fabriqu\u00e9e en placage de ch\u00eane","robots":{"index":"index","follow":"follow","max-snippet":"max-snippet:-1","max-image-preview":"max-image-preview:large","max-video-preview":"max-video-preview:-1"},"canonical":"https:\/\/hubsch-interior.com\/fr\/wp-json\/wp\/v2\/product\/1089632","og_locale":"fr_FR","og_type":"article","og_title":"Disco \u00c9tag\u00e8re Small Naturel - H\u00fcbsch","og_description":"Entrez dans le charme de notre Disco \u00c9tag\u00e8re \u2014 son nom dit tout, c\u00e9l\u00e9brant la joie d'apprendre et de stocker le savoir. Fabriqu\u00e9e en placage de ch\u00eane","og_url":"https:\/\/hubsch-interior.com\/fr\/produit\/disco-etagere-small-naturel\/","og_site_name":"H\u00fcbsch","article_modified_time":"2026-04-06T03:21:03+00:00","og_image":[{"width":1200,"height":1200,"url":"https:\/\/hubsch-interior.com\/wp-content\/uploads\/2026\/01\/disco-shelf-unit-small-natural-4a16ce512820aa61b98c43abda72231b.jpg","type":"image\/jpeg"}],"twitter_card":"summary_large_image","twitter_misc":{"Dur\u00e9e de lecture estim\u00e9e":"1 minute"},"schema":{"@context":"https:\/\/schema.org","@graph":[{"@type":"WebPage","@id":"https:\/\/hubsch-interior.com\/fr\/produit\/disco-etagere-small-naturel\/","url":"https:\/\/hubsch-interior.com\/fr\/produit\/disco-etagere-small-naturel\/","name":"Disco \u00c9tag\u00e8re Small Naturel - H\u00fcbsch","isPartOf":{"@id":"https:\/\/hubsch-interior.com\/fr\/#website"},"primaryImageOfPage":{"@id":"https:\/\/hubsch-interior.com\/fr\/produit\/disco-etagere-small-naturel\/#primaryimage"},"image":{"@id":"https:\/\/hubsch-interior.com\/fr\/produit\/disco-etagere-small-naturel\/#primaryimage"},"thumbnailUrl":"https:\/\/hubsch-interior.com\/wp-content\/uploads\/2026\/02\/disco-shelf-unit-small-natural-b0f72f474e8d35d0eaa1e0b72355bffc.jpg","datePublished":"2026-01-31T04:31:21+00:00","dateModified":"2026-04-06T03:21:03+00:00","description":"Entrez dans le charme de notre Disco \u00c9tag\u00e8re \u2014 son nom dit tout, c\u00e9l\u00e9brant la joie d'apprendre et de stocker le savoir. Fabriqu\u00e9e en placage de ch\u00eane","breadcrumb":{"@id":"https:\/\/hubsch-interior.com\/fr\/produit\/disco-etagere-small-naturel\/#breadcrumb"},"inLanguage":"fr-FR","potentialAction":[{"@type":"ReadAction","target":["https:\/\/hubsch-interior.com\/fr\/produit\/disco-etagere-small-naturel\/"]}]},{"@type":"ImageObject","inLanguage":"fr-FR","@id":"https:\/\/hubsch-interior.com\/fr\/produit\/disco-etagere-small-naturel\/#primaryimage","url":"https:\/\/hubsch-interior.com\/wp-content\/uploads\/2026\/02\/disco-shelf-unit-small-natural-b0f72f474e8d35d0eaa1e0b72355bffc.jpg","contentUrl":"https:\/\/hubsch-interior.com\/wp-content\/uploads\/2026\/02\/disco-shelf-unit-small-natural-b0f72f474e8d35d0eaa1e0b72355bffc.jpg","width":1024,"height":1024},{"@type":"BreadcrumbList","@id":"https:\/\/hubsch-interior.com\/fr\/produit\/disco-etagere-small-naturel\/#breadcrumb","itemListElement":[{"@type":"ListItem","position":1,"name":"Page d'accueil","item":"https:\/\/hubsch-interior.com\/fr\/"},{"@type":"ListItem","position":2,"name":"Produits","item":"https:\/\/hubsch-interior.com\/fr\/shop-2\/"},{"@type":"ListItem","position":3,"name":"Disco \u00c9tag\u00e8re Small Naturel"}]},{"@type":"WebSite","@id":"https:\/\/hubsch-interior.com\/fr\/#website","url":"https:\/\/hubsch-interior.com\/fr\/","name":"H\u00fcbsch","description":"Danish Home Interior and Design","publisher":{"@id":"https:\/\/hubsch-interior.com\/fr\/#organization"},"potentialAction":[{"@type":"SearchAction","target":{"@type":"EntryPoint","urlTemplate":"https:\/\/hubsch-interior.com\/fr\/?s={search_term_string}"},"query-input":{"@type":"PropertyValueSpecification","valueRequired":true,"valueName":"search_term_string"}}],"inLanguage":"fr-FR"},{"@type":"Organization","@id":"https:\/\/hubsch-interior.com\/fr\/#organization","name":"H\u00fcbsch","url":"https:\/\/hubsch-interior.com\/fr\/","logo":{"@type":"ImageObject","inLanguage":"fr-FR","@id":"https:\/\/hubsch-interior.com\/fr\/#\/schema\/logo\/image\/","url":"https:\/\/hubsch-interior.com\/wp-content\/uploads\/2022\/12\/Hubsch_logo_black_one_line.svg","contentUrl":"https:\/\/hubsch-interior.com\/wp-content\/uploads\/2022\/12\/Hubsch_logo_black_one_line.svg","caption":"H\u00fcbsch"},"image":{"@id":"https:\/\/hubsch-interior.com\/fr\/#\/schema\/logo\/image\/"}}]}},"_links":{"self":[{"href":"https:\/\/hubsch-interior.com\/fr\/wp-json\/wp\/v2\/product\/1089632","targetHints":{"allow":["GET"]}}],"collection":[{"href":"https:\/\/hubsch-interior.com\/fr\/wp-json\/wp\/v2\/product"}],"about":[{"href":"https:\/\/hubsch-interior.com\/fr\/wp-json\/wp\/v2\/types\/product"}],"wp:featuredmedia":[{"embeddable":true,"href":"https:\/\/hubsch-interior.com\/fr\/wp-json\/wp\/v2\/media\/1112000"}],"wp:attachment":[{"href":"https:\/\/hubsch-interior.com\/fr\/wp-json\/wp\/v2\/media?parent=1089632"}],"wp:term":[{"taxonomy":"product_brand","embeddable":true,"href":"https:\/\/hubsch-interior.com\/fr\/wp-json\/wp\/v2\/product_brand?post=1089632"},{"taxonomy":"product_cat","embeddable":true,"href":"https:\/\/hubsch-interior.com\/fr\/wp-json\/wp\/v2\/product_cat?post=1089632"},{"taxonomy":"product_tag","embeddable":true,"href":"https:\/\/hubsch-interior.com\/fr\/wp-json\/wp\/v2\/product_tag?post=1089632"}],"curies":[{"name":"wp","href":"https:\/\/api.w.org\/{rel}","templated":true}]}}