{"id":1089656,"date":"2026-01-31T05:31:35","date_gmt":"2026-01-31T04:31:35","guid":{"rendered":"https:\/\/hubsch-interior.com\/product\/product\/"},"modified":"2026-04-05T05:27:16","modified_gmt":"2026-04-05T03:27:16","slug":"dual-buffet-multicolore","status":"publish","type":"product","link":"https:\/\/hubsch-interior.com\/fr\/produit\/dual-buffet-multicolore\/","title":{"rendered":"Dual Buffet \u00a0Multicolor\u00e9"},"content":{"rendered":"<p>Rapportez chez vous le charme du Buffet Dual, un m\u00e9lange vibrant d&#8217;\u00e9l\u00e9gance multicolore et de conception responsable. Fabriqu\u00e9 \u00e0 partir de bois certifi\u00e9 FSC, il combine le ch\u00eane naturel avec des surfaces peintes pour un look audacieux et accrocheur qui anime n&#8217;importe quel espace. Ses larges \u00e9tag\u00e8res robustes offrent le lieu id\u00e9al pour mettre en valeur vos livres pr\u00e9f\u00e9r\u00e9s, d\u00e9corations ou souvenirs. Un excellent choix pour quiconque cherche \u00e0 ajouter une touche de couleur de bon go\u00fbt, ce buffet est s\u00fbr de susciter la conversation.<\/p>\n","protected":false},"excerpt":{"rendered":"<p>Rapportez chez vous le charme du Buffet Dual, un m\u00e9lange vibrant d&#8217;\u00e9l\u00e9gance multicolore et de conception responsable. Fabriqu\u00e9 \u00e0 partir de bois certifi\u00e9 FSC, il combine le ch\u00eane naturel avec des surfaces peintes pour un look audacieux et accrocheur qui anime n&#8217;importe quel espace. Ses larges \u00e9tag\u00e8res robustes offrent le lieu id\u00e9al pour mettre en [&hellip;]<\/p>\n","protected":false},"featured_media":1112020,"template":"","meta":{"_acf_changed":false,"inline_featured_image":false},"product_brand":[],"product_cat":[7154,6322,4001,4920,5046],"product_tag":[],"class_list":{"0":"post-1089656","1":"product","2":"type-product","3":"status-publish","4":"has-post-thumbnail","6":"product_cat-dweller-fr","7":"product_cat-fsc-fr","8":"product_cat-etageres-et-meubles-de-rangement-fr","9":"product_cat-commodes-buffets-fr","10":"product_cat-nouveautes-fr","11":"product_shipping_class-p05","13":"pa_color-multicolor-2","14":"pa_material-mdf-fr","15":"pa_material-bois-de-chne-2","16":"pa_material-placage-de-chne-2","18":"first","19":"instock","20":"taxable","21":"shipping-taxable","22":"purchasable","23":"product-type-simple"},"exclude_global_add_ons":[],"addons":[],"acf":[],"yoast_head":"<!-- This site is optimized with the Yoast SEO plugin v26.4 - https:\/\/yoast.com\/wordpress\/plugins\/seo\/ -->\n<title>Dual Buffet \u00a0Multicolor\u00e9 - H\u00fcbsch<\/title>\n<meta name=\"description\" content=\"Rapportez chez vous le charme du Buffet Dual, un m\u00e9lange vibrant d&#039;\u00e9l\u00e9gance multicolore et de conception responsable. Fabriqu\u00e9 \u00e0 partir de bois certifi\u00e9\" \/>\n<meta name=\"robots\" content=\"index, follow, max-snippet:-1, max-image-preview:large, max-video-preview:-1\" \/>\n<link rel=\"canonical\" href=\"https:\/\/hubsch-interior.com\/fr\/wp-json\/wp\/v2\/product\/1089656\" \/>\n<meta property=\"og:locale\" content=\"fr_FR\" \/>\n<meta property=\"og:type\" content=\"article\" \/>\n<meta property=\"og:title\" content=\"Dual Buffet \u00a0Multicolor\u00e9 - H\u00fcbsch\" \/>\n<meta property=\"og:description\" content=\"Rapportez chez vous le charme du Buffet Dual, un m\u00e9lange vibrant d&#039;\u00e9l\u00e9gance multicolore et de conception responsable. Fabriqu\u00e9 \u00e0 partir de bois certifi\u00e9\" \/>\n<meta property=\"og:url\" content=\"https:\/\/hubsch-interior.com\/fr\/produit\/dual-buffet-multicolore\/\" \/>\n<meta property=\"og:site_name\" content=\"H\u00fcbsch\" \/>\n<meta property=\"article:modified_time\" content=\"2026-04-05T03:27:16+00:00\" \/>\n<meta property=\"og:image\" content=\"https:\/\/hubsch-interior.com\/wp-content\/uploads\/2026\/01\/dual-sideboard-multicolour-aace592bcde6d8ebcf0ebf767e215a7c.jpg\" \/>\n\t<meta property=\"og:image:width\" content=\"1200\" \/>\n\t<meta property=\"og:image:height\" content=\"1200\" \/>\n\t<meta property=\"og:image:type\" content=\"image\/jpeg\" \/>\n<meta name=\"twitter:card\" content=\"summary_large_image\" \/>\n<script type=\"application\/ld+json\" class=\"yoast-schema-graph\">{\"@context\":\"https:\/\/schema.org\",\"@graph\":[{\"@type\":\"WebPage\",\"@id\":\"https:\/\/hubsch-interior.com\/fr\/produit\/dual-buffet-multicolore\/\",\"url\":\"https:\/\/hubsch-interior.com\/fr\/produit\/dual-buffet-multicolore\/\",\"name\":\"Dual Buffet \u00a0Multicolor\u00e9 - H\u00fcbsch\",\"isPartOf\":{\"@id\":\"https:\/\/hubsch-interior.com\/fr\/#website\"},\"primaryImageOfPage\":{\"@id\":\"https:\/\/hubsch-interior.com\/fr\/produit\/dual-buffet-multicolore\/#primaryimage\"},\"image\":{\"@id\":\"https:\/\/hubsch-interior.com\/fr\/produit\/dual-buffet-multicolore\/#primaryimage\"},\"thumbnailUrl\":\"https:\/\/hubsch-interior.com\/wp-content\/uploads\/2026\/02\/dual-sideboard-multicolour-6fa195df3d8a40d55dc975a5d889103a.jpg\",\"datePublished\":\"2026-01-31T04:31:35+00:00\",\"dateModified\":\"2026-04-05T03:27:16+00:00\",\"description\":\"Rapportez chez vous le charme du Buffet Dual, un m\u00e9lange vibrant d'\u00e9l\u00e9gance multicolore et de conception responsable. Fabriqu\u00e9 \u00e0 partir de bois certifi\u00e9\",\"breadcrumb\":{\"@id\":\"https:\/\/hubsch-interior.com\/fr\/produit\/dual-buffet-multicolore\/#breadcrumb\"},\"inLanguage\":\"fr-FR\",\"potentialAction\":[{\"@type\":\"ReadAction\",\"target\":[\"https:\/\/hubsch-interior.com\/fr\/produit\/dual-buffet-multicolore\/\"]}]},{\"@type\":\"ImageObject\",\"inLanguage\":\"fr-FR\",\"@id\":\"https:\/\/hubsch-interior.com\/fr\/produit\/dual-buffet-multicolore\/#primaryimage\",\"url\":\"https:\/\/hubsch-interior.com\/wp-content\/uploads\/2026\/02\/dual-sideboard-multicolour-6fa195df3d8a40d55dc975a5d889103a.jpg\",\"contentUrl\":\"https:\/\/hubsch-interior.com\/wp-content\/uploads\/2026\/02\/dual-sideboard-multicolour-6fa195df3d8a40d55dc975a5d889103a.jpg\",\"width\":1024,\"height\":1024},{\"@type\":\"BreadcrumbList\",\"@id\":\"https:\/\/hubsch-interior.com\/fr\/produit\/dual-buffet-multicolore\/#breadcrumb\",\"itemListElement\":[{\"@type\":\"ListItem\",\"position\":1,\"name\":\"Page d'accueil\",\"item\":\"https:\/\/hubsch-interior.com\/fr\/\"},{\"@type\":\"ListItem\",\"position\":2,\"name\":\"Produits\",\"item\":\"https:\/\/hubsch-interior.com\/fr\/shop-2\/\"},{\"@type\":\"ListItem\",\"position\":3,\"name\":\"Dual Buffet \u00a0Multicolor\u00e9\"}]},{\"@type\":\"WebSite\",\"@id\":\"https:\/\/hubsch-interior.com\/fr\/#website\",\"url\":\"https:\/\/hubsch-interior.com\/fr\/\",\"name\":\"H\u00fcbsch\",\"description\":\"Danish Home Interior and Design\",\"publisher\":{\"@id\":\"https:\/\/hubsch-interior.com\/fr\/#organization\"},\"potentialAction\":[{\"@type\":\"SearchAction\",\"target\":{\"@type\":\"EntryPoint\",\"urlTemplate\":\"https:\/\/hubsch-interior.com\/fr\/?s={search_term_string}\"},\"query-input\":{\"@type\":\"PropertyValueSpecification\",\"valueRequired\":true,\"valueName\":\"search_term_string\"}}],\"inLanguage\":\"fr-FR\"},{\"@type\":\"Organization\",\"@id\":\"https:\/\/hubsch-interior.com\/fr\/#organization\",\"name\":\"H\u00fcbsch\",\"url\":\"https:\/\/hubsch-interior.com\/fr\/\",\"logo\":{\"@type\":\"ImageObject\",\"inLanguage\":\"fr-FR\",\"@id\":\"https:\/\/hubsch-interior.com\/fr\/#\/schema\/logo\/image\/\",\"url\":\"https:\/\/hubsch-interior.com\/wp-content\/uploads\/2022\/12\/Hubsch_logo_black_one_line.svg\",\"contentUrl\":\"https:\/\/hubsch-interior.com\/wp-content\/uploads\/2022\/12\/Hubsch_logo_black_one_line.svg\",\"caption\":\"H\u00fcbsch\"},\"image\":{\"@id\":\"https:\/\/hubsch-interior.com\/fr\/#\/schema\/logo\/image\/\"}}]}<\/script>\n<!-- \/ Yoast SEO plugin. -->","yoast_head_json":{"title":"Dual Buffet \u00a0Multicolor\u00e9 - H\u00fcbsch","description":"Rapportez chez vous le charme du Buffet Dual, un m\u00e9lange vibrant d'\u00e9l\u00e9gance multicolore et de conception responsable. Fabriqu\u00e9 \u00e0 partir de bois certifi\u00e9","robots":{"index":"index","follow":"follow","max-snippet":"max-snippet:-1","max-image-preview":"max-image-preview:large","max-video-preview":"max-video-preview:-1"},"canonical":"https:\/\/hubsch-interior.com\/fr\/wp-json\/wp\/v2\/product\/1089656","og_locale":"fr_FR","og_type":"article","og_title":"Dual Buffet \u00a0Multicolor\u00e9 - H\u00fcbsch","og_description":"Rapportez chez vous le charme du Buffet Dual, un m\u00e9lange vibrant d'\u00e9l\u00e9gance multicolore et de conception responsable. Fabriqu\u00e9 \u00e0 partir de bois certifi\u00e9","og_url":"https:\/\/hubsch-interior.com\/fr\/produit\/dual-buffet-multicolore\/","og_site_name":"H\u00fcbsch","article_modified_time":"2026-04-05T03:27:16+00:00","og_image":[{"width":1200,"height":1200,"url":"https:\/\/hubsch-interior.com\/wp-content\/uploads\/2026\/01\/dual-sideboard-multicolour-aace592bcde6d8ebcf0ebf767e215a7c.jpg","type":"image\/jpeg"}],"twitter_card":"summary_large_image","schema":{"@context":"https:\/\/schema.org","@graph":[{"@type":"WebPage","@id":"https:\/\/hubsch-interior.com\/fr\/produit\/dual-buffet-multicolore\/","url":"https:\/\/hubsch-interior.com\/fr\/produit\/dual-buffet-multicolore\/","name":"Dual Buffet \u00a0Multicolor\u00e9 - H\u00fcbsch","isPartOf":{"@id":"https:\/\/hubsch-interior.com\/fr\/#website"},"primaryImageOfPage":{"@id":"https:\/\/hubsch-interior.com\/fr\/produit\/dual-buffet-multicolore\/#primaryimage"},"image":{"@id":"https:\/\/hubsch-interior.com\/fr\/produit\/dual-buffet-multicolore\/#primaryimage"},"thumbnailUrl":"https:\/\/hubsch-interior.com\/wp-content\/uploads\/2026\/02\/dual-sideboard-multicolour-6fa195df3d8a40d55dc975a5d889103a.jpg","datePublished":"2026-01-31T04:31:35+00:00","dateModified":"2026-04-05T03:27:16+00:00","description":"Rapportez chez vous le charme du Buffet Dual, un m\u00e9lange vibrant d'\u00e9l\u00e9gance multicolore et de conception responsable. Fabriqu\u00e9 \u00e0 partir de bois certifi\u00e9","breadcrumb":{"@id":"https:\/\/hubsch-interior.com\/fr\/produit\/dual-buffet-multicolore\/#breadcrumb"},"inLanguage":"fr-FR","potentialAction":[{"@type":"ReadAction","target":["https:\/\/hubsch-interior.com\/fr\/produit\/dual-buffet-multicolore\/"]}]},{"@type":"ImageObject","inLanguage":"fr-FR","@id":"https:\/\/hubsch-interior.com\/fr\/produit\/dual-buffet-multicolore\/#primaryimage","url":"https:\/\/hubsch-interior.com\/wp-content\/uploads\/2026\/02\/dual-sideboard-multicolour-6fa195df3d8a40d55dc975a5d889103a.jpg","contentUrl":"https:\/\/hubsch-interior.com\/wp-content\/uploads\/2026\/02\/dual-sideboard-multicolour-6fa195df3d8a40d55dc975a5d889103a.jpg","width":1024,"height":1024},{"@type":"BreadcrumbList","@id":"https:\/\/hubsch-interior.com\/fr\/produit\/dual-buffet-multicolore\/#breadcrumb","itemListElement":[{"@type":"ListItem","position":1,"name":"Page d'accueil","item":"https:\/\/hubsch-interior.com\/fr\/"},{"@type":"ListItem","position":2,"name":"Produits","item":"https:\/\/hubsch-interior.com\/fr\/shop-2\/"},{"@type":"ListItem","position":3,"name":"Dual Buffet \u00a0Multicolor\u00e9"}]},{"@type":"WebSite","@id":"https:\/\/hubsch-interior.com\/fr\/#website","url":"https:\/\/hubsch-interior.com\/fr\/","name":"H\u00fcbsch","description":"Danish Home Interior and Design","publisher":{"@id":"https:\/\/hubsch-interior.com\/fr\/#organization"},"potentialAction":[{"@type":"SearchAction","target":{"@type":"EntryPoint","urlTemplate":"https:\/\/hubsch-interior.com\/fr\/?s={search_term_string}"},"query-input":{"@type":"PropertyValueSpecification","valueRequired":true,"valueName":"search_term_string"}}],"inLanguage":"fr-FR"},{"@type":"Organization","@id":"https:\/\/hubsch-interior.com\/fr\/#organization","name":"H\u00fcbsch","url":"https:\/\/hubsch-interior.com\/fr\/","logo":{"@type":"ImageObject","inLanguage":"fr-FR","@id":"https:\/\/hubsch-interior.com\/fr\/#\/schema\/logo\/image\/","url":"https:\/\/hubsch-interior.com\/wp-content\/uploads\/2022\/12\/Hubsch_logo_black_one_line.svg","contentUrl":"https:\/\/hubsch-interior.com\/wp-content\/uploads\/2022\/12\/Hubsch_logo_black_one_line.svg","caption":"H\u00fcbsch"},"image":{"@id":"https:\/\/hubsch-interior.com\/fr\/#\/schema\/logo\/image\/"}}]}},"_links":{"self":[{"href":"https:\/\/hubsch-interior.com\/fr\/wp-json\/wp\/v2\/product\/1089656","targetHints":{"allow":["GET"]}}],"collection":[{"href":"https:\/\/hubsch-interior.com\/fr\/wp-json\/wp\/v2\/product"}],"about":[{"href":"https:\/\/hubsch-interior.com\/fr\/wp-json\/wp\/v2\/types\/product"}],"wp:featuredmedia":[{"embeddable":true,"href":"https:\/\/hubsch-interior.com\/fr\/wp-json\/wp\/v2\/media\/1112020"}],"wp:attachment":[{"href":"https:\/\/hubsch-interior.com\/fr\/wp-json\/wp\/v2\/media?parent=1089656"}],"wp:term":[{"taxonomy":"product_brand","embeddable":true,"href":"https:\/\/hubsch-interior.com\/fr\/wp-json\/wp\/v2\/product_brand?post=1089656"},{"taxonomy":"product_cat","embeddable":true,"href":"https:\/\/hubsch-interior.com\/fr\/wp-json\/wp\/v2\/product_cat?post=1089656"},{"taxonomy":"product_tag","embeddable":true,"href":"https:\/\/hubsch-interior.com\/fr\/wp-json\/wp\/v2\/product_tag?post=1089656"}],"curies":[{"name":"wp","href":"https:\/\/api.w.org\/{rel}","templated":true}]}}