{"id":1089692,"date":"2026-01-31T05:31:49","date_gmt":"2026-01-31T04:31:49","guid":{"rendered":"https:\/\/hubsch-interior.com\/product\/product\/"},"modified":"2026-04-05T05:27:20","modified_gmt":"2026-04-05T03:27:20","slug":"forma-buffet-naturel","status":"publish","type":"product","link":"https:\/\/hubsch-interior.com\/fr\/produit\/forma-buffet-naturel\/","title":{"rendered":"Forma Buffet Naturel"},"content":{"rendered":"<p>Rencontrez le Forma Buffet \u2013 une pi\u00e8ce magnifique fabriqu\u00e9e en placage de ch\u00eane certifi\u00e9 FSC qui apporte une chaleur naturelle \u00e0 votre espace. Avec sa silhouette distinctive, il s&#8217;int\u00e8gre parfaitement dans la famille Forma, alliant design intemporel et vie contemporaine. Dot\u00e9 de six tiroirs g\u00e9n\u00e9reux, il offre une solution de rangement id\u00e9ale pour maintenir votre maison ordonn\u00e9e et organis\u00e9e. Plac\u00e9 dans la salle \u00e0 manger ou le salon, le Forma Buffet offre \u00e0 la fois un style raffin\u00e9 et une fonctionnalit\u00e9 quotidienne.<\/p>\n","protected":false},"excerpt":{"rendered":"<p>Rencontrez le Forma Buffet \u2013 une pi\u00e8ce magnifique fabriqu\u00e9e en placage de ch\u00eane certifi\u00e9 FSC qui apporte une chaleur naturelle \u00e0 votre espace. Avec sa silhouette distinctive, il s&#8217;int\u00e8gre parfaitement dans la famille Forma, alliant design intemporel et vie contemporaine. Dot\u00e9 de six tiroirs g\u00e9n\u00e9reux, il offre une solution de rangement id\u00e9ale pour maintenir votre [&hellip;]<\/p>\n","protected":false},"featured_media":1112040,"template":"","meta":{"_acf_changed":false,"inline_featured_image":false},"product_brand":[],"product_cat":[7154,6322,4001,4920,5046],"product_tag":[],"class_list":{"0":"post-1089692","1":"product","2":"type-product","3":"status-publish","4":"has-post-thumbnail","6":"product_cat-dweller-fr","7":"product_cat-fsc-fr","8":"product_cat-etageres-et-meubles-de-rangement-fr","9":"product_cat-commodes-buffets-fr","10":"product_cat-nouveautes-fr","11":"product_shipping_class-p05","13":"pa_color-naturel-2","14":"pa_material-mdf-fr","15":"pa_material-bois-de-chne-2","16":"pa_material-placage-de-chne-2","18":"first","19":"instock","20":"taxable","21":"shipping-taxable","22":"purchasable","23":"product-type-simple"},"exclude_global_add_ons":[],"addons":[],"acf":[],"yoast_head":"<!-- This site is optimized with the Yoast SEO plugin v26.4 - https:\/\/yoast.com\/wordpress\/plugins\/seo\/ -->\n<title>Forma Buffet Naturel - H\u00fcbsch<\/title>\n<meta name=\"description\" content=\"Rencontrez le Forma Buffet \u2013 une pi\u00e8ce magnifique fabriqu\u00e9e en placage de ch\u00eane certifi\u00e9 FSC qui apporte une chaleur naturelle \u00e0 votre espace. Avec sa\" \/>\n<meta name=\"robots\" content=\"index, follow, max-snippet:-1, max-image-preview:large, max-video-preview:-1\" \/>\n<link rel=\"canonical\" href=\"https:\/\/hubsch-interior.com\/fr\/wp-json\/wp\/v2\/product\/1089692\" \/>\n<meta property=\"og:locale\" content=\"fr_FR\" \/>\n<meta property=\"og:type\" content=\"article\" \/>\n<meta property=\"og:title\" content=\"Forma Buffet Naturel - H\u00fcbsch\" \/>\n<meta property=\"og:description\" content=\"Rencontrez le Forma Buffet \u2013 une pi\u00e8ce magnifique fabriqu\u00e9e en placage de ch\u00eane certifi\u00e9 FSC qui apporte une chaleur naturelle \u00e0 votre espace. Avec sa\" \/>\n<meta property=\"og:url\" content=\"https:\/\/hubsch-interior.com\/fr\/produit\/forma-buffet-naturel\/\" \/>\n<meta property=\"og:site_name\" content=\"H\u00fcbsch\" \/>\n<meta property=\"article:modified_time\" content=\"2026-04-05T03:27:20+00:00\" \/>\n<meta property=\"og:image\" content=\"https:\/\/hubsch-interior.com\/wp-content\/uploads\/2026\/01\/forma-sideboard-natural-ba2081df1f453955b26cfdc6fece6da4.jpg\" \/>\n\t<meta property=\"og:image:width\" content=\"1200\" \/>\n\t<meta property=\"og:image:height\" content=\"1200\" \/>\n\t<meta property=\"og:image:type\" content=\"image\/jpeg\" \/>\n<meta name=\"twitter:card\" content=\"summary_large_image\" \/>\n<script type=\"application\/ld+json\" class=\"yoast-schema-graph\">{\"@context\":\"https:\/\/schema.org\",\"@graph\":[{\"@type\":\"WebPage\",\"@id\":\"https:\/\/hubsch-interior.com\/fr\/produit\/forma-buffet-naturel\/\",\"url\":\"https:\/\/hubsch-interior.com\/fr\/produit\/forma-buffet-naturel\/\",\"name\":\"Forma Buffet Naturel - H\u00fcbsch\",\"isPartOf\":{\"@id\":\"https:\/\/hubsch-interior.com\/fr\/#website\"},\"primaryImageOfPage\":{\"@id\":\"https:\/\/hubsch-interior.com\/fr\/produit\/forma-buffet-naturel\/#primaryimage\"},\"image\":{\"@id\":\"https:\/\/hubsch-interior.com\/fr\/produit\/forma-buffet-naturel\/#primaryimage\"},\"thumbnailUrl\":\"https:\/\/hubsch-interior.com\/wp-content\/uploads\/2026\/02\/forma-sideboard-natural-1c7f60da0d162b85aa2a88057ab3eb61.jpg\",\"datePublished\":\"2026-01-31T04:31:49+00:00\",\"dateModified\":\"2026-04-05T03:27:20+00:00\",\"description\":\"Rencontrez le Forma Buffet \u2013 une pi\u00e8ce magnifique fabriqu\u00e9e en placage de ch\u00eane certifi\u00e9 FSC qui apporte une chaleur naturelle \u00e0 votre espace. Avec sa\",\"breadcrumb\":{\"@id\":\"https:\/\/hubsch-interior.com\/fr\/produit\/forma-buffet-naturel\/#breadcrumb\"},\"inLanguage\":\"fr-FR\",\"potentialAction\":[{\"@type\":\"ReadAction\",\"target\":[\"https:\/\/hubsch-interior.com\/fr\/produit\/forma-buffet-naturel\/\"]}]},{\"@type\":\"ImageObject\",\"inLanguage\":\"fr-FR\",\"@id\":\"https:\/\/hubsch-interior.com\/fr\/produit\/forma-buffet-naturel\/#primaryimage\",\"url\":\"https:\/\/hubsch-interior.com\/wp-content\/uploads\/2026\/02\/forma-sideboard-natural-1c7f60da0d162b85aa2a88057ab3eb61.jpg\",\"contentUrl\":\"https:\/\/hubsch-interior.com\/wp-content\/uploads\/2026\/02\/forma-sideboard-natural-1c7f60da0d162b85aa2a88057ab3eb61.jpg\",\"width\":1024,\"height\":1024},{\"@type\":\"BreadcrumbList\",\"@id\":\"https:\/\/hubsch-interior.com\/fr\/produit\/forma-buffet-naturel\/#breadcrumb\",\"itemListElement\":[{\"@type\":\"ListItem\",\"position\":1,\"name\":\"Page d'accueil\",\"item\":\"https:\/\/hubsch-interior.com\/fr\/\"},{\"@type\":\"ListItem\",\"position\":2,\"name\":\"Produits\",\"item\":\"https:\/\/hubsch-interior.com\/fr\/shop-2\/\"},{\"@type\":\"ListItem\",\"position\":3,\"name\":\"Forma Buffet Naturel\"}]},{\"@type\":\"WebSite\",\"@id\":\"https:\/\/hubsch-interior.com\/fr\/#website\",\"url\":\"https:\/\/hubsch-interior.com\/fr\/\",\"name\":\"H\u00fcbsch\",\"description\":\"Danish Home Interior and Design\",\"publisher\":{\"@id\":\"https:\/\/hubsch-interior.com\/fr\/#organization\"},\"potentialAction\":[{\"@type\":\"SearchAction\",\"target\":{\"@type\":\"EntryPoint\",\"urlTemplate\":\"https:\/\/hubsch-interior.com\/fr\/?s={search_term_string}\"},\"query-input\":{\"@type\":\"PropertyValueSpecification\",\"valueRequired\":true,\"valueName\":\"search_term_string\"}}],\"inLanguage\":\"fr-FR\"},{\"@type\":\"Organization\",\"@id\":\"https:\/\/hubsch-interior.com\/fr\/#organization\",\"name\":\"H\u00fcbsch\",\"url\":\"https:\/\/hubsch-interior.com\/fr\/\",\"logo\":{\"@type\":\"ImageObject\",\"inLanguage\":\"fr-FR\",\"@id\":\"https:\/\/hubsch-interior.com\/fr\/#\/schema\/logo\/image\/\",\"url\":\"https:\/\/hubsch-interior.com\/wp-content\/uploads\/2022\/12\/Hubsch_logo_black_one_line.svg\",\"contentUrl\":\"https:\/\/hubsch-interior.com\/wp-content\/uploads\/2022\/12\/Hubsch_logo_black_one_line.svg\",\"caption\":\"H\u00fcbsch\"},\"image\":{\"@id\":\"https:\/\/hubsch-interior.com\/fr\/#\/schema\/logo\/image\/\"}}]}<\/script>\n<!-- \/ Yoast SEO plugin. -->","yoast_head_json":{"title":"Forma Buffet Naturel - H\u00fcbsch","description":"Rencontrez le Forma Buffet \u2013 une pi\u00e8ce magnifique fabriqu\u00e9e en placage de ch\u00eane certifi\u00e9 FSC qui apporte une chaleur naturelle \u00e0 votre espace. Avec sa","robots":{"index":"index","follow":"follow","max-snippet":"max-snippet:-1","max-image-preview":"max-image-preview:large","max-video-preview":"max-video-preview:-1"},"canonical":"https:\/\/hubsch-interior.com\/fr\/wp-json\/wp\/v2\/product\/1089692","og_locale":"fr_FR","og_type":"article","og_title":"Forma Buffet Naturel - H\u00fcbsch","og_description":"Rencontrez le Forma Buffet \u2013 une pi\u00e8ce magnifique fabriqu\u00e9e en placage de ch\u00eane certifi\u00e9 FSC qui apporte une chaleur naturelle \u00e0 votre espace. Avec sa","og_url":"https:\/\/hubsch-interior.com\/fr\/produit\/forma-buffet-naturel\/","og_site_name":"H\u00fcbsch","article_modified_time":"2026-04-05T03:27:20+00:00","og_image":[{"width":1200,"height":1200,"url":"https:\/\/hubsch-interior.com\/wp-content\/uploads\/2026\/01\/forma-sideboard-natural-ba2081df1f453955b26cfdc6fece6da4.jpg","type":"image\/jpeg"}],"twitter_card":"summary_large_image","schema":{"@context":"https:\/\/schema.org","@graph":[{"@type":"WebPage","@id":"https:\/\/hubsch-interior.com\/fr\/produit\/forma-buffet-naturel\/","url":"https:\/\/hubsch-interior.com\/fr\/produit\/forma-buffet-naturel\/","name":"Forma Buffet Naturel - H\u00fcbsch","isPartOf":{"@id":"https:\/\/hubsch-interior.com\/fr\/#website"},"primaryImageOfPage":{"@id":"https:\/\/hubsch-interior.com\/fr\/produit\/forma-buffet-naturel\/#primaryimage"},"image":{"@id":"https:\/\/hubsch-interior.com\/fr\/produit\/forma-buffet-naturel\/#primaryimage"},"thumbnailUrl":"https:\/\/hubsch-interior.com\/wp-content\/uploads\/2026\/02\/forma-sideboard-natural-1c7f60da0d162b85aa2a88057ab3eb61.jpg","datePublished":"2026-01-31T04:31:49+00:00","dateModified":"2026-04-05T03:27:20+00:00","description":"Rencontrez le Forma Buffet \u2013 une pi\u00e8ce magnifique fabriqu\u00e9e en placage de ch\u00eane certifi\u00e9 FSC qui apporte une chaleur naturelle \u00e0 votre espace. Avec sa","breadcrumb":{"@id":"https:\/\/hubsch-interior.com\/fr\/produit\/forma-buffet-naturel\/#breadcrumb"},"inLanguage":"fr-FR","potentialAction":[{"@type":"ReadAction","target":["https:\/\/hubsch-interior.com\/fr\/produit\/forma-buffet-naturel\/"]}]},{"@type":"ImageObject","inLanguage":"fr-FR","@id":"https:\/\/hubsch-interior.com\/fr\/produit\/forma-buffet-naturel\/#primaryimage","url":"https:\/\/hubsch-interior.com\/wp-content\/uploads\/2026\/02\/forma-sideboard-natural-1c7f60da0d162b85aa2a88057ab3eb61.jpg","contentUrl":"https:\/\/hubsch-interior.com\/wp-content\/uploads\/2026\/02\/forma-sideboard-natural-1c7f60da0d162b85aa2a88057ab3eb61.jpg","width":1024,"height":1024},{"@type":"BreadcrumbList","@id":"https:\/\/hubsch-interior.com\/fr\/produit\/forma-buffet-naturel\/#breadcrumb","itemListElement":[{"@type":"ListItem","position":1,"name":"Page d'accueil","item":"https:\/\/hubsch-interior.com\/fr\/"},{"@type":"ListItem","position":2,"name":"Produits","item":"https:\/\/hubsch-interior.com\/fr\/shop-2\/"},{"@type":"ListItem","position":3,"name":"Forma Buffet Naturel"}]},{"@type":"WebSite","@id":"https:\/\/hubsch-interior.com\/fr\/#website","url":"https:\/\/hubsch-interior.com\/fr\/","name":"H\u00fcbsch","description":"Danish Home Interior and Design","publisher":{"@id":"https:\/\/hubsch-interior.com\/fr\/#organization"},"potentialAction":[{"@type":"SearchAction","target":{"@type":"EntryPoint","urlTemplate":"https:\/\/hubsch-interior.com\/fr\/?s={search_term_string}"},"query-input":{"@type":"PropertyValueSpecification","valueRequired":true,"valueName":"search_term_string"}}],"inLanguage":"fr-FR"},{"@type":"Organization","@id":"https:\/\/hubsch-interior.com\/fr\/#organization","name":"H\u00fcbsch","url":"https:\/\/hubsch-interior.com\/fr\/","logo":{"@type":"ImageObject","inLanguage":"fr-FR","@id":"https:\/\/hubsch-interior.com\/fr\/#\/schema\/logo\/image\/","url":"https:\/\/hubsch-interior.com\/wp-content\/uploads\/2022\/12\/Hubsch_logo_black_one_line.svg","contentUrl":"https:\/\/hubsch-interior.com\/wp-content\/uploads\/2022\/12\/Hubsch_logo_black_one_line.svg","caption":"H\u00fcbsch"},"image":{"@id":"https:\/\/hubsch-interior.com\/fr\/#\/schema\/logo\/image\/"}}]}},"_links":{"self":[{"href":"https:\/\/hubsch-interior.com\/fr\/wp-json\/wp\/v2\/product\/1089692","targetHints":{"allow":["GET"]}}],"collection":[{"href":"https:\/\/hubsch-interior.com\/fr\/wp-json\/wp\/v2\/product"}],"about":[{"href":"https:\/\/hubsch-interior.com\/fr\/wp-json\/wp\/v2\/types\/product"}],"wp:featuredmedia":[{"embeddable":true,"href":"https:\/\/hubsch-interior.com\/fr\/wp-json\/wp\/v2\/media\/1112040"}],"wp:attachment":[{"href":"https:\/\/hubsch-interior.com\/fr\/wp-json\/wp\/v2\/media?parent=1089692"}],"wp:term":[{"taxonomy":"product_brand","embeddable":true,"href":"https:\/\/hubsch-interior.com\/fr\/wp-json\/wp\/v2\/product_brand?post=1089692"},{"taxonomy":"product_cat","embeddable":true,"href":"https:\/\/hubsch-interior.com\/fr\/wp-json\/wp\/v2\/product_cat?post=1089692"},{"taxonomy":"product_tag","embeddable":true,"href":"https:\/\/hubsch-interior.com\/fr\/wp-json\/wp\/v2\/product_tag?post=1089692"}],"curies":[{"name":"wp","href":"https:\/\/api.w.org\/{rel}","templated":true}]}}