{"id":1089712,"date":"2026-01-31T05:32:01","date_gmt":"2026-01-31T04:32:01","guid":{"rendered":"https:\/\/hubsch-interior.com\/product\/product\/"},"modified":"2026-04-05T05:27:24","modified_gmt":"2026-04-05T03:27:24","slug":"tona-table-a-manger-naturel","status":"publish","type":"product","link":"https:\/\/hubsch-interior.com\/fr\/produit\/tona-table-a-manger-naturel\/","title":{"rendered":"Tona Table \u00e0 manger Naturel"},"content":{"rendered":"<p>La Table \u00e0 manger Tona allie \u00e9l\u00e9gance et fonctionnalit\u00e9 au quotidien. Con\u00e7ue avec un plateau raffin\u00e9 en placage de ch\u00eane et un cadre m\u00e9tallique robuste rev\u00eatu de poudre, elle offre \u00e0 la fois un attrait visuel et une durabilit\u00e9 durable. Inspir\u00e9e du style Shaker classique, ses tons naturels chaleureux et ses lignes \u00e9pur\u00e9es lui conf\u00e8rent une touche moderne et fra\u00eeche qui s&#8217;adapte \u00e0 tout espace de repas. Gr\u00e2ce \u00e0 ses pieds plac\u00e9s au centre, elle fonctionne \u00e9galement parfaitement comme table de r\u00e9union\u2014offrant un acc\u00e8s facile et des places assises flexibles. Fabriqu\u00e9e en bois certifi\u00e9 FSC, la Tona est un choix responsable qui allie style et utilit\u00e9.<\/p>\n","protected":false},"excerpt":{"rendered":"<p>La Table \u00e0 manger Tona allie \u00e9l\u00e9gance et fonctionnalit\u00e9 au quotidien. Con\u00e7ue avec un plateau raffin\u00e9 en placage de ch\u00eane et un cadre m\u00e9tallique robuste rev\u00eatu de poudre, elle offre \u00e0 la fois un attrait visuel et une durabilit\u00e9 durable. Inspir\u00e9e du style Shaker classique, ses tons naturels chaleureux et ses lignes \u00e9pur\u00e9es lui conf\u00e8rent [&hellip;]<\/p>\n","protected":false},"featured_media":1112072,"template":"","meta":{"_acf_changed":false,"inline_featured_image":false},"product_brand":[],"product_cat":[7154,6322,2859,4215,5046],"product_tag":[],"class_list":{"0":"post-1089712","1":"product","2":"type-product","3":"status-publish","4":"has-post-thumbnail","6":"product_cat-dweller-fr","7":"product_cat-fsc-fr","8":"product_cat-tables-fr","9":"product_cat-tables-a-manger-fr","10":"product_cat-nouveautes-fr","11":"product_shipping_class-p10","13":"pa_color-naturel-2","14":"pa_material-fer-fr","15":"pa_material-mdf-fr","16":"pa_material-placage-de-chne-2","18":"first","19":"instock","20":"taxable","21":"shipping-taxable","22":"purchasable","23":"product-type-simple"},"exclude_global_add_ons":[],"addons":[],"acf":[],"yoast_head":"<!-- This site is optimized with the Yoast SEO plugin v26.4 - https:\/\/yoast.com\/wordpress\/plugins\/seo\/ -->\n<title>Tona Table \u00e0 manger Naturel - H\u00fcbsch<\/title>\n<meta name=\"description\" content=\"La Table \u00e0 manger Tona allie \u00e9l\u00e9gance et fonctionnalit\u00e9 au quotidien. Con\u00e7ue avec un plateau raffin\u00e9 en placage de ch\u00eane et un cadre m\u00e9tallique robuste\" \/>\n<meta name=\"robots\" content=\"index, follow, max-snippet:-1, max-image-preview:large, max-video-preview:-1\" \/>\n<link rel=\"canonical\" href=\"https:\/\/hubsch-interior.com\/fr\/wp-json\/wp\/v2\/product\/1089712\" \/>\n<meta property=\"og:locale\" content=\"fr_FR\" \/>\n<meta property=\"og:type\" content=\"article\" \/>\n<meta property=\"og:title\" content=\"Tona Table \u00e0 manger Naturel - H\u00fcbsch\" \/>\n<meta property=\"og:description\" content=\"La Table \u00e0 manger Tona allie \u00e9l\u00e9gance et fonctionnalit\u00e9 au quotidien. Con\u00e7ue avec un plateau raffin\u00e9 en placage de ch\u00eane et un cadre m\u00e9tallique robuste\" \/>\n<meta property=\"og:url\" content=\"https:\/\/hubsch-interior.com\/fr\/produit\/tona-table-a-manger-naturel\/\" \/>\n<meta property=\"og:site_name\" content=\"H\u00fcbsch\" \/>\n<meta property=\"article:modified_time\" content=\"2026-04-05T03:27:24+00:00\" \/>\n<meta property=\"og:image\" content=\"https:\/\/hubsch-interior.com\/wp-content\/uploads\/2026\/01\/tona-dining-table-natural-a020c8f70e9d87d768fdf86031953842.jpg\" \/>\n\t<meta property=\"og:image:width\" content=\"1200\" \/>\n\t<meta property=\"og:image:height\" content=\"1200\" \/>\n\t<meta property=\"og:image:type\" content=\"image\/jpeg\" \/>\n<meta name=\"twitter:card\" content=\"summary_large_image\" \/>\n<meta name=\"twitter:label1\" content=\"Dur\u00e9e de lecture estim\u00e9e\" \/>\n\t<meta name=\"twitter:data1\" content=\"1 minute\" \/>\n<script type=\"application\/ld+json\" class=\"yoast-schema-graph\">{\"@context\":\"https:\/\/schema.org\",\"@graph\":[{\"@type\":\"WebPage\",\"@id\":\"https:\/\/hubsch-interior.com\/fr\/produit\/tona-table-a-manger-naturel\/\",\"url\":\"https:\/\/hubsch-interior.com\/fr\/produit\/tona-table-a-manger-naturel\/\",\"name\":\"Tona Table \u00e0 manger Naturel - H\u00fcbsch\",\"isPartOf\":{\"@id\":\"https:\/\/hubsch-interior.com\/fr\/#website\"},\"primaryImageOfPage\":{\"@id\":\"https:\/\/hubsch-interior.com\/fr\/produit\/tona-table-a-manger-naturel\/#primaryimage\"},\"image\":{\"@id\":\"https:\/\/hubsch-interior.com\/fr\/produit\/tona-table-a-manger-naturel\/#primaryimage\"},\"thumbnailUrl\":\"https:\/\/hubsch-interior.com\/wp-content\/uploads\/2026\/02\/tona-dining-table-natural-0f9d05c9c245d102a577d66c98a0e642.jpg\",\"datePublished\":\"2026-01-31T04:32:01+00:00\",\"dateModified\":\"2026-04-05T03:27:24+00:00\",\"description\":\"La Table \u00e0 manger Tona allie \u00e9l\u00e9gance et fonctionnalit\u00e9 au quotidien. Con\u00e7ue avec un plateau raffin\u00e9 en placage de ch\u00eane et un cadre m\u00e9tallique robuste\",\"breadcrumb\":{\"@id\":\"https:\/\/hubsch-interior.com\/fr\/produit\/tona-table-a-manger-naturel\/#breadcrumb\"},\"inLanguage\":\"fr-FR\",\"potentialAction\":[{\"@type\":\"ReadAction\",\"target\":[\"https:\/\/hubsch-interior.com\/fr\/produit\/tona-table-a-manger-naturel\/\"]}]},{\"@type\":\"ImageObject\",\"inLanguage\":\"fr-FR\",\"@id\":\"https:\/\/hubsch-interior.com\/fr\/produit\/tona-table-a-manger-naturel\/#primaryimage\",\"url\":\"https:\/\/hubsch-interior.com\/wp-content\/uploads\/2026\/02\/tona-dining-table-natural-0f9d05c9c245d102a577d66c98a0e642.jpg\",\"contentUrl\":\"https:\/\/hubsch-interior.com\/wp-content\/uploads\/2026\/02\/tona-dining-table-natural-0f9d05c9c245d102a577d66c98a0e642.jpg\",\"width\":1024,\"height\":1024},{\"@type\":\"BreadcrumbList\",\"@id\":\"https:\/\/hubsch-interior.com\/fr\/produit\/tona-table-a-manger-naturel\/#breadcrumb\",\"itemListElement\":[{\"@type\":\"ListItem\",\"position\":1,\"name\":\"Page d'accueil\",\"item\":\"https:\/\/hubsch-interior.com\/fr\/\"},{\"@type\":\"ListItem\",\"position\":2,\"name\":\"Produits\",\"item\":\"https:\/\/hubsch-interior.com\/fr\/shop-2\/\"},{\"@type\":\"ListItem\",\"position\":3,\"name\":\"Tona Table \u00e0 manger Naturel\"}]},{\"@type\":\"WebSite\",\"@id\":\"https:\/\/hubsch-interior.com\/fr\/#website\",\"url\":\"https:\/\/hubsch-interior.com\/fr\/\",\"name\":\"H\u00fcbsch\",\"description\":\"Danish Home Interior and Design\",\"publisher\":{\"@id\":\"https:\/\/hubsch-interior.com\/fr\/#organization\"},\"potentialAction\":[{\"@type\":\"SearchAction\",\"target\":{\"@type\":\"EntryPoint\",\"urlTemplate\":\"https:\/\/hubsch-interior.com\/fr\/?s={search_term_string}\"},\"query-input\":{\"@type\":\"PropertyValueSpecification\",\"valueRequired\":true,\"valueName\":\"search_term_string\"}}],\"inLanguage\":\"fr-FR\"},{\"@type\":\"Organization\",\"@id\":\"https:\/\/hubsch-interior.com\/fr\/#organization\",\"name\":\"H\u00fcbsch\",\"url\":\"https:\/\/hubsch-interior.com\/fr\/\",\"logo\":{\"@type\":\"ImageObject\",\"inLanguage\":\"fr-FR\",\"@id\":\"https:\/\/hubsch-interior.com\/fr\/#\/schema\/logo\/image\/\",\"url\":\"https:\/\/hubsch-interior.com\/wp-content\/uploads\/2022\/12\/Hubsch_logo_black_one_line.svg\",\"contentUrl\":\"https:\/\/hubsch-interior.com\/wp-content\/uploads\/2022\/12\/Hubsch_logo_black_one_line.svg\",\"caption\":\"H\u00fcbsch\"},\"image\":{\"@id\":\"https:\/\/hubsch-interior.com\/fr\/#\/schema\/logo\/image\/\"}}]}<\/script>\n<!-- \/ Yoast SEO plugin. -->","yoast_head_json":{"title":"Tona Table \u00e0 manger Naturel - H\u00fcbsch","description":"La Table \u00e0 manger Tona allie \u00e9l\u00e9gance et fonctionnalit\u00e9 au quotidien. Con\u00e7ue avec un plateau raffin\u00e9 en placage de ch\u00eane et un cadre m\u00e9tallique robuste","robots":{"index":"index","follow":"follow","max-snippet":"max-snippet:-1","max-image-preview":"max-image-preview:large","max-video-preview":"max-video-preview:-1"},"canonical":"https:\/\/hubsch-interior.com\/fr\/wp-json\/wp\/v2\/product\/1089712","og_locale":"fr_FR","og_type":"article","og_title":"Tona Table \u00e0 manger Naturel - H\u00fcbsch","og_description":"La Table \u00e0 manger Tona allie \u00e9l\u00e9gance et fonctionnalit\u00e9 au quotidien. Con\u00e7ue avec un plateau raffin\u00e9 en placage de ch\u00eane et un cadre m\u00e9tallique robuste","og_url":"https:\/\/hubsch-interior.com\/fr\/produit\/tona-table-a-manger-naturel\/","og_site_name":"H\u00fcbsch","article_modified_time":"2026-04-05T03:27:24+00:00","og_image":[{"width":1200,"height":1200,"url":"https:\/\/hubsch-interior.com\/wp-content\/uploads\/2026\/01\/tona-dining-table-natural-a020c8f70e9d87d768fdf86031953842.jpg","type":"image\/jpeg"}],"twitter_card":"summary_large_image","twitter_misc":{"Dur\u00e9e de lecture estim\u00e9e":"1 minute"},"schema":{"@context":"https:\/\/schema.org","@graph":[{"@type":"WebPage","@id":"https:\/\/hubsch-interior.com\/fr\/produit\/tona-table-a-manger-naturel\/","url":"https:\/\/hubsch-interior.com\/fr\/produit\/tona-table-a-manger-naturel\/","name":"Tona Table \u00e0 manger Naturel - H\u00fcbsch","isPartOf":{"@id":"https:\/\/hubsch-interior.com\/fr\/#website"},"primaryImageOfPage":{"@id":"https:\/\/hubsch-interior.com\/fr\/produit\/tona-table-a-manger-naturel\/#primaryimage"},"image":{"@id":"https:\/\/hubsch-interior.com\/fr\/produit\/tona-table-a-manger-naturel\/#primaryimage"},"thumbnailUrl":"https:\/\/hubsch-interior.com\/wp-content\/uploads\/2026\/02\/tona-dining-table-natural-0f9d05c9c245d102a577d66c98a0e642.jpg","datePublished":"2026-01-31T04:32:01+00:00","dateModified":"2026-04-05T03:27:24+00:00","description":"La Table \u00e0 manger Tona allie \u00e9l\u00e9gance et fonctionnalit\u00e9 au quotidien. Con\u00e7ue avec un plateau raffin\u00e9 en placage de ch\u00eane et un cadre m\u00e9tallique robuste","breadcrumb":{"@id":"https:\/\/hubsch-interior.com\/fr\/produit\/tona-table-a-manger-naturel\/#breadcrumb"},"inLanguage":"fr-FR","potentialAction":[{"@type":"ReadAction","target":["https:\/\/hubsch-interior.com\/fr\/produit\/tona-table-a-manger-naturel\/"]}]},{"@type":"ImageObject","inLanguage":"fr-FR","@id":"https:\/\/hubsch-interior.com\/fr\/produit\/tona-table-a-manger-naturel\/#primaryimage","url":"https:\/\/hubsch-interior.com\/wp-content\/uploads\/2026\/02\/tona-dining-table-natural-0f9d05c9c245d102a577d66c98a0e642.jpg","contentUrl":"https:\/\/hubsch-interior.com\/wp-content\/uploads\/2026\/02\/tona-dining-table-natural-0f9d05c9c245d102a577d66c98a0e642.jpg","width":1024,"height":1024},{"@type":"BreadcrumbList","@id":"https:\/\/hubsch-interior.com\/fr\/produit\/tona-table-a-manger-naturel\/#breadcrumb","itemListElement":[{"@type":"ListItem","position":1,"name":"Page d'accueil","item":"https:\/\/hubsch-interior.com\/fr\/"},{"@type":"ListItem","position":2,"name":"Produits","item":"https:\/\/hubsch-interior.com\/fr\/shop-2\/"},{"@type":"ListItem","position":3,"name":"Tona Table \u00e0 manger Naturel"}]},{"@type":"WebSite","@id":"https:\/\/hubsch-interior.com\/fr\/#website","url":"https:\/\/hubsch-interior.com\/fr\/","name":"H\u00fcbsch","description":"Danish Home Interior and Design","publisher":{"@id":"https:\/\/hubsch-interior.com\/fr\/#organization"},"potentialAction":[{"@type":"SearchAction","target":{"@type":"EntryPoint","urlTemplate":"https:\/\/hubsch-interior.com\/fr\/?s={search_term_string}"},"query-input":{"@type":"PropertyValueSpecification","valueRequired":true,"valueName":"search_term_string"}}],"inLanguage":"fr-FR"},{"@type":"Organization","@id":"https:\/\/hubsch-interior.com\/fr\/#organization","name":"H\u00fcbsch","url":"https:\/\/hubsch-interior.com\/fr\/","logo":{"@type":"ImageObject","inLanguage":"fr-FR","@id":"https:\/\/hubsch-interior.com\/fr\/#\/schema\/logo\/image\/","url":"https:\/\/hubsch-interior.com\/wp-content\/uploads\/2022\/12\/Hubsch_logo_black_one_line.svg","contentUrl":"https:\/\/hubsch-interior.com\/wp-content\/uploads\/2022\/12\/Hubsch_logo_black_one_line.svg","caption":"H\u00fcbsch"},"image":{"@id":"https:\/\/hubsch-interior.com\/fr\/#\/schema\/logo\/image\/"}}]}},"_links":{"self":[{"href":"https:\/\/hubsch-interior.com\/fr\/wp-json\/wp\/v2\/product\/1089712","targetHints":{"allow":["GET"]}}],"collection":[{"href":"https:\/\/hubsch-interior.com\/fr\/wp-json\/wp\/v2\/product"}],"about":[{"href":"https:\/\/hubsch-interior.com\/fr\/wp-json\/wp\/v2\/types\/product"}],"wp:featuredmedia":[{"embeddable":true,"href":"https:\/\/hubsch-interior.com\/fr\/wp-json\/wp\/v2\/media\/1112072"}],"wp:attachment":[{"href":"https:\/\/hubsch-interior.com\/fr\/wp-json\/wp\/v2\/media?parent=1089712"}],"wp:term":[{"taxonomy":"product_brand","embeddable":true,"href":"https:\/\/hubsch-interior.com\/fr\/wp-json\/wp\/v2\/product_brand?post=1089712"},{"taxonomy":"product_cat","embeddable":true,"href":"https:\/\/hubsch-interior.com\/fr\/wp-json\/wp\/v2\/product_cat?post=1089712"},{"taxonomy":"product_tag","embeddable":true,"href":"https:\/\/hubsch-interior.com\/fr\/wp-json\/wp\/v2\/product_tag?post=1089712"}],"curies":[{"name":"wp","href":"https:\/\/api.w.org\/{rel}","templated":true}]}}