{"id":1089744,"date":"2026-01-31T05:32:15","date_gmt":"2026-01-31T04:32:15","guid":{"rendered":"https:\/\/hubsch-interior.com\/product\/product\/"},"modified":"2026-04-05T05:27:27","modified_gmt":"2026-04-05T03:27:27","slug":"hock-chaises-de-salle-a-manger-naturel-vert","status":"publish","type":"product","link":"https:\/\/hubsch-interior.com\/fr\/produit\/hock-chaises-de-salle-a-manger-naturel-vert\/","title":{"rendered":"Hock Chaises de salle \u00e0 manger Naturel\/Vert"},"content":{"rendered":"<p>Invitez l&#8217;\u00e9l\u00e9gance intemporelle dans votre salle \u00e0 manger avec la Chaise de Salle \u00e0 Manger Hock, disponible en deux variantes distinctes. Ce mod\u00e8le particulier s\u00e9duit par son doux ton vert arm\u00e9e, qui compl\u00e8te harmonieusement l&#8217;assise et le dossier en ch\u00eane naturel. Fabriqu\u00e9e \u00e0 partir de bois certifi\u00e9 FSC, chaque chaise promet non seulement durabilit\u00e9, mais soutient \u00e9galement la gestion responsable des for\u00eats. Simple et classique dans sa conception, la Chaise Hock s&#8217;int\u00e8gre sans effort dans votre espace de repas ch\u00e9ri, assurant confort et style lors de vos repas quotidiens.<\/p>\n","protected":false},"excerpt":{"rendered":"<p>Invitez l&#8217;\u00e9l\u00e9gance intemporelle dans votre salle \u00e0 manger avec la Chaise de Salle \u00e0 Manger Hock, disponible en deux variantes distinctes. Ce mod\u00e8le particulier s\u00e9duit par son doux ton vert arm\u00e9e, qui compl\u00e8te harmonieusement l&#8217;assise et le dossier en ch\u00eane naturel. Fabriqu\u00e9e \u00e0 partir de bois certifi\u00e9 FSC, chaque chaise promet non seulement durabilit\u00e9, mais [&hellip;]<\/p>\n","protected":false},"featured_media":1112092,"template":"","meta":{"_acf_changed":false,"inline_featured_image":false},"product_brand":[],"product_cat":[7154,6322,2843,2844,5026,5046],"product_tag":[],"class_list":{"0":"post-1089744","1":"product","2":"type-product","3":"status-publish","4":"has-post-thumbnail","6":"product_cat-dweller-fr","7":"product_cat-fsc-fr","8":"product_cat-assises-fr","9":"product_cat-chaises-de-salle-a-manger-fr","10":"product_cat-bestsellers-fr","11":"product_cat-nouveautes-fr","12":"product_shipping_class-pk","14":"pa_color-naturel-2","15":"pa_color-vert-2","16":"pa_material-fer-fr","17":"pa_material-mdf-fr","18":"pa_material-placage-de-chne-2","20":"first","21":"instock","22":"featured","23":"taxable","24":"shipping-taxable","25":"purchasable","26":"product-type-simple"},"exclude_global_add_ons":[],"addons":[],"acf":[],"yoast_head":"<!-- This site is optimized with the Yoast SEO plugin v26.4 - https:\/\/yoast.com\/wordpress\/plugins\/seo\/ -->\n<title>Hock Chaises de salle \u00e0 manger Naturel\/Vert - H\u00fcbsch<\/title>\n<meta name=\"description\" content=\"Invitez l&#039;\u00e9l\u00e9gance intemporelle dans votre salle \u00e0 manger avec la Chaise de Salle \u00e0 Manger Hock, disponible en deux variantes distinctes. Ce mod\u00e8le\" \/>\n<meta name=\"robots\" content=\"index, follow, max-snippet:-1, max-image-preview:large, max-video-preview:-1\" \/>\n<link rel=\"canonical\" href=\"https:\/\/hubsch-interior.com\/fr\/wp-json\/wp\/v2\/product\/1089744\" \/>\n<meta property=\"og:locale\" content=\"fr_FR\" \/>\n<meta property=\"og:type\" content=\"article\" \/>\n<meta property=\"og:title\" content=\"Hock Chaises de salle \u00e0 manger Naturel\/Vert - H\u00fcbsch\" \/>\n<meta property=\"og:description\" content=\"Invitez l&#039;\u00e9l\u00e9gance intemporelle dans votre salle \u00e0 manger avec la Chaise de Salle \u00e0 Manger Hock, disponible en deux variantes distinctes. Ce mod\u00e8le\" \/>\n<meta property=\"og:url\" content=\"https:\/\/hubsch-interior.com\/fr\/produit\/hock-chaises-de-salle-a-manger-naturel-vert\/\" \/>\n<meta property=\"og:site_name\" content=\"H\u00fcbsch\" \/>\n<meta property=\"article:modified_time\" content=\"2026-04-05T03:27:27+00:00\" \/>\n<meta property=\"og:image\" content=\"https:\/\/hubsch-interior.com\/wp-content\/uploads\/2026\/02\/hock-dining-chair-naturalgreen-99d3d8a62cfcbe096b0f52a3724c6276.jpg\" \/>\n\t<meta property=\"og:image:width\" content=\"1024\" \/>\n\t<meta property=\"og:image:height\" content=\"1024\" \/>\n\t<meta property=\"og:image:type\" content=\"image\/jpeg\" \/>\n<meta name=\"twitter:card\" content=\"summary_large_image\" \/>\n<script type=\"application\/ld+json\" class=\"yoast-schema-graph\">{\"@context\":\"https:\/\/schema.org\",\"@graph\":[{\"@type\":\"WebPage\",\"@id\":\"https:\/\/hubsch-interior.com\/fr\/produit\/hock-chaises-de-salle-a-manger-naturel-vert\/\",\"url\":\"https:\/\/hubsch-interior.com\/fr\/produit\/hock-chaises-de-salle-a-manger-naturel-vert\/\",\"name\":\"Hock Chaises de salle \u00e0 manger Naturel\/Vert - H\u00fcbsch\",\"isPartOf\":{\"@id\":\"https:\/\/hubsch-interior.com\/fr\/#website\"},\"primaryImageOfPage\":{\"@id\":\"https:\/\/hubsch-interior.com\/fr\/produit\/hock-chaises-de-salle-a-manger-naturel-vert\/#primaryimage\"},\"image\":{\"@id\":\"https:\/\/hubsch-interior.com\/fr\/produit\/hock-chaises-de-salle-a-manger-naturel-vert\/#primaryimage\"},\"thumbnailUrl\":\"https:\/\/hubsch-interior.com\/wp-content\/uploads\/2026\/02\/hock-dining-chair-naturalgreen-99d3d8a62cfcbe096b0f52a3724c6276.jpg\",\"datePublished\":\"2026-01-31T04:32:15+00:00\",\"dateModified\":\"2026-04-05T03:27:27+00:00\",\"description\":\"Invitez l'\u00e9l\u00e9gance intemporelle dans votre salle \u00e0 manger avec la Chaise de Salle \u00e0 Manger Hock, disponible en deux variantes distinctes. Ce mod\u00e8le\",\"breadcrumb\":{\"@id\":\"https:\/\/hubsch-interior.com\/fr\/produit\/hock-chaises-de-salle-a-manger-naturel-vert\/#breadcrumb\"},\"inLanguage\":\"fr-FR\",\"potentialAction\":[{\"@type\":\"ReadAction\",\"target\":[\"https:\/\/hubsch-interior.com\/fr\/produit\/hock-chaises-de-salle-a-manger-naturel-vert\/\"]}]},{\"@type\":\"ImageObject\",\"inLanguage\":\"fr-FR\",\"@id\":\"https:\/\/hubsch-interior.com\/fr\/produit\/hock-chaises-de-salle-a-manger-naturel-vert\/#primaryimage\",\"url\":\"https:\/\/hubsch-interior.com\/wp-content\/uploads\/2026\/02\/hock-dining-chair-naturalgreen-99d3d8a62cfcbe096b0f52a3724c6276.jpg\",\"contentUrl\":\"https:\/\/hubsch-interior.com\/wp-content\/uploads\/2026\/02\/hock-dining-chair-naturalgreen-99d3d8a62cfcbe096b0f52a3724c6276.jpg\",\"width\":1024,\"height\":1024},{\"@type\":\"BreadcrumbList\",\"@id\":\"https:\/\/hubsch-interior.com\/fr\/produit\/hock-chaises-de-salle-a-manger-naturel-vert\/#breadcrumb\",\"itemListElement\":[{\"@type\":\"ListItem\",\"position\":1,\"name\":\"Page d'accueil\",\"item\":\"https:\/\/hubsch-interior.com\/fr\/\"},{\"@type\":\"ListItem\",\"position\":2,\"name\":\"Produits\",\"item\":\"https:\/\/hubsch-interior.com\/fr\/shop-2\/\"},{\"@type\":\"ListItem\",\"position\":3,\"name\":\"Meubles\",\"item\":\"https:\/\/hubsch-interior.com\/fr\/categorie-produit\/meubles\/\"},{\"@type\":\"ListItem\",\"position\":4,\"name\":\"Assises\",\"item\":\"https:\/\/hubsch-interior.com\/fr\/categorie-produit\/meubles\/assises-fr\/\"},{\"@type\":\"ListItem\",\"position\":5,\"name\":\"Chaises de salle &agrave; manger\",\"item\":\"https:\/\/hubsch-interior.com\/fr\/categorie-produit\/meubles\/assises-fr\/chaises-de-salle-a-manger-fr\/\"},{\"@type\":\"ListItem\",\"position\":6,\"name\":\"Hock Chaises de salle \u00e0 manger Naturel\/Vert\"}]},{\"@type\":\"WebSite\",\"@id\":\"https:\/\/hubsch-interior.com\/fr\/#website\",\"url\":\"https:\/\/hubsch-interior.com\/fr\/\",\"name\":\"H\u00fcbsch\",\"description\":\"Danish Home Interior and Design\",\"publisher\":{\"@id\":\"https:\/\/hubsch-interior.com\/fr\/#organization\"},\"potentialAction\":[{\"@type\":\"SearchAction\",\"target\":{\"@type\":\"EntryPoint\",\"urlTemplate\":\"https:\/\/hubsch-interior.com\/fr\/?s={search_term_string}\"},\"query-input\":{\"@type\":\"PropertyValueSpecification\",\"valueRequired\":true,\"valueName\":\"search_term_string\"}}],\"inLanguage\":\"fr-FR\"},{\"@type\":\"Organization\",\"@id\":\"https:\/\/hubsch-interior.com\/fr\/#organization\",\"name\":\"H\u00fcbsch\",\"url\":\"https:\/\/hubsch-interior.com\/fr\/\",\"logo\":{\"@type\":\"ImageObject\",\"inLanguage\":\"fr-FR\",\"@id\":\"https:\/\/hubsch-interior.com\/fr\/#\/schema\/logo\/image\/\",\"url\":\"https:\/\/hubsch-interior.com\/wp-content\/uploads\/2022\/12\/Hubsch_logo_black_one_line.svg\",\"contentUrl\":\"https:\/\/hubsch-interior.com\/wp-content\/uploads\/2022\/12\/Hubsch_logo_black_one_line.svg\",\"caption\":\"H\u00fcbsch\"},\"image\":{\"@id\":\"https:\/\/hubsch-interior.com\/fr\/#\/schema\/logo\/image\/\"}}]}<\/script>\n<!-- \/ Yoast SEO plugin. -->","yoast_head_json":{"title":"Hock Chaises de salle \u00e0 manger Naturel\/Vert - H\u00fcbsch","description":"Invitez l'\u00e9l\u00e9gance intemporelle dans votre salle \u00e0 manger avec la Chaise de Salle \u00e0 Manger Hock, disponible en deux variantes distinctes. Ce mod\u00e8le","robots":{"index":"index","follow":"follow","max-snippet":"max-snippet:-1","max-image-preview":"max-image-preview:large","max-video-preview":"max-video-preview:-1"},"canonical":"https:\/\/hubsch-interior.com\/fr\/wp-json\/wp\/v2\/product\/1089744","og_locale":"fr_FR","og_type":"article","og_title":"Hock Chaises de salle \u00e0 manger Naturel\/Vert - H\u00fcbsch","og_description":"Invitez l'\u00e9l\u00e9gance intemporelle dans votre salle \u00e0 manger avec la Chaise de Salle \u00e0 Manger Hock, disponible en deux variantes distinctes. Ce mod\u00e8le","og_url":"https:\/\/hubsch-interior.com\/fr\/produit\/hock-chaises-de-salle-a-manger-naturel-vert\/","og_site_name":"H\u00fcbsch","article_modified_time":"2026-04-05T03:27:27+00:00","og_image":[{"width":1024,"height":1024,"url":"https:\/\/hubsch-interior.com\/wp-content\/uploads\/2026\/02\/hock-dining-chair-naturalgreen-99d3d8a62cfcbe096b0f52a3724c6276.jpg","type":"image\/jpeg"}],"twitter_card":"summary_large_image","schema":{"@context":"https:\/\/schema.org","@graph":[{"@type":"WebPage","@id":"https:\/\/hubsch-interior.com\/fr\/produit\/hock-chaises-de-salle-a-manger-naturel-vert\/","url":"https:\/\/hubsch-interior.com\/fr\/produit\/hock-chaises-de-salle-a-manger-naturel-vert\/","name":"Hock Chaises de salle \u00e0 manger Naturel\/Vert - H\u00fcbsch","isPartOf":{"@id":"https:\/\/hubsch-interior.com\/fr\/#website"},"primaryImageOfPage":{"@id":"https:\/\/hubsch-interior.com\/fr\/produit\/hock-chaises-de-salle-a-manger-naturel-vert\/#primaryimage"},"image":{"@id":"https:\/\/hubsch-interior.com\/fr\/produit\/hock-chaises-de-salle-a-manger-naturel-vert\/#primaryimage"},"thumbnailUrl":"https:\/\/hubsch-interior.com\/wp-content\/uploads\/2026\/02\/hock-dining-chair-naturalgreen-99d3d8a62cfcbe096b0f52a3724c6276.jpg","datePublished":"2026-01-31T04:32:15+00:00","dateModified":"2026-04-05T03:27:27+00:00","description":"Invitez l'\u00e9l\u00e9gance intemporelle dans votre salle \u00e0 manger avec la Chaise de Salle \u00e0 Manger Hock, disponible en deux variantes distinctes. Ce mod\u00e8le","breadcrumb":{"@id":"https:\/\/hubsch-interior.com\/fr\/produit\/hock-chaises-de-salle-a-manger-naturel-vert\/#breadcrumb"},"inLanguage":"fr-FR","potentialAction":[{"@type":"ReadAction","target":["https:\/\/hubsch-interior.com\/fr\/produit\/hock-chaises-de-salle-a-manger-naturel-vert\/"]}]},{"@type":"ImageObject","inLanguage":"fr-FR","@id":"https:\/\/hubsch-interior.com\/fr\/produit\/hock-chaises-de-salle-a-manger-naturel-vert\/#primaryimage","url":"https:\/\/hubsch-interior.com\/wp-content\/uploads\/2026\/02\/hock-dining-chair-naturalgreen-99d3d8a62cfcbe096b0f52a3724c6276.jpg","contentUrl":"https:\/\/hubsch-interior.com\/wp-content\/uploads\/2026\/02\/hock-dining-chair-naturalgreen-99d3d8a62cfcbe096b0f52a3724c6276.jpg","width":1024,"height":1024},{"@type":"BreadcrumbList","@id":"https:\/\/hubsch-interior.com\/fr\/produit\/hock-chaises-de-salle-a-manger-naturel-vert\/#breadcrumb","itemListElement":[{"@type":"ListItem","position":1,"name":"Page d'accueil","item":"https:\/\/hubsch-interior.com\/fr\/"},{"@type":"ListItem","position":2,"name":"Produits","item":"https:\/\/hubsch-interior.com\/fr\/shop-2\/"},{"@type":"ListItem","position":3,"name":"Meubles","item":"https:\/\/hubsch-interior.com\/fr\/categorie-produit\/meubles\/"},{"@type":"ListItem","position":4,"name":"Assises","item":"https:\/\/hubsch-interior.com\/fr\/categorie-produit\/meubles\/assises-fr\/"},{"@type":"ListItem","position":5,"name":"Chaises de salle &agrave; manger","item":"https:\/\/hubsch-interior.com\/fr\/categorie-produit\/meubles\/assises-fr\/chaises-de-salle-a-manger-fr\/"},{"@type":"ListItem","position":6,"name":"Hock Chaises de salle \u00e0 manger Naturel\/Vert"}]},{"@type":"WebSite","@id":"https:\/\/hubsch-interior.com\/fr\/#website","url":"https:\/\/hubsch-interior.com\/fr\/","name":"H\u00fcbsch","description":"Danish Home Interior and Design","publisher":{"@id":"https:\/\/hubsch-interior.com\/fr\/#organization"},"potentialAction":[{"@type":"SearchAction","target":{"@type":"EntryPoint","urlTemplate":"https:\/\/hubsch-interior.com\/fr\/?s={search_term_string}"},"query-input":{"@type":"PropertyValueSpecification","valueRequired":true,"valueName":"search_term_string"}}],"inLanguage":"fr-FR"},{"@type":"Organization","@id":"https:\/\/hubsch-interior.com\/fr\/#organization","name":"H\u00fcbsch","url":"https:\/\/hubsch-interior.com\/fr\/","logo":{"@type":"ImageObject","inLanguage":"fr-FR","@id":"https:\/\/hubsch-interior.com\/fr\/#\/schema\/logo\/image\/","url":"https:\/\/hubsch-interior.com\/wp-content\/uploads\/2022\/12\/Hubsch_logo_black_one_line.svg","contentUrl":"https:\/\/hubsch-interior.com\/wp-content\/uploads\/2022\/12\/Hubsch_logo_black_one_line.svg","caption":"H\u00fcbsch"},"image":{"@id":"https:\/\/hubsch-interior.com\/fr\/#\/schema\/logo\/image\/"}}]}},"_links":{"self":[{"href":"https:\/\/hubsch-interior.com\/fr\/wp-json\/wp\/v2\/product\/1089744","targetHints":{"allow":["GET"]}}],"collection":[{"href":"https:\/\/hubsch-interior.com\/fr\/wp-json\/wp\/v2\/product"}],"about":[{"href":"https:\/\/hubsch-interior.com\/fr\/wp-json\/wp\/v2\/types\/product"}],"wp:featuredmedia":[{"embeddable":true,"href":"https:\/\/hubsch-interior.com\/fr\/wp-json\/wp\/v2\/media\/1112092"}],"wp:attachment":[{"href":"https:\/\/hubsch-interior.com\/fr\/wp-json\/wp\/v2\/media?parent=1089744"}],"wp:term":[{"taxonomy":"product_brand","embeddable":true,"href":"https:\/\/hubsch-interior.com\/fr\/wp-json\/wp\/v2\/product_brand?post=1089744"},{"taxonomy":"product_cat","embeddable":true,"href":"https:\/\/hubsch-interior.com\/fr\/wp-json\/wp\/v2\/product_cat?post=1089744"},{"taxonomy":"product_tag","embeddable":true,"href":"https:\/\/hubsch-interior.com\/fr\/wp-json\/wp\/v2\/product_tag?post=1089744"}],"curies":[{"name":"wp","href":"https:\/\/api.w.org\/{rel}","templated":true}]}}