{"id":1089780,"date":"2026-01-31T05:32:29","date_gmt":"2026-01-31T04:32:29","guid":{"rendered":"https:\/\/hubsch-interior.com\/product\/product\/"},"modified":"2026-04-06T05:21:24","modified_gmt":"2026-04-06T03:21:24","slug":"hock-chaises-de-salle-a-manger-noir","status":"publish","type":"product","link":"https:\/\/hubsch-interior.com\/fr\/produit\/hock-chaises-de-salle-a-manger-noir\/","title":{"rendered":"Hock Chaises de salle \u00e0 manger Noir"},"content":{"rendered":"<p>La Chaise de Salle \u00e0 Manger Hock est un symbole de design simple et classique. Disponible dans une \u00e9l\u00e9gante variante noire, cette chaise promet non seulement du style, mais aussi un engagement envers la responsabilit\u00e9 environnementale avec sa construction en bois certifi\u00e9 FSC. Parfaitement adapt\u00e9e \u00e0 votre salle \u00e0 manger, la Chaise Hock offre une assise et un dossier fabriqu\u00e9s \u00e0 partir de ch\u00eane exquis, rehaussant n&#8217;importe quel d\u00e9cor avec son charme intemporel. Optez pour ce mod\u00e8le pour un m\u00e9lange de sophistication et d&#8217;artisanat \u00e9thique dans votre maison.<\/p>\n","protected":false},"excerpt":{"rendered":"<p>La Chaise de Salle \u00e0 Manger Hock est un symbole de design simple et classique. Disponible dans une \u00e9l\u00e9gante variante noire, cette chaise promet non seulement du style, mais aussi un engagement envers la responsabilit\u00e9 environnementale avec sa construction en bois certifi\u00e9 FSC. Parfaitement adapt\u00e9e \u00e0 votre salle \u00e0 manger, la Chaise Hock offre une [&hellip;]<\/p>\n","protected":false},"featured_media":1112120,"template":"","meta":{"_acf_changed":false,"inline_featured_image":false},"product_brand":[],"product_cat":[2843,2844,7154,6322,5046],"product_tag":[],"class_list":{"0":"post-1089780","1":"product","2":"type-product","3":"status-publish","4":"has-post-thumbnail","6":"product_cat-assises-fr","7":"product_cat-chaises-de-salle-a-manger-fr","8":"product_cat-dweller-fr","9":"product_cat-fsc-fr","10":"product_cat-nouveautes-fr","11":"product_shipping_class-pk","13":"pa_color-noir","14":"pa_material-fer-fr","15":"pa_material-mdf-fr","16":"pa_material-placage-de-chne-2","18":"first","19":"instock","20":"taxable","21":"shipping-taxable","22":"purchasable","23":"product-type-simple"},"exclude_global_add_ons":[],"addons":[],"acf":[],"yoast_head":"<!-- This site is optimized with the Yoast SEO plugin v26.4 - https:\/\/yoast.com\/wordpress\/plugins\/seo\/ -->\n<title>Hock Chaises de salle \u00e0 manger Noir - H\u00fcbsch<\/title>\n<meta name=\"description\" content=\"La Chaise de Salle \u00e0 Manger Hock est un symbole de design simple et classique. Disponible dans une \u00e9l\u00e9gante variante noire, cette chaise promet non\" \/>\n<meta name=\"robots\" content=\"index, follow, max-snippet:-1, max-image-preview:large, max-video-preview:-1\" \/>\n<link rel=\"canonical\" href=\"https:\/\/hubsch-interior.com\/fr\/wp-json\/wp\/v2\/product\/1089780\" \/>\n<meta property=\"og:locale\" content=\"fr_FR\" \/>\n<meta property=\"og:type\" content=\"article\" \/>\n<meta property=\"og:title\" content=\"Hock Chaises de salle \u00e0 manger Noir - H\u00fcbsch\" \/>\n<meta property=\"og:description\" content=\"La Chaise de Salle \u00e0 Manger Hock est un symbole de design simple et classique. Disponible dans une \u00e9l\u00e9gante variante noire, cette chaise promet non\" \/>\n<meta property=\"og:url\" content=\"https:\/\/hubsch-interior.com\/fr\/produit\/hock-chaises-de-salle-a-manger-noir\/\" \/>\n<meta property=\"og:site_name\" content=\"H\u00fcbsch\" \/>\n<meta property=\"article:modified_time\" content=\"2026-04-06T03:21:24+00:00\" \/>\n<meta property=\"og:image\" content=\"https:\/\/hubsch-interior.com\/wp-content\/uploads\/2026\/02\/hock-dining-chair-black-d45fe1d711ac37883c1371a9c497ac14.jpg\" \/>\n\t<meta property=\"og:image:width\" content=\"1024\" \/>\n\t<meta property=\"og:image:height\" content=\"1024\" \/>\n\t<meta property=\"og:image:type\" content=\"image\/jpeg\" \/>\n<meta name=\"twitter:card\" content=\"summary_large_image\" \/>\n<script type=\"application\/ld+json\" class=\"yoast-schema-graph\">{\"@context\":\"https:\/\/schema.org\",\"@graph\":[{\"@type\":\"WebPage\",\"@id\":\"https:\/\/hubsch-interior.com\/fr\/produit\/hock-chaises-de-salle-a-manger-noir\/\",\"url\":\"https:\/\/hubsch-interior.com\/fr\/produit\/hock-chaises-de-salle-a-manger-noir\/\",\"name\":\"Hock Chaises de salle \u00e0 manger Noir - H\u00fcbsch\",\"isPartOf\":{\"@id\":\"https:\/\/hubsch-interior.com\/fr\/#website\"},\"primaryImageOfPage\":{\"@id\":\"https:\/\/hubsch-interior.com\/fr\/produit\/hock-chaises-de-salle-a-manger-noir\/#primaryimage\"},\"image\":{\"@id\":\"https:\/\/hubsch-interior.com\/fr\/produit\/hock-chaises-de-salle-a-manger-noir\/#primaryimage\"},\"thumbnailUrl\":\"https:\/\/hubsch-interior.com\/wp-content\/uploads\/2026\/02\/hock-dining-chair-black-d45fe1d711ac37883c1371a9c497ac14.jpg\",\"datePublished\":\"2026-01-31T04:32:29+00:00\",\"dateModified\":\"2026-04-06T03:21:24+00:00\",\"description\":\"La Chaise de Salle \u00e0 Manger Hock est un symbole de design simple et classique. Disponible dans une \u00e9l\u00e9gante variante noire, cette chaise promet non\",\"breadcrumb\":{\"@id\":\"https:\/\/hubsch-interior.com\/fr\/produit\/hock-chaises-de-salle-a-manger-noir\/#breadcrumb\"},\"inLanguage\":\"fr-FR\",\"potentialAction\":[{\"@type\":\"ReadAction\",\"target\":[\"https:\/\/hubsch-interior.com\/fr\/produit\/hock-chaises-de-salle-a-manger-noir\/\"]}]},{\"@type\":\"ImageObject\",\"inLanguage\":\"fr-FR\",\"@id\":\"https:\/\/hubsch-interior.com\/fr\/produit\/hock-chaises-de-salle-a-manger-noir\/#primaryimage\",\"url\":\"https:\/\/hubsch-interior.com\/wp-content\/uploads\/2026\/02\/hock-dining-chair-black-d45fe1d711ac37883c1371a9c497ac14.jpg\",\"contentUrl\":\"https:\/\/hubsch-interior.com\/wp-content\/uploads\/2026\/02\/hock-dining-chair-black-d45fe1d711ac37883c1371a9c497ac14.jpg\",\"width\":1024,\"height\":1024},{\"@type\":\"BreadcrumbList\",\"@id\":\"https:\/\/hubsch-interior.com\/fr\/produit\/hock-chaises-de-salle-a-manger-noir\/#breadcrumb\",\"itemListElement\":[{\"@type\":\"ListItem\",\"position\":1,\"name\":\"Page d'accueil\",\"item\":\"https:\/\/hubsch-interior.com\/fr\/\"},{\"@type\":\"ListItem\",\"position\":2,\"name\":\"Produits\",\"item\":\"https:\/\/hubsch-interior.com\/fr\/shop-2\/\"},{\"@type\":\"ListItem\",\"position\":3,\"name\":\"Meubles\",\"item\":\"https:\/\/hubsch-interior.com\/fr\/categorie-produit\/meubles\/\"},{\"@type\":\"ListItem\",\"position\":4,\"name\":\"Assises\",\"item\":\"https:\/\/hubsch-interior.com\/fr\/categorie-produit\/meubles\/assises-fr\/\"},{\"@type\":\"ListItem\",\"position\":5,\"name\":\"Chaises de salle &agrave; manger\",\"item\":\"https:\/\/hubsch-interior.com\/fr\/categorie-produit\/meubles\/assises-fr\/chaises-de-salle-a-manger-fr\/\"},{\"@type\":\"ListItem\",\"position\":6,\"name\":\"Hock Chaises de salle \u00e0 manger Noir\"}]},{\"@type\":\"WebSite\",\"@id\":\"https:\/\/hubsch-interior.com\/fr\/#website\",\"url\":\"https:\/\/hubsch-interior.com\/fr\/\",\"name\":\"H\u00fcbsch\",\"description\":\"Danish Home Interior and Design\",\"publisher\":{\"@id\":\"https:\/\/hubsch-interior.com\/fr\/#organization\"},\"potentialAction\":[{\"@type\":\"SearchAction\",\"target\":{\"@type\":\"EntryPoint\",\"urlTemplate\":\"https:\/\/hubsch-interior.com\/fr\/?s={search_term_string}\"},\"query-input\":{\"@type\":\"PropertyValueSpecification\",\"valueRequired\":true,\"valueName\":\"search_term_string\"}}],\"inLanguage\":\"fr-FR\"},{\"@type\":\"Organization\",\"@id\":\"https:\/\/hubsch-interior.com\/fr\/#organization\",\"name\":\"H\u00fcbsch\",\"url\":\"https:\/\/hubsch-interior.com\/fr\/\",\"logo\":{\"@type\":\"ImageObject\",\"inLanguage\":\"fr-FR\",\"@id\":\"https:\/\/hubsch-interior.com\/fr\/#\/schema\/logo\/image\/\",\"url\":\"https:\/\/hubsch-interior.com\/wp-content\/uploads\/2022\/12\/Hubsch_logo_black_one_line.svg\",\"contentUrl\":\"https:\/\/hubsch-interior.com\/wp-content\/uploads\/2022\/12\/Hubsch_logo_black_one_line.svg\",\"caption\":\"H\u00fcbsch\"},\"image\":{\"@id\":\"https:\/\/hubsch-interior.com\/fr\/#\/schema\/logo\/image\/\"}}]}<\/script>\n<!-- \/ Yoast SEO plugin. -->","yoast_head_json":{"title":"Hock Chaises de salle \u00e0 manger Noir - H\u00fcbsch","description":"La Chaise de Salle \u00e0 Manger Hock est un symbole de design simple et classique. Disponible dans une \u00e9l\u00e9gante variante noire, cette chaise promet non","robots":{"index":"index","follow":"follow","max-snippet":"max-snippet:-1","max-image-preview":"max-image-preview:large","max-video-preview":"max-video-preview:-1"},"canonical":"https:\/\/hubsch-interior.com\/fr\/wp-json\/wp\/v2\/product\/1089780","og_locale":"fr_FR","og_type":"article","og_title":"Hock Chaises de salle \u00e0 manger Noir - H\u00fcbsch","og_description":"La Chaise de Salle \u00e0 Manger Hock est un symbole de design simple et classique. Disponible dans une \u00e9l\u00e9gante variante noire, cette chaise promet non","og_url":"https:\/\/hubsch-interior.com\/fr\/produit\/hock-chaises-de-salle-a-manger-noir\/","og_site_name":"H\u00fcbsch","article_modified_time":"2026-04-06T03:21:24+00:00","og_image":[{"width":1024,"height":1024,"url":"https:\/\/hubsch-interior.com\/wp-content\/uploads\/2026\/02\/hock-dining-chair-black-d45fe1d711ac37883c1371a9c497ac14.jpg","type":"image\/jpeg"}],"twitter_card":"summary_large_image","schema":{"@context":"https:\/\/schema.org","@graph":[{"@type":"WebPage","@id":"https:\/\/hubsch-interior.com\/fr\/produit\/hock-chaises-de-salle-a-manger-noir\/","url":"https:\/\/hubsch-interior.com\/fr\/produit\/hock-chaises-de-salle-a-manger-noir\/","name":"Hock Chaises de salle \u00e0 manger Noir - H\u00fcbsch","isPartOf":{"@id":"https:\/\/hubsch-interior.com\/fr\/#website"},"primaryImageOfPage":{"@id":"https:\/\/hubsch-interior.com\/fr\/produit\/hock-chaises-de-salle-a-manger-noir\/#primaryimage"},"image":{"@id":"https:\/\/hubsch-interior.com\/fr\/produit\/hock-chaises-de-salle-a-manger-noir\/#primaryimage"},"thumbnailUrl":"https:\/\/hubsch-interior.com\/wp-content\/uploads\/2026\/02\/hock-dining-chair-black-d45fe1d711ac37883c1371a9c497ac14.jpg","datePublished":"2026-01-31T04:32:29+00:00","dateModified":"2026-04-06T03:21:24+00:00","description":"La Chaise de Salle \u00e0 Manger Hock est un symbole de design simple et classique. Disponible dans une \u00e9l\u00e9gante variante noire, cette chaise promet non","breadcrumb":{"@id":"https:\/\/hubsch-interior.com\/fr\/produit\/hock-chaises-de-salle-a-manger-noir\/#breadcrumb"},"inLanguage":"fr-FR","potentialAction":[{"@type":"ReadAction","target":["https:\/\/hubsch-interior.com\/fr\/produit\/hock-chaises-de-salle-a-manger-noir\/"]}]},{"@type":"ImageObject","inLanguage":"fr-FR","@id":"https:\/\/hubsch-interior.com\/fr\/produit\/hock-chaises-de-salle-a-manger-noir\/#primaryimage","url":"https:\/\/hubsch-interior.com\/wp-content\/uploads\/2026\/02\/hock-dining-chair-black-d45fe1d711ac37883c1371a9c497ac14.jpg","contentUrl":"https:\/\/hubsch-interior.com\/wp-content\/uploads\/2026\/02\/hock-dining-chair-black-d45fe1d711ac37883c1371a9c497ac14.jpg","width":1024,"height":1024},{"@type":"BreadcrumbList","@id":"https:\/\/hubsch-interior.com\/fr\/produit\/hock-chaises-de-salle-a-manger-noir\/#breadcrumb","itemListElement":[{"@type":"ListItem","position":1,"name":"Page d'accueil","item":"https:\/\/hubsch-interior.com\/fr\/"},{"@type":"ListItem","position":2,"name":"Produits","item":"https:\/\/hubsch-interior.com\/fr\/shop-2\/"},{"@type":"ListItem","position":3,"name":"Meubles","item":"https:\/\/hubsch-interior.com\/fr\/categorie-produit\/meubles\/"},{"@type":"ListItem","position":4,"name":"Assises","item":"https:\/\/hubsch-interior.com\/fr\/categorie-produit\/meubles\/assises-fr\/"},{"@type":"ListItem","position":5,"name":"Chaises de salle &agrave; manger","item":"https:\/\/hubsch-interior.com\/fr\/categorie-produit\/meubles\/assises-fr\/chaises-de-salle-a-manger-fr\/"},{"@type":"ListItem","position":6,"name":"Hock Chaises de salle \u00e0 manger Noir"}]},{"@type":"WebSite","@id":"https:\/\/hubsch-interior.com\/fr\/#website","url":"https:\/\/hubsch-interior.com\/fr\/","name":"H\u00fcbsch","description":"Danish Home Interior and Design","publisher":{"@id":"https:\/\/hubsch-interior.com\/fr\/#organization"},"potentialAction":[{"@type":"SearchAction","target":{"@type":"EntryPoint","urlTemplate":"https:\/\/hubsch-interior.com\/fr\/?s={search_term_string}"},"query-input":{"@type":"PropertyValueSpecification","valueRequired":true,"valueName":"search_term_string"}}],"inLanguage":"fr-FR"},{"@type":"Organization","@id":"https:\/\/hubsch-interior.com\/fr\/#organization","name":"H\u00fcbsch","url":"https:\/\/hubsch-interior.com\/fr\/","logo":{"@type":"ImageObject","inLanguage":"fr-FR","@id":"https:\/\/hubsch-interior.com\/fr\/#\/schema\/logo\/image\/","url":"https:\/\/hubsch-interior.com\/wp-content\/uploads\/2022\/12\/Hubsch_logo_black_one_line.svg","contentUrl":"https:\/\/hubsch-interior.com\/wp-content\/uploads\/2022\/12\/Hubsch_logo_black_one_line.svg","caption":"H\u00fcbsch"},"image":{"@id":"https:\/\/hubsch-interior.com\/fr\/#\/schema\/logo\/image\/"}}]}},"_links":{"self":[{"href":"https:\/\/hubsch-interior.com\/fr\/wp-json\/wp\/v2\/product\/1089780","targetHints":{"allow":["GET"]}}],"collection":[{"href":"https:\/\/hubsch-interior.com\/fr\/wp-json\/wp\/v2\/product"}],"about":[{"href":"https:\/\/hubsch-interior.com\/fr\/wp-json\/wp\/v2\/types\/product"}],"wp:featuredmedia":[{"embeddable":true,"href":"https:\/\/hubsch-interior.com\/fr\/wp-json\/wp\/v2\/media\/1112120"}],"wp:attachment":[{"href":"https:\/\/hubsch-interior.com\/fr\/wp-json\/wp\/v2\/media?parent=1089780"}],"wp:term":[{"taxonomy":"product_brand","embeddable":true,"href":"https:\/\/hubsch-interior.com\/fr\/wp-json\/wp\/v2\/product_brand?post=1089780"},{"taxonomy":"product_cat","embeddable":true,"href":"https:\/\/hubsch-interior.com\/fr\/wp-json\/wp\/v2\/product_cat?post=1089780"},{"taxonomy":"product_tag","embeddable":true,"href":"https:\/\/hubsch-interior.com\/fr\/wp-json\/wp\/v2\/product_tag?post=1089780"}],"curies":[{"name":"wp","href":"https:\/\/api.w.org\/{rel}","templated":true}]}}