{"id":1089804,"date":"2026-01-31T05:32:41","date_gmt":"2026-01-31T04:32:41","guid":{"rendered":"https:\/\/hubsch-interior.com\/product\/product\/"},"modified":"2026-04-05T05:27:35","modified_gmt":"2026-04-05T03:27:35","slug":"hock-table-a-manger-noir","status":"publish","type":"product","link":"https:\/\/hubsch-interior.com\/fr\/produit\/hock-table-a-manger-noir\/","title":{"rendered":"Hock Table \u00e0 manger Noir"},"content":{"rendered":"<p>Rassemblez vos proches autour de la sublime Table \u00e0 manger Hock, un v\u00e9ritable joyau de charme pour toute salle \u00e0 manger. Fabriqu\u00e9e en bois certifi\u00e9 FSC, cette table arbore une teinte noire saisissante, avec un plateau peint qui met \u00e9l\u00e9gamment en valeur le grain naturel du bois. Robuste et stable, elle promet d&#8217;accueillir d&#8217;innombrables soir\u00e9es et repas familiaux, devenant le c\u0153ur de votre foyer o\u00f9 se cr\u00e9ent les souvenirs et o\u00f9 le rire persiste.<\/p>\n","protected":false},"excerpt":{"rendered":"<p>Rassemblez vos proches autour de la sublime Table \u00e0 manger Hock, un v\u00e9ritable joyau de charme pour toute salle \u00e0 manger. Fabriqu\u00e9e en bois certifi\u00e9 FSC, cette table arbore une teinte noire saisissante, avec un plateau peint qui met \u00e9l\u00e9gamment en valeur le grain naturel du bois. Robuste et stable, elle promet d&#8217;accueillir d&#8217;innombrables soir\u00e9es [&hellip;]<\/p>\n","protected":false},"featured_media":1112152,"template":"","meta":{"_acf_changed":false,"inline_featured_image":false},"product_brand":[],"product_cat":[7154,6322,2859,4215,5046],"product_tag":[],"class_list":{"0":"post-1089804","1":"product","2":"type-product","3":"status-publish","4":"has-post-thumbnail","6":"product_cat-dweller-fr","7":"product_cat-fsc-fr","8":"product_cat-tables-fr","9":"product_cat-tables-a-manger-fr","10":"product_cat-nouveautes-fr","11":"product_shipping_class-p10","13":"pa_color-noir","14":"pa_material-fer-fr","15":"pa_material-mdf-fr","16":"pa_material-placage-de-frne","18":"first","19":"instock","20":"taxable","21":"shipping-taxable","22":"purchasable","23":"product-type-simple"},"exclude_global_add_ons":[],"addons":[],"acf":[],"yoast_head":"<!-- This site is optimized with the Yoast SEO plugin v26.4 - https:\/\/yoast.com\/wordpress\/plugins\/seo\/ -->\n<title>Hock Table \u00e0 manger Noir - H\u00fcbsch<\/title>\n<meta name=\"description\" content=\"Rassemblez vos proches autour de la sublime Table \u00e0 manger Hock, un v\u00e9ritable joyau de charme pour toute salle \u00e0 manger. Fabriqu\u00e9e en bois certifi\u00e9 FSC,\" \/>\n<meta name=\"robots\" content=\"index, follow, max-snippet:-1, max-image-preview:large, max-video-preview:-1\" \/>\n<link rel=\"canonical\" href=\"https:\/\/hubsch-interior.com\/fr\/wp-json\/wp\/v2\/product\/1089804\" \/>\n<meta property=\"og:locale\" content=\"fr_FR\" \/>\n<meta property=\"og:type\" content=\"article\" \/>\n<meta property=\"og:title\" content=\"Hock Table \u00e0 manger Noir - H\u00fcbsch\" \/>\n<meta property=\"og:description\" content=\"Rassemblez vos proches autour de la sublime Table \u00e0 manger Hock, un v\u00e9ritable joyau de charme pour toute salle \u00e0 manger. Fabriqu\u00e9e en bois certifi\u00e9 FSC,\" \/>\n<meta property=\"og:url\" content=\"https:\/\/hubsch-interior.com\/fr\/produit\/hock-table-a-manger-noir\/\" \/>\n<meta property=\"og:site_name\" content=\"H\u00fcbsch\" \/>\n<meta property=\"article:modified_time\" content=\"2026-04-05T03:27:35+00:00\" \/>\n<meta property=\"og:image\" content=\"https:\/\/hubsch-interior.com\/wp-content\/uploads\/2026\/01\/hock-dining-table-black-7bc0e9035895dcce6a7b54de90fbfb44.jpg\" \/>\n\t<meta property=\"og:image:width\" content=\"1200\" \/>\n\t<meta property=\"og:image:height\" content=\"1200\" \/>\n\t<meta property=\"og:image:type\" content=\"image\/jpeg\" \/>\n<meta name=\"twitter:card\" content=\"summary_large_image\" \/>\n<script type=\"application\/ld+json\" class=\"yoast-schema-graph\">{\"@context\":\"https:\/\/schema.org\",\"@graph\":[{\"@type\":\"WebPage\",\"@id\":\"https:\/\/hubsch-interior.com\/fr\/produit\/hock-table-a-manger-noir\/\",\"url\":\"https:\/\/hubsch-interior.com\/fr\/produit\/hock-table-a-manger-noir\/\",\"name\":\"Hock Table \u00e0 manger Noir - H\u00fcbsch\",\"isPartOf\":{\"@id\":\"https:\/\/hubsch-interior.com\/fr\/#website\"},\"primaryImageOfPage\":{\"@id\":\"https:\/\/hubsch-interior.com\/fr\/produit\/hock-table-a-manger-noir\/#primaryimage\"},\"image\":{\"@id\":\"https:\/\/hubsch-interior.com\/fr\/produit\/hock-table-a-manger-noir\/#primaryimage\"},\"thumbnailUrl\":\"https:\/\/hubsch-interior.com\/wp-content\/uploads\/2026\/02\/hock-dining-table-black-a51fd7f64f978a68d5b78d682d4359a0.jpg\",\"datePublished\":\"2026-01-31T04:32:41+00:00\",\"dateModified\":\"2026-04-05T03:27:35+00:00\",\"description\":\"Rassemblez vos proches autour de la sublime Table \u00e0 manger Hock, un v\u00e9ritable joyau de charme pour toute salle \u00e0 manger. Fabriqu\u00e9e en bois certifi\u00e9 FSC,\",\"breadcrumb\":{\"@id\":\"https:\/\/hubsch-interior.com\/fr\/produit\/hock-table-a-manger-noir\/#breadcrumb\"},\"inLanguage\":\"fr-FR\",\"potentialAction\":[{\"@type\":\"ReadAction\",\"target\":[\"https:\/\/hubsch-interior.com\/fr\/produit\/hock-table-a-manger-noir\/\"]}]},{\"@type\":\"ImageObject\",\"inLanguage\":\"fr-FR\",\"@id\":\"https:\/\/hubsch-interior.com\/fr\/produit\/hock-table-a-manger-noir\/#primaryimage\",\"url\":\"https:\/\/hubsch-interior.com\/wp-content\/uploads\/2026\/02\/hock-dining-table-black-a51fd7f64f978a68d5b78d682d4359a0.jpg\",\"contentUrl\":\"https:\/\/hubsch-interior.com\/wp-content\/uploads\/2026\/02\/hock-dining-table-black-a51fd7f64f978a68d5b78d682d4359a0.jpg\",\"width\":1024,\"height\":1024},{\"@type\":\"BreadcrumbList\",\"@id\":\"https:\/\/hubsch-interior.com\/fr\/produit\/hock-table-a-manger-noir\/#breadcrumb\",\"itemListElement\":[{\"@type\":\"ListItem\",\"position\":1,\"name\":\"Page d'accueil\",\"item\":\"https:\/\/hubsch-interior.com\/fr\/\"},{\"@type\":\"ListItem\",\"position\":2,\"name\":\"Produits\",\"item\":\"https:\/\/hubsch-interior.com\/fr\/shop-2\/\"},{\"@type\":\"ListItem\",\"position\":3,\"name\":\"Hock Table \u00e0 manger Noir\"}]},{\"@type\":\"WebSite\",\"@id\":\"https:\/\/hubsch-interior.com\/fr\/#website\",\"url\":\"https:\/\/hubsch-interior.com\/fr\/\",\"name\":\"H\u00fcbsch\",\"description\":\"Danish Home Interior and Design\",\"publisher\":{\"@id\":\"https:\/\/hubsch-interior.com\/fr\/#organization\"},\"potentialAction\":[{\"@type\":\"SearchAction\",\"target\":{\"@type\":\"EntryPoint\",\"urlTemplate\":\"https:\/\/hubsch-interior.com\/fr\/?s={search_term_string}\"},\"query-input\":{\"@type\":\"PropertyValueSpecification\",\"valueRequired\":true,\"valueName\":\"search_term_string\"}}],\"inLanguage\":\"fr-FR\"},{\"@type\":\"Organization\",\"@id\":\"https:\/\/hubsch-interior.com\/fr\/#organization\",\"name\":\"H\u00fcbsch\",\"url\":\"https:\/\/hubsch-interior.com\/fr\/\",\"logo\":{\"@type\":\"ImageObject\",\"inLanguage\":\"fr-FR\",\"@id\":\"https:\/\/hubsch-interior.com\/fr\/#\/schema\/logo\/image\/\",\"url\":\"https:\/\/hubsch-interior.com\/wp-content\/uploads\/2022\/12\/Hubsch_logo_black_one_line.svg\",\"contentUrl\":\"https:\/\/hubsch-interior.com\/wp-content\/uploads\/2022\/12\/Hubsch_logo_black_one_line.svg\",\"caption\":\"H\u00fcbsch\"},\"image\":{\"@id\":\"https:\/\/hubsch-interior.com\/fr\/#\/schema\/logo\/image\/\"}}]}<\/script>\n<!-- \/ Yoast SEO plugin. -->","yoast_head_json":{"title":"Hock Table \u00e0 manger Noir - H\u00fcbsch","description":"Rassemblez vos proches autour de la sublime Table \u00e0 manger Hock, un v\u00e9ritable joyau de charme pour toute salle \u00e0 manger. Fabriqu\u00e9e en bois certifi\u00e9 FSC,","robots":{"index":"index","follow":"follow","max-snippet":"max-snippet:-1","max-image-preview":"max-image-preview:large","max-video-preview":"max-video-preview:-1"},"canonical":"https:\/\/hubsch-interior.com\/fr\/wp-json\/wp\/v2\/product\/1089804","og_locale":"fr_FR","og_type":"article","og_title":"Hock Table \u00e0 manger Noir - H\u00fcbsch","og_description":"Rassemblez vos proches autour de la sublime Table \u00e0 manger Hock, un v\u00e9ritable joyau de charme pour toute salle \u00e0 manger. Fabriqu\u00e9e en bois certifi\u00e9 FSC,","og_url":"https:\/\/hubsch-interior.com\/fr\/produit\/hock-table-a-manger-noir\/","og_site_name":"H\u00fcbsch","article_modified_time":"2026-04-05T03:27:35+00:00","og_image":[{"width":1200,"height":1200,"url":"https:\/\/hubsch-interior.com\/wp-content\/uploads\/2026\/01\/hock-dining-table-black-7bc0e9035895dcce6a7b54de90fbfb44.jpg","type":"image\/jpeg"}],"twitter_card":"summary_large_image","schema":{"@context":"https:\/\/schema.org","@graph":[{"@type":"WebPage","@id":"https:\/\/hubsch-interior.com\/fr\/produit\/hock-table-a-manger-noir\/","url":"https:\/\/hubsch-interior.com\/fr\/produit\/hock-table-a-manger-noir\/","name":"Hock Table \u00e0 manger Noir - H\u00fcbsch","isPartOf":{"@id":"https:\/\/hubsch-interior.com\/fr\/#website"},"primaryImageOfPage":{"@id":"https:\/\/hubsch-interior.com\/fr\/produit\/hock-table-a-manger-noir\/#primaryimage"},"image":{"@id":"https:\/\/hubsch-interior.com\/fr\/produit\/hock-table-a-manger-noir\/#primaryimage"},"thumbnailUrl":"https:\/\/hubsch-interior.com\/wp-content\/uploads\/2026\/02\/hock-dining-table-black-a51fd7f64f978a68d5b78d682d4359a0.jpg","datePublished":"2026-01-31T04:32:41+00:00","dateModified":"2026-04-05T03:27:35+00:00","description":"Rassemblez vos proches autour de la sublime Table \u00e0 manger Hock, un v\u00e9ritable joyau de charme pour toute salle \u00e0 manger. Fabriqu\u00e9e en bois certifi\u00e9 FSC,","breadcrumb":{"@id":"https:\/\/hubsch-interior.com\/fr\/produit\/hock-table-a-manger-noir\/#breadcrumb"},"inLanguage":"fr-FR","potentialAction":[{"@type":"ReadAction","target":["https:\/\/hubsch-interior.com\/fr\/produit\/hock-table-a-manger-noir\/"]}]},{"@type":"ImageObject","inLanguage":"fr-FR","@id":"https:\/\/hubsch-interior.com\/fr\/produit\/hock-table-a-manger-noir\/#primaryimage","url":"https:\/\/hubsch-interior.com\/wp-content\/uploads\/2026\/02\/hock-dining-table-black-a51fd7f64f978a68d5b78d682d4359a0.jpg","contentUrl":"https:\/\/hubsch-interior.com\/wp-content\/uploads\/2026\/02\/hock-dining-table-black-a51fd7f64f978a68d5b78d682d4359a0.jpg","width":1024,"height":1024},{"@type":"BreadcrumbList","@id":"https:\/\/hubsch-interior.com\/fr\/produit\/hock-table-a-manger-noir\/#breadcrumb","itemListElement":[{"@type":"ListItem","position":1,"name":"Page d'accueil","item":"https:\/\/hubsch-interior.com\/fr\/"},{"@type":"ListItem","position":2,"name":"Produits","item":"https:\/\/hubsch-interior.com\/fr\/shop-2\/"},{"@type":"ListItem","position":3,"name":"Hock Table \u00e0 manger Noir"}]},{"@type":"WebSite","@id":"https:\/\/hubsch-interior.com\/fr\/#website","url":"https:\/\/hubsch-interior.com\/fr\/","name":"H\u00fcbsch","description":"Danish Home Interior and Design","publisher":{"@id":"https:\/\/hubsch-interior.com\/fr\/#organization"},"potentialAction":[{"@type":"SearchAction","target":{"@type":"EntryPoint","urlTemplate":"https:\/\/hubsch-interior.com\/fr\/?s={search_term_string}"},"query-input":{"@type":"PropertyValueSpecification","valueRequired":true,"valueName":"search_term_string"}}],"inLanguage":"fr-FR"},{"@type":"Organization","@id":"https:\/\/hubsch-interior.com\/fr\/#organization","name":"H\u00fcbsch","url":"https:\/\/hubsch-interior.com\/fr\/","logo":{"@type":"ImageObject","inLanguage":"fr-FR","@id":"https:\/\/hubsch-interior.com\/fr\/#\/schema\/logo\/image\/","url":"https:\/\/hubsch-interior.com\/wp-content\/uploads\/2022\/12\/Hubsch_logo_black_one_line.svg","contentUrl":"https:\/\/hubsch-interior.com\/wp-content\/uploads\/2022\/12\/Hubsch_logo_black_one_line.svg","caption":"H\u00fcbsch"},"image":{"@id":"https:\/\/hubsch-interior.com\/fr\/#\/schema\/logo\/image\/"}}]}},"_links":{"self":[{"href":"https:\/\/hubsch-interior.com\/fr\/wp-json\/wp\/v2\/product\/1089804","targetHints":{"allow":["GET"]}}],"collection":[{"href":"https:\/\/hubsch-interior.com\/fr\/wp-json\/wp\/v2\/product"}],"about":[{"href":"https:\/\/hubsch-interior.com\/fr\/wp-json\/wp\/v2\/types\/product"}],"wp:featuredmedia":[{"embeddable":true,"href":"https:\/\/hubsch-interior.com\/fr\/wp-json\/wp\/v2\/media\/1112152"}],"wp:attachment":[{"href":"https:\/\/hubsch-interior.com\/fr\/wp-json\/wp\/v2\/media?parent=1089804"}],"wp:term":[{"taxonomy":"product_brand","embeddable":true,"href":"https:\/\/hubsch-interior.com\/fr\/wp-json\/wp\/v2\/product_brand?post=1089804"},{"taxonomy":"product_cat","embeddable":true,"href":"https:\/\/hubsch-interior.com\/fr\/wp-json\/wp\/v2\/product_cat?post=1089804"},{"taxonomy":"product_tag","embeddable":true,"href":"https:\/\/hubsch-interior.com\/fr\/wp-json\/wp\/v2\/product_tag?post=1089804"}],"curies":[{"name":"wp","href":"https:\/\/api.w.org\/{rel}","templated":true}]}}