{"id":1089832,"date":"2026-01-31T05:32:54","date_gmt":"2026-01-31T04:32:54","guid":{"rendered":"https:\/\/hubsch-interior.com\/product\/product\/"},"modified":"2026-04-05T05:27:39","modified_gmt":"2026-04-05T03:27:39","slug":"softy-fauteuil-lounge-bleu-fonce-set-de-2","status":"publish","type":"product","link":"https:\/\/hubsch-interior.com\/fr\/produit\/softy-fauteuil-lounge-bleu-fonce-set-de-2\/","title":{"rendered":"Softy Fauteuil lounge Bleu fonc\u00e9 (set de 2)"},"content":{"rendered":"<p>Le Softy Fauteuil lounge apporte une touche de calme et d&#8217;\u00e9l\u00e9gance \u00e0 votre int\u00e9rieur, rev\u00eatu d&#8217;un tissu boucl\u00e9 somptueux pour une sensation v\u00e9ritablement accueillante. Envelopp\u00e9 dans une belle teinte bleu fonc\u00e9, ce fauteuil est aussi agr\u00e9able \u00e0 regarder qu&#8217;\u00e0 utiliser pour se d\u00e9tendre. Doux, confortable et certifi\u00e9 STANDARD 100 par OEKO-TEX\u00ae, il garantit des mat\u00e9riaux de haute qualit\u00e9 exempts de substances nocives. Cr\u00e9ez votre propre refuge douillet pour vous blottir avec un livre et vous \u00e9vader dans d&#8217;autres mondes depuis le confort de votre salon.<\/p>\n","protected":false},"excerpt":{"rendered":"<p>Le Softy Fauteuil lounge apporte une touche de calme et d&#8217;\u00e9l\u00e9gance \u00e0 votre int\u00e9rieur, rev\u00eatu d&#8217;un tissu boucl\u00e9 somptueux pour une sensation v\u00e9ritablement accueillante. Envelopp\u00e9 dans une belle teinte bleu fonc\u00e9, ce fauteuil est aussi agr\u00e9able \u00e0 regarder qu&#8217;\u00e0 utiliser pour se d\u00e9tendre. Doux, confortable et certifi\u00e9 STANDARD 100 par OEKO-TEX\u00ae, il garantit des mat\u00e9riaux [&hellip;]<\/p>\n","protected":false},"featured_media":1112172,"template":"","meta":{"_acf_changed":false,"inline_featured_image":false},"product_brand":[],"product_cat":[7154,2843,3023,5046],"product_tag":[],"class_list":{"0":"post-1089832","1":"product","2":"type-product","3":"status-publish","4":"has-post-thumbnail","6":"product_cat-dweller-fr","7":"product_cat-assises-fr","8":"product_cat-fauteuils-lounge-fr","9":"product_cat-nouveautes-fr","10":"product_shipping_class-p10","12":"pa_color-bleu-fonc-2","13":"pa_material-acrylic-10-fr","14":"pa_material-polyester-90-fr","16":"first","17":"instock","18":"taxable","19":"shipping-taxable","20":"purchasable","21":"product-type-simple"},"exclude_global_add_ons":[],"addons":[],"acf":[],"yoast_head":"<!-- This site is optimized with the Yoast SEO plugin v26.4 - https:\/\/yoast.com\/wordpress\/plugins\/seo\/ -->\n<title>Softy Fauteuil lounge Bleu fonc\u00e9 (set de 2) - H\u00fcbsch<\/title>\n<meta name=\"description\" content=\"Le Softy Fauteuil lounge apporte une touche de calme et d&#039;\u00e9l\u00e9gance \u00e0 votre int\u00e9rieur, rev\u00eatu d&#039;un tissu boucl\u00e9 somptueux pour une sensation v\u00e9ritablement\" \/>\n<meta name=\"robots\" content=\"index, follow, max-snippet:-1, max-image-preview:large, max-video-preview:-1\" \/>\n<link rel=\"canonical\" href=\"https:\/\/hubsch-interior.com\/fr\/wp-json\/wp\/v2\/product\/1089832\" \/>\n<meta property=\"og:locale\" content=\"fr_FR\" \/>\n<meta property=\"og:type\" content=\"article\" \/>\n<meta property=\"og:title\" content=\"Softy Fauteuil lounge Bleu fonc\u00e9 (set de 2) - H\u00fcbsch\" \/>\n<meta property=\"og:description\" content=\"Le Softy Fauteuil lounge apporte une touche de calme et d&#039;\u00e9l\u00e9gance \u00e0 votre int\u00e9rieur, rev\u00eatu d&#039;un tissu boucl\u00e9 somptueux pour une sensation v\u00e9ritablement\" \/>\n<meta property=\"og:url\" content=\"https:\/\/hubsch-interior.com\/fr\/produit\/softy-fauteuil-lounge-bleu-fonce-set-de-2\/\" \/>\n<meta property=\"og:site_name\" content=\"H\u00fcbsch\" \/>\n<meta property=\"article:modified_time\" content=\"2026-04-05T03:27:39+00:00\" \/>\n<meta property=\"og:image\" content=\"https:\/\/hubsch-interior.com\/wp-content\/uploads\/2026\/01\/softy-lounge-chair-dark-blue-set-of-2-8743ad868b401bf9d2c1a9b90a14b98c.jpg\" \/>\n\t<meta property=\"og:image:width\" content=\"1200\" \/>\n\t<meta property=\"og:image:height\" content=\"1200\" \/>\n\t<meta property=\"og:image:type\" content=\"image\/jpeg\" \/>\n<meta name=\"twitter:card\" content=\"summary_large_image\" \/>\n<script type=\"application\/ld+json\" class=\"yoast-schema-graph\">{\"@context\":\"https:\/\/schema.org\",\"@graph\":[{\"@type\":\"WebPage\",\"@id\":\"https:\/\/hubsch-interior.com\/fr\/produit\/softy-fauteuil-lounge-bleu-fonce-set-de-2\/\",\"url\":\"https:\/\/hubsch-interior.com\/fr\/produit\/softy-fauteuil-lounge-bleu-fonce-set-de-2\/\",\"name\":\"Softy Fauteuil lounge Bleu fonc\u00e9 (set de 2) - H\u00fcbsch\",\"isPartOf\":{\"@id\":\"https:\/\/hubsch-interior.com\/fr\/#website\"},\"primaryImageOfPage\":{\"@id\":\"https:\/\/hubsch-interior.com\/fr\/produit\/softy-fauteuil-lounge-bleu-fonce-set-de-2\/#primaryimage\"},\"image\":{\"@id\":\"https:\/\/hubsch-interior.com\/fr\/produit\/softy-fauteuil-lounge-bleu-fonce-set-de-2\/#primaryimage\"},\"thumbnailUrl\":\"https:\/\/hubsch-interior.com\/wp-content\/uploads\/2026\/02\/softy-lounge-chair-dark-blue-set-of-2-8a4afd9d25ccaf51c753db8bcb946998.jpg\",\"datePublished\":\"2026-01-31T04:32:54+00:00\",\"dateModified\":\"2026-04-05T03:27:39+00:00\",\"description\":\"Le Softy Fauteuil lounge apporte une touche de calme et d'\u00e9l\u00e9gance \u00e0 votre int\u00e9rieur, rev\u00eatu d'un tissu boucl\u00e9 somptueux pour une sensation v\u00e9ritablement\",\"breadcrumb\":{\"@id\":\"https:\/\/hubsch-interior.com\/fr\/produit\/softy-fauteuil-lounge-bleu-fonce-set-de-2\/#breadcrumb\"},\"inLanguage\":\"fr-FR\",\"potentialAction\":[{\"@type\":\"ReadAction\",\"target\":[\"https:\/\/hubsch-interior.com\/fr\/produit\/softy-fauteuil-lounge-bleu-fonce-set-de-2\/\"]}]},{\"@type\":\"ImageObject\",\"inLanguage\":\"fr-FR\",\"@id\":\"https:\/\/hubsch-interior.com\/fr\/produit\/softy-fauteuil-lounge-bleu-fonce-set-de-2\/#primaryimage\",\"url\":\"https:\/\/hubsch-interior.com\/wp-content\/uploads\/2026\/02\/softy-lounge-chair-dark-blue-set-of-2-8a4afd9d25ccaf51c753db8bcb946998.jpg\",\"contentUrl\":\"https:\/\/hubsch-interior.com\/wp-content\/uploads\/2026\/02\/softy-lounge-chair-dark-blue-set-of-2-8a4afd9d25ccaf51c753db8bcb946998.jpg\",\"width\":1024,\"height\":1024},{\"@type\":\"BreadcrumbList\",\"@id\":\"https:\/\/hubsch-interior.com\/fr\/produit\/softy-fauteuil-lounge-bleu-fonce-set-de-2\/#breadcrumb\",\"itemListElement\":[{\"@type\":\"ListItem\",\"position\":1,\"name\":\"Page d'accueil\",\"item\":\"https:\/\/hubsch-interior.com\/fr\/\"},{\"@type\":\"ListItem\",\"position\":2,\"name\":\"Produits\",\"item\":\"https:\/\/hubsch-interior.com\/fr\/shop-2\/\"},{\"@type\":\"ListItem\",\"position\":3,\"name\":\"Softy Fauteuil lounge Bleu fonc\u00e9 (set de 2)\"}]},{\"@type\":\"WebSite\",\"@id\":\"https:\/\/hubsch-interior.com\/fr\/#website\",\"url\":\"https:\/\/hubsch-interior.com\/fr\/\",\"name\":\"H\u00fcbsch\",\"description\":\"Danish Home Interior and Design\",\"publisher\":{\"@id\":\"https:\/\/hubsch-interior.com\/fr\/#organization\"},\"potentialAction\":[{\"@type\":\"SearchAction\",\"target\":{\"@type\":\"EntryPoint\",\"urlTemplate\":\"https:\/\/hubsch-interior.com\/fr\/?s={search_term_string}\"},\"query-input\":{\"@type\":\"PropertyValueSpecification\",\"valueRequired\":true,\"valueName\":\"search_term_string\"}}],\"inLanguage\":\"fr-FR\"},{\"@type\":\"Organization\",\"@id\":\"https:\/\/hubsch-interior.com\/fr\/#organization\",\"name\":\"H\u00fcbsch\",\"url\":\"https:\/\/hubsch-interior.com\/fr\/\",\"logo\":{\"@type\":\"ImageObject\",\"inLanguage\":\"fr-FR\",\"@id\":\"https:\/\/hubsch-interior.com\/fr\/#\/schema\/logo\/image\/\",\"url\":\"https:\/\/hubsch-interior.com\/wp-content\/uploads\/2022\/12\/Hubsch_logo_black_one_line.svg\",\"contentUrl\":\"https:\/\/hubsch-interior.com\/wp-content\/uploads\/2022\/12\/Hubsch_logo_black_one_line.svg\",\"caption\":\"H\u00fcbsch\"},\"image\":{\"@id\":\"https:\/\/hubsch-interior.com\/fr\/#\/schema\/logo\/image\/\"}}]}<\/script>\n<!-- \/ Yoast SEO plugin. -->","yoast_head_json":{"title":"Softy Fauteuil lounge Bleu fonc\u00e9 (set de 2) - H\u00fcbsch","description":"Le Softy Fauteuil lounge apporte une touche de calme et d'\u00e9l\u00e9gance \u00e0 votre int\u00e9rieur, rev\u00eatu d'un tissu boucl\u00e9 somptueux pour une sensation v\u00e9ritablement","robots":{"index":"index","follow":"follow","max-snippet":"max-snippet:-1","max-image-preview":"max-image-preview:large","max-video-preview":"max-video-preview:-1"},"canonical":"https:\/\/hubsch-interior.com\/fr\/wp-json\/wp\/v2\/product\/1089832","og_locale":"fr_FR","og_type":"article","og_title":"Softy Fauteuil lounge Bleu fonc\u00e9 (set de 2) - H\u00fcbsch","og_description":"Le Softy Fauteuil lounge apporte une touche de calme et d'\u00e9l\u00e9gance \u00e0 votre int\u00e9rieur, rev\u00eatu d'un tissu boucl\u00e9 somptueux pour une sensation v\u00e9ritablement","og_url":"https:\/\/hubsch-interior.com\/fr\/produit\/softy-fauteuil-lounge-bleu-fonce-set-de-2\/","og_site_name":"H\u00fcbsch","article_modified_time":"2026-04-05T03:27:39+00:00","og_image":[{"width":1200,"height":1200,"url":"https:\/\/hubsch-interior.com\/wp-content\/uploads\/2026\/01\/softy-lounge-chair-dark-blue-set-of-2-8743ad868b401bf9d2c1a9b90a14b98c.jpg","type":"image\/jpeg"}],"twitter_card":"summary_large_image","schema":{"@context":"https:\/\/schema.org","@graph":[{"@type":"WebPage","@id":"https:\/\/hubsch-interior.com\/fr\/produit\/softy-fauteuil-lounge-bleu-fonce-set-de-2\/","url":"https:\/\/hubsch-interior.com\/fr\/produit\/softy-fauteuil-lounge-bleu-fonce-set-de-2\/","name":"Softy Fauteuil lounge Bleu fonc\u00e9 (set de 2) - H\u00fcbsch","isPartOf":{"@id":"https:\/\/hubsch-interior.com\/fr\/#website"},"primaryImageOfPage":{"@id":"https:\/\/hubsch-interior.com\/fr\/produit\/softy-fauteuil-lounge-bleu-fonce-set-de-2\/#primaryimage"},"image":{"@id":"https:\/\/hubsch-interior.com\/fr\/produit\/softy-fauteuil-lounge-bleu-fonce-set-de-2\/#primaryimage"},"thumbnailUrl":"https:\/\/hubsch-interior.com\/wp-content\/uploads\/2026\/02\/softy-lounge-chair-dark-blue-set-of-2-8a4afd9d25ccaf51c753db8bcb946998.jpg","datePublished":"2026-01-31T04:32:54+00:00","dateModified":"2026-04-05T03:27:39+00:00","description":"Le Softy Fauteuil lounge apporte une touche de calme et d'\u00e9l\u00e9gance \u00e0 votre int\u00e9rieur, rev\u00eatu d'un tissu boucl\u00e9 somptueux pour une sensation v\u00e9ritablement","breadcrumb":{"@id":"https:\/\/hubsch-interior.com\/fr\/produit\/softy-fauteuil-lounge-bleu-fonce-set-de-2\/#breadcrumb"},"inLanguage":"fr-FR","potentialAction":[{"@type":"ReadAction","target":["https:\/\/hubsch-interior.com\/fr\/produit\/softy-fauteuil-lounge-bleu-fonce-set-de-2\/"]}]},{"@type":"ImageObject","inLanguage":"fr-FR","@id":"https:\/\/hubsch-interior.com\/fr\/produit\/softy-fauteuil-lounge-bleu-fonce-set-de-2\/#primaryimage","url":"https:\/\/hubsch-interior.com\/wp-content\/uploads\/2026\/02\/softy-lounge-chair-dark-blue-set-of-2-8a4afd9d25ccaf51c753db8bcb946998.jpg","contentUrl":"https:\/\/hubsch-interior.com\/wp-content\/uploads\/2026\/02\/softy-lounge-chair-dark-blue-set-of-2-8a4afd9d25ccaf51c753db8bcb946998.jpg","width":1024,"height":1024},{"@type":"BreadcrumbList","@id":"https:\/\/hubsch-interior.com\/fr\/produit\/softy-fauteuil-lounge-bleu-fonce-set-de-2\/#breadcrumb","itemListElement":[{"@type":"ListItem","position":1,"name":"Page d'accueil","item":"https:\/\/hubsch-interior.com\/fr\/"},{"@type":"ListItem","position":2,"name":"Produits","item":"https:\/\/hubsch-interior.com\/fr\/shop-2\/"},{"@type":"ListItem","position":3,"name":"Softy Fauteuil lounge Bleu fonc\u00e9 (set de 2)"}]},{"@type":"WebSite","@id":"https:\/\/hubsch-interior.com\/fr\/#website","url":"https:\/\/hubsch-interior.com\/fr\/","name":"H\u00fcbsch","description":"Danish Home Interior and Design","publisher":{"@id":"https:\/\/hubsch-interior.com\/fr\/#organization"},"potentialAction":[{"@type":"SearchAction","target":{"@type":"EntryPoint","urlTemplate":"https:\/\/hubsch-interior.com\/fr\/?s={search_term_string}"},"query-input":{"@type":"PropertyValueSpecification","valueRequired":true,"valueName":"search_term_string"}}],"inLanguage":"fr-FR"},{"@type":"Organization","@id":"https:\/\/hubsch-interior.com\/fr\/#organization","name":"H\u00fcbsch","url":"https:\/\/hubsch-interior.com\/fr\/","logo":{"@type":"ImageObject","inLanguage":"fr-FR","@id":"https:\/\/hubsch-interior.com\/fr\/#\/schema\/logo\/image\/","url":"https:\/\/hubsch-interior.com\/wp-content\/uploads\/2022\/12\/Hubsch_logo_black_one_line.svg","contentUrl":"https:\/\/hubsch-interior.com\/wp-content\/uploads\/2022\/12\/Hubsch_logo_black_one_line.svg","caption":"H\u00fcbsch"},"image":{"@id":"https:\/\/hubsch-interior.com\/fr\/#\/schema\/logo\/image\/"}}]}},"_links":{"self":[{"href":"https:\/\/hubsch-interior.com\/fr\/wp-json\/wp\/v2\/product\/1089832","targetHints":{"allow":["GET"]}}],"collection":[{"href":"https:\/\/hubsch-interior.com\/fr\/wp-json\/wp\/v2\/product"}],"about":[{"href":"https:\/\/hubsch-interior.com\/fr\/wp-json\/wp\/v2\/types\/product"}],"wp:featuredmedia":[{"embeddable":true,"href":"https:\/\/hubsch-interior.com\/fr\/wp-json\/wp\/v2\/media\/1112172"}],"wp:attachment":[{"href":"https:\/\/hubsch-interior.com\/fr\/wp-json\/wp\/v2\/media?parent=1089832"}],"wp:term":[{"taxonomy":"product_brand","embeddable":true,"href":"https:\/\/hubsch-interior.com\/fr\/wp-json\/wp\/v2\/product_brand?post=1089832"},{"taxonomy":"product_cat","embeddable":true,"href":"https:\/\/hubsch-interior.com\/fr\/wp-json\/wp\/v2\/product_cat?post=1089832"},{"taxonomy":"product_tag","embeddable":true,"href":"https:\/\/hubsch-interior.com\/fr\/wp-json\/wp\/v2\/product_tag?post=1089832"}],"curies":[{"name":"wp","href":"https:\/\/api.w.org\/{rel}","templated":true}]}}