{"id":1089896,"date":"2026-01-31T05:33:21","date_gmt":"2026-01-31T04:33:21","guid":{"rendered":"https:\/\/hubsch-interior.com\/product\/product\/"},"modified":"2026-04-05T05:27:46","modified_gmt":"2026-04-05T03:27:46","slug":"ouli-fauteuil-lounge-gris-clair-chine","status":"publish","type":"product","link":"https:\/\/hubsch-interior.com\/fr\/produit\/ouli-fauteuil-lounge-gris-clair-chine\/","title":{"rendered":"Ouli Fauteuil lounge Gris clair chin\u00e9"},"content":{"rendered":"<p>D\u00e9couvrez le Fauteuil lounge Ouli, un v\u00e9ritable havre de confort et de style pour votre coin pr\u00e9f\u00e9r\u00e9. Avec son tissu de couleur claire agr\u00e9ment\u00e9 de petites paillettes noires, ce fauteuil pr\u00e9sente un motif intrigant qui attire le regard. Choisissez parmi deux variantes chics, mais c&#8217;est la version blanche qui apporte une ambiance sereine \u00e0 toute pi\u00e8ce. Confectionn\u00e9 selon les normes les plus \u00e9lev\u00e9es et certifi\u00e9 OEKO-TEX\u00ae STANDARD 100, ce meuble ne se contente pas d&#8217;\u00eatre magnifique, il garantit \u00e9galement votre tranquillit\u00e9 d&#8217;esprit. Un mariage parfait entre forme et fonctionnalit\u00e9, con\u00e7u avec une ligne simple, il promet de devenir le nouveau point fort de votre maison.<\/p>\n","protected":false},"excerpt":{"rendered":"<p>D\u00e9couvrez le Fauteuil lounge Ouli, un v\u00e9ritable havre de confort et de style pour votre coin pr\u00e9f\u00e9r\u00e9. Avec son tissu de couleur claire agr\u00e9ment\u00e9 de petites paillettes noires, ce fauteuil pr\u00e9sente un motif intrigant qui attire le regard. Choisissez parmi deux variantes chics, mais c&#8217;est la version blanche qui apporte une ambiance sereine \u00e0 toute [&hellip;]<\/p>\n","protected":false},"featured_media":1112224,"template":"","meta":{"_acf_changed":false,"inline_featured_image":false},"product_brand":[],"product_cat":[7154,2843,3023,5046],"product_tag":[],"class_list":{"0":"post-1089896","1":"product","2":"type-product","3":"status-publish","4":"has-post-thumbnail","6":"product_cat-dweller-fr","7":"product_cat-assises-fr","8":"product_cat-fauteuils-lounge-fr","9":"product_cat-nouveautes-fr","10":"product_shipping_class-p10","12":"pa_color-gris-clair-chin","13":"pa_material-polyester-100-fr","14":"pa_material-bois-de-caoutchouc","16":"first","17":"instock","18":"taxable","19":"shipping-taxable","20":"purchasable","21":"product-type-simple"},"exclude_global_add_ons":[],"addons":[],"acf":[],"yoast_head":"<!-- This site is optimized with the Yoast SEO plugin v26.4 - https:\/\/yoast.com\/wordpress\/plugins\/seo\/ -->\n<title>Ouli Fauteuil lounge Gris clair chin\u00e9 - H\u00fcbsch<\/title>\n<meta name=\"description\" content=\"D\u00e9couvrez le Fauteuil lounge Ouli, un v\u00e9ritable havre de confort et de style pour votre coin pr\u00e9f\u00e9r\u00e9. Avec son tissu de couleur claire agr\u00e9ment\u00e9 de\" \/>\n<meta name=\"robots\" content=\"index, follow, max-snippet:-1, max-image-preview:large, max-video-preview:-1\" \/>\n<link rel=\"canonical\" href=\"https:\/\/hubsch-interior.com\/fr\/wp-json\/wp\/v2\/product\/1089896\" \/>\n<meta property=\"og:locale\" content=\"fr_FR\" \/>\n<meta property=\"og:type\" content=\"article\" \/>\n<meta property=\"og:title\" content=\"Ouli Fauteuil lounge Gris clair chin\u00e9 - H\u00fcbsch\" \/>\n<meta property=\"og:description\" content=\"D\u00e9couvrez le Fauteuil lounge Ouli, un v\u00e9ritable havre de confort et de style pour votre coin pr\u00e9f\u00e9r\u00e9. Avec son tissu de couleur claire agr\u00e9ment\u00e9 de\" \/>\n<meta property=\"og:url\" content=\"https:\/\/hubsch-interior.com\/fr\/produit\/ouli-fauteuil-lounge-gris-clair-chine\/\" \/>\n<meta property=\"og:site_name\" content=\"H\u00fcbsch\" \/>\n<meta property=\"article:modified_time\" content=\"2026-04-05T03:27:46+00:00\" \/>\n<meta property=\"og:image\" content=\"https:\/\/hubsch-interior.com\/wp-content\/uploads\/2026\/01\/ouli-lounge-chair-light-grey-melange-1633e8b094972b5f2caf76f37080915c.jpg\" \/>\n\t<meta property=\"og:image:width\" content=\"1200\" \/>\n\t<meta property=\"og:image:height\" content=\"1200\" \/>\n\t<meta property=\"og:image:type\" content=\"image\/jpeg\" \/>\n<meta name=\"twitter:card\" content=\"summary_large_image\" \/>\n<meta name=\"twitter:label1\" content=\"Dur\u00e9e de lecture estim\u00e9e\" \/>\n\t<meta name=\"twitter:data1\" content=\"1 minute\" \/>\n<script type=\"application\/ld+json\" class=\"yoast-schema-graph\">{\"@context\":\"https:\/\/schema.org\",\"@graph\":[{\"@type\":\"WebPage\",\"@id\":\"https:\/\/hubsch-interior.com\/fr\/produit\/ouli-fauteuil-lounge-gris-clair-chine\/\",\"url\":\"https:\/\/hubsch-interior.com\/fr\/produit\/ouli-fauteuil-lounge-gris-clair-chine\/\",\"name\":\"Ouli Fauteuil lounge Gris clair chin\u00e9 - H\u00fcbsch\",\"isPartOf\":{\"@id\":\"https:\/\/hubsch-interior.com\/fr\/#website\"},\"primaryImageOfPage\":{\"@id\":\"https:\/\/hubsch-interior.com\/fr\/produit\/ouli-fauteuil-lounge-gris-clair-chine\/#primaryimage\"},\"image\":{\"@id\":\"https:\/\/hubsch-interior.com\/fr\/produit\/ouli-fauteuil-lounge-gris-clair-chine\/#primaryimage\"},\"thumbnailUrl\":\"https:\/\/hubsch-interior.com\/wp-content\/uploads\/2026\/02\/ouli-lounge-chair-light-grey-melange-9d793018ef334921b010864782934300.jpg\",\"datePublished\":\"2026-01-31T04:33:21+00:00\",\"dateModified\":\"2026-04-05T03:27:46+00:00\",\"description\":\"D\u00e9couvrez le Fauteuil lounge Ouli, un v\u00e9ritable havre de confort et de style pour votre coin pr\u00e9f\u00e9r\u00e9. Avec son tissu de couleur claire agr\u00e9ment\u00e9 de\",\"breadcrumb\":{\"@id\":\"https:\/\/hubsch-interior.com\/fr\/produit\/ouli-fauteuil-lounge-gris-clair-chine\/#breadcrumb\"},\"inLanguage\":\"fr-FR\",\"potentialAction\":[{\"@type\":\"ReadAction\",\"target\":[\"https:\/\/hubsch-interior.com\/fr\/produit\/ouli-fauteuil-lounge-gris-clair-chine\/\"]}]},{\"@type\":\"ImageObject\",\"inLanguage\":\"fr-FR\",\"@id\":\"https:\/\/hubsch-interior.com\/fr\/produit\/ouli-fauteuil-lounge-gris-clair-chine\/#primaryimage\",\"url\":\"https:\/\/hubsch-interior.com\/wp-content\/uploads\/2026\/02\/ouli-lounge-chair-light-grey-melange-9d793018ef334921b010864782934300.jpg\",\"contentUrl\":\"https:\/\/hubsch-interior.com\/wp-content\/uploads\/2026\/02\/ouli-lounge-chair-light-grey-melange-9d793018ef334921b010864782934300.jpg\",\"width\":1024,\"height\":1024},{\"@type\":\"BreadcrumbList\",\"@id\":\"https:\/\/hubsch-interior.com\/fr\/produit\/ouli-fauteuil-lounge-gris-clair-chine\/#breadcrumb\",\"itemListElement\":[{\"@type\":\"ListItem\",\"position\":1,\"name\":\"Page d'accueil\",\"item\":\"https:\/\/hubsch-interior.com\/fr\/\"},{\"@type\":\"ListItem\",\"position\":2,\"name\":\"Produits\",\"item\":\"https:\/\/hubsch-interior.com\/fr\/shop-2\/\"},{\"@type\":\"ListItem\",\"position\":3,\"name\":\"Ouli Fauteuil lounge Gris clair chin\u00e9\"}]},{\"@type\":\"WebSite\",\"@id\":\"https:\/\/hubsch-interior.com\/fr\/#website\",\"url\":\"https:\/\/hubsch-interior.com\/fr\/\",\"name\":\"H\u00fcbsch\",\"description\":\"Danish Home Interior and Design\",\"publisher\":{\"@id\":\"https:\/\/hubsch-interior.com\/fr\/#organization\"},\"potentialAction\":[{\"@type\":\"SearchAction\",\"target\":{\"@type\":\"EntryPoint\",\"urlTemplate\":\"https:\/\/hubsch-interior.com\/fr\/?s={search_term_string}\"},\"query-input\":{\"@type\":\"PropertyValueSpecification\",\"valueRequired\":true,\"valueName\":\"search_term_string\"}}],\"inLanguage\":\"fr-FR\"},{\"@type\":\"Organization\",\"@id\":\"https:\/\/hubsch-interior.com\/fr\/#organization\",\"name\":\"H\u00fcbsch\",\"url\":\"https:\/\/hubsch-interior.com\/fr\/\",\"logo\":{\"@type\":\"ImageObject\",\"inLanguage\":\"fr-FR\",\"@id\":\"https:\/\/hubsch-interior.com\/fr\/#\/schema\/logo\/image\/\",\"url\":\"https:\/\/hubsch-interior.com\/wp-content\/uploads\/2022\/12\/Hubsch_logo_black_one_line.svg\",\"contentUrl\":\"https:\/\/hubsch-interior.com\/wp-content\/uploads\/2022\/12\/Hubsch_logo_black_one_line.svg\",\"caption\":\"H\u00fcbsch\"},\"image\":{\"@id\":\"https:\/\/hubsch-interior.com\/fr\/#\/schema\/logo\/image\/\"}}]}<\/script>\n<!-- \/ Yoast SEO plugin. -->","yoast_head_json":{"title":"Ouli Fauteuil lounge Gris clair chin\u00e9 - H\u00fcbsch","description":"D\u00e9couvrez le Fauteuil lounge Ouli, un v\u00e9ritable havre de confort et de style pour votre coin pr\u00e9f\u00e9r\u00e9. Avec son tissu de couleur claire agr\u00e9ment\u00e9 de","robots":{"index":"index","follow":"follow","max-snippet":"max-snippet:-1","max-image-preview":"max-image-preview:large","max-video-preview":"max-video-preview:-1"},"canonical":"https:\/\/hubsch-interior.com\/fr\/wp-json\/wp\/v2\/product\/1089896","og_locale":"fr_FR","og_type":"article","og_title":"Ouli Fauteuil lounge Gris clair chin\u00e9 - H\u00fcbsch","og_description":"D\u00e9couvrez le Fauteuil lounge Ouli, un v\u00e9ritable havre de confort et de style pour votre coin pr\u00e9f\u00e9r\u00e9. Avec son tissu de couleur claire agr\u00e9ment\u00e9 de","og_url":"https:\/\/hubsch-interior.com\/fr\/produit\/ouli-fauteuil-lounge-gris-clair-chine\/","og_site_name":"H\u00fcbsch","article_modified_time":"2026-04-05T03:27:46+00:00","og_image":[{"width":1200,"height":1200,"url":"https:\/\/hubsch-interior.com\/wp-content\/uploads\/2026\/01\/ouli-lounge-chair-light-grey-melange-1633e8b094972b5f2caf76f37080915c.jpg","type":"image\/jpeg"}],"twitter_card":"summary_large_image","twitter_misc":{"Dur\u00e9e de lecture estim\u00e9e":"1 minute"},"schema":{"@context":"https:\/\/schema.org","@graph":[{"@type":"WebPage","@id":"https:\/\/hubsch-interior.com\/fr\/produit\/ouli-fauteuil-lounge-gris-clair-chine\/","url":"https:\/\/hubsch-interior.com\/fr\/produit\/ouli-fauteuil-lounge-gris-clair-chine\/","name":"Ouli Fauteuil lounge Gris clair chin\u00e9 - H\u00fcbsch","isPartOf":{"@id":"https:\/\/hubsch-interior.com\/fr\/#website"},"primaryImageOfPage":{"@id":"https:\/\/hubsch-interior.com\/fr\/produit\/ouli-fauteuil-lounge-gris-clair-chine\/#primaryimage"},"image":{"@id":"https:\/\/hubsch-interior.com\/fr\/produit\/ouli-fauteuil-lounge-gris-clair-chine\/#primaryimage"},"thumbnailUrl":"https:\/\/hubsch-interior.com\/wp-content\/uploads\/2026\/02\/ouli-lounge-chair-light-grey-melange-9d793018ef334921b010864782934300.jpg","datePublished":"2026-01-31T04:33:21+00:00","dateModified":"2026-04-05T03:27:46+00:00","description":"D\u00e9couvrez le Fauteuil lounge Ouli, un v\u00e9ritable havre de confort et de style pour votre coin pr\u00e9f\u00e9r\u00e9. Avec son tissu de couleur claire agr\u00e9ment\u00e9 de","breadcrumb":{"@id":"https:\/\/hubsch-interior.com\/fr\/produit\/ouli-fauteuil-lounge-gris-clair-chine\/#breadcrumb"},"inLanguage":"fr-FR","potentialAction":[{"@type":"ReadAction","target":["https:\/\/hubsch-interior.com\/fr\/produit\/ouli-fauteuil-lounge-gris-clair-chine\/"]}]},{"@type":"ImageObject","inLanguage":"fr-FR","@id":"https:\/\/hubsch-interior.com\/fr\/produit\/ouli-fauteuil-lounge-gris-clair-chine\/#primaryimage","url":"https:\/\/hubsch-interior.com\/wp-content\/uploads\/2026\/02\/ouli-lounge-chair-light-grey-melange-9d793018ef334921b010864782934300.jpg","contentUrl":"https:\/\/hubsch-interior.com\/wp-content\/uploads\/2026\/02\/ouli-lounge-chair-light-grey-melange-9d793018ef334921b010864782934300.jpg","width":1024,"height":1024},{"@type":"BreadcrumbList","@id":"https:\/\/hubsch-interior.com\/fr\/produit\/ouli-fauteuil-lounge-gris-clair-chine\/#breadcrumb","itemListElement":[{"@type":"ListItem","position":1,"name":"Page d'accueil","item":"https:\/\/hubsch-interior.com\/fr\/"},{"@type":"ListItem","position":2,"name":"Produits","item":"https:\/\/hubsch-interior.com\/fr\/shop-2\/"},{"@type":"ListItem","position":3,"name":"Ouli Fauteuil lounge Gris clair chin\u00e9"}]},{"@type":"WebSite","@id":"https:\/\/hubsch-interior.com\/fr\/#website","url":"https:\/\/hubsch-interior.com\/fr\/","name":"H\u00fcbsch","description":"Danish Home Interior and Design","publisher":{"@id":"https:\/\/hubsch-interior.com\/fr\/#organization"},"potentialAction":[{"@type":"SearchAction","target":{"@type":"EntryPoint","urlTemplate":"https:\/\/hubsch-interior.com\/fr\/?s={search_term_string}"},"query-input":{"@type":"PropertyValueSpecification","valueRequired":true,"valueName":"search_term_string"}}],"inLanguage":"fr-FR"},{"@type":"Organization","@id":"https:\/\/hubsch-interior.com\/fr\/#organization","name":"H\u00fcbsch","url":"https:\/\/hubsch-interior.com\/fr\/","logo":{"@type":"ImageObject","inLanguage":"fr-FR","@id":"https:\/\/hubsch-interior.com\/fr\/#\/schema\/logo\/image\/","url":"https:\/\/hubsch-interior.com\/wp-content\/uploads\/2022\/12\/Hubsch_logo_black_one_line.svg","contentUrl":"https:\/\/hubsch-interior.com\/wp-content\/uploads\/2022\/12\/Hubsch_logo_black_one_line.svg","caption":"H\u00fcbsch"},"image":{"@id":"https:\/\/hubsch-interior.com\/fr\/#\/schema\/logo\/image\/"}}]}},"_links":{"self":[{"href":"https:\/\/hubsch-interior.com\/fr\/wp-json\/wp\/v2\/product\/1089896","targetHints":{"allow":["GET"]}}],"collection":[{"href":"https:\/\/hubsch-interior.com\/fr\/wp-json\/wp\/v2\/product"}],"about":[{"href":"https:\/\/hubsch-interior.com\/fr\/wp-json\/wp\/v2\/types\/product"}],"wp:featuredmedia":[{"embeddable":true,"href":"https:\/\/hubsch-interior.com\/fr\/wp-json\/wp\/v2\/media\/1112224"}],"wp:attachment":[{"href":"https:\/\/hubsch-interior.com\/fr\/wp-json\/wp\/v2\/media?parent=1089896"}],"wp:term":[{"taxonomy":"product_brand","embeddable":true,"href":"https:\/\/hubsch-interior.com\/fr\/wp-json\/wp\/v2\/product_brand?post=1089896"},{"taxonomy":"product_cat","embeddable":true,"href":"https:\/\/hubsch-interior.com\/fr\/wp-json\/wp\/v2\/product_cat?post=1089896"},{"taxonomy":"product_tag","embeddable":true,"href":"https:\/\/hubsch-interior.com\/fr\/wp-json\/wp\/v2\/product_tag?post=1089896"}],"curies":[{"name":"wp","href":"https:\/\/api.w.org\/{rel}","templated":true}]}}