{"id":1089924,"date":"2026-01-31T05:33:34","date_gmt":"2026-01-31T04:33:34","guid":{"rendered":"https:\/\/hubsch-interior.com\/product\/product\/"},"modified":"2026-04-05T05:27:49","modified_gmt":"2026-04-05T03:27:49","slug":"paza-canape-vert-clair","status":"publish","type":"product","link":"https:\/\/hubsch-interior.com\/fr\/produit\/paza-canape-vert-clair\/","title":{"rendered":"Paza Canap\u00e9 Vert Clair"},"content":{"rendered":"<p>Le Paza Canap\u00e9 est un parfait m\u00e9lange de style et de flexibilit\u00e9, se transformant ais\u00e9ment en canap\u00e9 ou en lit de jour selon vos besoins. Rev\u00eatu d&#8217;un tissu m\u00e9lang\u00e9 doux en vert clair, il apporte une touche de couleur subtile \u00e0 votre int\u00e9rieur. Avec sa forme sculpturale et son assise g\u00e9n\u00e9reuse, il invite chacun \u00e0 se d\u00e9tendre confortablement. Confectionn\u00e9 avec des mat\u00e9riaux certifi\u00e9s OEKO-TEX\u00ae STANDARD 100, il garantit qualit\u00e9 et tranquillit\u00e9 d&#8217;esprit. Une pi\u00e8ce remarquable qui transforme n&#8217;importe quelle pi\u00e8ce en un havre de style.<\/p>\n","protected":false},"excerpt":{"rendered":"<p>Le Paza Canap\u00e9 est un parfait m\u00e9lange de style et de flexibilit\u00e9, se transformant ais\u00e9ment en canap\u00e9 ou en lit de jour selon vos besoins. Rev\u00eatu d&#8217;un tissu m\u00e9lang\u00e9 doux en vert clair, il apporte une touche de couleur subtile \u00e0 votre int\u00e9rieur. Avec sa forme sculpturale et son assise g\u00e9n\u00e9reuse, il invite chacun \u00e0 [&hellip;]<\/p>\n","protected":false},"featured_media":1116163,"template":"","meta":{"_acf_changed":false,"inline_featured_image":false},"product_brand":[],"product_cat":[7154,2843,4199,5046],"product_tag":[],"class_list":{"0":"post-1089924","1":"product","2":"type-product","3":"status-publish","4":"has-post-thumbnail","6":"product_cat-dweller-fr","7":"product_cat-assises-fr","8":"product_cat-canapes-lits-de-jour-fr","9":"product_cat-nouveautes-fr","10":"product_shipping_class-p10","12":"pa_color-vert-clair-2","13":"pa_material-polyester-95-fr","14":"pa_material-contre-plaqu","16":"first","17":"instock","18":"taxable","19":"shipping-taxable","20":"purchasable","21":"product-type-simple"},"exclude_global_add_ons":[],"addons":[],"acf":[],"yoast_head":"<!-- This site is optimized with the Yoast SEO plugin v26.4 - https:\/\/yoast.com\/wordpress\/plugins\/seo\/ -->\n<title>Paza Canap\u00e9 Vert Clair - H\u00fcbsch<\/title>\n<meta name=\"description\" content=\"Le Paza Canap\u00e9 est un parfait m\u00e9lange de style et de flexibilit\u00e9, se transformant ais\u00e9ment en canap\u00e9 ou en lit de jour selon vos besoins. Rev\u00eatu d&#039;un\" \/>\n<meta name=\"robots\" content=\"index, follow, max-snippet:-1, max-image-preview:large, max-video-preview:-1\" \/>\n<link rel=\"canonical\" href=\"https:\/\/hubsch-interior.com\/fr\/wp-json\/wp\/v2\/product\/1089924\" \/>\n<meta property=\"og:locale\" content=\"fr_FR\" \/>\n<meta property=\"og:type\" content=\"article\" \/>\n<meta property=\"og:title\" content=\"Paza Canap\u00e9 Vert Clair - H\u00fcbsch\" \/>\n<meta property=\"og:description\" content=\"Le Paza Canap\u00e9 est un parfait m\u00e9lange de style et de flexibilit\u00e9, se transformant ais\u00e9ment en canap\u00e9 ou en lit de jour selon vos besoins. Rev\u00eatu d&#039;un\" \/>\n<meta property=\"og:url\" content=\"https:\/\/hubsch-interior.com\/fr\/produit\/paza-canape-vert-clair\/\" \/>\n<meta property=\"og:site_name\" content=\"H\u00fcbsch\" \/>\n<meta property=\"article:modified_time\" content=\"2026-04-05T03:27:49+00:00\" \/>\n<meta property=\"og:image\" content=\"https:\/\/hubsch-interior.com\/wp-content\/uploads\/2026\/01\/paza-sofa-light-green-03af940d8650d424a4a580a8c6efd7e1.jpg\" \/>\n\t<meta property=\"og:image:width\" content=\"1200\" \/>\n\t<meta property=\"og:image:height\" content=\"1200\" \/>\n\t<meta property=\"og:image:type\" content=\"image\/jpeg\" \/>\n<meta name=\"twitter:card\" content=\"summary_large_image\" \/>\n<script type=\"application\/ld+json\" class=\"yoast-schema-graph\">{\"@context\":\"https:\/\/schema.org\",\"@graph\":[{\"@type\":\"WebPage\",\"@id\":\"https:\/\/hubsch-interior.com\/fr\/produit\/paza-canape-vert-clair\/\",\"url\":\"https:\/\/hubsch-interior.com\/fr\/produit\/paza-canape-vert-clair\/\",\"name\":\"Paza Canap\u00e9 Vert Clair - H\u00fcbsch\",\"isPartOf\":{\"@id\":\"https:\/\/hubsch-interior.com\/fr\/#website\"},\"primaryImageOfPage\":{\"@id\":\"https:\/\/hubsch-interior.com\/fr\/produit\/paza-canape-vert-clair\/#primaryimage\"},\"image\":{\"@id\":\"https:\/\/hubsch-interior.com\/fr\/produit\/paza-canape-vert-clair\/#primaryimage\"},\"thumbnailUrl\":\"https:\/\/hubsch-interior.com\/wp-content\/uploads\/2026\/04\/paza-sofa-light-green-56511f6dd26b802ead4f1c4e42a57f18.jpg\",\"datePublished\":\"2026-01-31T04:33:34+00:00\",\"dateModified\":\"2026-04-05T03:27:49+00:00\",\"description\":\"Le Paza Canap\u00e9 est un parfait m\u00e9lange de style et de flexibilit\u00e9, se transformant ais\u00e9ment en canap\u00e9 ou en lit de jour selon vos besoins. Rev\u00eatu d'un\",\"breadcrumb\":{\"@id\":\"https:\/\/hubsch-interior.com\/fr\/produit\/paza-canape-vert-clair\/#breadcrumb\"},\"inLanguage\":\"fr-FR\",\"potentialAction\":[{\"@type\":\"ReadAction\",\"target\":[\"https:\/\/hubsch-interior.com\/fr\/produit\/paza-canape-vert-clair\/\"]}]},{\"@type\":\"ImageObject\",\"inLanguage\":\"fr-FR\",\"@id\":\"https:\/\/hubsch-interior.com\/fr\/produit\/paza-canape-vert-clair\/#primaryimage\",\"url\":\"https:\/\/hubsch-interior.com\/wp-content\/uploads\/2026\/04\/paza-sofa-light-green-56511f6dd26b802ead4f1c4e42a57f18.jpg\",\"contentUrl\":\"https:\/\/hubsch-interior.com\/wp-content\/uploads\/2026\/04\/paza-sofa-light-green-56511f6dd26b802ead4f1c4e42a57f18.jpg\",\"width\":1024,\"height\":1024},{\"@type\":\"BreadcrumbList\",\"@id\":\"https:\/\/hubsch-interior.com\/fr\/produit\/paza-canape-vert-clair\/#breadcrumb\",\"itemListElement\":[{\"@type\":\"ListItem\",\"position\":1,\"name\":\"Page d'accueil\",\"item\":\"https:\/\/hubsch-interior.com\/fr\/\"},{\"@type\":\"ListItem\",\"position\":2,\"name\":\"Produits\",\"item\":\"https:\/\/hubsch-interior.com\/fr\/shop-2\/\"},{\"@type\":\"ListItem\",\"position\":3,\"name\":\"Paza Canap\u00e9 Vert Clair\"}]},{\"@type\":\"WebSite\",\"@id\":\"https:\/\/hubsch-interior.com\/fr\/#website\",\"url\":\"https:\/\/hubsch-interior.com\/fr\/\",\"name\":\"H\u00fcbsch\",\"description\":\"Danish Home Interior and Design\",\"publisher\":{\"@id\":\"https:\/\/hubsch-interior.com\/fr\/#organization\"},\"potentialAction\":[{\"@type\":\"SearchAction\",\"target\":{\"@type\":\"EntryPoint\",\"urlTemplate\":\"https:\/\/hubsch-interior.com\/fr\/?s={search_term_string}\"},\"query-input\":{\"@type\":\"PropertyValueSpecification\",\"valueRequired\":true,\"valueName\":\"search_term_string\"}}],\"inLanguage\":\"fr-FR\"},{\"@type\":\"Organization\",\"@id\":\"https:\/\/hubsch-interior.com\/fr\/#organization\",\"name\":\"H\u00fcbsch\",\"url\":\"https:\/\/hubsch-interior.com\/fr\/\",\"logo\":{\"@type\":\"ImageObject\",\"inLanguage\":\"fr-FR\",\"@id\":\"https:\/\/hubsch-interior.com\/fr\/#\/schema\/logo\/image\/\",\"url\":\"https:\/\/hubsch-interior.com\/wp-content\/uploads\/2022\/12\/Hubsch_logo_black_one_line.svg\",\"contentUrl\":\"https:\/\/hubsch-interior.com\/wp-content\/uploads\/2022\/12\/Hubsch_logo_black_one_line.svg\",\"caption\":\"H\u00fcbsch\"},\"image\":{\"@id\":\"https:\/\/hubsch-interior.com\/fr\/#\/schema\/logo\/image\/\"}}]}<\/script>\n<!-- \/ Yoast SEO plugin. -->","yoast_head_json":{"title":"Paza Canap\u00e9 Vert Clair - H\u00fcbsch","description":"Le Paza Canap\u00e9 est un parfait m\u00e9lange de style et de flexibilit\u00e9, se transformant ais\u00e9ment en canap\u00e9 ou en lit de jour selon vos besoins. Rev\u00eatu d'un","robots":{"index":"index","follow":"follow","max-snippet":"max-snippet:-1","max-image-preview":"max-image-preview:large","max-video-preview":"max-video-preview:-1"},"canonical":"https:\/\/hubsch-interior.com\/fr\/wp-json\/wp\/v2\/product\/1089924","og_locale":"fr_FR","og_type":"article","og_title":"Paza Canap\u00e9 Vert Clair - H\u00fcbsch","og_description":"Le Paza Canap\u00e9 est un parfait m\u00e9lange de style et de flexibilit\u00e9, se transformant ais\u00e9ment en canap\u00e9 ou en lit de jour selon vos besoins. Rev\u00eatu d'un","og_url":"https:\/\/hubsch-interior.com\/fr\/produit\/paza-canape-vert-clair\/","og_site_name":"H\u00fcbsch","article_modified_time":"2026-04-05T03:27:49+00:00","og_image":[{"width":1200,"height":1200,"url":"https:\/\/hubsch-interior.com\/wp-content\/uploads\/2026\/01\/paza-sofa-light-green-03af940d8650d424a4a580a8c6efd7e1.jpg","type":"image\/jpeg"}],"twitter_card":"summary_large_image","schema":{"@context":"https:\/\/schema.org","@graph":[{"@type":"WebPage","@id":"https:\/\/hubsch-interior.com\/fr\/produit\/paza-canape-vert-clair\/","url":"https:\/\/hubsch-interior.com\/fr\/produit\/paza-canape-vert-clair\/","name":"Paza Canap\u00e9 Vert Clair - H\u00fcbsch","isPartOf":{"@id":"https:\/\/hubsch-interior.com\/fr\/#website"},"primaryImageOfPage":{"@id":"https:\/\/hubsch-interior.com\/fr\/produit\/paza-canape-vert-clair\/#primaryimage"},"image":{"@id":"https:\/\/hubsch-interior.com\/fr\/produit\/paza-canape-vert-clair\/#primaryimage"},"thumbnailUrl":"https:\/\/hubsch-interior.com\/wp-content\/uploads\/2026\/04\/paza-sofa-light-green-56511f6dd26b802ead4f1c4e42a57f18.jpg","datePublished":"2026-01-31T04:33:34+00:00","dateModified":"2026-04-05T03:27:49+00:00","description":"Le Paza Canap\u00e9 est un parfait m\u00e9lange de style et de flexibilit\u00e9, se transformant ais\u00e9ment en canap\u00e9 ou en lit de jour selon vos besoins. Rev\u00eatu d'un","breadcrumb":{"@id":"https:\/\/hubsch-interior.com\/fr\/produit\/paza-canape-vert-clair\/#breadcrumb"},"inLanguage":"fr-FR","potentialAction":[{"@type":"ReadAction","target":["https:\/\/hubsch-interior.com\/fr\/produit\/paza-canape-vert-clair\/"]}]},{"@type":"ImageObject","inLanguage":"fr-FR","@id":"https:\/\/hubsch-interior.com\/fr\/produit\/paza-canape-vert-clair\/#primaryimage","url":"https:\/\/hubsch-interior.com\/wp-content\/uploads\/2026\/04\/paza-sofa-light-green-56511f6dd26b802ead4f1c4e42a57f18.jpg","contentUrl":"https:\/\/hubsch-interior.com\/wp-content\/uploads\/2026\/04\/paza-sofa-light-green-56511f6dd26b802ead4f1c4e42a57f18.jpg","width":1024,"height":1024},{"@type":"BreadcrumbList","@id":"https:\/\/hubsch-interior.com\/fr\/produit\/paza-canape-vert-clair\/#breadcrumb","itemListElement":[{"@type":"ListItem","position":1,"name":"Page d'accueil","item":"https:\/\/hubsch-interior.com\/fr\/"},{"@type":"ListItem","position":2,"name":"Produits","item":"https:\/\/hubsch-interior.com\/fr\/shop-2\/"},{"@type":"ListItem","position":3,"name":"Paza Canap\u00e9 Vert Clair"}]},{"@type":"WebSite","@id":"https:\/\/hubsch-interior.com\/fr\/#website","url":"https:\/\/hubsch-interior.com\/fr\/","name":"H\u00fcbsch","description":"Danish Home Interior and Design","publisher":{"@id":"https:\/\/hubsch-interior.com\/fr\/#organization"},"potentialAction":[{"@type":"SearchAction","target":{"@type":"EntryPoint","urlTemplate":"https:\/\/hubsch-interior.com\/fr\/?s={search_term_string}"},"query-input":{"@type":"PropertyValueSpecification","valueRequired":true,"valueName":"search_term_string"}}],"inLanguage":"fr-FR"},{"@type":"Organization","@id":"https:\/\/hubsch-interior.com\/fr\/#organization","name":"H\u00fcbsch","url":"https:\/\/hubsch-interior.com\/fr\/","logo":{"@type":"ImageObject","inLanguage":"fr-FR","@id":"https:\/\/hubsch-interior.com\/fr\/#\/schema\/logo\/image\/","url":"https:\/\/hubsch-interior.com\/wp-content\/uploads\/2022\/12\/Hubsch_logo_black_one_line.svg","contentUrl":"https:\/\/hubsch-interior.com\/wp-content\/uploads\/2022\/12\/Hubsch_logo_black_one_line.svg","caption":"H\u00fcbsch"},"image":{"@id":"https:\/\/hubsch-interior.com\/fr\/#\/schema\/logo\/image\/"}}]}},"_links":{"self":[{"href":"https:\/\/hubsch-interior.com\/fr\/wp-json\/wp\/v2\/product\/1089924","targetHints":{"allow":["GET"]}}],"collection":[{"href":"https:\/\/hubsch-interior.com\/fr\/wp-json\/wp\/v2\/product"}],"about":[{"href":"https:\/\/hubsch-interior.com\/fr\/wp-json\/wp\/v2\/types\/product"}],"wp:featuredmedia":[{"embeddable":true,"href":"https:\/\/hubsch-interior.com\/fr\/wp-json\/wp\/v2\/media\/1116163"}],"wp:attachment":[{"href":"https:\/\/hubsch-interior.com\/fr\/wp-json\/wp\/v2\/media?parent=1089924"}],"wp:term":[{"taxonomy":"product_brand","embeddable":true,"href":"https:\/\/hubsch-interior.com\/fr\/wp-json\/wp\/v2\/product_brand?post=1089924"},{"taxonomy":"product_cat","embeddable":true,"href":"https:\/\/hubsch-interior.com\/fr\/wp-json\/wp\/v2\/product_cat?post=1089924"},{"taxonomy":"product_tag","embeddable":true,"href":"https:\/\/hubsch-interior.com\/fr\/wp-json\/wp\/v2\/product_tag?post=1089924"}],"curies":[{"name":"wp","href":"https:\/\/api.w.org\/{rel}","templated":true}]}}