{"id":1089944,"date":"2026-01-31T05:33:47","date_gmt":"2026-01-31T04:33:47","guid":{"rendered":"https:\/\/hubsch-interior.com\/product\/product\/"},"modified":"2026-04-05T05:27:53","modified_gmt":"2026-04-05T03:27:53","slug":"well-banc-bleu-claire","status":"publish","type":"product","link":"https:\/\/hubsch-interior.com\/fr\/produit\/well-banc-bleu-claire\/","title":{"rendered":"Well Banc Bleu claire"},"content":{"rendered":"<p>Le Well Banc propose un havre enti\u00e8rement tapiss\u00e9 dans un bleu clair serein, con\u00e7u pour rehausser le sentiment de calme dans votre foyer. Disponible en deux belles variantes, il se fond sans effort dans diff\u00e9rents styles d&#8217;int\u00e9rieur. Certifi\u00e9 OEKO-TEX\u00ae STANDARD 100, il allie s\u00e9curit\u00e9 et confort en une pi\u00e8ce \u00e9l\u00e9gante. Parfait pour la chambre \u00e0 coucher, il contribue \u00e0 cr\u00e9er une atmosph\u00e8re inspir\u00e9e du bien-\u00eatre, invitant \u00e0 la d\u00e9tente et apportant une touche subtile de sophistication o\u00f9 que vous le placiez. V\u00e9ritablement l&#8217;essence du confort et du design conscient.<\/p>\n","protected":false},"excerpt":{"rendered":"<p>Le Well Banc propose un havre enti\u00e8rement tapiss\u00e9 dans un bleu clair serein, con\u00e7u pour rehausser le sentiment de calme dans votre foyer. Disponible en deux belles variantes, il se fond sans effort dans diff\u00e9rents styles d&#8217;int\u00e9rieur. Certifi\u00e9 OEKO-TEX\u00ae STANDARD 100, il allie s\u00e9curit\u00e9 et confort en une pi\u00e8ce \u00e9l\u00e9gante. Parfait pour la chambre \u00e0 [&hellip;]<\/p>\n","protected":false},"featured_media":1112276,"template":"","meta":{"_acf_changed":false,"inline_featured_image":false},"product_brand":[],"product_cat":[7154,2843,2877,5026,5046],"product_tag":[],"class_list":{"0":"post-1089944","1":"product","2":"type-product","3":"status-publish","4":"has-post-thumbnail","6":"product_cat-dweller-fr","7":"product_cat-assises-fr","8":"product_cat-bancs-fr","9":"product_cat-bestsellers-fr","10":"product_cat-nouveautes-fr","11":"product_shipping_class-p05","13":"pa_color-bleu-claire-2","14":"pa_material-polyester-100-fr","15":"pa_material-contre-plaqu","17":"first","18":"instock","19":"featured","20":"taxable","21":"shipping-taxable","22":"purchasable","23":"product-type-simple"},"exclude_global_add_ons":[],"addons":[],"acf":[],"yoast_head":"<!-- This site is optimized with the Yoast SEO plugin v26.4 - https:\/\/yoast.com\/wordpress\/plugins\/seo\/ -->\n<title>Well Banc Bleu claire - H\u00fcbsch<\/title>\n<meta name=\"description\" content=\"Le Well Banc propose un havre enti\u00e8rement tapiss\u00e9 dans un bleu clair serein, con\u00e7u pour rehausser le sentiment de calme dans votre foyer. Disponible en\" \/>\n<meta name=\"robots\" content=\"index, follow, max-snippet:-1, max-image-preview:large, max-video-preview:-1\" \/>\n<link rel=\"canonical\" href=\"https:\/\/hubsch-interior.com\/fr\/wp-json\/wp\/v2\/product\/1089944\" \/>\n<meta property=\"og:locale\" content=\"fr_FR\" \/>\n<meta property=\"og:type\" content=\"article\" \/>\n<meta property=\"og:title\" content=\"Well Banc Bleu claire - H\u00fcbsch\" \/>\n<meta property=\"og:description\" content=\"Le Well Banc propose un havre enti\u00e8rement tapiss\u00e9 dans un bleu clair serein, con\u00e7u pour rehausser le sentiment de calme dans votre foyer. Disponible en\" \/>\n<meta property=\"og:url\" content=\"https:\/\/hubsch-interior.com\/fr\/produit\/well-banc-bleu-claire\/\" \/>\n<meta property=\"og:site_name\" content=\"H\u00fcbsch\" \/>\n<meta property=\"article:modified_time\" content=\"2026-04-05T03:27:53+00:00\" \/>\n<meta property=\"og:image\" content=\"https:\/\/hubsch-interior.com\/wp-content\/uploads\/2026\/01\/well-bench-light-blue-86a7278b8618e11cc5269ca1b48b0290.jpg\" \/>\n\t<meta property=\"og:image:width\" content=\"1200\" \/>\n\t<meta property=\"og:image:height\" content=\"1200\" \/>\n\t<meta property=\"og:image:type\" content=\"image\/jpeg\" \/>\n<meta name=\"twitter:card\" content=\"summary_large_image\" \/>\n<script type=\"application\/ld+json\" class=\"yoast-schema-graph\">{\"@context\":\"https:\/\/schema.org\",\"@graph\":[{\"@type\":\"WebPage\",\"@id\":\"https:\/\/hubsch-interior.com\/fr\/produit\/well-banc-bleu-claire\/\",\"url\":\"https:\/\/hubsch-interior.com\/fr\/produit\/well-banc-bleu-claire\/\",\"name\":\"Well Banc Bleu claire - H\u00fcbsch\",\"isPartOf\":{\"@id\":\"https:\/\/hubsch-interior.com\/fr\/#website\"},\"primaryImageOfPage\":{\"@id\":\"https:\/\/hubsch-interior.com\/fr\/produit\/well-banc-bleu-claire\/#primaryimage\"},\"image\":{\"@id\":\"https:\/\/hubsch-interior.com\/fr\/produit\/well-banc-bleu-claire\/#primaryimage\"},\"thumbnailUrl\":\"https:\/\/hubsch-interior.com\/wp-content\/uploads\/2026\/02\/well-bench-light-blue-e789b83864afeca7036dce51a62b85ff.jpg\",\"datePublished\":\"2026-01-31T04:33:47+00:00\",\"dateModified\":\"2026-04-05T03:27:53+00:00\",\"description\":\"Le Well Banc propose un havre enti\u00e8rement tapiss\u00e9 dans un bleu clair serein, con\u00e7u pour rehausser le sentiment de calme dans votre foyer. Disponible en\",\"breadcrumb\":{\"@id\":\"https:\/\/hubsch-interior.com\/fr\/produit\/well-banc-bleu-claire\/#breadcrumb\"},\"inLanguage\":\"fr-FR\",\"potentialAction\":[{\"@type\":\"ReadAction\",\"target\":[\"https:\/\/hubsch-interior.com\/fr\/produit\/well-banc-bleu-claire\/\"]}]},{\"@type\":\"ImageObject\",\"inLanguage\":\"fr-FR\",\"@id\":\"https:\/\/hubsch-interior.com\/fr\/produit\/well-banc-bleu-claire\/#primaryimage\",\"url\":\"https:\/\/hubsch-interior.com\/wp-content\/uploads\/2026\/02\/well-bench-light-blue-e789b83864afeca7036dce51a62b85ff.jpg\",\"contentUrl\":\"https:\/\/hubsch-interior.com\/wp-content\/uploads\/2026\/02\/well-bench-light-blue-e789b83864afeca7036dce51a62b85ff.jpg\",\"width\":1024,\"height\":1024},{\"@type\":\"BreadcrumbList\",\"@id\":\"https:\/\/hubsch-interior.com\/fr\/produit\/well-banc-bleu-claire\/#breadcrumb\",\"itemListElement\":[{\"@type\":\"ListItem\",\"position\":1,\"name\":\"Page d'accueil\",\"item\":\"https:\/\/hubsch-interior.com\/fr\/\"},{\"@type\":\"ListItem\",\"position\":2,\"name\":\"Produits\",\"item\":\"https:\/\/hubsch-interior.com\/fr\/shop-2\/\"},{\"@type\":\"ListItem\",\"position\":3,\"name\":\"Well Banc Bleu claire\"}]},{\"@type\":\"WebSite\",\"@id\":\"https:\/\/hubsch-interior.com\/fr\/#website\",\"url\":\"https:\/\/hubsch-interior.com\/fr\/\",\"name\":\"H\u00fcbsch\",\"description\":\"Danish Home Interior and Design\",\"publisher\":{\"@id\":\"https:\/\/hubsch-interior.com\/fr\/#organization\"},\"potentialAction\":[{\"@type\":\"SearchAction\",\"target\":{\"@type\":\"EntryPoint\",\"urlTemplate\":\"https:\/\/hubsch-interior.com\/fr\/?s={search_term_string}\"},\"query-input\":{\"@type\":\"PropertyValueSpecification\",\"valueRequired\":true,\"valueName\":\"search_term_string\"}}],\"inLanguage\":\"fr-FR\"},{\"@type\":\"Organization\",\"@id\":\"https:\/\/hubsch-interior.com\/fr\/#organization\",\"name\":\"H\u00fcbsch\",\"url\":\"https:\/\/hubsch-interior.com\/fr\/\",\"logo\":{\"@type\":\"ImageObject\",\"inLanguage\":\"fr-FR\",\"@id\":\"https:\/\/hubsch-interior.com\/fr\/#\/schema\/logo\/image\/\",\"url\":\"https:\/\/hubsch-interior.com\/wp-content\/uploads\/2022\/12\/Hubsch_logo_black_one_line.svg\",\"contentUrl\":\"https:\/\/hubsch-interior.com\/wp-content\/uploads\/2022\/12\/Hubsch_logo_black_one_line.svg\",\"caption\":\"H\u00fcbsch\"},\"image\":{\"@id\":\"https:\/\/hubsch-interior.com\/fr\/#\/schema\/logo\/image\/\"}}]}<\/script>\n<!-- \/ Yoast SEO plugin. -->","yoast_head_json":{"title":"Well Banc Bleu claire - H\u00fcbsch","description":"Le Well Banc propose un havre enti\u00e8rement tapiss\u00e9 dans un bleu clair serein, con\u00e7u pour rehausser le sentiment de calme dans votre foyer. Disponible en","robots":{"index":"index","follow":"follow","max-snippet":"max-snippet:-1","max-image-preview":"max-image-preview:large","max-video-preview":"max-video-preview:-1"},"canonical":"https:\/\/hubsch-interior.com\/fr\/wp-json\/wp\/v2\/product\/1089944","og_locale":"fr_FR","og_type":"article","og_title":"Well Banc Bleu claire - H\u00fcbsch","og_description":"Le Well Banc propose un havre enti\u00e8rement tapiss\u00e9 dans un bleu clair serein, con\u00e7u pour rehausser le sentiment de calme dans votre foyer. Disponible en","og_url":"https:\/\/hubsch-interior.com\/fr\/produit\/well-banc-bleu-claire\/","og_site_name":"H\u00fcbsch","article_modified_time":"2026-04-05T03:27:53+00:00","og_image":[{"width":1200,"height":1200,"url":"https:\/\/hubsch-interior.com\/wp-content\/uploads\/2026\/01\/well-bench-light-blue-86a7278b8618e11cc5269ca1b48b0290.jpg","type":"image\/jpeg"}],"twitter_card":"summary_large_image","schema":{"@context":"https:\/\/schema.org","@graph":[{"@type":"WebPage","@id":"https:\/\/hubsch-interior.com\/fr\/produit\/well-banc-bleu-claire\/","url":"https:\/\/hubsch-interior.com\/fr\/produit\/well-banc-bleu-claire\/","name":"Well Banc Bleu claire - H\u00fcbsch","isPartOf":{"@id":"https:\/\/hubsch-interior.com\/fr\/#website"},"primaryImageOfPage":{"@id":"https:\/\/hubsch-interior.com\/fr\/produit\/well-banc-bleu-claire\/#primaryimage"},"image":{"@id":"https:\/\/hubsch-interior.com\/fr\/produit\/well-banc-bleu-claire\/#primaryimage"},"thumbnailUrl":"https:\/\/hubsch-interior.com\/wp-content\/uploads\/2026\/02\/well-bench-light-blue-e789b83864afeca7036dce51a62b85ff.jpg","datePublished":"2026-01-31T04:33:47+00:00","dateModified":"2026-04-05T03:27:53+00:00","description":"Le Well Banc propose un havre enti\u00e8rement tapiss\u00e9 dans un bleu clair serein, con\u00e7u pour rehausser le sentiment de calme dans votre foyer. Disponible en","breadcrumb":{"@id":"https:\/\/hubsch-interior.com\/fr\/produit\/well-banc-bleu-claire\/#breadcrumb"},"inLanguage":"fr-FR","potentialAction":[{"@type":"ReadAction","target":["https:\/\/hubsch-interior.com\/fr\/produit\/well-banc-bleu-claire\/"]}]},{"@type":"ImageObject","inLanguage":"fr-FR","@id":"https:\/\/hubsch-interior.com\/fr\/produit\/well-banc-bleu-claire\/#primaryimage","url":"https:\/\/hubsch-interior.com\/wp-content\/uploads\/2026\/02\/well-bench-light-blue-e789b83864afeca7036dce51a62b85ff.jpg","contentUrl":"https:\/\/hubsch-interior.com\/wp-content\/uploads\/2026\/02\/well-bench-light-blue-e789b83864afeca7036dce51a62b85ff.jpg","width":1024,"height":1024},{"@type":"BreadcrumbList","@id":"https:\/\/hubsch-interior.com\/fr\/produit\/well-banc-bleu-claire\/#breadcrumb","itemListElement":[{"@type":"ListItem","position":1,"name":"Page d'accueil","item":"https:\/\/hubsch-interior.com\/fr\/"},{"@type":"ListItem","position":2,"name":"Produits","item":"https:\/\/hubsch-interior.com\/fr\/shop-2\/"},{"@type":"ListItem","position":3,"name":"Well Banc Bleu claire"}]},{"@type":"WebSite","@id":"https:\/\/hubsch-interior.com\/fr\/#website","url":"https:\/\/hubsch-interior.com\/fr\/","name":"H\u00fcbsch","description":"Danish Home Interior and Design","publisher":{"@id":"https:\/\/hubsch-interior.com\/fr\/#organization"},"potentialAction":[{"@type":"SearchAction","target":{"@type":"EntryPoint","urlTemplate":"https:\/\/hubsch-interior.com\/fr\/?s={search_term_string}"},"query-input":{"@type":"PropertyValueSpecification","valueRequired":true,"valueName":"search_term_string"}}],"inLanguage":"fr-FR"},{"@type":"Organization","@id":"https:\/\/hubsch-interior.com\/fr\/#organization","name":"H\u00fcbsch","url":"https:\/\/hubsch-interior.com\/fr\/","logo":{"@type":"ImageObject","inLanguage":"fr-FR","@id":"https:\/\/hubsch-interior.com\/fr\/#\/schema\/logo\/image\/","url":"https:\/\/hubsch-interior.com\/wp-content\/uploads\/2022\/12\/Hubsch_logo_black_one_line.svg","contentUrl":"https:\/\/hubsch-interior.com\/wp-content\/uploads\/2022\/12\/Hubsch_logo_black_one_line.svg","caption":"H\u00fcbsch"},"image":{"@id":"https:\/\/hubsch-interior.com\/fr\/#\/schema\/logo\/image\/"}}]}},"_links":{"self":[{"href":"https:\/\/hubsch-interior.com\/fr\/wp-json\/wp\/v2\/product\/1089944","targetHints":{"allow":["GET"]}}],"collection":[{"href":"https:\/\/hubsch-interior.com\/fr\/wp-json\/wp\/v2\/product"}],"about":[{"href":"https:\/\/hubsch-interior.com\/fr\/wp-json\/wp\/v2\/types\/product"}],"wp:featuredmedia":[{"embeddable":true,"href":"https:\/\/hubsch-interior.com\/fr\/wp-json\/wp\/v2\/media\/1112276"}],"wp:attachment":[{"href":"https:\/\/hubsch-interior.com\/fr\/wp-json\/wp\/v2\/media?parent=1089944"}],"wp:term":[{"taxonomy":"product_brand","embeddable":true,"href":"https:\/\/hubsch-interior.com\/fr\/wp-json\/wp\/v2\/product_brand?post=1089944"},{"taxonomy":"product_cat","embeddable":true,"href":"https:\/\/hubsch-interior.com\/fr\/wp-json\/wp\/v2\/product_cat?post=1089944"},{"taxonomy":"product_tag","embeddable":true,"href":"https:\/\/hubsch-interior.com\/fr\/wp-json\/wp\/v2\/product_tag?post=1089944"}],"curies":[{"name":"wp","href":"https:\/\/api.w.org\/{rel}","templated":true}]}}