{"id":1089988,"date":"2026-01-31T05:34:12","date_gmt":"2026-01-31T04:34:12","guid":{"rendered":"https:\/\/hubsch-interior.com\/product\/product\/"},"modified":"2026-04-06T05:21:53","modified_gmt":"2026-04-06T03:21:53","slug":"long-banc-vert-clair","status":"publish","type":"product","link":"https:\/\/hubsch-interior.com\/fr\/produit\/long-banc-vert-clair\/","title":{"rendered":"Long Banc Vert Clair"},"content":{"rendered":"<p>Le Long Banc est \u00e9l\u00e9gamment con\u00e7u pour rehausser votre espace repas avec sa charmante teinte vert clair et son effet m\u00e9lange subtil, ajoutant une touche de couleur douce \u00e0 votre int\u00e9rieur. Parfait \u00e0 c\u00f4t\u00e9 de la table \u00e0 manger, ce banc offre un endroit assis doux et confortable pour toute la famille, alliant style et praticit\u00e9 quotidienne. Fi\u00e8rement certifi\u00e9 STANDARD 100 par OEKO-TEX\u00ae, il garantit des mat\u00e9riaux de haute qualit\u00e9 et s\u00fbrs, rendant chaque repas \u00e0 la fois beau et s\u00e9curis\u00e9. Rassemblez-vous, d\u00e9tendez-vous et profitez du confort du Long Banc.<\/p>\n","protected":false},"excerpt":{"rendered":"<p>Le Long Banc est \u00e9l\u00e9gamment con\u00e7u pour rehausser votre espace repas avec sa charmante teinte vert clair et son effet m\u00e9lange subtil, ajoutant une touche de couleur douce \u00e0 votre int\u00e9rieur. Parfait \u00e0 c\u00f4t\u00e9 de la table \u00e0 manger, ce banc offre un endroit assis doux et confortable pour toute la famille, alliant style et [&hellip;]<\/p>\n","protected":false},"featured_media":1112316,"template":"","meta":{"_acf_changed":false,"inline_featured_image":false},"product_brand":[],"product_cat":[2843,2877,7154,5046],"product_tag":[],"class_list":{"0":"post-1089988","1":"product","2":"type-product","3":"status-publish","4":"has-post-thumbnail","6":"product_cat-assises-fr","7":"product_cat-bancs-fr","8":"product_cat-dweller-fr","9":"product_cat-nouveautes-fr","10":"product_shipping_class-p05","12":"pa_color-vert-clair-2","13":"pa_material-contre-plaqu","14":"pa_material-fer-fr","15":"pa_material-polyester-95-fr","17":"first","18":"instock","19":"taxable","20":"shipping-taxable","21":"purchasable","22":"product-type-simple"},"exclude_global_add_ons":[],"addons":[],"acf":[],"yoast_head":"<!-- This site is optimized with the Yoast SEO plugin v26.4 - https:\/\/yoast.com\/wordpress\/plugins\/seo\/ -->\n<title>Long Banc Vert Clair - H\u00fcbsch<\/title>\n<meta name=\"description\" content=\"Le Long Banc est \u00e9l\u00e9gamment con\u00e7u pour rehausser votre espace repas avec sa charmante teinte vert clair et son effet m\u00e9lange subtil, ajoutant une touche\" \/>\n<meta name=\"robots\" content=\"index, follow, max-snippet:-1, max-image-preview:large, max-video-preview:-1\" \/>\n<link rel=\"canonical\" href=\"https:\/\/hubsch-interior.com\/fr\/wp-json\/wp\/v2\/product\/1089988\" \/>\n<meta property=\"og:locale\" content=\"fr_FR\" \/>\n<meta property=\"og:type\" content=\"article\" \/>\n<meta property=\"og:title\" content=\"Long Banc Vert Clair - H\u00fcbsch\" \/>\n<meta property=\"og:description\" content=\"Le Long Banc est \u00e9l\u00e9gamment con\u00e7u pour rehausser votre espace repas avec sa charmante teinte vert clair et son effet m\u00e9lange subtil, ajoutant une touche\" \/>\n<meta property=\"og:url\" content=\"https:\/\/hubsch-interior.com\/fr\/produit\/long-banc-vert-clair\/\" \/>\n<meta property=\"og:site_name\" content=\"H\u00fcbsch\" \/>\n<meta property=\"article:modified_time\" content=\"2026-04-06T03:21:53+00:00\" \/>\n<meta property=\"og:image\" content=\"https:\/\/hubsch-interior.com\/wp-content\/uploads\/2026\/01\/long-bench-light-green-4e22b7b9f70a42342ae8fdf58d49a8a9.jpg\" \/>\n\t<meta property=\"og:image:width\" content=\"1200\" \/>\n\t<meta property=\"og:image:height\" content=\"1200\" \/>\n\t<meta property=\"og:image:type\" content=\"image\/jpeg\" \/>\n<meta name=\"twitter:card\" content=\"summary_large_image\" \/>\n<script type=\"application\/ld+json\" class=\"yoast-schema-graph\">{\"@context\":\"https:\/\/schema.org\",\"@graph\":[{\"@type\":\"WebPage\",\"@id\":\"https:\/\/hubsch-interior.com\/fr\/produit\/long-banc-vert-clair\/\",\"url\":\"https:\/\/hubsch-interior.com\/fr\/produit\/long-banc-vert-clair\/\",\"name\":\"Long Banc Vert Clair - H\u00fcbsch\",\"isPartOf\":{\"@id\":\"https:\/\/hubsch-interior.com\/fr\/#website\"},\"primaryImageOfPage\":{\"@id\":\"https:\/\/hubsch-interior.com\/fr\/produit\/long-banc-vert-clair\/#primaryimage\"},\"image\":{\"@id\":\"https:\/\/hubsch-interior.com\/fr\/produit\/long-banc-vert-clair\/#primaryimage\"},\"thumbnailUrl\":\"https:\/\/hubsch-interior.com\/wp-content\/uploads\/2026\/02\/long-bench-light-green-d6389fbcdba429ecd803ec08a3bf8739.jpg\",\"datePublished\":\"2026-01-31T04:34:12+00:00\",\"dateModified\":\"2026-04-06T03:21:53+00:00\",\"description\":\"Le Long Banc est \u00e9l\u00e9gamment con\u00e7u pour rehausser votre espace repas avec sa charmante teinte vert clair et son effet m\u00e9lange subtil, ajoutant une touche\",\"breadcrumb\":{\"@id\":\"https:\/\/hubsch-interior.com\/fr\/produit\/long-banc-vert-clair\/#breadcrumb\"},\"inLanguage\":\"fr-FR\",\"potentialAction\":[{\"@type\":\"ReadAction\",\"target\":[\"https:\/\/hubsch-interior.com\/fr\/produit\/long-banc-vert-clair\/\"]}]},{\"@type\":\"ImageObject\",\"inLanguage\":\"fr-FR\",\"@id\":\"https:\/\/hubsch-interior.com\/fr\/produit\/long-banc-vert-clair\/#primaryimage\",\"url\":\"https:\/\/hubsch-interior.com\/wp-content\/uploads\/2026\/02\/long-bench-light-green-d6389fbcdba429ecd803ec08a3bf8739.jpg\",\"contentUrl\":\"https:\/\/hubsch-interior.com\/wp-content\/uploads\/2026\/02\/long-bench-light-green-d6389fbcdba429ecd803ec08a3bf8739.jpg\",\"width\":1024,\"height\":1024},{\"@type\":\"BreadcrumbList\",\"@id\":\"https:\/\/hubsch-interior.com\/fr\/produit\/long-banc-vert-clair\/#breadcrumb\",\"itemListElement\":[{\"@type\":\"ListItem\",\"position\":1,\"name\":\"Page d'accueil\",\"item\":\"https:\/\/hubsch-interior.com\/fr\/\"},{\"@type\":\"ListItem\",\"position\":2,\"name\":\"Produits\",\"item\":\"https:\/\/hubsch-interior.com\/fr\/shop-2\/\"},{\"@type\":\"ListItem\",\"position\":3,\"name\":\"Long Banc Vert Clair\"}]},{\"@type\":\"WebSite\",\"@id\":\"https:\/\/hubsch-interior.com\/fr\/#website\",\"url\":\"https:\/\/hubsch-interior.com\/fr\/\",\"name\":\"H\u00fcbsch\",\"description\":\"Danish Home Interior and Design\",\"publisher\":{\"@id\":\"https:\/\/hubsch-interior.com\/fr\/#organization\"},\"potentialAction\":[{\"@type\":\"SearchAction\",\"target\":{\"@type\":\"EntryPoint\",\"urlTemplate\":\"https:\/\/hubsch-interior.com\/fr\/?s={search_term_string}\"},\"query-input\":{\"@type\":\"PropertyValueSpecification\",\"valueRequired\":true,\"valueName\":\"search_term_string\"}}],\"inLanguage\":\"fr-FR\"},{\"@type\":\"Organization\",\"@id\":\"https:\/\/hubsch-interior.com\/fr\/#organization\",\"name\":\"H\u00fcbsch\",\"url\":\"https:\/\/hubsch-interior.com\/fr\/\",\"logo\":{\"@type\":\"ImageObject\",\"inLanguage\":\"fr-FR\",\"@id\":\"https:\/\/hubsch-interior.com\/fr\/#\/schema\/logo\/image\/\",\"url\":\"https:\/\/hubsch-interior.com\/wp-content\/uploads\/2022\/12\/Hubsch_logo_black_one_line.svg\",\"contentUrl\":\"https:\/\/hubsch-interior.com\/wp-content\/uploads\/2022\/12\/Hubsch_logo_black_one_line.svg\",\"caption\":\"H\u00fcbsch\"},\"image\":{\"@id\":\"https:\/\/hubsch-interior.com\/fr\/#\/schema\/logo\/image\/\"}}]}<\/script>\n<!-- \/ Yoast SEO plugin. -->","yoast_head_json":{"title":"Long Banc Vert Clair - H\u00fcbsch","description":"Le Long Banc est \u00e9l\u00e9gamment con\u00e7u pour rehausser votre espace repas avec sa charmante teinte vert clair et son effet m\u00e9lange subtil, ajoutant une touche","robots":{"index":"index","follow":"follow","max-snippet":"max-snippet:-1","max-image-preview":"max-image-preview:large","max-video-preview":"max-video-preview:-1"},"canonical":"https:\/\/hubsch-interior.com\/fr\/wp-json\/wp\/v2\/product\/1089988","og_locale":"fr_FR","og_type":"article","og_title":"Long Banc Vert Clair - H\u00fcbsch","og_description":"Le Long Banc est \u00e9l\u00e9gamment con\u00e7u pour rehausser votre espace repas avec sa charmante teinte vert clair et son effet m\u00e9lange subtil, ajoutant une touche","og_url":"https:\/\/hubsch-interior.com\/fr\/produit\/long-banc-vert-clair\/","og_site_name":"H\u00fcbsch","article_modified_time":"2026-04-06T03:21:53+00:00","og_image":[{"width":1200,"height":1200,"url":"https:\/\/hubsch-interior.com\/wp-content\/uploads\/2026\/01\/long-bench-light-green-4e22b7b9f70a42342ae8fdf58d49a8a9.jpg","type":"image\/jpeg"}],"twitter_card":"summary_large_image","schema":{"@context":"https:\/\/schema.org","@graph":[{"@type":"WebPage","@id":"https:\/\/hubsch-interior.com\/fr\/produit\/long-banc-vert-clair\/","url":"https:\/\/hubsch-interior.com\/fr\/produit\/long-banc-vert-clair\/","name":"Long Banc Vert Clair - H\u00fcbsch","isPartOf":{"@id":"https:\/\/hubsch-interior.com\/fr\/#website"},"primaryImageOfPage":{"@id":"https:\/\/hubsch-interior.com\/fr\/produit\/long-banc-vert-clair\/#primaryimage"},"image":{"@id":"https:\/\/hubsch-interior.com\/fr\/produit\/long-banc-vert-clair\/#primaryimage"},"thumbnailUrl":"https:\/\/hubsch-interior.com\/wp-content\/uploads\/2026\/02\/long-bench-light-green-d6389fbcdba429ecd803ec08a3bf8739.jpg","datePublished":"2026-01-31T04:34:12+00:00","dateModified":"2026-04-06T03:21:53+00:00","description":"Le Long Banc est \u00e9l\u00e9gamment con\u00e7u pour rehausser votre espace repas avec sa charmante teinte vert clair et son effet m\u00e9lange subtil, ajoutant une touche","breadcrumb":{"@id":"https:\/\/hubsch-interior.com\/fr\/produit\/long-banc-vert-clair\/#breadcrumb"},"inLanguage":"fr-FR","potentialAction":[{"@type":"ReadAction","target":["https:\/\/hubsch-interior.com\/fr\/produit\/long-banc-vert-clair\/"]}]},{"@type":"ImageObject","inLanguage":"fr-FR","@id":"https:\/\/hubsch-interior.com\/fr\/produit\/long-banc-vert-clair\/#primaryimage","url":"https:\/\/hubsch-interior.com\/wp-content\/uploads\/2026\/02\/long-bench-light-green-d6389fbcdba429ecd803ec08a3bf8739.jpg","contentUrl":"https:\/\/hubsch-interior.com\/wp-content\/uploads\/2026\/02\/long-bench-light-green-d6389fbcdba429ecd803ec08a3bf8739.jpg","width":1024,"height":1024},{"@type":"BreadcrumbList","@id":"https:\/\/hubsch-interior.com\/fr\/produit\/long-banc-vert-clair\/#breadcrumb","itemListElement":[{"@type":"ListItem","position":1,"name":"Page d'accueil","item":"https:\/\/hubsch-interior.com\/fr\/"},{"@type":"ListItem","position":2,"name":"Produits","item":"https:\/\/hubsch-interior.com\/fr\/shop-2\/"},{"@type":"ListItem","position":3,"name":"Long Banc Vert Clair"}]},{"@type":"WebSite","@id":"https:\/\/hubsch-interior.com\/fr\/#website","url":"https:\/\/hubsch-interior.com\/fr\/","name":"H\u00fcbsch","description":"Danish Home Interior and Design","publisher":{"@id":"https:\/\/hubsch-interior.com\/fr\/#organization"},"potentialAction":[{"@type":"SearchAction","target":{"@type":"EntryPoint","urlTemplate":"https:\/\/hubsch-interior.com\/fr\/?s={search_term_string}"},"query-input":{"@type":"PropertyValueSpecification","valueRequired":true,"valueName":"search_term_string"}}],"inLanguage":"fr-FR"},{"@type":"Organization","@id":"https:\/\/hubsch-interior.com\/fr\/#organization","name":"H\u00fcbsch","url":"https:\/\/hubsch-interior.com\/fr\/","logo":{"@type":"ImageObject","inLanguage":"fr-FR","@id":"https:\/\/hubsch-interior.com\/fr\/#\/schema\/logo\/image\/","url":"https:\/\/hubsch-interior.com\/wp-content\/uploads\/2022\/12\/Hubsch_logo_black_one_line.svg","contentUrl":"https:\/\/hubsch-interior.com\/wp-content\/uploads\/2022\/12\/Hubsch_logo_black_one_line.svg","caption":"H\u00fcbsch"},"image":{"@id":"https:\/\/hubsch-interior.com\/fr\/#\/schema\/logo\/image\/"}}]}},"_links":{"self":[{"href":"https:\/\/hubsch-interior.com\/fr\/wp-json\/wp\/v2\/product\/1089988","targetHints":{"allow":["GET"]}}],"collection":[{"href":"https:\/\/hubsch-interior.com\/fr\/wp-json\/wp\/v2\/product"}],"about":[{"href":"https:\/\/hubsch-interior.com\/fr\/wp-json\/wp\/v2\/types\/product"}],"wp:featuredmedia":[{"embeddable":true,"href":"https:\/\/hubsch-interior.com\/fr\/wp-json\/wp\/v2\/media\/1112316"}],"wp:attachment":[{"href":"https:\/\/hubsch-interior.com\/fr\/wp-json\/wp\/v2\/media?parent=1089988"}],"wp:term":[{"taxonomy":"product_brand","embeddable":true,"href":"https:\/\/hubsch-interior.com\/fr\/wp-json\/wp\/v2\/product_brand?post=1089988"},{"taxonomy":"product_cat","embeddable":true,"href":"https:\/\/hubsch-interior.com\/fr\/wp-json\/wp\/v2\/product_cat?post=1089988"},{"taxonomy":"product_tag","embeddable":true,"href":"https:\/\/hubsch-interior.com\/fr\/wp-json\/wp\/v2\/product_tag?post=1089988"}],"curies":[{"name":"wp","href":"https:\/\/api.w.org\/{rel}","templated":true}]}}