{"id":1090016,"date":"2026-01-31T05:34:28","date_gmt":"2026-01-31T04:34:28","guid":{"rendered":"https:\/\/hubsch-interior.com\/product\/product\/"},"modified":"2026-04-26T05:34:47","modified_gmt":"2026-04-26T03:34:47","slug":"crayon-chariot-naturel","status":"publish","type":"product","link":"https:\/\/hubsch-interior.com\/fr\/produit\/crayon-chariot-naturel\/","title":{"rendered":"Crayon Chariot Naturel"},"content":{"rendered":"<p>D\u00e9couvrez le charme et la polyvalence de notre Crayon Chariot, fabriqu\u00e9 en bois certifi\u00e9 FSC avec une finition \u00e9l\u00e9gante en placage de ch\u00eane. Sa forme graphique et ses teintes naturelles apportent une touche d&#8217;\u00e9l\u00e9gance \u00e0 tout espace. Parfaitement adapt\u00e9 au bureau, il organise tous vos outils et papiers avec aisance. Ou bien, d\u00e9placez-le l\u00e0 o\u00f9 vous en avez besoin dans le salon, o\u00f9 il sert de table d&#8217;appoint charmante pour vos livres et boissons. Un m\u00e9lange d\u00e9licieux de forme et fonctionnalit\u00e9, \u00e0 seulement un roulement de distance !<\/p>\n","protected":false},"excerpt":{"rendered":"<p>D\u00e9couvrez le charme et la polyvalence de notre Crayon Chariot, fabriqu\u00e9 en bois certifi\u00e9 FSC avec une finition \u00e9l\u00e9gante en placage de ch\u00eane. Sa forme graphique et ses teintes naturelles apportent une touche d&#8217;\u00e9l\u00e9gance \u00e0 tout espace. Parfaitement adapt\u00e9 au bureau, il organise tous vos outils et papiers avec aisance. Ou bien, d\u00e9placez-le l\u00e0 o\u00f9 [&hellip;]<\/p>\n","protected":false},"featured_media":1112380,"template":"","meta":{"_acf_changed":false,"inline_featured_image":false},"product_brand":[],"product_cat":[7154,6322,2859,6359,5026,5046],"product_tag":[],"class_list":{"0":"post-1090016","1":"product","2":"type-product","3":"status-publish","4":"has-post-thumbnail","6":"product_cat-dweller-fr","7":"product_cat-fsc-fr","8":"product_cat-tables-fr","9":"product_cat-dessertes-fr","10":"product_cat-bestsellers-fr","11":"product_cat-nouveautes-fr","12":"product_shipping_class-pk","14":"pa_color-naturel-2","15":"pa_material-mdf-fr","16":"pa_material-bois-de-chne-2","17":"pa_material-placage-de-chne-2","19":"first","20":"instock","21":"featured","22":"taxable","23":"shipping-taxable","24":"purchasable","25":"product-type-simple"},"exclude_global_add_ons":[],"addons":[],"acf":[],"yoast_head":"<!-- This site is optimized with the Yoast SEO plugin v26.4 - https:\/\/yoast.com\/wordpress\/plugins\/seo\/ -->\n<title>Crayon Chariot Naturel - H\u00fcbsch<\/title>\n<meta name=\"description\" content=\"D\u00e9couvrez le charme et la polyvalence de notre Crayon Chariot, fabriqu\u00e9 en bois certifi\u00e9 FSC avec une finition \u00e9l\u00e9gante en placage de ch\u00eane. Sa forme\" \/>\n<meta name=\"robots\" content=\"index, follow, max-snippet:-1, max-image-preview:large, max-video-preview:-1\" \/>\n<link rel=\"canonical\" href=\"https:\/\/hubsch-interior.com\/fr\/wp-json\/wp\/v2\/product\/1090016\" \/>\n<meta property=\"og:locale\" content=\"fr_FR\" \/>\n<meta property=\"og:type\" content=\"article\" \/>\n<meta property=\"og:title\" content=\"Crayon Chariot Naturel - H\u00fcbsch\" \/>\n<meta property=\"og:description\" content=\"D\u00e9couvrez le charme et la polyvalence de notre Crayon Chariot, fabriqu\u00e9 en bois certifi\u00e9 FSC avec une finition \u00e9l\u00e9gante en placage de ch\u00eane. Sa forme\" \/>\n<meta property=\"og:url\" content=\"https:\/\/hubsch-interior.com\/fr\/produit\/crayon-chariot-naturel\/\" \/>\n<meta property=\"og:site_name\" content=\"H\u00fcbsch\" \/>\n<meta property=\"article:modified_time\" content=\"2026-04-26T03:34:47+00:00\" \/>\n<meta property=\"og:image\" content=\"https:\/\/hubsch-interior.com\/wp-content\/uploads\/2026\/01\/crayon-trolley-natural-9e0107c423527e5b13cdc23d790e6ca2.jpg\" \/>\n\t<meta property=\"og:image:width\" content=\"1200\" \/>\n\t<meta property=\"og:image:height\" content=\"1200\" \/>\n\t<meta property=\"og:image:type\" content=\"image\/jpeg\" \/>\n<meta name=\"twitter:card\" content=\"summary_large_image\" \/>\n<script type=\"application\/ld+json\" class=\"yoast-schema-graph\">{\"@context\":\"https:\/\/schema.org\",\"@graph\":[{\"@type\":\"WebPage\",\"@id\":\"https:\/\/hubsch-interior.com\/fr\/produit\/crayon-chariot-naturel\/\",\"url\":\"https:\/\/hubsch-interior.com\/fr\/produit\/crayon-chariot-naturel\/\",\"name\":\"Crayon Chariot Naturel - H\u00fcbsch\",\"isPartOf\":{\"@id\":\"https:\/\/hubsch-interior.com\/fr\/#website\"},\"primaryImageOfPage\":{\"@id\":\"https:\/\/hubsch-interior.com\/fr\/produit\/crayon-chariot-naturel\/#primaryimage\"},\"image\":{\"@id\":\"https:\/\/hubsch-interior.com\/fr\/produit\/crayon-chariot-naturel\/#primaryimage\"},\"thumbnailUrl\":\"https:\/\/hubsch-interior.com\/wp-content\/uploads\/2026\/02\/crayon-trolley-natural-1d5d6bd53b5511a916da20c208eda2af.jpg\",\"datePublished\":\"2026-01-31T04:34:28+00:00\",\"dateModified\":\"2026-04-26T03:34:47+00:00\",\"description\":\"D\u00e9couvrez le charme et la polyvalence de notre Crayon Chariot, fabriqu\u00e9 en bois certifi\u00e9 FSC avec une finition \u00e9l\u00e9gante en placage de ch\u00eane. Sa forme\",\"breadcrumb\":{\"@id\":\"https:\/\/hubsch-interior.com\/fr\/produit\/crayon-chariot-naturel\/#breadcrumb\"},\"inLanguage\":\"fr-FR\",\"potentialAction\":[{\"@type\":\"ReadAction\",\"target\":[\"https:\/\/hubsch-interior.com\/fr\/produit\/crayon-chariot-naturel\/\"]}]},{\"@type\":\"ImageObject\",\"inLanguage\":\"fr-FR\",\"@id\":\"https:\/\/hubsch-interior.com\/fr\/produit\/crayon-chariot-naturel\/#primaryimage\",\"url\":\"https:\/\/hubsch-interior.com\/wp-content\/uploads\/2026\/02\/crayon-trolley-natural-1d5d6bd53b5511a916da20c208eda2af.jpg\",\"contentUrl\":\"https:\/\/hubsch-interior.com\/wp-content\/uploads\/2026\/02\/crayon-trolley-natural-1d5d6bd53b5511a916da20c208eda2af.jpg\",\"width\":1024,\"height\":1024},{\"@type\":\"BreadcrumbList\",\"@id\":\"https:\/\/hubsch-interior.com\/fr\/produit\/crayon-chariot-naturel\/#breadcrumb\",\"itemListElement\":[{\"@type\":\"ListItem\",\"position\":1,\"name\":\"Page d'accueil\",\"item\":\"https:\/\/hubsch-interior.com\/fr\/\"},{\"@type\":\"ListItem\",\"position\":2,\"name\":\"Produits\",\"item\":\"https:\/\/hubsch-interior.com\/fr\/shop-2\/\"},{\"@type\":\"ListItem\",\"position\":3,\"name\":\"Crayon Chariot Naturel\"}]},{\"@type\":\"WebSite\",\"@id\":\"https:\/\/hubsch-interior.com\/fr\/#website\",\"url\":\"https:\/\/hubsch-interior.com\/fr\/\",\"name\":\"H\u00fcbsch\",\"description\":\"Danish Home Interior and Design\",\"publisher\":{\"@id\":\"https:\/\/hubsch-interior.com\/fr\/#organization\"},\"potentialAction\":[{\"@type\":\"SearchAction\",\"target\":{\"@type\":\"EntryPoint\",\"urlTemplate\":\"https:\/\/hubsch-interior.com\/fr\/?s={search_term_string}\"},\"query-input\":{\"@type\":\"PropertyValueSpecification\",\"valueRequired\":true,\"valueName\":\"search_term_string\"}}],\"inLanguage\":\"fr-FR\"},{\"@type\":\"Organization\",\"@id\":\"https:\/\/hubsch-interior.com\/fr\/#organization\",\"name\":\"H\u00fcbsch\",\"url\":\"https:\/\/hubsch-interior.com\/fr\/\",\"logo\":{\"@type\":\"ImageObject\",\"inLanguage\":\"fr-FR\",\"@id\":\"https:\/\/hubsch-interior.com\/fr\/#\/schema\/logo\/image\/\",\"url\":\"https:\/\/hubsch-interior.com\/wp-content\/uploads\/2022\/12\/Hubsch_logo_black_one_line.svg\",\"contentUrl\":\"https:\/\/hubsch-interior.com\/wp-content\/uploads\/2022\/12\/Hubsch_logo_black_one_line.svg\",\"caption\":\"H\u00fcbsch\"},\"image\":{\"@id\":\"https:\/\/hubsch-interior.com\/fr\/#\/schema\/logo\/image\/\"}}]}<\/script>\n<!-- \/ Yoast SEO plugin. -->","yoast_head_json":{"title":"Crayon Chariot Naturel - H\u00fcbsch","description":"D\u00e9couvrez le charme et la polyvalence de notre Crayon Chariot, fabriqu\u00e9 en bois certifi\u00e9 FSC avec une finition \u00e9l\u00e9gante en placage de ch\u00eane. Sa forme","robots":{"index":"index","follow":"follow","max-snippet":"max-snippet:-1","max-image-preview":"max-image-preview:large","max-video-preview":"max-video-preview:-1"},"canonical":"https:\/\/hubsch-interior.com\/fr\/wp-json\/wp\/v2\/product\/1090016","og_locale":"fr_FR","og_type":"article","og_title":"Crayon Chariot Naturel - H\u00fcbsch","og_description":"D\u00e9couvrez le charme et la polyvalence de notre Crayon Chariot, fabriqu\u00e9 en bois certifi\u00e9 FSC avec une finition \u00e9l\u00e9gante en placage de ch\u00eane. Sa forme","og_url":"https:\/\/hubsch-interior.com\/fr\/produit\/crayon-chariot-naturel\/","og_site_name":"H\u00fcbsch","article_modified_time":"2026-04-26T03:34:47+00:00","og_image":[{"width":1200,"height":1200,"url":"https:\/\/hubsch-interior.com\/wp-content\/uploads\/2026\/01\/crayon-trolley-natural-9e0107c423527e5b13cdc23d790e6ca2.jpg","type":"image\/jpeg"}],"twitter_card":"summary_large_image","schema":{"@context":"https:\/\/schema.org","@graph":[{"@type":"WebPage","@id":"https:\/\/hubsch-interior.com\/fr\/produit\/crayon-chariot-naturel\/","url":"https:\/\/hubsch-interior.com\/fr\/produit\/crayon-chariot-naturel\/","name":"Crayon Chariot Naturel - H\u00fcbsch","isPartOf":{"@id":"https:\/\/hubsch-interior.com\/fr\/#website"},"primaryImageOfPage":{"@id":"https:\/\/hubsch-interior.com\/fr\/produit\/crayon-chariot-naturel\/#primaryimage"},"image":{"@id":"https:\/\/hubsch-interior.com\/fr\/produit\/crayon-chariot-naturel\/#primaryimage"},"thumbnailUrl":"https:\/\/hubsch-interior.com\/wp-content\/uploads\/2026\/02\/crayon-trolley-natural-1d5d6bd53b5511a916da20c208eda2af.jpg","datePublished":"2026-01-31T04:34:28+00:00","dateModified":"2026-04-26T03:34:47+00:00","description":"D\u00e9couvrez le charme et la polyvalence de notre Crayon Chariot, fabriqu\u00e9 en bois certifi\u00e9 FSC avec une finition \u00e9l\u00e9gante en placage de ch\u00eane. Sa forme","breadcrumb":{"@id":"https:\/\/hubsch-interior.com\/fr\/produit\/crayon-chariot-naturel\/#breadcrumb"},"inLanguage":"fr-FR","potentialAction":[{"@type":"ReadAction","target":["https:\/\/hubsch-interior.com\/fr\/produit\/crayon-chariot-naturel\/"]}]},{"@type":"ImageObject","inLanguage":"fr-FR","@id":"https:\/\/hubsch-interior.com\/fr\/produit\/crayon-chariot-naturel\/#primaryimage","url":"https:\/\/hubsch-interior.com\/wp-content\/uploads\/2026\/02\/crayon-trolley-natural-1d5d6bd53b5511a916da20c208eda2af.jpg","contentUrl":"https:\/\/hubsch-interior.com\/wp-content\/uploads\/2026\/02\/crayon-trolley-natural-1d5d6bd53b5511a916da20c208eda2af.jpg","width":1024,"height":1024},{"@type":"BreadcrumbList","@id":"https:\/\/hubsch-interior.com\/fr\/produit\/crayon-chariot-naturel\/#breadcrumb","itemListElement":[{"@type":"ListItem","position":1,"name":"Page d'accueil","item":"https:\/\/hubsch-interior.com\/fr\/"},{"@type":"ListItem","position":2,"name":"Produits","item":"https:\/\/hubsch-interior.com\/fr\/shop-2\/"},{"@type":"ListItem","position":3,"name":"Crayon Chariot Naturel"}]},{"@type":"WebSite","@id":"https:\/\/hubsch-interior.com\/fr\/#website","url":"https:\/\/hubsch-interior.com\/fr\/","name":"H\u00fcbsch","description":"Danish Home Interior and Design","publisher":{"@id":"https:\/\/hubsch-interior.com\/fr\/#organization"},"potentialAction":[{"@type":"SearchAction","target":{"@type":"EntryPoint","urlTemplate":"https:\/\/hubsch-interior.com\/fr\/?s={search_term_string}"},"query-input":{"@type":"PropertyValueSpecification","valueRequired":true,"valueName":"search_term_string"}}],"inLanguage":"fr-FR"},{"@type":"Organization","@id":"https:\/\/hubsch-interior.com\/fr\/#organization","name":"H\u00fcbsch","url":"https:\/\/hubsch-interior.com\/fr\/","logo":{"@type":"ImageObject","inLanguage":"fr-FR","@id":"https:\/\/hubsch-interior.com\/fr\/#\/schema\/logo\/image\/","url":"https:\/\/hubsch-interior.com\/wp-content\/uploads\/2022\/12\/Hubsch_logo_black_one_line.svg","contentUrl":"https:\/\/hubsch-interior.com\/wp-content\/uploads\/2022\/12\/Hubsch_logo_black_one_line.svg","caption":"H\u00fcbsch"},"image":{"@id":"https:\/\/hubsch-interior.com\/fr\/#\/schema\/logo\/image\/"}}]}},"_links":{"self":[{"href":"https:\/\/hubsch-interior.com\/fr\/wp-json\/wp\/v2\/product\/1090016","targetHints":{"allow":["GET"]}}],"collection":[{"href":"https:\/\/hubsch-interior.com\/fr\/wp-json\/wp\/v2\/product"}],"about":[{"href":"https:\/\/hubsch-interior.com\/fr\/wp-json\/wp\/v2\/types\/product"}],"wp:featuredmedia":[{"embeddable":true,"href":"https:\/\/hubsch-interior.com\/fr\/wp-json\/wp\/v2\/media\/1112380"}],"wp:attachment":[{"href":"https:\/\/hubsch-interior.com\/fr\/wp-json\/wp\/v2\/media?parent=1090016"}],"wp:term":[{"taxonomy":"product_brand","embeddable":true,"href":"https:\/\/hubsch-interior.com\/fr\/wp-json\/wp\/v2\/product_brand?post=1090016"},{"taxonomy":"product_cat","embeddable":true,"href":"https:\/\/hubsch-interior.com\/fr\/wp-json\/wp\/v2\/product_cat?post=1090016"},{"taxonomy":"product_tag","embeddable":true,"href":"https:\/\/hubsch-interior.com\/fr\/wp-json\/wp\/v2\/product_tag?post=1090016"}],"curies":[{"name":"wp","href":"https:\/\/api.w.org\/{rel}","templated":true}]}}