{"id":1090032,"date":"2026-01-31T05:34:42","date_gmt":"2026-01-31T04:34:42","guid":{"rendered":"https:\/\/hubsch-interior.com\/product\/product\/"},"modified":"2026-04-02T05:28:18","modified_gmt":"2026-04-02T03:28:18","slug":"haus-chaises-de-salle-a-manger-marron","status":"publish","type":"product","link":"https:\/\/hubsch-interior.com\/fr\/produit\/haus-chaises-de-salle-a-manger-marron\/","title":{"rendered":"Haus Chaises de salle \u00e0 manger Marron"},"content":{"rendered":"<p>Lignes affirm\u00e9es, confort douillet. La Chaise de Salle \u00e0 Manger Haus en brun riche marie force architecturale et confort quotidien. Son cadre graphique en bois teint\u00e9 fonc\u00e9 contraste magnifiquement avec les coussins bleu profond, offrant un look \u00e0 la fois raffin\u00e9 et d\u00e9contract\u00e9. Malgr\u00e9 sa silhouette robuste, elle est \u00e9tonnamment l\u00e9g\u00e8re \u2014 facile \u00e0 d\u00e9placer, mais avec une pr\u00e9sence marqu\u00e9e. Disponible en deux variantes audacieuses, cette chaise vous invite \u00e0 ralentir, \u00e0 prolonger votre s\u00e9jour et \u00e0 savourer chaque instant \u00e0 table. Parce que chaque grande conversation m\u00e9rite une assise con\u00e7ue pour s&#8217;attarder.<\/p>\n","protected":false},"excerpt":{"rendered":"<p>Lignes affirm\u00e9es, confort douillet. La Chaise de Salle \u00e0 Manger Haus en brun riche marie force architecturale et confort quotidien. Son cadre graphique en bois teint\u00e9 fonc\u00e9 contraste magnifiquement avec les coussins bleu profond, offrant un look \u00e0 la fois raffin\u00e9 et d\u00e9contract\u00e9. Malgr\u00e9 sa silhouette robuste, elle est \u00e9tonnamment l\u00e9g\u00e8re \u2014 facile \u00e0 d\u00e9placer, [&hellip;]<\/p>\n","protected":false},"featured_media":1112396,"template":"","meta":{"_acf_changed":false,"inline_featured_image":false},"product_brand":[],"product_cat":[7154,7098,5012],"product_tag":[],"class_list":{"0":"post-1090032","1":"product","2":"type-product","3":"status-publish","4":"has-post-thumbnail","6":"product_cat-dweller-fr","7":"product_cat-chaises-de-jardin-fr","8":"product_cat-mobilier-du-jardin-fr","9":"product_shipping_class-pk","10":"pa_color-marron","11":"pa_material-aluminium-fr","12":"pa_material-olfine","14":"first","15":"outofstock","16":"taxable","17":"shipping-taxable","18":"purchasable","19":"product-type-simple"},"exclude_global_add_ons":[],"addons":[],"acf":[],"yoast_head":"<!-- This site is optimized with the Yoast SEO plugin v26.4 - https:\/\/yoast.com\/wordpress\/plugins\/seo\/ -->\n<title>Haus Chaises de salle \u00e0 manger Marron - H\u00fcbsch<\/title>\n<meta name=\"description\" content=\"Lignes affirm\u00e9es, confort douillet. La Chaise de Salle \u00e0 Manger Haus en brun riche marie force architecturale et confort quotidien. Son cadre graphique en\" \/>\n<meta name=\"robots\" content=\"index, follow, max-snippet:-1, max-image-preview:large, max-video-preview:-1\" \/>\n<link rel=\"canonical\" href=\"https:\/\/hubsch-interior.com\/fr\/wp-json\/wp\/v2\/product\/1090032\" \/>\n<meta property=\"og:locale\" content=\"fr_FR\" \/>\n<meta property=\"og:type\" content=\"article\" \/>\n<meta property=\"og:title\" content=\"Haus Chaises de salle \u00e0 manger Marron - H\u00fcbsch\" \/>\n<meta property=\"og:description\" content=\"Lignes affirm\u00e9es, confort douillet. La Chaise de Salle \u00e0 Manger Haus en brun riche marie force architecturale et confort quotidien. Son cadre graphique en\" \/>\n<meta property=\"og:url\" content=\"https:\/\/hubsch-interior.com\/fr\/produit\/haus-chaises-de-salle-a-manger-marron\/\" \/>\n<meta property=\"og:site_name\" content=\"H\u00fcbsch\" \/>\n<meta property=\"article:modified_time\" content=\"2026-04-02T03:28:18+00:00\" \/>\n<meta property=\"og:image\" content=\"https:\/\/hubsch-interior.com\/wp-content\/uploads\/2026\/02\/haus-dining-chair-brown-f1d25c613e80645dfd07eeb40402bd63.jpg\" \/>\n\t<meta property=\"og:image:width\" content=\"1024\" \/>\n\t<meta property=\"og:image:height\" content=\"1024\" \/>\n\t<meta property=\"og:image:type\" content=\"image\/jpeg\" \/>\n<meta name=\"twitter:card\" content=\"summary_large_image\" \/>\n<script type=\"application\/ld+json\" class=\"yoast-schema-graph\">{\"@context\":\"https:\/\/schema.org\",\"@graph\":[{\"@type\":\"WebPage\",\"@id\":\"https:\/\/hubsch-interior.com\/fr\/produit\/haus-chaises-de-salle-a-manger-marron\/\",\"url\":\"https:\/\/hubsch-interior.com\/fr\/produit\/haus-chaises-de-salle-a-manger-marron\/\",\"name\":\"Haus Chaises de salle \u00e0 manger Marron - H\u00fcbsch\",\"isPartOf\":{\"@id\":\"https:\/\/hubsch-interior.com\/fr\/#website\"},\"primaryImageOfPage\":{\"@id\":\"https:\/\/hubsch-interior.com\/fr\/produit\/haus-chaises-de-salle-a-manger-marron\/#primaryimage\"},\"image\":{\"@id\":\"https:\/\/hubsch-interior.com\/fr\/produit\/haus-chaises-de-salle-a-manger-marron\/#primaryimage\"},\"thumbnailUrl\":\"https:\/\/hubsch-interior.com\/wp-content\/uploads\/2026\/02\/haus-dining-chair-brown-f1d25c613e80645dfd07eeb40402bd63.jpg\",\"datePublished\":\"2026-01-31T04:34:42+00:00\",\"dateModified\":\"2026-04-02T03:28:18+00:00\",\"description\":\"Lignes affirm\u00e9es, confort douillet. La Chaise de Salle \u00e0 Manger Haus en brun riche marie force architecturale et confort quotidien. Son cadre graphique en\",\"breadcrumb\":{\"@id\":\"https:\/\/hubsch-interior.com\/fr\/produit\/haus-chaises-de-salle-a-manger-marron\/#breadcrumb\"},\"inLanguage\":\"fr-FR\",\"potentialAction\":[{\"@type\":\"ReadAction\",\"target\":[\"https:\/\/hubsch-interior.com\/fr\/produit\/haus-chaises-de-salle-a-manger-marron\/\"]}]},{\"@type\":\"ImageObject\",\"inLanguage\":\"fr-FR\",\"@id\":\"https:\/\/hubsch-interior.com\/fr\/produit\/haus-chaises-de-salle-a-manger-marron\/#primaryimage\",\"url\":\"https:\/\/hubsch-interior.com\/wp-content\/uploads\/2026\/02\/haus-dining-chair-brown-f1d25c613e80645dfd07eeb40402bd63.jpg\",\"contentUrl\":\"https:\/\/hubsch-interior.com\/wp-content\/uploads\/2026\/02\/haus-dining-chair-brown-f1d25c613e80645dfd07eeb40402bd63.jpg\",\"width\":1024,\"height\":1024},{\"@type\":\"BreadcrumbList\",\"@id\":\"https:\/\/hubsch-interior.com\/fr\/produit\/haus-chaises-de-salle-a-manger-marron\/#breadcrumb\",\"itemListElement\":[{\"@type\":\"ListItem\",\"position\":1,\"name\":\"Page d'accueil\",\"item\":\"https:\/\/hubsch-interior.com\/fr\/\"},{\"@type\":\"ListItem\",\"position\":2,\"name\":\"Produits\",\"item\":\"https:\/\/hubsch-interior.com\/fr\/shop-2\/\"},{\"@type\":\"ListItem\",\"position\":3,\"name\":\"Meubles\",\"item\":\"https:\/\/hubsch-interior.com\/fr\/categorie-produit\/meubles\/\"},{\"@type\":\"ListItem\",\"position\":4,\"name\":\"Mobilier du jardin\",\"item\":\"https:\/\/hubsch-interior.com\/fr\/categorie-produit\/meubles\/mobilier-du-jardin-fr\/\"},{\"@type\":\"ListItem\",\"position\":5,\"name\":\"Chaises de jardin\",\"item\":\"https:\/\/hubsch-interior.com\/fr\/categorie-produit\/meubles\/mobilier-du-jardin-fr\/chaises-de-jardin-fr\/\"},{\"@type\":\"ListItem\",\"position\":6,\"name\":\"Haus Chaises de salle \u00e0 manger Marron\"}]},{\"@type\":\"WebSite\",\"@id\":\"https:\/\/hubsch-interior.com\/fr\/#website\",\"url\":\"https:\/\/hubsch-interior.com\/fr\/\",\"name\":\"H\u00fcbsch\",\"description\":\"Danish Home Interior and Design\",\"publisher\":{\"@id\":\"https:\/\/hubsch-interior.com\/fr\/#organization\"},\"potentialAction\":[{\"@type\":\"SearchAction\",\"target\":{\"@type\":\"EntryPoint\",\"urlTemplate\":\"https:\/\/hubsch-interior.com\/fr\/?s={search_term_string}\"},\"query-input\":{\"@type\":\"PropertyValueSpecification\",\"valueRequired\":true,\"valueName\":\"search_term_string\"}}],\"inLanguage\":\"fr-FR\"},{\"@type\":\"Organization\",\"@id\":\"https:\/\/hubsch-interior.com\/fr\/#organization\",\"name\":\"H\u00fcbsch\",\"url\":\"https:\/\/hubsch-interior.com\/fr\/\",\"logo\":{\"@type\":\"ImageObject\",\"inLanguage\":\"fr-FR\",\"@id\":\"https:\/\/hubsch-interior.com\/fr\/#\/schema\/logo\/image\/\",\"url\":\"https:\/\/hubsch-interior.com\/wp-content\/uploads\/2022\/12\/Hubsch_logo_black_one_line.svg\",\"contentUrl\":\"https:\/\/hubsch-interior.com\/wp-content\/uploads\/2022\/12\/Hubsch_logo_black_one_line.svg\",\"caption\":\"H\u00fcbsch\"},\"image\":{\"@id\":\"https:\/\/hubsch-interior.com\/fr\/#\/schema\/logo\/image\/\"}}]}<\/script>\n<!-- \/ Yoast SEO plugin. -->","yoast_head_json":{"title":"Haus Chaises de salle \u00e0 manger Marron - H\u00fcbsch","description":"Lignes affirm\u00e9es, confort douillet. La Chaise de Salle \u00e0 Manger Haus en brun riche marie force architecturale et confort quotidien. Son cadre graphique en","robots":{"index":"index","follow":"follow","max-snippet":"max-snippet:-1","max-image-preview":"max-image-preview:large","max-video-preview":"max-video-preview:-1"},"canonical":"https:\/\/hubsch-interior.com\/fr\/wp-json\/wp\/v2\/product\/1090032","og_locale":"fr_FR","og_type":"article","og_title":"Haus Chaises de salle \u00e0 manger Marron - H\u00fcbsch","og_description":"Lignes affirm\u00e9es, confort douillet. La Chaise de Salle \u00e0 Manger Haus en brun riche marie force architecturale et confort quotidien. Son cadre graphique en","og_url":"https:\/\/hubsch-interior.com\/fr\/produit\/haus-chaises-de-salle-a-manger-marron\/","og_site_name":"H\u00fcbsch","article_modified_time":"2026-04-02T03:28:18+00:00","og_image":[{"width":1024,"height":1024,"url":"https:\/\/hubsch-interior.com\/wp-content\/uploads\/2026\/02\/haus-dining-chair-brown-f1d25c613e80645dfd07eeb40402bd63.jpg","type":"image\/jpeg"}],"twitter_card":"summary_large_image","schema":{"@context":"https:\/\/schema.org","@graph":[{"@type":"WebPage","@id":"https:\/\/hubsch-interior.com\/fr\/produit\/haus-chaises-de-salle-a-manger-marron\/","url":"https:\/\/hubsch-interior.com\/fr\/produit\/haus-chaises-de-salle-a-manger-marron\/","name":"Haus Chaises de salle \u00e0 manger Marron - H\u00fcbsch","isPartOf":{"@id":"https:\/\/hubsch-interior.com\/fr\/#website"},"primaryImageOfPage":{"@id":"https:\/\/hubsch-interior.com\/fr\/produit\/haus-chaises-de-salle-a-manger-marron\/#primaryimage"},"image":{"@id":"https:\/\/hubsch-interior.com\/fr\/produit\/haus-chaises-de-salle-a-manger-marron\/#primaryimage"},"thumbnailUrl":"https:\/\/hubsch-interior.com\/wp-content\/uploads\/2026\/02\/haus-dining-chair-brown-f1d25c613e80645dfd07eeb40402bd63.jpg","datePublished":"2026-01-31T04:34:42+00:00","dateModified":"2026-04-02T03:28:18+00:00","description":"Lignes affirm\u00e9es, confort douillet. La Chaise de Salle \u00e0 Manger Haus en brun riche marie force architecturale et confort quotidien. Son cadre graphique en","breadcrumb":{"@id":"https:\/\/hubsch-interior.com\/fr\/produit\/haus-chaises-de-salle-a-manger-marron\/#breadcrumb"},"inLanguage":"fr-FR","potentialAction":[{"@type":"ReadAction","target":["https:\/\/hubsch-interior.com\/fr\/produit\/haus-chaises-de-salle-a-manger-marron\/"]}]},{"@type":"ImageObject","inLanguage":"fr-FR","@id":"https:\/\/hubsch-interior.com\/fr\/produit\/haus-chaises-de-salle-a-manger-marron\/#primaryimage","url":"https:\/\/hubsch-interior.com\/wp-content\/uploads\/2026\/02\/haus-dining-chair-brown-f1d25c613e80645dfd07eeb40402bd63.jpg","contentUrl":"https:\/\/hubsch-interior.com\/wp-content\/uploads\/2026\/02\/haus-dining-chair-brown-f1d25c613e80645dfd07eeb40402bd63.jpg","width":1024,"height":1024},{"@type":"BreadcrumbList","@id":"https:\/\/hubsch-interior.com\/fr\/produit\/haus-chaises-de-salle-a-manger-marron\/#breadcrumb","itemListElement":[{"@type":"ListItem","position":1,"name":"Page d'accueil","item":"https:\/\/hubsch-interior.com\/fr\/"},{"@type":"ListItem","position":2,"name":"Produits","item":"https:\/\/hubsch-interior.com\/fr\/shop-2\/"},{"@type":"ListItem","position":3,"name":"Meubles","item":"https:\/\/hubsch-interior.com\/fr\/categorie-produit\/meubles\/"},{"@type":"ListItem","position":4,"name":"Mobilier du jardin","item":"https:\/\/hubsch-interior.com\/fr\/categorie-produit\/meubles\/mobilier-du-jardin-fr\/"},{"@type":"ListItem","position":5,"name":"Chaises de jardin","item":"https:\/\/hubsch-interior.com\/fr\/categorie-produit\/meubles\/mobilier-du-jardin-fr\/chaises-de-jardin-fr\/"},{"@type":"ListItem","position":6,"name":"Haus Chaises de salle \u00e0 manger Marron"}]},{"@type":"WebSite","@id":"https:\/\/hubsch-interior.com\/fr\/#website","url":"https:\/\/hubsch-interior.com\/fr\/","name":"H\u00fcbsch","description":"Danish Home Interior and Design","publisher":{"@id":"https:\/\/hubsch-interior.com\/fr\/#organization"},"potentialAction":[{"@type":"SearchAction","target":{"@type":"EntryPoint","urlTemplate":"https:\/\/hubsch-interior.com\/fr\/?s={search_term_string}"},"query-input":{"@type":"PropertyValueSpecification","valueRequired":true,"valueName":"search_term_string"}}],"inLanguage":"fr-FR"},{"@type":"Organization","@id":"https:\/\/hubsch-interior.com\/fr\/#organization","name":"H\u00fcbsch","url":"https:\/\/hubsch-interior.com\/fr\/","logo":{"@type":"ImageObject","inLanguage":"fr-FR","@id":"https:\/\/hubsch-interior.com\/fr\/#\/schema\/logo\/image\/","url":"https:\/\/hubsch-interior.com\/wp-content\/uploads\/2022\/12\/Hubsch_logo_black_one_line.svg","contentUrl":"https:\/\/hubsch-interior.com\/wp-content\/uploads\/2022\/12\/Hubsch_logo_black_one_line.svg","caption":"H\u00fcbsch"},"image":{"@id":"https:\/\/hubsch-interior.com\/fr\/#\/schema\/logo\/image\/"}}]}},"_links":{"self":[{"href":"https:\/\/hubsch-interior.com\/fr\/wp-json\/wp\/v2\/product\/1090032","targetHints":{"allow":["GET"]}}],"collection":[{"href":"https:\/\/hubsch-interior.com\/fr\/wp-json\/wp\/v2\/product"}],"about":[{"href":"https:\/\/hubsch-interior.com\/fr\/wp-json\/wp\/v2\/types\/product"}],"wp:featuredmedia":[{"embeddable":true,"href":"https:\/\/hubsch-interior.com\/fr\/wp-json\/wp\/v2\/media\/1112396"}],"wp:attachment":[{"href":"https:\/\/hubsch-interior.com\/fr\/wp-json\/wp\/v2\/media?parent=1090032"}],"wp:term":[{"taxonomy":"product_brand","embeddable":true,"href":"https:\/\/hubsch-interior.com\/fr\/wp-json\/wp\/v2\/product_brand?post=1090032"},{"taxonomy":"product_cat","embeddable":true,"href":"https:\/\/hubsch-interior.com\/fr\/wp-json\/wp\/v2\/product_cat?post=1090032"},{"taxonomy":"product_tag","embeddable":true,"href":"https:\/\/hubsch-interior.com\/fr\/wp-json\/wp\/v2\/product_tag?post=1090032"}],"curies":[{"name":"wp","href":"https:\/\/api.w.org\/{rel}","templated":true}]}}