{"id":1090056,"date":"2026-01-31T05:35:00","date_gmt":"2026-01-31T04:35:00","guid":{"rendered":"https:\/\/hubsch-interior.com\/product\/product\/"},"modified":"2026-04-02T05:28:21","modified_gmt":"2026-04-02T03:28:21","slug":"haus-fauteuil-lounge-marron","status":"publish","type":"product","link":"https:\/\/hubsch-interior.com\/fr\/produit\/haus-fauteuil-lounge-marron\/","title":{"rendered":"Haus Fauteuil lounge Marron"},"content":{"rendered":"<p>Plongez dans le confort, encadr\u00e9 par le design. Le Haus Fauteuil Lounge incarne l&#8217;essence de l&#8217;\u00e9l\u00e9gance moderne avec sa silhouette marron fonc\u00e9 et ses coussins bleus frappants. Construit avec un cadre solide et stable tout en \u00e9tant suffisamment l\u00e9ger pour \u00eatre d\u00e9plac\u00e9 facilement, il allie structure et douceur. Choisissez parmi deux variantes distinctes pour s&#8217;adapter \u00e0 votre espace. D\u00e9fini par des lignes \u00e9pur\u00e9es et con\u00e7u avec soin, ce n&#8217;est pas simplement un endroit o\u00f9 s&#8217;asseoir \u2014 c&#8217;est l\u00e0 o\u00f9 commence la tranquillit\u00e9 et o\u00f9 la journ\u00e9e s&#8217;estompe doucement.<\/p>\n","protected":false},"excerpt":{"rendered":"<p>Plongez dans le confort, encadr\u00e9 par le design. Le Haus Fauteuil Lounge incarne l&#8217;essence de l&#8217;\u00e9l\u00e9gance moderne avec sa silhouette marron fonc\u00e9 et ses coussins bleus frappants. Construit avec un cadre solide et stable tout en \u00e9tant suffisamment l\u00e9ger pour \u00eatre d\u00e9plac\u00e9 facilement, il allie structure et douceur. Choisissez parmi deux variantes distinctes pour s&#8217;adapter [&hellip;]<\/p>\n","protected":false},"featured_media":1112416,"template":"","meta":{"_acf_changed":false,"inline_featured_image":false},"product_brand":[],"product_cat":[7154,7098,5012],"product_tag":[],"class_list":{"0":"post-1090056","1":"product","2":"type-product","3":"status-publish","4":"has-post-thumbnail","6":"product_cat-dweller-fr","7":"product_cat-chaises-de-jardin-fr","8":"product_cat-mobilier-du-jardin-fr","9":"product_shipping_class-pk","11":"pa_color-marron","12":"pa_material-aluminium-fr","13":"pa_material-olfine","15":"first","16":"outofstock","17":"taxable","18":"shipping-taxable","19":"purchasable","20":"product-type-simple"},"exclude_global_add_ons":[],"addons":[],"acf":[],"yoast_head":"<!-- This site is optimized with the Yoast SEO plugin v26.4 - https:\/\/yoast.com\/wordpress\/plugins\/seo\/ -->\n<title>Haus Fauteuil lounge Marron - H\u00fcbsch<\/title>\n<meta name=\"description\" content=\"Plongez dans le confort, encadr\u00e9 par le design. Le Haus Fauteuil Lounge incarne l&#039;essence de l&#039;\u00e9l\u00e9gance moderne avec sa silhouette marron fonc\u00e9 et ses\" \/>\n<meta name=\"robots\" content=\"index, follow, max-snippet:-1, max-image-preview:large, max-video-preview:-1\" \/>\n<link rel=\"canonical\" href=\"https:\/\/hubsch-interior.com\/fr\/wp-json\/wp\/v2\/product\/1090056\" \/>\n<meta property=\"og:locale\" content=\"fr_FR\" \/>\n<meta property=\"og:type\" content=\"article\" \/>\n<meta property=\"og:title\" content=\"Haus Fauteuil lounge Marron - H\u00fcbsch\" \/>\n<meta property=\"og:description\" content=\"Plongez dans le confort, encadr\u00e9 par le design. Le Haus Fauteuil Lounge incarne l&#039;essence de l&#039;\u00e9l\u00e9gance moderne avec sa silhouette marron fonc\u00e9 et ses\" \/>\n<meta property=\"og:url\" content=\"https:\/\/hubsch-interior.com\/fr\/produit\/haus-fauteuil-lounge-marron\/\" \/>\n<meta property=\"og:site_name\" content=\"H\u00fcbsch\" \/>\n<meta property=\"article:modified_time\" content=\"2026-04-02T03:28:21+00:00\" \/>\n<meta property=\"og:image\" content=\"https:\/\/hubsch-interior.com\/wp-content\/uploads\/2026\/01\/haus-lounge-chair-brown-ce88691707056304933fac0d17b5bb9e.jpg\" \/>\n\t<meta property=\"og:image:width\" content=\"1200\" \/>\n\t<meta property=\"og:image:height\" content=\"1200\" \/>\n\t<meta property=\"og:image:type\" content=\"image\/jpeg\" \/>\n<meta name=\"twitter:card\" content=\"summary_large_image\" \/>\n<script type=\"application\/ld+json\" class=\"yoast-schema-graph\">{\"@context\":\"https:\/\/schema.org\",\"@graph\":[{\"@type\":\"WebPage\",\"@id\":\"https:\/\/hubsch-interior.com\/fr\/produit\/haus-fauteuil-lounge-marron\/\",\"url\":\"https:\/\/hubsch-interior.com\/fr\/produit\/haus-fauteuil-lounge-marron\/\",\"name\":\"Haus Fauteuil lounge Marron - H\u00fcbsch\",\"isPartOf\":{\"@id\":\"https:\/\/hubsch-interior.com\/fr\/#website\"},\"primaryImageOfPage\":{\"@id\":\"https:\/\/hubsch-interior.com\/fr\/produit\/haus-fauteuil-lounge-marron\/#primaryimage\"},\"image\":{\"@id\":\"https:\/\/hubsch-interior.com\/fr\/produit\/haus-fauteuil-lounge-marron\/#primaryimage\"},\"thumbnailUrl\":\"https:\/\/hubsch-interior.com\/wp-content\/uploads\/2026\/02\/haus-lounge-chair-brown-93479caa97be66b64d4701bdd46d57d8.jpg\",\"datePublished\":\"2026-01-31T04:35:00+00:00\",\"dateModified\":\"2026-04-02T03:28:21+00:00\",\"description\":\"Plongez dans le confort, encadr\u00e9 par le design. Le Haus Fauteuil Lounge incarne l'essence de l'\u00e9l\u00e9gance moderne avec sa silhouette marron fonc\u00e9 et ses\",\"breadcrumb\":{\"@id\":\"https:\/\/hubsch-interior.com\/fr\/produit\/haus-fauteuil-lounge-marron\/#breadcrumb\"},\"inLanguage\":\"fr-FR\",\"potentialAction\":[{\"@type\":\"ReadAction\",\"target\":[\"https:\/\/hubsch-interior.com\/fr\/produit\/haus-fauteuil-lounge-marron\/\"]}]},{\"@type\":\"ImageObject\",\"inLanguage\":\"fr-FR\",\"@id\":\"https:\/\/hubsch-interior.com\/fr\/produit\/haus-fauteuil-lounge-marron\/#primaryimage\",\"url\":\"https:\/\/hubsch-interior.com\/wp-content\/uploads\/2026\/02\/haus-lounge-chair-brown-93479caa97be66b64d4701bdd46d57d8.jpg\",\"contentUrl\":\"https:\/\/hubsch-interior.com\/wp-content\/uploads\/2026\/02\/haus-lounge-chair-brown-93479caa97be66b64d4701bdd46d57d8.jpg\",\"width\":1024,\"height\":1024},{\"@type\":\"BreadcrumbList\",\"@id\":\"https:\/\/hubsch-interior.com\/fr\/produit\/haus-fauteuil-lounge-marron\/#breadcrumb\",\"itemListElement\":[{\"@type\":\"ListItem\",\"position\":1,\"name\":\"Page d'accueil\",\"item\":\"https:\/\/hubsch-interior.com\/fr\/\"},{\"@type\":\"ListItem\",\"position\":2,\"name\":\"Produits\",\"item\":\"https:\/\/hubsch-interior.com\/fr\/shop-2\/\"},{\"@type\":\"ListItem\",\"position\":3,\"name\":\"Haus Fauteuil lounge Marron\"}]},{\"@type\":\"WebSite\",\"@id\":\"https:\/\/hubsch-interior.com\/fr\/#website\",\"url\":\"https:\/\/hubsch-interior.com\/fr\/\",\"name\":\"H\u00fcbsch\",\"description\":\"Danish Home Interior and Design\",\"publisher\":{\"@id\":\"https:\/\/hubsch-interior.com\/fr\/#organization\"},\"potentialAction\":[{\"@type\":\"SearchAction\",\"target\":{\"@type\":\"EntryPoint\",\"urlTemplate\":\"https:\/\/hubsch-interior.com\/fr\/?s={search_term_string}\"},\"query-input\":{\"@type\":\"PropertyValueSpecification\",\"valueRequired\":true,\"valueName\":\"search_term_string\"}}],\"inLanguage\":\"fr-FR\"},{\"@type\":\"Organization\",\"@id\":\"https:\/\/hubsch-interior.com\/fr\/#organization\",\"name\":\"H\u00fcbsch\",\"url\":\"https:\/\/hubsch-interior.com\/fr\/\",\"logo\":{\"@type\":\"ImageObject\",\"inLanguage\":\"fr-FR\",\"@id\":\"https:\/\/hubsch-interior.com\/fr\/#\/schema\/logo\/image\/\",\"url\":\"https:\/\/hubsch-interior.com\/wp-content\/uploads\/2022\/12\/Hubsch_logo_black_one_line.svg\",\"contentUrl\":\"https:\/\/hubsch-interior.com\/wp-content\/uploads\/2022\/12\/Hubsch_logo_black_one_line.svg\",\"caption\":\"H\u00fcbsch\"},\"image\":{\"@id\":\"https:\/\/hubsch-interior.com\/fr\/#\/schema\/logo\/image\/\"}}]}<\/script>\n<!-- \/ Yoast SEO plugin. -->","yoast_head_json":{"title":"Haus Fauteuil lounge Marron - H\u00fcbsch","description":"Plongez dans le confort, encadr\u00e9 par le design. Le Haus Fauteuil Lounge incarne l'essence de l'\u00e9l\u00e9gance moderne avec sa silhouette marron fonc\u00e9 et ses","robots":{"index":"index","follow":"follow","max-snippet":"max-snippet:-1","max-image-preview":"max-image-preview:large","max-video-preview":"max-video-preview:-1"},"canonical":"https:\/\/hubsch-interior.com\/fr\/wp-json\/wp\/v2\/product\/1090056","og_locale":"fr_FR","og_type":"article","og_title":"Haus Fauteuil lounge Marron - H\u00fcbsch","og_description":"Plongez dans le confort, encadr\u00e9 par le design. Le Haus Fauteuil Lounge incarne l'essence de l'\u00e9l\u00e9gance moderne avec sa silhouette marron fonc\u00e9 et ses","og_url":"https:\/\/hubsch-interior.com\/fr\/produit\/haus-fauteuil-lounge-marron\/","og_site_name":"H\u00fcbsch","article_modified_time":"2026-04-02T03:28:21+00:00","og_image":[{"width":1200,"height":1200,"url":"https:\/\/hubsch-interior.com\/wp-content\/uploads\/2026\/01\/haus-lounge-chair-brown-ce88691707056304933fac0d17b5bb9e.jpg","type":"image\/jpeg"}],"twitter_card":"summary_large_image","schema":{"@context":"https:\/\/schema.org","@graph":[{"@type":"WebPage","@id":"https:\/\/hubsch-interior.com\/fr\/produit\/haus-fauteuil-lounge-marron\/","url":"https:\/\/hubsch-interior.com\/fr\/produit\/haus-fauteuil-lounge-marron\/","name":"Haus Fauteuil lounge Marron - H\u00fcbsch","isPartOf":{"@id":"https:\/\/hubsch-interior.com\/fr\/#website"},"primaryImageOfPage":{"@id":"https:\/\/hubsch-interior.com\/fr\/produit\/haus-fauteuil-lounge-marron\/#primaryimage"},"image":{"@id":"https:\/\/hubsch-interior.com\/fr\/produit\/haus-fauteuil-lounge-marron\/#primaryimage"},"thumbnailUrl":"https:\/\/hubsch-interior.com\/wp-content\/uploads\/2026\/02\/haus-lounge-chair-brown-93479caa97be66b64d4701bdd46d57d8.jpg","datePublished":"2026-01-31T04:35:00+00:00","dateModified":"2026-04-02T03:28:21+00:00","description":"Plongez dans le confort, encadr\u00e9 par le design. Le Haus Fauteuil Lounge incarne l'essence de l'\u00e9l\u00e9gance moderne avec sa silhouette marron fonc\u00e9 et ses","breadcrumb":{"@id":"https:\/\/hubsch-interior.com\/fr\/produit\/haus-fauteuil-lounge-marron\/#breadcrumb"},"inLanguage":"fr-FR","potentialAction":[{"@type":"ReadAction","target":["https:\/\/hubsch-interior.com\/fr\/produit\/haus-fauteuil-lounge-marron\/"]}]},{"@type":"ImageObject","inLanguage":"fr-FR","@id":"https:\/\/hubsch-interior.com\/fr\/produit\/haus-fauteuil-lounge-marron\/#primaryimage","url":"https:\/\/hubsch-interior.com\/wp-content\/uploads\/2026\/02\/haus-lounge-chair-brown-93479caa97be66b64d4701bdd46d57d8.jpg","contentUrl":"https:\/\/hubsch-interior.com\/wp-content\/uploads\/2026\/02\/haus-lounge-chair-brown-93479caa97be66b64d4701bdd46d57d8.jpg","width":1024,"height":1024},{"@type":"BreadcrumbList","@id":"https:\/\/hubsch-interior.com\/fr\/produit\/haus-fauteuil-lounge-marron\/#breadcrumb","itemListElement":[{"@type":"ListItem","position":1,"name":"Page d'accueil","item":"https:\/\/hubsch-interior.com\/fr\/"},{"@type":"ListItem","position":2,"name":"Produits","item":"https:\/\/hubsch-interior.com\/fr\/shop-2\/"},{"@type":"ListItem","position":3,"name":"Haus Fauteuil lounge Marron"}]},{"@type":"WebSite","@id":"https:\/\/hubsch-interior.com\/fr\/#website","url":"https:\/\/hubsch-interior.com\/fr\/","name":"H\u00fcbsch","description":"Danish Home Interior and Design","publisher":{"@id":"https:\/\/hubsch-interior.com\/fr\/#organization"},"potentialAction":[{"@type":"SearchAction","target":{"@type":"EntryPoint","urlTemplate":"https:\/\/hubsch-interior.com\/fr\/?s={search_term_string}"},"query-input":{"@type":"PropertyValueSpecification","valueRequired":true,"valueName":"search_term_string"}}],"inLanguage":"fr-FR"},{"@type":"Organization","@id":"https:\/\/hubsch-interior.com\/fr\/#organization","name":"H\u00fcbsch","url":"https:\/\/hubsch-interior.com\/fr\/","logo":{"@type":"ImageObject","inLanguage":"fr-FR","@id":"https:\/\/hubsch-interior.com\/fr\/#\/schema\/logo\/image\/","url":"https:\/\/hubsch-interior.com\/wp-content\/uploads\/2022\/12\/Hubsch_logo_black_one_line.svg","contentUrl":"https:\/\/hubsch-interior.com\/wp-content\/uploads\/2022\/12\/Hubsch_logo_black_one_line.svg","caption":"H\u00fcbsch"},"image":{"@id":"https:\/\/hubsch-interior.com\/fr\/#\/schema\/logo\/image\/"}}]}},"_links":{"self":[{"href":"https:\/\/hubsch-interior.com\/fr\/wp-json\/wp\/v2\/product\/1090056","targetHints":{"allow":["GET"]}}],"collection":[{"href":"https:\/\/hubsch-interior.com\/fr\/wp-json\/wp\/v2\/product"}],"about":[{"href":"https:\/\/hubsch-interior.com\/fr\/wp-json\/wp\/v2\/types\/product"}],"wp:featuredmedia":[{"embeddable":true,"href":"https:\/\/hubsch-interior.com\/fr\/wp-json\/wp\/v2\/media\/1112416"}],"wp:attachment":[{"href":"https:\/\/hubsch-interior.com\/fr\/wp-json\/wp\/v2\/media?parent=1090056"}],"wp:term":[{"taxonomy":"product_brand","embeddable":true,"href":"https:\/\/hubsch-interior.com\/fr\/wp-json\/wp\/v2\/product_brand?post=1090056"},{"taxonomy":"product_cat","embeddable":true,"href":"https:\/\/hubsch-interior.com\/fr\/wp-json\/wp\/v2\/product_cat?post=1090056"},{"taxonomy":"product_tag","embeddable":true,"href":"https:\/\/hubsch-interior.com\/fr\/wp-json\/wp\/v2\/product_tag?post=1090056"}],"curies":[{"name":"wp","href":"https:\/\/api.w.org\/{rel}","templated":true}]}}