{"id":1090092,"date":"2026-01-31T05:35:23","date_gmt":"2026-01-31T04:35:23","guid":{"rendered":"https:\/\/hubsch-interior.com\/product\/product\/"},"modified":"2026-04-02T05:28:27","modified_gmt":"2026-04-02T03:28:27","slug":"haus-table-a-manger-large-marron","status":"publish","type":"product","link":"https:\/\/hubsch-interior.com\/fr\/produit\/haus-table-a-manger-large-marron\/","title":{"rendered":"Haus Table \u00e0 manger Large Marron"},"content":{"rendered":"<p>Qu&#8217;est-ce qui rend une table vraiment inoubliable ? La Table \u00e0 manger Haus r\u00e9pond avec force, \u00e9l\u00e9gance et \u00e2me. Confectionn\u00e9e dans une riche teinte marron fonc\u00e9, elle ancre votre espace avec une confiance discr\u00e8te \u2014 robuste dans sa forme, tout en restant assez l\u00e9g\u00e8re pour \u00eatre d\u00e9plac\u00e9e lorsque la vie exige un nouvel agencement. Ses lignes \u00e9pur\u00e9es et droites lui conf\u00e8rent un caract\u00e8re intemporel, tandis que son design spacieux offre de la place tant pour les d\u00eeners quotidiens que pour les moments extraordinaires. Ce n&#8217;est pas seulement une table \u2014 c&#8217;est l\u00e0 o\u00f9 les histoires sont racont\u00e9es, les repas partag\u00e9s et la vie se d\u00e9roule.<\/p>\n","protected":false},"excerpt":{"rendered":"<p>Qu&#8217;est-ce qui rend une table vraiment inoubliable ? La Table \u00e0 manger Haus r\u00e9pond avec force, \u00e9l\u00e9gance et \u00e2me. Confectionn\u00e9e dans une riche teinte marron fonc\u00e9, elle ancre votre espace avec une confiance discr\u00e8te \u2014 robuste dans sa forme, tout en restant assez l\u00e9g\u00e8re pour \u00eatre d\u00e9plac\u00e9e lorsque la vie exige un nouvel agencement. Ses [&hellip;]<\/p>\n","protected":false},"featured_media":1112452,"template":"","meta":{"_acf_changed":false,"inline_featured_image":false},"product_brand":[],"product_cat":[7154,7102,5012],"product_tag":[],"class_list":{"0":"post-1090092","1":"product","2":"type-product","3":"status-publish","4":"has-post-thumbnail","6":"product_cat-dweller-fr","7":"product_cat-tables-de-jardin-fr","8":"product_cat-mobilier-du-jardin-fr","9":"product_shipping_class-p05","11":"pa_color-marron","12":"pa_material-aluminium-fr","14":"first","15":"outofstock","16":"taxable","17":"shipping-taxable","18":"purchasable","19":"product-type-simple"},"exclude_global_add_ons":[],"addons":[],"acf":[],"yoast_head":"<!-- This site is optimized with the Yoast SEO plugin v26.4 - https:\/\/yoast.com\/wordpress\/plugins\/seo\/ -->\n<title>Haus Table \u00e0 manger Large Marron - H\u00fcbsch<\/title>\n<meta name=\"description\" content=\"Qu&#039;est-ce qui rend une table vraiment inoubliable ? La Table \u00e0 manger Haus r\u00e9pond avec force, \u00e9l\u00e9gance et \u00e2me. Confectionn\u00e9e dans une riche teinte marron\" \/>\n<meta name=\"robots\" content=\"index, follow, max-snippet:-1, max-image-preview:large, max-video-preview:-1\" \/>\n<link rel=\"canonical\" href=\"https:\/\/hubsch-interior.com\/fr\/wp-json\/wp\/v2\/product\/1090092\" \/>\n<meta property=\"og:locale\" content=\"fr_FR\" \/>\n<meta property=\"og:type\" content=\"article\" \/>\n<meta property=\"og:title\" content=\"Haus Table \u00e0 manger Large Marron - H\u00fcbsch\" \/>\n<meta property=\"og:description\" content=\"Qu&#039;est-ce qui rend une table vraiment inoubliable ? La Table \u00e0 manger Haus r\u00e9pond avec force, \u00e9l\u00e9gance et \u00e2me. Confectionn\u00e9e dans une riche teinte marron\" \/>\n<meta property=\"og:url\" content=\"https:\/\/hubsch-interior.com\/fr\/produit\/haus-table-a-manger-large-marron\/\" \/>\n<meta property=\"og:site_name\" content=\"H\u00fcbsch\" \/>\n<meta property=\"article:modified_time\" content=\"2026-04-02T03:28:27+00:00\" \/>\n<meta property=\"og:image\" content=\"https:\/\/hubsch-interior.com\/wp-content\/uploads\/2026\/01\/haus-dining-table-large-brown-7e80d545eb0c86da0390b3d79b15fd6a.jpg\" \/>\n\t<meta property=\"og:image:width\" content=\"1200\" \/>\n\t<meta property=\"og:image:height\" content=\"1200\" \/>\n\t<meta property=\"og:image:type\" content=\"image\/jpeg\" \/>\n<meta name=\"twitter:card\" content=\"summary_large_image\" \/>\n<meta name=\"twitter:label1\" content=\"Dur\u00e9e de lecture estim\u00e9e\" \/>\n\t<meta name=\"twitter:data1\" content=\"1 minute\" \/>\n<script type=\"application\/ld+json\" class=\"yoast-schema-graph\">{\"@context\":\"https:\/\/schema.org\",\"@graph\":[{\"@type\":\"WebPage\",\"@id\":\"https:\/\/hubsch-interior.com\/fr\/produit\/haus-table-a-manger-large-marron\/\",\"url\":\"https:\/\/hubsch-interior.com\/fr\/produit\/haus-table-a-manger-large-marron\/\",\"name\":\"Haus Table \u00e0 manger Large Marron - H\u00fcbsch\",\"isPartOf\":{\"@id\":\"https:\/\/hubsch-interior.com\/fr\/#website\"},\"primaryImageOfPage\":{\"@id\":\"https:\/\/hubsch-interior.com\/fr\/produit\/haus-table-a-manger-large-marron\/#primaryimage\"},\"image\":{\"@id\":\"https:\/\/hubsch-interior.com\/fr\/produit\/haus-table-a-manger-large-marron\/#primaryimage\"},\"thumbnailUrl\":\"https:\/\/hubsch-interior.com\/wp-content\/uploads\/2026\/02\/haus-dining-table-large-brown-578779cd52ebd03ac6a245240cb07022.jpg\",\"datePublished\":\"2026-01-31T04:35:23+00:00\",\"dateModified\":\"2026-04-02T03:28:27+00:00\",\"description\":\"Qu'est-ce qui rend une table vraiment inoubliable ? La Table \u00e0 manger Haus r\u00e9pond avec force, \u00e9l\u00e9gance et \u00e2me. Confectionn\u00e9e dans une riche teinte marron\",\"breadcrumb\":{\"@id\":\"https:\/\/hubsch-interior.com\/fr\/produit\/haus-table-a-manger-large-marron\/#breadcrumb\"},\"inLanguage\":\"fr-FR\",\"potentialAction\":[{\"@type\":\"ReadAction\",\"target\":[\"https:\/\/hubsch-interior.com\/fr\/produit\/haus-table-a-manger-large-marron\/\"]}]},{\"@type\":\"ImageObject\",\"inLanguage\":\"fr-FR\",\"@id\":\"https:\/\/hubsch-interior.com\/fr\/produit\/haus-table-a-manger-large-marron\/#primaryimage\",\"url\":\"https:\/\/hubsch-interior.com\/wp-content\/uploads\/2026\/02\/haus-dining-table-large-brown-578779cd52ebd03ac6a245240cb07022.jpg\",\"contentUrl\":\"https:\/\/hubsch-interior.com\/wp-content\/uploads\/2026\/02\/haus-dining-table-large-brown-578779cd52ebd03ac6a245240cb07022.jpg\",\"width\":1024,\"height\":1024},{\"@type\":\"BreadcrumbList\",\"@id\":\"https:\/\/hubsch-interior.com\/fr\/produit\/haus-table-a-manger-large-marron\/#breadcrumb\",\"itemListElement\":[{\"@type\":\"ListItem\",\"position\":1,\"name\":\"Page d'accueil\",\"item\":\"https:\/\/hubsch-interior.com\/fr\/\"},{\"@type\":\"ListItem\",\"position\":2,\"name\":\"Produits\",\"item\":\"https:\/\/hubsch-interior.com\/fr\/shop-2\/\"},{\"@type\":\"ListItem\",\"position\":3,\"name\":\"Haus Table \u00e0 manger Large Marron\"}]},{\"@type\":\"WebSite\",\"@id\":\"https:\/\/hubsch-interior.com\/fr\/#website\",\"url\":\"https:\/\/hubsch-interior.com\/fr\/\",\"name\":\"H\u00fcbsch\",\"description\":\"Danish Home Interior and Design\",\"publisher\":{\"@id\":\"https:\/\/hubsch-interior.com\/fr\/#organization\"},\"potentialAction\":[{\"@type\":\"SearchAction\",\"target\":{\"@type\":\"EntryPoint\",\"urlTemplate\":\"https:\/\/hubsch-interior.com\/fr\/?s={search_term_string}\"},\"query-input\":{\"@type\":\"PropertyValueSpecification\",\"valueRequired\":true,\"valueName\":\"search_term_string\"}}],\"inLanguage\":\"fr-FR\"},{\"@type\":\"Organization\",\"@id\":\"https:\/\/hubsch-interior.com\/fr\/#organization\",\"name\":\"H\u00fcbsch\",\"url\":\"https:\/\/hubsch-interior.com\/fr\/\",\"logo\":{\"@type\":\"ImageObject\",\"inLanguage\":\"fr-FR\",\"@id\":\"https:\/\/hubsch-interior.com\/fr\/#\/schema\/logo\/image\/\",\"url\":\"https:\/\/hubsch-interior.com\/wp-content\/uploads\/2022\/12\/Hubsch_logo_black_one_line.svg\",\"contentUrl\":\"https:\/\/hubsch-interior.com\/wp-content\/uploads\/2022\/12\/Hubsch_logo_black_one_line.svg\",\"caption\":\"H\u00fcbsch\"},\"image\":{\"@id\":\"https:\/\/hubsch-interior.com\/fr\/#\/schema\/logo\/image\/\"}}]}<\/script>\n<!-- \/ Yoast SEO plugin. -->","yoast_head_json":{"title":"Haus Table \u00e0 manger Large Marron - H\u00fcbsch","description":"Qu'est-ce qui rend une table vraiment inoubliable ? La Table \u00e0 manger Haus r\u00e9pond avec force, \u00e9l\u00e9gance et \u00e2me. Confectionn\u00e9e dans une riche teinte marron","robots":{"index":"index","follow":"follow","max-snippet":"max-snippet:-1","max-image-preview":"max-image-preview:large","max-video-preview":"max-video-preview:-1"},"canonical":"https:\/\/hubsch-interior.com\/fr\/wp-json\/wp\/v2\/product\/1090092","og_locale":"fr_FR","og_type":"article","og_title":"Haus Table \u00e0 manger Large Marron - H\u00fcbsch","og_description":"Qu'est-ce qui rend une table vraiment inoubliable ? La Table \u00e0 manger Haus r\u00e9pond avec force, \u00e9l\u00e9gance et \u00e2me. Confectionn\u00e9e dans une riche teinte marron","og_url":"https:\/\/hubsch-interior.com\/fr\/produit\/haus-table-a-manger-large-marron\/","og_site_name":"H\u00fcbsch","article_modified_time":"2026-04-02T03:28:27+00:00","og_image":[{"width":1200,"height":1200,"url":"https:\/\/hubsch-interior.com\/wp-content\/uploads\/2026\/01\/haus-dining-table-large-brown-7e80d545eb0c86da0390b3d79b15fd6a.jpg","type":"image\/jpeg"}],"twitter_card":"summary_large_image","twitter_misc":{"Dur\u00e9e de lecture estim\u00e9e":"1 minute"},"schema":{"@context":"https:\/\/schema.org","@graph":[{"@type":"WebPage","@id":"https:\/\/hubsch-interior.com\/fr\/produit\/haus-table-a-manger-large-marron\/","url":"https:\/\/hubsch-interior.com\/fr\/produit\/haus-table-a-manger-large-marron\/","name":"Haus Table \u00e0 manger Large Marron - H\u00fcbsch","isPartOf":{"@id":"https:\/\/hubsch-interior.com\/fr\/#website"},"primaryImageOfPage":{"@id":"https:\/\/hubsch-interior.com\/fr\/produit\/haus-table-a-manger-large-marron\/#primaryimage"},"image":{"@id":"https:\/\/hubsch-interior.com\/fr\/produit\/haus-table-a-manger-large-marron\/#primaryimage"},"thumbnailUrl":"https:\/\/hubsch-interior.com\/wp-content\/uploads\/2026\/02\/haus-dining-table-large-brown-578779cd52ebd03ac6a245240cb07022.jpg","datePublished":"2026-01-31T04:35:23+00:00","dateModified":"2026-04-02T03:28:27+00:00","description":"Qu'est-ce qui rend une table vraiment inoubliable ? La Table \u00e0 manger Haus r\u00e9pond avec force, \u00e9l\u00e9gance et \u00e2me. Confectionn\u00e9e dans une riche teinte marron","breadcrumb":{"@id":"https:\/\/hubsch-interior.com\/fr\/produit\/haus-table-a-manger-large-marron\/#breadcrumb"},"inLanguage":"fr-FR","potentialAction":[{"@type":"ReadAction","target":["https:\/\/hubsch-interior.com\/fr\/produit\/haus-table-a-manger-large-marron\/"]}]},{"@type":"ImageObject","inLanguage":"fr-FR","@id":"https:\/\/hubsch-interior.com\/fr\/produit\/haus-table-a-manger-large-marron\/#primaryimage","url":"https:\/\/hubsch-interior.com\/wp-content\/uploads\/2026\/02\/haus-dining-table-large-brown-578779cd52ebd03ac6a245240cb07022.jpg","contentUrl":"https:\/\/hubsch-interior.com\/wp-content\/uploads\/2026\/02\/haus-dining-table-large-brown-578779cd52ebd03ac6a245240cb07022.jpg","width":1024,"height":1024},{"@type":"BreadcrumbList","@id":"https:\/\/hubsch-interior.com\/fr\/produit\/haus-table-a-manger-large-marron\/#breadcrumb","itemListElement":[{"@type":"ListItem","position":1,"name":"Page d'accueil","item":"https:\/\/hubsch-interior.com\/fr\/"},{"@type":"ListItem","position":2,"name":"Produits","item":"https:\/\/hubsch-interior.com\/fr\/shop-2\/"},{"@type":"ListItem","position":3,"name":"Haus Table \u00e0 manger Large Marron"}]},{"@type":"WebSite","@id":"https:\/\/hubsch-interior.com\/fr\/#website","url":"https:\/\/hubsch-interior.com\/fr\/","name":"H\u00fcbsch","description":"Danish Home Interior and Design","publisher":{"@id":"https:\/\/hubsch-interior.com\/fr\/#organization"},"potentialAction":[{"@type":"SearchAction","target":{"@type":"EntryPoint","urlTemplate":"https:\/\/hubsch-interior.com\/fr\/?s={search_term_string}"},"query-input":{"@type":"PropertyValueSpecification","valueRequired":true,"valueName":"search_term_string"}}],"inLanguage":"fr-FR"},{"@type":"Organization","@id":"https:\/\/hubsch-interior.com\/fr\/#organization","name":"H\u00fcbsch","url":"https:\/\/hubsch-interior.com\/fr\/","logo":{"@type":"ImageObject","inLanguage":"fr-FR","@id":"https:\/\/hubsch-interior.com\/fr\/#\/schema\/logo\/image\/","url":"https:\/\/hubsch-interior.com\/wp-content\/uploads\/2022\/12\/Hubsch_logo_black_one_line.svg","contentUrl":"https:\/\/hubsch-interior.com\/wp-content\/uploads\/2022\/12\/Hubsch_logo_black_one_line.svg","caption":"H\u00fcbsch"},"image":{"@id":"https:\/\/hubsch-interior.com\/fr\/#\/schema\/logo\/image\/"}}]}},"_links":{"self":[{"href":"https:\/\/hubsch-interior.com\/fr\/wp-json\/wp\/v2\/product\/1090092","targetHints":{"allow":["GET"]}}],"collection":[{"href":"https:\/\/hubsch-interior.com\/fr\/wp-json\/wp\/v2\/product"}],"about":[{"href":"https:\/\/hubsch-interior.com\/fr\/wp-json\/wp\/v2\/types\/product"}],"wp:featuredmedia":[{"embeddable":true,"href":"https:\/\/hubsch-interior.com\/fr\/wp-json\/wp\/v2\/media\/1112452"}],"wp:attachment":[{"href":"https:\/\/hubsch-interior.com\/fr\/wp-json\/wp\/v2\/media?parent=1090092"}],"wp:term":[{"taxonomy":"product_brand","embeddable":true,"href":"https:\/\/hubsch-interior.com\/fr\/wp-json\/wp\/v2\/product_brand?post=1090092"},{"taxonomy":"product_cat","embeddable":true,"href":"https:\/\/hubsch-interior.com\/fr\/wp-json\/wp\/v2\/product_cat?post=1090092"},{"taxonomy":"product_tag","embeddable":true,"href":"https:\/\/hubsch-interior.com\/fr\/wp-json\/wp\/v2\/product_tag?post=1090092"}],"curies":[{"name":"wp","href":"https:\/\/api.w.org\/{rel}","templated":true}]}}