{"id":1090108,"date":"2026-01-31T05:35:34","date_gmt":"2026-01-31T04:35:34","guid":{"rendered":"https:\/\/hubsch-interior.com\/product\/product\/"},"modified":"2026-04-02T05:28:31","modified_gmt":"2026-04-02T03:28:31","slug":"haus-table-a-manger-small-marron","status":"publish","type":"product","link":"https:\/\/hubsch-interior.com\/fr\/produit\/haus-table-a-manger-small-marron\/","title":{"rendered":"Haus Table \u00e0 manger Small Marron"},"content":{"rendered":"<p>De petite taille \u2014 mais d\u2019une pr\u00e9sence remarquable. La Table \u00e0 manger Haus apporte une \u00e9l\u00e9gance intime aux repas quotidiens. Rev\u00eatue d&#8217;un brun profond et raffin\u00e9, elle allie solidit\u00e9 et l\u00e9g\u00e8ret\u00e9 surprenante, facilitant la r\u00e9adaptation de votre espace au gr\u00e9 des changements de la vie. Avec sa silhouette \u00e9pur\u00e9e et lin\u00e9aire, cette table est l\u2019\u00e9crin parfait pour des matins calmes autour d\u2019un caf\u00e9 comme pour des d\u00eeners \u00e0 la lueur des bougies. Un compagnon compact pour des repas partag\u00e9s et des moments significatifs.<\/p>\n","protected":false},"excerpt":{"rendered":"<p>De petite taille \u2014 mais d\u2019une pr\u00e9sence remarquable. La Table \u00e0 manger Haus apporte une \u00e9l\u00e9gance intime aux repas quotidiens. Rev\u00eatue d&#8217;un brun profond et raffin\u00e9, elle allie solidit\u00e9 et l\u00e9g\u00e8ret\u00e9 surprenante, facilitant la r\u00e9adaptation de votre espace au gr\u00e9 des changements de la vie. Avec sa silhouette \u00e9pur\u00e9e et lin\u00e9aire, cette table est l\u2019\u00e9crin [&hellip;]<\/p>\n","protected":false},"featured_media":1112464,"template":"","meta":{"_acf_changed":false,"inline_featured_image":false},"product_brand":[],"product_cat":[7154,7102,5012],"product_tag":[],"class_list":{"0":"post-1090108","1":"product","2":"type-product","3":"status-publish","4":"has-post-thumbnail","6":"product_cat-dweller-fr","7":"product_cat-tables-de-jardin-fr","8":"product_cat-mobilier-du-jardin-fr","9":"product_shipping_class-pk","11":"pa_color-marron","12":"pa_material-aluminium-fr","14":"first","15":"outofstock","16":"taxable","17":"shipping-taxable","18":"purchasable","19":"product-type-simple"},"exclude_global_add_ons":[],"addons":[],"acf":[],"yoast_head":"<!-- This site is optimized with the Yoast SEO plugin v26.4 - https:\/\/yoast.com\/wordpress\/plugins\/seo\/ -->\n<title>Haus Table \u00e0 manger Small Marron - H\u00fcbsch<\/title>\n<meta name=\"description\" content=\"De petite taille \u2014 mais d\u2019une pr\u00e9sence remarquable. La Table \u00e0 manger Haus apporte une \u00e9l\u00e9gance intime aux repas quotidiens. Rev\u00eatue d&#039;un brun profond et\" \/>\n<meta name=\"robots\" content=\"index, follow, max-snippet:-1, max-image-preview:large, max-video-preview:-1\" \/>\n<link rel=\"canonical\" href=\"https:\/\/hubsch-interior.com\/fr\/wp-json\/wp\/v2\/product\/1090108\" \/>\n<meta property=\"og:locale\" content=\"fr_FR\" \/>\n<meta property=\"og:type\" content=\"article\" \/>\n<meta property=\"og:title\" content=\"Haus Table \u00e0 manger Small Marron - H\u00fcbsch\" \/>\n<meta property=\"og:description\" content=\"De petite taille \u2014 mais d\u2019une pr\u00e9sence remarquable. La Table \u00e0 manger Haus apporte une \u00e9l\u00e9gance intime aux repas quotidiens. Rev\u00eatue d&#039;un brun profond et\" \/>\n<meta property=\"og:url\" content=\"https:\/\/hubsch-interior.com\/fr\/produit\/haus-table-a-manger-small-marron\/\" \/>\n<meta property=\"og:site_name\" content=\"H\u00fcbsch\" \/>\n<meta property=\"article:modified_time\" content=\"2026-04-02T03:28:31+00:00\" \/>\n<meta property=\"og:image\" content=\"https:\/\/hubsch-interior.com\/wp-content\/uploads\/2026\/01\/haus-dining-table-small-brown-d528a942ea4961a613bb455ef72cfb02.jpg\" \/>\n\t<meta property=\"og:image:width\" content=\"1200\" \/>\n\t<meta property=\"og:image:height\" content=\"1200\" \/>\n\t<meta property=\"og:image:type\" content=\"image\/jpeg\" \/>\n<meta name=\"twitter:card\" content=\"summary_large_image\" \/>\n<script type=\"application\/ld+json\" class=\"yoast-schema-graph\">{\"@context\":\"https:\/\/schema.org\",\"@graph\":[{\"@type\":\"WebPage\",\"@id\":\"https:\/\/hubsch-interior.com\/fr\/produit\/haus-table-a-manger-small-marron\/\",\"url\":\"https:\/\/hubsch-interior.com\/fr\/produit\/haus-table-a-manger-small-marron\/\",\"name\":\"Haus Table \u00e0 manger Small Marron - H\u00fcbsch\",\"isPartOf\":{\"@id\":\"https:\/\/hubsch-interior.com\/fr\/#website\"},\"primaryImageOfPage\":{\"@id\":\"https:\/\/hubsch-interior.com\/fr\/produit\/haus-table-a-manger-small-marron\/#primaryimage\"},\"image\":{\"@id\":\"https:\/\/hubsch-interior.com\/fr\/produit\/haus-table-a-manger-small-marron\/#primaryimage\"},\"thumbnailUrl\":\"https:\/\/hubsch-interior.com\/wp-content\/uploads\/2026\/02\/haus-dining-table-small-brown-7c85904eedfd4dcebb428b449a38e48c.jpg\",\"datePublished\":\"2026-01-31T04:35:34+00:00\",\"dateModified\":\"2026-04-02T03:28:31+00:00\",\"description\":\"De petite taille \u2014 mais d\u2019une pr\u00e9sence remarquable. La Table \u00e0 manger Haus apporte une \u00e9l\u00e9gance intime aux repas quotidiens. Rev\u00eatue d'un brun profond et\",\"breadcrumb\":{\"@id\":\"https:\/\/hubsch-interior.com\/fr\/produit\/haus-table-a-manger-small-marron\/#breadcrumb\"},\"inLanguage\":\"fr-FR\",\"potentialAction\":[{\"@type\":\"ReadAction\",\"target\":[\"https:\/\/hubsch-interior.com\/fr\/produit\/haus-table-a-manger-small-marron\/\"]}]},{\"@type\":\"ImageObject\",\"inLanguage\":\"fr-FR\",\"@id\":\"https:\/\/hubsch-interior.com\/fr\/produit\/haus-table-a-manger-small-marron\/#primaryimage\",\"url\":\"https:\/\/hubsch-interior.com\/wp-content\/uploads\/2026\/02\/haus-dining-table-small-brown-7c85904eedfd4dcebb428b449a38e48c.jpg\",\"contentUrl\":\"https:\/\/hubsch-interior.com\/wp-content\/uploads\/2026\/02\/haus-dining-table-small-brown-7c85904eedfd4dcebb428b449a38e48c.jpg\",\"width\":1024,\"height\":1024},{\"@type\":\"BreadcrumbList\",\"@id\":\"https:\/\/hubsch-interior.com\/fr\/produit\/haus-table-a-manger-small-marron\/#breadcrumb\",\"itemListElement\":[{\"@type\":\"ListItem\",\"position\":1,\"name\":\"Page d'accueil\",\"item\":\"https:\/\/hubsch-interior.com\/fr\/\"},{\"@type\":\"ListItem\",\"position\":2,\"name\":\"Produits\",\"item\":\"https:\/\/hubsch-interior.com\/fr\/shop-2\/\"},{\"@type\":\"ListItem\",\"position\":3,\"name\":\"Haus Table \u00e0 manger Small Marron\"}]},{\"@type\":\"WebSite\",\"@id\":\"https:\/\/hubsch-interior.com\/fr\/#website\",\"url\":\"https:\/\/hubsch-interior.com\/fr\/\",\"name\":\"H\u00fcbsch\",\"description\":\"Danish Home Interior and Design\",\"publisher\":{\"@id\":\"https:\/\/hubsch-interior.com\/fr\/#organization\"},\"potentialAction\":[{\"@type\":\"SearchAction\",\"target\":{\"@type\":\"EntryPoint\",\"urlTemplate\":\"https:\/\/hubsch-interior.com\/fr\/?s={search_term_string}\"},\"query-input\":{\"@type\":\"PropertyValueSpecification\",\"valueRequired\":true,\"valueName\":\"search_term_string\"}}],\"inLanguage\":\"fr-FR\"},{\"@type\":\"Organization\",\"@id\":\"https:\/\/hubsch-interior.com\/fr\/#organization\",\"name\":\"H\u00fcbsch\",\"url\":\"https:\/\/hubsch-interior.com\/fr\/\",\"logo\":{\"@type\":\"ImageObject\",\"inLanguage\":\"fr-FR\",\"@id\":\"https:\/\/hubsch-interior.com\/fr\/#\/schema\/logo\/image\/\",\"url\":\"https:\/\/hubsch-interior.com\/wp-content\/uploads\/2022\/12\/Hubsch_logo_black_one_line.svg\",\"contentUrl\":\"https:\/\/hubsch-interior.com\/wp-content\/uploads\/2022\/12\/Hubsch_logo_black_one_line.svg\",\"caption\":\"H\u00fcbsch\"},\"image\":{\"@id\":\"https:\/\/hubsch-interior.com\/fr\/#\/schema\/logo\/image\/\"}}]}<\/script>\n<!-- \/ Yoast SEO plugin. -->","yoast_head_json":{"title":"Haus Table \u00e0 manger Small Marron - H\u00fcbsch","description":"De petite taille \u2014 mais d\u2019une pr\u00e9sence remarquable. La Table \u00e0 manger Haus apporte une \u00e9l\u00e9gance intime aux repas quotidiens. Rev\u00eatue d'un brun profond et","robots":{"index":"index","follow":"follow","max-snippet":"max-snippet:-1","max-image-preview":"max-image-preview:large","max-video-preview":"max-video-preview:-1"},"canonical":"https:\/\/hubsch-interior.com\/fr\/wp-json\/wp\/v2\/product\/1090108","og_locale":"fr_FR","og_type":"article","og_title":"Haus Table \u00e0 manger Small Marron - H\u00fcbsch","og_description":"De petite taille \u2014 mais d\u2019une pr\u00e9sence remarquable. La Table \u00e0 manger Haus apporte une \u00e9l\u00e9gance intime aux repas quotidiens. Rev\u00eatue d'un brun profond et","og_url":"https:\/\/hubsch-interior.com\/fr\/produit\/haus-table-a-manger-small-marron\/","og_site_name":"H\u00fcbsch","article_modified_time":"2026-04-02T03:28:31+00:00","og_image":[{"width":1200,"height":1200,"url":"https:\/\/hubsch-interior.com\/wp-content\/uploads\/2026\/01\/haus-dining-table-small-brown-d528a942ea4961a613bb455ef72cfb02.jpg","type":"image\/jpeg"}],"twitter_card":"summary_large_image","schema":{"@context":"https:\/\/schema.org","@graph":[{"@type":"WebPage","@id":"https:\/\/hubsch-interior.com\/fr\/produit\/haus-table-a-manger-small-marron\/","url":"https:\/\/hubsch-interior.com\/fr\/produit\/haus-table-a-manger-small-marron\/","name":"Haus Table \u00e0 manger Small Marron - H\u00fcbsch","isPartOf":{"@id":"https:\/\/hubsch-interior.com\/fr\/#website"},"primaryImageOfPage":{"@id":"https:\/\/hubsch-interior.com\/fr\/produit\/haus-table-a-manger-small-marron\/#primaryimage"},"image":{"@id":"https:\/\/hubsch-interior.com\/fr\/produit\/haus-table-a-manger-small-marron\/#primaryimage"},"thumbnailUrl":"https:\/\/hubsch-interior.com\/wp-content\/uploads\/2026\/02\/haus-dining-table-small-brown-7c85904eedfd4dcebb428b449a38e48c.jpg","datePublished":"2026-01-31T04:35:34+00:00","dateModified":"2026-04-02T03:28:31+00:00","description":"De petite taille \u2014 mais d\u2019une pr\u00e9sence remarquable. La Table \u00e0 manger Haus apporte une \u00e9l\u00e9gance intime aux repas quotidiens. Rev\u00eatue d'un brun profond et","breadcrumb":{"@id":"https:\/\/hubsch-interior.com\/fr\/produit\/haus-table-a-manger-small-marron\/#breadcrumb"},"inLanguage":"fr-FR","potentialAction":[{"@type":"ReadAction","target":["https:\/\/hubsch-interior.com\/fr\/produit\/haus-table-a-manger-small-marron\/"]}]},{"@type":"ImageObject","inLanguage":"fr-FR","@id":"https:\/\/hubsch-interior.com\/fr\/produit\/haus-table-a-manger-small-marron\/#primaryimage","url":"https:\/\/hubsch-interior.com\/wp-content\/uploads\/2026\/02\/haus-dining-table-small-brown-7c85904eedfd4dcebb428b449a38e48c.jpg","contentUrl":"https:\/\/hubsch-interior.com\/wp-content\/uploads\/2026\/02\/haus-dining-table-small-brown-7c85904eedfd4dcebb428b449a38e48c.jpg","width":1024,"height":1024},{"@type":"BreadcrumbList","@id":"https:\/\/hubsch-interior.com\/fr\/produit\/haus-table-a-manger-small-marron\/#breadcrumb","itemListElement":[{"@type":"ListItem","position":1,"name":"Page d'accueil","item":"https:\/\/hubsch-interior.com\/fr\/"},{"@type":"ListItem","position":2,"name":"Produits","item":"https:\/\/hubsch-interior.com\/fr\/shop-2\/"},{"@type":"ListItem","position":3,"name":"Haus Table \u00e0 manger Small Marron"}]},{"@type":"WebSite","@id":"https:\/\/hubsch-interior.com\/fr\/#website","url":"https:\/\/hubsch-interior.com\/fr\/","name":"H\u00fcbsch","description":"Danish Home Interior and Design","publisher":{"@id":"https:\/\/hubsch-interior.com\/fr\/#organization"},"potentialAction":[{"@type":"SearchAction","target":{"@type":"EntryPoint","urlTemplate":"https:\/\/hubsch-interior.com\/fr\/?s={search_term_string}"},"query-input":{"@type":"PropertyValueSpecification","valueRequired":true,"valueName":"search_term_string"}}],"inLanguage":"fr-FR"},{"@type":"Organization","@id":"https:\/\/hubsch-interior.com\/fr\/#organization","name":"H\u00fcbsch","url":"https:\/\/hubsch-interior.com\/fr\/","logo":{"@type":"ImageObject","inLanguage":"fr-FR","@id":"https:\/\/hubsch-interior.com\/fr\/#\/schema\/logo\/image\/","url":"https:\/\/hubsch-interior.com\/wp-content\/uploads\/2022\/12\/Hubsch_logo_black_one_line.svg","contentUrl":"https:\/\/hubsch-interior.com\/wp-content\/uploads\/2022\/12\/Hubsch_logo_black_one_line.svg","caption":"H\u00fcbsch"},"image":{"@id":"https:\/\/hubsch-interior.com\/fr\/#\/schema\/logo\/image\/"}}]}},"_links":{"self":[{"href":"https:\/\/hubsch-interior.com\/fr\/wp-json\/wp\/v2\/product\/1090108","targetHints":{"allow":["GET"]}}],"collection":[{"href":"https:\/\/hubsch-interior.com\/fr\/wp-json\/wp\/v2\/product"}],"about":[{"href":"https:\/\/hubsch-interior.com\/fr\/wp-json\/wp\/v2\/types\/product"}],"wp:featuredmedia":[{"embeddable":true,"href":"https:\/\/hubsch-interior.com\/fr\/wp-json\/wp\/v2\/media\/1112464"}],"wp:attachment":[{"href":"https:\/\/hubsch-interior.com\/fr\/wp-json\/wp\/v2\/media?parent=1090108"}],"wp:term":[{"taxonomy":"product_brand","embeddable":true,"href":"https:\/\/hubsch-interior.com\/fr\/wp-json\/wp\/v2\/product_brand?post=1090108"},{"taxonomy":"product_cat","embeddable":true,"href":"https:\/\/hubsch-interior.com\/fr\/wp-json\/wp\/v2\/product_cat?post=1090108"},{"taxonomy":"product_tag","embeddable":true,"href":"https:\/\/hubsch-interior.com\/fr\/wp-json\/wp\/v2\/product_tag?post=1090108"}],"curies":[{"name":"wp","href":"https:\/\/api.w.org\/{rel}","templated":true}]}}