{"id":1090132,"date":"2026-01-31T05:35:47","date_gmt":"2026-01-31T04:35:47","guid":{"rendered":"https:\/\/hubsch-interior.com\/product\/product\/"},"modified":"2026-04-02T05:28:35","modified_gmt":"2026-04-02T03:28:35","slug":"haus-chaises-de-salle-a-manger-beige","status":"publish","type":"product","link":"https:\/\/hubsch-interior.com\/fr\/produit\/haus-chaises-de-salle-a-manger-beige\/","title":{"rendered":"Haus Chaises de salle \u00e0 manger Beige"},"content":{"rendered":"<p>Une chaise peut-elle \u00eatre aussi apaisante qu&#8217;elle en a l&#8217;air ? La Haus Chaise de salle \u00e0 manger en beige clair doux apporte une sophistication douce \u00e0 votre espace, joliment assortie \u00e0 des coussins aux tons sable pour un aspect ton sur ton et apaisant. Avec ses lignes droites et sa structure soigneusement con\u00e7ue, elle offre une pr\u00e9sence stable tout en restant agr\u00e9ablement l\u00e9g\u00e8re. Con\u00e7ue pour s&#8217;int\u00e9grer harmonieusement dans les int\u00e9rieurs modernes, elle vous invite \u00e0 ralentir et \u00e0 savourer le quotidien \u2014 car le confort ne devrait jamais \u00eatre ordinaire.<\/p>\n","protected":false},"excerpt":{"rendered":"<p>Une chaise peut-elle \u00eatre aussi apaisante qu&#8217;elle en a l&#8217;air ? La Haus Chaise de salle \u00e0 manger en beige clair doux apporte une sophistication douce \u00e0 votre espace, joliment assortie \u00e0 des coussins aux tons sable pour un aspect ton sur ton et apaisant. Avec ses lignes droites et sa structure soigneusement con\u00e7ue, elle [&hellip;]<\/p>\n","protected":false},"featured_media":1112480,"template":"","meta":{"_acf_changed":false,"inline_featured_image":false},"product_brand":[],"product_cat":[7154,7098,5012],"product_tag":[],"class_list":{"0":"post-1090132","1":"product","2":"type-product","3":"status-publish","4":"has-post-thumbnail","6":"product_cat-dweller-fr","7":"product_cat-chaises-de-jardin-fr","8":"product_cat-mobilier-du-jardin-fr","9":"product_shipping_class-pk","11":"pa_color-beige-3","12":"pa_material-aluminium-fr","13":"pa_material-olfine","15":"first","16":"outofstock","17":"taxable","18":"shipping-taxable","19":"purchasable","20":"product-type-simple"},"exclude_global_add_ons":[],"addons":[],"acf":[],"yoast_head":"<!-- This site is optimized with the Yoast SEO plugin v26.4 - https:\/\/yoast.com\/wordpress\/plugins\/seo\/ -->\n<title>Haus Chaises de salle \u00e0 manger Beige - H\u00fcbsch<\/title>\n<meta name=\"description\" content=\"Une chaise peut-elle \u00eatre aussi apaisante qu&#039;elle en a l&#039;air ? La Haus Chaise de salle \u00e0 manger en beige clair doux apporte une sophistication douce \u00e0\" \/>\n<meta name=\"robots\" content=\"index, follow, max-snippet:-1, max-image-preview:large, max-video-preview:-1\" \/>\n<link rel=\"canonical\" href=\"https:\/\/hubsch-interior.com\/fr\/wp-json\/wp\/v2\/product\/1090132\" \/>\n<meta property=\"og:locale\" content=\"fr_FR\" \/>\n<meta property=\"og:type\" content=\"article\" \/>\n<meta property=\"og:title\" content=\"Haus Chaises de salle \u00e0 manger Beige - H\u00fcbsch\" \/>\n<meta property=\"og:description\" content=\"Une chaise peut-elle \u00eatre aussi apaisante qu&#039;elle en a l&#039;air ? La Haus Chaise de salle \u00e0 manger en beige clair doux apporte une sophistication douce \u00e0\" \/>\n<meta property=\"og:url\" content=\"https:\/\/hubsch-interior.com\/fr\/produit\/haus-chaises-de-salle-a-manger-beige\/\" \/>\n<meta property=\"og:site_name\" content=\"H\u00fcbsch\" \/>\n<meta property=\"article:modified_time\" content=\"2026-04-02T03:28:35+00:00\" \/>\n<meta property=\"og:image\" content=\"https:\/\/hubsch-interior.com\/wp-content\/uploads\/2026\/02\/haus-dining-chair-beige-0ee66220470f651b62daab2c9ef8dd57.jpg\" \/>\n\t<meta property=\"og:image:width\" content=\"1024\" \/>\n\t<meta property=\"og:image:height\" content=\"1024\" \/>\n\t<meta property=\"og:image:type\" content=\"image\/jpeg\" \/>\n<meta name=\"twitter:card\" content=\"summary_large_image\" \/>\n<script type=\"application\/ld+json\" class=\"yoast-schema-graph\">{\"@context\":\"https:\/\/schema.org\",\"@graph\":[{\"@type\":\"WebPage\",\"@id\":\"https:\/\/hubsch-interior.com\/fr\/produit\/haus-chaises-de-salle-a-manger-beige\/\",\"url\":\"https:\/\/hubsch-interior.com\/fr\/produit\/haus-chaises-de-salle-a-manger-beige\/\",\"name\":\"Haus Chaises de salle \u00e0 manger Beige - H\u00fcbsch\",\"isPartOf\":{\"@id\":\"https:\/\/hubsch-interior.com\/fr\/#website\"},\"primaryImageOfPage\":{\"@id\":\"https:\/\/hubsch-interior.com\/fr\/produit\/haus-chaises-de-salle-a-manger-beige\/#primaryimage\"},\"image\":{\"@id\":\"https:\/\/hubsch-interior.com\/fr\/produit\/haus-chaises-de-salle-a-manger-beige\/#primaryimage\"},\"thumbnailUrl\":\"https:\/\/hubsch-interior.com\/wp-content\/uploads\/2026\/02\/haus-dining-chair-beige-0ee66220470f651b62daab2c9ef8dd57.jpg\",\"datePublished\":\"2026-01-31T04:35:47+00:00\",\"dateModified\":\"2026-04-02T03:28:35+00:00\",\"description\":\"Une chaise peut-elle \u00eatre aussi apaisante qu'elle en a l'air ? La Haus Chaise de salle \u00e0 manger en beige clair doux apporte une sophistication douce \u00e0\",\"breadcrumb\":{\"@id\":\"https:\/\/hubsch-interior.com\/fr\/produit\/haus-chaises-de-salle-a-manger-beige\/#breadcrumb\"},\"inLanguage\":\"fr-FR\",\"potentialAction\":[{\"@type\":\"ReadAction\",\"target\":[\"https:\/\/hubsch-interior.com\/fr\/produit\/haus-chaises-de-salle-a-manger-beige\/\"]}]},{\"@type\":\"ImageObject\",\"inLanguage\":\"fr-FR\",\"@id\":\"https:\/\/hubsch-interior.com\/fr\/produit\/haus-chaises-de-salle-a-manger-beige\/#primaryimage\",\"url\":\"https:\/\/hubsch-interior.com\/wp-content\/uploads\/2026\/02\/haus-dining-chair-beige-0ee66220470f651b62daab2c9ef8dd57.jpg\",\"contentUrl\":\"https:\/\/hubsch-interior.com\/wp-content\/uploads\/2026\/02\/haus-dining-chair-beige-0ee66220470f651b62daab2c9ef8dd57.jpg\",\"width\":1024,\"height\":1024},{\"@type\":\"BreadcrumbList\",\"@id\":\"https:\/\/hubsch-interior.com\/fr\/produit\/haus-chaises-de-salle-a-manger-beige\/#breadcrumb\",\"itemListElement\":[{\"@type\":\"ListItem\",\"position\":1,\"name\":\"Page d'accueil\",\"item\":\"https:\/\/hubsch-interior.com\/fr\/\"},{\"@type\":\"ListItem\",\"position\":2,\"name\":\"Produits\",\"item\":\"https:\/\/hubsch-interior.com\/fr\/shop-2\/\"},{\"@type\":\"ListItem\",\"position\":3,\"name\":\"Meubles\",\"item\":\"https:\/\/hubsch-interior.com\/fr\/categorie-produit\/meubles\/\"},{\"@type\":\"ListItem\",\"position\":4,\"name\":\"Mobilier du jardin\",\"item\":\"https:\/\/hubsch-interior.com\/fr\/categorie-produit\/meubles\/mobilier-du-jardin-fr\/\"},{\"@type\":\"ListItem\",\"position\":5,\"name\":\"Chaises de jardin\",\"item\":\"https:\/\/hubsch-interior.com\/fr\/categorie-produit\/meubles\/mobilier-du-jardin-fr\/chaises-de-jardin-fr\/\"},{\"@type\":\"ListItem\",\"position\":6,\"name\":\"Haus Chaises de salle \u00e0 manger Beige\"}]},{\"@type\":\"WebSite\",\"@id\":\"https:\/\/hubsch-interior.com\/fr\/#website\",\"url\":\"https:\/\/hubsch-interior.com\/fr\/\",\"name\":\"H\u00fcbsch\",\"description\":\"Danish Home Interior and Design\",\"publisher\":{\"@id\":\"https:\/\/hubsch-interior.com\/fr\/#organization\"},\"potentialAction\":[{\"@type\":\"SearchAction\",\"target\":{\"@type\":\"EntryPoint\",\"urlTemplate\":\"https:\/\/hubsch-interior.com\/fr\/?s={search_term_string}\"},\"query-input\":{\"@type\":\"PropertyValueSpecification\",\"valueRequired\":true,\"valueName\":\"search_term_string\"}}],\"inLanguage\":\"fr-FR\"},{\"@type\":\"Organization\",\"@id\":\"https:\/\/hubsch-interior.com\/fr\/#organization\",\"name\":\"H\u00fcbsch\",\"url\":\"https:\/\/hubsch-interior.com\/fr\/\",\"logo\":{\"@type\":\"ImageObject\",\"inLanguage\":\"fr-FR\",\"@id\":\"https:\/\/hubsch-interior.com\/fr\/#\/schema\/logo\/image\/\",\"url\":\"https:\/\/hubsch-interior.com\/wp-content\/uploads\/2022\/12\/Hubsch_logo_black_one_line.svg\",\"contentUrl\":\"https:\/\/hubsch-interior.com\/wp-content\/uploads\/2022\/12\/Hubsch_logo_black_one_line.svg\",\"caption\":\"H\u00fcbsch\"},\"image\":{\"@id\":\"https:\/\/hubsch-interior.com\/fr\/#\/schema\/logo\/image\/\"}}]}<\/script>\n<!-- \/ Yoast SEO plugin. -->","yoast_head_json":{"title":"Haus Chaises de salle \u00e0 manger Beige - H\u00fcbsch","description":"Une chaise peut-elle \u00eatre aussi apaisante qu'elle en a l'air ? La Haus Chaise de salle \u00e0 manger en beige clair doux apporte une sophistication douce \u00e0","robots":{"index":"index","follow":"follow","max-snippet":"max-snippet:-1","max-image-preview":"max-image-preview:large","max-video-preview":"max-video-preview:-1"},"canonical":"https:\/\/hubsch-interior.com\/fr\/wp-json\/wp\/v2\/product\/1090132","og_locale":"fr_FR","og_type":"article","og_title":"Haus Chaises de salle \u00e0 manger Beige - H\u00fcbsch","og_description":"Une chaise peut-elle \u00eatre aussi apaisante qu'elle en a l'air ? La Haus Chaise de salle \u00e0 manger en beige clair doux apporte une sophistication douce \u00e0","og_url":"https:\/\/hubsch-interior.com\/fr\/produit\/haus-chaises-de-salle-a-manger-beige\/","og_site_name":"H\u00fcbsch","article_modified_time":"2026-04-02T03:28:35+00:00","og_image":[{"width":1024,"height":1024,"url":"https:\/\/hubsch-interior.com\/wp-content\/uploads\/2026\/02\/haus-dining-chair-beige-0ee66220470f651b62daab2c9ef8dd57.jpg","type":"image\/jpeg"}],"twitter_card":"summary_large_image","schema":{"@context":"https:\/\/schema.org","@graph":[{"@type":"WebPage","@id":"https:\/\/hubsch-interior.com\/fr\/produit\/haus-chaises-de-salle-a-manger-beige\/","url":"https:\/\/hubsch-interior.com\/fr\/produit\/haus-chaises-de-salle-a-manger-beige\/","name":"Haus Chaises de salle \u00e0 manger Beige - H\u00fcbsch","isPartOf":{"@id":"https:\/\/hubsch-interior.com\/fr\/#website"},"primaryImageOfPage":{"@id":"https:\/\/hubsch-interior.com\/fr\/produit\/haus-chaises-de-salle-a-manger-beige\/#primaryimage"},"image":{"@id":"https:\/\/hubsch-interior.com\/fr\/produit\/haus-chaises-de-salle-a-manger-beige\/#primaryimage"},"thumbnailUrl":"https:\/\/hubsch-interior.com\/wp-content\/uploads\/2026\/02\/haus-dining-chair-beige-0ee66220470f651b62daab2c9ef8dd57.jpg","datePublished":"2026-01-31T04:35:47+00:00","dateModified":"2026-04-02T03:28:35+00:00","description":"Une chaise peut-elle \u00eatre aussi apaisante qu'elle en a l'air ? La Haus Chaise de salle \u00e0 manger en beige clair doux apporte une sophistication douce \u00e0","breadcrumb":{"@id":"https:\/\/hubsch-interior.com\/fr\/produit\/haus-chaises-de-salle-a-manger-beige\/#breadcrumb"},"inLanguage":"fr-FR","potentialAction":[{"@type":"ReadAction","target":["https:\/\/hubsch-interior.com\/fr\/produit\/haus-chaises-de-salle-a-manger-beige\/"]}]},{"@type":"ImageObject","inLanguage":"fr-FR","@id":"https:\/\/hubsch-interior.com\/fr\/produit\/haus-chaises-de-salle-a-manger-beige\/#primaryimage","url":"https:\/\/hubsch-interior.com\/wp-content\/uploads\/2026\/02\/haus-dining-chair-beige-0ee66220470f651b62daab2c9ef8dd57.jpg","contentUrl":"https:\/\/hubsch-interior.com\/wp-content\/uploads\/2026\/02\/haus-dining-chair-beige-0ee66220470f651b62daab2c9ef8dd57.jpg","width":1024,"height":1024},{"@type":"BreadcrumbList","@id":"https:\/\/hubsch-interior.com\/fr\/produit\/haus-chaises-de-salle-a-manger-beige\/#breadcrumb","itemListElement":[{"@type":"ListItem","position":1,"name":"Page d'accueil","item":"https:\/\/hubsch-interior.com\/fr\/"},{"@type":"ListItem","position":2,"name":"Produits","item":"https:\/\/hubsch-interior.com\/fr\/shop-2\/"},{"@type":"ListItem","position":3,"name":"Meubles","item":"https:\/\/hubsch-interior.com\/fr\/categorie-produit\/meubles\/"},{"@type":"ListItem","position":4,"name":"Mobilier du jardin","item":"https:\/\/hubsch-interior.com\/fr\/categorie-produit\/meubles\/mobilier-du-jardin-fr\/"},{"@type":"ListItem","position":5,"name":"Chaises de jardin","item":"https:\/\/hubsch-interior.com\/fr\/categorie-produit\/meubles\/mobilier-du-jardin-fr\/chaises-de-jardin-fr\/"},{"@type":"ListItem","position":6,"name":"Haus Chaises de salle \u00e0 manger Beige"}]},{"@type":"WebSite","@id":"https:\/\/hubsch-interior.com\/fr\/#website","url":"https:\/\/hubsch-interior.com\/fr\/","name":"H\u00fcbsch","description":"Danish Home Interior and Design","publisher":{"@id":"https:\/\/hubsch-interior.com\/fr\/#organization"},"potentialAction":[{"@type":"SearchAction","target":{"@type":"EntryPoint","urlTemplate":"https:\/\/hubsch-interior.com\/fr\/?s={search_term_string}"},"query-input":{"@type":"PropertyValueSpecification","valueRequired":true,"valueName":"search_term_string"}}],"inLanguage":"fr-FR"},{"@type":"Organization","@id":"https:\/\/hubsch-interior.com\/fr\/#organization","name":"H\u00fcbsch","url":"https:\/\/hubsch-interior.com\/fr\/","logo":{"@type":"ImageObject","inLanguage":"fr-FR","@id":"https:\/\/hubsch-interior.com\/fr\/#\/schema\/logo\/image\/","url":"https:\/\/hubsch-interior.com\/wp-content\/uploads\/2022\/12\/Hubsch_logo_black_one_line.svg","contentUrl":"https:\/\/hubsch-interior.com\/wp-content\/uploads\/2022\/12\/Hubsch_logo_black_one_line.svg","caption":"H\u00fcbsch"},"image":{"@id":"https:\/\/hubsch-interior.com\/fr\/#\/schema\/logo\/image\/"}}]}},"_links":{"self":[{"href":"https:\/\/hubsch-interior.com\/fr\/wp-json\/wp\/v2\/product\/1090132","targetHints":{"allow":["GET"]}}],"collection":[{"href":"https:\/\/hubsch-interior.com\/fr\/wp-json\/wp\/v2\/product"}],"about":[{"href":"https:\/\/hubsch-interior.com\/fr\/wp-json\/wp\/v2\/types\/product"}],"wp:featuredmedia":[{"embeddable":true,"href":"https:\/\/hubsch-interior.com\/fr\/wp-json\/wp\/v2\/media\/1112480"}],"wp:attachment":[{"href":"https:\/\/hubsch-interior.com\/fr\/wp-json\/wp\/v2\/media?parent=1090132"}],"wp:term":[{"taxonomy":"product_brand","embeddable":true,"href":"https:\/\/hubsch-interior.com\/fr\/wp-json\/wp\/v2\/product_brand?post=1090132"},{"taxonomy":"product_cat","embeddable":true,"href":"https:\/\/hubsch-interior.com\/fr\/wp-json\/wp\/v2\/product_cat?post=1090132"},{"taxonomy":"product_tag","embeddable":true,"href":"https:\/\/hubsch-interior.com\/fr\/wp-json\/wp\/v2\/product_tag?post=1090132"}],"curies":[{"name":"wp","href":"https:\/\/api.w.org\/{rel}","templated":true}]}}